{"id":197692,"date":"2023-11-02T15:36:56","date_gmt":"2023-11-02T14:36:56","guid":{"rendered":"https:\/\/reassurez-moi.fr\/guide\/?page_id=197692"},"modified":"2026-02-02T14:55:03","modified_gmt":"2026-02-02T13:55:03","slug":"quittance-loyer","status":"publish","type":"page","link":"https:\/\/guide.reassurez-moi.fr\/guide\/pret-immobilier\/immobilier\/modele\/quittance-loyer","title":{"rendered":"Immobilier &#8211; Mod\u00e8le &#8211; Quittance de loyer"},"content":{"rendered":"\n<h1 class=\"wp-block-heading\">Mod\u00e8le de quittance de loyer  <\/h1>\n\n\n\n<p><strong>La quittance de loyer est un document qui atteste du paiement du loyer par le locataire au bailleur. Elle doit \u00eatre remise gratuitement au locataire d\u00e8s lors qu&rsquo;il en fait la demande. Pour vous faciliter la t\u00e2che et vous assurer de n&rsquo;omettre aucune mention l\u00e9gale, nous vous proposons ci-dessous un mod\u00e8le de quittance de loyer pr\u00eat \u00e0 \u00eatre t\u00e9l\u00e9charg\u00e9 et compl\u00e9t\u00e9. <\/strong><\/p>\n\n\n\n<h2 class=\"wp-block-heading\">Quittance de loyer : mod\u00e8le gratuit \u00e0 t\u00e9l\u00e9charger <\/h2>\n\n\n\n<p>Vous pouvez t\u00e9l\u00e9charger ci-dessous notre mod\u00e8le de quittance de loyer :<\/p>\n\n\n\n<div class=\"wp-block-image\"><figure class=\"aligncenter size-large is-resized\"><a href=\"https:\/\/guide.reassurez-moi.fr\/guide\/wp-content\/uploads\/2023\/11\/quittance-de-loyer-modele.docx\"><img loading=\"lazy\" decoding=\"async\" src=\"https:\/\/guide.reassurez-moi.fr\/guide\/wp-content\/uploads\/2023\/11\/Capture-de\u0301cran-2023-11-02-a\u0300-15.13.44-351x500.png\" alt=\"modele quittance loyer\" class=\"wp-image-197693\" width=\"176\" height=\"250\" srcset=\"https:\/\/guide.reassurez-moi.fr\/guide\/wp-content\/uploads\/2023\/11\/Capture-de\u0301cran-2023-11-02-a\u0300-15.13.44-351x500.png 351w, https:\/\/guide.reassurez-moi.fr\/guide\/wp-content\/uploads\/2023\/11\/Capture-de\u0301cran-2023-11-02-a\u0300-15.13.44-210x300.png 210w, https:\/\/guide.reassurez-moi.fr\/guide\/wp-content\/uploads\/2023\/11\/Capture-de\u0301cran-2023-11-02-a\u0300-15.13.44-768x1096.png 768w, https:\/\/guide.reassurez-moi.fr\/guide\/wp-content\/uploads\/2023\/11\/Capture-de\u0301cran-2023-11-02-a\u0300-15.13.44.png 802w\" sizes=\"auto, (max-width: 176px) 100vw, 176px\" \/><\/a><\/figure><\/div>\n\n\n\n<div class=\"wp-block-buttons is-content-justification-center is-layout-flex wp-container-core-buttons-is-layout-16018d1d wp-block-buttons-is-layout-flex\">\n<div class=\"wp-block-button is-style-rm-button-blue\"><a class=\"wp-block-button__link\" href=\"https:\/\/guide.reassurez-moi.fr\/guide\/wp-content\/uploads\/2023\/11\/quittance-de-loyer-modele.docx\">Quittance de loyer (format Word)<\/a><\/div>\n<\/div>\n\n\n\n<h2 class=\"wp-block-heading\">La quittance de loyer est-elle obligatoire ?<\/h2>\n\n\n\n<p><strong>La quittance de loyer est un document officiel attestant qu&rsquo;un locataire a bien r\u00e9gl\u00e9 son loyer et ses charges \u00e0 son bailleur pour une p\u00e9riode donn\u00e9e.<\/strong> En France, le bailleur a l&rsquo;obligation l\u00e9gale de fournir une quittance de loyer \u00e0 son locataire, mais uniquement si ce dernier en fait la demande. Il est donc essentiel pour les locataires de savoir qu&rsquo;ils ont le droit de r\u00e9clamer ce document \u00e0 chaque paiement mensuel.<\/p>\n\n\n\n<p><strong>De plus, la fourniture de cette quittance est enti\u00e8rement gratuite<\/strong>. Le bailleur ne peut exiger aucune somme d&rsquo;argent ou frais pour sa d\u00e9livrance.<\/p>\n\n\n\n<p><strong>Pour le locataire, conserver ses quittances est crucial. <\/strong>Elles font office de preuve en cas de litige concernant les paiements et peuvent \u00eatre requises lors de d\u00e9marches administratives, comme une demande de <a href=\"https:\/\/reassurez-moi.fr\/guide\/pret-immobilier\/logement-social\">logement social<\/a> ou la constitution d&rsquo;un dossier de pr\u00eat.<\/p>\n\n\n\n<p><strong>Il est donc recommand\u00e9 aux bailleurs de fournir syst\u00e9matiquement <\/strong>une quittance apr\u00e8s chaque paiement et aux locataires de la conserver soigneusement. Aujourd&rsquo;hui, de plus en plus de bailleurs proposent des quittances d\u00e9mat\u00e9rialis\u00e9es, mais leur valeur l\u00e9gale reste identique \u00e0 celle des quittances papier.<\/p>\n\n\n\n<div style=\"height:100px\" aria-hidden=\"true\" class=\"wp-block-spacer\"><\/div>\n","protected":false},"excerpt":{"rendered":"<p>Mod\u00e8le de quittance de loyer La quittance de loyer est un document qui atteste du paiement du loyer par le locataire au bailleur. Elle doit \u00eatre remise gratuitement au locataire d\u00e8s lors qu&rsquo;il en fait la demande. Pour vous faciliter la t\u00e2che et vous assurer de n&rsquo;omettre aucune mention l\u00e9gale, nous vous proposons ci-dessous un\u2026<\/p>\n","protected":false},"author":67,"featured_media":0,"parent":167970,"menu_order":0,"comment_status":"open","ping_status":"closed","template":"","meta":{"_acf_changed":false,"footnotes":""},"categories":[],"page_topic":[554],"class_list":["post-197692","page","type-page","status-publish","hentry"],"yoast_head":"<!-- This site is optimized with the Yoast SEO plugin v24.7 - https:\/\/yoast.com\/wordpress\/plugins\/seo\/ -->\n<title>Quittance de loyer : mod\u00e8le gratuit \u00e0 t\u00e9l\u00e9charger<\/title>\n<meta name=\"description\" content=\"Mod\u00e8le de quittance de loyer pr\u00eat \u00e0 l&#039;emploi. Conforme aux exigences l\u00e9gales, il est simple \u00e0 remplir et \u00e0 utiliser.\" \/>\n<meta name=\"robots\" content=\"index, follow, max-snippet:-1, max-image-preview:large, max-video-preview:-1\" \/>\n<link rel=\"canonical\" href=\"https:\/\/guide.reassurez-moi.fr\/guide\/pret-immobilier\/immobilier\/modele\/quittance-loyer\" \/>\n<meta property=\"og:locale\" content=\"fr_FR\" \/>\n<meta property=\"og:type\" content=\"article\" \/>\n<meta property=\"og:title\" content=\"Quittance de loyer : mod\u00e8le gratuit \u00e0 t\u00e9l\u00e9charger\" \/>\n<meta property=\"og:description\" content=\"Mod\u00e8le de quittance de loyer pr\u00eat \u00e0 l&#039;emploi. Conforme aux exigences l\u00e9gales, il est simple \u00e0 remplir et \u00e0 utiliser.\" \/>\n<meta property=\"og:url\" content=\"https:\/\/guide.reassurez-moi.fr\/guide\/pret-immobilier\/immobilier\/modele\/quittance-loyer\" \/>\n<meta property=\"og:site_name\" content=\"R\u00e9assurez-moi\" \/>\n<meta property=\"article:publisher\" content=\"https:\/\/www.facebook.com\/R%c3%a9assurez-moi-209456495889479\/\" \/>\n<meta property=\"article:modified_time\" content=\"2026-02-02T13:55:03+00:00\" \/>\n<meta property=\"og:image\" content=\"https:\/\/guide.reassurez-moi.fr\/guide\/wp-content\/uploads\/2018\/04\/image-de-partage.png\" \/>\n\t<meta property=\"og:image:width\" content=\"500\" \/>\n\t<meta property=\"og:image:height\" content=\"160\" \/>\n\t<meta property=\"og:image:type\" content=\"image\/png\" \/>\n<meta name=\"twitter:card\" content=\"summary_large_image\" \/>\n<meta name=\"twitter:site\" content=\"@reassurezmoi\" \/>\n<meta name=\"twitter:label1\" content=\"Dur\u00e9e de lecture estim\u00e9e\" \/>\n\t<meta name=\"twitter:data1\" content=\"2 minutes\" \/>\n<script type=\"application\/ld+json\" class=\"yoast-schema-graph\">{\"@context\":\"https:\/\/schema.org\",\"@graph\":[{\"@type\":\"WebPage\",\"@id\":\"https:\/\/guide.reassurez-moi.fr\/guide\/pret-immobilier\/immobilier\/modele\/quittance-loyer\",\"url\":\"https:\/\/guide.reassurez-moi.fr\/guide\/pret-immobilier\/immobilier\/modele\/quittance-loyer\",\"name\":\"Quittance de loyer : mod\u00e8le gratuit \u00e0 t\u00e9l\u00e9charger\",\"isPartOf\":{\"@id\":\"https:\/\/guide.reassurez-moi.fr\/guide\/#website\"},\"datePublished\":\"2023-11-02T14:36:56+00:00\",\"dateModified\":\"2026-02-02T13:55:03+00:00\",\"description\":\"Mod\u00e8le de quittance de loyer pr\u00eat \u00e0 l'emploi. Conforme aux exigences l\u00e9gales, il est simple \u00e0 remplir et \u00e0 utiliser.\",\"breadcrumb\":{\"@id\":\"https:\/\/guide.reassurez-moi.fr\/guide\/pret-immobilier\/immobilier\/modele\/quittance-loyer#breadcrumb\"},\"inLanguage\":\"fr-FR\",\"potentialAction\":[{\"@type\":\"ReadAction\",\"target\":[\"https:\/\/guide.reassurez-moi.fr\/guide\/pret-immobilier\/immobilier\/modele\/quittance-loyer\"]}]},{\"@type\":\"BreadcrumbList\",\"@id\":\"https:\/\/guide.reassurez-moi.fr\/guide\/pret-immobilier\/immobilier\/modele\/quittance-loyer#breadcrumb\",\"itemListElement\":[{\"@type\":\"ListItem\",\"position\":1,\"name\":\"Assurances\",\"item\":\"https:\/\/guide.reassurez-moi.fr\/guide\/\"},{\"@type\":\"ListItem\",\"position\":2,\"name\":\"Pr\u00eat immobilier\",\"item\":\"https:\/\/guide.reassurez-moi.fr\/guide\/pret-immobilier\"},{\"@type\":\"ListItem\",\"position\":3,\"name\":\"Achat immobilier\",\"item\":\"https:\/\/guide.reassurez-moi.fr\/guide\/pret-immobilier\/immobilier\"},{\"@type\":\"ListItem\",\"position\":4,\"name\":\"Mod\u00e8les\",\"item\":\"https:\/\/guide.reassurez-moi.fr\/guide\/pret-immobilier\/immobilier\/modele\"},{\"@type\":\"ListItem\",\"position\":5,\"name\":\"Quittance de loyer\"}]},{\"@type\":\"WebSite\",\"@id\":\"https:\/\/guide.reassurez-moi.fr\/guide\/#website\",\"url\":\"https:\/\/guide.reassurez-moi.fr\/guide\/\",\"name\":\"R\u00e9assurez-moi\",\"description\":\"Comparateur d&#039;assurances\",\"potentialAction\":[{\"@type\":\"SearchAction\",\"target\":{\"@type\":\"EntryPoint\",\"urlTemplate\":\"https:\/\/guide.reassurez-moi.fr\/guide\/?s={search_term_string}\"},\"query-input\":{\"@type\":\"PropertyValueSpecification\",\"valueRequired\":true,\"valueName\":\"search_term_string\"}}],\"inLanguage\":\"fr-FR\"}]}<\/script>\n<!-- \/ Yoast SEO plugin. -->","yoast_head_json":{"title":"Quittance de loyer : mod\u00e8le gratuit \u00e0 t\u00e9l\u00e9charger","description":"Mod\u00e8le de quittance de loyer pr\u00eat \u00e0 l'emploi. Conforme aux exigences l\u00e9gales, il est simple \u00e0 remplir et \u00e0 utiliser.","robots":{"index":"index","follow":"follow","max-snippet":"max-snippet:-1","max-image-preview":"max-image-preview:large","max-video-preview":"max-video-preview:-1"},"canonical":"https:\/\/guide.reassurez-moi.fr\/guide\/pret-immobilier\/immobilier\/modele\/quittance-loyer","og_locale":"fr_FR","og_type":"article","og_title":"Quittance de loyer : mod\u00e8le gratuit \u00e0 t\u00e9l\u00e9charger","og_description":"Mod\u00e8le de quittance de loyer pr\u00eat \u00e0 l'emploi. Conforme aux exigences l\u00e9gales, il est simple \u00e0 remplir et \u00e0 utiliser.","og_url":"https:\/\/guide.reassurez-moi.fr\/guide\/pret-immobilier\/immobilier\/modele\/quittance-loyer","og_site_name":"R\u00e9assurez-moi","article_publisher":"https:\/\/www.facebook.com\/R%c3%a9assurez-moi-209456495889479\/","article_modified_time":"2026-02-02T13:55:03+00:00","og_image":[{"width":500,"height":160,"url":"https:\/\/guide.reassurez-moi.fr\/guide\/wp-content\/uploads\/2018\/04\/image-de-partage.png","type":"image\/png"}],"twitter_card":"summary_large_image","twitter_site":"@reassurezmoi","twitter_misc":{"Dur\u00e9e de lecture estim\u00e9e":"2 minutes"},"schema":{"@context":"https:\/\/schema.org","@graph":[{"@type":"WebPage","@id":"https:\/\/guide.reassurez-moi.fr\/guide\/pret-immobilier\/immobilier\/modele\/quittance-loyer","url":"https:\/\/guide.reassurez-moi.fr\/guide\/pret-immobilier\/immobilier\/modele\/quittance-loyer","name":"Quittance de loyer : mod\u00e8le gratuit \u00e0 t\u00e9l\u00e9charger","isPartOf":{"@id":"https:\/\/guide.reassurez-moi.fr\/guide\/#website"},"datePublished":"2023-11-02T14:36:56+00:00","dateModified":"2026-02-02T13:55:03+00:00","description":"Mod\u00e8le de quittance de loyer pr\u00eat \u00e0 l'emploi. Conforme aux exigences l\u00e9gales, il est simple \u00e0 remplir et \u00e0 utiliser.","breadcrumb":{"@id":"https:\/\/guide.reassurez-moi.fr\/guide\/pret-immobilier\/immobilier\/modele\/quittance-loyer#breadcrumb"},"inLanguage":"fr-FR","potentialAction":[{"@type":"ReadAction","target":["https:\/\/guide.reassurez-moi.fr\/guide\/pret-immobilier\/immobilier\/modele\/quittance-loyer"]}]},{"@type":"BreadcrumbList","@id":"https:\/\/guide.reassurez-moi.fr\/guide\/pret-immobilier\/immobilier\/modele\/quittance-loyer#breadcrumb","itemListElement":[{"@type":"ListItem","position":1,"name":"Assurances","item":"https:\/\/guide.reassurez-moi.fr\/guide\/"},{"@type":"ListItem","position":2,"name":"Pr\u00eat immobilier","item":"https:\/\/guide.reassurez-moi.fr\/guide\/pret-immobilier"},{"@type":"ListItem","position":3,"name":"Achat immobilier","item":"https:\/\/guide.reassurez-moi.fr\/guide\/pret-immobilier\/immobilier"},{"@type":"ListItem","position":4,"name":"Mod\u00e8les","item":"https:\/\/guide.reassurez-moi.fr\/guide\/pret-immobilier\/immobilier\/modele"},{"@type":"ListItem","position":5,"name":"Quittance de loyer"}]},{"@type":"WebSite","@id":"https:\/\/guide.reassurez-moi.fr\/guide\/#website","url":"https:\/\/guide.reassurez-moi.fr\/guide\/","name":"R\u00e9assurez-moi","description":"Comparateur d&#039;assurances","potentialAction":[{"@type":"SearchAction","target":{"@type":"EntryPoint","urlTemplate":"https:\/\/guide.reassurez-moi.fr\/guide\/?s={search_term_string}"},"query-input":{"@type":"PropertyValueSpecification","valueRequired":true,"valueName":"search_term_string"}}],"inLanguage":"fr-FR"}]}},"acf":[],"_links":{"self":[{"href":"https:\/\/guide.reassurez-moi.fr\/guide\/wp-json\/wp\/v2\/pages\/197692","targetHints":{"allow":["GET"]}}],"collection":[{"href":"https:\/\/guide.reassurez-moi.fr\/guide\/wp-json\/wp\/v2\/pages"}],"about":[{"href":"https:\/\/guide.reassurez-moi.fr\/guide\/wp-json\/wp\/v2\/types\/page"}],"author":[{"embeddable":true,"href":"https:\/\/guide.reassurez-moi.fr\/guide\/wp-json\/wp\/v2\/users\/67"}],"replies":[{"embeddable":true,"href":"https:\/\/guide.reassurez-moi.fr\/guide\/wp-json\/wp\/v2\/comments?post=197692"}],"version-history":[{"count":3,"href":"https:\/\/guide.reassurez-moi.fr\/guide\/wp-json\/wp\/v2\/pages\/197692\/revisions"}],"predecessor-version":[{"id":215436,"href":"https:\/\/guide.reassurez-moi.fr\/guide\/wp-json\/wp\/v2\/pages\/197692\/revisions\/215436"}],"up":[{"embeddable":true,"href":"https:\/\/guide.reassurez-moi.fr\/guide\/wp-json\/wp\/v2\/pages\/167970"}],"wp:attachment":[{"href":"https:\/\/guide.reassurez-moi.fr\/guide\/wp-json\/wp\/v2\/media?parent=197692"}],"wp:term":[{"taxonomy":"category","embeddable":true,"href":"https:\/\/guide.reassurez-moi.fr\/guide\/wp-json\/wp\/v2\/categories?post=197692"},{"taxonomy":"page_topic","embeddable":true,"href":"https:\/\/guide.reassurez-moi.fr\/guide\/wp-json\/wp\/v2\/page_topic?post=197692"}],"curies":[{"name":"wp","href":"https:\/\/api.w.org\/{rel}","templated":true}]}}