{"id":197807,"date":"2023-11-07T15:30:40","date_gmt":"2023-11-07T14:30:40","guid":{"rendered":"https:\/\/reassurez-moi.fr\/guide\/?page_id=197807"},"modified":"2026-02-02T16:35:15","modified_gmt":"2026-02-02T15:35:15","slug":"modele-testament-authentique","status":"publish","type":"page","link":"https:\/\/guide.reassurez-moi.fr\/guide\/assurance-deces\/modele-testament-authentique","title":{"rendered":"Assurance d\u00e9c\u00e8s &#8211; Mod\u00e8le de testament authentique"},"content":{"rendered":"\n<h1 class=\"wp-block-heading\">Mod\u00e8le de testament authentique<\/h1>\n\n\n\n<p><strong>Bien pr\u00e9parer sa succession est un acte r\u00e9fl\u00e9chi et crucial. Nous mettons \u00e0 votre disposition un mod\u00e8le de testament authentique, conforme \u00e0 la l\u00e9gislation fran\u00e7aise, pour formaliser vos derni\u00e8res volont\u00e9s. Ce document est con\u00e7u pour \u00eatre \u00e0 la fois complet et facile \u00e0 utiliser, vous permettant d&rsquo;aborder cette \u00e9tape avec s\u00e9r\u00e9nit\u00e9. Nous vous recommandons de remplir ce mod\u00e8le en pr\u00e9sence de votre notaire, qui veillera \u00e0 la validit\u00e9 et \u00e0 la pertinence de vos choix.<\/strong><\/p>\n\n\n\n<h2 class=\"wp-block-heading\">Notre mod\u00e8le de testament authentique \u00e0 t\u00e9l\u00e9charger <\/h2>\n\n\n\n<p><strong>Vous pouvez t\u00e9l\u00e9charger ci-dessous<\/strong>&nbsp;notre mod\u00e8le de testament authentique :<\/p>\n\n\n\n<div class=\"wp-block-image\"><figure class=\"aligncenter size-large is-resized\"><a href=\"https:\/\/guide.reassurez-moi.fr\/guide\/wp-content\/uploads\/2023\/11\/MODE\u0300LE-DE-TESTAMENT-AUTHENTIQUE-1.docx\"><img loading=\"lazy\" decoding=\"async\" src=\"https:\/\/guide.reassurez-moi.fr\/guide\/wp-content\/uploads\/2023\/11\/modele_testament_authentique-355x500.png\" alt=\"modele testament authentique\" class=\"wp-image-197794\" width=\"246\" height=\"347\" srcset=\"https:\/\/guide.reassurez-moi.fr\/guide\/wp-content\/uploads\/2023\/11\/modele_testament_authentique-355x500.png 355w, https:\/\/guide.reassurez-moi.fr\/guide\/wp-content\/uploads\/2023\/11\/modele_testament_authentique-213x300.png 213w, https:\/\/guide.reassurez-moi.fr\/guide\/wp-content\/uploads\/2023\/11\/modele_testament_authentique-768x1082.png 768w, https:\/\/guide.reassurez-moi.fr\/guide\/wp-content\/uploads\/2023\/11\/modele_testament_authentique.png 806w\" sizes=\"auto, (max-width: 246px) 100vw, 246px\" \/><\/a><\/figure><\/div>\n\n\n\n<div class=\"wp-block-buttons is-layout-flex wp-block-buttons-is-layout-flex\">\n<div class=\"wp-block-button aligncenter is-style-rm-button-blue\"><a class=\"wp-block-button__link\" href=\"https:\/\/guide.reassurez-moi.fr\/guide\/wp-content\/uploads\/2023\/11\/MODE\u0300LE-DE-TESTAMENT-AUTHENTIQUE-1.docx\">Mod\u00e8le de testament authentique (Word)<\/a><\/div>\n<\/div>\n\n\n\n<h2 class=\"wp-block-heading\">Qu&rsquo;est-ce qu&rsquo;un testament authentique ?<\/h2>\n\n\n\n<p><strong>Le testament authentique est un document juridique r\u00e9dig\u00e9 et attest\u00e9 par un notaire en pr\u00e9sence de deux t\u00e9moins ou d&rsquo;un second notaire.<\/strong> Cette forme de testament garantit la conformit\u00e9 des derni\u00e8res volont\u00e9s du testateur aux exigences l\u00e9gales fran\u00e7aises. Sa r\u00e9daction sous supervision notariale assure l&rsquo;authenticit\u00e9 et la clart\u00e9 des dispositions, et sa conservation dans le fichier central des dispositions de derni\u00e8res volont\u00e9s pr\u00e9vient toute perte ou destruction. Ce testament est particuli\u00e8rement recommand\u00e9 pour sa solidit\u00e9 juridique, offrant ainsi une tranquillit\u00e9 d&rsquo;esprit quant \u00e0 la p\u00e9rennit\u00e9 et le respect de ses choix apr\u00e8s son d\u00e9c\u00e8s.<\/p>\n\n\n\n<div style=\"height:50px\" aria-hidden=\"true\" class=\"wp-block-spacer\"><\/div>\n\n\n\n<div class=\"wp-block-rm-advertizing-block fix-in-sidebar advertising-block-sidebar-item\">\n    <div class=\"image-container flex justify-center align-items-center\">\n        <img decoding=\"async\" src=\"https:\/\/guide.reassurez-moi.fr\/guide\/wp-content\/uploads\/2025\/06\/team_opti_short.png\"\n             alt=\"reassurez-moi illustration\"\n             class=\"wp-block-rm-advertizing-image\"\n             loading=\"lazy\"\n        \/>\n    <\/div>\n    <div class=\"rm-advertblock-container flex flex-column justify-center align-items-start\">\n        <p class=\"wp-block-rm-advertizing-text\">\n            Assurance d\u00e9c\u00e8s\n        <\/p>\n        <p class=\"wp-block-rm-advertizing-sub-text\">\n            les meilleures offres 2026\n        <\/p>\n        <a\n            href=\"https:\/\/reassurez-moi.fr\/guide\/assurance-deces\"\n            class=\"wp-block-rm-advertizing-button\"\n        >\n            <span class=\"wp-block-rm-advertizing-button-text\">\n                Comparateur \n            <\/span>\n            <span class=\"wp-block-rm-advertizing-button-sub-text\">\n                assurances d\u00e9c\u00e8s\n            <\/span>\n        <\/a>\n    <\/div>\n<\/div>\n","protected":false},"excerpt":{"rendered":"<p>Mod\u00e8le de testament authentique Bien pr\u00e9parer sa succession est un acte r\u00e9fl\u00e9chi et crucial. Nous mettons \u00e0 votre disposition un mod\u00e8le de testament authentique, conforme \u00e0 la l\u00e9gislation fran\u00e7aise, pour formaliser vos derni\u00e8res volont\u00e9s. Ce document est con\u00e7u pour \u00eatre \u00e0 la fois complet et facile \u00e0 utiliser, vous permettant d&rsquo;aborder cette \u00e9tape avec s\u00e9r\u00e9nit\u00e9.\u2026<\/p>\n","protected":false},"author":86,"featured_media":0,"parent":19016,"menu_order":0,"comment_status":"open","ping_status":"closed","template":"","meta":{"_acf_changed":false,"footnotes":""},"categories":[],"page_topic":[586],"class_list":["post-197807","page","type-page","status-publish","hentry"],"yoast_head":"<!-- This site is optimized with the Yoast SEO plugin v24.7 - https:\/\/yoast.com\/wordpress\/plugins\/seo\/ -->\n<title>Notre mod\u00e8le de testament authentique \u00e0 t\u00e9l\u00e9charger (format Word)<\/title>\n<meta name=\"description\" content=\"Nous vous recommandons de remplir ce mod\u00e8le en pr\u00e9sence de votre notaire, qui veillera \u00e0 la validit\u00e9 et \u00e0 la pertinence de vos choix.\" \/>\n<meta name=\"robots\" content=\"index, follow, max-snippet:-1, max-image-preview:large, max-video-preview:-1\" \/>\n<link rel=\"canonical\" href=\"https:\/\/guide.reassurez-moi.fr\/guide\/assurance-deces\/modele-testament-authentique\" \/>\n<meta property=\"og:locale\" content=\"fr_FR\" \/>\n<meta property=\"og:type\" content=\"article\" \/>\n<meta property=\"og:title\" content=\"Notre mod\u00e8le de testament authentique \u00e0 t\u00e9l\u00e9charger (format Word)\" \/>\n<meta property=\"og:description\" content=\"Nous vous recommandons de remplir ce mod\u00e8le en pr\u00e9sence de votre notaire, qui veillera \u00e0 la validit\u00e9 et \u00e0 la pertinence de vos choix.\" \/>\n<meta property=\"og:url\" content=\"https:\/\/guide.reassurez-moi.fr\/guide\/assurance-deces\/modele-testament-authentique\" \/>\n<meta property=\"og:site_name\" content=\"R\u00e9assurez-moi\" \/>\n<meta property=\"article:publisher\" content=\"https:\/\/www.facebook.com\/R%c3%a9assurez-moi-209456495889479\/\" \/>\n<meta property=\"article:modified_time\" content=\"2026-02-02T15:35:15+00:00\" \/>\n<meta property=\"og:image\" content=\"https:\/\/guide.reassurez-moi.fr\/guide\/wp-content\/uploads\/2023\/11\/modele_testament_authentique-355x500.png\" \/>\n<meta name=\"twitter:card\" content=\"summary_large_image\" \/>\n<meta name=\"twitter:site\" content=\"@reassurezmoi\" \/>\n<meta name=\"twitter:label1\" content=\"Dur\u00e9e de lecture estim\u00e9e\" \/>\n\t<meta name=\"twitter:data1\" content=\"2 minutes\" \/>\n<script type=\"application\/ld+json\" class=\"yoast-schema-graph\">{\"@context\":\"https:\/\/schema.org\",\"@graph\":[{\"@type\":\"WebPage\",\"@id\":\"https:\/\/guide.reassurez-moi.fr\/guide\/assurance-deces\/modele-testament-authentique\",\"url\":\"https:\/\/guide.reassurez-moi.fr\/guide\/assurance-deces\/modele-testament-authentique\",\"name\":\"Notre mod\u00e8le de testament authentique \u00e0 t\u00e9l\u00e9charger (format Word)\",\"isPartOf\":{\"@id\":\"https:\/\/guide.reassurez-moi.fr\/guide\/#website\"},\"primaryImageOfPage\":{\"@id\":\"https:\/\/guide.reassurez-moi.fr\/guide\/assurance-deces\/modele-testament-authentique#primaryimage\"},\"image\":{\"@id\":\"https:\/\/guide.reassurez-moi.fr\/guide\/assurance-deces\/modele-testament-authentique#primaryimage\"},\"thumbnailUrl\":\"https:\/\/guide.reassurez-moi.fr\/guide\/wp-content\/uploads\/2023\/11\/modele_testament_authentique-355x500.png\",\"datePublished\":\"2023-11-07T14:30:40+00:00\",\"dateModified\":\"2026-02-02T15:35:15+00:00\",\"description\":\"Nous vous recommandons de remplir ce mod\u00e8le en pr\u00e9sence de votre notaire, qui veillera \u00e0 la validit\u00e9 et \u00e0 la pertinence de vos choix.\",\"breadcrumb\":{\"@id\":\"https:\/\/guide.reassurez-moi.fr\/guide\/assurance-deces\/modele-testament-authentique#breadcrumb\"},\"inLanguage\":\"fr-FR\",\"potentialAction\":[{\"@type\":\"ReadAction\",\"target\":[\"https:\/\/guide.reassurez-moi.fr\/guide\/assurance-deces\/modele-testament-authentique\"]}]},{\"@type\":\"ImageObject\",\"inLanguage\":\"fr-FR\",\"@id\":\"https:\/\/guide.reassurez-moi.fr\/guide\/assurance-deces\/modele-testament-authentique#primaryimage\",\"url\":\"https:\/\/guide.reassurez-moi.fr\/guide\/wp-content\/uploads\/2023\/11\/modele_testament_authentique.png\",\"contentUrl\":\"https:\/\/guide.reassurez-moi.fr\/guide\/wp-content\/uploads\/2023\/11\/modele_testament_authentique.png\",\"width\":806,\"height\":1136,\"caption\":\"modele testament authentique\"},{\"@type\":\"BreadcrumbList\",\"@id\":\"https:\/\/guide.reassurez-moi.fr\/guide\/assurance-deces\/modele-testament-authentique#breadcrumb\",\"itemListElement\":[{\"@type\":\"ListItem\",\"position\":1,\"name\":\"Assurances\",\"item\":\"https:\/\/guide.reassurez-moi.fr\/guide\/\"},{\"@type\":\"ListItem\",\"position\":2,\"name\":\"Assurance d\u00e9c\u00e8s\",\"item\":\"https:\/\/guide.reassurez-moi.fr\/guide\/assurance-deces\"},{\"@type\":\"ListItem\",\"position\":3,\"name\":\"Mod\u00e8le de testament authentique\"}]},{\"@type\":\"WebSite\",\"@id\":\"https:\/\/guide.reassurez-moi.fr\/guide\/#website\",\"url\":\"https:\/\/guide.reassurez-moi.fr\/guide\/\",\"name\":\"R\u00e9assurez-moi\",\"description\":\"Comparateur d&#039;assurances\",\"potentialAction\":[{\"@type\":\"SearchAction\",\"target\":{\"@type\":\"EntryPoint\",\"urlTemplate\":\"https:\/\/guide.reassurez-moi.fr\/guide\/?s={search_term_string}\"},\"query-input\":{\"@type\":\"PropertyValueSpecification\",\"valueRequired\":true,\"valueName\":\"search_term_string\"}}],\"inLanguage\":\"fr-FR\"}]}<\/script>\n<!-- \/ Yoast SEO plugin. -->","yoast_head_json":{"title":"Notre mod\u00e8le de testament authentique \u00e0 t\u00e9l\u00e9charger (format Word)","description":"Nous vous recommandons de remplir ce mod\u00e8le en pr\u00e9sence de votre notaire, qui veillera \u00e0 la validit\u00e9 et \u00e0 la pertinence de vos choix.","robots":{"index":"index","follow":"follow","max-snippet":"max-snippet:-1","max-image-preview":"max-image-preview:large","max-video-preview":"max-video-preview:-1"},"canonical":"https:\/\/guide.reassurez-moi.fr\/guide\/assurance-deces\/modele-testament-authentique","og_locale":"fr_FR","og_type":"article","og_title":"Notre mod\u00e8le de testament authentique \u00e0 t\u00e9l\u00e9charger (format Word)","og_description":"Nous vous recommandons de remplir ce mod\u00e8le en pr\u00e9sence de votre notaire, qui veillera \u00e0 la validit\u00e9 et \u00e0 la pertinence de vos choix.","og_url":"https:\/\/guide.reassurez-moi.fr\/guide\/assurance-deces\/modele-testament-authentique","og_site_name":"R\u00e9assurez-moi","article_publisher":"https:\/\/www.facebook.com\/R%c3%a9assurez-moi-209456495889479\/","article_modified_time":"2026-02-02T15:35:15+00:00","og_image":[{"url":"https:\/\/guide.reassurez-moi.fr\/guide\/wp-content\/uploads\/2023\/11\/modele_testament_authentique-355x500.png","type":"","width":"","height":""}],"twitter_card":"summary_large_image","twitter_site":"@reassurezmoi","twitter_misc":{"Dur\u00e9e de lecture estim\u00e9e":"2 minutes"},"schema":{"@context":"https:\/\/schema.org","@graph":[{"@type":"WebPage","@id":"https:\/\/guide.reassurez-moi.fr\/guide\/assurance-deces\/modele-testament-authentique","url":"https:\/\/guide.reassurez-moi.fr\/guide\/assurance-deces\/modele-testament-authentique","name":"Notre mod\u00e8le de testament authentique \u00e0 t\u00e9l\u00e9charger (format Word)","isPartOf":{"@id":"https:\/\/guide.reassurez-moi.fr\/guide\/#website"},"primaryImageOfPage":{"@id":"https:\/\/guide.reassurez-moi.fr\/guide\/assurance-deces\/modele-testament-authentique#primaryimage"},"image":{"@id":"https:\/\/guide.reassurez-moi.fr\/guide\/assurance-deces\/modele-testament-authentique#primaryimage"},"thumbnailUrl":"https:\/\/guide.reassurez-moi.fr\/guide\/wp-content\/uploads\/2023\/11\/modele_testament_authentique-355x500.png","datePublished":"2023-11-07T14:30:40+00:00","dateModified":"2026-02-02T15:35:15+00:00","description":"Nous vous recommandons de remplir ce mod\u00e8le en pr\u00e9sence de votre notaire, qui veillera \u00e0 la validit\u00e9 et \u00e0 la pertinence de vos choix.","breadcrumb":{"@id":"https:\/\/guide.reassurez-moi.fr\/guide\/assurance-deces\/modele-testament-authentique#breadcrumb"},"inLanguage":"fr-FR","potentialAction":[{"@type":"ReadAction","target":["https:\/\/guide.reassurez-moi.fr\/guide\/assurance-deces\/modele-testament-authentique"]}]},{"@type":"ImageObject","inLanguage":"fr-FR","@id":"https:\/\/guide.reassurez-moi.fr\/guide\/assurance-deces\/modele-testament-authentique#primaryimage","url":"https:\/\/guide.reassurez-moi.fr\/guide\/wp-content\/uploads\/2023\/11\/modele_testament_authentique.png","contentUrl":"https:\/\/guide.reassurez-moi.fr\/guide\/wp-content\/uploads\/2023\/11\/modele_testament_authentique.png","width":806,"height":1136,"caption":"modele testament authentique"},{"@type":"BreadcrumbList","@id":"https:\/\/guide.reassurez-moi.fr\/guide\/assurance-deces\/modele-testament-authentique#breadcrumb","itemListElement":[{"@type":"ListItem","position":1,"name":"Assurances","item":"https:\/\/guide.reassurez-moi.fr\/guide\/"},{"@type":"ListItem","position":2,"name":"Assurance d\u00e9c\u00e8s","item":"https:\/\/guide.reassurez-moi.fr\/guide\/assurance-deces"},{"@type":"ListItem","position":3,"name":"Mod\u00e8le de testament authentique"}]},{"@type":"WebSite","@id":"https:\/\/guide.reassurez-moi.fr\/guide\/#website","url":"https:\/\/guide.reassurez-moi.fr\/guide\/","name":"R\u00e9assurez-moi","description":"Comparateur d&#039;assurances","potentialAction":[{"@type":"SearchAction","target":{"@type":"EntryPoint","urlTemplate":"https:\/\/guide.reassurez-moi.fr\/guide\/?s={search_term_string}"},"query-input":{"@type":"PropertyValueSpecification","valueRequired":true,"valueName":"search_term_string"}}],"inLanguage":"fr-FR"}]}},"acf":[],"_links":{"self":[{"href":"https:\/\/guide.reassurez-moi.fr\/guide\/wp-json\/wp\/v2\/pages\/197807","targetHints":{"allow":["GET"]}}],"collection":[{"href":"https:\/\/guide.reassurez-moi.fr\/guide\/wp-json\/wp\/v2\/pages"}],"about":[{"href":"https:\/\/guide.reassurez-moi.fr\/guide\/wp-json\/wp\/v2\/types\/page"}],"author":[{"embeddable":true,"href":"https:\/\/guide.reassurez-moi.fr\/guide\/wp-json\/wp\/v2\/users\/86"}],"replies":[{"embeddable":true,"href":"https:\/\/guide.reassurez-moi.fr\/guide\/wp-json\/wp\/v2\/comments?post=197807"}],"version-history":[{"count":1,"href":"https:\/\/guide.reassurez-moi.fr\/guide\/wp-json\/wp\/v2\/pages\/197807\/revisions"}],"predecessor-version":[{"id":208074,"href":"https:\/\/guide.reassurez-moi.fr\/guide\/wp-json\/wp\/v2\/pages\/197807\/revisions\/208074"}],"up":[{"embeddable":true,"href":"https:\/\/guide.reassurez-moi.fr\/guide\/wp-json\/wp\/v2\/pages\/19016"}],"wp:attachment":[{"href":"https:\/\/guide.reassurez-moi.fr\/guide\/wp-json\/wp\/v2\/media?parent=197807"}],"wp:term":[{"taxonomy":"category","embeddable":true,"href":"https:\/\/guide.reassurez-moi.fr\/guide\/wp-json\/wp\/v2\/categories?post=197807"},{"taxonomy":"page_topic","embeddable":true,"href":"https:\/\/guide.reassurez-moi.fr\/guide\/wp-json\/wp\/v2\/page_topic?post=197807"}],"curies":[{"name":"wp","href":"https:\/\/api.w.org\/{rel}","templated":true}]}}