{"id":198160,"date":"2023-11-21T13:53:13","date_gmt":"2023-11-21T12:53:13","guid":{"rendered":"https:\/\/reassurez-moi.fr\/guide\/protection-juridique\/abeille-assurances"},"modified":"2023-11-21T13:53:13","modified_gmt":"2023-11-21T12:53:13","slug":"abeille-assurances","status":"publish","type":"page","link":"https:\/\/guide.reassurez-moi.fr\/guide\/protection-juridique\/abeille-assurances","title":{"rendered":"Protection juridique Abeille Assurances"},"content":{"rendered":"\n<h1 class=\"wp-block-heading\">La protection juridique Abeille Assurances<\/h1>\n\n\n\n<p><strong>La protection juridique permet un accompagnement et une indemnisation en cas de litige avec un tiers ou de conflit n\u00e9cessitant l&rsquo;appel \u00e0 une instance de juridiction. Parfois incluse dans un contrat d&rsquo;assurance, elle peut aussi \u00eatre souscrite individuellement. Quel est le co\u00fbt de la protection juridique d&#039;Abeille Assurances ? Retrouvez le d\u00e9tail des garanties de la protection juridique Abeille Assurances, son prix et notre avis sur cette couverture.<\/strong><\/p>\n\n\n\n<h2 class=\"wp-block-heading\">Quelles sont les garanties de la protection juridique d&#039;Abeille Assurances ? <\/h2>\n\n\n\n<p><strong>Voici les garanties que vous pouvez souscrire gr\u00e2ce \u00e0 l&rsquo;assurance protection juridique<\/strong> d&#039;Abeille Assurances : <\/p>\n\n\n\n<figure class=\"wp-block-table is-style-header-double\"><table><thead><tr><th><\/th><th class=\"has-text-align-center\" data-align=\"center\">Consensio<\/th><\/tr><\/thead><tbody><tr><td><strong>Aide \u00e0 la r\u00e9solution des litiges \u00e0 l\u2019amiable<\/strong><\/td><td class=\"has-text-align-center\" data-align=\"center\"><i\n    class=\"safe-shortcode-icon\n                    yes\n            \"\n                                    title=oui\n            >\n<\/i><\/td><\/tr><tr><td><strong>Aide \u00e0 la r\u00e9solution des litiges au judiciaire<\/strong><\/td><td class=\"has-text-align-center\" data-align=\"center\"><i\n    class=\"safe-shortcode-icon\n                    yes\n            \"\n                                    title=oui\n            >\n<\/i><\/td><\/tr><tr><td><strong>Proc\u00e9dure d\u2019expropriation<\/strong><\/td><td class=\"has-text-align-center\" data-align=\"center\"><i\n    class=\"safe-shortcode-icon\n                    no\n            \"\n                                    title=non\n            >\n<\/i><\/td><\/tr><tr><td><strong>Achat \/ vente d\u2019un bien mobilier<\/strong><\/td><td class=\"has-text-align-center\" data-align=\"center\"><i\n    class=\"safe-shortcode-icon\n                    yes\n            \"\n                                    title=oui\n            >\n<\/i><\/td><\/tr><tr><td><strong>Achat \/ vente d\u2019un bien immobilier<\/strong><\/td><td class=\"has-text-align-center\" data-align=\"center\"><i\n    class=\"safe-shortcode-icon\n                    yes\n            \"\n                                    title=oui\n            >\n<\/i><\/td><\/tr><tr><td><strong>D\u00e9fense p\u00e9nale<\/strong><\/td><td class=\"has-text-align-center\" data-align=\"center\"><i\n    class=\"safe-shortcode-icon\n                    yes\n            \"\n                                    title=oui\n            >\n<\/i><\/td><\/tr><tr><td><strong>Couverture bailleur<\/strong><\/td><td class=\"has-text-align-center\" data-align=\"center\"><i\n    class=\"safe-shortcode-icon\n                    yes\n            \"\n                                    title=oui\n            >\n<\/i><\/td><\/tr><tr><td><strong>Successions<\/strong><\/td><td class=\"has-text-align-center\" data-align=\"center\"><i\n    class=\"safe-shortcode-icon\n                    yes\n            \"\n                                    title=oui\n            >\n<\/i><\/td><\/tr><tr><td><strong>S\u00e9paration du couple<\/strong><\/td><td class=\"has-text-align-center\" data-align=\"center\"><i\n    class=\"safe-shortcode-icon\n                    yes\n            \"\n                                    title=oui\n            >\n<\/i><\/td><\/tr><tr><td><strong>Usurpation d\u2019identit\u00e9<\/strong><\/td><td class=\"has-text-align-center\" data-align=\"center\"><i\n    class=\"safe-shortcode-icon\n                    yes\n            \"\n                                    title=oui\n            >\n<\/i><\/td><\/tr><tr><td><strong>Service d\u2019informations juridiques<\/strong><\/td><td class=\"has-text-align-center\" data-align=\"center\"><i\n    class=\"safe-shortcode-icon\n                    yes\n            \"\n                                    title=oui\n            >\n<\/i><\/td><\/tr><tr><td><strong>Conseil aux d\u00e9marches<\/strong><\/td><td class=\"has-text-align-center\" data-align=\"center\"><i\n    class=\"safe-shortcode-icon\n                    yes\n            \"\n                                    title=oui\n            >\n<\/i><\/td><\/tr><\/tbody><\/table><\/figure>\n\n\n<div class=\"wp-block-group\">\n<div style=\"height:20px\" aria-hidden=\"true\" class=\"wp-block-spacer\"><\/div>\n\n\n\n<p class=\"has-text-align-center\"><strong><a href=\"https:\/\/guide.reassurez-moi.fr\/guide\/wp-content\/uploads\/2020\/10\/cg_protection_juridique_aviva.pdf\">T\u00e9l\u00e9charger les conditions g\u00e9n\u00e9rales du contrat de protection juridique Abeille Assurances<\/a> :<\/strong><\/p>\n\n\n\n<div class=\"wp-block-image\"><figure class=\"aligncenter size-large is-resized\"><a href=\"https:\/\/guide.reassurez-moi.fr\/guide\/wp-content\/uploads\/2020\/10\/cg_protection_juridique_aviva.pdf\"><img loading=\"lazy\" decoding=\"async\" src=\"https:\/\/guide.reassurez-moi.fr\/guide\/wp-content\/uploads\/2020\/07\/conditions-generales.jpg\" alt=\"conditions generales\" class=\"wp-image-131404\" width=\"120\" height=\"120\"\/><\/a><\/figure><\/div>\n<\/div>\n<!-- \/wp:group1 -->\n<!-- wp:heading -->\n<h2>Quel est notre avis sur l\u2019assurance protection juridique Abeille Assurances ? <\/h2>\n<!-- \/wp:heading -->\n\n<!-- wp:paragraph -->\n<p><p>Abeille Assurances propose un contrat d\u2019assurance protection juridique tr\u00e8s complet, seules les proc\u00e9dures d\u2019expropriation n\u2019\u00e9tant pas prises en charge. Il est particuli\u00e8rement appr\u00e9ciable de pouvoir attendre des remboursements concernant des litiges portant sur des travaux de construction, le droit de la famille ou encore la d\u00e9fense p\u00e9nale.<\/p>\n<p>Les plafonds li\u00e9s aux juridictions comp\u00e9tentes pour chaque contentieux sont dans la moyenne haute du march\u00e9. En revanche, les seuils d\u2019intervention sont trop \u00e9lev\u00e9s pour permettre une intervention de cette assurance facilement (230 \u20ac en phase amiable et 500 \u20ac en phase judiciaire). La prise en charge limit\u00e9e \u00e0 24 500 \u20ac par sinistre est quant \u00e0 elle int\u00e9ressante, sans pour autant atteindre les meilleurs plafonds du march\u00e9.<\/p>\n<p>En mati\u00e8re de tarifs, Abeille Assurances fait preuve d\u2019un manque \u00e9vident de transparence, ne communiquant absolument pas les prix pratiqu\u00e9s. R\u00e9assurez-moi a r\u00e9ussi \u00e0 apprendre que la formule co\u00fbte 179 \u20ac par an pour un assur\u00e9 c\u00e9libataire de 35 ans.<\/p>\n<p>Il peut alors appara\u00eetre comme peu engageant de souscrire \u00e0 l\u2019assurance protection juridique d\u2019Aviva en raison de ce manque de communication, malgr\u00e9 la performance de la couverture.<\/p><\/p>\n<!-- \/wp:paragraph -->\n\n<!-- wp:heading -->\n<h2>Quelles sont les conditions d&rsquo;indemnisation de la garantie protection juridique Abeille Assurances ? <\/h2>\n<!-- \/wp:heading -->\n\n<!-- wp:paragraph -->\n<p><strong>Concernant le contrat protection juridique&nbsp;d&#039;Abeille Assurances, voici les diff\u00e9rentes conditions d&rsquo;indemnisation de prise en charge :&nbsp;<\/strong><\/p>\n<!-- \/wp:paragraph -->\n\n<!-- wp:table {\"className\":\"is-style-header-double\",\"loopVariable\":\"\"} -->\n<figure class=\"wp-block-table is-style-header-double\"><table><thead><tr><th><\/th><th class=\"has-text-align-center\" data-align=\"center\">Consensio<\/th><\/tr><\/thead><tbody><tr><td>Plafond des honoraires de prise en charge<\/td><td class=\"has-text-align-center\" data-align=\"center\"><p>Juge de proximit\u00e9 (civil) : 650 \u20ac<br \/>\nTribunal de grande instance : 2 000 \u20ac<br \/>\nTribunal administratif : 2 000 \u20ac<br \/>\nCour d\u2019appel : 2 110 \u20ac<br \/>\nTribunal correctionnel : 965 \u20ac<br \/>\nCour de cassation : 1 510 \u20ac<\/p><\/td><\/tr><tr><td>Seuil d&rsquo;intervention (TTC)<\/td><td class=\"has-text-align-center\" data-align=\"center\"> 230 \u20ac en phase amiable et 500 \u20ac en phase judiciaire<\/td><\/tr><tr><td>Plafond global de prise en charge (TTC)<\/td><td class=\"has-text-align-center\" data-align=\"center\">24 500 \u20ac par sinistre<\/td><\/tr><tr><td>D\u00e9lai de carence<\/td><td class=\"has-text-align-center\" data-align=\"center\"><p>Seulement cas de sinistre sp\u00e9cifique au domaine successoral<\/p><\/td><\/tr><\/tbody><\/table><\/figure>\n<!-- \/wp:table -->\n\n<!-- wp:heading -->\n<h2>Comment contacter l&rsquo;assurance protection juridique d&#039;Abeille Assurances ? <\/h2>\n<!-- \/wp:heading -->\n\n<!-- wp:paragraph -->\n<p><strong>Pour toute information sur la protection juridique Abeille Assurances, vous pouvez les joindre :<\/strong><\/p>\n<!-- \/wp:paragraph -->\n\n<p><strong>Par t\u00e9l\u00e9phone au :<\/strong> <\/p>\n<!-- \/wp:paragraph -->\n\n<!-- wp:paragraph {\"align\":\"left\"} -->\n<p class=\"has-text-align-left\">02 32 82 45 1<\/p>\n<!-- \/wp:paragraph -->\n<p><strong>Par courrier, \u00e0 l&rsquo;adresse suivante<\/strong> : <\/p>\n<!-- \/wp:paragraph -->\n\n<!-- wp:paragraph {\"align\":\"left\"} -->\n<p class=\"has-text-align-left\"><p>Abeille Assurances<br \/>\nProtection Juridique<br \/>\n15 rue du Moulin Bailly<br \/>\n92272 BOIS COLOMBES<\/p><\/p>\n<!-- \/wp:paragraph -->\n<!-- wp:heading -->\n<h2>Abeille Assurances, la meilleure protection juridique ? <\/h2>\n<!-- \/wp:heading -->\n\n<!-- wp:paragraph -->\n<p><strong>Comparez l\u2019assurance protection juridique Abeille Assurances aux autres garanties du march\u00e9 en simulant un devis imm\u00e9diat<\/strong>, vous obtiendrez un comparatif de tous les assureurs avec un acc\u00e8s aux tarifs pratiqu\u00e9s et aux garanties qui conviennent \u00e0 votre recherche :<\/p>\n<!-- \/wp:paragraph -->\n\n<!-- wp:spacer {\"height\":\"20px\"} -->\n<div style=\"height:20px\" aria-hidden=\"true\" class=\"wp-block-spacer\"><\/div>\n<!-- \/wp:spacer -->\n\n<!-- wp:shortcode -->\n\n<div class=\"flex  wp-block-rm-advertizing-block fix-in-sidebar\"><div class=\"image-container flex justify-center align-items-center py-3\"><img decoding=\"async\" src=\"https:\/\/guide.reassurez-moi.fr\/guide\/wp-content\/uploads\/2025\/06\/team_opti_short.png\" alt=\"reassurez-moi illustration\" class=\"wp-block-rm-advertizing-image\" loading=\"lazy\"\/><\/div><div class=\"\n                    rm-advertblock-container\n                    flex flex-column justify-center\n                    align-items-start\n                \"><p class=\"wp-block-rm-advertizing-text\n                              \n                            \">Les meilleures contrats de protection juridique en 2026<\/p><a href=\"https:\/\/reassurez-moi.fr\/guide\/protection-juridique\" class=\"wp-block-rm-advertizing-button\"><span class=\"wp-block-rm-advertizing-button-text\">Je compare 15 protection juridique<\/span><\/a><\/div><\/div>\n\n<!-- \/wp:shortcode -->\n\n<!-- wp:spacer {\"height\":\"40px\"} -->\n<div style=\"height:40px\" aria-hidden=\"true\" class=\"wp-block-spacer\"><\/div>\n<!-- \/wp:spacer -->\n\n<!-- wp:quote -->\n<blockquote class=\"wp-block-quote\"><p><em><span class=\"has-small-font-size\">En tant que courtier d&rsquo;assurance, notre mission est de vous informer et de vous conseiller sur les offres d&rsquo;assurance propos\u00e9es sur le march\u00e9. Ces fiches conseils ont pour objet de vous pr\u00e9senter les produits de nos <a href=\"https:\/\/reassurez-moi.fr\/guide\/cgu-cgv#MISE_EN_RELATION_AVEC_LES_PARTENAIRES\">assureurs partenaires<\/a> comme ceux avec lesquels nous n&rsquo;entretenons pas de liens.&nbsp;Ces fiches vous donnent notre&nbsp;analyse&nbsp;objective&nbsp;sur les contrats d&rsquo;assurance&nbsp;mais aussi&nbsp;des&nbsp;informations sur les formalit\u00e9s d&rsquo;adh\u00e9sion.<\/span><\/em><\/p><\/blockquote>\n<!-- \/wp:quote -->","protected":false},"excerpt":{"rendered":"<p>La protection juridique Abeille Assurances La protection juridique permet un accompagnement et une indemnisation en cas de litige avec un tiers ou de conflit n\u00e9cessitant l&rsquo;appel \u00e0 une instance de juridiction. Parfois incluse dans un contrat d&rsquo;assurance, elle peut aussi \u00eatre souscrite individuellement. Quel est le co\u00fbt de la protection juridique d&#039;Abeille Assurances ? Retrouvez [&hellip;]<\/p>\n","protected":false},"author":61,"featured_media":0,"parent":43665,"menu_order":0,"comment_status":"open","ping_status":"closed","template":"","meta":{"_acf_changed":false,"footnotes":""},"categories":[],"page_topic":[606],"class_list":["post-198160","page","type-page","status-publish","hentry"],"yoast_head":"<!-- This site is optimized with the Yoast SEO plugin v24.7 - https:\/\/yoast.com\/wordpress\/plugins\/seo\/ -->\n<title>Notre avis sur la protection juridique Abeille Assurances | Garanties &amp; tarifs<\/title>\n<meta name=\"description\" content=\"L&#039;assurance protection juridique Abeille Assurances en d\u00e9tails - Prix et garanties - Devis en ligne 100 % gratuits !\" \/>\n<meta name=\"robots\" content=\"index, follow, max-snippet:-1, max-image-preview:large, max-video-preview:-1\" \/>\n<link rel=\"canonical\" href=\"https:\/\/guide.reassurez-moi.fr\/guide\/protection-juridique\/abeille-assurances\" \/>\n<meta property=\"og:locale\" content=\"fr_FR\" \/>\n<meta property=\"og:type\" content=\"article\" \/>\n<meta property=\"og:title\" content=\"Notre avis sur la protection juridique Abeille Assurances | Garanties &amp; tarifs\" \/>\n<meta property=\"og:description\" content=\"L&#039;assurance protection juridique Abeille Assurances en d\u00e9tails - Prix et garanties - Devis en ligne 100 % gratuits !\" \/>\n<meta property=\"og:url\" content=\"https:\/\/guide.reassurez-moi.fr\/guide\/protection-juridique\/abeille-assurances\" \/>\n<meta property=\"og:site_name\" content=\"R\u00e9assurez-moi\" \/>\n<meta property=\"article:publisher\" content=\"https:\/\/www.facebook.com\/R%c3%a9assurez-moi-209456495889479\/\" \/>\n<meta property=\"og:image\" content=\"https:\/\/guide.reassurez-moi.fr\/guide\/wp-content\/uploads\/2018\/04\/image-de-partage.png\" \/>\n\t<meta property=\"og:image:width\" content=\"500\" \/>\n\t<meta property=\"og:image:height\" content=\"160\" \/>\n\t<meta property=\"og:image:type\" content=\"image\/png\" \/>\n<meta name=\"twitter:card\" content=\"summary_large_image\" \/>\n<meta name=\"twitter:site\" content=\"@reassurezmoi\" \/>\n<script type=\"application\/ld+json\" class=\"yoast-schema-graph\">{\"@context\":\"https:\/\/schema.org\",\"@graph\":[{\"@type\":\"WebPage\",\"@id\":\"https:\/\/guide.reassurez-moi.fr\/guide\/protection-juridique\/abeille-assurances\",\"url\":\"https:\/\/guide.reassurez-moi.fr\/guide\/protection-juridique\/abeille-assurances\",\"name\":\"Protection juridique Abeille Assurances | R\u00e9assurez-moi\",\"isPartOf\":{\"@id\":\"https:\/\/guide.reassurez-moi.fr\/guide\/#website\"},\"datePublished\":\"2023-11-21T12:53:13+00:00\",\"breadcrumb\":{\"@id\":\"https:\/\/guide.reassurez-moi.fr\/guide\/protection-juridique\/abeille-assurances#breadcrumb\"},\"inLanguage\":\"fr-FR\",\"potentialAction\":[{\"@type\":\"ReadAction\",\"target\":[\"https:\/\/guide.reassurez-moi.fr\/guide\/protection-juridique\/abeille-assurances\"]}]},{\"@type\":\"BreadcrumbList\",\"@id\":\"https:\/\/guide.reassurez-moi.fr\/guide\/protection-juridique\/abeille-assurances#breadcrumb\",\"itemListElement\":[{\"@type\":\"ListItem\",\"position\":1,\"name\":\"Assurances\",\"item\":\"https:\/\/guide.reassurez-moi.fr\/guide\/\"},{\"@type\":\"ListItem\",\"position\":2,\"name\":\"Comparatif protection juridique\",\"item\":\"https:\/\/guide.reassurez-moi.fr\/guide\/protection-juridique\"},{\"@type\":\"ListItem\",\"position\":3,\"name\":\"Protection juridique Abeille Assurances\"}]},{\"@type\":\"WebSite\",\"@id\":\"https:\/\/guide.reassurez-moi.fr\/guide\/#website\",\"url\":\"https:\/\/guide.reassurez-moi.fr\/guide\/\",\"name\":\"R\u00e9assurez-moi\",\"description\":\"Comparateur d&#039;assurances\",\"potentialAction\":[{\"@type\":\"SearchAction\",\"target\":{\"@type\":\"EntryPoint\",\"urlTemplate\":\"https:\/\/guide.reassurez-moi.fr\/guide\/?s={search_term_string}\"},\"query-input\":{\"@type\":\"PropertyValueSpecification\",\"valueRequired\":true,\"valueName\":\"search_term_string\"}}],\"inLanguage\":\"fr-FR\"}]}<\/script>\n<!-- \/ Yoast SEO plugin. -->","yoast_head_json":{"title":"Notre avis sur la protection juridique Abeille Assurances | Garanties & tarifs","description":"L'assurance protection juridique Abeille Assurances en d\u00e9tails - Prix et garanties - Devis en ligne 100 % gratuits !","robots":{"index":"index","follow":"follow","max-snippet":"max-snippet:-1","max-image-preview":"max-image-preview:large","max-video-preview":"max-video-preview:-1"},"canonical":"https:\/\/guide.reassurez-moi.fr\/guide\/protection-juridique\/abeille-assurances","og_locale":"fr_FR","og_type":"article","og_title":"Notre avis sur la protection juridique Abeille Assurances | Garanties & tarifs","og_description":"L'assurance protection juridique Abeille Assurances en d\u00e9tails - Prix et garanties - Devis en ligne 100 % gratuits !","og_url":"https:\/\/guide.reassurez-moi.fr\/guide\/protection-juridique\/abeille-assurances","og_site_name":"R\u00e9assurez-moi","article_publisher":"https:\/\/www.facebook.com\/R%c3%a9assurez-moi-209456495889479\/","og_image":[{"width":500,"height":160,"url":"https:\/\/guide.reassurez-moi.fr\/guide\/wp-content\/uploads\/2018\/04\/image-de-partage.png","type":"image\/png"}],"twitter_card":"summary_large_image","twitter_site":"@reassurezmoi","schema":{"@context":"https:\/\/schema.org","@graph":[{"@type":"WebPage","@id":"https:\/\/guide.reassurez-moi.fr\/guide\/protection-juridique\/abeille-assurances","url":"https:\/\/guide.reassurez-moi.fr\/guide\/protection-juridique\/abeille-assurances","name":"Protection juridique Abeille Assurances | R\u00e9assurez-moi","isPartOf":{"@id":"https:\/\/guide.reassurez-moi.fr\/guide\/#website"},"datePublished":"2023-11-21T12:53:13+00:00","breadcrumb":{"@id":"https:\/\/guide.reassurez-moi.fr\/guide\/protection-juridique\/abeille-assurances#breadcrumb"},"inLanguage":"fr-FR","potentialAction":[{"@type":"ReadAction","target":["https:\/\/guide.reassurez-moi.fr\/guide\/protection-juridique\/abeille-assurances"]}]},{"@type":"BreadcrumbList","@id":"https:\/\/guide.reassurez-moi.fr\/guide\/protection-juridique\/abeille-assurances#breadcrumb","itemListElement":[{"@type":"ListItem","position":1,"name":"Assurances","item":"https:\/\/guide.reassurez-moi.fr\/guide\/"},{"@type":"ListItem","position":2,"name":"Comparatif protection juridique","item":"https:\/\/guide.reassurez-moi.fr\/guide\/protection-juridique"},{"@type":"ListItem","position":3,"name":"Protection juridique Abeille Assurances"}]},{"@type":"WebSite","@id":"https:\/\/guide.reassurez-moi.fr\/guide\/#website","url":"https:\/\/guide.reassurez-moi.fr\/guide\/","name":"R\u00e9assurez-moi","description":"Comparateur d&#039;assurances","potentialAction":[{"@type":"SearchAction","target":{"@type":"EntryPoint","urlTemplate":"https:\/\/guide.reassurez-moi.fr\/guide\/?s={search_term_string}"},"query-input":{"@type":"PropertyValueSpecification","valueRequired":true,"valueName":"search_term_string"}}],"inLanguage":"fr-FR"}]}},"acf":[],"_links":{"self":[{"href":"https:\/\/guide.reassurez-moi.fr\/guide\/wp-json\/wp\/v2\/pages\/198160","targetHints":{"allow":["GET"]}}],"collection":[{"href":"https:\/\/guide.reassurez-moi.fr\/guide\/wp-json\/wp\/v2\/pages"}],"about":[{"href":"https:\/\/guide.reassurez-moi.fr\/guide\/wp-json\/wp\/v2\/types\/page"}],"author":[{"embeddable":true,"href":"https:\/\/guide.reassurez-moi.fr\/guide\/wp-json\/wp\/v2\/users\/61"}],"replies":[{"embeddable":true,"href":"https:\/\/guide.reassurez-moi.fr\/guide\/wp-json\/wp\/v2\/comments?post=198160"}],"version-history":[{"count":0,"href":"https:\/\/guide.reassurez-moi.fr\/guide\/wp-json\/wp\/v2\/pages\/198160\/revisions"}],"up":[{"embeddable":true,"href":"https:\/\/guide.reassurez-moi.fr\/guide\/wp-json\/wp\/v2\/pages\/43665"}],"wp:attachment":[{"href":"https:\/\/guide.reassurez-moi.fr\/guide\/wp-json\/wp\/v2\/media?parent=198160"}],"wp:term":[{"taxonomy":"category","embeddable":true,"href":"https:\/\/guide.reassurez-moi.fr\/guide\/wp-json\/wp\/v2\/categories?post=198160"},{"taxonomy":"page_topic","embeddable":true,"href":"https:\/\/guide.reassurez-moi.fr\/guide\/wp-json\/wp\/v2\/page_topic?post=198160"}],"curies":[{"name":"wp","href":"https:\/\/api.w.org\/{rel}","templated":true}]}}