{"id":198226,"date":"2023-11-22T12:31:28","date_gmt":"2023-11-22T11:31:28","guid":{"rendered":"https:\/\/reassurez-moi.fr\/guide\/?page_id=198226"},"modified":"2023-11-22T12:31:28","modified_gmt":"2023-11-22T11:31:28","slug":"abeille-assurances","status":"publish","type":"page","link":"https:\/\/guide.reassurez-moi.fr\/guide\/assurance-deces\/abeille-assurances","title":{"rendered":"L'assurance d\u00e9c\u00e8s Abeille Assurances"},"content":{"rendered":"\n<h1 class=\"wp-block-heading\" id=\"l-assurance-deces-nom-acteur\">L&rsquo;assurance d\u00e9c\u00e8s Abeille Assurances<\/h1>\n\n\n\n<p><strong>L\u2019assurance d\u00e9c\u00e8s est une garantie de pr\u00e9voyance dont le but est d\u2019assurer le versement d\u2019un capital au\/x b\u00e9n\u00e9ficiaire\/s d\u00e9sign\u00e9\/s par le contrat lors du d\u00e9c\u00e8s de l\u2019assur\u00e9. Que penser de l&rsquo;assurance d\u00e9c\u00e8s Abeille Assurances ? Retrouvez le d\u00e9tails des garanties, prix et conditions d&rsquo;application de l&rsquo;assurance d\u00e9c\u00e8s Abeille Assurances. Nous nous int\u00e9resserons ici plus particuli\u00e8rement au contrat Plan Longue Vie.<\/strong> <\/p>\n\n\n\n<h2 class=\"wp-block-heading\" id=\"quelles-sont-les-garanties-de-l-assurance-deces-nom-acteur\">Quelles sont les garanties de l&rsquo;assurance d\u00e9c\u00e8s Abeille Assurances ?<\/h2>\n\n\n\n<p>L\u2019assurance d\u00e9c\u00e8s permet de laisser un capital \u00e0 la ou les personne(s) de votre choix apr\u00e8s votre d\u00e9c\u00e8s, quel que soit votre \u00e9tat de sant\u00e9. <\/p>\n\n\n\n<p><strong>Vous trouverez ci-dessous un tableau r\u00e9capitulatif&nbsp;des garanties propos\u00e9es par Abeille Assurances :<\/strong><\/p>\n\n\n\n<p>Avant tout, il faut savoir que les conditions d&rsquo;accessibilit\u00e9 de Abeille Assurances sont de : <p>Souscription r\u00e9serv\u00e9e aux personnes \u00e2g\u00e9es de 40 \u00e0 82 ans.<\/p><\/p>\n\n\n\n<figure class=\"wp-block-table is-style-header-simple\"><table><thead><tr><th class=\"has-text-align-center\" data-align=\"center\">D\u00e9tails du contrat<\/th><th class=\"has-text-align-center\" data-align=\"center\">D\u00e9tails<\/th><\/tr><\/thead><tbody><tr><td class=\"has-text-align-center\" data-align=\"center\"><strong>Montant du capital assur\u00e9<\/strong><\/td><td class=\"has-text-align-center\" data-align=\"center\">De 2 000\u20ac \u00e0 20 000\u20ac <\/td><\/tr><tr><td class=\"has-text-align-center\" data-align=\"center\"><strong>Garantie rente \u00e9ducation<\/strong><\/td><td class=\"has-text-align-center\" data-align=\"center\"><i\n    class=\"safe-shortcode-icon\n                    no\n            \"\n                                    title=non\n            >\n<\/i><\/td><\/tr><tr><td class=\"has-text-align-center\" data-align=\"center\"><strong>Indexation des garanties<\/strong><\/td><td class=\"has-text-align-center\" data-align=\"center\"><i\n    class=\"safe-shortcode-icon\n                    no\n            \"\n                                    title=non\n            >\n<\/i><\/td><\/tr><tr><td class=\"has-text-align-center\" data-align=\"center\"><strong>Versement sous forme de rente possible<\/strong><\/td><td class=\"has-text-align-center\" data-align=\"center\"><i\n    class=\"safe-shortcode-icon\n                    no\n            \"\n                                    title=non\n            >\n<\/i><\/td><\/tr><tr><td class=\"has-text-align-center\" data-align=\"center\"><strong>Versement d\u2019une avance sur capital<\/strong><\/td><td class=\"has-text-align-center\" data-align=\"center\"><i\n    class=\"safe-shortcode-icon\n                    no\n            \"\n                                    title=non\n            >\n<\/i><\/td><\/tr><tr><td class=\"has-text-align-center\" data-align=\"center\"><strong>D\u00e9lais de carence<\/strong><\/td><td class=\"has-text-align-center\" data-align=\"center\"><i\n    class=\"safe-shortcode-icon\n                    yes\n            \"\n                                    title=oui\n            >\n<\/i><\/td><\/tr><tr><td class=\"has-text-align-center\" data-align=\"center\"><strong>Exclusions sportives<\/strong><\/td><td class=\"has-text-align-center\" data-align=\"center\"><i\n    class=\"safe-shortcode-icon\n                    no\n            \"\n                                    title=non\n            >\n<\/i><\/td><\/tr><tr><td class=\"has-text-align-center\" data-align=\"center\"><strong>Exclusions professionnelles<\/strong><\/td><td class=\"has-text-align-center\" data-align=\"center\"><i\n    class=\"safe-shortcode-icon\n                    no\n            \"\n                                    title=non\n            >\n<\/i><\/td><\/tr><tr><td class=\"has-text-align-center\" data-align=\"center\"><strong>Exclusions de sant\u00e9<\/strong><\/td><td class=\"has-text-align-center\" data-align=\"center\"><i\n    class=\"safe-shortcode-icon\n                    no\n            \"\n                                    title=non\n            >\n<\/i><\/td><\/tr><tr><td class=\"has-text-align-center\" data-align=\"center\"><strong>Prestations en cas d\u2019immobilisation ou d\u2019hospitalisation<\/strong><\/td><td class=\"has-text-align-center\" data-align=\"center\"><i\n    class=\"safe-shortcode-icon\n                    no\n            \"\n                                    title=non\n            >\n<\/i><\/td><\/tr><tr><td class=\"has-text-align-center\" data-align=\"center\"><strong>Prestations pour les enfants<\/strong><\/td><td class=\"has-text-align-center\" data-align=\"center\"><i\n    class=\"safe-shortcode-icon\n                    no\n            \"\n                                    title=non\n            >\n<\/i><\/td><\/tr><tr><td class=\"has-text-align-center\" data-align=\"center\"><strong>Prestations en cas de d\u00e9c\u00e8s<\/strong><\/td><td class=\"has-text-align-center\" data-align=\"center\"><i\n    class=\"safe-shortcode-icon\n                    yes\n            \"\n                                    title=oui\n            >\n<\/i><\/td><\/tr><\/tbody><\/table><\/figure>\n\n\n\n<div style=\"height:20px\" aria-hidden=\"true\" class=\"wp-block-spacer\"><\/div>\n\n\n\n<h2 class=\"wp-block-heading\" id=\"notre-avis-sur-l-assurance-deces-nom-acteur\">Notre avis sur l&rsquo;assurance d\u00e9c\u00e8s Abeille Assurances<\/h2>\n\n\n\n<p>Notre avis sur le contrat Plan Longue Vie d&rsquo;Abeille Assurances est positif. Le montant du capital est garanti durant toute la vie de l\u2019assur\u00e9, tant qu\u2019il paie ses cotisations, y compris en cas d\u2019invalidit\u00e9 totale et d\u00e9finitive. Aviva s\u2019engage \u00e0 ne jamais modifier les garanties, ni \u00e0 augmenter le montant des cotisations, quelle que soit la hausse du co\u00fbt de la vie ou l&rsquo;\u00e9volution de son \u00e9tat de sant\u00e9, ce qui est appr\u00e9ciable. <br><br>L&rsquo;augmentation du capital est possible, sur simple demande, apr\u00e8s la souscription du contrat.<br><br>En cas de d\u00e9c\u00e8s par maladie au cours des 2 premi\u00e8res ann\u00e9es d\u2019assurance, le capital vers\u00e9 au b\u00e9n\u00e9ficiaire correspond \u00e0 l\u2019int\u00e9gralit\u00e9 des cotisations vers\u00e9es. Apr\u00e8s la deuxi\u00e8me ann\u00e9e du contrat, c&rsquo;est bien l&rsquo;int\u00e9gralit\u00e9 du capital d\u00e9c\u00e8s choisi qui est r\u00e9gl\u00e9e. Avant 85 ans, le capital choisi, dit \u00ab d\u00e9c\u00e8s par maladie \u00bb est multipli\u00e9 par 5, en<br>cas de d\u00e9c\u00e8s par accident. Pass\u00e9 cet \u00e2ge, c\u2019est le capital choisi qui est r\u00e9gl\u00e9.<\/p>\n\n\n\n<h2 class=\"wp-block-heading\" id=\"nom-acteur-la-meilleure-assurance-deces\">Abeille Assurances, la meilleure assurance d\u00e9c\u00e8s ?<\/h2>\n\n\n\n<p><strong>Comparez l\u2019offre d&#039;Abeille Assurances aux autres assurances d\u00e9c\u00e8s en simulant un devis imm\u00e9diat, <\/strong>vous obtiendrez un comparatif de tous les assureurs avec un acc\u00e8s aux tarifs et aux garanties qui vous conviennent :<\/p>\n\n\n\n<div style=\"height:20px\" aria-hidden=\"true\" class=\"wp-block-spacer\"><\/div>\n\n\n\n<div class=\"wp-block-rm-advertizing-block fix-in-sidebar advertising-block-sidebar-item\">\n    <div class=\"image-container flex justify-center align-items-center\">\n        <img decoding=\"async\" src=\"https:\/\/guide.reassurez-moi.fr\/guide\/wp-content\/uploads\/2025\/06\/team_opti_short.png\"\n             alt=\"reassurez-moi illustration\"\n             class=\"wp-block-rm-advertizing-image\"\n             loading=\"lazy\"\n        \/>\n    <\/div>\n    <div class=\"rm-advertblock-container flex flex-column justify-center align-items-start\">\n        <p class=\"wp-block-rm-advertizing-text\">\n            Assurance d\u00e9c\u00e8s\n        <\/p>\n        <p class=\"wp-block-rm-advertizing-sub-text\">\n            les meilleures offres 2026\n        <\/p>\n        <a\n            href=\"https:\/\/reassurez-moi.fr\/guide\/assurance-deces\"\n            class=\"wp-block-rm-advertizing-button\"\n        >\n            <span class=\"wp-block-rm-advertizing-button-text\">\n                Comparateur \n            <\/span>\n            <span class=\"wp-block-rm-advertizing-button-sub-text\">\n                assurances d\u00e9c\u00e8s\n            <\/span>\n        <\/a>\n    <\/div>\n<\/div>\n\n\n\n\n<div style=\"height:40px\" aria-hidden=\"true\" class=\"wp-block-spacer\"><\/div>\n\n\n\n<blockquote class=\"wp-block-quote is-layout-flow wp-block-quote-is-layout-flow\"><p><em><span class=\"has-small-font-size\">En tant que courtier d&rsquo;assurance, notre mission est de vous informer et de vous conseiller sur les offres d&rsquo;assurance propos\u00e9es sur le march\u00e9. Ces fiches conseils ont pour objet de vous pr\u00e9senter les produits de nos <a href=\"https:\/\/reassurez-moi.fr\/guide\/cgu-cgv#MISE_EN_RELATION_AVEC_LES_PARTENAIRES\">assureurs partenaires<\/a> comme ceux avec lesquels nous n&rsquo;entretenons pas de liens.\u00a0Ces fiches vous donnent notre\u00a0analyse\u00a0objective\u00a0sur les contrats d&rsquo;assurance\u00a0mais aussi\u00a0des\u00a0informations sur les formalit\u00e9s d&rsquo;adh\u00e9sion.<\/span><\/em><\/p><\/blockquote>\n\n\n\n<h2 class=\"wp-block-heading\" id=\"quel-est-le-tarif-de-l-assurance-deces-nom-acteur\">Quel est le tarif de l&rsquo;assurance d\u00e9c\u00e8s Abeille Assurances ?<\/h2>\n\n\n\n<p><strong>Pour vous permettre de mieux \u00e9valuer les <a href=\"https:\/\/reassurez-moi.fr\/guide\/assurance-deces\/prix\">prix d&rsquo;assurance d\u00e9c\u00e8s<\/a> propos\u00e9s par Abeille Assurances, vous trouverez ci-apr\u00e8s un tableau comparatif selon votre \u00e2ge.<\/strong> <\/p>\n\n\n\n<figure class=\"wp-block-table\"><table><tbody><tr><td class=\"has-text-align-center\" data-align=\"center\"><strong>Montant du capital<\/strong><\/td><td class=\"has-text-align-center\" data-align=\"center\">8 000 \u20ac<\/td><\/tr><tr><td class=\"has-text-align-center\" data-align=\"center\"><strong>Non-fumeur (40 ans)<\/strong><\/td><td class=\"has-text-align-center\" data-align=\"center\">138 \u20ac\/an<\/td><\/tr><tr><td class=\"has-text-align-center\" data-align=\"center\"><strong>Non fumeur (60 ans)<\/strong><\/td><td class=\"has-text-align-center\" data-align=\"center\">Cotisation de 43,27\u20ac\/mois<\/td><\/tr><\/tbody><\/table><\/figure>\n\n\n\n<p><strong>Le prix que vous paierez sera directement li\u00e9 \u00e0 votre \u00e2ge et \u00e0 votre \u00e9tat de sant\u00e9, mais il d\u00e9pendra surtout du <a href=\"https:\/\/reassurez-moi.fr\/guide\/assurance-deces\/capital-deces\">capital d\u00e9c\u00e8s<\/a> que vous choisissez de garantir. <\/strong><\/p>\n\n\n\n<h2 class=\"wp-block-heading\" id=\"comment-contacter-l-assurance-deces-nom-acteur\">Comment contacter l&rsquo;assurance d\u00e9c\u00e8s Abeille Assurances ?<\/h2>\n\n\n<p><strong>Abeille Assurances met \u00e0 votre disposition un num\u00e9ro de t\u00e9l\u00e9phone non surtax\u00e9, pour les joindre en semaine au :<\/strong> 02 58 39 82 63<\/p>\n<!-- \/wp:paragraph -->\n<!-- wp:paragraph -->\n<p><strong>Nous pouvez aussi vous rendre sur&nbsp;un&nbsp;forum si vous n\u2019avez pas le temps de les contacter. <\/strong>Vous trouverez probablement une r\u00e9ponse \u00e0 vos questions gr\u00e2ce \u00e0 l\u2019aide d\u2019autres assur\u00e9s.<\/p>\n<!-- \/wp:paragraph -->\n\n<p><strong>Et pour les contacter par courrier, voici leur adresse postale :<\/strong><\/p>\n<!-- \/wp:paragraph -->\n\n<!-- wp:image {\"align\":\"center\",\"id\":71241,\"width\":50,\"height\":50,\"sizeSlug\":\"large\"} -->\n<div class=\"wp-block-image\"><figure class=\"aligncenter size-large is-resized\"><img loading=\"lazy\" decoding=\"async\" src=\"https:\/\/guide.reassurez-moi.fr\/guide\/wp-content\/uploads\/2019\/08\/courrier-500x500.jpg\" alt=\"courrier\" class=\"wp-image-71241\" width=\"50\" height=\"50\"\/><\/figure><\/div>\n<!-- \/wp:image -->\n\n<!-- wp:paragraph {\"align\":\"center\"} -->\n<p class=\"has-text-align-center\">Abeille Assurances<br>15 rue du Moulin Bailly<br>92272 BOIS-COLOMBES<\/p>\n<!-- \/wp:paragraph -->\n<!-- wp:paragraph -->\n<p><\/p>\n<!-- \/wp:paragraph -->","protected":false},"excerpt":{"rendered":"<p>L&rsquo;assurance d\u00e9c\u00e8s Abeille Assurances L\u2019assurance d\u00e9c\u00e8s est une garantie de pr\u00e9voyance dont le but est d\u2019assurer le versement d\u2019un capital au\/x b\u00e9n\u00e9ficiaire\/s d\u00e9sign\u00e9\/s par le contrat lors du d\u00e9c\u00e8s de l\u2019assur\u00e9. Que penser de l&rsquo;assurance d\u00e9c\u00e8s Abeille Assurances ? Retrouvez le d\u00e9tails des garanties, prix et conditions d&rsquo;application de l&rsquo;assurance d\u00e9c\u00e8s Abeille Assurances. Nous nous [&hellip;]<\/p>\n","protected":false},"author":61,"featured_media":0,"parent":19016,"menu_order":0,"comment_status":"open","ping_status":"closed","template":"","meta":{"_acf_changed":false,"footnotes":""},"categories":[],"page_topic":[728],"class_list":["post-198226","page","type-page","status-publish","hentry"],"yoast_head":"<!-- This site is optimized with the Yoast SEO plugin v24.7 - https:\/\/yoast.com\/wordpress\/plugins\/seo\/ -->\n<title>Notre avis sur l&#039;assurance d\u00e9c\u00e8s Abeille Assurances | Garanties, options et tarifs<\/title>\n<meta name=\"description\" content=\"L&#039;assurance d\u00e9c\u00e8s permet de garantir un capital \u00e0 vos proches en cas de d\u00e9c\u00e8s. Voici les d\u00e9tails de l&#039;offre propos\u00e9e par Abeille Assurances\" \/>\n<meta name=\"robots\" content=\"index, follow, max-snippet:-1, max-image-preview:large, max-video-preview:-1\" \/>\n<link rel=\"canonical\" href=\"https:\/\/guide.reassurez-moi.fr\/guide\/assurance-deces\/abeille-assurances\" \/>\n<meta property=\"og:locale\" content=\"fr_FR\" \/>\n<meta property=\"og:type\" content=\"article\" \/>\n<meta property=\"og:title\" content=\"Notre avis sur l&#039;assurance d\u00e9c\u00e8s Abeille Assurances | Garanties, options et tarifs\" \/>\n<meta property=\"og:description\" content=\"L&#039;assurance d\u00e9c\u00e8s permet de garantir un capital \u00e0 vos proches en cas de d\u00e9c\u00e8s. Voici les d\u00e9tails de l&#039;offre propos\u00e9e par Abeille Assurances\" \/>\n<meta property=\"og:url\" content=\"https:\/\/guide.reassurez-moi.fr\/guide\/assurance-deces\/abeille-assurances\" \/>\n<meta property=\"og:site_name\" content=\"R\u00e9assurez-moi\" \/>\n<meta property=\"article:publisher\" content=\"https:\/\/www.facebook.com\/R%c3%a9assurez-moi-209456495889479\/\" \/>\n<meta property=\"og:image\" content=\"https:\/\/guide.reassurez-moi.fr\/guide\/wp-content\/uploads\/2018\/04\/image-de-partage.png\" \/>\n\t<meta property=\"og:image:width\" content=\"500\" \/>\n\t<meta property=\"og:image:height\" content=\"160\" \/>\n\t<meta property=\"og:image:type\" content=\"image\/png\" \/>\n<meta name=\"twitter:card\" content=\"summary_large_image\" \/>\n<meta name=\"twitter:site\" content=\"@reassurezmoi\" \/>\n<script type=\"application\/ld+json\" class=\"yoast-schema-graph\">{\"@context\":\"https:\/\/schema.org\",\"@graph\":[{\"@type\":\"WebPage\",\"@id\":\"https:\/\/guide.reassurez-moi.fr\/guide\/assurance-deces\/abeille-assurances\",\"url\":\"https:\/\/guide.reassurez-moi.fr\/guide\/assurance-deces\/abeille-assurances\",\"name\":\"L'assurance d\u00e9c\u00e8s Abeille Assurances | R\u00e9assurez-moi\",\"isPartOf\":{\"@id\":\"https:\/\/guide.reassurez-moi.fr\/guide\/#website\"},\"datePublished\":\"2023-11-22T11:31:28+00:00\",\"breadcrumb\":{\"@id\":\"https:\/\/guide.reassurez-moi.fr\/guide\/assurance-deces\/abeille-assurances#breadcrumb\"},\"inLanguage\":\"fr-FR\",\"potentialAction\":[{\"@type\":\"ReadAction\",\"target\":[\"https:\/\/guide.reassurez-moi.fr\/guide\/assurance-deces\/abeille-assurances\"]}]},{\"@type\":\"BreadcrumbList\",\"@id\":\"https:\/\/guide.reassurez-moi.fr\/guide\/assurance-deces\/abeille-assurances#breadcrumb\",\"itemListElement\":[{\"@type\":\"ListItem\",\"position\":1,\"name\":\"Assurances\",\"item\":\"https:\/\/guide.reassurez-moi.fr\/guide\/\"},{\"@type\":\"ListItem\",\"position\":2,\"name\":\"Assurance d\u00e9c\u00e8s\",\"item\":\"https:\/\/guide.reassurez-moi.fr\/guide\/assurance-deces\"},{\"@type\":\"ListItem\",\"position\":3,\"name\":\"L'assurance d\u00e9c\u00e8s Abeille Assurances\"}]},{\"@type\":\"WebSite\",\"@id\":\"https:\/\/guide.reassurez-moi.fr\/guide\/#website\",\"url\":\"https:\/\/guide.reassurez-moi.fr\/guide\/\",\"name\":\"R\u00e9assurez-moi\",\"description\":\"Comparateur d&#039;assurances\",\"potentialAction\":[{\"@type\":\"SearchAction\",\"target\":{\"@type\":\"EntryPoint\",\"urlTemplate\":\"https:\/\/guide.reassurez-moi.fr\/guide\/?s={search_term_string}\"},\"query-input\":{\"@type\":\"PropertyValueSpecification\",\"valueRequired\":true,\"valueName\":\"search_term_string\"}}],\"inLanguage\":\"fr-FR\"}]}<\/script>\n<!-- \/ Yoast SEO plugin. -->","yoast_head_json":{"title":"Notre avis sur l'assurance d\u00e9c\u00e8s Abeille Assurances | Garanties, options et tarifs","description":"L'assurance d\u00e9c\u00e8s permet de garantir un capital \u00e0 vos proches en cas de d\u00e9c\u00e8s. Voici les d\u00e9tails de l'offre propos\u00e9e par Abeille Assurances","robots":{"index":"index","follow":"follow","max-snippet":"max-snippet:-1","max-image-preview":"max-image-preview:large","max-video-preview":"max-video-preview:-1"},"canonical":"https:\/\/guide.reassurez-moi.fr\/guide\/assurance-deces\/abeille-assurances","og_locale":"fr_FR","og_type":"article","og_title":"Notre avis sur l'assurance d\u00e9c\u00e8s Abeille Assurances | Garanties, options et tarifs","og_description":"L'assurance d\u00e9c\u00e8s permet de garantir un capital \u00e0 vos proches en cas de d\u00e9c\u00e8s. Voici les d\u00e9tails de l'offre propos\u00e9e par Abeille Assurances","og_url":"https:\/\/guide.reassurez-moi.fr\/guide\/assurance-deces\/abeille-assurances","og_site_name":"R\u00e9assurez-moi","article_publisher":"https:\/\/www.facebook.com\/R%c3%a9assurez-moi-209456495889479\/","og_image":[{"width":500,"height":160,"url":"https:\/\/guide.reassurez-moi.fr\/guide\/wp-content\/uploads\/2018\/04\/image-de-partage.png","type":"image\/png"}],"twitter_card":"summary_large_image","twitter_site":"@reassurezmoi","schema":{"@context":"https:\/\/schema.org","@graph":[{"@type":"WebPage","@id":"https:\/\/guide.reassurez-moi.fr\/guide\/assurance-deces\/abeille-assurances","url":"https:\/\/guide.reassurez-moi.fr\/guide\/assurance-deces\/abeille-assurances","name":"L'assurance d\u00e9c\u00e8s Abeille Assurances | R\u00e9assurez-moi","isPartOf":{"@id":"https:\/\/guide.reassurez-moi.fr\/guide\/#website"},"datePublished":"2023-11-22T11:31:28+00:00","breadcrumb":{"@id":"https:\/\/guide.reassurez-moi.fr\/guide\/assurance-deces\/abeille-assurances#breadcrumb"},"inLanguage":"fr-FR","potentialAction":[{"@type":"ReadAction","target":["https:\/\/guide.reassurez-moi.fr\/guide\/assurance-deces\/abeille-assurances"]}]},{"@type":"BreadcrumbList","@id":"https:\/\/guide.reassurez-moi.fr\/guide\/assurance-deces\/abeille-assurances#breadcrumb","itemListElement":[{"@type":"ListItem","position":1,"name":"Assurances","item":"https:\/\/guide.reassurez-moi.fr\/guide\/"},{"@type":"ListItem","position":2,"name":"Assurance d\u00e9c\u00e8s","item":"https:\/\/guide.reassurez-moi.fr\/guide\/assurance-deces"},{"@type":"ListItem","position":3,"name":"L'assurance d\u00e9c\u00e8s Abeille Assurances"}]},{"@type":"WebSite","@id":"https:\/\/guide.reassurez-moi.fr\/guide\/#website","url":"https:\/\/guide.reassurez-moi.fr\/guide\/","name":"R\u00e9assurez-moi","description":"Comparateur d&#039;assurances","potentialAction":[{"@type":"SearchAction","target":{"@type":"EntryPoint","urlTemplate":"https:\/\/guide.reassurez-moi.fr\/guide\/?s={search_term_string}"},"query-input":{"@type":"PropertyValueSpecification","valueRequired":true,"valueName":"search_term_string"}}],"inLanguage":"fr-FR"}]}},"acf":[],"_links":{"self":[{"href":"https:\/\/guide.reassurez-moi.fr\/guide\/wp-json\/wp\/v2\/pages\/198226","targetHints":{"allow":["GET"]}}],"collection":[{"href":"https:\/\/guide.reassurez-moi.fr\/guide\/wp-json\/wp\/v2\/pages"}],"about":[{"href":"https:\/\/guide.reassurez-moi.fr\/guide\/wp-json\/wp\/v2\/types\/page"}],"author":[{"embeddable":true,"href":"https:\/\/guide.reassurez-moi.fr\/guide\/wp-json\/wp\/v2\/users\/61"}],"replies":[{"embeddable":true,"href":"https:\/\/guide.reassurez-moi.fr\/guide\/wp-json\/wp\/v2\/comments?post=198226"}],"version-history":[{"count":0,"href":"https:\/\/guide.reassurez-moi.fr\/guide\/wp-json\/wp\/v2\/pages\/198226\/revisions"}],"up":[{"embeddable":true,"href":"https:\/\/guide.reassurez-moi.fr\/guide\/wp-json\/wp\/v2\/pages\/19016"}],"wp:attachment":[{"href":"https:\/\/guide.reassurez-moi.fr\/guide\/wp-json\/wp\/v2\/media?parent=198226"}],"wp:term":[{"taxonomy":"category","embeddable":true,"href":"https:\/\/guide.reassurez-moi.fr\/guide\/wp-json\/wp\/v2\/categories?post=198226"},{"taxonomy":"page_topic","embeddable":true,"href":"https:\/\/guide.reassurez-moi.fr\/guide\/wp-json\/wp\/v2\/page_topic?post=198226"}],"curies":[{"name":"wp","href":"https:\/\/api.w.org\/{rel}","templated":true}]}}