{"id":198383,"date":"2023-11-30T11:16:11","date_gmt":"2023-11-30T10:16:11","guid":{"rendered":"https:\/\/reassurez-moi.fr\/guide\/assurance-dependance\/abeille-assurances"},"modified":"2023-11-30T11:16:11","modified_gmt":"2023-11-30T10:16:11","slug":"abeille-assurances","status":"publish","type":"page","link":"https:\/\/guide.reassurez-moi.fr\/guide\/assurance-dependance\/abeille-assurances","title":{"rendered":"Assurance d\u00e9pendance Abeille Assurances"},"content":{"rendered":"\n<h1 class=\"wp-block-heading\">Assurance d\u00e9pendance Abeille Assurances<\/h1>\n\n\n\n<p><strong>Les contrats d\u2019assurance d\u00e9pendance permettent de garantir le versement d\u2019une rente, d\u2019un capital ou d\u2019une prestation en nature en cas de perte totale ou partielle d\u2019autonomie. Nous vous pr\u00e9sentons ici l\u2019assurance d\u00e9pendance propos\u00e9e par Abeille Assurances. Retrouvez le d\u00e9tail des garanties, les conditions d&rsquo;indemnisation et notre avis sur l&rsquo;assurance d\u00e9pendance Abeille Assurances. <\/strong><\/p>\n\n\n\n<h2 class=\"wp-block-heading\">Les garanties de l&rsquo;assurance d\u00e9pendance Abeille Assurances<\/h2>\n\n\n\n<p><strong>L\u2019\u00e9tat de d\u00e9pendance est \u00e9valu\u00e9 par les compagnies d\u2019assurance selon 2 grilles d\u2019\u00e9valuation&nbsp;:<\/strong><\/p>\n\n\n\n<ul class=\"wp-block-list\"><li>la&nbsp;grille AGGIR&nbsp;(Autonomie G\u00e9rontologie Groupes Iso-Ressources) ; <\/li><li>la grille des AVQ (Actes de la Vie Quotidienne).<\/li><\/ul>\n\n\n\n<p><strong>Les assureurs peuvent choisir de se r\u00e9f\u00e9rer \u00e0 l\u2019une ou l\u2019autre de ces grilles, voire \u00e0 une combinaison des deux.<\/strong> En attendant, vous trouverez ci-dessous plusieurs tableaux comparatifs des conditions et garanties propos\u00e9es par l&rsquo;assurance d\u00e9pendance Abeille Assurances :<\/p>\n\n\n\n<figure class=\"wp-block-table is-style-header-simple\"><table><thead><tr><th class=\"has-text-align-center\" data-align=\"center\">Accessibilit\u00e9<\/th><th class=\"has-text-align-center\" data-align=\"center\">Formule d\u00e9pendance<\/th><\/tr><\/thead><tbody><tr><td class=\"has-text-align-center\" data-align=\"center\"><strong>\u00c2ge limite \u00e0 la souscription d\u00e9pendance totale<\/strong><\/td><td class=\"has-text-align-center\" data-align=\"center\">77 ans<\/td><\/tr><tr><td class=\"has-text-align-center\" data-align=\"center\"><strong>\u00c2ge limite \u00e0 la souscription d\u00e9pendance partielle<\/strong><\/td><td class=\"has-text-align-center\" data-align=\"center\">77 ans<\/td><\/tr><tr><td class=\"has-text-align-center\" data-align=\"center\"><strong>Mise en r\u00e9duction de la rente possible<\/strong><\/td><td class=\"has-text-align-center\" data-align=\"center\"><i\n    class=\"safe-shortcode-icon\n                    yes\n            \"\n                                    title=oui\n            >\n<\/i><\/td><\/tr><\/tbody><\/table><\/figure>\n\n\n\n<figure class=\"wp-block-table is-style-header-simple\"><table><thead><tr><th class=\"has-text-align-center\" data-align=\"center\">\u00c9tendue de la couverture<\/th><th class=\"has-text-align-center\" data-align=\"center\">Formule d\u00e9pendance<\/th><\/tr><\/thead><tbody><tr><td class=\"has-text-align-center\" data-align=\"center\"><strong>D\u00e9pendance totale physique<\/strong><\/td><td class=\"has-text-align-center\" data-align=\"center\">Questionnaire m\u00e9dical + tests cognitifs<\/td><\/tr><tr><td class=\"has-text-align-center\" data-align=\"center\"><strong>D\u00e9pendance totale psychique<\/strong><\/td><td class=\"has-text-align-center\" data-align=\"center\">Test MMS de Folstein<\/td><\/tr><tr><td class=\"has-text-align-center\" data-align=\"center\"><strong>D\u00e9lai de franchise<\/strong><\/td><td class=\"has-text-align-center\" data-align=\"center\">90 jours<\/td><\/tr><\/tbody><\/table><\/figure>\n\n\n\n<p>Voici les garanties d&rsquo;assistance propos\u00e9es par Abeille Assurances : <\/p>\n\n\n\n<figure class=\"wp-block-table is-style-header-simple\"><table><thead><tr><th class=\"has-text-align-center\" data-align=\"center\">Assistance<\/th><th class=\"has-text-align-center\" data-align=\"center\">Formule d\u00e9pendance<\/th><\/tr><\/thead><tbody><tr><td class=\"has-text-align-center\" data-align=\"center\"><strong>T\u00e9l\u00e9assistance<\/strong><\/td><td class=\"has-text-align-center\" data-align=\"center\">Temporaire (3 mois maximum)<\/td><\/tr><tr><td class=\"has-text-align-center\" data-align=\"center\"><strong>Aide aux d\u00e9placements<\/strong><\/td><td class=\"has-text-align-center\" data-align=\"center\"><i\n    class=\"safe-shortcode-icon\n                    yes\n            \"\n                                    title=oui\n            >\n<\/i><\/td><\/tr><tr><td class=\"has-text-align-center\" data-align=\"center\"><strong>Aide m\u00e9nag\u00e8re<\/strong><\/td><td class=\"has-text-align-center\" data-align=\"center\"><i\n    class=\"safe-shortcode-icon\n                    yes\n            \"\n                                    title=oui\n            >\n<\/i><\/td><\/tr><tr><td class=\"has-text-align-center\" data-align=\"center\"><strong>Adaptation du domicile<\/strong><\/td><td class=\"has-text-align-center\" data-align=\"center\"><i\n    class=\"safe-shortcode-icon\n                    yes\n            \"\n                                    title=oui\n            >\n<\/i><\/td><\/tr><tr><td class=\"has-text-align-center\" data-align=\"center\"><strong>Formation du r\u00f4le d&rsquo;aidant<\/strong><\/td><td class=\"has-text-align-center\" data-align=\"center\"><i\n    class=\"safe-shortcode-icon\n                    yes\n            \"\n                                    title=oui\n            >\n<\/i><\/td><\/tr><tr><td class=\"has-text-align-center\" data-align=\"center\"><strong>R\u00e9pit de l&rsquo;aidant<\/strong><\/td><td class=\"has-text-align-center\" data-align=\"center\"><i\n    class=\"safe-shortcode-icon\n                    yes\n            \"\n                                    title=oui\n            >\n<\/i><\/td><\/tr><\/tbody><\/table><\/figure>\n\n\n\n<div style=\"height:20px\" aria-hidden=\"true\" class=\"wp-block-spacer\"><\/div>\n\n\n\n<h3 class=\"wp-block-heading\">Les conditions g\u00e9n\u00e9rales de l&rsquo;assurance d\u00e9pendance Abeille Assurances<\/h3>\n\n\n\n<p><strong>Les conditions g\u00e9n\u00e9rales r\u00e9capitulent toutes les garanties qui sont propos\u00e9es par le contrat, ainsi que le d\u00e9tail des options suppl\u00e9mentaires.<\/strong> <\/p>\n\n\n<div style=\"height:20px\" aria-hidden=\"true\" class=\"wp-block-spacer\"><\/div>\n<!-- \/wp:spacer -->\n\n<!-- wp:paragraph {\"align\":\"center\"} -->\n<p class=\"has-text-align-center\"><strong><a href=\"https:\/\/guide.reassurez-moi.fr\/guide\/wp-content\/uploads\/2023\/11\/assurance_dependance_abeille_assurances.pdf\">T\u00e9l\u00e9charger les condition g\u00e9n\u00e9rales de l&rsquo;assurance d\u00e9pendance Abeille Assurances :<\/a><\/strong><\/p>\n<!-- \/wp:paragraph -->\n\n<!-- wp:image {\"align\":\"center\",\"id\":131404,\"width\":120,\"height\":120,\"sizeSlug\":\"large\"} -->\n<div class=\"wp-block-image\"><figure class=\"aligncenter size-large is-resized\"><a href=\"https:\/\/guide.reassurez-moi.fr\/guide\/wp-content\/uploads\/2023\/11\/assurance_dependance_abeille_assurances.pdf\"><img loading=\"lazy\" decoding=\"async\" src=\"https:\/\/guide.reassurez-moi.fr\/guide\/wp-content\/uploads\/2020\/07\/conditions-generales.jpg\" alt=\"conditions generales\" class=\"wp-image-131404\" width=\"120\" height=\"120\"\/><\/a><\/figure><\/div>\n<!-- \/wp:image -->\n<!-- wp:heading -->\n<h2>Notre avis sur l&rsquo;assurance d\u00e9pendance Abeille Assurances<\/h2>\n<!-- \/wp:heading -->\n\n<!-- wp:paragraph -->\n<p><p>Abeille Assuances propose une assurance d\u00e9pendance globalement performante, avec une d\u00e9finition de l\u2019\u00e9tat de d\u00e9pendance s\u00e9rieuse (m\u00eame en l\u2019absence de mention de l\u2019utilisation des grilles AGGIR ou AVQ) et des services d\u2019assistance nombreux. Mondial Assistance est la soci\u00e9t\u00e9 choisie par Aviva pour g\u00e9rer les services en question, \u00e0 destination des assur\u00e9s, mais \u00e9galement de l\u2019aidant.<\/p>\n<p>Les proches peuvent notamment b\u00e9n\u00e9ficier d\u2019une formation pour apprendre les bonnes pratiques pour s\u2019occuper d\u2019un assur\u00e9 d\u00e9pendant et d\u2019un r\u00e9pit de l\u2019aidant est pr\u00e9vu, ce qui lui permet de ne pas n\u00e9gliger sa propre vie personnelle. Il est pourtant quelque peu regrettable de voir que la t\u00e9l\u00e9assistance 24h \/ 24h n\u2019est possible que temporairement (3 mois), en cas de retour d\u2019hospitalisation.<\/p>\n<p>Les tarifs ne sont quant \u00e0 eux pas affich\u00e9s sur le site internet d\u2019Aviva, ce qui constitue le principal point faible de ce contrat. Les prix d\u2019un contrat d\u2019assurance (d\u00e9pendance ou autre) devraient syst\u00e9matiquement \u00eatre affich\u00e9s, ne serait-ce qu\u2019\u00e0 titre indicatif, et de nombreux acteurs du domaine proposent m\u00eame une simulation en ligne gratuite, rapide et performante.<\/p><\/p>\n<!-- \/wp:paragraph -->\n\n<!-- wp:heading -->\n<h2>Abeille Assurances, la meilleure assurance d\u00e9pendance ?<\/h2>\n<!-- \/wp:heading -->\n\n<!-- wp:paragraph -->\n<p><strong>Comparez l\u2019offre d&#039;Abeille Assurances aux autres assurances d\u00e9pendance en simulant un devis imm\u00e9diat, <\/strong>vous obtiendrez un comparatif de tous les assureurs avec un acc\u00e8s aux tarifs et aux garanties qui vous conviennent :<\/p>\n<!-- \/wp:paragraph -->\n\n<!-- wp:spacer {\"height\":\"20px\"} -->\n<div style=\"height:20px\" aria-hidden=\"true\" class=\"wp-block-spacer\"><\/div>\n<!-- \/wp:spacer -->\n\n<!-- wp:shortcode -->\n\n<div class=\"wp-block-rm-advertizing-block fix-in-sidebar advertising-block-sidebar-item\">\n    <div class=\"image-container flex justify-center align-items-center\">\n        <img decoding=\"async\" src=\"https:\/\/guide.reassurez-moi.fr\/guide\/wp-content\/uploads\/2025\/06\/team_opti_short.png\"\n             alt=\"reassurez-moi illustration\"\n             class=\"wp-block-rm-advertizing-image\"\n             loading=\"lazy\"\n        \/>\n    <\/div>\n    <div class=\"rm-advertblock-container flex flex-column justify-center align-items-start\">\n        <p class=\"wp-block-rm-advertizing-text\">\n            Assurance d\u00e9pendance\n        <\/p>\n        <p class=\"wp-block-rm-advertizing-sub-text\">\n            les meilleures offres 2026\n        <\/p>\n        <a\n            href=\"https:\/\/reassurez-moi.fr\/guide\/assurance-dependance\"\n            class=\"wp-block-rm-advertizing-button\"\n        >\n            <span class=\"wp-block-rm-advertizing-button-text\">\n                Comparer\n            <\/span>\n            <span class=\"wp-block-rm-advertizing-button-sub-text\">\n                les assurances d\u00e9pendance\n            <\/span>\n        <\/a>\n    <\/div>\n<\/div>\n\n<!-- \/wp:shortcode -->\n\n<!-- wp:spacer {\"height\":\"40px\"} -->\n<div style=\"height:40px\" aria-hidden=\"true\" class=\"wp-block-spacer\"><\/div>\n<!-- \/wp:spacer -->\n\n<!-- wp:quote -->\n<blockquote class=\"wp-block-quote\"><p><em><span class=\"has-small-font-size\">En tant que courtier d&rsquo;assurance, notre mission est de vous informer et de vous conseiller sur les offres d&rsquo;assurance propos\u00e9es sur le march\u00e9. Ces fiches conseils ont pour objet de vous pr\u00e9senter les produits de nos <a href=\"https:\/\/reassurez-moi.fr\/guide\/cgu-cgv#MISE_EN_RELATION_AVEC_LES_PARTENAIRES\">assureurs partenaires<\/a> comme ceux avec lesquels nous n&rsquo;entretenons pas de liens.&nbsp;Ces fiches vous donnent notre&nbsp;analyse&nbsp;objective&nbsp;sur les contrats d&rsquo;assurance&nbsp;mais aussi&nbsp;des&nbsp;informations sur les formalit\u00e9s d&rsquo;adh\u00e9sion.<\/span><\/em><\/p><\/blockquote>\n<!-- \/wp:quote -->\n\n<!-- wp:heading -->\n<h2>Le tarif de l&rsquo;assurance d\u00e9pendance Abeille Assurances <\/h2>\n<!-- \/wp:heading -->\n\n\n<!-- wp:paragraph -->\n<p><strong>Malheureusement, Abeille Assurances ne communique pas sur ses tarifs<\/strong>, un manque de transparence pr\u00e9judiciable. Pour obtenir un prix sp\u00e9cifique, vous devrez contacter un conseiller qui vous transmettra un devis personnalis\u00e9 individuel en fonction de votre situation et de vos souhaits, une d\u00e9marche peu pratique au regard de l\u2019importance et de la simplicit\u00e9 de l\u2019information demand\u00e9e.<\/p>\n<!-- \/wp:paragraph -->\n\n<!-- wp:heading -->\n<h2><strong>Comment contacter l&rsquo;assurance d\u00e9pendance Abeille Assurances ?<\/strong><\/h2>\n<!-- \/wp:heading -->\n\n<!-- wp:paragraph -->\n<p><strong>Vous pouvez contacter directement un conseiller Abeille Assurances en ligne, via leur site internet.<\/strong><\/p>\n<!-- \/wp:paragraph -->\n\n<p><strong>Vous pouvez \u00e9galement joindre Abeille Assurances par t\u00e9l\u00e9phone au :<\/strong><\/p>\n<!-- \/wp:paragraph -->\n\n<!-- wp:paragraph -->\n<p>01 41 32 21 56<\/p>\n<!-- \/wp:paragraph -->\n<p><strong>Ou par courrier \u00e0 l&rsquo;adresse suivante : <\/strong><\/p>\n<!-- \/wp:paragraph -->\n\n<!-- wp:paragraph -->\n<p>Abeille Assurances<br>TSA 72710<br>92895 Nanterre Cedex<\/p>\n<!-- \/wp:paragraph -->","protected":false},"excerpt":{"rendered":"<p>Assurance d\u00e9pendance Abeille Assurances Les contrats d\u2019assurance d\u00e9pendance permettent de garantir le versement d\u2019une rente, d\u2019un capital ou d\u2019une prestation en nature en cas de perte totale ou partielle d\u2019autonomie. Nous vous pr\u00e9sentons ici l\u2019assurance d\u00e9pendance propos\u00e9e par Abeille Assurances. Retrouvez le d\u00e9tail des garanties, les conditions d&rsquo;indemnisation et notre avis sur l&rsquo;assurance d\u00e9pendance Abeille [&hellip;]<\/p>\n","protected":false},"author":61,"featured_media":0,"parent":18131,"menu_order":0,"comment_status":"open","ping_status":"closed","template":"","meta":{"_acf_changed":false,"footnotes":""},"categories":[],"page_topic":[729],"class_list":["post-198383","page","type-page","status-publish","hentry"],"yoast_head":"<!-- This site is optimized with the Yoast SEO plugin v24.7 - https:\/\/yoast.com\/wordpress\/plugins\/seo\/ -->\n<title>Notre avis sur l&#039;assurance d\u00e9pendance Abeille Assurances | Garanties et tarifs<\/title>\n<meta name=\"description\" content=\"Notre avis d&#039;expert sur l&#039;assurance d\u00e9pendance Abeille Assurances - D\u00e9tail des garanties - Devis 100 % en ligne &amp; gratuits !\" \/>\n<meta name=\"robots\" content=\"index, follow, max-snippet:-1, max-image-preview:large, max-video-preview:-1\" \/>\n<link rel=\"canonical\" href=\"https:\/\/guide.reassurez-moi.fr\/guide\/assurance-dependance\/abeille-assurances\" \/>\n<meta property=\"og:locale\" content=\"fr_FR\" \/>\n<meta property=\"og:type\" content=\"article\" \/>\n<meta property=\"og:title\" content=\"Notre avis sur l&#039;assurance d\u00e9pendance Abeille Assurances | Garanties et tarifs\" \/>\n<meta property=\"og:description\" content=\"Notre avis d&#039;expert sur l&#039;assurance d\u00e9pendance Abeille Assurances - D\u00e9tail des garanties - Devis 100 % en ligne &amp; gratuits !\" \/>\n<meta property=\"og:url\" content=\"https:\/\/guide.reassurez-moi.fr\/guide\/assurance-dependance\/abeille-assurances\" \/>\n<meta property=\"og:site_name\" content=\"R\u00e9assurez-moi\" \/>\n<meta property=\"article:publisher\" content=\"https:\/\/www.facebook.com\/R%c3%a9assurez-moi-209456495889479\/\" \/>\n<meta property=\"og:image\" content=\"https:\/\/guide.reassurez-moi.fr\/guide\/wp-content\/uploads\/2018\/04\/image-de-partage.png\" \/>\n\t<meta property=\"og:image:width\" content=\"500\" \/>\n\t<meta property=\"og:image:height\" content=\"160\" \/>\n\t<meta property=\"og:image:type\" content=\"image\/png\" \/>\n<meta name=\"twitter:card\" content=\"summary_large_image\" \/>\n<meta name=\"twitter:site\" content=\"@reassurezmoi\" \/>\n<script type=\"application\/ld+json\" class=\"yoast-schema-graph\">{\"@context\":\"https:\/\/schema.org\",\"@graph\":[{\"@type\":\"WebPage\",\"@id\":\"https:\/\/guide.reassurez-moi.fr\/guide\/assurance-dependance\/abeille-assurances\",\"url\":\"https:\/\/guide.reassurez-moi.fr\/guide\/assurance-dependance\/abeille-assurances\",\"name\":\"Assurance d\u00e9pendance Abeille Assurances | R\u00e9assurez-moi\",\"isPartOf\":{\"@id\":\"https:\/\/guide.reassurez-moi.fr\/guide\/#website\"},\"datePublished\":\"2023-11-30T10:16:11+00:00\",\"breadcrumb\":{\"@id\":\"https:\/\/guide.reassurez-moi.fr\/guide\/assurance-dependance\/abeille-assurances#breadcrumb\"},\"inLanguage\":\"fr-FR\",\"potentialAction\":[{\"@type\":\"ReadAction\",\"target\":[\"https:\/\/guide.reassurez-moi.fr\/guide\/assurance-dependance\/abeille-assurances\"]}]},{\"@type\":\"BreadcrumbList\",\"@id\":\"https:\/\/guide.reassurez-moi.fr\/guide\/assurance-dependance\/abeille-assurances#breadcrumb\",\"itemListElement\":[{\"@type\":\"ListItem\",\"position\":1,\"name\":\"Assurances\",\"item\":\"https:\/\/guide.reassurez-moi.fr\/guide\/\"},{\"@type\":\"ListItem\",\"position\":2,\"name\":\"Assurance d\u00e9pendance\",\"item\":\"https:\/\/guide.reassurez-moi.fr\/guide\/assurance-dependance\"},{\"@type\":\"ListItem\",\"position\":3,\"name\":\"Assurance d\u00e9pendance Abeille Assurances\"}]},{\"@type\":\"WebSite\",\"@id\":\"https:\/\/guide.reassurez-moi.fr\/guide\/#website\",\"url\":\"https:\/\/guide.reassurez-moi.fr\/guide\/\",\"name\":\"R\u00e9assurez-moi\",\"description\":\"Comparateur d&#039;assurances\",\"potentialAction\":[{\"@type\":\"SearchAction\",\"target\":{\"@type\":\"EntryPoint\",\"urlTemplate\":\"https:\/\/guide.reassurez-moi.fr\/guide\/?s={search_term_string}\"},\"query-input\":{\"@type\":\"PropertyValueSpecification\",\"valueRequired\":true,\"valueName\":\"search_term_string\"}}],\"inLanguage\":\"fr-FR\"}]}<\/script>\n<!-- \/ Yoast SEO plugin. -->","yoast_head_json":{"title":"Notre avis sur l'assurance d\u00e9pendance Abeille Assurances | Garanties et tarifs","description":"Notre avis d'expert sur l'assurance d\u00e9pendance Abeille Assurances - D\u00e9tail des garanties - Devis 100 % en ligne & gratuits !","robots":{"index":"index","follow":"follow","max-snippet":"max-snippet:-1","max-image-preview":"max-image-preview:large","max-video-preview":"max-video-preview:-1"},"canonical":"https:\/\/guide.reassurez-moi.fr\/guide\/assurance-dependance\/abeille-assurances","og_locale":"fr_FR","og_type":"article","og_title":"Notre avis sur l'assurance d\u00e9pendance Abeille Assurances | Garanties et tarifs","og_description":"Notre avis d'expert sur l'assurance d\u00e9pendance Abeille Assurances - D\u00e9tail des garanties - Devis 100 % en ligne & gratuits !","og_url":"https:\/\/guide.reassurez-moi.fr\/guide\/assurance-dependance\/abeille-assurances","og_site_name":"R\u00e9assurez-moi","article_publisher":"https:\/\/www.facebook.com\/R%c3%a9assurez-moi-209456495889479\/","og_image":[{"width":500,"height":160,"url":"https:\/\/guide.reassurez-moi.fr\/guide\/wp-content\/uploads\/2018\/04\/image-de-partage.png","type":"image\/png"}],"twitter_card":"summary_large_image","twitter_site":"@reassurezmoi","schema":{"@context":"https:\/\/schema.org","@graph":[{"@type":"WebPage","@id":"https:\/\/guide.reassurez-moi.fr\/guide\/assurance-dependance\/abeille-assurances","url":"https:\/\/guide.reassurez-moi.fr\/guide\/assurance-dependance\/abeille-assurances","name":"Assurance d\u00e9pendance Abeille Assurances | R\u00e9assurez-moi","isPartOf":{"@id":"https:\/\/guide.reassurez-moi.fr\/guide\/#website"},"datePublished":"2023-11-30T10:16:11+00:00","breadcrumb":{"@id":"https:\/\/guide.reassurez-moi.fr\/guide\/assurance-dependance\/abeille-assurances#breadcrumb"},"inLanguage":"fr-FR","potentialAction":[{"@type":"ReadAction","target":["https:\/\/guide.reassurez-moi.fr\/guide\/assurance-dependance\/abeille-assurances"]}]},{"@type":"BreadcrumbList","@id":"https:\/\/guide.reassurez-moi.fr\/guide\/assurance-dependance\/abeille-assurances#breadcrumb","itemListElement":[{"@type":"ListItem","position":1,"name":"Assurances","item":"https:\/\/guide.reassurez-moi.fr\/guide\/"},{"@type":"ListItem","position":2,"name":"Assurance d\u00e9pendance","item":"https:\/\/guide.reassurez-moi.fr\/guide\/assurance-dependance"},{"@type":"ListItem","position":3,"name":"Assurance d\u00e9pendance Abeille Assurances"}]},{"@type":"WebSite","@id":"https:\/\/guide.reassurez-moi.fr\/guide\/#website","url":"https:\/\/guide.reassurez-moi.fr\/guide\/","name":"R\u00e9assurez-moi","description":"Comparateur d&#039;assurances","potentialAction":[{"@type":"SearchAction","target":{"@type":"EntryPoint","urlTemplate":"https:\/\/guide.reassurez-moi.fr\/guide\/?s={search_term_string}"},"query-input":{"@type":"PropertyValueSpecification","valueRequired":true,"valueName":"search_term_string"}}],"inLanguage":"fr-FR"}]}},"acf":[],"_links":{"self":[{"href":"https:\/\/guide.reassurez-moi.fr\/guide\/wp-json\/wp\/v2\/pages\/198383","targetHints":{"allow":["GET"]}}],"collection":[{"href":"https:\/\/guide.reassurez-moi.fr\/guide\/wp-json\/wp\/v2\/pages"}],"about":[{"href":"https:\/\/guide.reassurez-moi.fr\/guide\/wp-json\/wp\/v2\/types\/page"}],"author":[{"embeddable":true,"href":"https:\/\/guide.reassurez-moi.fr\/guide\/wp-json\/wp\/v2\/users\/61"}],"replies":[{"embeddable":true,"href":"https:\/\/guide.reassurez-moi.fr\/guide\/wp-json\/wp\/v2\/comments?post=198383"}],"version-history":[{"count":0,"href":"https:\/\/guide.reassurez-moi.fr\/guide\/wp-json\/wp\/v2\/pages\/198383\/revisions"}],"up":[{"embeddable":true,"href":"https:\/\/guide.reassurez-moi.fr\/guide\/wp-json\/wp\/v2\/pages\/18131"}],"wp:attachment":[{"href":"https:\/\/guide.reassurez-moi.fr\/guide\/wp-json\/wp\/v2\/media?parent=198383"}],"wp:term":[{"taxonomy":"category","embeddable":true,"href":"https:\/\/guide.reassurez-moi.fr\/guide\/wp-json\/wp\/v2\/categories?post=198383"},{"taxonomy":"page_topic","embeddable":true,"href":"https:\/\/guide.reassurez-moi.fr\/guide\/wp-json\/wp\/v2\/page_topic?post=198383"}],"curies":[{"name":"wp","href":"https:\/\/api.w.org\/{rel}","templated":true}]}}