{"id":198415,"date":"2023-11-30T12:36:29","date_gmt":"2023-11-30T11:36:29","guid":{"rendered":"https:\/\/reassurez-moi.fr\/guide\/assurance-scolaire\/abeille-assurances"},"modified":"2023-11-30T12:36:29","modified_gmt":"2023-11-30T11:36:29","slug":"abeille-assurances","status":"publish","type":"page","link":"https:\/\/guide.reassurez-moi.fr\/guide\/assurance-scolaire\/abeille-assurances","title":{"rendered":"Assurance scolaire Abeille Assurances"},"content":{"rendered":"\n<h1 class=\"wp-block-heading\" id=\"l-assurance-scolaire-nom-assureur\">L&rsquo;assurance scolaire Abeille Assurances<\/h1>\n\n\n\n<p><strong>L&rsquo;assurance scolaire couvre les enfants de la maternelle aux \u00e9tudes sup\u00e9rieures. Si elle n\u2019est pas exig\u00e9e pour les activit\u00e9s \u00e0 l\u2019\u00e9cole, l\u2019assurance scolaire&nbsp;est&nbsp;obligatoire pour toutes les activit\u00e9s facultatives&nbsp;propos\u00e9es par la vie scolaire. D\u00e9couvrez notre avis sur l\u2019assurance scolaire et extrascolaire Abeille Assurances !<\/strong><\/p>\n\n\n\n<h2 class=\"wp-block-heading\" id=\"quelles-sont-les-garanties-de-l-assurance-scolaire-et-extrascolaire-nom-assureur\">Quelles sont les garanties de l&rsquo;assurance scolaire et extrascolaire Abeille Assurances ?<\/h2>\n\n\n\n<p><strong>Voici les garanties<\/strong> de l&rsquo;assurance scolaire  : <\/p>\n\n\n\n<figure class=\"wp-block-table is-style-header-simple\"><table><thead><tr><th class=\"has-text-align-center\" data-align=\"center\">Garanties<\/th><th class=\"has-text-align-center\" data-align=\"center\">Prise en charge<\/th><\/tr><\/thead><tbody><tr><td class=\"has-text-align-center\" data-align=\"center\"><strong>Responsabilit\u00e9 Civile (RC)<\/strong><\/td><td class=\"has-text-align-center\" data-align=\"center\"><i\n    class=\"safe-shortcode-icon\n                    yes\n            \"\n                                    title=oui\n            >\n<\/i><\/td><\/tr><tr><td class=\"has-text-align-center\" data-align=\"center\"><strong>Recours &#8211; D\u00e9fense p\u00e9nale<\/strong><\/td><td class=\"has-text-align-center\" data-align=\"center\"><i\n    class=\"safe-shortcode-icon\n                    yes\n            \"\n                                    title=oui\n            >\n<\/i><\/td><\/tr><tr><td class=\"has-text-align-center\" data-align=\"center\"><strong>Lunettes cass\u00e9es ou perdues<\/strong><\/td><td class=\"has-text-align-center\" data-align=\"center\"><i\n    class=\"safe-shortcode-icon\n                    yes\n            \"\n                                    title=oui\n            >\n<\/i><\/td><\/tr><tr><td class=\"has-text-align-center\" data-align=\"center\"><strong>Lentilles perdues<\/strong><\/td><td class=\"has-text-align-center\" data-align=\"center\"><i\n    class=\"safe-shortcode-icon\n                    yes\n            \"\n                                    title=oui\n            >\n<\/i><\/td><\/tr><tr><td class=\"has-text-align-center\" data-align=\"center\"><strong>Appareil dentaire cass\u00e9 ou perdu<\/strong><\/td><td class=\"has-text-align-center\" data-align=\"center\"><i\n    class=\"safe-shortcode-icon\n                    yes\n            \"\n                                    title=oui\n            >\n<\/i><\/td><\/tr><tr><td class=\"has-text-align-center\" data-align=\"center\"><strong>Dommages aux v\u00eatements<\/strong><\/td><td class=\"has-text-align-center\" data-align=\"center\"><i\n    class=\"safe-shortcode-icon\n                    yes\n            \"\n                                    title=oui\n            >\n<\/i><\/td><\/tr><tr><td class=\"has-text-align-center\" data-align=\"center\"><strong>Instruments de musique vol\u00e9s ou endommag\u00e9s<\/strong><\/td><td class=\"has-text-align-center\" data-align=\"center\"><i\n    class=\"safe-shortcode-icon\n                    yes\n            \"\n                                    title=oui\n            >\n<\/i><\/td><\/tr><tr><td class=\"has-text-align-center\" data-align=\"center\"><strong>Invalidit\u00e9<\/strong><\/td><td class=\"has-text-align-center\" data-align=\"center\"><i\n    class=\"safe-shortcode-icon\n                    yes\n            \"\n                                    title=oui\n            >\n<\/i><\/td><\/tr><tr><td class=\"has-text-align-center\" data-align=\"center\"><strong>D\u00e9c\u00e8s<\/strong><\/td><td class=\"has-text-align-center\" data-align=\"center\"><i\n    class=\"safe-shortcode-icon\n                    yes\n            \"\n                                    title=oui\n            >\n<\/i><\/td><\/tr><tr><td class=\"has-text-align-center\" data-align=\"center\"><strong>Honoraires m\u00e9dicaux suite \u00e0 un accident<\/strong><\/td><td class=\"has-text-align-center\" data-align=\"center\">Pas communiqu\u00e9<\/td><\/tr><tr><td class=\"has-text-align-center\" data-align=\"center\"><strong>Frais de recherche et secours<\/strong><\/td><td class=\"has-text-align-center\" data-align=\"center\">Pas communiqu\u00e9<\/td><\/tr><tr><td class=\"has-text-align-center\" data-align=\"center\"><strong>Interruption de scolarit\u00e9<\/strong><\/td><td class=\"has-text-align-center\" data-align=\"center\">Pas communiqu\u00e9<\/td><\/tr><tr><td class=\"has-text-align-center\" data-align=\"center\"><strong>Assistance<\/strong><\/td><td class=\"has-text-align-center\" data-align=\"center\">Pas communiqu\u00e9<\/td><\/tr><\/tbody><\/table><\/figure>\n\n\n<h2 id=\"les-garanties-d-assistance-scolaire-et-extrascolaire-nom-assureur\"><strong>Les garanties d&rsquo;assistance scolaire et extrascolaire Abeille Assurances<\/strong><\/h2>\n<!-- \/wp:heading -->\n\n<!-- wp:table {\"className\":\"is-style-header-simple\"} -->\n<figure class=\"wp-block-table is-style-header-simple\"><table><thead><tr><th class=\"has-text-align-center\" data-align=\"center\">Garanties d&rsquo;assistance<\/th><th class=\"has-text-align-center\" data-align=\"center\">Prise en charge<\/th><\/tr><\/thead><tbody><tr><td class=\"has-text-align-center\" data-align=\"center\"><strong>Rapatriement ou transport sanitaire<\/strong><\/td><td class=\"has-text-align-center\" data-align=\"center\">Pas communiqu\u00e9<\/td><\/tr><tr><td class=\"has-text-align-center\" data-align=\"center\"><strong>Accompagnement lors du rapatriement ou transport sanitaire<\/strong><\/td><td class=\"has-text-align-center\" data-align=\"center\">Pas communiqu\u00e9<\/td><\/tr><tr><td class=\"has-text-align-center\" data-align=\"center\"><strong>Soins m\u00e9dicaux \u00e0 l&rsquo;\u00e9tranger<\/strong><\/td><td class=\"has-text-align-center\" data-align=\"center\"><i\n    class=\"safe-shortcode-icon\n                    yes\n            \"\n                                    title=oui\n            >\n<\/i><\/td><\/tr><tr><td class=\"has-text-align-center\" data-align=\"center\"><strong>Pr\u00e9sence aupr\u00e8s de l\u2019\u00e9l\u00e8ve hospitalis\u00e9<\/strong><\/td><td class=\"has-text-align-center\" data-align=\"center\">Pas communiqu\u00e9<\/td><\/tr><tr><td class=\"has-text-align-center\" data-align=\"center\"><strong>Soutien psychologique en cas de harc\u00e8lement \/ racket<\/strong><\/td><td class=\"has-text-align-center\" data-align=\"center\"><i\n    class=\"safe-shortcode-icon\n                    yes\n            \"\n                                    title=oui\n            >\n<\/i><\/td><\/tr><tr><td class=\"has-text-align-center\" data-align=\"center\"><strong>Garde \u00e0 domicile<\/strong><\/td><td class=\"has-text-align-center\" data-align=\"center\"><i\n    class=\"safe-shortcode-icon\n                    yes\n            \"\n                                    title=oui\n            >\n<\/i><\/td><\/tr><\/tbody><\/table><\/figure>\n<!-- \/wp:table -->\n<div style=\"height:20px\" aria-hidden=\"true\" class=\"wp-block-spacer\"><\/div>\n<!-- \/wp:spacer -->\n\n<!-- wp:paragraph {\"align\":\"center\"} -->\n<p class=\"has-text-align-center\"><strong><a href=\"https:\/\/guide.reassurez-moi.fr\/guide\/wp-content\/uploads\/2019\/01\/conditions-generales-assurance-scolaire-aviva.pdf\" target=\"_blank\" rel=\"noreferrer noopener\">T\u00e9l\u00e9charger les conditions g\u00e9n\u00e9rales de l&rsquo;assurance Abeille Assurances :<\/a><\/strong><\/p>\n<!-- \/wp:paragraph -->\n\n<!-- wp:image {\"align\":\"center\",\"id\":131404,\"width\":120,\"height\":120,\"sizeSlug\":\"large\"} -->\n<div class=\"wp-block-image\"><figure class=\"aligncenter size-large is-resized\"><a href=\"https:\/\/guide.reassurez-moi.fr\/guide\/wp-content\/uploads\/2019\/01\/conditions-generales-assurance-scolaire-aviva.pdf\" target=\"_blank\" rel=\"noopener\"><img loading=\"lazy\" decoding=\"async\" src=\"https:\/\/guide.reassurez-moi.fr\/guide\/wp-content\/uploads\/2020\/07\/conditions-generales.jpg\" alt=\"conditions generales\" class=\"wp-image-131404\" width=\"120\" height=\"120\"\/><\/a><\/figure><\/div>\n<!-- \/wp:image -->\n<!-- wp:heading -->\n<h2 id=\"notre-avis-sur-l-assurance-scolaire-et-extrascolaire-nom-assureur\">Notre avis sur l\u2019assurance scolaire et extrascolaire Abeille Assurances<\/h2>\n<!-- \/wp:heading -->\n\n<!-- wp:paragraph -->\n<p><p>Le contrat d\u2019assurance scolaire Abeille Assurances fait partie des plus int\u00e9ressants sur le march\u00e9, avec d\u2019excellent garanties d\u2019assurance et d\u2019assistance. En mati\u00e8re de remboursements, les plafonds propos\u00e9s par l\u2019assurance scolaire Abeille Assurances sont int\u00e9ressants, avec une prise en charge \u00e9lev\u00e9e, quel que soit le sinistre. Seule la protection juridique attenante au contrat est trop limit\u00e9e, avec un plafond fix\u00e9 \u00e0 3 000 \u20ac par litige (quand la moyenne tourne autour de 20 000 \u20ac).<\/p>\n<p>Le prix de l\u2019assurance scolaire Abeille Assurances est \u00e9galement comp\u00e9titif, avec un tarif annuel de 14 \u20ac pour la formule Zen ou de 20 \u20ac pour la formule Plus Vous pouvez par ailleurs b\u00e9n\u00e9ficier d\u2019une r\u00e9duction de 2 \u20ac par an si vous y souscrivez par le biais de l\u2019assurance habitation Abeille, mais vous serez oblig\u00e9 de payer ce contrat en suppl\u00e9ment, ce qui laisse moins de marge de man\u0153uvre.<\/p><\/p>\n<!-- \/wp:paragraph -->\n\n<!-- wp:heading -->\n<h2 id=\"nom-assureur-meilleur-assureur-scolaire-du-marche\">Abeille Assurances, meilleur assureur scolaire du march\u00e9 ?<\/h2>\n<!-- \/wp:heading -->\n\n<!-- wp:paragraph -->\n<p><strong>Vous pouvez comparer Abeille Assurances aux autres offres d\u2019assurances scolaire du march\u00e9. Pour cela utilisez notre comparateur de mutuelles scolaires en ligne afin de voir les offres disponibles sur le march\u00e9, et comparez avec la proposition tarifaire de <strong>Abeille Assurances<\/strong> :<\/strong><\/p>\n<!-- \/wp:paragraph -->\n\n<!-- wp:spacer {\"height\":\"20px\"} -->\n<div style=\"height:20px\" aria-hidden=\"true\" class=\"wp-block-spacer\"><\/div>\n<!-- \/wp:spacer -->\n\n<!-- wp:shortcode -->\n\n<div class=\"flex  wp-block-rm-advertizing-block fix-in-sidebar\"><div class=\"image-container flex justify-center align-items-center py-3\"><img decoding=\"async\" src=\"https:\/\/guide.reassurez-moi.fr\/guide\/wp-content\/uploads\/2025\/06\/team_opti_short.png\" alt=\"reassurez-moi illustration\" class=\"wp-block-rm-advertizing-image\" loading=\"lazy\"\/><\/div><div class=\"\n                    rm-advertblock-container\n                    flex flex-column justify-center\n                    align-items-start\n                \"><p class=\"wp-block-rm-advertizing-text\n                              \n                            \">Assurance scolaire : les meilleures offres 2026<\/p><a href=\"https:\/\/reassurez-moi.fr\/guide\/assurance-scolaire\" class=\"wp-block-rm-advertizing-button\"><span class=\"wp-block-rm-advertizing-button-text\">Je compare 18 assurances scolaires<\/span><\/a><\/div><\/div>\n\n<!-- \/wp:shortcode -->\n\n<!-- wp:spacer {\"height\":\"40px\"} -->\n<div style=\"height:40px\" aria-hidden=\"true\" class=\"wp-block-spacer\"><\/div>\n<!-- \/wp:spacer -->\n\n<!-- wp:quote -->\n<blockquote class=\"wp-block-quote\"><p><em><span class=\"has-small-font-size\">En tant que courtier d&rsquo;assurance, notre mission est de vous informer et de vous conseiller sur les offres d&rsquo;assurance propos\u00e9es sur le march\u00e9. Ces fiches conseils ont pour objet de vous pr\u00e9senter les produits de nos <a href=\"https:\/\/reassurez-moi.fr\/guide\/cgu-cgv#MISE_EN_RELATION_AVEC_LES_PARTENAIRES\">assureurs partenaires<\/a> comme ceux avec lesquels nous n&rsquo;entretenons pas de liens.&nbsp;Ces fiches vous donnent notre&nbsp;analyse&nbsp;objective&nbsp;sur les contrats d&rsquo;assurance&nbsp;mais aussi&nbsp;des&nbsp;informations sur les formalit\u00e9s d&rsquo;adh\u00e9sion.<\/span><\/em><\/p><\/blockquote>\n<!-- \/wp:quote -->\n\n<!-- wp:heading -->\n<h2 id=\"quelle-prise-en-charge-par-l-assurance-scolaire-nom-assureur\">Quelle prise en charge par l\u2019assurance scolaire Abeille Assurances ?<\/h2>\n<!-- \/wp:heading -->\n\n<!-- wp:table {\"hasFixedLayout\":true,\"className\":\"is-style-header-double\"} -->\n<figure class=\"wp-block-table is-style-header-double\"><table class=\"has-fixed-layout\"><thead><tr><th><\/th><th class=\"has-text-align-center\" data-align=\"center\">Plafond d&rsquo;indemnisation<\/th><\/tr><\/thead><tbody><tr><td>Responsabilit\u00e9 civile<\/td><td class=\"has-text-align-center\" data-align=\"center\"><p>10 000 000 \u20ac<\/p><\/td><\/tr><tr><td>Recours \u2013 D\u00e9fense p\u00e9nale<\/td><td class=\"has-text-align-center\" data-align=\"center\">3 000 \u20ac\/litige<\/td><\/tr><tr><td>Frais m\u00e9dicaux suite \u00e0 un accident<\/td><td class=\"has-text-align-center\" data-align=\"center\">300 % de la BRSS<\/td><\/tr><tr><td>Frais de recherche et de secours<\/td><td class=\"has-text-align-center\" data-align=\"center\">Pas communiqu\u00e9<\/td><\/tr><tr><td>Interruption de scolarit\u00e9<\/td><td class=\"has-text-align-center\" data-align=\"center\">Pas communiqu\u00e9<\/td><\/tr><tr><td>Indemnit\u00e9s contractuelles invalidit\u00e9 permanente<\/td><td class=\"has-text-align-center\" data-align=\"center\"><p>De 23 000 \u20ac \u00e0 138 000 \u20ac en fonction du contrat souscrit. <\/p><\/td><\/tr><\/tbody><\/table><\/figure>\n<!-- \/wp:table -->\n\n<!-- wp:heading -->\n<h2 id=\"quel-est-le-tarif-de-l-assurance-scolaire-et-extrascolaire-nom-assureur\">Quel est le tarif de l\u2019assurance scolaire et extrascolaire Abeille Assurances ?<\/h2>\n<!-- \/wp:heading -->\n\n<!-- wp:paragraph -->\n<p><p>Entre 12 et 20 \u20ac par an, pour un enfant, selon la formule d&rsquo;assurance scolaire choisie (Zen ou Plus).<\/p><\/p>\n<!-- \/wp:paragraph -->\n\n<!-- wp:heading -->\n<h2 id=\"contact-de-l-assurance-scolaire-nom-assureur\">Contact de l\u2019assurance scolaire Abeille Assurances<\/h2>\n<!-- \/wp:heading -->\n\n<!-- wp:paragraph -->\n<p><strong>Vous trouverez votre num\u00e9ro de police d\u2019assurance Abeille Assurances sur votre contrat.<\/strong>Pour toutes question sur votre contrat ou demande d\u2019attestation d\u2019<a href=\"https:\/\/reassurez-moi.fr\/guide\/assurance-scolaire\/attestation\">assurance scolaire et extrascolaire<\/a>, les conseillers Abeille Assurances sont disponibles :<\/p>\n<!-- \/wp:paragraph -->\n\n<div class=\"wp-block-group\"><!-- wp:paragraph -->\n<p><strong>Par t\u00e9l\u00e9phone, au :<\/strong><\/p>\n<!-- \/wp:paragraph -->\n\n<!-- wp:paragraph -->\n<p>&lt;br&gt;01 41 32 21 56<\/p>\n<!-- \/wp:paragraph --><\/div>\n<!-- \/wp:group3 -->\n<div class=\"wp-block-group\"><!-- wp:paragraph -->\n<p><strong>Ou par courrier, \u00e0 l&rsquo;adresse suivante :<\/strong><\/p>\n<!-- \/wp:paragraph -->\n\n<!-- wp:paragraph -->\n<p><p>Abeille Assurances<br \/>\nTSA 72710<br \/>\n92895 Nanterre Cedex<\/p><\/p>\n<!-- \/wp:paragraph --><\/div>\n<!-- \/wp:group5 -->","protected":false},"excerpt":{"rendered":"<p>L&rsquo;assurance scolaire Abeille Assurances L&rsquo;assurance scolaire couvre les enfants de la maternelle aux \u00e9tudes sup\u00e9rieures. Si elle n\u2019est pas exig\u00e9e pour les activit\u00e9s \u00e0 l\u2019\u00e9cole, l\u2019assurance scolaire&nbsp;est&nbsp;obligatoire pour toutes les activit\u00e9s facultatives&nbsp;propos\u00e9es par la vie scolaire. D\u00e9couvrez notre avis sur l\u2019assurance scolaire et extrascolaire Abeille Assurances ! Quelles sont les garanties de l&rsquo;assurance scolaire et [&hellip;]<\/p>\n","protected":false},"author":61,"featured_media":0,"parent":38598,"menu_order":0,"comment_status":"open","ping_status":"closed","template":"","meta":{"_acf_changed":false,"footnotes":""},"categories":[],"page_topic":[584],"class_list":["post-198415","page","type-page","status-publish","hentry"],"yoast_head":"<!-- This site is optimized with the Yoast SEO plugin v24.7 - https:\/\/yoast.com\/wordpress\/plugins\/seo\/ -->\n<title>Notre avis sur l&#039;assurance scolaire Abeille Assurances | Garanties &amp; tarifs<\/title>\n<meta name=\"description\" content=\"Notre avis d&#039;expert sur l&#039;assurance scolaire Abeille Assurances - Comparatif avec 12 offres\" \/>\n<meta name=\"robots\" content=\"index, follow, max-snippet:-1, max-image-preview:large, max-video-preview:-1\" \/>\n<link rel=\"canonical\" href=\"https:\/\/guide.reassurez-moi.fr\/guide\/assurance-scolaire\/abeille-assurances\" \/>\n<meta property=\"og:locale\" content=\"fr_FR\" \/>\n<meta property=\"og:type\" content=\"article\" \/>\n<meta property=\"og:title\" content=\"Notre avis sur l&#039;assurance scolaire Abeille Assurances | Garanties &amp; tarifs\" \/>\n<meta property=\"og:description\" content=\"Notre avis d&#039;expert sur l&#039;assurance scolaire Abeille Assurances - Comparatif avec 12 offres\" \/>\n<meta property=\"og:url\" content=\"https:\/\/guide.reassurez-moi.fr\/guide\/assurance-scolaire\/abeille-assurances\" \/>\n<meta property=\"og:site_name\" content=\"R\u00e9assurez-moi\" \/>\n<meta property=\"article:publisher\" content=\"https:\/\/www.facebook.com\/R%c3%a9assurez-moi-209456495889479\/\" \/>\n<meta property=\"og:image\" content=\"https:\/\/guide.reassurez-moi.fr\/guide\/wp-content\/uploads\/2018\/04\/image-de-partage.png\" \/>\n\t<meta property=\"og:image:width\" content=\"500\" \/>\n\t<meta property=\"og:image:height\" content=\"160\" \/>\n\t<meta property=\"og:image:type\" content=\"image\/png\" \/>\n<meta name=\"twitter:card\" content=\"summary_large_image\" \/>\n<meta name=\"twitter:site\" content=\"@reassurezmoi\" \/>\n<script type=\"application\/ld+json\" class=\"yoast-schema-graph\">{\"@context\":\"https:\/\/schema.org\",\"@graph\":[{\"@type\":\"WebPage\",\"@id\":\"https:\/\/guide.reassurez-moi.fr\/guide\/assurance-scolaire\/abeille-assurances\",\"url\":\"https:\/\/guide.reassurez-moi.fr\/guide\/assurance-scolaire\/abeille-assurances\",\"name\":\"Assurance scolaire Abeille Assurances | R\u00e9assurez-moi\",\"isPartOf\":{\"@id\":\"https:\/\/guide.reassurez-moi.fr\/guide\/#website\"},\"datePublished\":\"2023-11-30T11:36:29+00:00\",\"breadcrumb\":{\"@id\":\"https:\/\/guide.reassurez-moi.fr\/guide\/assurance-scolaire\/abeille-assurances#breadcrumb\"},\"inLanguage\":\"fr-FR\",\"potentialAction\":[{\"@type\":\"ReadAction\",\"target\":[\"https:\/\/guide.reassurez-moi.fr\/guide\/assurance-scolaire\/abeille-assurances\"]}]},{\"@type\":\"BreadcrumbList\",\"@id\":\"https:\/\/guide.reassurez-moi.fr\/guide\/assurance-scolaire\/abeille-assurances#breadcrumb\",\"itemListElement\":[{\"@type\":\"ListItem\",\"position\":1,\"name\":\"Assurances\",\"item\":\"https:\/\/guide.reassurez-moi.fr\/guide\/\"},{\"@type\":\"ListItem\",\"position\":2,\"name\":\"Comparateur assurance scolaire\",\"item\":\"https:\/\/guide.reassurez-moi.fr\/guide\/assurance-scolaire\"},{\"@type\":\"ListItem\",\"position\":3,\"name\":\"Assurance scolaire Abeille Assurances\"}]},{\"@type\":\"WebSite\",\"@id\":\"https:\/\/guide.reassurez-moi.fr\/guide\/#website\",\"url\":\"https:\/\/guide.reassurez-moi.fr\/guide\/\",\"name\":\"R\u00e9assurez-moi\",\"description\":\"Comparateur d&#039;assurances\",\"potentialAction\":[{\"@type\":\"SearchAction\",\"target\":{\"@type\":\"EntryPoint\",\"urlTemplate\":\"https:\/\/guide.reassurez-moi.fr\/guide\/?s={search_term_string}\"},\"query-input\":{\"@type\":\"PropertyValueSpecification\",\"valueRequired\":true,\"valueName\":\"search_term_string\"}}],\"inLanguage\":\"fr-FR\"}]}<\/script>\n<!-- \/ Yoast SEO plugin. -->","yoast_head_json":{"title":"Notre avis sur l'assurance scolaire Abeille Assurances | Garanties & tarifs","description":"Notre avis d'expert sur l'assurance scolaire Abeille Assurances - Comparatif avec 12 offres","robots":{"index":"index","follow":"follow","max-snippet":"max-snippet:-1","max-image-preview":"max-image-preview:large","max-video-preview":"max-video-preview:-1"},"canonical":"https:\/\/guide.reassurez-moi.fr\/guide\/assurance-scolaire\/abeille-assurances","og_locale":"fr_FR","og_type":"article","og_title":"Notre avis sur l'assurance scolaire Abeille Assurances | Garanties & tarifs","og_description":"Notre avis d'expert sur l'assurance scolaire Abeille Assurances - Comparatif avec 12 offres","og_url":"https:\/\/guide.reassurez-moi.fr\/guide\/assurance-scolaire\/abeille-assurances","og_site_name":"R\u00e9assurez-moi","article_publisher":"https:\/\/www.facebook.com\/R%c3%a9assurez-moi-209456495889479\/","og_image":[{"width":500,"height":160,"url":"https:\/\/guide.reassurez-moi.fr\/guide\/wp-content\/uploads\/2018\/04\/image-de-partage.png","type":"image\/png"}],"twitter_card":"summary_large_image","twitter_site":"@reassurezmoi","schema":{"@context":"https:\/\/schema.org","@graph":[{"@type":"WebPage","@id":"https:\/\/guide.reassurez-moi.fr\/guide\/assurance-scolaire\/abeille-assurances","url":"https:\/\/guide.reassurez-moi.fr\/guide\/assurance-scolaire\/abeille-assurances","name":"Assurance scolaire Abeille Assurances | R\u00e9assurez-moi","isPartOf":{"@id":"https:\/\/guide.reassurez-moi.fr\/guide\/#website"},"datePublished":"2023-11-30T11:36:29+00:00","breadcrumb":{"@id":"https:\/\/guide.reassurez-moi.fr\/guide\/assurance-scolaire\/abeille-assurances#breadcrumb"},"inLanguage":"fr-FR","potentialAction":[{"@type":"ReadAction","target":["https:\/\/guide.reassurez-moi.fr\/guide\/assurance-scolaire\/abeille-assurances"]}]},{"@type":"BreadcrumbList","@id":"https:\/\/guide.reassurez-moi.fr\/guide\/assurance-scolaire\/abeille-assurances#breadcrumb","itemListElement":[{"@type":"ListItem","position":1,"name":"Assurances","item":"https:\/\/guide.reassurez-moi.fr\/guide\/"},{"@type":"ListItem","position":2,"name":"Comparateur assurance scolaire","item":"https:\/\/guide.reassurez-moi.fr\/guide\/assurance-scolaire"},{"@type":"ListItem","position":3,"name":"Assurance scolaire Abeille Assurances"}]},{"@type":"WebSite","@id":"https:\/\/guide.reassurez-moi.fr\/guide\/#website","url":"https:\/\/guide.reassurez-moi.fr\/guide\/","name":"R\u00e9assurez-moi","description":"Comparateur d&#039;assurances","potentialAction":[{"@type":"SearchAction","target":{"@type":"EntryPoint","urlTemplate":"https:\/\/guide.reassurez-moi.fr\/guide\/?s={search_term_string}"},"query-input":{"@type":"PropertyValueSpecification","valueRequired":true,"valueName":"search_term_string"}}],"inLanguage":"fr-FR"}]}},"acf":[],"_links":{"self":[{"href":"https:\/\/guide.reassurez-moi.fr\/guide\/wp-json\/wp\/v2\/pages\/198415","targetHints":{"allow":["GET"]}}],"collection":[{"href":"https:\/\/guide.reassurez-moi.fr\/guide\/wp-json\/wp\/v2\/pages"}],"about":[{"href":"https:\/\/guide.reassurez-moi.fr\/guide\/wp-json\/wp\/v2\/types\/page"}],"author":[{"embeddable":true,"href":"https:\/\/guide.reassurez-moi.fr\/guide\/wp-json\/wp\/v2\/users\/61"}],"replies":[{"embeddable":true,"href":"https:\/\/guide.reassurez-moi.fr\/guide\/wp-json\/wp\/v2\/comments?post=198415"}],"version-history":[{"count":0,"href":"https:\/\/guide.reassurez-moi.fr\/guide\/wp-json\/wp\/v2\/pages\/198415\/revisions"}],"up":[{"embeddable":true,"href":"https:\/\/guide.reassurez-moi.fr\/guide\/wp-json\/wp\/v2\/pages\/38598"}],"wp:attachment":[{"href":"https:\/\/guide.reassurez-moi.fr\/guide\/wp-json\/wp\/v2\/media?parent=198415"}],"wp:term":[{"taxonomy":"category","embeddable":true,"href":"https:\/\/guide.reassurez-moi.fr\/guide\/wp-json\/wp\/v2\/categories?post=198415"},{"taxonomy":"page_topic","embeddable":true,"href":"https:\/\/guide.reassurez-moi.fr\/guide\/wp-json\/wp\/v2\/page_topic?post=198415"}],"curies":[{"name":"wp","href":"https:\/\/api.w.org\/{rel}","templated":true}]}}