{"id":198457,"date":"2023-11-30T16:50:28","date_gmt":"2023-11-30T15:50:28","guid":{"rendered":"https:\/\/reassurez-moi.fr\/guide\/assurance-vie\/abeille-assurances"},"modified":"2023-11-30T16:50:28","modified_gmt":"2023-11-30T15:50:28","slug":"abeille-assurances","status":"publish","type":"page","link":"https:\/\/guide.reassurez-moi.fr\/guide\/assurance-vie\/abeille-assurances","title":{"rendered":"Assurance vie Abeille Assurances"},"content":{"rendered":"\n<h1 class=\"wp-block-heading\" id=\"assurance-vie-nom-acteur\">Assurance vie Abeille Assurances<\/h1>\n\n\n\n<p><strong>L\u2019assurance-vie est un produit d\u2019\u00e9pargne pr\u00e9sentant de nombreux avantages en mati\u00e8re de fiscalit\u00e9. Que cela soit pour placer de l\u2019argent, \u00e9pargner ou encore optimiser la transmission de son capital, il peut s\u2019av\u00e9rer tr\u00e8s avantageux. Que penser de l&rsquo;assurance vie d&#039;Abeille Assurances ? Quel est le rendement du contrat d&rsquo;assurance vie d&#039;Abeille Assurances ? Notre avis sur l&rsquo;assurance vie Abeille Assurances. <\/strong><\/p>\n\n\n\n<h2 class=\"wp-block-heading\" id=\"quelle-est-la-fiscalite-pratiquee-par-nom-acteur\">Quels sont les frais pratiqu\u00e9s par Abeille Assurances ? <\/h2>\n\n\n\n<p><strong>Pour vous aider dans vos recherches, nous vous d\u00e9taillons ci-dessous les&nbsp;frais<\/strong>&nbsp;qui s\u2019appliquent \u00e0 l\u2019assurance vie&nbsp;Abeille Assurances&nbsp;:<\/p>\n\n\n\n<figure class=\"wp-block-table is-style-header-double\"><table><thead><tr><th><\/th><th class=\"has-text-align-center\" data-align=\"center\">Frais sur versements<\/th><th class=\"has-text-align-center\" data-align=\"center\">Frais de gestion<\/th><th class=\"has-text-align-center\" data-align=\"center\">Frais d&rsquo;unit\u00e9 de compte<\/th><\/tr><\/thead><tbody><tr><td>Contrat Abeille \u00c9pargne Active<\/td><td class=\"has-text-align-center\" data-align=\"center\">5 %<\/td><td class=\"has-text-align-center\" data-align=\"center\">1 %<\/td><td class=\"has-text-align-center\" data-align=\"center\">1 %<\/td><\/tr><tr><td>Contrat Norwich Libre choix 2<\/td><td class=\"has-text-align-center\" data-align=\"center\">5 %<\/td><td class=\"has-text-align-center\" data-align=\"center\">1 %<\/td><td class=\"has-text-align-center\" data-align=\"center\">1 %<\/td><\/tr><tr><td><strong>Contrat S\u00e9lection International 3<\/strong><\/td><td class=\"has-text-align-center\" data-align=\"center\">4,31 %<\/td><td class=\"has-text-align-center\" data-align=\"center\">0,95 %<\/td><td class=\"has-text-align-center\" data-align=\"center\">0,95 %<\/td><\/tr><\/tbody><\/table><\/figure>\n\n\n\n<h2 class=\"wp-block-heading\" id=\"quel-est-le-taux-de-l-assurance-vie-nom-acteur\">Quel est le taux de l&rsquo;assurance vie Abeille Assurances ? <\/h2>\n\n\n\n<p><strong>L\u2019assurance vie se distingue par le fait qu\u2019elle propose un support d\u2019investissement.<\/strong>&nbsp;C\u2019est-\u00e0-dire qu\u2019elle inclut un taux pouvant permettre des gains. Ces derniers seront souvent proportionnels au risque encouru. Ainsi, plus vous choisissez un placement s\u00e9curitaire, moins les taux seront hauts mais plus votre argent sera garanti. <\/p>\n\n\n\n<p><strong>Un bon moyen de choisir un contrat est d\u2019analyser les&nbsp;<a href=\"https:\/\/reassurez-moi.fr\/guide\/assurance-vie\/rendement\">taux d\u2019assurance vie<\/a>&nbsp;pratiqu\u00e9s l\u2019ann\u00e9e pr\u00e9c\u00e9dente&nbsp;<\/strong>ainsi que l\u2019\u00e9volution sur les 2 ann\u00e9es pass\u00e9es. Notre zoom sur les taux d&rsquo;assurance vie d&#039;Abeille Assurances : <\/p>\n\n\n\n<figure class=\"wp-block-table is-style-header-double\"><table><thead><tr><th><\/th><th class=\"has-text-align-center\" data-align=\"center\">Rendement 2022<\/th><th class=\"has-text-align-center\" data-align=\"center\">Rendement sur ces 3 derni\u00e8res ann\u00e9es<\/th><\/tr><\/thead><tbody><tr><td>Profil standard de l&#039;assurance vie Norwich Libre choix 2<\/td><td class=\"has-text-align-center\" data-align=\"center\">1,41 %<\/td><td class=\"has-text-align-center\" data-align=\"center\">5,45 %<\/td><\/tr><\/tbody><\/table><\/figure>\n\n\n\n<div class=\"wp-block-mars-information icon-info\"><i class=\"icon\"><\/i><p>Si vous choisissez un mode de gestion soumis \u00e0 des frais, assurez-vous que les taux de rendement annonc\u00e9s s\u2019expriment en net. C\u2019est le meilleur moyen de ne pas avoir de mauvaises surprises !<\/p><\/div>\n\n\n\n<h2 class=\"wp-block-heading\" id=\"quels-sont-les-modes-de-gestion-de-l-assurance-vie-nom-acteur\">Quels sont les modes de gestion de l&rsquo;assurance vie Abeille Assurances ? <\/h2>\n\n\n\n<p><strong>Voici les diff\u00e9rents modes de gestion propos\u00e9s par l\u2019assureur&nbsp;Abeille Assurances&nbsp;sur son offre d\u2019assurance vie&nbsp;et ce que chacun d\u2019eux impliquent :&nbsp;<\/strong><\/p>\n\n\n\n<figure class=\"wp-block-table is-style-header-double\"><table><thead><tr><th><\/th><th class=\"has-text-align-center\" data-align=\"center\">D\u00e9tails<\/th><\/tr><\/thead><tbody><tr><td>Gestion libre<\/td><td class=\"has-text-align-center\" data-align=\"center\"><p>L\u2019investisseur d\u00e9l\u00e8gue une partie de la gestion de son capital \u00e0 un expert. Le profil peut \u00eatre prudent, \u00e9quilibr\u00e9 ou dynamique selon le niveau de libert\u00e9 accord\u00e9 au sp\u00e9cialiste mandat\u00e9.<\/p><\/td><\/tr><tr><td><strong>Gestion sous mandat<\/strong><\/td><td class=\"has-text-align-center\" data-align=\"center\"><p>Cela correspond \u00e0 la d\u00e9l\u00e9gation individuelle de la gestion \u00e0 un sp\u00e9cialiste du domaine. L\u2019expert en question d\u00e9cide lui-m\u00eame de la composition du portefeuille de l\u2019investisseur qui l\u2019a mandat\u00e9. Il peut donc vendre et acheter librement et l\u2019on parle alors d\u2019arbitrage.<\/p><\/td><\/tr><tr><td><strong>Gestion pilot\u00e9e<\/strong><\/td><td class=\"has-text-align-center\" data-align=\"center\"><p>L\u2019investisseur d\u00e9termine \u00e0 l\u2019avance la r\u00e9partition de son capital en fonction des \u00e9ch\u00e9ances futures. La plus commune est g\u00e9n\u00e9ralement l\u2019\u00e2ge de la retraite, qui suppose normalement le rapatriement des fonds sur un investissement s\u00fbr en euros, pour limiter les pertes \u00e9ventuelles li\u00e9es aux unit\u00e9s de compte.<\/p><\/td><\/tr><\/tbody><\/table><figcaption>Modes de gestion propos\u00e9 par Abeille Assurances<\/figcaption><\/figure>\n\n\n\n<div class=\"wp-block-group\">\n<p><strong>Pour conna\u00eetre tous les d\u00e9tails de l&rsquo;assurance vie Abeille Assurances, <\/strong>vous pouvez t\u00e9l\u00e9charger leurs conditions g\u00e9n\u00e9rales ci-dessous. Vous y retrouverez le d\u00e9tail des modes de gestion, de fiscalit\u00e9 mais aussi les conditions de succession ou de rachat propos\u00e9es par Abeille Assurances.<\/p>\n\n\n\n<p class=\"has-text-align-center\"><strong><a href=\"https:\/\/guide.reassurez-moi.fr\/guide\/wp-content\/uploads\/2023\/11\/assurance_vie_abeille_assurances.pdf\" data-type=\"URL\" data-id=\"https:\/\/guide.reassurez-moi.fr\/guide\/wp-content\/uploads\/2023\/11\/assurance_vie_abeille_assurances.pdf\">T\u00e9l\u00e9charger les conditions g\u00e9n\u00e9rales de l&rsquo;assurance vie Abeille Assurances <\/a>:<\/strong><\/p>\n\n\n\n<div class=\"wp-block-image\"><figure class=\"aligncenter size-large is-resized\"><a href=\"https:\/\/guide.reassurez-moi.fr\/guide\/wp-content\/uploads\/2023\/11\/assurance_vie_abeille_assurances.pdf\" rel=\"noindex follow\"><img loading=\"lazy\" decoding=\"async\" src=\"https:\/\/guide.reassurez-moi.fr\/guide\/wp-content\/uploads\/2020\/07\/conditions-generales.jpg\" alt=\"conditions generales\" class=\"wp-image-131404\" width=\"120\" height=\"120\"\/><\/a><\/figure><\/div>\n<\/div>\n\n\n\n<h2 class=\"wp-block-heading\" id=\"quel-est-notre-avis-sur-l-assurance-vie-nom-acteur\">Quel est notre avis sur l&rsquo;assurance vie Abeille Assurances ? <\/h2>\n\n\n\n<p><p>Parmi les 5 contrats propos\u00e9s par Abeille Assurances pour l\u2019assurance vie, tous ne se valent pas. Si les frais sur versements sont syst\u00e9matiquement tr\u00e8s \u00e9lev\u00e9s (5 % ou 4,31 %), le rendement est quant \u00e0 lui relativement pauvre en 2018 sur le fonds en euros (1,80 %), bien qu\u2019il reste acceptable sur 3 ans (5,75 %).<\/p>\n<p>Le contrat Strat\u00e9gie Epargne Retraite est globalement int\u00e9ressant, avec des options de pr\u00e9voyance incluses d\u2019office et une gamme de supports vari\u00e9e. Le rachat n\u2019est en revanche possible qu\u2019\u00e0 partir de 10 000 \u20ac d\u2019\u00e9pargne, m\u00eame partiel, alors que le versement minimum est fix\u00e9 \u00e0 150 \u20ac.<\/p>\n<p>L\u2019assurance vie Norwich Libre choix 2 est relativement attractive, avec l\u00e0 encore une gamme de supports diversifi\u00e9e et six options de gestion sans frais propos\u00e9es. En termes de modes de gestion purs, seule la gestion libre est propos\u00e9e et les options d\u2019arbitrage automatique ne sont pas disponibles.<\/p>\n<p>Aviva Norwich Libre option 2 reste le contrat le plus int\u00e9ressant de l\u2019assureur, incluant de multiples options de gestion, une gamme de supports vari\u00e9e et deux garantis de pr\u00e9voyance propos\u00e9es. Les frais de gestion et d\u2019arbitrage sont quant \u00e0 eux dans la moyenne du march\u00e9 de l\u2019assurance vie.<\/p>\n<p>La formule S\u00e9lection International 3 dispose d\u2019un versement minimum de 3 000 \u20ac, soit le double des deux contrats pr\u00e9c\u00e9dents. Les options de gestion sont multiples, la gamme de supports diversifi\u00e9e et des garanties de pr\u00e9voyance sont incluses d\u2019office. En revanche, les frais sont \u00e9lev\u00e9s et le rachat partiel n\u2019est l\u00e0 aussi disponible qu\u2019\u00e0 partir de 10 000 \u20ac d\u2019\u00e9pargne.<\/p>\n<p>Le contrat Libre choix 2 est une formule haut de gamme, avec un versement minimum de 70 000 \u20ac. Les frais y sont \u00e9lev\u00e9s, mais les possibilit\u00e9s d\u2019arbitrage ainsi que les avances (jusqu\u2019\u00e0 80 % du fonds en euros) sont int\u00e9ressantes. La gestion sous mandat n\u2019est pas pr\u00e9vue, alors que l\u2019investissement est n\u00e9cessairement plus important et n\u00e9cessite souvent des conseils de professionnels et la gamme de supports est relativement limit\u00e9e.<\/p>\n<p>La gamme \u00e9tendue des contrats d\u2019assurance vie Abeille Assurances devrait vous permettre de trouver une formule adapt\u00e9e \u00e0 vos besoins. R\u00e9assurez-moi appr\u00e9cie notamment la gradation progressive des versements minimum (150 \u20ac, 1 500 \u20ac, 3 000 \u20ac ou 70 000 \u20ac).<\/p><\/p>\n\n\n\n<h2 class=\"wp-block-heading\" id=\"comment-souscrire-l-assurance-vie-nom-acteur\">Quelles sont les conditions de souscription de l&rsquo;assurance vie Abeille Assurances ?<\/h2>\n\n\n\n<p><strong>Les contrats d\u2019assurance vie sont soumis \u00e0 des conditions de souscription qui diff\u00e8rent selon les acteurs. <\/strong>Concernant le contrat&nbsp;d&rsquo;assurance vie Abeille Assurances, voici les modalit\u00e9s \u00e0 respecter :&nbsp;&nbsp;<\/p>\n\n\n\n<ul class=\"wp-block-list\"><li>Versement minimum&nbsp;:&nbsp;1 500 \u20ac <\/li><li>Mode de souscription&nbsp;:&nbsp;contrat classique&nbsp;<\/li><li>\u00c2ge limite de souscription&nbsp;:&nbsp;Non communiqu\u00e9<\/li><li>Co-adh\u00e9sion possible&nbsp;:&nbsp;Non communiqu\u00e9<\/li><\/ul>\n\n\n\n<div class=\"wp-block-mars-information icon-info\"><i class=\"icon\"><\/i><p><strong>Quand faut-il souscrire \u00e0 un contrat d\u2019assurance vie ?<\/strong> D\u00e8s que possible ! La fiscalit\u00e9 \u00e9tant de plus en plus avantageuse avec le temps, il est conseill\u00e9 de \u00ab prendre date fiscale \u00bb le plus t\u00f4t possible. <\/p><\/div>\n\n\n\n<h2 class=\"wp-block-heading\" id=\"comment-fonctionne-le-rachat-de-l-assurance-vie-nom-acteur\">Comment fonctionne le rachat de l\u2019assurance vie Abeille Assurances ?<\/h2>\n\n\n\n<p><strong>Selon les contrats, il vous est possible de demander le <a href=\"https:\/\/reassurez-moi.fr\/guide\/assurance-vie\/rachat\">rachat<\/a> ou l\u2019avance de votre assurance vie.&nbsp;<\/strong>Cette transaction est soumise \u00e0 des r\u00e8gles, en fonction de la date d\u2019anciennet\u00e9 de votre contrat (avant ou apr\u00e8s le 27 septembre 2017).&nbsp;<\/p>\n\n\n\n<p><strong>Chez&nbsp;Abeille Assurances, voici les options qui s\u2019offrent \u00e0 vous en cas de besoin de liquidit\u00e9s :&nbsp;&nbsp;<\/strong><\/p>\n\n\n\n<figure class=\"wp-block-table is-style-header-double\"><table><thead><tr><th><\/th><th class=\"has-text-align-center\" data-align=\"center\">Avance<\/th><th class=\"has-text-align-center\" data-align=\"center\">Rachat partiel<\/th><th class=\"has-text-align-center\" data-align=\"center\">P\u00e9nalit\u00e9s de rachat total<\/th><\/tr><\/thead><tbody><tr><td>Abeille Assurances<\/td><td class=\"has-text-align-center\" data-align=\"center\"><i\n    class=\"safe-shortcode-icon\n                    yes\n            \"\n                                    title=oui\n            >\n<\/i><\/td><td class=\"has-text-align-center\" data-align=\"center\"><i\n    class=\"safe-shortcode-icon\n                    yes\n            \"\n                                    title=oui\n            >\n<\/i><\/td><td class=\"has-text-align-center\" data-align=\"center\"><i\n    class=\"safe-shortcode-icon\n                    no\n            \"\n                                    title=non\n            >\n<\/i><\/td><\/tr><\/tbody><\/table><\/figure>\n\n\n\n<h2 class=\"wp-block-heading\" id=\"comment-contacter-l-assurance-vie-nom-acteur\">Comment contacter l&rsquo;assurance vie Abeille Assurances ? <\/h2>\n\n\n\n<p><strong>Les conseillers&nbsp;Abeille Assurances&nbsp;sont joignables par t\u00e9l\u00e9phone&nbsp;au<\/strong> : 01 76 62 50 00&lt;br&gt; 08.05.02.00.11<br><br><strong>Vous pouvez aussi \u00e9crire \u00e0 l&rsquo;assurance vie Abeille Assurances \u00e0 l&rsquo;adresse suivante :<\/strong><\/p>\n\n\n\n<p class=\"has-text-align-center\"><p>Abeille Vie<br \/>\n70 avenue de l\u2019Europe &#8211;<br \/>\n92270 Bois-Colombes<br \/>\n732 020 805 R.C.S. Nanterre <\/p><\/p>\n\n\n\n<h2 class=\"wp-block-heading\" id=\"nom-acteur-la-meilleure-assurance-vie\">Abeille Assurances, la meilleure assurance vie ? <\/h2>\n\n\n\n<p><strong>Comparez l&rsquo;assurance vie d&#039;Abeille Assurances aux autres assurances vie du march\u00e9 en simulant un devis imm\u00e9diat, vous obtiendrez un comparatif<\/strong>&nbsp;de tous les assureurs avec un acc\u00e8s aux taux appliqu\u00e9s et aux diff\u00e9rentes options de gestion propos\u00e9es :<\/p>\n\n\n\n<div style=\"height:20px\" aria-hidden=\"true\" class=\"wp-block-spacer\"><\/div>\n\n\n\n<div class=\"flex  wp-block-rm-advertizing-block fix-in-sidebar\"><div class=\"image-container flex justify-center align-items-center py-3\"><img decoding=\"async\" src=\"https:\/\/guide.reassurez-moi.fr\/guide\/wp-content\/uploads\/2025\/06\/team_opti_short.png\" alt=\"reassurez-moi illustration\" class=\"wp-block-rm-advertizing-image\" loading=\"lazy\"\/><\/div><div class=\"\n                    rm-advertblock-container\n                    flex flex-column justify-center\n                    align-items-start\n                \"><p class=\"wp-block-rm-advertizing-text\n                              \n                            \">Les meilleurs contrats d&rsquo;assurance vie en 2025<\/p><a href=\"https:\/\/reassurez-moi.fr\/guide\/assurance-vie\" class=\"wp-block-rm-advertizing-button\"><span class=\"wp-block-rm-advertizing-button-text\">Comparer les assurances vie<\/span><\/a><\/div><\/div>\n\n\n\n\n<div style=\"height:40px\" aria-hidden=\"true\" class=\"wp-block-spacer\"><\/div>\n\n\n\n<blockquote class=\"wp-block-quote is-layout-flow wp-block-quote-is-layout-flow\"><p><em><span class=\"has-small-font-size\">En tant que courtier d&rsquo;assurance, notre mission est de vous informer et de vous conseiller sur les offres d&rsquo;assurance propos\u00e9es sur le march\u00e9. Ces fiches conseils ont pour objet de vous pr\u00e9senter les produits de nos <a href=\"https:\/\/reassurez-moi.fr\/guide\/cgu-cgv#MISE_EN_RELATION_AVEC_LES_PARTENAIRES\">assureurs partenaires<\/a> comme ceux avec lesquels nous n&rsquo;entretenons pas de liens.\u00a0Ces fiches vous donnent notre\u00a0analyse\u00a0objective\u00a0sur les contrats d&rsquo;assurance\u00a0mais aussi\u00a0des\u00a0informations sur les formalit\u00e9s d&rsquo;adh\u00e9sion.<\/span><\/em><\/p><\/blockquote>\n","protected":false},"excerpt":{"rendered":"<p>Assurance vie Abeille Assurances L\u2019assurance-vie est un produit d\u2019\u00e9pargne pr\u00e9sentant de nombreux avantages en mati\u00e8re de fiscalit\u00e9. Que cela soit pour placer de l\u2019argent, \u00e9pargner ou encore optimiser la transmission de son capital, il peut s\u2019av\u00e9rer tr\u00e8s avantageux. Que penser de l&rsquo;assurance vie d&#039;Abeille Assurances ? Quel est le rendement du contrat d&rsquo;assurance vie d&#039;Abeille [&hellip;]<\/p>\n","protected":false},"author":61,"featured_media":0,"parent":53845,"menu_order":0,"comment_status":"open","ping_status":"closed","template":"","meta":{"_acf_changed":false,"footnotes":""},"categories":[],"page_topic":[741],"class_list":["post-198457","page","type-page","status-publish","hentry"],"yoast_head":"<!-- This site is optimized with the Yoast SEO plugin v24.7 - https:\/\/yoast.com\/wordpress\/plugins\/seo\/ -->\n<title>Notre avis sur l&#039;assurance vie Abeille Assurances | Rendement et conditions <\/title>\n<meta name=\"description\" content=\"Tous les d\u00e9tails de l&#039;assurance vie Abeille Assurances expliqu\u00e9s - Comparatif pour trouver la formule la plus adapt\u00e9e \u00e0 votre \u00e9pargne !\" \/>\n<meta name=\"robots\" content=\"index, follow, max-snippet:-1, max-image-preview:large, max-video-preview:-1\" \/>\n<link rel=\"canonical\" href=\"https:\/\/guide.reassurez-moi.fr\/guide\/assurance-vie\/abeille-assurances\" \/>\n<meta property=\"og:locale\" content=\"fr_FR\" \/>\n<meta property=\"og:type\" content=\"article\" \/>\n<meta property=\"og:title\" content=\"Notre avis sur l&#039;assurance vie Abeille Assurances | Rendement et conditions\" \/>\n<meta property=\"og:description\" content=\"Tous les d\u00e9tails de l&#039;assurance vie Abeille Assurances expliqu\u00e9s - Comparatif pour trouver la formule la plus adapt\u00e9e \u00e0 votre \u00e9pargne !\" \/>\n<meta property=\"og:url\" content=\"https:\/\/guide.reassurez-moi.fr\/guide\/assurance-vie\/abeille-assurances\" \/>\n<meta property=\"og:site_name\" content=\"R\u00e9assurez-moi\" \/>\n<meta property=\"article:publisher\" content=\"https:\/\/www.facebook.com\/R%c3%a9assurez-moi-209456495889479\/\" \/>\n<meta property=\"og:image\" content=\"https:\/\/guide.reassurez-moi.fr\/guide\/wp-content\/uploads\/2018\/04\/image-de-partage.png\" \/>\n\t<meta property=\"og:image:width\" content=\"500\" \/>\n\t<meta property=\"og:image:height\" content=\"160\" \/>\n\t<meta property=\"og:image:type\" content=\"image\/png\" \/>\n<meta name=\"twitter:card\" content=\"summary_large_image\" \/>\n<meta name=\"twitter:site\" content=\"@reassurezmoi\" \/>\n<script type=\"application\/ld+json\" class=\"yoast-schema-graph\">{\"@context\":\"https:\/\/schema.org\",\"@graph\":[{\"@type\":\"WebPage\",\"@id\":\"https:\/\/guide.reassurez-moi.fr\/guide\/assurance-vie\/abeille-assurances\",\"url\":\"https:\/\/guide.reassurez-moi.fr\/guide\/assurance-vie\/abeille-assurances\",\"name\":\"Assurance vie Abeille Assurances | R\u00e9assurez-moi\",\"isPartOf\":{\"@id\":\"https:\/\/guide.reassurez-moi.fr\/guide\/#website\"},\"datePublished\":\"2023-11-30T15:50:28+00:00\",\"breadcrumb\":{\"@id\":\"https:\/\/guide.reassurez-moi.fr\/guide\/assurance-vie\/abeille-assurances#breadcrumb\"},\"inLanguage\":\"fr-FR\",\"potentialAction\":[{\"@type\":\"ReadAction\",\"target\":[\"https:\/\/guide.reassurez-moi.fr\/guide\/assurance-vie\/abeille-assurances\"]}]},{\"@type\":\"BreadcrumbList\",\"@id\":\"https:\/\/guide.reassurez-moi.fr\/guide\/assurance-vie\/abeille-assurances#breadcrumb\",\"itemListElement\":[{\"@type\":\"ListItem\",\"position\":1,\"name\":\"Assurances\",\"item\":\"https:\/\/guide.reassurez-moi.fr\/guide\/\"},{\"@type\":\"ListItem\",\"position\":2,\"name\":\"Assurance vie\",\"item\":\"https:\/\/guide.reassurez-moi.fr\/guide\/assurance-vie\"},{\"@type\":\"ListItem\",\"position\":3,\"name\":\"Assurance vie Abeille Assurances\"}]},{\"@type\":\"WebSite\",\"@id\":\"https:\/\/guide.reassurez-moi.fr\/guide\/#website\",\"url\":\"https:\/\/guide.reassurez-moi.fr\/guide\/\",\"name\":\"R\u00e9assurez-moi\",\"description\":\"Comparateur d&#039;assurances\",\"potentialAction\":[{\"@type\":\"SearchAction\",\"target\":{\"@type\":\"EntryPoint\",\"urlTemplate\":\"https:\/\/guide.reassurez-moi.fr\/guide\/?s={search_term_string}\"},\"query-input\":{\"@type\":\"PropertyValueSpecification\",\"valueRequired\":true,\"valueName\":\"search_term_string\"}}],\"inLanguage\":\"fr-FR\"}]}<\/script>\n<!-- \/ Yoast SEO plugin. -->","yoast_head_json":{"title":"Notre avis sur l'assurance vie Abeille Assurances | Rendement et conditions ","description":"Tous les d\u00e9tails de l'assurance vie Abeille Assurances expliqu\u00e9s - Comparatif pour trouver la formule la plus adapt\u00e9e \u00e0 votre \u00e9pargne !","robots":{"index":"index","follow":"follow","max-snippet":"max-snippet:-1","max-image-preview":"max-image-preview:large","max-video-preview":"max-video-preview:-1"},"canonical":"https:\/\/guide.reassurez-moi.fr\/guide\/assurance-vie\/abeille-assurances","og_locale":"fr_FR","og_type":"article","og_title":"Notre avis sur l'assurance vie Abeille Assurances | Rendement et conditions","og_description":"Tous les d\u00e9tails de l'assurance vie Abeille Assurances expliqu\u00e9s - Comparatif pour trouver la formule la plus adapt\u00e9e \u00e0 votre \u00e9pargne !","og_url":"https:\/\/guide.reassurez-moi.fr\/guide\/assurance-vie\/abeille-assurances","og_site_name":"R\u00e9assurez-moi","article_publisher":"https:\/\/www.facebook.com\/R%c3%a9assurez-moi-209456495889479\/","og_image":[{"width":500,"height":160,"url":"https:\/\/guide.reassurez-moi.fr\/guide\/wp-content\/uploads\/2018\/04\/image-de-partage.png","type":"image\/png"}],"twitter_card":"summary_large_image","twitter_site":"@reassurezmoi","schema":{"@context":"https:\/\/schema.org","@graph":[{"@type":"WebPage","@id":"https:\/\/guide.reassurez-moi.fr\/guide\/assurance-vie\/abeille-assurances","url":"https:\/\/guide.reassurez-moi.fr\/guide\/assurance-vie\/abeille-assurances","name":"Assurance vie Abeille Assurances | R\u00e9assurez-moi","isPartOf":{"@id":"https:\/\/guide.reassurez-moi.fr\/guide\/#website"},"datePublished":"2023-11-30T15:50:28+00:00","breadcrumb":{"@id":"https:\/\/guide.reassurez-moi.fr\/guide\/assurance-vie\/abeille-assurances#breadcrumb"},"inLanguage":"fr-FR","potentialAction":[{"@type":"ReadAction","target":["https:\/\/guide.reassurez-moi.fr\/guide\/assurance-vie\/abeille-assurances"]}]},{"@type":"BreadcrumbList","@id":"https:\/\/guide.reassurez-moi.fr\/guide\/assurance-vie\/abeille-assurances#breadcrumb","itemListElement":[{"@type":"ListItem","position":1,"name":"Assurances","item":"https:\/\/guide.reassurez-moi.fr\/guide\/"},{"@type":"ListItem","position":2,"name":"Assurance vie","item":"https:\/\/guide.reassurez-moi.fr\/guide\/assurance-vie"},{"@type":"ListItem","position":3,"name":"Assurance vie Abeille Assurances"}]},{"@type":"WebSite","@id":"https:\/\/guide.reassurez-moi.fr\/guide\/#website","url":"https:\/\/guide.reassurez-moi.fr\/guide\/","name":"R\u00e9assurez-moi","description":"Comparateur d&#039;assurances","potentialAction":[{"@type":"SearchAction","target":{"@type":"EntryPoint","urlTemplate":"https:\/\/guide.reassurez-moi.fr\/guide\/?s={search_term_string}"},"query-input":{"@type":"PropertyValueSpecification","valueRequired":true,"valueName":"search_term_string"}}],"inLanguage":"fr-FR"}]}},"acf":[],"_links":{"self":[{"href":"https:\/\/guide.reassurez-moi.fr\/guide\/wp-json\/wp\/v2\/pages\/198457","targetHints":{"allow":["GET"]}}],"collection":[{"href":"https:\/\/guide.reassurez-moi.fr\/guide\/wp-json\/wp\/v2\/pages"}],"about":[{"href":"https:\/\/guide.reassurez-moi.fr\/guide\/wp-json\/wp\/v2\/types\/page"}],"author":[{"embeddable":true,"href":"https:\/\/guide.reassurez-moi.fr\/guide\/wp-json\/wp\/v2\/users\/61"}],"replies":[{"embeddable":true,"href":"https:\/\/guide.reassurez-moi.fr\/guide\/wp-json\/wp\/v2\/comments?post=198457"}],"version-history":[{"count":0,"href":"https:\/\/guide.reassurez-moi.fr\/guide\/wp-json\/wp\/v2\/pages\/198457\/revisions"}],"up":[{"embeddable":true,"href":"https:\/\/guide.reassurez-moi.fr\/guide\/wp-json\/wp\/v2\/pages\/53845"}],"wp:attachment":[{"href":"https:\/\/guide.reassurez-moi.fr\/guide\/wp-json\/wp\/v2\/media?parent=198457"}],"wp:term":[{"taxonomy":"category","embeddable":true,"href":"https:\/\/guide.reassurez-moi.fr\/guide\/wp-json\/wp\/v2\/categories?post=198457"},{"taxonomy":"page_topic","embeddable":true,"href":"https:\/\/guide.reassurez-moi.fr\/guide\/wp-json\/wp\/v2\/page_topic?post=198457"}],"curies":[{"name":"wp","href":"https:\/\/api.w.org\/{rel}","templated":true}]}}