{"id":198622,"date":"2023-12-05T12:48:00","date_gmt":"2023-12-05T11:48:00","guid":{"rendered":"https:\/\/reassurez-moi.fr\/guide\/assurance-obseques\/abeille-assurances"},"modified":"2023-12-05T12:48:00","modified_gmt":"2023-12-05T11:48:00","slug":"abeille-assurances","status":"publish","type":"page","link":"https:\/\/guide.reassurez-moi.fr\/guide\/assurance-obseques\/abeille-assurances","title":{"rendered":"L'assurance obs\u00e8ques Abeille Assurances "},"content":{"rendered":"\n<h1 class=\"wp-block-heading\" id=\"l-assurance-obseques-nom-acteur\">L&rsquo;assurance obs\u00e8ques Abeille Assurances <\/h1>\n\n\n\n<p><strong>L&rsquo;assurance obs\u00e8ques peut \u00eatre souscrite par toute personne souhaitant financer ses fun\u00e9railles par avance, en constituant, au fil du temps, un capital sp\u00e9cifiquement destin\u00e9 \u00e0 cette fin. R\u00e9assurez-moi d\u00e9crypte pour vous l&rsquo;assurance obs\u00e8ques Abeille Assurances .<\/strong><\/p>\n\n\n\n<h2 class=\"wp-block-heading\" id=\"quelles-sont-les-garanties-de-l-assurance-obseques-nom-acteur\">Quelles sont les garanties de l&rsquo;assurance obs\u00e8ques Abeille Assurances  ?<\/h2>\n\n\n\n<p><strong>Vous trouverez ci-dessous un tableau comparatif&nbsp;des garanties obs\u00e8ques Abeille Assurances .<\/strong> Cela peut s\u2019av\u00e9rer utile si vous arbitrez entre deux contrats et h\u00e9sitez&nbsp;lequel choisir :<\/p>\n\n\n\n<p class=\"has-text-align-center has-medium-font-size\"><strong>Souscription \/ Prise d&rsquo;effet du contrat obs\u00e8ques Abeille Assurances  :<\/strong><\/p>\n\n\n\n<figure class=\"wp-block-table is-style-header-double\"><table><thead><tr><th class=\"has-text-align-center\" data-align=\"center\"><\/th><th class=\"has-text-align-center\" data-align=\"center\">Assurance obs\u00e8ques Abeille Assurances <\/th><\/tr><\/thead><tbody><tr><td class=\"has-text-align-center\" data-align=\"center\"><strong>\u00c2ge maximum de souscription<\/strong><\/td><td class=\"has-text-align-center\" data-align=\"center\"><p>84 ans<\/p><\/td><\/tr><tr><td class=\"has-text-align-center\" data-align=\"center\"><strong>D\u00e9lai de carence<\/strong><\/td><td class=\"has-text-align-center\" data-align=\"center\"><p>Aucun<\/p><\/td><\/tr><\/tbody><\/table><\/figure>\n\n\n\n<p class=\"has-text-align-center has-medium-font-size\"><strong>Modularit\u00e9 et prestations du contrat obs\u00e8ques Abeille Assurances  :<\/strong><\/p>\n\n\n\n<figure class=\"wp-block-table is-style-header-double\"><table><thead><tr><th class=\"has-text-align-center\" data-align=\"center\"><\/th><th class=\"has-text-align-center\" data-align=\"center\"><strong>Assurance obs\u00e8ques Abeille Assurances <\/strong><\/th><\/tr><\/thead><tbody><tr><td class=\"has-text-align-center\" data-align=\"center\"><strong>Modification possible du capital ou de la formule<\/strong><\/td><td class=\"has-text-align-center\" data-align=\"center\"><i\n    class=\"safe-shortcode-icon\n                    yes\n            \"\n                                    title=oui\n            >\n<\/i><\/td><\/tr><tr><td class=\"has-text-align-center\" data-align=\"center\"><strong>Conditions associ\u00e9es au rachat total<\/strong><\/td><td class=\"has-text-align-center\" data-align=\"center\"><i\n    class=\"safe-shortcode-icon\n                    no\n            \"\n                                    title=non\n            >\n<\/i><\/td><\/tr><tr><td class=\"has-text-align-center\" data-align=\"center\"><strong>P\u00e9nalit\u00e9s appliqu\u00e9es en cas de rachat total<\/strong><\/td><td class=\"has-text-align-center\" data-align=\"center\"><i\n    class=\"safe-shortcode-icon\n                    no\n            \"\n                                    title=non\n            >\n<\/i><\/td><\/tr><tr><td class=\"has-text-align-center\" data-align=\"center\"><strong>Personnalisation possible des prestations<\/strong><\/td><td class=\"has-text-align-center\" data-align=\"center\">Se r\u00e9f\u00e9rer aux conditions g\u00e9n\u00e9rales du contrat<\/td><\/tr><tr><td class=\"has-text-align-center\" data-align=\"center\"><strong>Garantie de bonne ex\u00e9cution<\/strong><\/td><td class=\"has-text-align-center\" data-align=\"center\">Se r\u00e9f\u00e9rer aux conditions g\u00e9n\u00e9rales du contrat<\/td><\/tr><\/tbody><\/table><\/figure>\n\n\n\n<p class=\"has-text-align-center has-medium-font-size\"><strong>Garanties d&rsquo;assistance du contrat obs\u00e8ques Abeille Assurances  :<\/strong><\/p>\n\n\n\n<figure class=\"wp-block-table is-style-header-double\"><table><thead><tr><th class=\"has-text-align-center\" data-align=\"center\"><\/th><th class=\"has-text-align-center\" data-align=\"center\"><strong>Assurance obs\u00e8ques Abeille Assurances <\/strong><\/th><\/tr><\/thead><tbody><tr><td class=\"has-text-align-center\" data-align=\"center\"><strong>Rapatriement des accompagnants<\/strong><\/td><td class=\"has-text-align-center\" data-align=\"center\"><i\n    class=\"safe-shortcode-icon\n                    yes\n            \"\n                                    title=oui\n            >\n<\/i><\/td><\/tr><tr><td class=\"has-text-align-center\" data-align=\"center\"><strong>Aide m\u00e9nag\u00e8re<\/strong><\/td><td class=\"has-text-align-center\" data-align=\"center\"><i\n    class=\"safe-shortcode-icon\n                    no\n            \"\n                                    title=non\n            >\n<\/i><\/td><\/tr><tr><td class=\"has-text-align-center\" data-align=\"center\"><strong>Garde des animaux<\/strong><\/td><td class=\"has-text-align-center\" data-align=\"center\"><i\n    class=\"safe-shortcode-icon\n                    no\n            \"\n                                    title=non\n            >\n<\/i><\/td><\/tr><tr><td class=\"has-text-align-center\" data-align=\"center\"><strong>Assistance t\u00e9l\u00e9phonique<\/strong><\/td><td class=\"has-text-align-center\" data-align=\"center\"><i\n    class=\"safe-shortcode-icon\n                    yes\n            \"\n                                    title=oui\n            >\n<\/i><\/td><\/tr><\/tbody><\/table><\/figure>\n\n\n<div style=\"height:20px\" aria-hidden=\"true\" class=\"wp-block-spacer\"><\/div>\n<!-- \/wp:spacer -->\n\n<!-- wp:heading {\"level\":3} -->\n<h3 id=\"conditions-generales-de-l-assurance-obseques-nom-acteur\">Conditions g\u00e9n\u00e9rales de l&rsquo;assurance obs\u00e8ques Abeille Assurances <\/h3>\n<!-- \/wp:heading -->\n\n<!-- wp:paragraph -->\n<p><strong>Elles vous sont fournies lorsque vous souscrivez votre contrat d\u2019assurance obs\u00e8ques.<\/strong> Vous pouvez aussi \u00e0 tout moment les demander \u00e0 votre service client, qui vous les enverra par voie postale ou \u00e9lectronique. Enfin, vous pouvez les r\u00e9cup\u00e9rer dans votre espace client en ligne.<\/p>\n<!-- \/wp:paragraph -->\n\n<!-- wp:paragraph {\"align\":\"center\"} -->\n<p class=\"has-text-align-center\"><strong><a href=\"https:\/\/guide.reassurez-moi.fr\/guide\/wp-content\/uploads\/2023\/12\/Assurance_obseques_abeille-assurances.pdf\">T\u00e9l\u00e9charger les conditions g\u00e9n\u00e9rales de l&rsquo;assurance obs\u00e8ques Abeille Assurances  :<\/a><\/strong><\/p>\n<!-- \/wp:paragraph -->\n\n<!-- wp:image {\"align\":\"center\",\"id\":131404,\"width\":120,\"height\":120,\"sizeSlug\":\"large\"} -->\n<div class=\"wp-block-image\"><figure class=\"aligncenter size-large is-resized\"><a href=\"https:\/\/guide.reassurez-moi.fr\/guide\/wp-content\/uploads\/2023\/12\/Assurance_obseques_abeille-assurances.pdf\"><img loading=\"lazy\" decoding=\"async\" src=\"https:\/\/guide.reassurez-moi.fr\/guide\/wp-content\/uploads\/2020\/07\/conditions-generales.jpg\" alt=\"conditions generales\" class=\"wp-image-131404\" width=\"120\" height=\"120\"\/><\/a><\/figure><\/div>\n<!-- \/wp:image -->\n\n<!-- wp:spacer {\"height\":\"20px\"} -->\n<div style=\"height:20px\" aria-hidden=\"true\" class=\"wp-block-spacer\"><\/div>\n<!-- \/wp:spacer -->\n<!-- wp:heading -->\n<h2 id=\"quel-est-notre-avis-sur-l-assurance-obseques-nom-acteur\">Quel est notre avis sur l&rsquo;assurance obs\u00e8ques Abeille Assurances  ?<\/h2>\n<!-- \/wp:heading -->\n\n<!-- wp:paragraph -->\n<p><p>Notre avis sur le contrat d\u2019assurance obs\u00e8ques Abeille Assurances (ex Aviva) est plut\u00f4t positif. Trois modes de payement existent : viager ou temporaire. De plus, les tarifs sont particuli\u00e8rement int\u00e9ressants. Cependant, on aurait appr\u00e9ci\u00e9 qu\u2019il n\u2019y ait pas de p\u00e9nalit\u00e9s en cas de rachat total durant les 10 premi\u00e8res ann\u00e9es.<\/p><\/p>\n<!-- \/wp:paragraph -->\n\n<!-- wp:heading -->\n<h2 id=\"nom-acteur-la-meilleure-assurance-obseques\">Abeille Assurances , la meilleure assurance obs\u00e8ques ?<\/h2>\n<!-- \/wp:heading -->\n\n<!-- wp:paragraph -->\n<p><strong>Comparez l\u2019assurance obs\u00e8ques Abeille Assurances  aux autres assurances du march\u00e9 en simulant un devis imm\u00e9diat<\/strong>, vous obtiendrez un comparatif de tous les assureurs avec un acc\u00e8s aux tarifs pratiqu\u00e9s et aux garanties qui conviennent \u00e0 votre recherche :<\/p>\n<!-- \/wp:paragraph -->\n\n<!-- wp:spacer {\"height\":\"20px\"} -->\n<div style=\"height:20px\" aria-hidden=\"true\" class=\"wp-block-spacer\"><\/div>\n<!-- \/wp:spacer -->\n\n<!-- wp:shortcode -->\n\n<div class=\"wp-block-rm-advertizing-block fix-in-sidebar advertising-block-sidebar-item\">\n    <div class=\"image-container flex justify-center align-items-center\">\n        <img decoding=\"async\" src=\"https:\/\/guide.reassurez-moi.fr\/guide\/wp-content\/uploads\/2025\/06\/team_opti_short.png\"\n             alt=\"reassurez-moi illustration\"\n             class=\"wp-block-rm-advertizing-image\"\n             loading=\"lazy\"\n        \/>\n    <\/div>\n    <div class=\"rm-advertblock-container flex flex-column justify-center align-items-start\">\n        <p class=\"wp-block-rm-advertizing-text\">\n            \u00c9conomisez en comparant \n        <\/p>\n        <p class=\"wp-block-rm-advertizing-sub-text\">\n            + de 15 assurances obs\u00e8ques\n        <\/p>\n        <a\n            href=\"https:\/\/reassurez-moi.fr\/guide\/assurance-obseques\"\n            class=\"wp-block-rm-advertizing-button\"\n        >\n            <span class=\"wp-block-rm-advertizing-button-text\">\n                Comparer \n            <\/span>\n            <span class=\"wp-block-rm-advertizing-button-sub-text\">\n                les assurances obs\u00e8ques\n            <\/span>\n        <\/a>\n    <\/div>\n<\/div>\n\n<!-- \/wp:shortcode -->\n\n<!-- wp:spacer {\"height\":\"40px\"} -->\n<div style=\"height:40px\" aria-hidden=\"true\" class=\"wp-block-spacer\"><\/div>\n<!-- \/wp:spacer -->\n\n<!-- wp:quote -->\n<blockquote class=\"wp-block-quote\"><p><em><span class=\"has-small-font-size\">En tant que courtier d&rsquo;assurance, notre mission est de vous informer et de vous conseiller sur les offres d&rsquo;assurance propos\u00e9es sur le march\u00e9. Ces fiches conseils ont pour objet de vous pr\u00e9senter les produits de nos<a href=\"https:\/\/reassurez-moi.fr\/guide\/partenaires\" data-type=\"post\" data-id=\"205253\"> assureurs partenaires<\/a> comme ceux avec lesquels nous n&rsquo;entretenons pas de liens.\u00a0Ces fiches vous donnent notre\u00a0analyse\u00a0objective\u00a0sur les contrats d&rsquo;assurance\u00a0mais aussi\u00a0des\u00a0informations sur les formalit\u00e9s d&rsquo;adh\u00e9sion.<\/span><\/em><\/p><\/blockquote>\n<!-- \/wp:quote -->\n\n<!-- wp:heading -->\n<h2 id=\"quel-est-le-tarif-de-l-assurance-obseques-nom-acteur\">Quel est le tarif de l&rsquo;assurance obs\u00e8ques Abeille Assurances  ?<\/h2>\n<!-- \/wp:heading -->\n\n<p><strong>Pour vous permettre de mieux \u00e9valuer les prix&nbsp;propos\u00e9s par Abeille Assurances , vous trouverez ci-apr\u00e8s un tableau comparatif des tarifs en vigueur :<\/strong><\/p>\n<!-- \/wp:paragraph -->\n\n<!-- wp:table {\"className\":\"is-style-header-double\"} -->\n<figure class=\"wp-block-table is-style-header-double\"><table><thead><tr><th><\/th><th class=\"has-text-align-center\" data-align=\"center\">Formule initiale<\/th><\/tr><\/thead><tbody><tr><td>Tarif mensuel pour une souscription \u00e0 60 ans<\/td><td class=\"has-text-align-center\" data-align=\"center\">Se r\u00e9f\u00e9rer \u00e0 la grille tarifaire envoy\u00e9e en fonction du capital qui sera pris en exemple<\/td><\/tr><\/tbody><\/table><\/figure>\n<!-- \/wp:table -->\n\n<!-- wp:mars\/information -->\n<div class=\"wp-block-mars-information icon-info\"><i class=\"icon\"><\/i><p>Le calcul de l\u2019assurance obs\u00e8ques d\u00e9pend essentiellement du montant que vous souhaitez que vos b\u00e9n\u00e9ficiaires touchent \u00e0 votre d\u00e9c\u00e8s, et donc du co\u00fbt anticip\u00e9 de vos obs\u00e8ques.<\/p><\/div>\n<!-- \/wp:mars\/information -->\n\n<!-- wp:heading -->\n<h2 id=\"comment-contacter-nom-acteur\">Comment contacter Abeille Assurances  ?<\/h2>\n<!-- \/wp:heading -->\n\n<!-- wp:paragraph -->\n<p><strong>Pour tout renseignement sur l&rsquo;assurance obs\u00e8ques Abeille Assurances , vous pouvez contacter un conseiller en assurances : <\/strong><\/p>\n<!-- \/wp:paragraph -->\n\n<!-- wp:list -->\n<ul><li><strong>Via le site internet Abeille Assurances .<\/strong><\/li><\/ul>\n<!-- \/wp:list -->\n\n<ul><li><strong>Par t\u00e9l\u00e9phone, au :<\/strong> 01 41 32 21 56<\/li><\/ul>\n<!-- \/wp:list -->\n<ul><li><strong>Par courrier postal<\/strong>, \u00e0 l&rsquo;adresse suivante :<\/li><\/ul>\n<!-- \/wp:list -->\n\n<!-- wp:paragraph {\"align\":\"center\"} -->\n<p class=\"has-text-align-center\"><p>Abeille Assurances<br \/>\nTSA 72710<br \/>\n92895 Nanterre Cedex<\/p><\/p>\n<!-- \/wp:paragraph -->","protected":false},"excerpt":{"rendered":"<p>L&rsquo;assurance obs\u00e8ques Abeille Assurances L&rsquo;assurance obs\u00e8ques peut \u00eatre souscrite par toute personne souhaitant financer ses fun\u00e9railles par avance, en constituant, au fil du temps, un capital sp\u00e9cifiquement destin\u00e9 \u00e0 cette fin. R\u00e9assurez-moi d\u00e9crypte pour vous l&rsquo;assurance obs\u00e8ques Abeille Assurances . Quelles sont les garanties de l&rsquo;assurance obs\u00e8ques Abeille Assurances ? Vous trouverez ci-dessous un tableau [&hellip;]<\/p>\n","protected":false},"author":61,"featured_media":0,"parent":19309,"menu_order":0,"comment_status":"open","ping_status":"closed","template":"","meta":{"_acf_changed":false,"footnotes":""},"categories":[],"page_topic":[730],"class_list":["post-198622","page","type-page","status-publish","hentry"],"yoast_head":"<!-- This site is optimized with the Yoast SEO plugin v24.7 - https:\/\/yoast.com\/wordpress\/plugins\/seo\/ -->\n<title>Notre avis sur l&#039;assurance obs\u00e8ques Abeille Assurances  | Garanties et tarifs<\/title>\n<meta name=\"description\" content=\"L&#039;assurance obs\u00e8ques Abeille Assurances  en d\u00e9tails - Couverture, niveau d&#039;indemnisation et garanties - Devis en ligne 100 % gratuits !\" \/>\n<meta name=\"robots\" content=\"index, follow, max-snippet:-1, max-image-preview:large, max-video-preview:-1\" \/>\n<link rel=\"canonical\" href=\"https:\/\/guide.reassurez-moi.fr\/guide\/assurance-obseques\/abeille-assurances\" \/>\n<meta property=\"og:locale\" content=\"fr_FR\" \/>\n<meta property=\"og:type\" content=\"article\" \/>\n<meta property=\"og:title\" content=\"Notre avis sur l&#039;assurance obs\u00e8ques Abeille Assurances  | Garanties et tarifs\" \/>\n<meta property=\"og:description\" content=\"L&#039;assurance obs\u00e8ques Abeille Assurances  en d\u00e9tails - Couverture, niveau d&#039;indemnisation et garanties - Devis en ligne 100 % gratuits !\" \/>\n<meta property=\"og:url\" content=\"https:\/\/guide.reassurez-moi.fr\/guide\/assurance-obseques\/abeille-assurances\" \/>\n<meta property=\"og:site_name\" content=\"R\u00e9assurez-moi\" \/>\n<meta property=\"article:publisher\" content=\"https:\/\/www.facebook.com\/R%c3%a9assurez-moi-209456495889479\/\" \/>\n<meta property=\"og:image\" content=\"https:\/\/guide.reassurez-moi.fr\/guide\/wp-content\/uploads\/2018\/04\/image-de-partage.png\" \/>\n\t<meta property=\"og:image:width\" content=\"500\" \/>\n\t<meta property=\"og:image:height\" content=\"160\" \/>\n\t<meta property=\"og:image:type\" content=\"image\/png\" \/>\n<meta name=\"twitter:card\" content=\"summary_large_image\" \/>\n<meta name=\"twitter:site\" content=\"@reassurezmoi\" \/>\n<script type=\"application\/ld+json\" class=\"yoast-schema-graph\">{\"@context\":\"https:\/\/schema.org\",\"@graph\":[{\"@type\":\"WebPage\",\"@id\":\"https:\/\/guide.reassurez-moi.fr\/guide\/assurance-obseques\/abeille-assurances\",\"url\":\"https:\/\/guide.reassurez-moi.fr\/guide\/assurance-obseques\/abeille-assurances\",\"name\":\"L'assurance obs\u00e8ques Abeille Assurances | R\u00e9assurez-moi\",\"isPartOf\":{\"@id\":\"https:\/\/guide.reassurez-moi.fr\/guide\/#website\"},\"datePublished\":\"2023-12-05T11:48:00+00:00\",\"breadcrumb\":{\"@id\":\"https:\/\/guide.reassurez-moi.fr\/guide\/assurance-obseques\/abeille-assurances#breadcrumb\"},\"inLanguage\":\"fr-FR\",\"potentialAction\":[{\"@type\":\"ReadAction\",\"target\":[\"https:\/\/guide.reassurez-moi.fr\/guide\/assurance-obseques\/abeille-assurances\"]}]},{\"@type\":\"BreadcrumbList\",\"@id\":\"https:\/\/guide.reassurez-moi.fr\/guide\/assurance-obseques\/abeille-assurances#breadcrumb\",\"itemListElement\":[{\"@type\":\"ListItem\",\"position\":1,\"name\":\"Assurances\",\"item\":\"https:\/\/guide.reassurez-moi.fr\/guide\/\"},{\"@type\":\"ListItem\",\"position\":2,\"name\":\"Assurance obs\u00e8ques\",\"item\":\"https:\/\/guide.reassurez-moi.fr\/guide\/assurance-obseques\"},{\"@type\":\"ListItem\",\"position\":3,\"name\":\"L'assurance obs\u00e8ques Abeille Assurances\"}]},{\"@type\":\"WebSite\",\"@id\":\"https:\/\/guide.reassurez-moi.fr\/guide\/#website\",\"url\":\"https:\/\/guide.reassurez-moi.fr\/guide\/\",\"name\":\"R\u00e9assurez-moi\",\"description\":\"Comparateur d&#039;assurances\",\"potentialAction\":[{\"@type\":\"SearchAction\",\"target\":{\"@type\":\"EntryPoint\",\"urlTemplate\":\"https:\/\/guide.reassurez-moi.fr\/guide\/?s={search_term_string}\"},\"query-input\":{\"@type\":\"PropertyValueSpecification\",\"valueRequired\":true,\"valueName\":\"search_term_string\"}}],\"inLanguage\":\"fr-FR\"}]}<\/script>\n<!-- \/ Yoast SEO plugin. -->","yoast_head_json":{"title":"Notre avis sur l'assurance obs\u00e8ques Abeille Assurances  | Garanties et tarifs","description":"L'assurance obs\u00e8ques Abeille Assurances  en d\u00e9tails - Couverture, niveau d'indemnisation et garanties - Devis en ligne 100 % gratuits !","robots":{"index":"index","follow":"follow","max-snippet":"max-snippet:-1","max-image-preview":"max-image-preview:large","max-video-preview":"max-video-preview:-1"},"canonical":"https:\/\/guide.reassurez-moi.fr\/guide\/assurance-obseques\/abeille-assurances","og_locale":"fr_FR","og_type":"article","og_title":"Notre avis sur l'assurance obs\u00e8ques Abeille Assurances  | Garanties et tarifs","og_description":"L'assurance obs\u00e8ques Abeille Assurances  en d\u00e9tails - Couverture, niveau d'indemnisation et garanties - Devis en ligne 100 % gratuits !","og_url":"https:\/\/guide.reassurez-moi.fr\/guide\/assurance-obseques\/abeille-assurances","og_site_name":"R\u00e9assurez-moi","article_publisher":"https:\/\/www.facebook.com\/R%c3%a9assurez-moi-209456495889479\/","og_image":[{"width":500,"height":160,"url":"https:\/\/guide.reassurez-moi.fr\/guide\/wp-content\/uploads\/2018\/04\/image-de-partage.png","type":"image\/png"}],"twitter_card":"summary_large_image","twitter_site":"@reassurezmoi","schema":{"@context":"https:\/\/schema.org","@graph":[{"@type":"WebPage","@id":"https:\/\/guide.reassurez-moi.fr\/guide\/assurance-obseques\/abeille-assurances","url":"https:\/\/guide.reassurez-moi.fr\/guide\/assurance-obseques\/abeille-assurances","name":"L'assurance obs\u00e8ques Abeille Assurances | R\u00e9assurez-moi","isPartOf":{"@id":"https:\/\/guide.reassurez-moi.fr\/guide\/#website"},"datePublished":"2023-12-05T11:48:00+00:00","breadcrumb":{"@id":"https:\/\/guide.reassurez-moi.fr\/guide\/assurance-obseques\/abeille-assurances#breadcrumb"},"inLanguage":"fr-FR","potentialAction":[{"@type":"ReadAction","target":["https:\/\/guide.reassurez-moi.fr\/guide\/assurance-obseques\/abeille-assurances"]}]},{"@type":"BreadcrumbList","@id":"https:\/\/guide.reassurez-moi.fr\/guide\/assurance-obseques\/abeille-assurances#breadcrumb","itemListElement":[{"@type":"ListItem","position":1,"name":"Assurances","item":"https:\/\/guide.reassurez-moi.fr\/guide\/"},{"@type":"ListItem","position":2,"name":"Assurance obs\u00e8ques","item":"https:\/\/guide.reassurez-moi.fr\/guide\/assurance-obseques"},{"@type":"ListItem","position":3,"name":"L'assurance obs\u00e8ques Abeille Assurances"}]},{"@type":"WebSite","@id":"https:\/\/guide.reassurez-moi.fr\/guide\/#website","url":"https:\/\/guide.reassurez-moi.fr\/guide\/","name":"R\u00e9assurez-moi","description":"Comparateur d&#039;assurances","potentialAction":[{"@type":"SearchAction","target":{"@type":"EntryPoint","urlTemplate":"https:\/\/guide.reassurez-moi.fr\/guide\/?s={search_term_string}"},"query-input":{"@type":"PropertyValueSpecification","valueRequired":true,"valueName":"search_term_string"}}],"inLanguage":"fr-FR"}]}},"acf":[],"_links":{"self":[{"href":"https:\/\/guide.reassurez-moi.fr\/guide\/wp-json\/wp\/v2\/pages\/198622","targetHints":{"allow":["GET"]}}],"collection":[{"href":"https:\/\/guide.reassurez-moi.fr\/guide\/wp-json\/wp\/v2\/pages"}],"about":[{"href":"https:\/\/guide.reassurez-moi.fr\/guide\/wp-json\/wp\/v2\/types\/page"}],"author":[{"embeddable":true,"href":"https:\/\/guide.reassurez-moi.fr\/guide\/wp-json\/wp\/v2\/users\/61"}],"replies":[{"embeddable":true,"href":"https:\/\/guide.reassurez-moi.fr\/guide\/wp-json\/wp\/v2\/comments?post=198622"}],"version-history":[{"count":0,"href":"https:\/\/guide.reassurez-moi.fr\/guide\/wp-json\/wp\/v2\/pages\/198622\/revisions"}],"up":[{"embeddable":true,"href":"https:\/\/guide.reassurez-moi.fr\/guide\/wp-json\/wp\/v2\/pages\/19309"}],"wp:attachment":[{"href":"https:\/\/guide.reassurez-moi.fr\/guide\/wp-json\/wp\/v2\/media?parent=198622"}],"wp:term":[{"taxonomy":"category","embeddable":true,"href":"https:\/\/guide.reassurez-moi.fr\/guide\/wp-json\/wp\/v2\/categories?post=198622"},{"taxonomy":"page_topic","embeddable":true,"href":"https:\/\/guide.reassurez-moi.fr\/guide\/wp-json\/wp\/v2\/page_topic?post=198622"}],"curies":[{"name":"wp","href":"https:\/\/api.w.org\/{rel}","templated":true}]}}