{"id":201743,"date":"2024-04-24T11:53:20","date_gmt":"2024-04-24T09:53:20","guid":{"rendered":"https:\/\/reassurez-moi.fr\/guide\/?page_id=201743"},"modified":"2026-02-02T15:45:43","modified_gmt":"2026-02-02T14:45:43","slug":"controle-technique","status":"publish","type":"page","link":"https:\/\/guide.reassurez-moi.fr\/guide\/assurance-moto\/controle-technique","title":{"rendered":"Assurance moto &#8211; Contr\u00f4le technique"},"content":{"rendered":"\n<h1 class=\"wp-block-heading\">Tout savoir sur le contr\u00f4le technique d\u2019une moto<\/h1>\n\n\n\n<p>Depuis le 15 avril 2024 le contr\u00f4le technique des deux-roues est obligatoire en France. Une mesure qui vise \u00e0 r\u00e9duire le nombre d&rsquo;accidents caus\u00e9s par des d\u00e9faillances techniques, \u00e0 v\u00e9rifier le niveau de pollution environnementale et sonore des v\u00e9hicules les plus anciens et \u00e0 contr\u00f4ler le march\u00e9 de l\u2019occasion. Alors votre v\u00e9hicule est-il concern\u00e9 ? Quand devez-vous r\u00e9aliser votre contr\u00f4le technique et dans quel centre ?<\/p>\n\n\n\n<h2 class=\"wp-block-heading\">Quelles sont les motos concern\u00e9es par le contr\u00f4le technique ?<\/h2>\n\n\n\n<p><strong>La r\u00e9glementation pour le contr\u00f4le technique <\/strong>s\u2019applique \u00e0 tous les v\u00e9hicules de deux, trois roues et quadricycles \u00e0 moteur.&nbsp;<\/p>\n\n\n\n<p><strong>Elle concerne :<\/strong><\/p>\n\n\n\n<ul class=\"wp-block-list\">\n<li>Les motos et les scooters de plus de <a href=\"https:\/\/reassurez-moi.fr\/guide\/assurance-moto\/50cc\">50cc<\/a> (donc les <a href=\"https:\/\/reassurez-moi.fr\/guide\/assurance-moto\/125cc\">125cc<\/a> \u00e9galement)<\/li>\n\n\n\n<li>Les trois roues et les quads<\/li>\n\n\n\n<li>Les voitures sans permis<\/li>\n\n\n\n<li>Les motos de collection (contr\u00f4le technique \u00e0 effectuer tous les 5 ans pour les moto produites \u00e0 partir du 1er janvier 1960)<\/li>\n<\/ul>\n\n\n\n<div class=\"wp-block-mars-information icon-warning\"><i class=\"icon\"><\/i><p><strong>Les motos de comp\u00e9tition sont quant \u00e0 elles dispens\u00e9es de contr\u00f4le technique. Toutes celles dont le propri\u00e9taire est licenci\u00e9 \u00e0 la f\u00e9d\u00e9ration fran\u00e7aise de motocyclisme ne sont pas concern\u00e9es. Il en va de m\u00eame pour les motos tout terrain engag\u00e9es en comp\u00e9tition.<\/strong><\/p><\/div>\n\n\n\n<p><strong>Le contr\u00f4le technique n&rsquo;est pas la seule obligation des conducteurs de moto. Il convient aussi d&rsquo;avoir souscrit une assurance.<\/strong> \u00cates-vous bien assur\u00e9 ? \u00cates-vous satisfait de votre assurance moto ? Gr\u00e2ce \u00e0 notre comparateur, mettez en concurrence les diff\u00e9rentes offres du march\u00e9 pour avoir le meilleur rapport garanties\/prix.<\/p>\n\n\n\n<div class=\"wp-block-rm-advertizing-block fix-in-sidebar advertising-block-sidebar-item\">\n    <div class=\"image-container flex justify-center align-items-center\">\n        <img decoding=\"async\" src=\"https:\/\/guide.reassurez-moi.fr\/guide\/wp-content\/uploads\/2025\/06\/team_opti_short.png\"\n             alt=\"reassurez-moi illustration\"\n             class=\"wp-block-rm-advertizing-image\"\n             loading=\"lazy\"\n        \/>\n    <\/div>\n    <div class=\"rm-advertblock-container flex flex-column justify-center align-items-start\">\n        <p class=\"wp-block-rm-advertizing-text\">\n            Assurance moto\n        <\/p>\n        <p class=\"wp-block-rm-advertizing-sub-text\">\n            les meilleures offres 2026\n        <\/p>\n        <a\n            href=\"https:\/\/reassurez-moi.fr\/guide\/assurance-moto\"\n            class=\"wp-block-rm-advertizing-button\"\n        >\n            <span class=\"wp-block-rm-advertizing-button-text\">\n                Comparer\n            <\/span>\n            <span class=\"wp-block-rm-advertizing-button-sub-text\">\n                les assurances moto\n            <\/span>\n        <\/a>\n    <\/div>\n<\/div>\n\n\n\n<h2 class=\"wp-block-heading\">Quels sont les diff\u00e9rents points sur le contr\u00f4le technique d\u2019une moto ?<\/h2>\n\n\n\n<p><strong>La loi d\u00e9termine d\u00e9termine aujourd\u2019hui plusieurs points de contr\u00f4le :<\/strong><\/p>\n\n\n\n<ol class=\"wp-block-list\">\n<li>L\u2019identification du v\u00e9hicule\u00a0<\/li>\n\n\n\n<li>Les \u00e9quipements de freinage<\/li>\n\n\n\n<li>La direction<\/li>\n\n\n\n<li>La visibilit\u00e9<\/li>\n\n\n\n<li>Les feux, les dispositifs r\u00e9fl\u00e9chissants et les \u00e9quipements \u00e9lectriques.<\/li>\n\n\n\n<li>Les essieux, roues, pneus et suspensions.\u00a0<\/li>\n\n\n\n<li>Le mat\u00e9riel \u00ab autre \u00bb pr\u00e9sent sur le v\u00e9hicule.\u00a0<\/li>\n\n\n\n<li>Les nuisances sonores et environnementales.\u00a0<\/li>\n<\/ol>\n\n\n\n<p><strong>Certains propri\u00e9taires et notamment ceux de grosses cylindr\u00e9es pourront \u00eatre,<\/strong> \u00e0 l\u2019invitation du contr\u00f4leur, pr\u00e9sents pour aider \u00e0 la manipulation du v\u00e9hicule.<\/p>\n\n\n\n<p><strong>En ce qui concerne la pollution<\/strong>, la teneur en monoxyde de carbone d\u00e9gag\u00e9e par les \u00e9chappements sera aussi contr\u00f4l\u00e9e mais que pour les v\u00e9hicules mis en circulation apr\u00e8s le 17 juin 1999.<\/p>\n\n\n\n<h2 class=\"wp-block-heading\">Quels sont les r\u00e9sultats du contr\u00f4le technique moto ?<\/h2>\n\n\n\n<p><strong>Une fois le contr\u00f4le technique r\u00e9alis\u00e9 par un professionnel, une note est donn\u00e9e \u00e0 la moto. Il en existe trois :<\/strong><\/p>\n\n\n\n<ul class=\"wp-block-list\">\n<li><strong>Note A : R\u00e9sultat favorable<\/strong>. Aucune d\u00e9faillance majeure ou critique n\u2019a \u00e9t\u00e9 d\u00e9tect\u00e9e, le v\u00e9hicule peut circuler en r\u00e8gle.\u00a0<\/li>\n\n\n\n<li><strong>Note S : R\u00e9sultat d\u00e9favorable<\/strong>. Pas de d\u00e9faillance critique mais au moins une d\u00e9faillance majeure. Vous serez invit\u00e9s \u00e0 effectuer une contre-visite dans les deux mois.\u00a0<\/li>\n\n\n\n<li><strong>Note R : R\u00e9sultat d\u00e9favorable.<\/strong> Vous ne pourrez plus rouler \u00e0 partir de minuit le jour du contr\u00f4le technique. Des r\u00e9parations urgentes doivent \u00eatre effectu\u00e9es.\u00a0<\/li>\n<\/ul>\n\n\n\n<p><strong>Les d\u00e9tails et la note du contr\u00f4le technique sont remis au propri\u00e9taire.<\/strong><\/p>\n\n\n\n<h2 class=\"wp-block-heading\">Quelles sanctions peuvent s&rsquo;appliquer \u00e0 propos du contr\u00f4le technique d&rsquo;une moto ?<\/h2>\n\n\n\n<p><strong>Si vous roulez sans avoir effectu\u00e9 votre contr\u00f4le technique,<\/strong> vous vous exposez \u00e0 une amende de 135\u20ac mais elle peut monter jusqu&rsquo;\u00e0 750 \u20ac. Selon l\u2019\u00e9tat de votre v\u00e9hicule, les forces de l\u2019ordre peuvent aussi d\u00e9cider de l\u2019immobiliser et de retenir la carte grise.<\/p>\n\n\n\n<p><strong>Certains mod\u00e8les de deux-roues peuvent aujourd\u2019hui rouler \u00e0 presque 100 d\u00e9cibels.<\/strong> Dans le cas de nuisances sonores, la loi est bien pr\u00e9cise. Pour qu\u2019un pot d\u2019\u00e9chappement soit homologu\u00e9, il ne doit pas d\u00e9passer les 81 d\u00e9cibels. Lors des contr\u00f4les il existe une tol\u00e9rance de 5 d\u00e9cibels. En cas de contr\u00f4le, si le niveau relev\u00e9 par les autorit\u00e9s d\u00e9passe ce seuil, les motards devront s\u2019acquitter d\u2019une amende de 135\u20ac. <\/p>\n\n\n\n<h2 class=\"wp-block-heading\">O\u00f9 et quand faut-il faire passer un contr\u00f4le technique \u00e0 sa moto ?<\/h2>\n\n\n\n<p><strong>Le contr\u00f4le technique des deux-roues doit obligatoirement \u00eatre r\u00e9alis\u00e9 dans un centre agr\u00e9\u00e9 pour les v\u00e9hicules de cat\u00e9gorie L.<\/strong> Le personnel et le mat\u00e9riel des centres concern\u00e9s doivent \u00eatre habilit\u00e9s pour l\u2019examen des motos et des scooters. V\u00e9rifiez donc bien que le centre auquel vous confiez votre v\u00e9hicule est bien agr\u00e9\u00e9.&nbsp;<\/p>\n\n\n\n<p><strong>Le contr\u00f4le technique d\u2019un deux-roues est valable 3 ans,<\/strong> et ce d\u00e8s le premier contr\u00f4le effectu\u00e9.&nbsp;<\/p>\n\n\n\n<p><strong>En cas de vente de la moto,<\/strong> le contr\u00f4le technique doit \u00eatre r\u00e9alis\u00e9 6 mois avant, exactement comme pour les voitures.<\/p>\n\n\n\n<h2 class=\"wp-block-heading\">\u00c0 quelle fr\u00e9quence faut-il faire un contr\u00f4le technique moto ?&nbsp;<\/h2>\n\n\n\n<p><strong>Le contr\u00f4le technique pour les 2 roues obligatoires s\u2019applique depuis le 15 avril 2024<\/strong>. Un arr\u00eat\u00e9 publi\u00e9 au Journal officiel le 24 octobre 2023 d\u00e9finit le calendrier.<\/p>\n\n\n\n<p>Le premier contr\u00f4le technique doit intervenir dans les six mois qui pr\u00e9c\u00e8dent le cinqui\u00e8me anniversaire de l&rsquo;immatriculation du v\u00e9hicule.<\/p>\n\n\n\n<p>Ainsi, il faudra effectuer un contr\u00f4le technique en 2026 si votre moto a \u00e9t\u00e9 achet\u00e9e en 2021.<\/p>\n\n\n\n<h2 class=\"wp-block-heading\">Quel est le prix du contr\u00f4le technique d\u2019une moto ?&nbsp;<\/h2>\n\n\n\n<p>En ce qui concerne le prix du contr\u00f4le technique des deux-roues, chaque centre agr\u00e9\u00e9 met en place ses propres tarifs. Le minist\u00e8re des transports indique tout de m\u00eame que le prix devrait avoisiner une cinquantaine d\u2019euros. Le prix d\u2019une contre-visite pourrait quant \u00e0 lui co\u00fbter vingt euros.\u00a0<\/p>\n\n\n\n<div class=\"wp-block-rm-advertizing-block fix-in-sidebar advertising-block-sidebar-item\">\n    <div class=\"image-container flex justify-center align-items-center\">\n        <img decoding=\"async\" src=\"https:\/\/guide.reassurez-moi.fr\/guide\/wp-content\/uploads\/2025\/06\/team_opti_short.png\"\n             alt=\"reassurez-moi illustration\"\n             class=\"wp-block-rm-advertizing-image\"\n             loading=\"lazy\"\n        \/>\n    <\/div>\n    <div class=\"rm-advertblock-container flex flex-column justify-center align-items-start\">\n        <p class=\"wp-block-rm-advertizing-text\">\n            Assurance moto\n        <\/p>\n        <p class=\"wp-block-rm-advertizing-sub-text\">\n            les meilleures offres 2026\n        <\/p>\n        <a\n            href=\"https:\/\/reassurez-moi.fr\/guide\/assurance-moto\"\n            class=\"wp-block-rm-advertizing-button\"\n        >\n            <span class=\"wp-block-rm-advertizing-button-text\">\n                Comparer\n            <\/span>\n            <span class=\"wp-block-rm-advertizing-button-sub-text\">\n                les assurances moto\n            <\/span>\n        <\/a>\n    <\/div>\n<\/div>\n","protected":false},"excerpt":{"rendered":"<p>Tout savoir sur le contr\u00f4le technique d\u2019une moto Depuis le 15 avril 2024 le contr\u00f4le technique des deux-roues est obligatoire en France. Une mesure qui vise \u00e0 r\u00e9duire le nombre d&rsquo;accidents caus\u00e9s par des d\u00e9faillances techniques, \u00e0 v\u00e9rifier le niveau de pollution environnementale et sonore des v\u00e9hicules les plus anciens et \u00e0 contr\u00f4ler le march\u00e9\u2026<\/p>\n","protected":false},"author":86,"featured_media":0,"parent":17219,"menu_order":0,"comment_status":"open","ping_status":"closed","template":"","meta":{"_acf_changed":false,"footnotes":""},"categories":[],"page_topic":[581],"class_list":["post-201743","page","type-page","status-publish","hentry"],"yoast_head":"<!-- This site is optimized with the Yoast SEO plugin v24.7 - https:\/\/yoast.com\/wordpress\/plugins\/seo\/ -->\n<title>Que faut-il savoir sur le nouveau contr\u00f4le technique des motos ?<\/title>\n<meta name=\"description\" content=\"Depuis avril 2024, le contr\u00f4le technique des motos est obligatoire en France. Quels sont les points de contr\u00f4le et les v\u00e9hicules concern\u00e9s ?\" \/>\n<meta name=\"robots\" content=\"index, follow, max-snippet:-1, max-image-preview:large, max-video-preview:-1\" \/>\n<link rel=\"canonical\" href=\"https:\/\/guide.reassurez-moi.fr\/guide\/assurance-moto\/controle-technique\" \/>\n<meta property=\"og:locale\" content=\"fr_FR\" \/>\n<meta property=\"og:type\" content=\"article\" \/>\n<meta property=\"og:title\" content=\"Que faut-il savoir sur le nouveau contr\u00f4le technique des motos ?\" \/>\n<meta property=\"og:description\" content=\"Depuis avril 2024, le contr\u00f4le technique des motos est obligatoire en France. Quels sont les points de contr\u00f4le et les v\u00e9hicules concern\u00e9s ?\" \/>\n<meta property=\"og:url\" content=\"https:\/\/guide.reassurez-moi.fr\/guide\/assurance-moto\/controle-technique\" \/>\n<meta property=\"og:site_name\" content=\"R\u00e9assurez-moi\" \/>\n<meta property=\"article:publisher\" content=\"https:\/\/www.facebook.com\/R%c3%a9assurez-moi-209456495889479\/\" \/>\n<meta property=\"article:modified_time\" content=\"2026-02-02T14:45:43+00:00\" \/>\n<meta property=\"og:image\" content=\"https:\/\/guide.reassurez-moi.fr\/guide\/wp-content\/uploads\/2018\/04\/image-de-partage.png\" \/>\n\t<meta property=\"og:image:width\" content=\"500\" \/>\n\t<meta property=\"og:image:height\" content=\"160\" \/>\n\t<meta property=\"og:image:type\" content=\"image\/png\" \/>\n<meta name=\"twitter:card\" content=\"summary_large_image\" \/>\n<meta name=\"twitter:site\" content=\"@reassurezmoi\" \/>\n<meta name=\"twitter:label1\" content=\"Est. reading time\" \/>\n\t<meta name=\"twitter:data1\" content=\"5 minutes\" \/>\n<script type=\"application\/ld+json\" class=\"yoast-schema-graph\">{\"@context\":\"https:\/\/schema.org\",\"@graph\":[{\"@type\":\"WebPage\",\"@id\":\"https:\/\/guide.reassurez-moi.fr\/guide\/assurance-moto\/controle-technique\",\"url\":\"https:\/\/guide.reassurez-moi.fr\/guide\/assurance-moto\/controle-technique\",\"name\":\"Que faut-il savoir sur le nouveau contr\u00f4le technique des motos ?\",\"isPartOf\":{\"@id\":\"https:\/\/guide.reassurez-moi.fr\/guide\/#website\"},\"datePublished\":\"2024-04-24T09:53:20+00:00\",\"dateModified\":\"2026-02-02T14:45:43+00:00\",\"description\":\"Depuis avril 2024, le contr\u00f4le technique des motos est obligatoire en France. Quels sont les points de contr\u00f4le et les v\u00e9hicules concern\u00e9s ?\",\"breadcrumb\":{\"@id\":\"https:\/\/guide.reassurez-moi.fr\/guide\/assurance-moto\/controle-technique#breadcrumb\"},\"inLanguage\":\"fr-FR\",\"potentialAction\":[{\"@type\":\"ReadAction\",\"target\":[\"https:\/\/guide.reassurez-moi.fr\/guide\/assurance-moto\/controle-technique\"]}]},{\"@type\":\"BreadcrumbList\",\"@id\":\"https:\/\/guide.reassurez-moi.fr\/guide\/assurance-moto\/controle-technique#breadcrumb\",\"itemListElement\":[{\"@type\":\"ListItem\",\"position\":1,\"name\":\"Assurances\",\"item\":\"https:\/\/guide.reassurez-moi.fr\/guide\/\"},{\"@type\":\"ListItem\",\"position\":2,\"name\":\"Comparateur assurance moto\",\"item\":\"https:\/\/guide.reassurez-moi.fr\/guide\/assurance-moto\"},{\"@type\":\"ListItem\",\"position\":3,\"name\":\"Contr\u00f4le technique\"}]},{\"@type\":\"WebSite\",\"@id\":\"https:\/\/guide.reassurez-moi.fr\/guide\/#website\",\"url\":\"https:\/\/guide.reassurez-moi.fr\/guide\/\",\"name\":\"R\u00e9assurez-moi\",\"description\":\"Comparateur d&#039;assurances\",\"potentialAction\":[{\"@type\":\"SearchAction\",\"target\":{\"@type\":\"EntryPoint\",\"urlTemplate\":\"https:\/\/guide.reassurez-moi.fr\/guide\/?s={search_term_string}\"},\"query-input\":{\"@type\":\"PropertyValueSpecification\",\"valueRequired\":true,\"valueName\":\"search_term_string\"}}],\"inLanguage\":\"fr-FR\"}]}<\/script>\n<!-- \/ Yoast SEO plugin. -->","yoast_head_json":{"title":"Que faut-il savoir sur le nouveau contr\u00f4le technique des motos ?","description":"Depuis avril 2024, le contr\u00f4le technique des motos est obligatoire en France. Quels sont les points de contr\u00f4le et les v\u00e9hicules concern\u00e9s ?","robots":{"index":"index","follow":"follow","max-snippet":"max-snippet:-1","max-image-preview":"max-image-preview:large","max-video-preview":"max-video-preview:-1"},"canonical":"https:\/\/guide.reassurez-moi.fr\/guide\/assurance-moto\/controle-technique","og_locale":"fr_FR","og_type":"article","og_title":"Que faut-il savoir sur le nouveau contr\u00f4le technique des motos ?","og_description":"Depuis avril 2024, le contr\u00f4le technique des motos est obligatoire en France. Quels sont les points de contr\u00f4le et les v\u00e9hicules concern\u00e9s ?","og_url":"https:\/\/guide.reassurez-moi.fr\/guide\/assurance-moto\/controle-technique","og_site_name":"R\u00e9assurez-moi","article_publisher":"https:\/\/www.facebook.com\/R%c3%a9assurez-moi-209456495889479\/","article_modified_time":"2026-02-02T14:45:43+00:00","og_image":[{"width":500,"height":160,"url":"https:\/\/guide.reassurez-moi.fr\/guide\/wp-content\/uploads\/2018\/04\/image-de-partage.png","type":"image\/png"}],"twitter_card":"summary_large_image","twitter_site":"@reassurezmoi","twitter_misc":{"Est. reading time":"5 minutes"},"schema":{"@context":"https:\/\/schema.org","@graph":[{"@type":"WebPage","@id":"https:\/\/guide.reassurez-moi.fr\/guide\/assurance-moto\/controle-technique","url":"https:\/\/guide.reassurez-moi.fr\/guide\/assurance-moto\/controle-technique","name":"Que faut-il savoir sur le nouveau contr\u00f4le technique des motos ?","isPartOf":{"@id":"https:\/\/guide.reassurez-moi.fr\/guide\/#website"},"datePublished":"2024-04-24T09:53:20+00:00","dateModified":"2026-02-02T14:45:43+00:00","description":"Depuis avril 2024, le contr\u00f4le technique des motos est obligatoire en France. Quels sont les points de contr\u00f4le et les v\u00e9hicules concern\u00e9s ?","breadcrumb":{"@id":"https:\/\/guide.reassurez-moi.fr\/guide\/assurance-moto\/controle-technique#breadcrumb"},"inLanguage":"fr-FR","potentialAction":[{"@type":"ReadAction","target":["https:\/\/guide.reassurez-moi.fr\/guide\/assurance-moto\/controle-technique"]}]},{"@type":"BreadcrumbList","@id":"https:\/\/guide.reassurez-moi.fr\/guide\/assurance-moto\/controle-technique#breadcrumb","itemListElement":[{"@type":"ListItem","position":1,"name":"Assurances","item":"https:\/\/guide.reassurez-moi.fr\/guide\/"},{"@type":"ListItem","position":2,"name":"Comparateur assurance moto","item":"https:\/\/guide.reassurez-moi.fr\/guide\/assurance-moto"},{"@type":"ListItem","position":3,"name":"Contr\u00f4le technique"}]},{"@type":"WebSite","@id":"https:\/\/guide.reassurez-moi.fr\/guide\/#website","url":"https:\/\/guide.reassurez-moi.fr\/guide\/","name":"R\u00e9assurez-moi","description":"Comparateur d&#039;assurances","potentialAction":[{"@type":"SearchAction","target":{"@type":"EntryPoint","urlTemplate":"https:\/\/guide.reassurez-moi.fr\/guide\/?s={search_term_string}"},"query-input":{"@type":"PropertyValueSpecification","valueRequired":true,"valueName":"search_term_string"}}],"inLanguage":"fr-FR"}]}},"acf":[],"_links":{"self":[{"href":"https:\/\/guide.reassurez-moi.fr\/guide\/wp-json\/wp\/v2\/pages\/201743","targetHints":{"allow":["GET"]}}],"collection":[{"href":"https:\/\/guide.reassurez-moi.fr\/guide\/wp-json\/wp\/v2\/pages"}],"about":[{"href":"https:\/\/guide.reassurez-moi.fr\/guide\/wp-json\/wp\/v2\/types\/page"}],"author":[{"embeddable":true,"href":"https:\/\/guide.reassurez-moi.fr\/guide\/wp-json\/wp\/v2\/users\/86"}],"replies":[{"embeddable":true,"href":"https:\/\/guide.reassurez-moi.fr\/guide\/wp-json\/wp\/v2\/comments?post=201743"}],"version-history":[{"count":1,"href":"https:\/\/guide.reassurez-moi.fr\/guide\/wp-json\/wp\/v2\/pages\/201743\/revisions"}],"predecessor-version":[{"id":214346,"href":"https:\/\/guide.reassurez-moi.fr\/guide\/wp-json\/wp\/v2\/pages\/201743\/revisions\/214346"}],"up":[{"embeddable":true,"href":"https:\/\/guide.reassurez-moi.fr\/guide\/wp-json\/wp\/v2\/pages\/17219"}],"wp:attachment":[{"href":"https:\/\/guide.reassurez-moi.fr\/guide\/wp-json\/wp\/v2\/media?parent=201743"}],"wp:term":[{"taxonomy":"category","embeddable":true,"href":"https:\/\/guide.reassurez-moi.fr\/guide\/wp-json\/wp\/v2\/categories?post=201743"},{"taxonomy":"page_topic","embeddable":true,"href":"https:\/\/guide.reassurez-moi.fr\/guide\/wp-json\/wp\/v2\/page_topic?post=201743"}],"curies":[{"name":"wp","href":"https:\/\/api.w.org\/{rel}","templated":true}]}}