{"id":202060,"date":"2024-05-29T16:50:58","date_gmt":"2024-05-29T14:50:58","guid":{"rendered":"https:\/\/reassurez-moi.fr\/guide\/?page_id=202060"},"modified":"2026-02-02T16:04:42","modified_gmt":"2026-02-02T15:04:42","slug":"renouvelable","status":"publish","type":"page","link":"https:\/\/guide.reassurez-moi.fr\/guide\/rachat-credit\/renouvelable","title":{"rendered":"Rachat de cr\u00e9dit &#8211; Renouvelable"},"content":{"rendered":"\n<h1 class=\"wp-block-heading\">Tout savoir sur le rachat de cr\u00e9dit renouvelable<\/h1>\n\n\n\n<p><strong>Vous avez un projet urgent mais vous accumulez de plus en plus les cr\u00e9dits et vous avez peur du surendettement ? Pour \u00e9viter cela, il existe une solution : le rachat de cr\u00e9dit renouvelable. Cela revient \u00e0 regrouper tous ses cr\u00e9dits en un seul. Mais alors comment \u00e7a fonctionne ? Quels sont ses avantages et inconv\u00e9nients ? <\/strong><\/p>\n\n\n\n<h2 class=\"wp-block-heading\">Qu\u2019appelle-t-on rachat de cr\u00e9dit renouvelable ?&nbsp;<\/h2>\n\n\n\n<p><strong>Le cr\u00e9dit renouvelable, ou le cr\u00e9dit revolving, est un cr\u00e9dit \u00e0 la consommation offrant \u00e0 son b\u00e9n\u00e9ficiaire une grande libert\u00e9 tant sur son utilisation que sur la fa\u00e7on de le rembourser.<\/strong> Pour \u00eatre plus clair, vous recevez une somme d\u2019argent de la banque que vous d\u00e9pensez comme vous voulez. Le taux du cr\u00e9dit renouvelable est calcul\u00e9 sur la somme que vous d\u00e9pensez, non pas sur le total du montant emprunt\u00e9. Sa flexibilit\u00e9 en fait g\u00e9n\u00e9ralement une option plus co\u00fbteuse qu&rsquo;un cr\u00e9dit \u00e0 la consommation traditionnel.<\/p>\n\n\n\n<p><strong>L\u2019un de ses avantages est qu\u2019il peut faire l\u2019objet d\u2019un regroupement de cr\u00e9dits,<\/strong> dans le but de ne payer qu\u2019une seule et m\u00eame mensualit\u00e9.&nbsp;<\/p>\n\n\n\n<h2 class=\"wp-block-heading\">Simulation d\u2019un rachat de cr\u00e9dit renouvelable\u00a0<\/h2>\n\n\n\n<p><strong>Christelle et Vincent sont mari\u00e9s et poss\u00e8dent ensemble un appartement d\u2019une valeur de 300 000 \u20ac.<\/strong> Il leur reste \u00e0 l\u2019instant T 100 000 \u20ac \u00e0 rembourser \u00e0 la banque. Depuis leur mariage, ils ont contract\u00e9 4 autres cr\u00e9dits.&nbsp;<\/p>\n\n\n\n<p><strong>Le couple gagne 4 500 \u20ac par mois<\/strong> et l\u2019ensemble de ces cr\u00e9dits leur co\u00fbte 2000 \u20ac par mois.&nbsp;<\/p>\n\n\n\n<p>Le montant de leurs revenus disponibles est de 4500-2000 = 2500\u20ac<\/p>\n\n\n\n<p>Leur taux d\u2019endettement est de (2000\/4500) x 100 = 44,4%<\/p>\n\n\n\n<p>Leur banque leur accorde ce rachat de cr\u00e9dit, ainsi ils regroupent tous leurs cr\u00e9dits en un seul et ne devront rembourser plus que 1 200 \u20ac par mois.&nbsp;<\/p>\n\n\n\n<p><strong>Leur nouveau taux d\u2019endettement passe \u00e0 26,6 %&nbsp;<\/strong><\/p>\n\n\n\n<h2 class=\"wp-block-heading\">Comment fonctionne un rachat de cr\u00e9dit renouvelable ?&nbsp;<\/h2>\n\n\n\n<p><strong>Comme \u00e9voqu\u00e9 pr\u00e9c\u00e9demment, le rachat de cr\u00e9dit renouvelable permet au b\u00e9n\u00e9ficiaire de disposer de l\u2019argent pr\u00eat\u00e9 comme il l\u2019entend.<\/strong> Il n\u2019a, en aucun cas, \u00e0 justifier de ses d\u00e9penses aupr\u00e8s de son <a href=\"https:\/\/reassurez-moi.fr\/guide\/rachat-credit\/organisme\">organisme pr\u00eateur<\/a>.<\/p>\n\n\n\n<p><strong>L\u2019argent du cr\u00e9dit renouvelable se renouvelle automatiquement au fur et \u00e0 mesure des remboursements effectu\u00e9s chaque ann\u00e9e,<\/strong> tant que l\u2019emprunteur ne prend pas l\u2019initiative de l\u2019arr\u00eater ou de le rembourser int\u00e9gralement.<\/p>\n\n\n\n<div class=\"wp-block-mars-information icon-info\"><i class=\"icon\"><\/i><p>Les int\u00e9r\u00eats pay\u00e9s par les emprunteurs dans le cadre d\u2019un cr\u00e9dit renouvelable se font uniquement sur les sommes d\u00e9pens\u00e9es et non sur le montant total emprunt\u00e9.<\/p><\/div>\n\n\n\n<div style=\"height:10px\" aria-hidden=\"true\" class=\"wp-block-spacer\"><\/div>\n\n\n\n<p><strong>On vous conseille donc de comparer les offres de cr\u00e9dit pour obtenir les meilleurs taux et les meilleures conditions de remboursement. <\/strong><\/p>\n\n\n\n<div class=\"wp-block-rm-advertizing-block fix-in-sidebar advertising-block-sidebar-item\">\n    <div class=\"image-container flex justify-center align-items-center\">\n        <img decoding=\"async\" src=\"https:\/\/guide.reassurez-moi.fr\/guide\/wp-content\/uploads\/2025\/06\/team_opti_short.png\"\n             alt=\"reassurez-moi illustration\"\n             class=\"wp-block-rm-advertizing-image\"\n             loading=\"lazy\"\n        \/>\n    <\/div>\n    <div class=\"rm-advertblock-container flex flex-column justify-center align-items-start\">\n        <p class=\"wp-block-rm-advertizing-text\">\n            Rachat de cr\u00e9dit\n        <\/p>\n        <p class=\"wp-block-rm-advertizing-sub-text\">\n            les meilleures offres 2026\n        <\/p>\n        <a\n            href=\"https:\/\/reassurez-moi.fr\/guide\/rachat-credit\"\n            class=\"wp-block-rm-advertizing-button\"\n        >\n            <span class=\"wp-block-rm-advertizing-button-text\">\n                Comparer\n            <\/span>\n            <span class=\"wp-block-rm-advertizing-button-sub-text\">\n                les rachats de cr\u00e9dit\n            <\/span>\n        <\/a>\n    <\/div>\n<\/div>\n<!-- \/wp:rm\/advertizing-block --\n\n\n<h2 class=\"wp-block-heading\">Dans quels cas envisager un rachat de cr\u00e9dit renouvelable ?&nbsp;<\/h2>\n\n\n\n<p><strong>Le rachat de cr\u00e9dit renouvelable s\u2019adresse aux personnes ayant souscrit un ou plusieurs cr\u00e9dits et souhaitant les regrouper en un seul,<\/strong> afin de simplifier leur gestion financi\u00e8re et, potentiellement, de r\u00e9duire leurs mensualit\u00e9s. Il existe diff\u00e9rents types de profils qui pourraient \u00eatre int\u00e9ress\u00e9s.<\/p>\n\n\n\n<ul class=\"is-style-pros-2 wp-block-list\"><li><strong>Vous voulez regrouper plusieurs cr\u00e9dits<\/strong> : Si vous avez contract\u00e9 plusieurs cr\u00e9dits et que vous devez rembourser plusieurs mensualit\u00e9s, le rachat de cr\u00e9dit renouvelable peut vous permettre de regrouper ces dettes en un seul pr\u00eat, simplifiant la gestion de vos remboursements.<\/li><\/ul>\n\n\n\n<ul class=\"is-style-pros-2 wp-block-list\"><li><strong>Vous \u00eates confront\u00e9s \u00e0 des taux \u00e9lev\u00e9s<\/strong> : Les cr\u00e9dits renouvelables ont g\u00e9n\u00e9ralement des taux d'int\u00e9r\u00eat plus \u00e9lev\u00e9s que d'autres types de cr\u00e9dits, ce qui peut rendre les remboursements co\u00fbteux. Si vous voulez diminuer le co\u00fbt total de vos cr\u00e9dits renouvelables, le rachat de cr\u00e9dit peut vous offrir un taux d'int\u00e9r\u00eat plus favorable.<\/li><\/ul>\n\n\n\n<h2 class=\"wp-block-heading\">Quels sont les avantages et inconv\u00e9nients d\u2019un rachat de cr\u00e9dit revolving ?&nbsp;<\/h2>\n\n\n\n<p><strong>Lorsque l\u2019on jongle sur plusieurs cr\u00e9dits, la solution du rachat de cr\u00e9dit renouvelable peut-\u00eatre la solution. <\/strong>Mais attention, une solution qui peut aussi avoir ses inconv\u00e9nients.&nbsp;<\/p>\n\n\n\n<h3 class=\"wp-block-heading\">Les avantages<\/h3>\n\n\n\n<ul class=\"is-style-pros-2 wp-block-list\"><li><strong>Un seul cr\u00e9dit <\/strong>: Le rachat du cr\u00e9dit revolving permet de regrouper vos autres cr\u00e9dits. Un seul cr\u00e9dit dit, un seul pr\u00e9l\u00e8vement et une mensualit\u00e9 unique.\u00a0<\/li><li><strong>Un taux d\u2019int\u00e9r\u00eat plus int\u00e9ressant<\/strong> : Le regroupement de cr\u00e9dits permet d\u2019obtenir un seul et m\u00eame taux d\u2019int\u00e9r\u00eat. Si le taux est souvent inf\u00e9rieur \u00e0 celui des pr\u00e9c\u00e9dentes cr\u00e9ances, sa dur\u00e9e de remboursement est en revanche plus longue. N\u2019h\u00e9sitez pas \u00e0 comparer les offres des \u00e9tablissements pr\u00eateurs \u00e0 ce sujet.<\/li><li><strong>Une tr\u00e9sorerie suppl\u00e9mentaire <\/strong>: L\u2019argent que l\u2019on vous pr\u00eate peut vous permettre de r\u00e9aliser un projet urgent (des travaux dans la maison, achat d\u2019une voiture, financer les \u00e9tudes des enfants etc\u2026). Mais c\u2019est aussi et surtout l\u2019occasion de regrouper vos autres cr\u00e9dits.\u00a0<\/li><li><strong>Baisser le taux d\u2019endettement <\/strong>: Le rachat d\u2019un pr\u00eat renouvelable promet de r\u00e9duire le montant de vos mensualit\u00e9s. Dans le cas o\u00f9 vous auriez un projet immobilier, gr\u00e2ce au rachat de cr\u00e9dit renouvelable, vous pourriez passer en dessous du taux d\u2019endettement de 35%.<\/li><\/ul>\n\n\n\n<h3 class=\"wp-block-heading\">Les inconv\u00e9nients<\/h3>\n\n\n\n<ul class=\"is-style-cons-2 wp-block-list\"><li><strong>Augmentation du taux :<\/strong> En regroupant vos cr\u00e9dits vous avez r\u00e9ussi \u00e0 baisser le montant de vos mensualit\u00e9s, en revanche la dur\u00e9e du pr\u00eat peut augmenter. Plus le pr\u00eat est long, plus les taux d\u2019int\u00e9r\u00eats augmentent.&nbsp;<\/li><li><strong>Indemnit\u00e9s de remboursement anticip\u00e9 (IRA)<\/strong> : Le rachat de pr\u00eat renouvelable peut entra\u00eener de <a href=\"https:\/\/reassurez-moi.fr\/guide\/rachat-credit\/frais\">nouveaux frais <\/a>et notamment les indemnit\u00e9s de remboursement anticip\u00e9. Le but pour la banque est de compenser ici le manque \u00e0 gagner.<\/li><\/ul>\n\n\n\n<div style=\"height:10px\" aria-hidden=\"true\" class=\"wp-block-spacer\"><\/div>\n\n\n\n<p><strong>Le rachat d\u2019un pr\u00eat renouvelable peut sembler \u00eatre une op\u00e9ration plut\u00f4t complexe \u00e0 r\u00e9aliser.<\/strong> Monter un dossier et le pr\u00e9senter \u00e0 son banquier n\u2019est pas toujours chose ais\u00e9e. Une telle man\u0153uvre n\u00e9cessite parfois l\u2019aide d\u2019un courtier en pr\u00eat. Son travail est de vous aider \u00e0 trouver la meilleure solution, avec les taux les plus int\u00e9ressants pour vous racheter votre cr\u00e9dit renouvelable dans les meilleures conditions.&nbsp;<\/p>\n\n\n\n<h2 class=\"wp-block-heading\">Comment obtenir le meilleur taux pour son rachat de cr\u00e9dit renouvelable ?&nbsp;<\/h2>\n\n\n\n<p><strong>Lorsque que vous faites la demande d\u2019un rachat de cr\u00e9dit renouvelable \u00e0 votre banque, le chemin est plus ou moins le m\u00eame pour n\u2019importe quel autre cr\u00e9dit.<\/strong> Le but pour vous est de trouver la formule qui correspond \u00e0 votre profil, \u00e0 votre projet et forc\u00e9ment \u00e0 votre capacit\u00e9 de remboursement.&nbsp;<\/p>\n\n\n\n<div style=\"height:10px\" aria-hidden=\"true\" class=\"wp-block-spacer\"><\/div>\n\n\n\n<div style=\"height:50px\" aria-hidden=\"true\" class=\"wp-block-spacer\"><\/div>\n\n\n\n<h2 class=\"wp-block-heading\">FAQ<\/h2>\n\n\n\n<div class=\"schema-faq wp-block-yoast-faq-block\"><div class=\"schema-faq-section\" id=\"faq-question-1717772348098\"><h3 class=\"schema-faq-question my-0 font-semibold\">Quels organismes proposent le rachat de cr\u00e9dit renouvelable ?<\/h3> <p class=\"schema-faq-answer\"><strong>Les banques traditionnelles, les \u00e9tablissements de cr\u00e9dit sp\u00e9cialis\u00e9s et certains courtiers en ligne<\/strong> proposent le rachat de cr\u00e9dit renouvelable.\u00a0<\/p> <\/div> <div class=\"schema-faq-section\" id=\"faq-question-1717772380363\"><h3 class=\"schema-faq-question my-0 font-semibold\">Quelles sont les conditions pour obtenir un rachat de cr\u00e9dit renouvelable ?<\/h3> <p class=\"schema-faq-answer\"><strong>Les pr\u00eateurs peuvent exiger une situation financi\u00e8re stable<\/strong>, une bonne capacit\u00e9 de remboursement, aucun incident de paiement, et de bonnes garanties.<\/p> <\/div> <\/div>\n","protected":false},"excerpt":{"rendered":"<p>Tout savoir sur le rachat de cr\u00e9dit renouvelable Vous avez un projet urgent mais vous accumulez de plus en plus les cr\u00e9dits et vous avez peur du surendettement ? Pour \u00e9viter cela, il existe une solution : le rachat de cr\u00e9dit renouvelable. Cela revient \u00e0 regrouper tous ses cr\u00e9dits en un seul. Mais alors comment\u2026<\/p>\n","protected":false},"author":67,"featured_media":0,"parent":118829,"menu_order":0,"comment_status":"open","ping_status":"closed","template":"","meta":{"_acf_changed":false,"footnotes":""},"categories":[],"page_topic":[594],"class_list":["post-202060","page","type-page","status-publish","hentry"],"yoast_head":"<!-- This site is optimized with the Yoast SEO plugin v24.7 - https:\/\/yoast.com\/wordpress\/plugins\/seo\/ -->\n<title>Comment faire un rachat de cr\u00e9dit renouvelable ? Simulation<\/title>\n<meta name=\"description\" content=\"Un rachat de cr\u00e9dit renouvelable est une op\u00e9ration financi\u00e8re qui consiste \u00e0 regrouper plusieurs cr\u00e9dits renouvelables en un seul pr\u00eat.\" \/>\n<meta name=\"robots\" content=\"index, follow, max-snippet:-1, max-image-preview:large, max-video-preview:-1\" \/>\n<link rel=\"canonical\" href=\"https:\/\/guide.reassurez-moi.fr\/guide\/rachat-credit\/renouvelable\" \/>\n<meta property=\"og:locale\" content=\"fr_FR\" \/>\n<meta property=\"og:type\" content=\"article\" \/>\n<meta property=\"og:title\" content=\"Comment faire un rachat de cr\u00e9dit renouvelable ? Simulation\" \/>\n<meta property=\"og:description\" content=\"Un rachat de cr\u00e9dit renouvelable est une op\u00e9ration financi\u00e8re qui consiste \u00e0 regrouper plusieurs cr\u00e9dits renouvelables en un seul pr\u00eat.\" \/>\n<meta property=\"og:url\" content=\"https:\/\/guide.reassurez-moi.fr\/guide\/rachat-credit\/renouvelable\" \/>\n<meta property=\"og:site_name\" content=\"R\u00e9assurez-moi\" \/>\n<meta property=\"article:publisher\" content=\"https:\/\/www.facebook.com\/R%c3%a9assurez-moi-209456495889479\/\" \/>\n<meta property=\"article:modified_time\" content=\"2026-02-02T15:04:42+00:00\" \/>\n<meta property=\"og:image\" content=\"https:\/\/guide.reassurez-moi.fr\/guide\/wp-content\/uploads\/2018\/04\/image-de-partage.png\" \/>\n\t<meta property=\"og:image:width\" content=\"500\" \/>\n\t<meta property=\"og:image:height\" content=\"160\" \/>\n\t<meta property=\"og:image:type\" content=\"image\/png\" \/>\n<meta name=\"twitter:card\" content=\"summary_large_image\" \/>\n<meta name=\"twitter:site\" content=\"@reassurezmoi\" \/>\n<meta name=\"twitter:label1\" content=\"Dur\u00e9e de lecture estim\u00e9e\" \/>\n\t<meta name=\"twitter:data1\" content=\"6 minutes\" \/>\n<script type=\"application\/ld+json\" class=\"yoast-schema-graph\">{\"@context\":\"https:\/\/schema.org\",\"@graph\":[{\"@type\":[\"WebPage\",\"FAQPage\"],\"@id\":\"https:\/\/guide.reassurez-moi.fr\/guide\/rachat-credit\/renouvelable\",\"url\":\"https:\/\/guide.reassurez-moi.fr\/guide\/rachat-credit\/renouvelable\",\"name\":\"Comment faire un rachat de cr\u00e9dit renouvelable ? Simulation\",\"isPartOf\":{\"@id\":\"https:\/\/guide.reassurez-moi.fr\/guide\/#website\"},\"datePublished\":\"2024-05-29T14:50:58+00:00\",\"dateModified\":\"2026-02-02T15:04:42+00:00\",\"description\":\"Un rachat de cr\u00e9dit renouvelable est une op\u00e9ration financi\u00e8re qui consiste \u00e0 regrouper plusieurs cr\u00e9dits renouvelables en un seul pr\u00eat.\",\"breadcrumb\":{\"@id\":\"https:\/\/guide.reassurez-moi.fr\/guide\/rachat-credit\/renouvelable#breadcrumb\"},\"mainEntity\":[{\"@id\":\"https:\/\/guide.reassurez-moi.fr\/guide\/rachat-credit\/renouvelable#faq-question-1717772348098\"},{\"@id\":\"https:\/\/guide.reassurez-moi.fr\/guide\/rachat-credit\/renouvelable#faq-question-1717772380363\"}],\"inLanguage\":\"fr-FR\",\"potentialAction\":[{\"@type\":\"ReadAction\",\"target\":[\"https:\/\/guide.reassurez-moi.fr\/guide\/rachat-credit\/renouvelable\"]}]},{\"@type\":\"BreadcrumbList\",\"@id\":\"https:\/\/guide.reassurez-moi.fr\/guide\/rachat-credit\/renouvelable#breadcrumb\",\"itemListElement\":[{\"@type\":\"ListItem\",\"position\":1,\"name\":\"Assurances\",\"item\":\"https:\/\/guide.reassurez-moi.fr\/guide\/\"},{\"@type\":\"ListItem\",\"position\":2,\"name\":\"Rachat de cr\u00e9dit\",\"item\":\"https:\/\/guide.reassurez-moi.fr\/guide\/rachat-credit\"},{\"@type\":\"ListItem\",\"position\":3,\"name\":\"Renouvelable\"}]},{\"@type\":\"WebSite\",\"@id\":\"https:\/\/guide.reassurez-moi.fr\/guide\/#website\",\"url\":\"https:\/\/guide.reassurez-moi.fr\/guide\/\",\"name\":\"R\u00e9assurez-moi\",\"description\":\"Comparateur d&#039;assurances\",\"potentialAction\":[{\"@type\":\"SearchAction\",\"target\":{\"@type\":\"EntryPoint\",\"urlTemplate\":\"https:\/\/guide.reassurez-moi.fr\/guide\/?s={search_term_string}\"},\"query-input\":{\"@type\":\"PropertyValueSpecification\",\"valueRequired\":true,\"valueName\":\"search_term_string\"}}],\"inLanguage\":\"fr-FR\"},{\"@type\":\"Question\",\"@id\":\"https:\/\/guide.reassurez-moi.fr\/guide\/rachat-credit\/renouvelable#faq-question-1717772348098\",\"position\":1,\"url\":\"https:\/\/guide.reassurez-moi.fr\/guide\/rachat-credit\/renouvelable#faq-question-1717772348098\",\"name\":\"Quels organismes proposent le rachat de cr\u00e9dit renouvelable ?\",\"answerCount\":1,\"acceptedAnswer\":{\"@type\":\"Answer\",\"text\":\"<strong>Les banques traditionnelles, les \u00e9tablissements de cr\u00e9dit sp\u00e9cialis\u00e9s et certains courtiers en ligne<\/strong> proposent le rachat de cr\u00e9dit renouvelable.\u00a0\",\"inLanguage\":\"fr-FR\"},\"inLanguage\":\"fr-FR\"},{\"@type\":\"Question\",\"@id\":\"https:\/\/guide.reassurez-moi.fr\/guide\/rachat-credit\/renouvelable#faq-question-1717772380363\",\"position\":2,\"url\":\"https:\/\/guide.reassurez-moi.fr\/guide\/rachat-credit\/renouvelable#faq-question-1717772380363\",\"name\":\"Quelles sont les conditions pour obtenir un rachat de cr\u00e9dit renouvelable ?\",\"answerCount\":1,\"acceptedAnswer\":{\"@type\":\"Answer\",\"text\":\"<strong>Les pr\u00eateurs peuvent exiger une situation financi\u00e8re stable<\/strong>, une bonne capacit\u00e9 de remboursement, aucun incident de paiement, et de bonnes garanties.\",\"inLanguage\":\"fr-FR\"},\"inLanguage\":\"fr-FR\"}]}<\/script>\n<!-- \/ Yoast SEO plugin. -->","yoast_head_json":{"title":"Comment faire un rachat de cr\u00e9dit renouvelable ? Simulation","description":"Un rachat de cr\u00e9dit renouvelable est une op\u00e9ration financi\u00e8re qui consiste \u00e0 regrouper plusieurs cr\u00e9dits renouvelables en un seul pr\u00eat.","robots":{"index":"index","follow":"follow","max-snippet":"max-snippet:-1","max-image-preview":"max-image-preview:large","max-video-preview":"max-video-preview:-1"},"canonical":"https:\/\/guide.reassurez-moi.fr\/guide\/rachat-credit\/renouvelable","og_locale":"fr_FR","og_type":"article","og_title":"Comment faire un rachat de cr\u00e9dit renouvelable ? Simulation","og_description":"Un rachat de cr\u00e9dit renouvelable est une op\u00e9ration financi\u00e8re qui consiste \u00e0 regrouper plusieurs cr\u00e9dits renouvelables en un seul pr\u00eat.","og_url":"https:\/\/guide.reassurez-moi.fr\/guide\/rachat-credit\/renouvelable","og_site_name":"R\u00e9assurez-moi","article_publisher":"https:\/\/www.facebook.com\/R%c3%a9assurez-moi-209456495889479\/","article_modified_time":"2026-02-02T15:04:42+00:00","og_image":[{"width":500,"height":160,"url":"https:\/\/guide.reassurez-moi.fr\/guide\/wp-content\/uploads\/2018\/04\/image-de-partage.png","type":"image\/png"}],"twitter_card":"summary_large_image","twitter_site":"@reassurezmoi","twitter_misc":{"Dur\u00e9e de lecture estim\u00e9e":"6 minutes"},"schema":{"@context":"https:\/\/schema.org","@graph":[{"@type":["WebPage","FAQPage"],"@id":"https:\/\/guide.reassurez-moi.fr\/guide\/rachat-credit\/renouvelable","url":"https:\/\/guide.reassurez-moi.fr\/guide\/rachat-credit\/renouvelable","name":"Comment faire un rachat de cr\u00e9dit renouvelable ? Simulation","isPartOf":{"@id":"https:\/\/guide.reassurez-moi.fr\/guide\/#website"},"datePublished":"2024-05-29T14:50:58+00:00","dateModified":"2026-02-02T15:04:42+00:00","description":"Un rachat de cr\u00e9dit renouvelable est une op\u00e9ration financi\u00e8re qui consiste \u00e0 regrouper plusieurs cr\u00e9dits renouvelables en un seul pr\u00eat.","breadcrumb":{"@id":"https:\/\/guide.reassurez-moi.fr\/guide\/rachat-credit\/renouvelable#breadcrumb"},"mainEntity":[{"@id":"https:\/\/guide.reassurez-moi.fr\/guide\/rachat-credit\/renouvelable#faq-question-1717772348098"},{"@id":"https:\/\/guide.reassurez-moi.fr\/guide\/rachat-credit\/renouvelable#faq-question-1717772380363"}],"inLanguage":"fr-FR","potentialAction":[{"@type":"ReadAction","target":["https:\/\/guide.reassurez-moi.fr\/guide\/rachat-credit\/renouvelable"]}]},{"@type":"BreadcrumbList","@id":"https:\/\/guide.reassurez-moi.fr\/guide\/rachat-credit\/renouvelable#breadcrumb","itemListElement":[{"@type":"ListItem","position":1,"name":"Assurances","item":"https:\/\/guide.reassurez-moi.fr\/guide\/"},{"@type":"ListItem","position":2,"name":"Rachat de cr\u00e9dit","item":"https:\/\/guide.reassurez-moi.fr\/guide\/rachat-credit"},{"@type":"ListItem","position":3,"name":"Renouvelable"}]},{"@type":"WebSite","@id":"https:\/\/guide.reassurez-moi.fr\/guide\/#website","url":"https:\/\/guide.reassurez-moi.fr\/guide\/","name":"R\u00e9assurez-moi","description":"Comparateur d&#039;assurances","potentialAction":[{"@type":"SearchAction","target":{"@type":"EntryPoint","urlTemplate":"https:\/\/guide.reassurez-moi.fr\/guide\/?s={search_term_string}"},"query-input":{"@type":"PropertyValueSpecification","valueRequired":true,"valueName":"search_term_string"}}],"inLanguage":"fr-FR"},{"@type":"Question","@id":"https:\/\/guide.reassurez-moi.fr\/guide\/rachat-credit\/renouvelable#faq-question-1717772348098","position":1,"url":"https:\/\/guide.reassurez-moi.fr\/guide\/rachat-credit\/renouvelable#faq-question-1717772348098","name":"Quels organismes proposent le rachat de cr\u00e9dit renouvelable ?","answerCount":1,"acceptedAnswer":{"@type":"Answer","text":"<strong>Les banques traditionnelles, les \u00e9tablissements de cr\u00e9dit sp\u00e9cialis\u00e9s et certains courtiers en ligne<\/strong> proposent le rachat de cr\u00e9dit renouvelable.\u00a0","inLanguage":"fr-FR"},"inLanguage":"fr-FR"},{"@type":"Question","@id":"https:\/\/guide.reassurez-moi.fr\/guide\/rachat-credit\/renouvelable#faq-question-1717772380363","position":2,"url":"https:\/\/guide.reassurez-moi.fr\/guide\/rachat-credit\/renouvelable#faq-question-1717772380363","name":"Quelles sont les conditions pour obtenir un rachat de cr\u00e9dit renouvelable ?","answerCount":1,"acceptedAnswer":{"@type":"Answer","text":"<strong>Les pr\u00eateurs peuvent exiger une situation financi\u00e8re stable<\/strong>, une bonne capacit\u00e9 de remboursement, aucun incident de paiement, et de bonnes garanties.","inLanguage":"fr-FR"},"inLanguage":"fr-FR"}]}},"acf":[],"_links":{"self":[{"href":"https:\/\/guide.reassurez-moi.fr\/guide\/wp-json\/wp\/v2\/pages\/202060","targetHints":{"allow":["GET"]}}],"collection":[{"href":"https:\/\/guide.reassurez-moi.fr\/guide\/wp-json\/wp\/v2\/pages"}],"about":[{"href":"https:\/\/guide.reassurez-moi.fr\/guide\/wp-json\/wp\/v2\/types\/page"}],"author":[{"embeddable":true,"href":"https:\/\/guide.reassurez-moi.fr\/guide\/wp-json\/wp\/v2\/users\/67"}],"replies":[{"embeddable":true,"href":"https:\/\/guide.reassurez-moi.fr\/guide\/wp-json\/wp\/v2\/comments?post=202060"}],"version-history":[{"count":2,"href":"https:\/\/guide.reassurez-moi.fr\/guide\/wp-json\/wp\/v2\/pages\/202060\/revisions"}],"predecessor-version":[{"id":216095,"href":"https:\/\/guide.reassurez-moi.fr\/guide\/wp-json\/wp\/v2\/pages\/202060\/revisions\/216095"}],"up":[{"embeddable":true,"href":"https:\/\/guide.reassurez-moi.fr\/guide\/wp-json\/wp\/v2\/pages\/118829"}],"wp:attachment":[{"href":"https:\/\/guide.reassurez-moi.fr\/guide\/wp-json\/wp\/v2\/media?parent=202060"}],"wp:term":[{"taxonomy":"category","embeddable":true,"href":"https:\/\/guide.reassurez-moi.fr\/guide\/wp-json\/wp\/v2\/categories?post=202060"},{"taxonomy":"page_topic","embeddable":true,"href":"https:\/\/guide.reassurez-moi.fr\/guide\/wp-json\/wp\/v2\/page_topic?post=202060"}],"curies":[{"name":"wp","href":"https:\/\/api.w.org\/{rel}","templated":true}]}}