{"id":202090,"date":"2024-05-30T11:21:21","date_gmt":"2024-05-30T09:21:21","guid":{"rendered":"https:\/\/reassurez-moi.fr\/guide\/?page_id=202090"},"modified":"2026-02-02T15:54:00","modified_gmt":"2026-02-02T14:54:00","slug":"avantages","status":"publish","type":"page","link":"https:\/\/guide.reassurez-moi.fr\/guide\/per\/avantages","title":{"rendered":"PER &#8211; Avantages"},"content":{"rendered":"\n<h1 class=\"wp-block-heading\">Pourquoi ouvrir un PER ? Avantages et inconv\u00e9nients<\/h1>\n\n\n\n<p><strong>Source d\u2019angoisse pour les uns, ou d\u2019impatience pour les autres, la retraite est un moment charni\u00e8re dans une vie. Ce qu&rsquo;il faut, c&rsquo;est y \u00eatre bien pr\u00e9par\u00e9. Pour tenter d\u2019appr\u00e9hender au mieux cette p\u00e9riode sur le plan financier, il existe le Plan \u00c9pargne Retraite. L&rsquo;avantage du PER est avant tout fiscal, mais pas que ! On vous dit tout.\u00a0<\/strong><\/p>\n\n\n\n<h2 class=\"wp-block-heading\">PER : quels avantages et inconv\u00e9nients ?<\/h2>\n\n\n\n<p><strong>Le Plan \u00c9pargne Retraite (PER) est un produit d\u2019\u00e9pargne long terme qui permet de se constituer un compl\u00e9ment de revenus pour la retraite<\/strong>. Comme chaque produit d\u2019\u00e9pargne, il a des avantages mais \u00e9galement des inconv\u00e9nients.<\/p>\n\n\n\n<div style=\"height:10px\" aria-hidden=\"true\" class=\"wp-block-spacer\"><\/div>\n\n\n\n<div class=\"wp-block-columns is-layout-flex wp-container-core-columns-is-layout-9d6595d7 wp-block-columns-is-layout-flex\">\n<div class=\"wp-block-column is-style-green-top-border is-layout-flow wp-block-column-is-layout-flow\">\n<p class=\"has-text-align-center\"><strong>Avantages<\/strong><\/p>\n\n\n\n<ul class=\"wp-block-list\"><li><strong>Avantages fiscaux<\/strong> : d\u00e9ductions fiscales sur les versements et fiscalit\u00e9 avantageuse \u00e0 la sortie.<\/li><\/ul>\n\n\n\n<ul class=\"wp-block-list\"><li><strong>Flexibilit\u00e9 des modalit\u00e9s de sortie<\/strong> : sortie en capital ou en rente et sortie anticip\u00e9e.<\/li><\/ul>\n\n\n\n<ul class=\"wp-block-list\"><li><a href=\"https:\/\/reassurez-moi.fr\/guide\/per\/transfert\"><strong>Transfert de l\u2019\u00e9pargne<\/strong> <\/a>: le PER est transf\u00e9rable d\u2019un gestionnaire \u00e0 un autre, ce qui permet de changer de prestataire sans perdre les avantages acquis.<\/li><\/ul>\n\n\n\n<ul class=\"wp-block-list\"><li><strong>Gestion personnalis\u00e9e<\/strong> : gestion pilot\u00e9e ou libre et diversit\u00e9 des supports d\u2019investissement.<\/li><\/ul>\n\n\n\n<ul class=\"wp-block-list\"><li><strong>Pr\u00e9paration \u00e0 long terme<\/strong> : \u00e9pargne forc\u00e9e et disciplin\u00e9es, et possibilit\u00e9 de constituer un compl\u00e9ment de revenus pour la retraite.<\/li><\/ul>\n\n\n\n<ul class=\"wp-block-list\"><li><strong>Adaptabilit\u00e9<\/strong> : le PER s\u2019adresse aussi bien aux salari\u00e9s qu\u2019aux ind\u00e9pendants.<\/li><\/ul>\n\n\n\n<ul class=\"wp-block-list\"><li><strong>Transmission avantageuse<\/strong> : les conditions sont favorables en cas de d\u00e9c\u00e8s.<\/li><\/ul>\n<\/div>\n\n\n\n<div class=\"wp-block-column is-style-red-top-border is-layout-flow wp-block-column-is-layout-flow\">\n<p class=\"has-text-align-center\"><strong>Inconv\u00e9nients<\/strong><\/p>\n\n\n\n<ul class=\"wp-block-list\"><li><strong>Illiquide<\/strong> : l\u2019argent est bloqu\u00e9 jusqu\u2019\u00e0 la retraite, sauf en cas de d\u00e9blocage anticip\u00e9 exceptionnel.<\/li><\/ul>\n\n\n\n<ul class=\"wp-block-list\"><li><strong>Frais<\/strong> : de gestion et de transaction.<\/li><\/ul>\n\n\n\n<ul class=\"wp-block-list\"><li><strong>Fiscalit\u00e9 \u00e0 la sortie<\/strong> : d\u00e9pend de l\u2019option de sortie choisie (capital, rente, etc.)<\/li><\/ul>\n\n\n\n<ul class=\"wp-block-list\"><li><strong>Investissement en unit\u00e9 de compte<\/strong> : le capital n\u2019est pas garanti et peut subir des baisses en fonction des march\u00e9s financiers.<\/li><\/ul>\n<\/div>\n<\/div>\n\n\n\n<div style=\"height:20px\" aria-hidden=\"true\" class=\"wp-block-spacer\"><\/div>\n\n\n\n<p><strong>N\u2019h\u00e9sitez pas \u00e0 comparer les offres disponibles sur le march\u00e9 gr\u00e2ce \u00e0 notre comparateur<\/strong>, afin de choisir un contrat qui correspondra \u00e0 vos besoin et \u00e0 votre profil.\u00a0<\/p>\n\n\n\n<div class=\"flex  wp-block-rm-advertizing-block fix-in-sidebar\"><div class=\"image-container flex justify-center align-items-center py-3\"><img decoding=\"async\" src=\"https:\/\/guide.reassurez-moi.fr\/guide\/wp-content\/uploads\/2025\/06\/team_opti_short.png\" alt=\"reassurez-moi illustration\" class=\"wp-block-rm-advertizing-image\" loading=\"lazy\"\/><\/div><div class=\"\n                    rm-advertblock-container\n                    flex flex-column justify-center\n                    align-items-start\n                \"><p class=\"wp-block-rm-advertizing-text\n                              \n                            \">Plan \u00c9pargne Retraite : les meilleures offres 2026<\/p><a href=\"https:\/\/reassurez-moi.fr\/guide\/per\/meilleur\" class=\"wp-block-rm-advertizing-button\"><span class=\"wp-block-rm-advertizing-button-text\">Je compare 12 PER<\/span><\/a><\/div><\/div>\n\n\n\n<h2 class=\"wp-block-heading\">Quel est l\u2019avantage fiscal du PER ?<\/h2>\n\n\n\n<p>Le PER offre plusieurs avantages fiscaux importants qui le rendent attractif pour pr\u00e9parer sa retraite.<\/p>\n\n\n\n<div style=\"height:10px\" aria-hidden=\"true\" class=\"wp-block-spacer\"><\/div>\n\n\n\n<ul class=\"is-style-pros-2 wp-block-list\"><li><strong>D\u00e9duction des versements :\u00a0<\/strong><\/li><\/ul>\n\n\n\n<p><strong>Les versements volontaires effectu\u00e9s sur un PER individuel ou d\u2019entreprise sont d\u00e9ductibles des revenus imposables de l\u2019ann\u00e9e en cours<\/strong>, dans la limite d\u2019un plafond global fix\u00e9 pour chaque membre du foyer fiscal.\u00a0Cela permet de r\u00e9duire son imp\u00f4t sur le revenu et de booster son \u00e9pargne retraite.\u00a0<strong><a href=\"https:\/\/reassurez-moi.fr\/guide\/per\/plafond\">Le plafond de d\u00e9duction<\/a> est de 35 194 \u20ac pour les salari\u00e9s<\/strong> <strong>et de 37 094 pour <a href=\"https:\/\/reassurez-moi.fr\/guide\/per\/tns\">les travailleurs non-salari\u00e9s<\/a><\/strong>.<\/p>\n\n\n\n<div style=\"height:10px\" aria-hidden=\"true\" class=\"wp-block-spacer\"><\/div>\n\n\n\n<ul class=\"is-style-pros-2 wp-block-list\"><li><strong>Exon\u00e9ration des gains pendant la phase d\u2019\u00e9pargne :\u00a0<\/strong><\/li><\/ul>\n\n\n\n<p><strong>Les gains int\u00e9r\u00eats g\u00e9n\u00e9r\u00e9s par le PER sont exon\u00e9r\u00e9s d\u2019imp\u00f4t sur le revenu pendant la phase d\u2019\u00e9pargne<\/strong>.\u00a0Les int\u00e9r\u00eats fructifient sans \u00eatre impos\u00e9s, ce qui augmente le capital retraite.<\/p>\n\n\n\n<div style=\"height:10px\" aria-hidden=\"true\" class=\"wp-block-spacer\"><\/div>\n\n\n\n<ul class=\"is-style-pros-2 wp-block-list\"><li><strong><a href=\"https:\/\/reassurez-moi.fr\/guide\/per\/fiscalite\">Fiscalit\u00e9 avantageuse \u00e0 la sortie<\/a> :<\/strong><\/li><\/ul>\n\n\n\n<p><strong>\u00c0 la retraite, vous avez le choix de d\u00e9bloquer votre \u00e9pargne sous diff\u00e9rentes formes<\/strong>. En capital, la somme d\u00e9bloqu\u00e9e est alors soumise \u00e0 l\u2019imp\u00f4t sur le revenu au titre des revenus de l\u2019ann\u00e9e de sortie.\u00a0En rente, celle-ci est soumise \u00e0 l\u2019imp\u00f4t sur le revenu, mais b\u00e9n\u00e9ficie d\u2019un abattement de 10 %. <strong>Il est \u00e9galement possible d\u2019opter pour une sortie mixte<\/strong>.\u00a0<\/p>\n\n\n\n<div style=\"height:10px\" aria-hidden=\"true\" class=\"wp-block-spacer\"><\/div>\n\n\n\n<ul class=\"is-style-pros-2 wp-block-list\"><li><strong>La succession sur PER est avantageuse fiscalement puisque les sommes transmises aux b\u00e9n\u00e9ficiaires sont soumises aux droit de succession<\/strong>. En cas de d\u00e9c\u00e8s pr\u00e9matur\u00e9, l\u2019abattement est de 152 500 \u20ac par b\u00e9n\u00e9ficiaire. Si le d\u00e9c\u00e8s intervient apr\u00e8s 70 ans, l\u2019abattement est de 30 500 \u20ac partag\u00e9 entre tous les b\u00e9n\u00e9ficiaires.<\/li><\/ul>\n\n\n\n<div style=\"height:10px\" aria-hidden=\"true\" class=\"wp-block-spacer\"><\/div>\n\n\n\n<ul class=\"is-style-pros-2 wp-block-list\"><li><strong>Des versements exceptionnels pour d\u00e9fiscaliser des revenus exceptionnels<\/strong> (vente d\u2019un bien immobilier, prime de d\u00e9part \u00e0 la retraite, etc.)<\/li><\/ul>\n\n\n\n<h2 class=\"wp-block-heading\">Quel est le PER le plus avantageux ?<\/h2>\n\n\n\n<p><strong><a href=\"https:\/\/reassurez-moi.fr\/guide\/per\/meilleur\">Le meilleur PER<\/a> est celui qui correspond \u00e0 votre situation individuelle et \u00e0 vos besoins sp\u00e9cifiques<\/strong>. Pour le d\u00e9terminer, vous devez vous poser plusieurs questions.<\/p>\n\n\n\n<ul class=\"is-style-arrow-right wp-block-list\"><li><strong>Sur vos objectifs :<\/strong> Quel est le montant que vous souhaitez percevoir \u00e0 la retraite ? Quand souhaitez-vous commencer \u00e0 percevoir vos revenus du PER ? Sous quelle forme souhaitez-vous recevoir votre \u00e9pargne ?\u00a0<\/li><li><strong>Sur votre profil :<\/strong> \u00cates-vous plut\u00f4t prudent ou aimez-vous prendre des risques ? Souhaitez-vous g\u00e9rer votre \u00e9pargne vous-m\u00eame ou d\u00e9l\u00e9guer la gestion \u00e0 un professionnel ?\u00a0<\/li><li><strong>Sur vos caract\u00e9ristiques fiscales :<\/strong> Taux d\u2019imposition actuel et futur et situation familiale.<\/li><li><strong>Soyez attentif aux diff\u00e9rent frais du PER <\/strong>comme les frais de gestion annuels, de versement ou de sortie. <strong>Observez \u00e9galement les options d\u2019investissement propos\u00e9es par le PER<\/strong>, telles que la largeur de la gamme d\u2019unit\u00e9s de compte ou la performance des unit\u00e9s de compte.<\/li><\/ul>\n\n\n\n<h2 class=\"wp-block-heading\">Qui a un avantage \u00e0 ouvrir un PER ?<\/h2>\n\n\n\n<p><strong>Le PER peut convenir \u00e0 plusieurs cat\u00e9gories de personnes, actifs salari\u00e9s ou non-salari\u00e9s.<\/strong><\/p>\n\n\n\n<p><strong>Salari\u00e9s du priv\u00e9<\/strong> : le PER individuel ou d\u2019entreprise permet de constituer un compl\u00e9ment de retraite en plus des r\u00e9gimes obligatoires.<\/p>\n\n\n\n<p><strong>Travailleurs ind\u00e9pendants<\/strong> : le PER permet de constituer une retraite comparable \u00e0 celle des salari\u00e9s, en profitant d\u2019une fiscalit\u00e9 avantageuse.<\/p>\n\n\n\n<p><strong>Fonctionnaires<\/strong> : le PER peut \u00eatre int\u00e9ressant s\u2019ils souhaitent compl\u00e9ter leur retraite du r\u00e9gime sp\u00e9cial de la fonction publique.<\/p>\n\n\n\n<div style=\"height:50px\" aria-hidden=\"true\" class=\"wp-block-spacer\"><\/div>\n\n\n\n<h2 class=\"wp-block-heading\">FAQ<\/h2>\n\n\n\n<div class=\"schema-faq wp-block-yoast-faq-block\"><div class=\"schema-faq-section\" id=\"faq-question-1717861192029\"><h3 class=\"schema-faq-question my-0 font-semibold\">Quel est le plafond de l\u2019avantage fiscal du PER ?<\/h3> <p class=\"schema-faq-answer\"><strong>Le plafond de d\u00e9duction fiscale des versements sur un PER est de 10 % des revenus professionnels nets de frais, avec un maximum de 35 194 \u20ac en 2024<\/strong>. Il est \u00e9galement possible d\u2019utiliser des plafonds non utilis\u00e9s des trois ann\u00e9es pr\u00e9c\u00e9dentes.<\/p> <\/div> <div class=\"schema-faq-section\" id=\"faq-question-1717861202369\"><h3 class=\"schema-faq-question my-0 font-semibold\">Quels sont les avantages du PER par rapport aux autres produits d\u2019\u00e9pargne retraite ?<\/h3> <p class=\"schema-faq-answer\"><strong>Le PER offre plus de flexibilit\u00e9 en permettant une sortie en capital ou en rente, des avantages fiscaux d\u00e8s la phase d\u2019\u00e9pargne, et une possibilit\u00e9 de transfert entre diff\u00e9rents PER sans frais<\/strong>. Il combine les avantages des anciens produits tout en apportant des am\u00e9liorations.\u00a0<\/p> <\/div> <div class=\"schema-faq-section\" id=\"faq-question-1717861210820\"><h3 class=\"schema-faq-question my-0 font-semibold\">Comment le PER peut-il aider \u00e0 pr\u00e9parer une retraite sereine ?<\/h3> <p class=\"schema-faq-answer\"><strong>Le PER permet de constituer une \u00e9pargne \u00e0 long terme avec des avantages fiscaux, tout en offrant la possibilit\u00e9 de choisir entre diff\u00e9rents supports d\u2019investissement<\/strong>. \u00c0 la retraite, il assure un compl\u00e9ment de revenu sous forme de rente ou de capital, adapt\u00e9 aux besoins individuels.<\/p> <\/div> <\/div>\n\n\n\n<div style=\"height:100px\" aria-hidden=\"true\" class=\"wp-block-spacer\"><\/div>\n","protected":false},"excerpt":{"rendered":"<p>Pourquoi ouvrir un PER ? Avantages et inconv\u00e9nients Source d\u2019angoisse pour les uns, ou d\u2019impatience pour les autres, la retraite est un moment charni\u00e8re dans une vie. Ce qu&rsquo;il faut, c&rsquo;est y \u00eatre bien pr\u00e9par\u00e9. Pour tenter d\u2019appr\u00e9hender au mieux cette p\u00e9riode sur le plan financier, il existe le Plan \u00c9pargne Retraite. L&rsquo;avantage du PER\u2026<\/p>\n","protected":false},"author":86,"featured_media":0,"parent":66263,"menu_order":0,"comment_status":"open","ping_status":"closed","template":"","meta":{"_acf_changed":false,"footnotes":""},"categories":[],"page_topic":[598],"class_list":["post-202090","page","type-page","status-publish","hentry"],"yoast_head":"<!-- This site is optimized with the Yoast SEO plugin v24.7 - https:\/\/yoast.com\/wordpress\/plugins\/seo\/ -->\n<title>Quels sont les 5 avantages du Plan \u00c9pargne Retraite ?<\/title>\n<meta name=\"description\" content=\"Pr\u00e9parer sa retraite. B\u00e9n\u00e9ficier d&#039;une fiscalit\u00e9 avantageuse. D\u00e9blocage anticip\u00e9 en cas d\u2019accident. Libre choix de l&#039;\u00e9tablissement bancaire.\" \/>\n<meta name=\"robots\" content=\"index, follow, max-snippet:-1, max-image-preview:large, max-video-preview:-1\" \/>\n<link rel=\"canonical\" href=\"https:\/\/guide.reassurez-moi.fr\/guide\/per\/avantages\" \/>\n<meta property=\"og:locale\" content=\"fr_FR\" \/>\n<meta property=\"og:type\" content=\"article\" \/>\n<meta property=\"og:title\" content=\"Quels sont les 5 avantages du Plan \u00c9pargne Retraite ?\" \/>\n<meta property=\"og:description\" content=\"Pr\u00e9parer sa retraite. B\u00e9n\u00e9ficier d&#039;une fiscalit\u00e9 avantageuse. D\u00e9blocage anticip\u00e9 en cas d\u2019accident. Libre choix de l&#039;\u00e9tablissement bancaire.\" \/>\n<meta property=\"og:url\" content=\"https:\/\/guide.reassurez-moi.fr\/guide\/per\/avantages\" \/>\n<meta property=\"og:site_name\" content=\"R\u00e9assurez-moi\" \/>\n<meta property=\"article:publisher\" content=\"https:\/\/www.facebook.com\/R%c3%a9assurez-moi-209456495889479\/\" \/>\n<meta property=\"article:modified_time\" content=\"2026-02-02T14:54:00+00:00\" \/>\n<meta property=\"og:image\" content=\"https:\/\/guide.reassurez-moi.fr\/guide\/wp-content\/uploads\/2018\/04\/image-de-partage.png\" \/>\n\t<meta property=\"og:image:width\" content=\"500\" \/>\n\t<meta property=\"og:image:height\" content=\"160\" \/>\n\t<meta property=\"og:image:type\" content=\"image\/png\" \/>\n<meta name=\"twitter:card\" content=\"summary_large_image\" \/>\n<meta name=\"twitter:site\" content=\"@reassurezmoi\" \/>\n<meta name=\"twitter:label1\" content=\"Dur\u00e9e de lecture estim\u00e9e\" \/>\n\t<meta name=\"twitter:data1\" content=\"6 minutes\" \/>\n<script type=\"application\/ld+json\" class=\"yoast-schema-graph\">{\"@context\":\"https:\/\/schema.org\",\"@graph\":[{\"@type\":[\"WebPage\",\"FAQPage\"],\"@id\":\"https:\/\/guide.reassurez-moi.fr\/guide\/per\/avantages\",\"url\":\"https:\/\/guide.reassurez-moi.fr\/guide\/per\/avantages\",\"name\":\"Quels sont les 5 avantages du Plan \u00c9pargne Retraite ?\",\"isPartOf\":{\"@id\":\"https:\/\/guide.reassurez-moi.fr\/guide\/#website\"},\"datePublished\":\"2024-05-30T09:21:21+00:00\",\"dateModified\":\"2026-02-02T14:54:00+00:00\",\"description\":\"Pr\u00e9parer sa retraite. B\u00e9n\u00e9ficier d'une fiscalit\u00e9 avantageuse. D\u00e9blocage anticip\u00e9 en cas d\u2019accident. Libre choix de l'\u00e9tablissement bancaire.\",\"breadcrumb\":{\"@id\":\"https:\/\/guide.reassurez-moi.fr\/guide\/per\/avantages#breadcrumb\"},\"mainEntity\":[{\"@id\":\"https:\/\/guide.reassurez-moi.fr\/guide\/per\/avantages#faq-question-1717861192029\"},{\"@id\":\"https:\/\/guide.reassurez-moi.fr\/guide\/per\/avantages#faq-question-1717861202369\"},{\"@id\":\"https:\/\/guide.reassurez-moi.fr\/guide\/per\/avantages#faq-question-1717861210820\"}],\"inLanguage\":\"fr-FR\",\"potentialAction\":[{\"@type\":\"ReadAction\",\"target\":[\"https:\/\/guide.reassurez-moi.fr\/guide\/per\/avantages\"]}]},{\"@type\":\"BreadcrumbList\",\"@id\":\"https:\/\/guide.reassurez-moi.fr\/guide\/per\/avantages#breadcrumb\",\"itemListElement\":[{\"@type\":\"ListItem\",\"position\":1,\"name\":\"Assurances\",\"item\":\"https:\/\/guide.reassurez-moi.fr\/guide\/\"},{\"@type\":\"ListItem\",\"position\":2,\"name\":\"PER\",\"item\":\"https:\/\/guide.reassurez-moi.fr\/guide\/per\"},{\"@type\":\"ListItem\",\"position\":3,\"name\":\"Avantages\"}]},{\"@type\":\"WebSite\",\"@id\":\"https:\/\/guide.reassurez-moi.fr\/guide\/#website\",\"url\":\"https:\/\/guide.reassurez-moi.fr\/guide\/\",\"name\":\"R\u00e9assurez-moi\",\"description\":\"Comparateur d&#039;assurances\",\"potentialAction\":[{\"@type\":\"SearchAction\",\"target\":{\"@type\":\"EntryPoint\",\"urlTemplate\":\"https:\/\/guide.reassurez-moi.fr\/guide\/?s={search_term_string}\"},\"query-input\":{\"@type\":\"PropertyValueSpecification\",\"valueRequired\":true,\"valueName\":\"search_term_string\"}}],\"inLanguage\":\"fr-FR\"},{\"@type\":\"Question\",\"@id\":\"https:\/\/guide.reassurez-moi.fr\/guide\/per\/avantages#faq-question-1717861192029\",\"position\":1,\"url\":\"https:\/\/guide.reassurez-moi.fr\/guide\/per\/avantages#faq-question-1717861192029\",\"name\":\"Quel est le plafond de l\u2019avantage fiscal du PER ?\",\"answerCount\":1,\"acceptedAnswer\":{\"@type\":\"Answer\",\"text\":\"<strong>Le plafond de d\u00e9duction fiscale des versements sur un PER est de 10 % des revenus professionnels nets de frais, avec un maximum de 35 194 \u20ac en 2024<\/strong>. Il est \u00e9galement possible d\u2019utiliser des plafonds non utilis\u00e9s des trois ann\u00e9es pr\u00e9c\u00e9dentes.\",\"inLanguage\":\"fr-FR\"},\"inLanguage\":\"fr-FR\"},{\"@type\":\"Question\",\"@id\":\"https:\/\/guide.reassurez-moi.fr\/guide\/per\/avantages#faq-question-1717861202369\",\"position\":2,\"url\":\"https:\/\/guide.reassurez-moi.fr\/guide\/per\/avantages#faq-question-1717861202369\",\"name\":\"Quels sont les avantages du PER par rapport aux autres produits d\u2019\u00e9pargne retraite ?\",\"answerCount\":1,\"acceptedAnswer\":{\"@type\":\"Answer\",\"text\":\"<strong>Le PER offre plus de flexibilit\u00e9 en permettant une sortie en capital ou en rente, des avantages fiscaux d\u00e8s la phase d\u2019\u00e9pargne, et une possibilit\u00e9 de transfert entre diff\u00e9rents PER sans frais<\/strong>. Il combine les avantages des anciens produits tout en apportant des am\u00e9liorations.\u00a0\",\"inLanguage\":\"fr-FR\"},\"inLanguage\":\"fr-FR\"},{\"@type\":\"Question\",\"@id\":\"https:\/\/guide.reassurez-moi.fr\/guide\/per\/avantages#faq-question-1717861210820\",\"position\":3,\"url\":\"https:\/\/guide.reassurez-moi.fr\/guide\/per\/avantages#faq-question-1717861210820\",\"name\":\"Comment le PER peut-il aider \u00e0 pr\u00e9parer une retraite sereine ?\",\"answerCount\":1,\"acceptedAnswer\":{\"@type\":\"Answer\",\"text\":\"<strong>Le PER permet de constituer une \u00e9pargne \u00e0 long terme avec des avantages fiscaux, tout en offrant la possibilit\u00e9 de choisir entre diff\u00e9rents supports d\u2019investissement<\/strong>. \u00c0 la retraite, il assure un compl\u00e9ment de revenu sous forme de rente ou de capital, adapt\u00e9 aux besoins individuels.\",\"inLanguage\":\"fr-FR\"},\"inLanguage\":\"fr-FR\"}]}<\/script>\n<!-- \/ Yoast SEO plugin. -->","yoast_head_json":{"title":"Quels sont les 5 avantages du Plan \u00c9pargne Retraite ?","description":"Pr\u00e9parer sa retraite. B\u00e9n\u00e9ficier d'une fiscalit\u00e9 avantageuse. D\u00e9blocage anticip\u00e9 en cas d\u2019accident. Libre choix de l'\u00e9tablissement bancaire.","robots":{"index":"index","follow":"follow","max-snippet":"max-snippet:-1","max-image-preview":"max-image-preview:large","max-video-preview":"max-video-preview:-1"},"canonical":"https:\/\/guide.reassurez-moi.fr\/guide\/per\/avantages","og_locale":"fr_FR","og_type":"article","og_title":"Quels sont les 5 avantages du Plan \u00c9pargne Retraite ?","og_description":"Pr\u00e9parer sa retraite. B\u00e9n\u00e9ficier d'une fiscalit\u00e9 avantageuse. D\u00e9blocage anticip\u00e9 en cas d\u2019accident. Libre choix de l'\u00e9tablissement bancaire.","og_url":"https:\/\/guide.reassurez-moi.fr\/guide\/per\/avantages","og_site_name":"R\u00e9assurez-moi","article_publisher":"https:\/\/www.facebook.com\/R%c3%a9assurez-moi-209456495889479\/","article_modified_time":"2026-02-02T14:54:00+00:00","og_image":[{"width":500,"height":160,"url":"https:\/\/guide.reassurez-moi.fr\/guide\/wp-content\/uploads\/2018\/04\/image-de-partage.png","type":"image\/png"}],"twitter_card":"summary_large_image","twitter_site":"@reassurezmoi","twitter_misc":{"Dur\u00e9e de lecture estim\u00e9e":"6 minutes"},"schema":{"@context":"https:\/\/schema.org","@graph":[{"@type":["WebPage","FAQPage"],"@id":"https:\/\/guide.reassurez-moi.fr\/guide\/per\/avantages","url":"https:\/\/guide.reassurez-moi.fr\/guide\/per\/avantages","name":"Quels sont les 5 avantages du Plan \u00c9pargne Retraite ?","isPartOf":{"@id":"https:\/\/guide.reassurez-moi.fr\/guide\/#website"},"datePublished":"2024-05-30T09:21:21+00:00","dateModified":"2026-02-02T14:54:00+00:00","description":"Pr\u00e9parer sa retraite. B\u00e9n\u00e9ficier d'une fiscalit\u00e9 avantageuse. D\u00e9blocage anticip\u00e9 en cas d\u2019accident. Libre choix de l'\u00e9tablissement bancaire.","breadcrumb":{"@id":"https:\/\/guide.reassurez-moi.fr\/guide\/per\/avantages#breadcrumb"},"mainEntity":[{"@id":"https:\/\/guide.reassurez-moi.fr\/guide\/per\/avantages#faq-question-1717861192029"},{"@id":"https:\/\/guide.reassurez-moi.fr\/guide\/per\/avantages#faq-question-1717861202369"},{"@id":"https:\/\/guide.reassurez-moi.fr\/guide\/per\/avantages#faq-question-1717861210820"}],"inLanguage":"fr-FR","potentialAction":[{"@type":"ReadAction","target":["https:\/\/guide.reassurez-moi.fr\/guide\/per\/avantages"]}]},{"@type":"BreadcrumbList","@id":"https:\/\/guide.reassurez-moi.fr\/guide\/per\/avantages#breadcrumb","itemListElement":[{"@type":"ListItem","position":1,"name":"Assurances","item":"https:\/\/guide.reassurez-moi.fr\/guide\/"},{"@type":"ListItem","position":2,"name":"PER","item":"https:\/\/guide.reassurez-moi.fr\/guide\/per"},{"@type":"ListItem","position":3,"name":"Avantages"}]},{"@type":"WebSite","@id":"https:\/\/guide.reassurez-moi.fr\/guide\/#website","url":"https:\/\/guide.reassurez-moi.fr\/guide\/","name":"R\u00e9assurez-moi","description":"Comparateur d&#039;assurances","potentialAction":[{"@type":"SearchAction","target":{"@type":"EntryPoint","urlTemplate":"https:\/\/guide.reassurez-moi.fr\/guide\/?s={search_term_string}"},"query-input":{"@type":"PropertyValueSpecification","valueRequired":true,"valueName":"search_term_string"}}],"inLanguage":"fr-FR"},{"@type":"Question","@id":"https:\/\/guide.reassurez-moi.fr\/guide\/per\/avantages#faq-question-1717861192029","position":1,"url":"https:\/\/guide.reassurez-moi.fr\/guide\/per\/avantages#faq-question-1717861192029","name":"Quel est le plafond de l\u2019avantage fiscal du PER ?","answerCount":1,"acceptedAnswer":{"@type":"Answer","text":"<strong>Le plafond de d\u00e9duction fiscale des versements sur un PER est de 10 % des revenus professionnels nets de frais, avec un maximum de 35 194 \u20ac en 2024<\/strong>. Il est \u00e9galement possible d\u2019utiliser des plafonds non utilis\u00e9s des trois ann\u00e9es pr\u00e9c\u00e9dentes.","inLanguage":"fr-FR"},"inLanguage":"fr-FR"},{"@type":"Question","@id":"https:\/\/guide.reassurez-moi.fr\/guide\/per\/avantages#faq-question-1717861202369","position":2,"url":"https:\/\/guide.reassurez-moi.fr\/guide\/per\/avantages#faq-question-1717861202369","name":"Quels sont les avantages du PER par rapport aux autres produits d\u2019\u00e9pargne retraite ?","answerCount":1,"acceptedAnswer":{"@type":"Answer","text":"<strong>Le PER offre plus de flexibilit\u00e9 en permettant une sortie en capital ou en rente, des avantages fiscaux d\u00e8s la phase d\u2019\u00e9pargne, et une possibilit\u00e9 de transfert entre diff\u00e9rents PER sans frais<\/strong>. Il combine les avantages des anciens produits tout en apportant des am\u00e9liorations.\u00a0","inLanguage":"fr-FR"},"inLanguage":"fr-FR"},{"@type":"Question","@id":"https:\/\/guide.reassurez-moi.fr\/guide\/per\/avantages#faq-question-1717861210820","position":3,"url":"https:\/\/guide.reassurez-moi.fr\/guide\/per\/avantages#faq-question-1717861210820","name":"Comment le PER peut-il aider \u00e0 pr\u00e9parer une retraite sereine ?","answerCount":1,"acceptedAnswer":{"@type":"Answer","text":"<strong>Le PER permet de constituer une \u00e9pargne \u00e0 long terme avec des avantages fiscaux, tout en offrant la possibilit\u00e9 de choisir entre diff\u00e9rents supports d\u2019investissement<\/strong>. \u00c0 la retraite, il assure un compl\u00e9ment de revenu sous forme de rente ou de capital, adapt\u00e9 aux besoins individuels.","inLanguage":"fr-FR"},"inLanguage":"fr-FR"}]}},"acf":[],"_links":{"self":[{"href":"https:\/\/guide.reassurez-moi.fr\/guide\/wp-json\/wp\/v2\/pages\/202090","targetHints":{"allow":["GET"]}}],"collection":[{"href":"https:\/\/guide.reassurez-moi.fr\/guide\/wp-json\/wp\/v2\/pages"}],"about":[{"href":"https:\/\/guide.reassurez-moi.fr\/guide\/wp-json\/wp\/v2\/types\/page"}],"author":[{"embeddable":true,"href":"https:\/\/guide.reassurez-moi.fr\/guide\/wp-json\/wp\/v2\/users\/86"}],"replies":[{"embeddable":true,"href":"https:\/\/guide.reassurez-moi.fr\/guide\/wp-json\/wp\/v2\/comments?post=202090"}],"version-history":[{"count":2,"href":"https:\/\/guide.reassurez-moi.fr\/guide\/wp-json\/wp\/v2\/pages\/202090\/revisions"}],"predecessor-version":[{"id":215971,"href":"https:\/\/guide.reassurez-moi.fr\/guide\/wp-json\/wp\/v2\/pages\/202090\/revisions\/215971"}],"up":[{"embeddable":true,"href":"https:\/\/guide.reassurez-moi.fr\/guide\/wp-json\/wp\/v2\/pages\/66263"}],"wp:attachment":[{"href":"https:\/\/guide.reassurez-moi.fr\/guide\/wp-json\/wp\/v2\/media?parent=202090"}],"wp:term":[{"taxonomy":"category","embeddable":true,"href":"https:\/\/guide.reassurez-moi.fr\/guide\/wp-json\/wp\/v2\/categories?post=202090"},{"taxonomy":"page_topic","embeddable":true,"href":"https:\/\/guide.reassurez-moi.fr\/guide\/wp-json\/wp\/v2\/page_topic?post=202090"}],"curies":[{"name":"wp","href":"https:\/\/api.w.org\/{rel}","templated":true}]}}