{"id":204490,"date":"2024-10-10T12:46:29","date_gmt":"2024-10-10T10:46:29","guid":{"rendered":"https:\/\/reassurez-moi.fr\/guide\/?page_id=204490"},"modified":"2026-02-02T16:48:00","modified_gmt":"2026-02-02T15:48:00","slug":"etudiant-crous","status":"publish","type":"page","link":"https:\/\/guide.reassurez-moi.fr\/guide\/assurance-habitation\/etudiant-crous","title":{"rendered":"Assurance logement \u00e9tudiant Crous"},"content":{"rendered":"\n<h1 class=\"wp-block-heading\">Quelle assurance habitation pour logement \u00e9tudiant CROUS ?<\/h1>\n\n\n\n<p>Souscrire une assurance habitation est obligatoire lorsque vous emm\u00e9nagez dans un logement \u00e9tudiant CROUS. Cette assurance prot\u00e8ge contre les risques locatifs, comme les incendies et les d\u00e9g\u00e2ts des eaux, tout en couvrant votre responsabilit\u00e9 civile. Mais comment choisir la bonne couverture ? Ce guide vous explique pourquoi cette assurance est indispensable et quelles garanties privil\u00e9gier pour bien prot\u00e9ger votre logement et vos biens personnels.<\/p>\n\n\n\n<h2 class=\"wp-block-heading\">Pourquoi souscrire une assurance habitation pour un logement CROUS ?<\/h2>\n\n\n\n<p>Tout locataire d\u2019un logement CROUS doit fournir une attestation d\u2019assurance habitation. Cette exigence l\u00e9gale permet de couvrir les <strong>risques locatifs<\/strong>, notamment les d\u00e9g\u00e2ts caus\u00e9s au logement par un incendie, une explosion, ou un d\u00e9g\u00e2t des eaux. Si vous ne souscrivez pas cette assurance, vous pourriez \u00eatre tenu responsable des dommages et devoir payer des r\u00e9parations co\u00fbteuses de votre poche.<\/p>\n\n\n\n<p>En plus de couvrir les dommages caus\u00e9s \u00e0 votre logement, l\u2019assurance habitation inclut g\u00e9n\u00e9ralement une <strong>responsabilit\u00e9 civile<\/strong>. Cette garantie prot\u00e8ge en cas de dommages caus\u00e9s \u00e0 des tiers. Par exemple, si vous endommagez accidentellement les biens de vos voisins, la responsabilit\u00e9 civile interviendra pour couvrir les frais.<\/p>\n\n\n\n<p>Pour les \u00e9tudiants cherchant une solution abordable, <a href=\"https:\/\/www.smeno.com\/assurances\/assurance-habitation\/\" target=\"_blank\" rel=\"noreferrer noopener\">l&rsquo;assurance habitation \u00e9tudiante CROUS<\/a> propose des formules adapt\u00e9es aux r\u00e9sidents CROUS, avec des garanties sp\u00e9cifiques.<\/p>\n\n\n\n<h2 class=\"wp-block-heading\">Les garanties essentielles pour un logement \u00e9tudiant CROUS<\/h2>\n\n\n\n<h3 class=\"wp-block-heading\">1. <strong>La garantie risques locatifs<\/strong><\/h3>\n\n\n\n<p>C\u2019est la couverture <strong>minimale obligatoire<\/strong> requise par la loi. Elle prot\u00e8ge contre les sinistres affectant directement le logement (incendies, explosions, d\u00e9g\u00e2ts des eaux). Toutefois, cette garantie ne couvre pas les biens personnels des \u00e9tudiants.<\/p>\n\n\n\n<h3 class=\"wp-block-heading\">2. <strong>La responsabilit\u00e9 civile<\/strong><\/h3>\n\n\n\n<p>Cette garantie est cruciale pour prot\u00e9ger les \u00e9tudiants contre les dommages qu\u2019ils pourraient causer \u00e0 des tiers. Que ce soit au sein de votre logement ou dans le cadre de votre vie quotidienne, <a href=\"https:\/\/reassurez-moi.fr\/guide\/responsabilite-civile\">la responsabilit\u00e9 civile<\/a> est indispensable pour \u00e9viter des frais \u00e9lev\u00e9s en cas de sinistre.<\/p>\n\n\n\n<h3 class=\"wp-block-heading\">3. <strong>Les garanties optionnelles<\/strong><\/h3>\n\n\n\n<p>En compl\u00e9ment des garanties de base, certaines options peuvent \u00eatre ajout\u00e9es pour renforcer la couverture :<\/p>\n\n\n\n<ul class=\"wp-block-list\"><li><strong>Assurance des biens personnels<\/strong> : Elle permet de prot\u00e9ger vos biens, comme vos v\u00eatements, livres, et mat\u00e9riel informatique, en cas de vol, incendie ou d\u00e9g\u00e2ts.<\/li><li><strong>Garantie vol et vandalisme<\/strong> : Utile pour couvrir les dommages en cas de vol ou tentative d\u2019effraction dans votre logement.<\/li><li><strong>Dommages \u00e9lectriques<\/strong> : Prot\u00e8ge vos appareils \u00e9lectriques contre les surtensions, fr\u00e9quentes dans certaines r\u00e9sidences.<\/li><li><strong>Perte de cl\u00e9s<\/strong> : Une option pratique pour \u00e9viter les frais \u00e9lev\u00e9s d\u2019intervention d\u2019un serrurier.<\/li><\/ul>\n\n\n\n<h2 class=\"wp-block-heading\">Combien co\u00fbte une assurance habitation pour un logement \u00e9tudiant CROUS ?<\/h2>\n\n\n\n<p>Les assurances habitation pour \u00e9tudiants sont souvent propos\u00e9es \u00e0 des tarifs avantageux. En g\u00e9n\u00e9ral, les prix varient entre <strong>20 et 60 euros par an<\/strong>, selon la surface du logement et les garanties choisies. Par exemple, certaines offres comme celles d&rsquo;EtudAssur commencent \u00e0 <strong>2,70 \u20ac par mois<\/strong>, ce qui en fait une option abordable pour les \u00e9tudiants \u00e0 petit budget.<\/p>\n\n\n\n<p>Le co\u00fbt d\u00e9pendra de la taille de votre logement et des garanties optionnelles que vous choisirez. En outre, il est toujours judicieux de comparer plusieurs devis afin de trouver l\u2019offre qui correspond le mieux \u00e0 vos besoins.<\/p>\n\n\n\n<h2 class=\"wp-block-heading\">Comment souscrire \u00e0 une assurance habitation pour un logement CROUS ?<\/h2>\n\n\n\n<p>La souscription \u00e0 une assurance habitation est simple et rapide. La plupart des assureurs proposent des d\u00e9marches en ligne, o\u00f9 vous pouvez obtenir un devis personnalis\u00e9 en quelques minutes. Voici les principales \u00e9tapes :<\/p>\n\n\n\n<ol class=\"wp-block-list\"><li><strong>Comparer les offres<\/strong> pour trouver celle qui correspond le mieux \u00e0 vos besoins et \u00e0 votre budget.<\/li><li><strong>Choisir les garanties<\/strong> ad\u00e9quates, en fonction de vos biens et de votre logement (responsabilit\u00e9 civile, biens personnels, etc.).<\/li><li><strong>Obtenir une attestation d\u2019assurance<\/strong> : Ce document est n\u00e9cessaire pour valider votre contrat de location avec le CROUS.<\/li><\/ol>\n\n\n\n<div class=\"wp-block-columns is-layout-flex wp-container-core-columns-is-layout-9d6595d7 wp-block-columns-is-layout-flex\">\n<div class=\"wp-block-column is-layout-flow wp-block-column-is-layout-flow\" style=\"flex-basis:100%\"><\/div>\n<\/div>\n\n\n\n<div class=\"wp-block-columns is-layout-flex wp-container-core-columns-is-layout-9d6595d7 wp-block-columns-is-layout-flex\">\n<div class=\"wp-block-column is-style-green-top-border is-layout-flow wp-block-column-is-layout-flow\">\n<h2 class=\"wp-block-heading\">En Bref<\/h2>\n\n\n\n<p>Souscrire une assurance habitation est une d\u00e9marche incontournable pour tout \u00e9tudiant en logement CROUS. Cette couverture prot\u00e8ge contre les risques locatifs, tout en offrant des options suppl\u00e9mentaires pour assurer vos biens personnels. En comparant les offres et en choisissant une formule adapt\u00e9e \u00e0 votre budget, vous pouvez garantir votre tranquillit\u00e9 <\/p>\n<\/div>\n<\/div>\n","protected":false},"excerpt":{"rendered":"<p>Quelle assurance habitation pour logement \u00e9tudiant CROUS ? Souscrire une assurance habitation est obligatoire lorsque vous emm\u00e9nagez dans un logement \u00e9tudiant CROUS. Cette assurance prot\u00e8ge contre les risques locatifs, comme les incendies et les d\u00e9g\u00e2ts des eaux, tout en couvrant votre responsabilit\u00e9 civile. Mais comment choisir la bonne couverture ? Ce guide vous explique pourquoi\u2026<\/p>\n","protected":false},"author":86,"featured_media":0,"parent":13793,"menu_order":0,"comment_status":"open","ping_status":"closed","template":"","meta":{"_acf_changed":false,"footnotes":""},"categories":[],"page_topic":[557],"class_list":["post-204490","page","type-page","status-publish","hentry"],"yoast_head":"<!-- This site is optimized with the Yoast SEO plugin v24.7 - https:\/\/yoast.com\/wordpress\/plugins\/seo\/ -->\n<title>Comment choisir son assurance habitation \u00e9tudiant CROUS ?<\/title>\n<meta name=\"description\" content=\"Obligatoire en r\u00e9sidence \u00e9tudiante CROUS, l&#039;assurance habitation prot\u00e8ge contre les risques locatifs et la responsabilit\u00e9 civile.\" \/>\n<meta name=\"robots\" content=\"index, follow, max-snippet:-1, max-image-preview:large, max-video-preview:-1\" \/>\n<link rel=\"canonical\" href=\"https:\/\/guide.reassurez-moi.fr\/guide\/assurance-habitation\/etudiant-crous\" \/>\n<meta property=\"og:locale\" content=\"fr_FR\" \/>\n<meta property=\"og:type\" content=\"article\" \/>\n<meta property=\"og:title\" content=\"Comment choisir son assurance habitation \u00e9tudiant CROUS ?\" \/>\n<meta property=\"og:description\" content=\"Obligatoire en r\u00e9sidence \u00e9tudiante CROUS, l&#039;assurance habitation prot\u00e8ge contre les risques locatifs et la responsabilit\u00e9 civile.\" \/>\n<meta property=\"og:url\" content=\"https:\/\/guide.reassurez-moi.fr\/guide\/assurance-habitation\/etudiant-crous\" \/>\n<meta property=\"og:site_name\" content=\"R\u00e9assurez-moi\" \/>\n<meta property=\"article:publisher\" content=\"https:\/\/www.facebook.com\/R%c3%a9assurez-moi-209456495889479\/\" \/>\n<meta property=\"article:modified_time\" content=\"2026-02-02T15:48:00+00:00\" \/>\n<meta property=\"og:image\" content=\"https:\/\/guide.reassurez-moi.fr\/guide\/wp-content\/uploads\/2018\/04\/image-de-partage.png\" \/>\n\t<meta property=\"og:image:width\" content=\"500\" \/>\n\t<meta property=\"og:image:height\" content=\"160\" \/>\n\t<meta property=\"og:image:type\" content=\"image\/png\" \/>\n<meta name=\"twitter:card\" content=\"summary_large_image\" \/>\n<meta name=\"twitter:site\" content=\"@reassurezmoi\" \/>\n<meta name=\"twitter:label1\" content=\"Dur\u00e9e de lecture estim\u00e9e\" \/>\n\t<meta name=\"twitter:data1\" content=\"4 minutes\" \/>\n<script type=\"application\/ld+json\" class=\"yoast-schema-graph\">{\"@context\":\"https:\/\/schema.org\",\"@graph\":[{\"@type\":\"WebPage\",\"@id\":\"https:\/\/guide.reassurez-moi.fr\/guide\/assurance-habitation\/etudiant-crous\",\"url\":\"https:\/\/guide.reassurez-moi.fr\/guide\/assurance-habitation\/etudiant-crous\",\"name\":\"Comment choisir son assurance habitation \u00e9tudiant CROUS ?\",\"isPartOf\":{\"@id\":\"https:\/\/guide.reassurez-moi.fr\/guide\/#website\"},\"datePublished\":\"2024-10-10T10:46:29+00:00\",\"dateModified\":\"2026-02-02T15:48:00+00:00\",\"description\":\"Obligatoire en r\u00e9sidence \u00e9tudiante CROUS, l'assurance habitation prot\u00e8ge contre les risques locatifs et la responsabilit\u00e9 civile.\",\"breadcrumb\":{\"@id\":\"https:\/\/guide.reassurez-moi.fr\/guide\/assurance-habitation\/etudiant-crous#breadcrumb\"},\"inLanguage\":\"fr-FR\",\"potentialAction\":[{\"@type\":\"ReadAction\",\"target\":[\"https:\/\/guide.reassurez-moi.fr\/guide\/assurance-habitation\/etudiant-crous\"]}]},{\"@type\":\"BreadcrumbList\",\"@id\":\"https:\/\/guide.reassurez-moi.fr\/guide\/assurance-habitation\/etudiant-crous#breadcrumb\",\"itemListElement\":[{\"@type\":\"ListItem\",\"position\":1,\"name\":\"Assurances\",\"item\":\"https:\/\/guide.reassurez-moi.fr\/guide\/\"},{\"@type\":\"ListItem\",\"position\":2,\"name\":\"Assurance habitation\",\"item\":\"https:\/\/guide.reassurez-moi.fr\/guide\/assurance-habitation\"},{\"@type\":\"ListItem\",\"position\":3,\"name\":\"Assurance logement \u00e9tudiant Crous\"}]},{\"@type\":\"WebSite\",\"@id\":\"https:\/\/guide.reassurez-moi.fr\/guide\/#website\",\"url\":\"https:\/\/guide.reassurez-moi.fr\/guide\/\",\"name\":\"R\u00e9assurez-moi\",\"description\":\"Comparateur d&#039;assurances\",\"potentialAction\":[{\"@type\":\"SearchAction\",\"target\":{\"@type\":\"EntryPoint\",\"urlTemplate\":\"https:\/\/guide.reassurez-moi.fr\/guide\/?s={search_term_string}\"},\"query-input\":{\"@type\":\"PropertyValueSpecification\",\"valueRequired\":true,\"valueName\":\"search_term_string\"}}],\"inLanguage\":\"fr-FR\"}]}<\/script>\n<!-- \/ Yoast SEO plugin. -->","yoast_head_json":{"title":"Comment choisir son assurance habitation \u00e9tudiant CROUS ?","description":"Obligatoire en r\u00e9sidence \u00e9tudiante CROUS, l'assurance habitation prot\u00e8ge contre les risques locatifs et la responsabilit\u00e9 civile.","robots":{"index":"index","follow":"follow","max-snippet":"max-snippet:-1","max-image-preview":"max-image-preview:large","max-video-preview":"max-video-preview:-1"},"canonical":"https:\/\/guide.reassurez-moi.fr\/guide\/assurance-habitation\/etudiant-crous","og_locale":"fr_FR","og_type":"article","og_title":"Comment choisir son assurance habitation \u00e9tudiant CROUS ?","og_description":"Obligatoire en r\u00e9sidence \u00e9tudiante CROUS, l'assurance habitation prot\u00e8ge contre les risques locatifs et la responsabilit\u00e9 civile.","og_url":"https:\/\/guide.reassurez-moi.fr\/guide\/assurance-habitation\/etudiant-crous","og_site_name":"R\u00e9assurez-moi","article_publisher":"https:\/\/www.facebook.com\/R%c3%a9assurez-moi-209456495889479\/","article_modified_time":"2026-02-02T15:48:00+00:00","og_image":[{"width":500,"height":160,"url":"https:\/\/guide.reassurez-moi.fr\/guide\/wp-content\/uploads\/2018\/04\/image-de-partage.png","type":"image\/png"}],"twitter_card":"summary_large_image","twitter_site":"@reassurezmoi","twitter_misc":{"Dur\u00e9e de lecture estim\u00e9e":"4 minutes"},"schema":{"@context":"https:\/\/schema.org","@graph":[{"@type":"WebPage","@id":"https:\/\/guide.reassurez-moi.fr\/guide\/assurance-habitation\/etudiant-crous","url":"https:\/\/guide.reassurez-moi.fr\/guide\/assurance-habitation\/etudiant-crous","name":"Comment choisir son assurance habitation \u00e9tudiant CROUS ?","isPartOf":{"@id":"https:\/\/guide.reassurez-moi.fr\/guide\/#website"},"datePublished":"2024-10-10T10:46:29+00:00","dateModified":"2026-02-02T15:48:00+00:00","description":"Obligatoire en r\u00e9sidence \u00e9tudiante CROUS, l'assurance habitation prot\u00e8ge contre les risques locatifs et la responsabilit\u00e9 civile.","breadcrumb":{"@id":"https:\/\/guide.reassurez-moi.fr\/guide\/assurance-habitation\/etudiant-crous#breadcrumb"},"inLanguage":"fr-FR","potentialAction":[{"@type":"ReadAction","target":["https:\/\/guide.reassurez-moi.fr\/guide\/assurance-habitation\/etudiant-crous"]}]},{"@type":"BreadcrumbList","@id":"https:\/\/guide.reassurez-moi.fr\/guide\/assurance-habitation\/etudiant-crous#breadcrumb","itemListElement":[{"@type":"ListItem","position":1,"name":"Assurances","item":"https:\/\/guide.reassurez-moi.fr\/guide\/"},{"@type":"ListItem","position":2,"name":"Assurance habitation","item":"https:\/\/guide.reassurez-moi.fr\/guide\/assurance-habitation"},{"@type":"ListItem","position":3,"name":"Assurance logement \u00e9tudiant Crous"}]},{"@type":"WebSite","@id":"https:\/\/guide.reassurez-moi.fr\/guide\/#website","url":"https:\/\/guide.reassurez-moi.fr\/guide\/","name":"R\u00e9assurez-moi","description":"Comparateur d&#039;assurances","potentialAction":[{"@type":"SearchAction","target":{"@type":"EntryPoint","urlTemplate":"https:\/\/guide.reassurez-moi.fr\/guide\/?s={search_term_string}"},"query-input":{"@type":"PropertyValueSpecification","valueRequired":true,"valueName":"search_term_string"}}],"inLanguage":"fr-FR"}]}},"acf":[],"_links":{"self":[{"href":"https:\/\/guide.reassurez-moi.fr\/guide\/wp-json\/wp\/v2\/pages\/204490","targetHints":{"allow":["GET"]}}],"collection":[{"href":"https:\/\/guide.reassurez-moi.fr\/guide\/wp-json\/wp\/v2\/pages"}],"about":[{"href":"https:\/\/guide.reassurez-moi.fr\/guide\/wp-json\/wp\/v2\/types\/page"}],"author":[{"embeddable":true,"href":"https:\/\/guide.reassurez-moi.fr\/guide\/wp-json\/wp\/v2\/users\/86"}],"replies":[{"embeddable":true,"href":"https:\/\/guide.reassurez-moi.fr\/guide\/wp-json\/wp\/v2\/comments?post=204490"}],"version-history":[{"count":6,"href":"https:\/\/guide.reassurez-moi.fr\/guide\/wp-json\/wp\/v2\/pages\/204490\/revisions"}],"predecessor-version":[{"id":216469,"href":"https:\/\/guide.reassurez-moi.fr\/guide\/wp-json\/wp\/v2\/pages\/204490\/revisions\/216469"}],"up":[{"embeddable":true,"href":"https:\/\/guide.reassurez-moi.fr\/guide\/wp-json\/wp\/v2\/pages\/13793"}],"wp:attachment":[{"href":"https:\/\/guide.reassurez-moi.fr\/guide\/wp-json\/wp\/v2\/media?parent=204490"}],"wp:term":[{"taxonomy":"category","embeddable":true,"href":"https:\/\/guide.reassurez-moi.fr\/guide\/wp-json\/wp\/v2\/categories?post=204490"},{"taxonomy":"page_topic","embeddable":true,"href":"https:\/\/guide.reassurez-moi.fr\/guide\/wp-json\/wp\/v2\/page_topic?post=204490"}],"curies":[{"name":"wp","href":"https:\/\/api.w.org\/{rel}","templated":true}]}}