{"id":207201,"date":"2025-04-09T15:08:12","date_gmt":"2025-04-09T13:08:12","guid":{"rendered":"https:\/\/guide.reassurez-moi.fr\/guide\/?page_id=207201"},"modified":"2025-04-10T14:11:39","modified_gmt":"2025-04-10T12:11:39","slug":"e-book-proprietaires-declaration-impots-2025","status":"publish","type":"page","link":"https:\/\/guide.reassurez-moi.fr\/guide\/communication\/e-book-proprietaires-declaration-impots-2025","title":{"rendered":"Propri\u00e9taires : Comment optimiser votre d\u00e9claration d&rsquo;imp\u00f4ts 2025 ?"},"content":{"rendered":"\n<p>Chaque ann\u00e9e, des milliers de propri\u00e9taires paient trop d\u2019imp\u00f4ts simplement parce qu\u2019ils ne ma\u00eetrisent pas les bons leviers fiscaux. <\/p>\n\n\n\n<blockquote class=\"wp-block-quote is-layout-flow wp-block-quote-is-layout-flow\">\n<p><strong>Et si 2025 devenait l\u2019ann\u00e9e o\u00f9 vous reprenez le contr\u00f4le ?<\/strong><\/p>\n<\/blockquote>\n\n\n\n<p>R\u00e9assurez-moi a cr\u00e9\u00e9 un guide pratique qui vous aide \u00e0 comprendre, simuler et appliquer les meilleures strat\u00e9gies pour optimiser votre d\u00e9claration fiscale. Le tout, illustr\u00e9 par des exemples concrets et des cas r\u00e9els.<\/p>\n\n\n\n<h2 class=\"wp-block-heading\">E-BOOK : Votre guide pour b\u00e9n\u00e9ficier des meilleures r\u00e9ductions fiscales<\/h2>\n\n\n<div class=\"wp-block-image\">\n<figure class=\"aligncenter size-large\"><a href=\"https:\/\/reassurez-moi.typeform.com\/to\/bLwYiMtz\"><img decoding=\"async\" src=\"https:\/\/guide.reassurez-moi.fr\/guide\/wp-content\/uploads\/2025\/04\/Proprietaires-et-impots-500x333.png\" alt=\"Proprietaires et impots\" class=\"wp-image-207258\"\/><\/a><\/figure>\n<\/div>\n\n\n<div style=\"height:20px\" aria-hidden=\"true\" class=\"wp-block-spacer\"><\/div>\n\n\n\n<div class=\"wp-block-columns is-layout-flex wp-container-core-columns-is-layout-9d6595d7 wp-block-columns-is-layout-flex\">\n<div class=\"wp-block-column is-style-green-top-border is-layout-flow wp-block-column-is-layout-flow\">\n<h3 class=\"wp-block-heading has-text-align-center\">&#x2705; <strong>100 % gratuit<\/strong> <strong>au format pdf<\/strong><\/h3>\n<\/div>\n\n\n\n<div class=\"wp-block-column is-style-green-top-border is-layout-flow wp-block-column-is-layout-flow\">\n<h3 class=\"wp-block-heading has-text-align-center\">&#x270d;&#xfe0f; <strong>R\u00e9dig\u00e9 par des experts<\/strong><\/h3>\n<\/div>\n\n\n\n<div class=\"wp-block-column is-style-green-top-border is-layout-flow wp-block-column-is-layout-flow\">\n<h3 class=\"wp-block-heading has-text-align-center\">&#x1f512; <strong>Vos donn\u00e9es sont prot\u00e9g\u00e9es<\/strong><\/h3>\n<\/div>\n<\/div>\n\n\n\n<div style=\"height:20px\" aria-hidden=\"true\" class=\"wp-block-spacer\"><\/div>\n\n\n\n<div class=\"wp-block-columns is-layout-flex wp-container-core-columns-is-layout-9d6595d7 wp-block-columns-is-layout-flex\">\n<div class=\"wp-block-column is-style-blue-border is-layout-flow wp-block-column-is-layout-flow\">\n<h2 class=\"wp-block-heading\">Trop d\u2019imp\u00f4ts ? C\u2019est souvent une question de strat\u00e9gie<\/h2>\n\n\n\n<p>La majorit\u00e9 des propri\u00e9taires choisissent un r\u00e9gime fiscal par d\u00e9faut et passent \u00e0 c\u00f4t\u00e9 de plusieurs milliers d\u2019euros d\u2019\u00e9conomies.<\/p>\n\n\n\n<ul class=\"wp-block-list is-style-arrow-right\">\n<li>Micro-foncier, r\u00e9gime r\u00e9el, LMNP, SCI\u2026 Lequel est vraiment adapt\u00e9 \u00e0 votre situation ?<\/li>\n\n\n\n<li>Savez-vous que vous pouvez d\u00e9duire des charges comme les int\u00e9r\u00eats d\u2019emprunt, les travaux ou m\u00eame votre assurance ?<\/li>\n\n\n\n<li>Connaissez-vous les nouvelles r\u00e8gles fiscales de 2025 sur les plus-values, les charges ou la TVA ?<\/li>\n<\/ul>\n\n\n<div class=\"wp-block-image\">\n<figure class=\"aligncenter size-large\"><a href=\"https:\/\/reassurez-moi.typeform.com\/to\/bLwYiMtz\"><img loading=\"lazy\" decoding=\"async\" width=\"333\" height=\"500\" src=\"https:\/\/guide.reassurez-moi.fr\/guide\/wp-content\/uploads\/2025\/04\/ebook-1-1-333x500.png\" alt=\"ebook\" class=\"wp-image-207211\" srcset=\"https:\/\/guide.reassurez-moi.fr\/guide\/wp-content\/uploads\/2025\/04\/ebook-1-1-333x500.png 333w, https:\/\/guide.reassurez-moi.fr\/guide\/wp-content\/uploads\/2025\/04\/ebook-1-1-200x300.png 200w, https:\/\/guide.reassurez-moi.fr\/guide\/wp-content\/uploads\/2025\/04\/ebook-1-1-768x1152.png 768w, https:\/\/guide.reassurez-moi.fr\/guide\/wp-content\/uploads\/2025\/04\/ebook-1-1.png 1024w\" sizes=\"auto, (max-width: 333px) 100vw, 333px\" \/><\/a><\/figure>\n<\/div><\/div>\n<\/div>\n\n\n\n<div class=\"wp-block-buttons is-layout-flex wp-block-buttons-is-layout-flex\">\n<div class=\"wp-block-button is-style-rm-button-orange\"><a class=\"wp-block-button__link wp-element-button\" href=\"https:\/\/reassurez-moi.typeform.com\/to\/bLwYiMtz\">T\u00e9l\u00e9chargez votre e-book<\/a><\/div>\n<\/div>\n\n\n\n<div style=\"height:20px\" aria-hidden=\"true\" class=\"wp-block-spacer\"><\/div>\n\n\n\n<div class=\"wp-block-mars-information icon-check\"><p>&#x1f4a1; Notre guide vous aide \u00e0 r\u00e9pondre \u00e0 toutes ces questions, avec clart\u00e9 et p\u00e9dagogie.<\/p><\/div>\n\n\n\n<div style=\"height:20px\" aria-hidden=\"true\" class=\"wp-block-spacer\"><\/div>\n\n\n\n<div class=\"wp-block-columns is-layout-flex wp-container-core-columns-is-layout-9d6595d7 wp-block-columns-is-layout-flex\">\n<div class=\"wp-block-column is-style-blue-border is-layout-flow wp-block-column-is-layout-flow\">\n<h2 class=\"wp-block-heading\">Ce que vous allez enfin comprendre gr\u00e2ce \u00e0 ce guide<\/h2>\n\n\n\n<p>Notre e-book n\u2019est pas un manuel th\u00e9orique. Il vous accompagne \u00e9tape par \u00e9tape pour faire les bons choix fiscaux en fonction de votre profil.<\/p>\n\n\n\n<ul class=\"wp-block-list is-style-pros-2\">\n<li><strong>R\u00e9gimes fiscaux <\/strong>: micro-foncier, r\u00e9el, LMNP, SCI \u2013 avec un comparatif clair<\/li>\n\n\n\n<li><strong>Revenus fonciers<\/strong> : comment bien les d\u00e9clarer et \u00e9viter les erreurs<\/li>\n\n\n\n<li><strong>Charges d\u00e9ductibles<\/strong> : ce que vous pouvez vraiment soustraire \u00e0 vos revenus<\/li>\n\n\n\n<li><strong>Assurance emprunteur<\/strong> : comment la ren\u00e9gocier pour \u00e9conomiser jusqu\u2019\u00e0 18 000 \u20ac<\/li>\n\n\n\n<li><strong>D\u00e9fiscalisation<\/strong> : exploitez les dispositifs Pinel, Denormandie, Malraux\u2026<\/li>\n\n\n\n<li><strong>Montage fiscal<\/strong> : comment choisir entre nom propre, SCI, ou LMNP<\/li>\n\n\n\n<li><strong>Checklist et cas pratiques<\/strong> pour passer \u00e0 l\u2019action sans vous tromper<\/li>\n<\/ul>\n<\/div>\n<\/div>\n\n\n\n<div style=\"height:20px\" aria-hidden=\"true\" class=\"wp-block-spacer\"><\/div>\n\n\n\n<h2 class=\"wp-block-heading\">Un e-book pratique, illustr\u00e9 et actionnable<\/h2>\n\n\n\n<p>Notre e-book s\u2019articule en 7 grandes parties, pour vous accompagner de A \u00e0 Z dans l\u2019optimisation de votre fiscalit\u00e9 immobili\u00e8re :<\/p>\n\n\n\n<h3 class=\"wp-block-heading\"><strong>Partie 1 : Choisir le bon r\u00e9gime fiscal<\/strong><\/h3>\n\n\n\n<p>Micro-foncier, r\u00e9gime r\u00e9el, LMNP, SCI\u2026 On vous aide \u00e0 comprendre les diff\u00e9rences, \u00e0 faire le bon choix selon votre profil, et \u00e0 \u00e9conomiser d\u00e8s votre prochaine d\u00e9claration.<\/p>\n\n\n\n<h3 class=\"wp-block-heading\"><strong>Partie 2 : Bien d\u00e9clarer vos revenus locatifs<\/strong><\/h3>\n\n\n\n<p>Location vide ou meubl\u00e9e ? Revenus fonciers ou BIC ? D\u00e9couvrez pas \u00e0 pas comment remplir votre d\u00e9claration et \u00e9viter les erreurs qui co\u00fbtent cher.<\/p>\n\n\n\n<h3 class=\"wp-block-heading\"><strong>Partie 3 : Profiter des dispositifs de d\u00e9fiscalisation<\/strong><\/h3>\n\n\n\n<p>Pinel, Denormandie, Malraux, LMNP\u2026 Tous les leviers pour investir intelligemment et r\u00e9duire votre imp\u00f4t, avec des exemples concrets \u00e0 la cl\u00e9.<\/p>\n\n\n\n<h3 class=\"wp-block-heading\"><strong>Partie 4 : D\u00e9duire un maximum de charges<\/strong><\/h3>\n\n\n\n<p>Travaux, int\u00e9r\u00eats d\u2019emprunt, assurance, copropri\u00e9t\u00e9\u2026 Ne passez plus \u00e0 c\u00f4t\u00e9 des d\u00e9ductions que l\u2019administration fiscale vous autorise.<\/p>\n\n\n\n<h3 class=\"wp-block-heading\"><strong>Partie 5 : Optimiser votre assurance emprunteur<\/strong><\/h3>\n\n\n\n<p>Et si votre assurance de pr\u00eat vous co\u00fbtait trop cher ? Apprenez \u00e0 la ren\u00e9gocier facilement\u2026 et \u00e0 d\u00e9duire une partie de son co\u00fbt de vos imp\u00f4ts.<\/p>\n\n\n\n<div style=\"height:20px\" aria-hidden=\"true\" class=\"wp-block-spacer\"><\/div>\n\n\n\n<div class=\"wp-block-buttons is-layout-flex wp-block-buttons-is-layout-flex\">\n<div class=\"wp-block-button is-style-rm-button-orange\"><a class=\"wp-block-button__link wp-element-button\" href=\"https:\/\/reassurez-moi.fr\/simulation-assurance-pret-immobilier\">Simuler son assurance emprunteur<\/a><\/div>\n<\/div>\n\n\n\n<div style=\"height:20px\" aria-hidden=\"true\" class=\"wp-block-spacer\"><\/div>\n\n\n\n<h3 class=\"wp-block-heading\"><strong>Partie 6 : Adopter le bon montage fiscal<\/strong><\/h3>\n\n\n\n<p>Nom propre, SCI ou LMNP ? On vous guide selon votre situation : achat en couple, en famille, ou en solo.<\/p>\n\n\n\n<h3 class=\"wp-block-heading\"><strong>Partie 7 : \u00c9viter les erreurs fiscales les plus fr\u00e9quentes<\/strong><\/h3>\n\n\n\n<p>Checklist \u00e0 l\u2019appui, on vous montre comment \u00e9viter les oublis, les erreurs de d\u00e9claration et les pi\u00e8ges de la fiscalit\u00e9 2025.<\/p>\n\n\n\n<div class=\"wp-block-mars-information icon-check\"><p>&#x2705; <strong>En bonus<\/strong><br\/>Des cas pratiques concrets de propri\u00e9taires qui ont \u00e9conomis\u00e9 jusqu\u2019\u00e0 5 000 \u20ac d\u2019imp\u00f4ts en appliquant ces strat\u00e9gies.<\/p><\/div>\n","protected":false},"excerpt":{"rendered":"<p>Chaque ann\u00e9e, des milliers de propri\u00e9taires paient trop d\u2019imp\u00f4ts simplement parce qu\u2019ils ne ma\u00eetrisent pas les bons leviers fiscaux. R\u00e9assurez-moi a cr\u00e9\u00e9 un guide pratique qui vous aide \u00e0 comprendre, simuler et appliquer les meilleures strat\u00e9gies pour optimiser votre d\u00e9claration fiscale. Le tout, illustr\u00e9 par des exemples concrets et des cas r\u00e9els. E-BOOK : Votre\u2026<\/p>\n","protected":false},"author":67,"featured_media":207240,"parent":106518,"menu_order":0,"comment_status":"open","ping_status":"closed","template":"pages\/page-etude.php","meta":{"_acf_changed":false,"footnotes":""},"categories":[496],"page_topic":[],"class_list":["post-207201","page","type-page","status-publish","has-post-thumbnail","hentry","category-etudes"],"yoast_head":"<!-- This site is optimized with the Yoast SEO plugin v24.7 - https:\/\/yoast.com\/wordpress\/plugins\/seo\/ -->\n<title>E-BOOK | Propri\u00e9taires, optimisez votre d\u00e9claration d&#039;imp\u00f4ts 2025<\/title>\n<meta name=\"description\" content=\"Propri\u00e9taires, d\u00e9couvrez comment optimiser votre d\u00e9claration d&#039;imp\u00f4ts 2025. T\u00e9l\u00e9chargez votre e-book gratuitement et commencez \u00e0 \u00e9conomiser \u2b50\ufe0f\" \/>\n<meta name=\"robots\" content=\"index, follow, max-snippet:-1, max-image-preview:large, max-video-preview:-1\" \/>\n<link rel=\"canonical\" href=\"https:\/\/34.54.253.62\/guide\/communication\/e-book-proprietaires-declaration-impots-2025\" \/>\n<meta property=\"og:locale\" content=\"fr_FR\" \/>\n<meta property=\"og:type\" content=\"article\" \/>\n<meta property=\"og:title\" content=\"E-BOOK | Propri\u00e9taires, optimisez votre d\u00e9claration d&#039;imp\u00f4ts 2025\" \/>\n<meta property=\"og:description\" content=\"Propri\u00e9taires, d\u00e9couvrez comment optimiser votre d\u00e9claration d&#039;imp\u00f4ts 2025. T\u00e9l\u00e9chargez votre e-book gratuitement et commencez \u00e0 \u00e9conomiser \u2b50\ufe0f\" \/>\n<meta property=\"og:url\" content=\"https:\/\/34.54.253.62\/guide\/communication\/e-book-proprietaires-declaration-impots-2025\" \/>\n<meta property=\"og:site_name\" content=\"R\u00e9assurez-moi\" \/>\n<meta property=\"article:publisher\" content=\"https:\/\/www.facebook.com\/R%c3%a9assurez-moi-209456495889479\/\" \/>\n<meta property=\"article:modified_time\" content=\"2025-04-10T12:11:39+00:00\" \/>\n<meta property=\"og:image\" content=\"https:\/\/guide.reassurez-moi.fr\/guide\/wp-content\/uploads\/2025\/04\/ebookimpots2025.png\" \/>\n\t<meta property=\"og:image:width\" content=\"2198\" \/>\n\t<meta property=\"og:image:height\" content=\"1076\" \/>\n\t<meta property=\"og:image:type\" content=\"image\/png\" \/>\n<meta name=\"twitter:card\" content=\"summary_large_image\" \/>\n<meta name=\"twitter:site\" content=\"@reassurezmoi\" \/>\n<meta name=\"twitter:label1\" content=\"Dur\u00e9e de lecture estim\u00e9e\" \/>\n\t<meta name=\"twitter:data1\" content=\"3 minutes\" \/>\n<script type=\"application\/ld+json\" class=\"yoast-schema-graph\">{\"@context\":\"https:\/\/schema.org\",\"@graph\":[{\"@type\":\"WebPage\",\"@id\":\"https:\/\/34.54.253.62\/guide\/communication\/e-book-proprietaires-declaration-impots-2025\",\"url\":\"https:\/\/34.54.253.62\/guide\/communication\/e-book-proprietaires-declaration-impots-2025\",\"name\":\"E-BOOK | Propri\u00e9taires, optimisez votre d\u00e9claration d'imp\u00f4ts 2025\",\"isPartOf\":{\"@id\":\"https:\/\/guide.reassurez-moi.fr\/guide\/#website\"},\"primaryImageOfPage\":{\"@id\":\"https:\/\/34.54.253.62\/guide\/communication\/e-book-proprietaires-declaration-impots-2025#primaryimage\"},\"image\":{\"@id\":\"https:\/\/34.54.253.62\/guide\/communication\/e-book-proprietaires-declaration-impots-2025#primaryimage\"},\"thumbnailUrl\":\"https:\/\/guide.reassurez-moi.fr\/guide\/wp-content\/uploads\/2025\/04\/ebookimpots2025.png\",\"datePublished\":\"2025-04-09T13:08:12+00:00\",\"dateModified\":\"2025-04-10T12:11:39+00:00\",\"description\":\"Propri\u00e9taires, d\u00e9couvrez comment optimiser votre d\u00e9claration d'imp\u00f4ts 2025. T\u00e9l\u00e9chargez votre e-book gratuitement et commencez \u00e0 \u00e9conomiser \u2b50\ufe0f\",\"breadcrumb\":{\"@id\":\"https:\/\/34.54.253.62\/guide\/communication\/e-book-proprietaires-declaration-impots-2025#breadcrumb\"},\"inLanguage\":\"fr-FR\",\"potentialAction\":[{\"@type\":\"ReadAction\",\"target\":[\"https:\/\/34.54.253.62\/guide\/communication\/e-book-proprietaires-declaration-impots-2025\"]}]},{\"@type\":\"ImageObject\",\"inLanguage\":\"fr-FR\",\"@id\":\"https:\/\/34.54.253.62\/guide\/communication\/e-book-proprietaires-declaration-impots-2025#primaryimage\",\"url\":\"https:\/\/guide.reassurez-moi.fr\/guide\/wp-content\/uploads\/2025\/04\/ebookimpots2025.png\",\"contentUrl\":\"https:\/\/guide.reassurez-moi.fr\/guide\/wp-content\/uploads\/2025\/04\/ebookimpots2025.png\",\"width\":2198,\"height\":1076,\"caption\":\"ebookimpots2025\"},{\"@type\":\"BreadcrumbList\",\"@id\":\"https:\/\/34.54.253.62\/guide\/communication\/e-book-proprietaires-declaration-impots-2025#breadcrumb\",\"itemListElement\":[{\"@type\":\"ListItem\",\"position\":1,\"name\":\"Assurances\",\"item\":\"https:\/\/guide.reassurez-moi.fr\/guide\/\"},{\"@type\":\"ListItem\",\"position\":2,\"name\":\"Communication\",\"item\":\"https:\/\/guide.reassurez-moi.fr\/guide\/communication\"},{\"@type\":\"ListItem\",\"position\":3,\"name\":\"Propri\u00e9taires : Comment optimiser votre d\u00e9claration d&rsquo;imp\u00f4ts 2025 ?\"}]},{\"@type\":\"WebSite\",\"@id\":\"https:\/\/guide.reassurez-moi.fr\/guide\/#website\",\"url\":\"https:\/\/guide.reassurez-moi.fr\/guide\/\",\"name\":\"R\u00e9assurez-moi\",\"description\":\"Comparateur d&#039;assurances\",\"potentialAction\":[{\"@type\":\"SearchAction\",\"target\":{\"@type\":\"EntryPoint\",\"urlTemplate\":\"https:\/\/guide.reassurez-moi.fr\/guide\/?s={search_term_string}\"},\"query-input\":{\"@type\":\"PropertyValueSpecification\",\"valueRequired\":true,\"valueName\":\"search_term_string\"}}],\"inLanguage\":\"fr-FR\"}]}<\/script>\n<!-- \/ Yoast SEO plugin. -->","yoast_head_json":{"title":"E-BOOK | Propri\u00e9taires, optimisez votre d\u00e9claration d'imp\u00f4ts 2025","description":"Propri\u00e9taires, d\u00e9couvrez comment optimiser votre d\u00e9claration d'imp\u00f4ts 2025. T\u00e9l\u00e9chargez votre e-book gratuitement et commencez \u00e0 \u00e9conomiser \u2b50\ufe0f","robots":{"index":"index","follow":"follow","max-snippet":"max-snippet:-1","max-image-preview":"max-image-preview:large","max-video-preview":"max-video-preview:-1"},"canonical":"https:\/\/34.54.253.62\/guide\/communication\/e-book-proprietaires-declaration-impots-2025","og_locale":"fr_FR","og_type":"article","og_title":"E-BOOK | Propri\u00e9taires, optimisez votre d\u00e9claration d'imp\u00f4ts 2025","og_description":"Propri\u00e9taires, d\u00e9couvrez comment optimiser votre d\u00e9claration d'imp\u00f4ts 2025. T\u00e9l\u00e9chargez votre e-book gratuitement et commencez \u00e0 \u00e9conomiser \u2b50\ufe0f","og_url":"https:\/\/34.54.253.62\/guide\/communication\/e-book-proprietaires-declaration-impots-2025","og_site_name":"R\u00e9assurez-moi","article_publisher":"https:\/\/www.facebook.com\/R%c3%a9assurez-moi-209456495889479\/","article_modified_time":"2025-04-10T12:11:39+00:00","og_image":[{"width":2198,"height":1076,"url":"https:\/\/guide.reassurez-moi.fr\/guide\/wp-content\/uploads\/2025\/04\/ebookimpots2025.png","type":"image\/png"}],"twitter_card":"summary_large_image","twitter_site":"@reassurezmoi","twitter_misc":{"Dur\u00e9e de lecture estim\u00e9e":"3 minutes"},"schema":{"@context":"https:\/\/schema.org","@graph":[{"@type":"WebPage","@id":"https:\/\/34.54.253.62\/guide\/communication\/e-book-proprietaires-declaration-impots-2025","url":"https:\/\/34.54.253.62\/guide\/communication\/e-book-proprietaires-declaration-impots-2025","name":"E-BOOK | Propri\u00e9taires, optimisez votre d\u00e9claration d'imp\u00f4ts 2025","isPartOf":{"@id":"https:\/\/guide.reassurez-moi.fr\/guide\/#website"},"primaryImageOfPage":{"@id":"https:\/\/34.54.253.62\/guide\/communication\/e-book-proprietaires-declaration-impots-2025#primaryimage"},"image":{"@id":"https:\/\/34.54.253.62\/guide\/communication\/e-book-proprietaires-declaration-impots-2025#primaryimage"},"thumbnailUrl":"https:\/\/guide.reassurez-moi.fr\/guide\/wp-content\/uploads\/2025\/04\/ebookimpots2025.png","datePublished":"2025-04-09T13:08:12+00:00","dateModified":"2025-04-10T12:11:39+00:00","description":"Propri\u00e9taires, d\u00e9couvrez comment optimiser votre d\u00e9claration d'imp\u00f4ts 2025. T\u00e9l\u00e9chargez votre e-book gratuitement et commencez \u00e0 \u00e9conomiser \u2b50\ufe0f","breadcrumb":{"@id":"https:\/\/34.54.253.62\/guide\/communication\/e-book-proprietaires-declaration-impots-2025#breadcrumb"},"inLanguage":"fr-FR","potentialAction":[{"@type":"ReadAction","target":["https:\/\/34.54.253.62\/guide\/communication\/e-book-proprietaires-declaration-impots-2025"]}]},{"@type":"ImageObject","inLanguage":"fr-FR","@id":"https:\/\/34.54.253.62\/guide\/communication\/e-book-proprietaires-declaration-impots-2025#primaryimage","url":"https:\/\/guide.reassurez-moi.fr\/guide\/wp-content\/uploads\/2025\/04\/ebookimpots2025.png","contentUrl":"https:\/\/guide.reassurez-moi.fr\/guide\/wp-content\/uploads\/2025\/04\/ebookimpots2025.png","width":2198,"height":1076,"caption":"ebookimpots2025"},{"@type":"BreadcrumbList","@id":"https:\/\/34.54.253.62\/guide\/communication\/e-book-proprietaires-declaration-impots-2025#breadcrumb","itemListElement":[{"@type":"ListItem","position":1,"name":"Assurances","item":"https:\/\/guide.reassurez-moi.fr\/guide\/"},{"@type":"ListItem","position":2,"name":"Communication","item":"https:\/\/guide.reassurez-moi.fr\/guide\/communication"},{"@type":"ListItem","position":3,"name":"Propri\u00e9taires : Comment optimiser votre d\u00e9claration d&rsquo;imp\u00f4ts 2025 ?"}]},{"@type":"WebSite","@id":"https:\/\/guide.reassurez-moi.fr\/guide\/#website","url":"https:\/\/guide.reassurez-moi.fr\/guide\/","name":"R\u00e9assurez-moi","description":"Comparateur d&#039;assurances","potentialAction":[{"@type":"SearchAction","target":{"@type":"EntryPoint","urlTemplate":"https:\/\/guide.reassurez-moi.fr\/guide\/?s={search_term_string}"},"query-input":{"@type":"PropertyValueSpecification","valueRequired":true,"valueName":"search_term_string"}}],"inLanguage":"fr-FR"}]}},"acf":[],"_links":{"self":[{"href":"https:\/\/guide.reassurez-moi.fr\/guide\/wp-json\/wp\/v2\/pages\/207201","targetHints":{"allow":["GET"]}}],"collection":[{"href":"https:\/\/guide.reassurez-moi.fr\/guide\/wp-json\/wp\/v2\/pages"}],"about":[{"href":"https:\/\/guide.reassurez-moi.fr\/guide\/wp-json\/wp\/v2\/types\/page"}],"author":[{"embeddable":true,"href":"https:\/\/guide.reassurez-moi.fr\/guide\/wp-json\/wp\/v2\/users\/67"}],"replies":[{"embeddable":true,"href":"https:\/\/guide.reassurez-moi.fr\/guide\/wp-json\/wp\/v2\/comments?post=207201"}],"version-history":[{"count":34,"href":"https:\/\/guide.reassurez-moi.fr\/guide\/wp-json\/wp\/v2\/pages\/207201\/revisions"}],"predecessor-version":[{"id":207265,"href":"https:\/\/guide.reassurez-moi.fr\/guide\/wp-json\/wp\/v2\/pages\/207201\/revisions\/207265"}],"up":[{"embeddable":true,"href":"https:\/\/guide.reassurez-moi.fr\/guide\/wp-json\/wp\/v2\/pages\/106518"}],"wp:featuredmedia":[{"embeddable":true,"href":"https:\/\/guide.reassurez-moi.fr\/guide\/wp-json\/wp\/v2\/media\/207240"}],"wp:attachment":[{"href":"https:\/\/guide.reassurez-moi.fr\/guide\/wp-json\/wp\/v2\/media?parent=207201"}],"wp:term":[{"taxonomy":"category","embeddable":true,"href":"https:\/\/guide.reassurez-moi.fr\/guide\/wp-json\/wp\/v2\/categories?post=207201"},{"taxonomy":"page_topic","embeddable":true,"href":"https:\/\/guide.reassurez-moi.fr\/guide\/wp-json\/wp\/v2\/page_topic?post=207201"}],"curies":[{"name":"wp","href":"https:\/\/api.w.org\/{rel}","templated":true}]}}