{"id":207798,"date":"2025-05-02T15:29:23","date_gmt":"2025-05-02T13:29:23","guid":{"rendered":"https:\/\/guide.reassurez-moi.fr\/guide\/?page_id=207798"},"modified":"2026-02-02T16:47:45","modified_gmt":"2026-02-02T15:47:45","slug":"entreprises","status":"publish","type":"page","link":"https:\/\/guide.reassurez-moi.fr\/guide\/mutuelle-sante\/entreprises","title":{"rendered":"Mutuelle collective par employeur : que couvre votre contrat sant\u00e9 ?"},"content":{"rendered":"\n<p>De nombreuses entreprises proposent \u00e0 leurs salari\u00e9s une mutuelle collective. Ces contrats sont souvent avantageux, mais pas toujours bien compris : qui est concern\u00e9 ? Peut-on refuser cette mutuelle ? Est-elle suffisante ?<\/p>\n\n\n\n<h2 class=\"wp-block-heading\">Pourquoi certaines entreprises proposent des mutuelles sp\u00e9cifiques ?<\/h2>\n\n\n\n<p>Depuis 2016, la loi impose aux entreprises priv\u00e9es de proposer une mutuelle sant\u00e9 \u00e0 leurs salari\u00e9s (<a href=\"https:\/\/www.legifrance.gouv.fr\/codes\/article_lc\/LEGIARTI000031686110\" target=\"_blank\" rel=\"noreferrer noopener\"><em>article L911-7 du code du travail)<\/em><\/a>. C\u2019est ce qu\u2019on appelle un contrat collectif, souvent n\u00e9goci\u00e9 avec un organisme de compl\u00e9mentaire sant\u00e9.<br>\ud83d\udc49 Pour les salari\u00e9s, c\u2019est souvent un bon plan : cotisation partag\u00e9e avec l\u2019employeur, garanties socle int\u00e9ressantes, adh\u00e9sion automatique.<\/p>\n\n\n\n<p>\ud83d\udd38 Mais ce contrat ne couvre pas forc\u00e9ment tous les besoins : <a href=\"https:\/\/reassurez-moi.fr\/guide\/mutuelle-sante\/mutuelle-optique\">optique<\/a>, <a href=\"https:\/\/reassurez-moi.fr\/guide\/mutuelle-sante\/mutuelle-dentaire\">dentaire<\/a>, m\u00e9decines douces, etc. Certains profils peuvent avoir int\u00e9r\u00eat \u00e0 comparer ou compl\u00e9ter leur couverture.<\/p>\n\n\n\n<h2 class=\"wp-block-heading\">Retrouvez votre mutuelle collective selon votre employeur<\/h2>\n\n\n\n<p>Certaines grandes entreprises proposent \u00e0 leurs salari\u00e9s une mutuelle sant\u00e9 sp\u00e9cifique, souvent n\u00e9goci\u00e9e collectivement. Retrouvez ci-dessous nos guides par entreprise, class\u00e9s par secteur d\u2019activit\u00e9.<\/p>\n\n\n\n<h3 class=\"wp-block-heading\">\ud83d\udeeb Transport & Mobilit\u00e9<\/h3>\n\n\n\n<ul class=\"wp-block-list\">\n<li><a class=\"\" href=\"https:\/\/reassurez-moi.fr\/guide\/mutuelle-sante\/air-france\">Mutuelle Air France<\/a><\/li>\n\n\n\n<li><a class=\"\" href=\"https:\/\/reassurez-moi.fr\/guide\/mutuelle-sante\/aon\">Mutuelle PSA (Stellantis)<\/a><\/li>\n\n\n\n<li><a class=\"\" href=\"https:\/\/reassurez-moi.fr\/guide\/mutuelle-sante\/ratp\">Mutuelle RATP<\/a><\/li>\n\n\n\n<li><a class=\"\" href=\"https:\/\/reassurez-moi.fr\/guide\/mutuelle-sante\/renault\">Mutuelle Renault<\/a><\/li>\n<\/ul>\n\n\n\n<h3 class=\"wp-block-heading\">\ud83d\udd27 Industrie, \u00c9nergie & Environnement<\/h3>\n\n\n\n<ul class=\"wp-block-list\">\n<li><a class=\"\" href=\"https:\/\/reassurez-moi.fr\/guide\/mutuelle-sante\/airbus\">Mutuelle Airbus<\/a><\/li>\n\n\n\n<li><a class=\"\" href=\"https:\/\/reassurez-moi.fr\/guide\/mutuelle-sante\/total\">Mutuelle Total<\/a><\/li>\n\n\n\n<li><a class=\"\" href=\"https:\/\/reassurez-moi.fr\/guide\/mutuelle-sante\/sanofi\">Mutuelle Sanofi<\/a><\/li>\n\n\n\n<li><a class=\"\" href=\"https:\/\/reassurez-moi.fr\/guide\/mutuelle-sante\/veolia\">Mutuelle Veolia<\/a><\/li>\n<\/ul>\n\n\n\n<h3 class=\"wp-block-heading\">\ud83d\uded2 Distribution & Services<\/h3>\n\n\n\n<ul class=\"wp-block-list\">\n<li><a class=\"\" href=\"https:\/\/reassurez-moi.fr\/guide\/mutuelle-sante\/carrefour\">Mutuelle Carrefour<\/a><\/li>\n\n\n\n<li><a class=\"\" href=\"https:\/\/reassurez-moi.fr\/guide\/mutuelle-sante\/sodexo\">Mutuelle Sodexo<\/a><\/li>\n<\/ul>\n\n\n\n<h3 class=\"wp-block-heading\">\ud83c\udfd8\ufe0f Collectivit\u00e9s locales<\/h3>\n\n\n\n<ul class=\"wp-block-list\">\n<li><a class=\"\" href=\"https:\/\/reassurez-moi.fr\/guide\/mutuelle-sante\/mutuelle-communale\">Mutuelle communale<\/a><\/li>\n<\/ul>\n\n\n\n<h2 class=\"wp-block-heading\">Mutuelle collective ou individuelle : que choisir ?<\/h2>\n\n\n\n<p>Vous \u00eates automatiquement affili\u00e9 \u00e0 la mutuelle de votre entreprise ? C\u2019est le cas de la plupart des salari\u00e9s. Mais dans certaines situations, vous pouvez demander une dispense (CDD, contrat d\u00e9j\u00e0 couvert, etc.).<\/p>\n\n\n\n<p>Et si les garanties propos\u00e9es sont trop faibles (ex. lunettes, implants dentaires), vous pouvez aussi souscrire une <strong><a href=\"https:\/\/reassurez-moi.fr\/guide\/surcomplementaire-sante\">surcompl\u00e9mentaire<\/a><\/strong> pour compl\u00e9ter votre contrat collectif.<\/p>\n\n\n\n<p>\ud83d\udca1 <em>En savoir plus avec notre guide d\u00e9di\u00e9 : <a href=\"https:\/\/reassurez-moi.fr\/guide\/mutuelle-sante\/entreprise-ou-individuelle\">choisir une mutuelle d&rsquo;entreprise ou une individuelle ?<\/a><\/em><\/p>\n\n\n\n<p><\/p>\n\n\n\n<h2 class=\"wp-block-heading\">\u2705 Besoin de renforcer votre couverture sant\u00e9 ?<\/h2>\n\n\n\n<p>Comparez facilement les offres compl\u00e9mentaires ou surcompl\u00e9mentaires sant\u00e9 selon votre situation.<\/p>\n\n\n\n<div class=\"wp-block-buttons is-layout-flex wp-block-buttons-is-layout-flex\">\n<div class=\"wp-block-button is-style-rm-button-orange\"><a class=\"wp-block-button__link wp-element-button\" href=\"https:\/\/reassurez-moi.fr\/comparateur-mutuelle-sante\">Comparez les mutuelles sant\u00e9<\/a><\/div>\n<\/div>\n\n\n\n<h2 class=\"wp-block-heading\">FAQ : Mutuelle d\u2019entreprise et obligations<\/h2>\n\n\n\n<h2 class=\"wp-block-heading\">FAQ<\/h2>\n\n\n\n<div class=\"schema-faq wp-block-yoast-faq-block\"><div class=\"schema-faq-section\" id=\"faq-question-1746192204122\"><h3 class=\"schema-faq-question my-0 font-semibold\">Peut-on refuser la mutuelle de son entreprise ?<\/h3> <p class=\"schema-faq-answer\">Oui, mais uniquement dans certains cas : contrat en CDD, temps partiel, b\u00e9n\u00e9ficiaire de la mutuelle de son conjoint, ou d\u00e9j\u00e0 couvert. Il faut alors faire une demande de dispense.<\/p> <\/div> <div class=\"schema-faq-section\" id=\"faq-question-1746192217586\"><h3 class=\"schema-faq-question my-0 font-semibold\">La mutuelle collective est-elle toujours la meilleure option ?<\/h3> <p class=\"schema-faq-answer\">Pas toujours. Elle est souvent avantageuse sur le prix, mais pas forc\u00e9ment suffisante pour tous les profils. Il peut \u00eatre utile de la compl\u00e9ter avec un contrat individuel.<\/p> <\/div> <div class=\"schema-faq-section\" id=\"faq-question-1746192227174\"><h3 class=\"schema-faq-question my-0 font-semibold\">Que faire si la mutuelle d\u2019entreprise ne couvre pas mes enfants ?<\/h3> <p class=\"schema-faq-answer\">V\u00e9rifiez les conditions d\u2019adh\u00e9sion pour les ayants droit. Si vos enfants ne sont pas couverts ou mal rembours\u00e9s, vous pouvez souscrire un contrat individuel en compl\u00e9ment.<\/p> <\/div> <\/div>\n\n\n\n<p><\/p>\n","protected":false},"excerpt":{"rendered":"<p>De nombreuses entreprises proposent \u00e0 leurs salari\u00e9s une mutuelle collective. Ces contrats sont souvent avantageux, mais pas toujours bien compris : qui est concern\u00e9 ? Peut-on refuser cette mutuelle ? Est-elle suffisante ? Pourquoi certaines entreprises proposent des mutuelles sp\u00e9cifiques ? Depuis 2016, la loi impose aux entreprises priv\u00e9es de proposer une mutuelle sant\u00e9 \u00e0\u2026<\/p>\n","protected":false},"author":77,"featured_media":0,"parent":16807,"menu_order":0,"comment_status":"open","ping_status":"closed","template":"","meta":{"_acf_changed":false,"footnotes":""},"categories":[],"page_topic":[512],"class_list":["post-207798","page","type-page","status-publish","hentry"],"yoast_head":"<!-- This site is optimized with the Yoast SEO plugin v24.7 - https:\/\/yoast.com\/wordpress\/plugins\/seo\/ -->\n<title>Mutuelle collective par employeur : que couvre votre contrat sant\u00e9 ? | R\u00e9assurez-moi<\/title>\n<meta name=\"description\" content=\"D\u00e9couvrez comment fonctionnent les mutuelles propos\u00e9es par Air France, Renault, Carrefour, et d&#039;autres employeurs. Infos utiles et comparatif.\" \/>\n<meta name=\"robots\" content=\"index, follow, max-snippet:-1, max-image-preview:large, max-video-preview:-1\" \/>\n<link rel=\"canonical\" href=\"https:\/\/guide.reassurez-moi.fr\/guide\/mutuelle-sante\/entreprises\" \/>\n<meta property=\"og:locale\" content=\"fr_FR\" \/>\n<meta property=\"og:type\" content=\"article\" \/>\n<meta property=\"og:title\" content=\"Mutuelle collective par employeur : que couvre votre contrat sant\u00e9 ? | R\u00e9assurez-moi\" \/>\n<meta property=\"og:description\" content=\"D\u00e9couvrez comment fonctionnent les mutuelles propos\u00e9es par Air France, Renault, Carrefour, et d&#039;autres employeurs. Infos utiles et comparatif.\" \/>\n<meta property=\"og:url\" content=\"https:\/\/guide.reassurez-moi.fr\/guide\/mutuelle-sante\/entreprises\" \/>\n<meta property=\"og:site_name\" content=\"R\u00e9assurez-moi\" \/>\n<meta property=\"article:publisher\" content=\"https:\/\/www.facebook.com\/R%c3%a9assurez-moi-209456495889479\/\" \/>\n<meta property=\"article:modified_time\" content=\"2026-02-02T15:47:45+00:00\" \/>\n<meta property=\"og:image\" content=\"https:\/\/guide.reassurez-moi.fr\/guide\/wp-content\/uploads\/2018\/04\/image-de-partage.png\" \/>\n\t<meta property=\"og:image:width\" content=\"500\" \/>\n\t<meta property=\"og:image:height\" content=\"160\" \/>\n\t<meta property=\"og:image:type\" content=\"image\/png\" \/>\n<meta name=\"twitter:card\" content=\"summary_large_image\" \/>\n<meta name=\"twitter:site\" content=\"@reassurezmoi\" \/>\n<meta name=\"twitter:label1\" content=\"Dur\u00e9e de lecture estim\u00e9e\" \/>\n\t<meta name=\"twitter:data1\" content=\"2 minutes\" \/>\n<script type=\"application\/ld+json\" class=\"yoast-schema-graph\">{\"@context\":\"https:\/\/schema.org\",\"@graph\":[{\"@type\":[\"WebPage\",\"FAQPage\"],\"@id\":\"https:\/\/guide.reassurez-moi.fr\/guide\/mutuelle-sante\/entreprises\",\"url\":\"https:\/\/guide.reassurez-moi.fr\/guide\/mutuelle-sante\/entreprises\",\"name\":\"Mutuelle collective par employeur : que couvre votre contrat sant\u00e9 ? | R\u00e9assurez-moi\",\"isPartOf\":{\"@id\":\"https:\/\/guide.reassurez-moi.fr\/guide\/#website\"},\"datePublished\":\"2025-05-02T13:29:23+00:00\",\"dateModified\":\"2026-02-02T15:47:45+00:00\",\"description\":\"D\u00e9couvrez comment fonctionnent les mutuelles propos\u00e9es par Air France, Renault, Carrefour, et d'autres employeurs. Infos utiles et comparatif.\",\"breadcrumb\":{\"@id\":\"https:\/\/guide.reassurez-moi.fr\/guide\/mutuelle-sante\/entreprises#breadcrumb\"},\"mainEntity\":[{\"@id\":\"https:\/\/guide.reassurez-moi.fr\/guide\/mutuelle-sante\/entreprises#faq-question-1746192204122\"},{\"@id\":\"https:\/\/guide.reassurez-moi.fr\/guide\/mutuelle-sante\/entreprises#faq-question-1746192217586\"},{\"@id\":\"https:\/\/guide.reassurez-moi.fr\/guide\/mutuelle-sante\/entreprises#faq-question-1746192227174\"}],\"inLanguage\":\"fr-FR\",\"potentialAction\":[{\"@type\":\"ReadAction\",\"target\":[\"https:\/\/guide.reassurez-moi.fr\/guide\/mutuelle-sante\/entreprises\"]}]},{\"@type\":\"BreadcrumbList\",\"@id\":\"https:\/\/guide.reassurez-moi.fr\/guide\/mutuelle-sante\/entreprises#breadcrumb\",\"itemListElement\":[{\"@type\":\"ListItem\",\"position\":1,\"name\":\"Assurances\",\"item\":\"https:\/\/guide.reassurez-moi.fr\/guide\/\"},{\"@type\":\"ListItem\",\"position\":2,\"name\":\"Mutuelle sant\u00e9\",\"item\":\"https:\/\/guide.reassurez-moi.fr\/guide\/mutuelle-sante\"},{\"@type\":\"ListItem\",\"position\":3,\"name\":\"Entreprises\"}]},{\"@type\":\"WebSite\",\"@id\":\"https:\/\/guide.reassurez-moi.fr\/guide\/#website\",\"url\":\"https:\/\/guide.reassurez-moi.fr\/guide\/\",\"name\":\"R\u00e9assurez-moi\",\"description\":\"Comparateur d&#039;assurances\",\"potentialAction\":[{\"@type\":\"SearchAction\",\"target\":{\"@type\":\"EntryPoint\",\"urlTemplate\":\"https:\/\/guide.reassurez-moi.fr\/guide\/?s={search_term_string}\"},\"query-input\":{\"@type\":\"PropertyValueSpecification\",\"valueRequired\":true,\"valueName\":\"search_term_string\"}}],\"inLanguage\":\"fr-FR\"},{\"@type\":\"Question\",\"@id\":\"https:\/\/guide.reassurez-moi.fr\/guide\/mutuelle-sante\/entreprises#faq-question-1746192204122\",\"position\":1,\"url\":\"https:\/\/guide.reassurez-moi.fr\/guide\/mutuelle-sante\/entreprises#faq-question-1746192204122\",\"name\":\"Peut-on refuser la mutuelle de son entreprise ?\",\"answerCount\":1,\"acceptedAnswer\":{\"@type\":\"Answer\",\"text\":\"Oui, mais uniquement dans certains cas : contrat en CDD, temps partiel, b\u00e9n\u00e9ficiaire de la mutuelle de son conjoint, ou d\u00e9j\u00e0 couvert. Il faut alors faire une demande de dispense.\",\"inLanguage\":\"fr-FR\"},\"inLanguage\":\"fr-FR\"},{\"@type\":\"Question\",\"@id\":\"https:\/\/guide.reassurez-moi.fr\/guide\/mutuelle-sante\/entreprises#faq-question-1746192217586\",\"position\":2,\"url\":\"https:\/\/guide.reassurez-moi.fr\/guide\/mutuelle-sante\/entreprises#faq-question-1746192217586\",\"name\":\"La mutuelle collective est-elle toujours la meilleure option ?\",\"answerCount\":1,\"acceptedAnswer\":{\"@type\":\"Answer\",\"text\":\"Pas toujours. Elle est souvent avantageuse sur le prix, mais pas forc\u00e9ment suffisante pour tous les profils. Il peut \u00eatre utile de la compl\u00e9ter avec un contrat individuel.\",\"inLanguage\":\"fr-FR\"},\"inLanguage\":\"fr-FR\"},{\"@type\":\"Question\",\"@id\":\"https:\/\/guide.reassurez-moi.fr\/guide\/mutuelle-sante\/entreprises#faq-question-1746192227174\",\"position\":3,\"url\":\"https:\/\/guide.reassurez-moi.fr\/guide\/mutuelle-sante\/entreprises#faq-question-1746192227174\",\"name\":\"Que faire si la mutuelle d\u2019entreprise ne couvre pas mes enfants ?\",\"answerCount\":1,\"acceptedAnswer\":{\"@type\":\"Answer\",\"text\":\"V\u00e9rifiez les conditions d\u2019adh\u00e9sion pour les ayants droit. Si vos enfants ne sont pas couverts ou mal rembours\u00e9s, vous pouvez souscrire un contrat individuel en compl\u00e9ment.\",\"inLanguage\":\"fr-FR\"},\"inLanguage\":\"fr-FR\"}]}<\/script>\n<!-- \/ Yoast SEO plugin. -->","yoast_head_json":{"title":"Mutuelle collective par employeur : que couvre votre contrat sant\u00e9 ? | R\u00e9assurez-moi","description":"D\u00e9couvrez comment fonctionnent les mutuelles propos\u00e9es par Air France, Renault, Carrefour, et d'autres employeurs. Infos utiles et comparatif.","robots":{"index":"index","follow":"follow","max-snippet":"max-snippet:-1","max-image-preview":"max-image-preview:large","max-video-preview":"max-video-preview:-1"},"canonical":"https:\/\/guide.reassurez-moi.fr\/guide\/mutuelle-sante\/entreprises","og_locale":"fr_FR","og_type":"article","og_title":"Mutuelle collective par employeur : que couvre votre contrat sant\u00e9 ? | R\u00e9assurez-moi","og_description":"D\u00e9couvrez comment fonctionnent les mutuelles propos\u00e9es par Air France, Renault, Carrefour, et d'autres employeurs. Infos utiles et comparatif.","og_url":"https:\/\/guide.reassurez-moi.fr\/guide\/mutuelle-sante\/entreprises","og_site_name":"R\u00e9assurez-moi","article_publisher":"https:\/\/www.facebook.com\/R%c3%a9assurez-moi-209456495889479\/","article_modified_time":"2026-02-02T15:47:45+00:00","og_image":[{"width":500,"height":160,"url":"https:\/\/guide.reassurez-moi.fr\/guide\/wp-content\/uploads\/2018\/04\/image-de-partage.png","type":"image\/png"}],"twitter_card":"summary_large_image","twitter_site":"@reassurezmoi","twitter_misc":{"Dur\u00e9e de lecture estim\u00e9e":"2 minutes"},"schema":{"@context":"https:\/\/schema.org","@graph":[{"@type":["WebPage","FAQPage"],"@id":"https:\/\/guide.reassurez-moi.fr\/guide\/mutuelle-sante\/entreprises","url":"https:\/\/guide.reassurez-moi.fr\/guide\/mutuelle-sante\/entreprises","name":"Mutuelle collective par employeur : que couvre votre contrat sant\u00e9 ? | R\u00e9assurez-moi","isPartOf":{"@id":"https:\/\/guide.reassurez-moi.fr\/guide\/#website"},"datePublished":"2025-05-02T13:29:23+00:00","dateModified":"2026-02-02T15:47:45+00:00","description":"D\u00e9couvrez comment fonctionnent les mutuelles propos\u00e9es par Air France, Renault, Carrefour, et d'autres employeurs. Infos utiles et comparatif.","breadcrumb":{"@id":"https:\/\/guide.reassurez-moi.fr\/guide\/mutuelle-sante\/entreprises#breadcrumb"},"mainEntity":[{"@id":"https:\/\/guide.reassurez-moi.fr\/guide\/mutuelle-sante\/entreprises#faq-question-1746192204122"},{"@id":"https:\/\/guide.reassurez-moi.fr\/guide\/mutuelle-sante\/entreprises#faq-question-1746192217586"},{"@id":"https:\/\/guide.reassurez-moi.fr\/guide\/mutuelle-sante\/entreprises#faq-question-1746192227174"}],"inLanguage":"fr-FR","potentialAction":[{"@type":"ReadAction","target":["https:\/\/guide.reassurez-moi.fr\/guide\/mutuelle-sante\/entreprises"]}]},{"@type":"BreadcrumbList","@id":"https:\/\/guide.reassurez-moi.fr\/guide\/mutuelle-sante\/entreprises#breadcrumb","itemListElement":[{"@type":"ListItem","position":1,"name":"Assurances","item":"https:\/\/guide.reassurez-moi.fr\/guide\/"},{"@type":"ListItem","position":2,"name":"Mutuelle sant\u00e9","item":"https:\/\/guide.reassurez-moi.fr\/guide\/mutuelle-sante"},{"@type":"ListItem","position":3,"name":"Entreprises"}]},{"@type":"WebSite","@id":"https:\/\/guide.reassurez-moi.fr\/guide\/#website","url":"https:\/\/guide.reassurez-moi.fr\/guide\/","name":"R\u00e9assurez-moi","description":"Comparateur d&#039;assurances","potentialAction":[{"@type":"SearchAction","target":{"@type":"EntryPoint","urlTemplate":"https:\/\/guide.reassurez-moi.fr\/guide\/?s={search_term_string}"},"query-input":{"@type":"PropertyValueSpecification","valueRequired":true,"valueName":"search_term_string"}}],"inLanguage":"fr-FR"},{"@type":"Question","@id":"https:\/\/guide.reassurez-moi.fr\/guide\/mutuelle-sante\/entreprises#faq-question-1746192204122","position":1,"url":"https:\/\/guide.reassurez-moi.fr\/guide\/mutuelle-sante\/entreprises#faq-question-1746192204122","name":"Peut-on refuser la mutuelle de son entreprise ?","answerCount":1,"acceptedAnswer":{"@type":"Answer","text":"Oui, mais uniquement dans certains cas : contrat en CDD, temps partiel, b\u00e9n\u00e9ficiaire de la mutuelle de son conjoint, ou d\u00e9j\u00e0 couvert. Il faut alors faire une demande de dispense.","inLanguage":"fr-FR"},"inLanguage":"fr-FR"},{"@type":"Question","@id":"https:\/\/guide.reassurez-moi.fr\/guide\/mutuelle-sante\/entreprises#faq-question-1746192217586","position":2,"url":"https:\/\/guide.reassurez-moi.fr\/guide\/mutuelle-sante\/entreprises#faq-question-1746192217586","name":"La mutuelle collective est-elle toujours la meilleure option ?","answerCount":1,"acceptedAnswer":{"@type":"Answer","text":"Pas toujours. Elle est souvent avantageuse sur le prix, mais pas forc\u00e9ment suffisante pour tous les profils. Il peut \u00eatre utile de la compl\u00e9ter avec un contrat individuel.","inLanguage":"fr-FR"},"inLanguage":"fr-FR"},{"@type":"Question","@id":"https:\/\/guide.reassurez-moi.fr\/guide\/mutuelle-sante\/entreprises#faq-question-1746192227174","position":3,"url":"https:\/\/guide.reassurez-moi.fr\/guide\/mutuelle-sante\/entreprises#faq-question-1746192227174","name":"Que faire si la mutuelle d\u2019entreprise ne couvre pas mes enfants ?","answerCount":1,"acceptedAnswer":{"@type":"Answer","text":"V\u00e9rifiez les conditions d\u2019adh\u00e9sion pour les ayants droit. Si vos enfants ne sont pas couverts ou mal rembours\u00e9s, vous pouvez souscrire un contrat individuel en compl\u00e9ment.","inLanguage":"fr-FR"},"inLanguage":"fr-FR"}]}},"acf":[],"_links":{"self":[{"href":"https:\/\/guide.reassurez-moi.fr\/guide\/wp-json\/wp\/v2\/pages\/207798","targetHints":{"allow":["GET"]}}],"collection":[{"href":"https:\/\/guide.reassurez-moi.fr\/guide\/wp-json\/wp\/v2\/pages"}],"about":[{"href":"https:\/\/guide.reassurez-moi.fr\/guide\/wp-json\/wp\/v2\/types\/page"}],"author":[{"embeddable":true,"href":"https:\/\/guide.reassurez-moi.fr\/guide\/wp-json\/wp\/v2\/users\/77"}],"replies":[{"embeddable":true,"href":"https:\/\/guide.reassurez-moi.fr\/guide\/wp-json\/wp\/v2\/comments?post=207798"}],"version-history":[{"count":4,"href":"https:\/\/guide.reassurez-moi.fr\/guide\/wp-json\/wp\/v2\/pages\/207798\/revisions"}],"predecessor-version":[{"id":216468,"href":"https:\/\/guide.reassurez-moi.fr\/guide\/wp-json\/wp\/v2\/pages\/207798\/revisions\/216468"}],"up":[{"embeddable":true,"href":"https:\/\/guide.reassurez-moi.fr\/guide\/wp-json\/wp\/v2\/pages\/16807"}],"wp:attachment":[{"href":"https:\/\/guide.reassurez-moi.fr\/guide\/wp-json\/wp\/v2\/media?parent=207798"}],"wp:term":[{"taxonomy":"category","embeddable":true,"href":"https:\/\/guide.reassurez-moi.fr\/guide\/wp-json\/wp\/v2\/categories?post=207798"},{"taxonomy":"page_topic","embeddable":true,"href":"https:\/\/guide.reassurez-moi.fr\/guide\/wp-json\/wp\/v2\/page_topic?post=207798"}],"curies":[{"name":"wp","href":"https:\/\/api.w.org\/{rel}","templated":true}]}}