{"id":214736,"date":"2026-02-23T11:33:29","date_gmt":"2026-02-23T10:33:29","guid":{"rendered":"https:\/\/guide.reassurez-moi.fr\/guide\/?page_id=214736"},"modified":"2026-03-05T10:12:49","modified_gmt":"2026-03-05T09:12:49","slug":"international-sante-assurance-expatries","status":"publish","type":"page","link":"https:\/\/guide.reassurez-moi.fr\/guide\/partenaires\/international-sante-assurance-expatries","title":{"rendered":"International Sant\u00e9 : comparateur assurance sant\u00e9 expatri\u00e9s"},"content":{"rendered":"<div class=\"wp-block-image\">\n<figure class=\"aligncenter size-full\"><img loading=\"lazy\" decoding=\"async\" width=\"272\" height=\"65\" src=\"https:\/\/guide.reassurez-moi.fr\/guide\/wp-content\/uploads\/2026\/01\/logo-international-sante.png\" alt=\"logo international sante\" class=\"wp-image-214737\"\/><\/figure>\n<\/div>\n\n\n<h2 class=\"wp-block-heading\">Qui est&nbsp;International Sant\u00e9&nbsp;?<\/h2>\n\n\n\n<p><strong>International Sant\u00e9<\/strong>&nbsp;est le&nbsp;<strong>1er comparateur d\u2019assurances sant\u00e9 expatri\u00e9s francophone<\/strong>.<br>Lanc\u00e9 en&nbsp;<strong>2014<\/strong>&nbsp;par des experts disposant de&nbsp;<strong>plus de 30 ans d\u2019exp\u00e9rience en assurance sant\u00e9 internationale<\/strong>, il s\u2019impose comme le&nbsp;<strong>pr\u00e9curseur des comparateurs d\u00e9di\u00e9s \u00e0 l\u2019expatriation<\/strong>.<\/p>\n\n\n\n<p>Au fil des ann\u00e9es, International Sant\u00e9 est devenu :<\/p>\n\n\n\n<ul class=\"wp-block-list\">\n<li>le\u00a0<strong>1er comparateur en nombre d\u2019assur\u00e9s<\/strong>, aussi bien aupr\u00e8s des particuliers que des partenaires professionnels,<\/li>\n\n\n\n<li>un\u00a0<strong>acteur de r\u00e9f\u00e9rence<\/strong>\u00a0sur le march\u00e9 de l\u2019assurance sant\u00e9 expatri\u00e9s, lorsque l\u2019exp\u00e9rience rejoint v\u00e9ritablement l\u2019expertise.<\/li>\n<\/ul>\n\n\n\n<p>La qualit\u00e9 de service fait partie int\u00e9grante de son ADN. International Sant\u00e9 se distingue par une&nbsp;<strong>note moyenne de 4,9\/5<\/strong>sur Google et Trustpilot, ainsi que par des&nbsp;<strong>premi\u00e8res places<\/strong>&nbsp;dans les cat\u00e9gories&nbsp;<em>site de comparaison de prix<\/em>,&nbsp;<em>mutuelle sant\u00e9<\/em>&nbsp;et&nbsp;<em>conseiller sant\u00e9<\/em>.<\/p>\n\n\n\n<p>Bas\u00e9 \u00e0&nbsp;<strong>Toulouse<\/strong>&nbsp;et en&nbsp;<strong>Polyn\u00e9sie<\/strong>, International Sant\u00e9 assure une&nbsp;<strong>pr\u00e9sence continue<\/strong>&nbsp;et une&nbsp;<strong>grande r\u00e9activit\u00e9<\/strong>, gr\u00e2ce \u00e0 une large amplitude horaire, afin d\u2019accompagner les expatri\u00e9s&nbsp;<strong>partout dans le monde<\/strong>.<\/p>\n\n\n\n<h2 class=\"wp-block-heading\">Les valeurs d\u2019International Sant\u00e9<\/h2>\n\n\n\n<p>International Sant\u00e9 place l\u2019<strong>accompagnement<\/strong>&nbsp;au c\u0153ur de sa mission, avant, pendant et tout au long de la vie du contrat.<\/p>\n\n\n\n<h3 class=\"wp-block-heading\">Devoir de conseil<\/h3>\n\n\n\n<p>Le conseil est le fer de lance d\u2019International Sant\u00e9. Les \u00e9quipes guident chaque expatri\u00e9 vers la solution r\u00e9ellement adapt\u00e9e \u00e0 sa situation, en tenant compte de son pays, de son profil et de ses besoins de sant\u00e9.<\/p>\n\n\n\n<h3 class=\"wp-block-heading\">Proximit\u00e9 et accompagnement humain<\/h3>\n\n\n\n<p>Les conseillers restent pr\u00e9sents \u00e0 chaque \u00e9tape : souscription, gestion du contrat, \u00e9changes avec l\u2019assureur, compr\u00e9hension des garanties.<\/p>\n\n\n\n<h3 class=\"wp-block-heading\">Ind\u00e9pendance<\/h3>\n\n\n\n<p>Aucun assureur n\u2019est privil\u00e9gi\u00e9. Les recommandations sont guid\u00e9es exclusivement par&nbsp;<strong>l\u2019int\u00e9r\u00eat du client<\/strong>.<\/p>\n\n\n\n<h3 class=\"wp-block-heading\">Transparence<\/h3>\n\n\n\n<p>Les contrats sont expliqu\u00e9s de mani\u00e8re claire, avec leurs&nbsp;<strong>avantages comme leurs limites<\/strong>, sans discours opaque ni promesse excessive.<\/p>\n\n\n\n<h3 class=\"wp-block-heading\">Qualit\u00e9 de service<\/h3>\n\n\n\n<p>R\u00e9activit\u00e9, p\u00e9dagogie, suivi personnalis\u00e9 et assistance sont au c\u0153ur de la relation client,&nbsp;<strong>sans surco\u00fbt<\/strong>&nbsp;par rapport \u00e0 une souscription directe chez l\u2019assureur.<\/p>\n\n\n\n<p>Cette approche permet \u00e0 International Sant\u00e9 d\u2019offrir une exp\u00e9rience diff\u00e9renciante, fond\u00e9e sur la confiance et l\u2019expertise.<\/p>\n\n\n\n<h2 class=\"wp-block-heading\">Les solutions propos\u00e9es par International Sant\u00e9<\/h2>\n\n\n\n<p>International Sant\u00e9 met \u00e0 disposition&nbsp;<strong>l\u2019une des plus larges s\u00e9lections d\u2019assurances sant\u00e9 expatri\u00e9s comparables en ligne<\/strong>.<\/p>\n\n\n\n<h3 class=\"wp-block-heading\">Une offre large et structur\u00e9e<\/h3>\n\n\n\n<ul class=\"wp-block-list\">\n<li><strong>500+ formules<\/strong>\u00a0disponibles,<\/li>\n\n\n\n<li>propos\u00e9es par\u00a0<strong>25 assureurs internationaux<\/strong>,<\/li>\n\n\n\n<li>avec une s\u00e9lection enrichie r\u00e9guli\u00e8rement par de nouveaux partenaires et produits.<\/li>\n<\/ul>\n\n\n\n<p>Cette diversit\u00e9 permet de couvrir l\u2019ensemble des profils d\u2019expatri\u00e9s.<\/p>\n\n\n\n<h3 class=\"wp-block-heading\">Des solutions adapt\u00e9es \u00e0 tous les profils<\/h3>\n\n\n\n<p>Les offres propos\u00e9es permettent de r\u00e9pondre \u00e0 :<\/p>\n\n\n\n<ul class=\"wp-block-list\">\n<li><strong>tous les budgets<\/strong>, des solutions \u00e9conomiques aux formules premium,<\/li>\n\n\n\n<li><strong>tous les niveaux de couverture<\/strong>, de l\u2019hospitalisation seule aux contrats tr\u00e8s complets incluant :\n<ul class=\"wp-block-list\">\n<li>optique et dentaire,<\/li>\n\n\n\n<li>maternit\u00e9,<\/li>\n\n\n\n<li>soins de pr\u00e9vention,<\/li>\n\n\n\n<li>t\u00e9l\u00e9consultation m\u00e9dicale.<\/li>\n<\/ul>\n<\/li>\n<\/ul>\n\n\n\n<p>Des&nbsp;<strong>options essentielles<\/strong>&nbsp;peuvent \u00e9galement \u00eatre int\u00e9gr\u00e9es :<\/p>\n\n\n\n<ul class=\"wp-block-list\">\n<li>assistance et rapatriement,<\/li>\n\n\n\n<li>responsabilit\u00e9 civile,<\/li>\n\n\n\n<li>pr\u00e9voyance.<\/li>\n<\/ul>\n\n\n\n<p>International Sant\u00e9 propose des contrats issus :<\/p>\n\n\n\n<ul class=\"wp-block-list\">\n<li>d\u2019assurances\u00a0<strong>fran\u00e7aises<\/strong>,<\/li>\n\n\n\n<li><strong>luxembourgeoises<\/strong>,<\/li>\n\n\n\n<li>et\u00a0<strong>anglo-saxonnes<\/strong>, afin de s\u2019adapter aux pratiques locales et internationales.<\/li>\n<\/ul>\n\n\n\n<h3 class=\"wp-block-heading\">Un comparateur fond\u00e9 sur l\u2019expertise<\/h3>\n\n\n\n<p>Le comparateur International Sant\u00e9 ne se limite pas \u00e0 l\u2019affichage de prix.<br>Il repose sur une&nbsp;<strong>analyse approfondie des garanties<\/strong>, construite \u00e0 partir :<\/p>\n\n\n\n<ul class=\"wp-block-list\">\n<li>d\u2019une connaissance terrain des contrats,<\/li>\n\n\n\n<li>des pratiques r\u00e9elles des assureurs internationaux,<\/li>\n\n\n\n<li>et des besoins concrets des expatri\u00e9s.<\/li>\n<\/ul>\n\n\n\n<p>Cette expertise permet de comparer efficacement les offres et d\u2019orienter vers des solutions r\u00e9ellement pertinentes.<\/p>\n\n\n\n<h2 class=\"wp-block-heading\">Ce qui diff\u00e9rencie International Sant\u00e9 sur le march\u00e9<\/h2>\n\n\n\n<p>International Sant\u00e9 se distingue par :<\/p>\n\n\n\n<ul class=\"wp-block-list\">\n<li>son\u00a0<strong>statut de pionnier<\/strong>\u00a0sur le march\u00e9 de l\u2019assurance sant\u00e9 expatri\u00e9s,<\/li>\n\n\n\n<li>une\u00a0<strong>expertise reconnue<\/strong>\u00a0de la mobilit\u00e9 internationale,<\/li>\n\n\n\n<li>une\u00a0<strong>ind\u00e9pendance totale<\/strong>\u00a0vis-\u00e0-vis des assureurs,<\/li>\n\n\n\n<li>une\u00a0<strong>qualit\u00e9 de service pl\u00e9biscit\u00e9e<\/strong>\u00a0par les assur\u00e9s,<\/li>\n\n\n\n<li>un accompagnement humain continu,<\/li>\n\n\n\n<li>et une capacit\u00e9 \u00e0 proposer un\u00a0<strong>choix large et structur\u00e9<\/strong>, adapt\u00e9 \u00e0 chaque situation.<\/li>\n<\/ul>\n\n\n\n<p>Cette combinaison unique de&nbsp;<strong>choix, d\u2019expertise et d\u2019accompagnement<\/strong>&nbsp;permet \u00e0 chaque expatri\u00e9 de b\u00e9n\u00e9ficier d\u2019une protection r\u00e9ellement adapt\u00e9e \u00e0 son projet de vie \u00e0 l\u2019international.<\/p>\n\n\n\n<h2 class=\"wp-block-heading\">Pourquoi&nbsp;R\u00e9assurez-moi&nbsp;s\u2019int\u00e9resse \u00e0 International Sant\u00e9<\/h2>\n\n\n\n<p>Chez R\u00e9assurez-moi, nous privil\u00e9gions les partenaires capables d\u2019apporter des&nbsp;<strong>solutions claires, ind\u00e9pendantes et expertes<\/strong>&nbsp;sur des probl\u00e9matiques complexes comme l\u2019expatriation.<\/p>\n\n\n\n<p>International Sant\u00e9 retient notre attention pour :<\/p>\n\n\n\n<ul class=\"wp-block-list\">\n<li>son\u00a0<strong>expertise pointue de l\u2019assurance sant\u00e9 internationale<\/strong>,<\/li>\n\n\n\n<li>la qualit\u00e9 de son\u00a0<strong>devoir de conseil<\/strong>,<\/li>\n\n\n\n<li>son\u00a0<strong>ind\u00e9pendance vis-\u00e0-vis des assureurs<\/strong>,<\/li>\n\n\n\n<li>la richesse de son offre comparative,<\/li>\n\n\n\n<li>et son accompagnement humain tout au long du contrat.<\/li>\n<\/ul>\n\n\n\n<p>Cette approche s\u2019inscrit pleinement dans notre volont\u00e9 d\u2019aider les expatri\u00e9s \u00e0&nbsp;<strong>faire des choix \u00e9clair\u00e9s<\/strong>, avec des solutions fiables et adapt\u00e9es \u00e0 leur situation.<\/p>\n","protected":false},"excerpt":{"rendered":"<p>Qui est&nbsp;International Sant\u00e9&nbsp;? International Sant\u00e9&nbsp;est le&nbsp;1er comparateur d\u2019assurances sant\u00e9 expatri\u00e9s francophone.Lanc\u00e9 en&nbsp;2014&nbsp;par des experts disposant de&nbsp;plus de 30 ans d\u2019exp\u00e9rience en assurance sant\u00e9 internationale, il s\u2019impose comme le&nbsp;pr\u00e9curseur des comparateurs d\u00e9di\u00e9s \u00e0 l\u2019expatriation. Au fil des ann\u00e9es, International Sant\u00e9 est devenu : La qualit\u00e9 de service fait partie int\u00e9grante de son ADN. International Sant\u00e9 se\u2026<\/p>\n","protected":false},"author":86,"featured_media":0,"parent":217141,"menu_order":0,"comment_status":"open","ping_status":"closed","template":"","meta":{"_acf_changed":false,"footnotes":""},"categories":[],"page_topic":[807],"class_list":["post-214736","page","type-page","status-publish","hentry"],"yoast_head":"<!-- This site is optimized with the Yoast SEO plugin v24.7 - https:\/\/yoast.com\/wordpress\/plugins\/seo\/ -->\n<title>International Sant\u00e9 : comparateur assurance sant\u00e9 expatri\u00e9s | R\u00e9assurez-moi<\/title>\n<meta name=\"description\" content=\"International Sant\u00e9 compare plus de 500 assurances sant\u00e9 expatri\u00e9s et accompagne les assur\u00e9s avec un conseil ind\u00e9pendant et un service client reconnu.\" \/>\n<meta name=\"robots\" content=\"index, follow, max-snippet:-1, max-image-preview:large, max-video-preview:-1\" \/>\n<link rel=\"canonical\" href=\"https:\/\/guide.reassurez-moi.fr\/guide\/partenaires\/international-sante-assurance-expatries\" \/>\n<meta property=\"og:locale\" content=\"fr_FR\" \/>\n<meta property=\"og:type\" content=\"article\" \/>\n<meta property=\"og:title\" content=\"International Sant\u00e9 : comparateur assurance sant\u00e9 expatri\u00e9s | R\u00e9assurez-moi\" \/>\n<meta property=\"og:description\" content=\"International Sant\u00e9 compare plus de 500 assurances sant\u00e9 expatri\u00e9s et accompagne les assur\u00e9s avec un conseil ind\u00e9pendant et un service client reconnu.\" \/>\n<meta property=\"og:url\" content=\"https:\/\/guide.reassurez-moi.fr\/guide\/partenaires\/international-sante-assurance-expatries\" \/>\n<meta property=\"og:site_name\" content=\"R\u00e9assurez-moi\" \/>\n<meta property=\"article:publisher\" content=\"https:\/\/www.facebook.com\/R%c3%a9assurez-moi-209456495889479\/\" \/>\n<meta property=\"article:modified_time\" content=\"2026-03-05T09:12:49+00:00\" \/>\n<meta property=\"og:image\" content=\"https:\/\/guide.reassurez-moi.fr\/guide\/wp-content\/uploads\/2026\/01\/logo-international-sante.png\" \/>\n<meta name=\"twitter:card\" content=\"summary_large_image\" \/>\n<meta name=\"twitter:site\" content=\"@reassurezmoi\" \/>\n<meta name=\"twitter:label1\" content=\"Dur\u00e9e de lecture estim\u00e9e\" \/>\n\t<meta name=\"twitter:data1\" content=\"4 minutes\" \/>\n<script type=\"application\/ld+json\" class=\"yoast-schema-graph\">{\"@context\":\"https:\/\/schema.org\",\"@graph\":[{\"@type\":\"WebPage\",\"@id\":\"https:\/\/guide.reassurez-moi.fr\/guide\/partenaires\/international-sante-assurance-expatries\",\"url\":\"https:\/\/guide.reassurez-moi.fr\/guide\/partenaires\/international-sante-assurance-expatries\",\"name\":\"International Sant\u00e9 : comparateur assurance sant\u00e9 expatri\u00e9s | R\u00e9assurez-moi\",\"isPartOf\":{\"@id\":\"https:\/\/guide.reassurez-moi.fr\/guide\/#website\"},\"primaryImageOfPage\":{\"@id\":\"https:\/\/guide.reassurez-moi.fr\/guide\/partenaires\/international-sante-assurance-expatries#primaryimage\"},\"image\":{\"@id\":\"https:\/\/guide.reassurez-moi.fr\/guide\/partenaires\/international-sante-assurance-expatries#primaryimage\"},\"thumbnailUrl\":\"https:\/\/guide.reassurez-moi.fr\/guide\/wp-content\/uploads\/2026\/01\/logo-international-sante.png\",\"datePublished\":\"2026-02-23T10:33:29+00:00\",\"dateModified\":\"2026-03-05T09:12:49+00:00\",\"description\":\"International Sant\u00e9 compare plus de 500 assurances sant\u00e9 expatri\u00e9s et accompagne les assur\u00e9s avec un conseil ind\u00e9pendant et un service client reconnu.\",\"breadcrumb\":{\"@id\":\"https:\/\/guide.reassurez-moi.fr\/guide\/partenaires\/international-sante-assurance-expatries#breadcrumb\"},\"inLanguage\":\"fr-FR\",\"potentialAction\":[{\"@type\":\"ReadAction\",\"target\":[\"https:\/\/guide.reassurez-moi.fr\/guide\/partenaires\/international-sante-assurance-expatries\"]}]},{\"@type\":\"ImageObject\",\"inLanguage\":\"fr-FR\",\"@id\":\"https:\/\/guide.reassurez-moi.fr\/guide\/partenaires\/international-sante-assurance-expatries#primaryimage\",\"url\":\"https:\/\/guide.reassurez-moi.fr\/guide\/wp-content\/uploads\/2026\/01\/logo-international-sante.png\",\"contentUrl\":\"https:\/\/guide.reassurez-moi.fr\/guide\/wp-content\/uploads\/2026\/01\/logo-international-sante.png\",\"width\":272,\"height\":65,\"caption\":\"logo international sante\"},{\"@type\":\"BreadcrumbList\",\"@id\":\"https:\/\/guide.reassurez-moi.fr\/guide\/partenaires\/international-sante-assurance-expatries#breadcrumb\",\"itemListElement\":[{\"@type\":\"ListItem\",\"position\":1,\"name\":\"Assurances\",\"item\":\"https:\/\/guide.reassurez-moi.fr\/guide\/\"},{\"@type\":\"ListItem\",\"position\":2,\"name\":\"Nos partenaires assureurs et services\",\"item\":\"https:\/\/guide.reassurez-moi.fr\/guide\/partenaires\"},{\"@type\":\"ListItem\",\"position\":3,\"name\":\"International Sant\u00e9 : comparateur assurance sant\u00e9 expatri\u00e9s\"}]},{\"@type\":\"WebSite\",\"@id\":\"https:\/\/guide.reassurez-moi.fr\/guide\/#website\",\"url\":\"https:\/\/guide.reassurez-moi.fr\/guide\/\",\"name\":\"R\u00e9assurez-moi\",\"description\":\"Comparateur d&#039;assurances\",\"potentialAction\":[{\"@type\":\"SearchAction\",\"target\":{\"@type\":\"EntryPoint\",\"urlTemplate\":\"https:\/\/guide.reassurez-moi.fr\/guide\/?s={search_term_string}\"},\"query-input\":{\"@type\":\"PropertyValueSpecification\",\"valueRequired\":true,\"valueName\":\"search_term_string\"}}],\"inLanguage\":\"fr-FR\"}]}<\/script>\n<!-- \/ Yoast SEO plugin. -->","yoast_head_json":{"title":"International Sant\u00e9 : comparateur assurance sant\u00e9 expatri\u00e9s | R\u00e9assurez-moi","description":"International Sant\u00e9 compare plus de 500 assurances sant\u00e9 expatri\u00e9s et accompagne les assur\u00e9s avec un conseil ind\u00e9pendant et un service client reconnu.","robots":{"index":"index","follow":"follow","max-snippet":"max-snippet:-1","max-image-preview":"max-image-preview:large","max-video-preview":"max-video-preview:-1"},"canonical":"https:\/\/guide.reassurez-moi.fr\/guide\/partenaires\/international-sante-assurance-expatries","og_locale":"fr_FR","og_type":"article","og_title":"International Sant\u00e9 : comparateur assurance sant\u00e9 expatri\u00e9s | R\u00e9assurez-moi","og_description":"International Sant\u00e9 compare plus de 500 assurances sant\u00e9 expatri\u00e9s et accompagne les assur\u00e9s avec un conseil ind\u00e9pendant et un service client reconnu.","og_url":"https:\/\/guide.reassurez-moi.fr\/guide\/partenaires\/international-sante-assurance-expatries","og_site_name":"R\u00e9assurez-moi","article_publisher":"https:\/\/www.facebook.com\/R%c3%a9assurez-moi-209456495889479\/","article_modified_time":"2026-03-05T09:12:49+00:00","og_image":[{"url":"https:\/\/guide.reassurez-moi.fr\/guide\/wp-content\/uploads\/2026\/01\/logo-international-sante.png","type":"","width":"","height":""}],"twitter_card":"summary_large_image","twitter_site":"@reassurezmoi","twitter_misc":{"Dur\u00e9e de lecture estim\u00e9e":"4 minutes"},"schema":{"@context":"https:\/\/schema.org","@graph":[{"@type":"WebPage","@id":"https:\/\/guide.reassurez-moi.fr\/guide\/partenaires\/international-sante-assurance-expatries","url":"https:\/\/guide.reassurez-moi.fr\/guide\/partenaires\/international-sante-assurance-expatries","name":"International Sant\u00e9 : comparateur assurance sant\u00e9 expatri\u00e9s | R\u00e9assurez-moi","isPartOf":{"@id":"https:\/\/guide.reassurez-moi.fr\/guide\/#website"},"primaryImageOfPage":{"@id":"https:\/\/guide.reassurez-moi.fr\/guide\/partenaires\/international-sante-assurance-expatries#primaryimage"},"image":{"@id":"https:\/\/guide.reassurez-moi.fr\/guide\/partenaires\/international-sante-assurance-expatries#primaryimage"},"thumbnailUrl":"https:\/\/guide.reassurez-moi.fr\/guide\/wp-content\/uploads\/2026\/01\/logo-international-sante.png","datePublished":"2026-02-23T10:33:29+00:00","dateModified":"2026-03-05T09:12:49+00:00","description":"International Sant\u00e9 compare plus de 500 assurances sant\u00e9 expatri\u00e9s et accompagne les assur\u00e9s avec un conseil ind\u00e9pendant et un service client reconnu.","breadcrumb":{"@id":"https:\/\/guide.reassurez-moi.fr\/guide\/partenaires\/international-sante-assurance-expatries#breadcrumb"},"inLanguage":"fr-FR","potentialAction":[{"@type":"ReadAction","target":["https:\/\/guide.reassurez-moi.fr\/guide\/partenaires\/international-sante-assurance-expatries"]}]},{"@type":"ImageObject","inLanguage":"fr-FR","@id":"https:\/\/guide.reassurez-moi.fr\/guide\/partenaires\/international-sante-assurance-expatries#primaryimage","url":"https:\/\/guide.reassurez-moi.fr\/guide\/wp-content\/uploads\/2026\/01\/logo-international-sante.png","contentUrl":"https:\/\/guide.reassurez-moi.fr\/guide\/wp-content\/uploads\/2026\/01\/logo-international-sante.png","width":272,"height":65,"caption":"logo international sante"},{"@type":"BreadcrumbList","@id":"https:\/\/guide.reassurez-moi.fr\/guide\/partenaires\/international-sante-assurance-expatries#breadcrumb","itemListElement":[{"@type":"ListItem","position":1,"name":"Assurances","item":"https:\/\/guide.reassurez-moi.fr\/guide\/"},{"@type":"ListItem","position":2,"name":"Nos partenaires assureurs et services","item":"https:\/\/guide.reassurez-moi.fr\/guide\/partenaires"},{"@type":"ListItem","position":3,"name":"International Sant\u00e9 : comparateur assurance sant\u00e9 expatri\u00e9s"}]},{"@type":"WebSite","@id":"https:\/\/guide.reassurez-moi.fr\/guide\/#website","url":"https:\/\/guide.reassurez-moi.fr\/guide\/","name":"R\u00e9assurez-moi","description":"Comparateur d&#039;assurances","potentialAction":[{"@type":"SearchAction","target":{"@type":"EntryPoint","urlTemplate":"https:\/\/guide.reassurez-moi.fr\/guide\/?s={search_term_string}"},"query-input":{"@type":"PropertyValueSpecification","valueRequired":true,"valueName":"search_term_string"}}],"inLanguage":"fr-FR"}]}},"acf":[],"_links":{"self":[{"href":"https:\/\/guide.reassurez-moi.fr\/guide\/wp-json\/wp\/v2\/pages\/214736","targetHints":{"allow":["GET"]}}],"collection":[{"href":"https:\/\/guide.reassurez-moi.fr\/guide\/wp-json\/wp\/v2\/pages"}],"about":[{"href":"https:\/\/guide.reassurez-moi.fr\/guide\/wp-json\/wp\/v2\/types\/page"}],"author":[{"embeddable":true,"href":"https:\/\/guide.reassurez-moi.fr\/guide\/wp-json\/wp\/v2\/users\/86"}],"replies":[{"embeddable":true,"href":"https:\/\/guide.reassurez-moi.fr\/guide\/wp-json\/wp\/v2\/comments?post=214736"}],"version-history":[{"count":2,"href":"https:\/\/guide.reassurez-moi.fr\/guide\/wp-json\/wp\/v2\/pages\/214736\/revisions"}],"predecessor-version":[{"id":217505,"href":"https:\/\/guide.reassurez-moi.fr\/guide\/wp-json\/wp\/v2\/pages\/214736\/revisions\/217505"}],"up":[{"embeddable":true,"href":"https:\/\/guide.reassurez-moi.fr\/guide\/wp-json\/wp\/v2\/pages\/217141"}],"wp:attachment":[{"href":"https:\/\/guide.reassurez-moi.fr\/guide\/wp-json\/wp\/v2\/media?parent=214736"}],"wp:term":[{"taxonomy":"category","embeddable":true,"href":"https:\/\/guide.reassurez-moi.fr\/guide\/wp-json\/wp\/v2\/categories?post=214736"},{"taxonomy":"page_topic","embeddable":true,"href":"https:\/\/guide.reassurez-moi.fr\/guide\/wp-json\/wp\/v2\/page_topic?post=214736"}],"curies":[{"name":"wp","href":"https:\/\/api.w.org\/{rel}","templated":true}]}}