{"id":216522,"date":"2026-02-23T12:02:55","date_gmt":"2026-02-23T11:02:55","guid":{"rendered":"https:\/\/guide.reassurez-moi.fr\/guide\/?page_id=216522"},"modified":"2026-03-05T10:13:44","modified_gmt":"2026-03-05T09:13:44","slug":"selfassurance","status":"publish","type":"page","link":"https:\/\/guide.reassurez-moi.fr\/guide\/partenaires\/selfassurance","title":{"rendered":"Selfassurance : assurances animaux, sant\u00e9, auto et habitation"},"content":{"rendered":"<div class=\"wp-block-image\">\n<figure class=\"aligncenter size-full is-resized\"><img loading=\"lazy\" decoding=\"async\" width=\"448\" height=\"132\" src=\"https:\/\/guide.reassurez-moi.fr\/guide\/wp-content\/uploads\/2026\/02\/logo-self-assurance.png\" alt=\"logo self assurance\" class=\"wp-image-216525\" style=\"width:305px;height:auto\" srcset=\"https:\/\/guide.reassurez-moi.fr\/guide\/wp-content\/uploads\/2026\/02\/logo-self-assurance.png 448w, https:\/\/guide.reassurez-moi.fr\/guide\/wp-content\/uploads\/2026\/02\/logo-self-assurance-300x88.png 300w\" sizes=\"auto, (max-width: 448px) 100vw, 448px\" \/><\/figure>\n<\/div>\n\n\n<h2 class=\"wp-block-heading\">Qui est&nbsp;<strong>Selfassurance<\/strong>&nbsp;?<\/h2>\n\n\n\n<p><strong>Selfassurance<\/strong>&nbsp;est une soci\u00e9t\u00e9 fran\u00e7aise sp\u00e9cialis\u00e9e dans la&nbsp;<strong>distribution de solutions d\u2019assurance \u00e0 destination des particuliers<\/strong>.<br>Pr\u00e9sente sur le march\u00e9 fran\u00e7ais, elle s\u2019appuie sur l\u2019<strong>expertise, la solidit\u00e9 et l\u2019organisation d\u2019un acteur reconnu du secteur<\/strong>,&nbsp;<strong>ECA Assurances<\/strong>.<\/p>\n\n\n\n<p>Gr\u00e2ce \u00e0 ce savoir-faire, Selfassurance propose des offres performantes en&nbsp;<strong>assurance animaux<\/strong>,&nbsp;<strong>assurance sant\u00e9<\/strong>,&nbsp;<strong>assurance habitation<\/strong>&nbsp;et&nbsp;<strong>assurance auto<\/strong>, en combinant&nbsp;<strong>parcours digitaux efficaces<\/strong>&nbsp;et&nbsp;<strong>accompagnement humain<\/strong>.<\/p>\n\n\n\n<h2 class=\"wp-block-heading\">Le mod\u00e8le de Selfassurance<\/h2>\n\n\n\n<p>Selfassurance repose sur un mod\u00e8le clair et \u00e9prouv\u00e9 :<\/p>\n\n\n\n<ul class=\"wp-block-list\">\n<li>Distribution d\u2019offres d\u2019assurance cibl\u00e9es pour les particuliers<\/li>\n\n\n\n<li>Parcours de souscription digitaux, simples et fluides<\/li>\n\n\n\n<li>Information claire sur les garanties et les niveaux de couverture<\/li>\n\n\n\n<li>Accompagnement humain avant, pendant et apr\u00e8s la souscription<\/li>\n<\/ul>\n\n\n\n<p>Ce fonctionnement permet de proposer des solutions accessibles, sans sacrifier la qualit\u00e9 du conseil.<\/p>\n\n\n\n<h2 class=\"wp-block-heading\">Les engagements de Selfassurance<\/h2>\n\n\n\n<p>Selfassurance s\u2019engage autour de principes forts qui structurent sa relation client.<\/p>\n\n\n\n<p><strong>Expertise m\u00e9tier<\/strong><br>Une ma\u00eetrise approfondie des produits d\u2019assurance animaux, sant\u00e9, habitation et auto.<\/p>\n\n\n\n<p><strong>Simplicit\u00e9<\/strong><br>Des offres lisibles, des garanties compr\u00e9hensibles et des parcours de souscription sans complexit\u00e9 inutile.<\/p>\n\n\n\n<p><strong>Transparence<\/strong><br>Une information compl\u00e8te et accessible \u00e0 chaque \u00e9tape, pour permettre des choix \u00e9clair\u00e9s.<\/p>\n\n\n\n<p><strong>Engagement client<\/strong><br>Un accompagnement durable, avant, pendant et apr\u00e8s la souscription.<\/p>\n\n\n\n<p><strong>R\u00e9activit\u00e9<\/strong><br>Des \u00e9quipes disponibles et des processus optimis\u00e9s pour r\u00e9pondre rapidement aux besoins des assur\u00e9s.<\/p>\n\n\n\n<h2 class=\"wp-block-heading\">Les offres de Selfassurance<\/h2>\n\n\n\n<p>Selfassurance distribue une&nbsp;<strong>gamme compl\u00e8te d\u2019assurances<\/strong>, centr\u00e9e sur ses domaines de sp\u00e9cialisation.<\/p>\n\n\n\n<h3 class=\"wp-block-heading\">Assurance animaux (chiens et chats)<\/h3>\n\n\n\n<p>Des formules adapt\u00e9es aux besoins de sant\u00e9, d\u2019accidents et de maladies, avec des\u00a0<strong>garanties modulables<\/strong>\u00a0selon le profil de l\u2019<a href=\"https:\/\/reassurez-moi.fr\/guide\/assurance-chien-chat\/selfassurance\">animal<\/a>.<\/p>\n\n\n\n<h3 class=\"wp-block-heading\">Assurance sant\u00e9<\/h3>\n\n\n\n<p>Des <a href=\"https:\/\/reassurez-moi.fr\/guide\/mutuelle-sante\/selfassurance\">solutions sant\u00e9<\/a> couvrant les besoins essentiels et sp\u00e9cifiques, avec\u00a0<strong>plusieurs niveaux de garanties<\/strong>\u00a0pour s\u2019adapter aux situations personnelles.<\/p>\n\n\n\n<h3 class=\"wp-block-heading\">Assurance habitation<\/h3>\n\n\n\n<p>Des offres d&rsquo;<a href=\"https:\/\/reassurez-moi.fr\/guide\/assurance-habitation\/selfassurance\">assurances habitation<\/a> destin\u00e9es aux\u00a0<strong>locataires comme aux propri\u00e9taires<\/strong>, pour prot\u00e9ger le logement et les biens.<\/p>\n\n\n\n<h3 class=\"wp-block-heading\">Assurance auto<\/h3>\n\n\n\n<p>Des formules allant du&nbsp;<strong>tiers<\/strong>&nbsp;au&nbsp;<strong>tous risques<\/strong>, adapt\u00e9es aux diff\u00e9rents profils de conducteurs.<\/p>\n\n\n\n<h2 class=\"wp-block-heading\">Ce qui diff\u00e9rencie Selfassurance sur le march\u00e9<\/h2>\n\n\n\n<p>Selfassurance se distingue par :<\/p>\n\n\n\n<ul class=\"wp-block-list\">\n<li>l\u2019appui d\u2019un&nbsp;<strong>acteur reconnu du courtage<\/strong>, ECA Assurances<\/li>\n\n\n\n<li>une&nbsp;<strong>structure de garanties claire et \u00e9volutive<\/strong><\/li>\n\n\n\n<li>un&nbsp;<strong>positionnement tarifaire comp\u00e9titif<\/strong><\/li>\n\n\n\n<li>des&nbsp;<strong>parcours digitaux efficaces<\/strong>, sans perte d\u2019accompagnement<\/li>\n\n\n\n<li>un&nbsp;<strong>suivi humain de qualit\u00e9<\/strong>, \u00e0 chaque \u00e9tape<\/li>\n<\/ul>\n\n\n\n<h2 class=\"wp-block-heading\">Pourquoi&nbsp;<strong>R\u00e9assurez-moi<\/strong>&nbsp;s\u2019int\u00e9resse \u00e0 Selfassurance<\/h2>\n\n\n\n<p>Chez R\u00e9assurez-moi, nous mettons en avant les acteurs capables de proposer des&nbsp;<strong>solutions d\u2019assurance lisibles, accessibles et bien structur\u00e9es<\/strong>.<\/p>\n\n\n\n<p>Selfassurance r\u00e9pond \u00e0 ces attentes gr\u00e2ce \u00e0 :<\/p>\n\n\n\n<ul class=\"wp-block-list\">\n<li>une&nbsp;<strong>offre compl\u00e8te<\/strong>&nbsp;couvrant les besoins essentiels des particuliers<\/li>\n\n\n\n<li>une&nbsp;<strong>approche claire et transparente<\/strong>&nbsp;des garanties<\/li>\n\n\n\n<li>un&nbsp;<strong>\u00e9quilibre r\u00e9ussi entre digital et accompagnement humain<\/strong><\/li>\n\n\n\n<li>le&nbsp;<strong>soutien d\u2019un courtier exp\u00e9riment\u00e9<\/strong>, gage de fiabilit\u00e9<\/li>\n<\/ul>\n\n\n\n<p>Cette approche fait de Selfassurance un acteur pertinent pour les particuliers \u00e0 la recherche d\u2019<strong>assurances simples, efficaces et bien accompagn\u00e9es<\/strong>.<\/p>\n","protected":false},"excerpt":{"rendered":"<p>Qui est&nbsp;Selfassurance&nbsp;? Selfassurance&nbsp;est une soci\u00e9t\u00e9 fran\u00e7aise sp\u00e9cialis\u00e9e dans la&nbsp;distribution de solutions d\u2019assurance \u00e0 destination des particuliers.Pr\u00e9sente sur le march\u00e9 fran\u00e7ais, elle s\u2019appuie sur l\u2019expertise, la solidit\u00e9 et l\u2019organisation d\u2019un acteur reconnu du secteur,&nbsp;ECA Assurances. Gr\u00e2ce \u00e0 ce savoir-faire, Selfassurance propose des offres performantes en&nbsp;assurance animaux,&nbsp;assurance sant\u00e9,&nbsp;assurance habitation&nbsp;et&nbsp;assurance auto, en combinant&nbsp;parcours digitaux efficaces&nbsp;et&nbsp;accompagnement humain. Le mod\u00e8le\u2026<\/p>\n","protected":false},"author":86,"featured_media":0,"parent":217141,"menu_order":0,"comment_status":"open","ping_status":"closed","template":"","meta":{"_acf_changed":false,"footnotes":""},"categories":[],"page_topic":[807],"class_list":["post-216522","page","type-page","status-publish","hentry"],"yoast_head":"<!-- This site is optimized with the Yoast SEO plugin v24.7 - https:\/\/yoast.com\/wordpress\/plugins\/seo\/ -->\n<title>Selfassurance : assurances animaux, sant\u00e9, auto et habitation | R\u00e9assurez-moi<\/title>\n<meta name=\"description\" content=\"Selfassurance propose des assurances pour particuliers : animaux, sant\u00e9, habitation et auto. D\u00e9couvrez ses offres claires et son accompagnement.\" \/>\n<meta name=\"robots\" content=\"index, follow, max-snippet:-1, max-image-preview:large, max-video-preview:-1\" \/>\n<link rel=\"canonical\" href=\"https:\/\/guide.reassurez-moi.fr\/guide\/partenaires\/selfassurance\" \/>\n<meta property=\"og:locale\" content=\"fr_FR\" \/>\n<meta property=\"og:type\" content=\"article\" \/>\n<meta property=\"og:title\" content=\"Selfassurance : assurances animaux, sant\u00e9, auto et habitation | R\u00e9assurez-moi\" \/>\n<meta property=\"og:description\" content=\"Selfassurance propose des assurances pour particuliers : animaux, sant\u00e9, habitation et auto. D\u00e9couvrez ses offres claires et son accompagnement.\" \/>\n<meta property=\"og:url\" content=\"https:\/\/guide.reassurez-moi.fr\/guide\/partenaires\/selfassurance\" \/>\n<meta property=\"og:site_name\" content=\"R\u00e9assurez-moi\" \/>\n<meta property=\"article:publisher\" content=\"https:\/\/www.facebook.com\/R%c3%a9assurez-moi-209456495889479\/\" \/>\n<meta property=\"article:modified_time\" content=\"2026-03-05T09:13:44+00:00\" \/>\n<meta property=\"og:image\" content=\"https:\/\/guide.reassurez-moi.fr\/guide\/wp-content\/uploads\/2026\/02\/logo-self-assurance.png\" \/>\n<meta name=\"twitter:card\" content=\"summary_large_image\" \/>\n<meta name=\"twitter:site\" content=\"@reassurezmoi\" \/>\n<meta name=\"twitter:label1\" content=\"Dur\u00e9e de lecture estim\u00e9e\" \/>\n\t<meta name=\"twitter:data1\" content=\"3 minutes\" \/>\n<script type=\"application\/ld+json\" class=\"yoast-schema-graph\">{\"@context\":\"https:\/\/schema.org\",\"@graph\":[{\"@type\":\"WebPage\",\"@id\":\"https:\/\/guide.reassurez-moi.fr\/guide\/partenaires\/selfassurance\",\"url\":\"https:\/\/guide.reassurez-moi.fr\/guide\/partenaires\/selfassurance\",\"name\":\"Selfassurance : assurances animaux, sant\u00e9, auto et habitation | R\u00e9assurez-moi\",\"isPartOf\":{\"@id\":\"https:\/\/guide.reassurez-moi.fr\/guide\/#website\"},\"primaryImageOfPage\":{\"@id\":\"https:\/\/guide.reassurez-moi.fr\/guide\/partenaires\/selfassurance#primaryimage\"},\"image\":{\"@id\":\"https:\/\/guide.reassurez-moi.fr\/guide\/partenaires\/selfassurance#primaryimage\"},\"thumbnailUrl\":\"https:\/\/guide.reassurez-moi.fr\/guide\/wp-content\/uploads\/2026\/02\/logo-self-assurance.png\",\"datePublished\":\"2026-02-23T11:02:55+00:00\",\"dateModified\":\"2026-03-05T09:13:44+00:00\",\"description\":\"Selfassurance propose des assurances pour particuliers : animaux, sant\u00e9, habitation et auto. D\u00e9couvrez ses offres claires et son accompagnement.\",\"breadcrumb\":{\"@id\":\"https:\/\/guide.reassurez-moi.fr\/guide\/partenaires\/selfassurance#breadcrumb\"},\"inLanguage\":\"fr-FR\",\"potentialAction\":[{\"@type\":\"ReadAction\",\"target\":[\"https:\/\/guide.reassurez-moi.fr\/guide\/partenaires\/selfassurance\"]}]},{\"@type\":\"ImageObject\",\"inLanguage\":\"fr-FR\",\"@id\":\"https:\/\/guide.reassurez-moi.fr\/guide\/partenaires\/selfassurance#primaryimage\",\"url\":\"https:\/\/guide.reassurez-moi.fr\/guide\/wp-content\/uploads\/2026\/02\/logo-self-assurance.png\",\"contentUrl\":\"https:\/\/guide.reassurez-moi.fr\/guide\/wp-content\/uploads\/2026\/02\/logo-self-assurance.png\",\"width\":448,\"height\":132,\"caption\":\"logo self assurance\"},{\"@type\":\"BreadcrumbList\",\"@id\":\"https:\/\/guide.reassurez-moi.fr\/guide\/partenaires\/selfassurance#breadcrumb\",\"itemListElement\":[{\"@type\":\"ListItem\",\"position\":1,\"name\":\"Assurances\",\"item\":\"https:\/\/guide.reassurez-moi.fr\/guide\/\"},{\"@type\":\"ListItem\",\"position\":2,\"name\":\"Nos partenaires assureurs et services\",\"item\":\"https:\/\/guide.reassurez-moi.fr\/guide\/partenaires\"},{\"@type\":\"ListItem\",\"position\":3,\"name\":\"Selfassurance : assurances animaux, sant\u00e9, auto et habitation\"}]},{\"@type\":\"WebSite\",\"@id\":\"https:\/\/guide.reassurez-moi.fr\/guide\/#website\",\"url\":\"https:\/\/guide.reassurez-moi.fr\/guide\/\",\"name\":\"R\u00e9assurez-moi\",\"description\":\"Comparateur d&#039;assurances\",\"potentialAction\":[{\"@type\":\"SearchAction\",\"target\":{\"@type\":\"EntryPoint\",\"urlTemplate\":\"https:\/\/guide.reassurez-moi.fr\/guide\/?s={search_term_string}\"},\"query-input\":{\"@type\":\"PropertyValueSpecification\",\"valueRequired\":true,\"valueName\":\"search_term_string\"}}],\"inLanguage\":\"fr-FR\"}]}<\/script>\n<!-- \/ Yoast SEO plugin. -->","yoast_head_json":{"title":"Selfassurance : assurances animaux, sant\u00e9, auto et habitation | R\u00e9assurez-moi","description":"Selfassurance propose des assurances pour particuliers : animaux, sant\u00e9, habitation et auto. D\u00e9couvrez ses offres claires et son accompagnement.","robots":{"index":"index","follow":"follow","max-snippet":"max-snippet:-1","max-image-preview":"max-image-preview:large","max-video-preview":"max-video-preview:-1"},"canonical":"https:\/\/guide.reassurez-moi.fr\/guide\/partenaires\/selfassurance","og_locale":"fr_FR","og_type":"article","og_title":"Selfassurance : assurances animaux, sant\u00e9, auto et habitation | R\u00e9assurez-moi","og_description":"Selfassurance propose des assurances pour particuliers : animaux, sant\u00e9, habitation et auto. D\u00e9couvrez ses offres claires et son accompagnement.","og_url":"https:\/\/guide.reassurez-moi.fr\/guide\/partenaires\/selfassurance","og_site_name":"R\u00e9assurez-moi","article_publisher":"https:\/\/www.facebook.com\/R%c3%a9assurez-moi-209456495889479\/","article_modified_time":"2026-03-05T09:13:44+00:00","og_image":[{"url":"https:\/\/guide.reassurez-moi.fr\/guide\/wp-content\/uploads\/2026\/02\/logo-self-assurance.png","type":"","width":"","height":""}],"twitter_card":"summary_large_image","twitter_site":"@reassurezmoi","twitter_misc":{"Dur\u00e9e de lecture estim\u00e9e":"3 minutes"},"schema":{"@context":"https:\/\/schema.org","@graph":[{"@type":"WebPage","@id":"https:\/\/guide.reassurez-moi.fr\/guide\/partenaires\/selfassurance","url":"https:\/\/guide.reassurez-moi.fr\/guide\/partenaires\/selfassurance","name":"Selfassurance : assurances animaux, sant\u00e9, auto et habitation | R\u00e9assurez-moi","isPartOf":{"@id":"https:\/\/guide.reassurez-moi.fr\/guide\/#website"},"primaryImageOfPage":{"@id":"https:\/\/guide.reassurez-moi.fr\/guide\/partenaires\/selfassurance#primaryimage"},"image":{"@id":"https:\/\/guide.reassurez-moi.fr\/guide\/partenaires\/selfassurance#primaryimage"},"thumbnailUrl":"https:\/\/guide.reassurez-moi.fr\/guide\/wp-content\/uploads\/2026\/02\/logo-self-assurance.png","datePublished":"2026-02-23T11:02:55+00:00","dateModified":"2026-03-05T09:13:44+00:00","description":"Selfassurance propose des assurances pour particuliers : animaux, sant\u00e9, habitation et auto. D\u00e9couvrez ses offres claires et son accompagnement.","breadcrumb":{"@id":"https:\/\/guide.reassurez-moi.fr\/guide\/partenaires\/selfassurance#breadcrumb"},"inLanguage":"fr-FR","potentialAction":[{"@type":"ReadAction","target":["https:\/\/guide.reassurez-moi.fr\/guide\/partenaires\/selfassurance"]}]},{"@type":"ImageObject","inLanguage":"fr-FR","@id":"https:\/\/guide.reassurez-moi.fr\/guide\/partenaires\/selfassurance#primaryimage","url":"https:\/\/guide.reassurez-moi.fr\/guide\/wp-content\/uploads\/2026\/02\/logo-self-assurance.png","contentUrl":"https:\/\/guide.reassurez-moi.fr\/guide\/wp-content\/uploads\/2026\/02\/logo-self-assurance.png","width":448,"height":132,"caption":"logo self assurance"},{"@type":"BreadcrumbList","@id":"https:\/\/guide.reassurez-moi.fr\/guide\/partenaires\/selfassurance#breadcrumb","itemListElement":[{"@type":"ListItem","position":1,"name":"Assurances","item":"https:\/\/guide.reassurez-moi.fr\/guide\/"},{"@type":"ListItem","position":2,"name":"Nos partenaires assureurs et services","item":"https:\/\/guide.reassurez-moi.fr\/guide\/partenaires"},{"@type":"ListItem","position":3,"name":"Selfassurance : assurances animaux, sant\u00e9, auto et habitation"}]},{"@type":"WebSite","@id":"https:\/\/guide.reassurez-moi.fr\/guide\/#website","url":"https:\/\/guide.reassurez-moi.fr\/guide\/","name":"R\u00e9assurez-moi","description":"Comparateur d&#039;assurances","potentialAction":[{"@type":"SearchAction","target":{"@type":"EntryPoint","urlTemplate":"https:\/\/guide.reassurez-moi.fr\/guide\/?s={search_term_string}"},"query-input":{"@type":"PropertyValueSpecification","valueRequired":true,"valueName":"search_term_string"}}],"inLanguage":"fr-FR"}]}},"acf":[],"_links":{"self":[{"href":"https:\/\/guide.reassurez-moi.fr\/guide\/wp-json\/wp\/v2\/pages\/216522","targetHints":{"allow":["GET"]}}],"collection":[{"href":"https:\/\/guide.reassurez-moi.fr\/guide\/wp-json\/wp\/v2\/pages"}],"about":[{"href":"https:\/\/guide.reassurez-moi.fr\/guide\/wp-json\/wp\/v2\/types\/page"}],"author":[{"embeddable":true,"href":"https:\/\/guide.reassurez-moi.fr\/guide\/wp-json\/wp\/v2\/users\/86"}],"replies":[{"embeddable":true,"href":"https:\/\/guide.reassurez-moi.fr\/guide\/wp-json\/wp\/v2\/comments?post=216522"}],"version-history":[{"count":3,"href":"https:\/\/guide.reassurez-moi.fr\/guide\/wp-json\/wp\/v2\/pages\/216522\/revisions"}],"predecessor-version":[{"id":217519,"href":"https:\/\/guide.reassurez-moi.fr\/guide\/wp-json\/wp\/v2\/pages\/216522\/revisions\/217519"}],"up":[{"embeddable":true,"href":"https:\/\/guide.reassurez-moi.fr\/guide\/wp-json\/wp\/v2\/pages\/217141"}],"wp:attachment":[{"href":"https:\/\/guide.reassurez-moi.fr\/guide\/wp-json\/wp\/v2\/media?parent=216522"}],"wp:term":[{"taxonomy":"category","embeddable":true,"href":"https:\/\/guide.reassurez-moi.fr\/guide\/wp-json\/wp\/v2\/categories?post=216522"},{"taxonomy":"page_topic","embeddable":true,"href":"https:\/\/guide.reassurez-moi.fr\/guide\/wp-json\/wp\/v2\/page_topic?post=216522"}],"curies":[{"name":"wp","href":"https:\/\/api.w.org\/{rel}","templated":true}]}}