{"id":216733,"date":"2026-02-23T11:50:14","date_gmt":"2026-02-23T10:50:14","guid":{"rendered":"https:\/\/guide.reassurez-moi.fr\/guide\/?page_id=216733"},"modified":"2026-03-05T10:13:45","modified_gmt":"2026-03-05T09:13:45","slug":"utwin","status":"publish","type":"page","link":"https:\/\/guide.reassurez-moi.fr\/guide\/partenaires\/utwin","title":{"rendered":"UTWIN assurance emprunteur &#038; sant\u00e9"},"content":{"rendered":"\n<p><strong>UTWIN<\/strong> est une soci\u00e9t\u00e9 de services sp\u00e9cialis\u00e9e en <strong>assurance de Personnes<\/strong>, qui con\u00e7oit, g\u00e8re et distribue des solutions en <a href=\"https:\/\/reassurez-moi.fr\/guide\/assurance-pret-immobilier\/utwin\"><strong>assurance emprunteur<\/strong> <\/a>et en <strong>compl\u00e9mentaire sant\u00e9<\/strong>.<br>Nous travaillons avec UTWIN afin de proposer \u00e0 nos utilisateurs des offres innovantes, accessibles et comp\u00e9titives, associ\u00e9es \u00e0 une exp\u00e9rience de souscription 100 % digitale et \u00e0 une qualit\u00e9 de gestion reconnue.<\/p>\n\n\n\n<h2 class=\"wp-block-heading\">Qui est UTWIN ?<\/h2>\n\n\n\n<p>Fond\u00e9e \u00e0 <strong>Lyon en 2015<\/strong>, UTWIN s\u2019est impos\u00e9e comme un acteur de r\u00e9f\u00e9rence dans l\u2019assurance de Personnes, en particulier sur les march\u00e9s de l\u2019assurance emprunteur et de la sant\u00e9 individuelle.<\/p>\n\n\n\n<p>Pr\u00e9curseur de l\u2019assurance emprunteur <strong>100 % digitale<\/strong> et acteur cl\u00e9 de la transformation de l\u2019assurance sant\u00e9, UTWIN place depuis sa cr\u00e9ation <strong>l\u2019innovation au c\u0153ur de son mod\u00e8le<\/strong>, avec un objectif clair :<br>amplifier la performance commerciale de ses partenaires tout en offrant aux assur\u00e9s des solutions <strong>intuitives, protectrices et accessibles<\/strong>.<\/p>\n\n\n\n<p>Aujourd\u2019hui, UTWIN accompagne <strong>plus de 80 000 assur\u00e9s<\/strong>, s\u2019appuie sur un r\u00e9seau de <strong>plus de 4 000 courtiers et partenaires<\/strong>, et mobilise l\u2019expertise de <strong>75 collaborateurs<\/strong> engag\u00e9s dans la conception, la gestion et l\u2019am\u00e9lioration continue des offres.<\/p>\n\n\n\n<p>Son approche r\u00e9solument innovante et qualitative a \u00e9t\u00e9 largement reconnue par le march\u00e9, avec notamment :<\/p>\n\n\n\n<ul class=\"wp-block-list\">\n<li>le <strong>label Fintech Innovation<\/strong>,<\/li>\n\n\n\n<li>un <strong>Argus d\u2019Or<\/strong> (innovation digitale pour UBOX Emprunteur),<\/li>\n\n\n\n<li>plusieurs <strong>Labels d\u2019Excellence<\/strong> des Dossiers de l\u2019\u00c9pargne,<\/li>\n\n\n\n<li>et le titre <strong>\u00c9lu Service Client de l\u2019Ann\u00e9e 2024<\/strong> (assurance de Personnes).<\/li>\n<\/ul>\n\n\n\n<h2 class=\"wp-block-heading\">Mission, vision et principes d\u2019action<\/h2>\n\n\n\n<h3 class=\"wp-block-heading\">Une mission claire<\/h3>\n\n\n\n<p><strong>\u00ab Ensemble, osons l\u2019assurance de Personnes autrement \u00bb<\/strong><\/p>\n\n\n\n<p>UTWIN ambitionne de simplifier et de rendre accessible l\u2019assurance emprunteur et la compl\u00e9mentaire sant\u00e9, sans compromis sur la qualit\u00e9 des garanties ni sur le niveau de service.<\/p>\n\n\n\n<h3 class=\"wp-block-heading\">Des ambitions structurantes<\/h3>\n\n\n\n<ul class=\"wp-block-list\">\n<li>Simplifier l\u2019assurance et la rendre compr\u00e9hensible par tous<\/li>\n\n\n\n<li>Construire des solutions comp\u00e9titives aux garanties r\u00e9ellement protectrices<\/li>\n\n\n\n<li>Proposer une exp\u00e9rience de souscription <strong>100 % digitale<\/strong>, alli\u00e9e \u00e0 une <strong>tr\u00e8s haute qualit\u00e9 de service<\/strong><\/li>\n<\/ul>\n\n\n\n<h3 class=\"wp-block-heading\">Des principes d\u2019action forts<\/h3>\n\n\n\n<ul class=\"wp-block-list\">\n<li><strong>Oser surprendre<\/strong><\/li>\n\n\n\n<li><strong>Penser solution<\/strong><\/li>\n\n\n\n<li><strong>Grandir ensemble<\/strong><\/li>\n<\/ul>\n\n\n\n<h2 class=\"wp-block-heading\">Les offres propos\u00e9es par UTWIN<\/h2>\n\n\n\n<p>UTWIN d\u00e9veloppe une proposition de valeur fond\u00e9e sur trois piliers r\u00e9guli\u00e8rement r\u00e9compens\u00e9s :<br>le <strong>rapport qualit\u00e9\/prix<\/strong>, l\u2019<strong>innovation technologique<\/strong> et la <strong>qualit\u00e9 de gestion<\/strong>.<\/p>\n\n\n\n<h2 class=\"wp-block-heading\">Assurance emprunteur UTWIN<\/h2>\n\n\n\n<p>UTWIN imagine, cr\u00e9e, g\u00e8re et distribue ses offres d\u2019assurance emprunteur en partenariat avec des <strong>assureurs et r\u00e9assureurs de renom<\/strong>.<br>Gr\u00e2ce \u00e0 une approche <strong>multi-offres et multi-partenaires<\/strong>, UTWIN est en mesure de r\u00e9pondre \u00e0 l\u2019ensemble des profils d\u2019emprunteurs, quels que soient leurs projets ou leurs niveaux de capital.<\/p>\n\n\n\n<h3 class=\"wp-block-heading\">Des garanties compl\u00e8tes et modulables<\/h3>\n\n\n\n<p>Les offres reposent sur une structure de garanties solide, protectrice et modulable, permettant d\u2019ajuster pr\u00e9cis\u00e9ment la couverture aux besoins r\u00e9els de chaque assur\u00e9.<\/p>\n\n\n\n<h3 class=\"wp-block-heading\">Des \u00e9conomies significatives<\/h3>\n\n\n\n<p>Chaque solution est con\u00e7ue pour optimiser le co\u00fbt de l\u2019assurance, sans d\u00e9grader le niveau de protection :<\/p>\n\n\n\n<ul class=\"wp-block-list\">\n<li><strong>jusqu\u2019\u00e0 15 000 \u20ac d\u2019\u00e9conomies<\/strong> possibles sur l\u2019assurance emprunteur par rapport \u00e0 un contrat bancaire, selon le profil et le projet.<\/li>\n<\/ul>\n\n\n\n<h3 class=\"wp-block-heading\">Une souscription fluide et rapide<\/h3>\n\n\n\n<p>UTWIN a d\u00e9velopp\u00e9 un parcours <strong>100 % digital<\/strong>, s\u00e9curis\u00e9 et sans papier, incluant :<\/p>\n\n\n\n<ul class=\"wp-block-list\">\n<li>la souscription en ligne,<\/li>\n\n\n\n<li>le d\u00e9p\u00f4t de documents,<\/li>\n\n\n\n<li>la signature \u00e9lectronique,<\/li>\n\n\n\n<li>l\u2019\u00e9dition de l\u2019attestation d\u2019assurance en <strong>moins de 10 minutes<\/strong>.<\/li>\n<\/ul>\n\n\n\n<h3 class=\"wp-block-heading\">Un accompagnement expert<\/h3>\n\n\n\n<p>Les \u00e9quipes UTWIN, bas\u00e9es \u00e0 Lyon, accompagnent assur\u00e9s et partenaires \u00e0 chaque \u00e9tape, notamment pour :<\/p>\n\n\n\n<ul class=\"wp-block-list\">\n<li>les emprunteurs \u00e0 forts capitaux,<\/li>\n\n\n\n<li>les profils m\u00e9dicaux sp\u00e9cifiques ou complexes.<\/li>\n<\/ul>\n\n\n\n<h3 class=\"wp-block-heading\">Le changement d\u2019assurance simplifi\u00e9<\/h3>\n\n\n\n<p>UTWIN prend en charge l\u2019int\u00e9gralit\u00e9 des d\u00e9marches de substitution d\u2019assurance de pr\u00eat :<\/p>\n\n\n\n<ul class=\"wp-block-list\">\n<li>gestion administrative compl\u00e8te,<\/li>\n\n\n\n<li>accompagnement dans les \u00e9changes avec les banques,<\/li>\n\n\n\n<li>expertise reconnue avec <strong>95 % des dossiers accept\u00e9s par les \u00e9tablissements bancaires depuis 2018<\/strong>.<\/li>\n<\/ul>\n\n\n\n<h2 class=\"wp-block-heading\">Assurance sant\u00e9 UTWIN<\/h2>\n\n\n\n<p>UTWIN d\u00e9veloppe une <strong>gamme de compl\u00e9mentaire sant\u00e9 individuelle<\/strong> co-con\u00e7ue avec des partenaires experts, afin de r\u00e9pondre aux besoins r\u00e9els des assur\u00e9s tout en respectant leur budget.<\/p>\n\n\n\n<h3 class=\"wp-block-heading\">Une approche durable et responsable<\/h3>\n\n\n\n<p>UTWIN d\u00e9fend une vision plus vertueuse de la compl\u00e9mentaire sant\u00e9, fond\u00e9e sur :<\/p>\n\n\n\n<ul class=\"wp-block-list\">\n<li>des garanties utiles et lisibles,<\/li>\n\n\n\n<li>une tarification juste,<\/li>\n\n\n\n<li>des offres pens\u00e9es pour durer dans le temps.<\/li>\n<\/ul>\n\n\n\n<h3 class=\"wp-block-heading\">Un positionnement \u00e9thique et p\u00e9dagogique<\/h3>\n\n\n\n<p>UTWIN accompagne assur\u00e9s et distributeurs dans le choix de garanties essentielles et compr\u00e9hensibles, gr\u00e2ce \u00e0 des outils digitaux intuitifs et un devoir de conseil structur\u00e9.<\/p>\n\n\n\n<h3 class=\"wp-block-heading\">Une gamme large, accessible et modulable<\/h3>\n\n\n\n<ul class=\"wp-block-list\">\n<li>plus de <strong>60 formules modulables<\/strong>,<\/li>\n\n\n\n<li>versions responsables ou non responsables,<\/li>\n\n\n\n<li>couverture de tous les profils : seniors, travailleurs non salari\u00e9s, familles.<\/li>\n<\/ul>\n\n\n\n<p>UTWIN s\u2019appuie \u00e9galement sur des <strong>r\u00e9seaux de soins de r\u00e9f\u00e9rence<\/strong> (Sant\u00e9clair, Kalixia\u2026) afin de faciliter l\u2019acc\u00e8s aux soins et de ma\u00eetriser les restes \u00e0 charge.<\/p>\n\n\n\n<h3 class=\"wp-block-heading\">Une gestion reconnue<\/h3>\n\n\n\n<p>La gestion des contrats sant\u00e9 UTWIN est assur\u00e9e par <strong>G\u00e9n\u00e9ration<\/strong>, acteur de r\u00e9f\u00e9rence du march\u00e9, garantissant :<\/p>\n\n\n\n<ul class=\"wp-block-list\">\n<li>des remboursements rapides,<\/li>\n\n\n\n<li>une gestion fiable et efficace,<\/li>\n\n\n\n<li>une exp\u00e9rience assur\u00e9e fluide et accessible 24\/7.<\/li>\n<\/ul>\n\n\n\n<h2 class=\"wp-block-heading\">Les atouts UTWIN<\/h2>\n\n\n\n<ul class=\"wp-block-list\">\n<li>Offres multi-partenaires co-con\u00e7ues avec des acteurs de r\u00e9f\u00e9rence<\/li>\n\n\n\n<li>Positionnement tarifaire comp\u00e9titif, ajust\u00e9 au niveau de garanties<\/li>\n\n\n\n<li>Parcours digitaux rapides et sans friction<\/li>\n\n\n\n<li>Expertise reconnue sur les profils complexes<\/li>\n\n\n\n<li>Exp\u00e9rience client optimis\u00e9e et r\u00e9guli\u00e8rement r\u00e9compens\u00e9e<\/li>\n<\/ul>\n\n\n\n<h2 class=\"wp-block-heading\">Indicateurs de satisfaction<\/h2>\n\n\n\n<ul class=\"wp-block-list\">\n<li><strong>4,3 \/ 5<\/strong> sur Google<\/li>\n\n\n\n<li><strong>4,4 \/ 5<\/strong> sur eKomi<\/li>\n\n\n\n<li><strong>85 % de taux de satisfaction assur\u00e9s en 2025<\/strong><\/li>\n\n\n\n<li><strong>NPS : 45<\/strong><\/li>\n<\/ul>\n\n\n\n<h2 class=\"wp-block-heading\">Pourquoi R\u00e9assurez-moi travaille avec UTWIN<\/h2>\n\n\n\n<p>Chez R\u00e9assurez-moi, nous s\u00e9lectionnons nos partenaires pour leur capacit\u00e9 \u00e0 proposer des solutions <strong>performantes, fiables et transparentes<\/strong>, tout en respectant les exigences du r\u00f4le de courtier comparateur ind\u00e9pendant.<\/p>\n\n\n\n<p>Nous travaillons avec UTWIN pour :<\/p>\n\n\n\n<ul class=\"wp-block-list\">\n<li>la <strong>qualit\u00e9 et la modularit\u00e9<\/strong> de ses offres emprunteur et sant\u00e9,<\/li>\n\n\n\n<li>son <strong>expertise reconnue<\/strong> sur les profils complexes,<\/li>\n\n\n\n<li>son <strong>avance technologique<\/strong> sur les parcours digitaux,<\/li>\n\n\n\n<li>sa <strong>qualit\u00e9 de gestion<\/strong> et de service client,<\/li>\n\n\n\n<li>et sa vision responsable et durable de l\u2019assurance de Personnes.<\/li>\n<\/ul>\n\n\n\n<p>Ce partenariat nous permet de proposer des solutions adapt\u00e9es, comparables et r\u00e9ellement utiles aux assur\u00e9s.<\/p>\n","protected":false},"excerpt":{"rendered":"<p>UTWIN est une soci\u00e9t\u00e9 de services sp\u00e9cialis\u00e9e en assurance de Personnes, qui con\u00e7oit, g\u00e8re et distribue des solutions en assurance emprunteur et en compl\u00e9mentaire sant\u00e9.Nous travaillons avec UTWIN afin de proposer \u00e0 nos utilisateurs des offres innovantes, accessibles et comp\u00e9titives, associ\u00e9es \u00e0 une exp\u00e9rience de souscription 100 % digitale et \u00e0 une qualit\u00e9 de gestion\u2026<\/p>\n","protected":false},"author":86,"featured_media":0,"parent":217141,"menu_order":0,"comment_status":"open","ping_status":"closed","template":"","meta":{"_acf_changed":false,"footnotes":""},"categories":[],"page_topic":[807],"class_list":["post-216733","page","type-page","status-publish","hentry"],"yoast_head":"<!-- This site is optimized with the Yoast SEO plugin v24.7 - https:\/\/yoast.com\/wordpress\/plugins\/seo\/ -->\n<title>UTWIN assurance emprunteur &amp; sant\u00e9 | Partenaire R\u00e9assurez-moi<\/title>\n<meta name=\"description\" content=\"UTWIN est un partenaire R\u00e9assurez-moi en assurance emprunteur et sant\u00e9. Comparez des offres comp\u00e9titives, digitales et adapt\u00e9es \u00e0 votre profil.\" \/>\n<meta name=\"robots\" content=\"index, follow, max-snippet:-1, max-image-preview:large, max-video-preview:-1\" \/>\n<link rel=\"canonical\" href=\"https:\/\/guide.reassurez-moi.fr\/guide\/partenaires\/utwin\" \/>\n<meta property=\"og:locale\" content=\"fr_FR\" \/>\n<meta property=\"og:type\" content=\"article\" \/>\n<meta property=\"og:title\" content=\"UTWIN assurance emprunteur &amp; sant\u00e9 | Partenaire R\u00e9assurez-moi\" \/>\n<meta property=\"og:description\" content=\"UTWIN est un partenaire R\u00e9assurez-moi en assurance emprunteur et sant\u00e9. Comparez des offres comp\u00e9titives, digitales et adapt\u00e9es \u00e0 votre profil.\" \/>\n<meta property=\"og:url\" content=\"https:\/\/guide.reassurez-moi.fr\/guide\/partenaires\/utwin\" \/>\n<meta property=\"og:site_name\" content=\"R\u00e9assurez-moi\" \/>\n<meta property=\"article:publisher\" content=\"https:\/\/www.facebook.com\/R%c3%a9assurez-moi-209456495889479\/\" \/>\n<meta property=\"article:modified_time\" content=\"2026-03-05T09:13:45+00:00\" \/>\n<meta property=\"og:image\" content=\"https:\/\/guide.reassurez-moi.fr\/guide\/wp-content\/uploads\/2018\/04\/image-de-partage.png\" \/>\n\t<meta property=\"og:image:width\" content=\"500\" \/>\n\t<meta property=\"og:image:height\" content=\"160\" \/>\n\t<meta property=\"og:image:type\" content=\"image\/png\" \/>\n<meta name=\"twitter:card\" content=\"summary_large_image\" \/>\n<meta name=\"twitter:site\" content=\"@reassurezmoi\" \/>\n<meta name=\"twitter:label1\" content=\"Dur\u00e9e de lecture estim\u00e9e\" \/>\n\t<meta name=\"twitter:data1\" content=\"5 minutes\" \/>\n<script type=\"application\/ld+json\" class=\"yoast-schema-graph\">{\"@context\":\"https:\/\/schema.org\",\"@graph\":[{\"@type\":\"WebPage\",\"@id\":\"https:\/\/guide.reassurez-moi.fr\/guide\/partenaires\/utwin\",\"url\":\"https:\/\/guide.reassurez-moi.fr\/guide\/partenaires\/utwin\",\"name\":\"UTWIN assurance emprunteur & sant\u00e9 | Partenaire R\u00e9assurez-moi\",\"isPartOf\":{\"@id\":\"https:\/\/guide.reassurez-moi.fr\/guide\/#website\"},\"datePublished\":\"2026-02-23T10:50:14+00:00\",\"dateModified\":\"2026-03-05T09:13:45+00:00\",\"description\":\"UTWIN est un partenaire R\u00e9assurez-moi en assurance emprunteur et sant\u00e9. Comparez des offres comp\u00e9titives, digitales et adapt\u00e9es \u00e0 votre profil.\",\"breadcrumb\":{\"@id\":\"https:\/\/guide.reassurez-moi.fr\/guide\/partenaires\/utwin#breadcrumb\"},\"inLanguage\":\"fr-FR\",\"potentialAction\":[{\"@type\":\"ReadAction\",\"target\":[\"https:\/\/guide.reassurez-moi.fr\/guide\/partenaires\/utwin\"]}]},{\"@type\":\"BreadcrumbList\",\"@id\":\"https:\/\/guide.reassurez-moi.fr\/guide\/partenaires\/utwin#breadcrumb\",\"itemListElement\":[{\"@type\":\"ListItem\",\"position\":1,\"name\":\"Assurances\",\"item\":\"https:\/\/guide.reassurez-moi.fr\/guide\/\"},{\"@type\":\"ListItem\",\"position\":2,\"name\":\"Nos partenaires assureurs et services\",\"item\":\"https:\/\/guide.reassurez-moi.fr\/guide\/partenaires\"},{\"@type\":\"ListItem\",\"position\":3,\"name\":\"UTWIN assurance emprunteur &#038; sant\u00e9\"}]},{\"@type\":\"WebSite\",\"@id\":\"https:\/\/guide.reassurez-moi.fr\/guide\/#website\",\"url\":\"https:\/\/guide.reassurez-moi.fr\/guide\/\",\"name\":\"R\u00e9assurez-moi\",\"description\":\"Comparateur d&#039;assurances\",\"potentialAction\":[{\"@type\":\"SearchAction\",\"target\":{\"@type\":\"EntryPoint\",\"urlTemplate\":\"https:\/\/guide.reassurez-moi.fr\/guide\/?s={search_term_string}\"},\"query-input\":{\"@type\":\"PropertyValueSpecification\",\"valueRequired\":true,\"valueName\":\"search_term_string\"}}],\"inLanguage\":\"fr-FR\"}]}<\/script>\n<!-- \/ Yoast SEO plugin. -->","yoast_head_json":{"title":"UTWIN assurance emprunteur & sant\u00e9 | Partenaire R\u00e9assurez-moi","description":"UTWIN est un partenaire R\u00e9assurez-moi en assurance emprunteur et sant\u00e9. Comparez des offres comp\u00e9titives, digitales et adapt\u00e9es \u00e0 votre profil.","robots":{"index":"index","follow":"follow","max-snippet":"max-snippet:-1","max-image-preview":"max-image-preview:large","max-video-preview":"max-video-preview:-1"},"canonical":"https:\/\/guide.reassurez-moi.fr\/guide\/partenaires\/utwin","og_locale":"fr_FR","og_type":"article","og_title":"UTWIN assurance emprunteur & sant\u00e9 | Partenaire R\u00e9assurez-moi","og_description":"UTWIN est un partenaire R\u00e9assurez-moi en assurance emprunteur et sant\u00e9. Comparez des offres comp\u00e9titives, digitales et adapt\u00e9es \u00e0 votre profil.","og_url":"https:\/\/guide.reassurez-moi.fr\/guide\/partenaires\/utwin","og_site_name":"R\u00e9assurez-moi","article_publisher":"https:\/\/www.facebook.com\/R%c3%a9assurez-moi-209456495889479\/","article_modified_time":"2026-03-05T09:13:45+00:00","og_image":[{"width":500,"height":160,"url":"https:\/\/guide.reassurez-moi.fr\/guide\/wp-content\/uploads\/2018\/04\/image-de-partage.png","type":"image\/png"}],"twitter_card":"summary_large_image","twitter_site":"@reassurezmoi","twitter_misc":{"Dur\u00e9e de lecture estim\u00e9e":"5 minutes"},"schema":{"@context":"https:\/\/schema.org","@graph":[{"@type":"WebPage","@id":"https:\/\/guide.reassurez-moi.fr\/guide\/partenaires\/utwin","url":"https:\/\/guide.reassurez-moi.fr\/guide\/partenaires\/utwin","name":"UTWIN assurance emprunteur & sant\u00e9 | Partenaire R\u00e9assurez-moi","isPartOf":{"@id":"https:\/\/guide.reassurez-moi.fr\/guide\/#website"},"datePublished":"2026-02-23T10:50:14+00:00","dateModified":"2026-03-05T09:13:45+00:00","description":"UTWIN est un partenaire R\u00e9assurez-moi en assurance emprunteur et sant\u00e9. Comparez des offres comp\u00e9titives, digitales et adapt\u00e9es \u00e0 votre profil.","breadcrumb":{"@id":"https:\/\/guide.reassurez-moi.fr\/guide\/partenaires\/utwin#breadcrumb"},"inLanguage":"fr-FR","potentialAction":[{"@type":"ReadAction","target":["https:\/\/guide.reassurez-moi.fr\/guide\/partenaires\/utwin"]}]},{"@type":"BreadcrumbList","@id":"https:\/\/guide.reassurez-moi.fr\/guide\/partenaires\/utwin#breadcrumb","itemListElement":[{"@type":"ListItem","position":1,"name":"Assurances","item":"https:\/\/guide.reassurez-moi.fr\/guide\/"},{"@type":"ListItem","position":2,"name":"Nos partenaires assureurs et services","item":"https:\/\/guide.reassurez-moi.fr\/guide\/partenaires"},{"@type":"ListItem","position":3,"name":"UTWIN assurance emprunteur &#038; sant\u00e9"}]},{"@type":"WebSite","@id":"https:\/\/guide.reassurez-moi.fr\/guide\/#website","url":"https:\/\/guide.reassurez-moi.fr\/guide\/","name":"R\u00e9assurez-moi","description":"Comparateur d&#039;assurances","potentialAction":[{"@type":"SearchAction","target":{"@type":"EntryPoint","urlTemplate":"https:\/\/guide.reassurez-moi.fr\/guide\/?s={search_term_string}"},"query-input":{"@type":"PropertyValueSpecification","valueRequired":true,"valueName":"search_term_string"}}],"inLanguage":"fr-FR"}]}},"acf":[],"_links":{"self":[{"href":"https:\/\/guide.reassurez-moi.fr\/guide\/wp-json\/wp\/v2\/pages\/216733","targetHints":{"allow":["GET"]}}],"collection":[{"href":"https:\/\/guide.reassurez-moi.fr\/guide\/wp-json\/wp\/v2\/pages"}],"about":[{"href":"https:\/\/guide.reassurez-moi.fr\/guide\/wp-json\/wp\/v2\/types\/page"}],"author":[{"embeddable":true,"href":"https:\/\/guide.reassurez-moi.fr\/guide\/wp-json\/wp\/v2\/users\/86"}],"replies":[{"embeddable":true,"href":"https:\/\/guide.reassurez-moi.fr\/guide\/wp-json\/wp\/v2\/comments?post=216733"}],"version-history":[{"count":5,"href":"https:\/\/guide.reassurez-moi.fr\/guide\/wp-json\/wp\/v2\/pages\/216733\/revisions"}],"predecessor-version":[{"id":217520,"href":"https:\/\/guide.reassurez-moi.fr\/guide\/wp-json\/wp\/v2\/pages\/216733\/revisions\/217520"}],"up":[{"embeddable":true,"href":"https:\/\/guide.reassurez-moi.fr\/guide\/wp-json\/wp\/v2\/pages\/217141"}],"wp:attachment":[{"href":"https:\/\/guide.reassurez-moi.fr\/guide\/wp-json\/wp\/v2\/media?parent=216733"}],"wp:term":[{"taxonomy":"category","embeddable":true,"href":"https:\/\/guide.reassurez-moi.fr\/guide\/wp-json\/wp\/v2\/categories?post=216733"},{"taxonomy":"page_topic","embeddable":true,"href":"https:\/\/guide.reassurez-moi.fr\/guide\/wp-json\/wp\/v2\/page_topic?post=216733"}],"curies":[{"name":"wp","href":"https:\/\/api.w.org\/{rel}","templated":true}]}}