{"id":217141,"date":"2026-02-23T10:19:38","date_gmt":"2026-02-23T09:19:38","guid":{"rendered":"https:\/\/guide.reassurez-moi.fr\/guide\/?page_id=217141"},"modified":"2026-04-07T11:05:19","modified_gmt":"2026-04-07T09:05:19","slug":"partenaires","status":"publish","type":"page","link":"https:\/\/guide.reassurez-moi.fr\/guide\/partenaires","title":{"rendered":"Nos partenaires assureurs et services"},"content":{"rendered":"\n<p>En toute transparence, d\u00e9couvrez les experts avec lesquels nous travaillons pour vous proposer les meilleures offres du march\u00e9. R\u00e9assurez-moi s\u00e9lectionne ses partenaires pour leur fiabilit\u00e9, la qualit\u00e9 de leur gestion et la comp\u00e9titivit\u00e9 de leurs tarifs.<\/p>\n\n\n\n<h2 class=\"wp-block-heading\">1. Assurance emprunteur : Notre expertise en courtage<\/h2>\n\n\n\n<p>En tant que <strong>courtier sp\u00e9cialis\u00e9 en assurance de pr\u00eat<\/strong>, R\u00e9assurez-moi vous accompagne de la simulation \u00e0 la mise en place de votre nouvelle assurance. Nous n\u00e9gocions pour vous aupr\u00e8s des plus grands acteurs du secteur :<\/p>\n\n\n\n<ul class=\"wp-block-list is-style-arrow-right\">\n<li><strong>Nos partenaires de r\u00e9f\u00e9rence :<\/strong> Malakoff Humanis, Generali, Fidelidade, <a href=\"https:\/\/reassurez-moi.fr\/guide\/partenaires\/prevoir\">Pr\u00e9voir<\/a>, <a href=\"https:\/\/reassurez-moi.fr\/guide\/partenaires\/utwin\">Utwin<\/a>, MNCAP, Suravenir, S\u00e9r\u00e9nit\u00e9, Maestro, Miltis, Iriade, SwissLife, Axa.<\/li>\n<\/ul>\n\n\n\n<div class=\"wp-block-buttons is-layout-flex wp-block-buttons-is-layout-flex\">\n<div class=\"wp-block-button is-style-cta-orange\"><a class=\"wp-block-button__link wp-element-button\" href=\"https:\/\/reassurez-moi.fr\/simulation-assurance-pret-immobilier\">Acc\u00e9der \u00e0 notre comparateur d&rsquo;assurance de pr\u00eat<\/a><\/div>\n<\/div>\n\n\n\n<h2 class=\"wp-block-heading\"><strong>2. Mutuelle sant\u00e9 : Nos partenaires experts<\/strong><\/h2>\n\n\n\n<p>Pour la sant\u00e9, nous avons choisi de nous entourer des meilleurs sp\u00e9cialistes du march\u00e9. Nous vous mettons en relation avec ces partenaires pour vous garantir une gestion optimale de vos remboursements :<\/p>\n\n\n\n<ul class=\"wp-block-list is-style-arrow-right\">\n<li><strong>Le panel sant\u00e9 :<\/strong> <strong>Mercer<\/strong>, <strong>Magnolia<\/strong>, <strong>Meilleurtaux<\/strong>, <strong>Weedoit<\/strong>, <strong>Ilona, <\/strong>&nbsp;N\u00e9oliane, <strong>Apivia<\/strong>, April, Asaf, Coverity, SPVie, Praeconis, 2MA, Alptis, AS Solutions, Apicil, Modulassur, Henner, Hodeva, ACPS, Mieux Etre, <a href=\"https:\/\/reassurez-moi.fr\/guide\/partenaires\/selfassurance\">SelfAssurance<\/a>.<\/li>\n<\/ul>\n\n\n\n<div class=\"wp-block-buttons is-layout-flex wp-block-buttons-is-layout-flex\">\n<div class=\"wp-block-button is-style-cta-orange\"><a class=\"wp-block-button__link wp-element-button\" href=\"https:\/\/reassurez-moi.fr\/comparateur-mutuelle-sante\">Acc\u00e9der \u00e0 notre comparateur de mutuelles<\/a><\/div>\n<\/div>\n\n\n\n<h2 class=\"wp-block-heading\"><strong>3. Nos autres solutions et services partenaires<\/strong><\/h2>\n\n\n\n<p>Nous \u00e9largissons notre accompagnement \u00e0 l&rsquo;ensemble de vos besoins quotidiens via des accords de partenariat privil\u00e9gi\u00e9s.<\/p>\n\n\n\n<h3 class=\"wp-block-heading\"><strong>Immobilier, Cr\u00e9dit et Habitation<\/strong><\/h3>\n\n\n\n<ul class=\"wp-block-list is-style-arrow-right\">\n<li><strong>Assurance habitation :<\/strong> <a href=\"https:\/\/reassurez-moi.fr\/guide\/partenaires\/acommeassure\">A comme assure<\/a>, Allianz, Direct Assurance, L&rsquo;Olivier, <a href=\"https:\/\/reassurez-moi.fr\/guide\/partenaires\/lemonade\">Lemonade<\/a>, Maxance, MonGustave, <a href=\"https:\/\/reassurez-moi.fr\/guide\/partenaires\/qivio\">Qivio<\/a>, <a href=\"https:\/\/reassurez-moi.fr\/guide\/partenaires\/selfassurance\">SelfAssur<\/a>.<\/li>\n\n\n\n<li><strong>Pr\u00eat immobilier & Rachat de cr\u00e9dit :<\/strong><a href=\"https:\/\/reassurez-moi.fr\/guide\/partenaires\/pretto\"> <strong>Pretto<\/strong><\/a>, Assurprox,<a href=\"https:\/\/reassurez-moi.fr\/guide\/partenaires\/fiinz\"> Fiinz<\/a>, PartnersFinances, <a href=\"https:\/\/reassurez-moi.fr\/guide\/partenaires\/ymanci\">Ymanci<\/a>, Younited.<\/li>\n\n\n\n<li><strong>Gestion locative & Garant :<\/strong> <a href=\"https:\/\/reassurez-moi.fr\/guide\/partenaires\/cautioneo-assurance-loyers-impayes\">Cautioneo<\/a>, SmartGarant, Homepilot, <a href=\"https:\/\/reassurez-moi.fr\/guide\/partenaires\/manda\">Manda<\/a>, <a href=\"https:\/\/reassurez-moi.fr\/guide\/partenaires\/oqoro\">Oqoro<\/a>, ClickandRent, Ouiker.<\/li>\n\n\n\n<li><strong>Propri\u00e9taire (PNO \/ GLI) :<\/strong> <a href=\"https:\/\/reassurez-moi.fr\/guide\/partenaires\/mila\">Mila<\/a>, <a href=\"https:\/\/reassurez-moi.fr\/guide\/partenaires\/jelouebien\">Je loue bien<\/a>, <a href=\"https:\/\/reassurez-moi.fr\/guide\/partenaires\/protection-loyer\">Protection Loyer<\/a>.<\/li>\n\n\n\n<li><strong>Assurance dommages-ouvrages : <\/strong><a href=\"https:\/\/reassurez-moi.fr\/guide\/partenaires\/bati-assure\">Bati Assure<\/a>.<\/li>\n\n\n\n<li><strong>Investissement locatif : <\/strong><a href=\"https:\/\/reassurez-moi.fr\/guide\/partenaires\/bevouac\">Bevouac<\/a>.<\/li>\n\n\n\n<li><strong>Agences immobili\u00e8res :<\/strong> <a href=\"https:\/\/reassurez-moi.fr\/guide\/partenaires\/homki\">Homki<\/a>.<\/li>\n<\/ul>\n\n\n\n<h3 class=\"wp-block-heading\"><strong>Mobilit\u00e9 et Voyage<\/strong><\/h3>\n\n\n\n<ul class=\"wp-block-list is-style-arrow-right\">\n<li><strong>Assurance auto & moto :<\/strong> Allianz, <a href=\"https:\/\/reassurez-moi.fr\/guide\/partenaires\/assurone\">Assur One<\/a>, <a href=\"https:\/\/reassurez-moi.fr\/guide\/partenaires\/cartage\">Cartage<\/a> (RC temporaire), Direct-Assurance, Flitter, L&rsquo;Olivier, <a href=\"https:\/\/reassurez-moi.fr\/guide\/partenaires\/ornikar\">Ornikar<\/a>, Maxance, <a href=\"https:\/\/reassurez-moi.fr\/guide\/partenaires\/qivio\">Qivio<\/a>, <a href=\"https:\/\/reassurez-moi.fr\/guide\/partenaires\/rio-assurance\">Rio Assurance<\/a> (temporaire).<\/li>\n\n\n\n<li><strong>Nouvelles mobilit\u00e9s (v\u00e9lo, NVEI) :<\/strong> <a href=\"https:\/\/reassurez-moi.fr\/guide\/partenaires\/bicytrust\">Bicytrust<\/a>, Sharelock, Laka, <a href=\"https:\/\/reassurez-moi.fr\/guide\/partenaires\/hepster\">Hepster<\/a>, Qover, <a href=\"https:\/\/reassurez-moi.fr\/guide\/partenaires\/coverd\">Coverd<\/a>.<\/li>\n\n\n\n<li><strong>Assurance VTC :<\/strong><a href=\"https:\/\/reassurez-moi.fr\/guide\/partenaires\/yeet\"> Yeet<\/a>.<\/li>\n\n\n\n<li><strong>Assurance voyage :<\/strong> <a href=\"https:\/\/reassurez-moi.fr\/guide\/partenaires\/chapka\">Chapka<\/a>, <a href=\"https:\/\/reassurez-moi.fr\/guide\/partenaires\/heymondo-assurance-voyage\">Heymondo<\/a>, <a href=\"https:\/\/reassurez-moi.fr\/guide\/assurance-voyage\/acs\">ACS<\/a>,<a href=\"https:\/\/.reassurez-moi.fr\/guide\/partenaires\/ava\"> Ava<\/a>, <a href=\"https:\/\/reassurez-moi.fr\/guide\/partenaires\/mondialcare\">Mondial Care<\/a>, Neat.<\/li>\n\n\n\n<li><strong>Assurance bateau : <\/strong><a href=\"https:\/\/reassurez-moi.fr\/guide\/partenaires\/april-marine\">April Marine<\/a>, Generali.<\/li>\n<\/ul>\n\n\n\n<h3 class=\"wp-block-heading\"><strong>Banque, \u00c9pargne et Fiscalit\u00e9<\/strong><\/h3>\n\n\n\n<ul class=\"wp-block-list is-style-arrow-right\">\n<li><strong>Banques & Comptes :<\/strong> Boursobank, Revolut, Fortuneo, N26, Qonto, Hello Bank, Shine, Finom, Monabanq, <a href=\"https:\/\/reassurez-moi.fr\/guide\/partenaires\/green-got\">Green Got<\/a>.<\/li>\n\n\n\n<li><strong>\u00c9pargne & Investissement (SCPI, PER, Bourse, Assurance-vie) :<\/strong> <a href=\"https:\/\/reassurez-moi.fr\/guide\/partenaires\/cleerly\">Cleerly<\/a>, <a href=\"https:\/\/reassurez-moi.fr\/guide\/partenaires\/louve-invest\">Louve Invest<\/a>, Trade Republic, Bitpanda, Coinbase, Cashbee, Distingo.<\/li>\n\n\n\n<li><strong>Cr\u00e9dit conso :<\/strong> Kreditiweb, Mr Finan, Softkredit , Cetelem, Cofidis, Franfinance.<\/li>\n<\/ul>\n\n\n\n<h3 class=\"wp-block-heading\"><strong>Pr\u00e9voyance et protections sp\u00e9cifiques<\/strong><\/h3>\n\n\n\n<ul class=\"wp-block-list is-style-arrow-right\">\n<li><strong>Pr\u00e9voyance (D\u00e9c\u00e8s, Obs\u00e8ques, D\u00e9pendance) :<\/strong> A\u00e9sio, <a href=\"https:\/\/reassurez-moi.fr\/guide\/partenaires\/prevoir\">Pr\u00e9voir<\/a>,<a href=\"https:\/\/reassurez-moi.fr\/guide\/partenaires\/mutac\"> Mutac<\/a>, <a href=\"https:\/\/reassurez-moi.fr\/guide\/partenaires\/santiane\">Santiane<\/a>, Hyperassur, Magnolia<\/li>\n\n\n\n<li><strong>Sant\u00e9 sp\u00e9cifique :<\/strong> <a href=\"https:\/\/reassurez-moi.fr\/guide\/partenaires\/santexpat\">Santexpat<\/a> (Expatri\u00e9s), <a href=\"https:\/\/reassurez-moi.fr\/guide\/partenaires\/april-international\">April International <\/a>(Expatri\u00e9s),<a href=\"https:\/\/reassurez-moi.fr\/guide\/partenaires\/mutuelle-la-frontaliere-frontaliers\"> La Frontali\u00e8re<\/a> (Frontaliers Suisse),<a href=\"https:\/\/reassurez-moi.fr\/guide\/partenaires\/riviera-expat\"> Riviera Expat<\/a> (Expatri\u00e9s), <a href=\"https:\/\/reassurez-moi.fr\/guide\/partenaires\/international-sante-assurance-expatries\">International Sant\u00e9<\/a> (Expatri\u00e9s).<\/li>\n\n\n\n<li><strong>Assurance animaux :<\/strong> Santevet, Dalma, Lassie, Barkibu, <a href=\"https:\/\/reassurez-moi.fr\/guide\/partenaires\/assuropoil\">Assur O poil<\/a>, <a href=\"https:\/\/reassurez-moi.fr\/guide\/partenaires\/selfassurance\">SelfAssurance<\/a>.<\/li>\n\n\n\n<li><strong>Scolaire & \u00c9tudiant :<\/strong> Assurkids, Heyme, A\u00e9sio.<\/li>\n\n\n\n<li><strong>Assurance professionnelle : <\/strong><a href=\"https:\/\/reassurez-moi.fr\/guide\/partenaires\/coover\">Coover<\/a>.<\/li>\n<\/ul>\n\n\n\n<h3 class=\"wp-block-heading\"><strong>Services et vie quotidienne<\/strong><\/h3>\n\n\n\n<ul class=\"wp-block-list is-style-arrow-right\">\n<li><strong>\u00c9nergie :<\/strong> Engie, <a href=\"https:\/\/reassurez-moi.fr\/guide\/partenaires\/hellowatt\">HelloWatt<\/a>, Vattenfall.<\/li>\n\n\n\n<li><strong>Assurances affinitaires (Mobile, Multim\u00e9dia) :<\/strong> Coverd, Carrefour.<\/li>\n\n\n\n<li><strong>Accidents de la vie courante :<\/strong> A\u00e9sio, Carrefour. <\/li>\n<\/ul>\n","protected":false},"excerpt":{"rendered":"<p>En toute transparence, d\u00e9couvrez les experts avec lesquels nous travaillons pour vous proposer les meilleures offres du march\u00e9. R\u00e9assurez-moi s\u00e9lectionne ses partenaires pour leur fiabilit\u00e9, la qualit\u00e9 de leur gestion et la comp\u00e9titivit\u00e9 de leurs tarifs. 1. Assurance emprunteur : Notre expertise en courtage En tant que courtier sp\u00e9cialis\u00e9 en assurance de pr\u00eat, R\u00e9assurez-moi vous\u2026<\/p>\n","protected":false},"author":86,"featured_media":0,"parent":0,"menu_order":0,"comment_status":"open","ping_status":"closed","template":"","meta":{"_acf_changed":false,"footnotes":""},"categories":[],"page_topic":[807],"class_list":["post-217141","page","type-page","status-publish","hentry"],"yoast_head":"<!-- This site is optimized with the Yoast SEO plugin v24.7 - https:\/\/yoast.com\/wordpress\/plugins\/seo\/ -->\n<title>Nos partenaires assureurs et services | R\u00e9assurez-moi<\/title>\n<meta name=\"description\" content=\"R\u00e9assurez-moi travaille avec de nombreux acteurs de r\u00e9f\u00e9rence pour vous proposer les meilleures offres du march\u00e9. D\u00e9couvrez la liste !\" \/>\n<meta name=\"robots\" content=\"index, follow, max-snippet:-1, max-image-preview:large, max-video-preview:-1\" \/>\n<link rel=\"canonical\" href=\"https:\/\/guide.reassurez-moi.fr\/guide\/partenaires\" \/>\n<meta property=\"og:locale\" content=\"fr_FR\" \/>\n<meta property=\"og:type\" content=\"article\" \/>\n<meta property=\"og:title\" content=\"Nos partenaires assureurs et services | R\u00e9assurez-moi\" \/>\n<meta property=\"og:description\" content=\"R\u00e9assurez-moi travaille avec de nombreux acteurs de r\u00e9f\u00e9rence pour vous proposer les meilleures offres du march\u00e9. D\u00e9couvrez la liste !\" \/>\n<meta property=\"og:url\" content=\"https:\/\/guide.reassurez-moi.fr\/guide\/partenaires\" \/>\n<meta property=\"og:site_name\" content=\"R\u00e9assurez-moi\" \/>\n<meta property=\"article:publisher\" content=\"https:\/\/www.facebook.com\/R%c3%a9assurez-moi-209456495889479\/\" \/>\n<meta property=\"article:modified_time\" content=\"2026-04-07T09:05:19+00:00\" \/>\n<meta property=\"og:image\" content=\"https:\/\/guide.reassurez-moi.fr\/guide\/wp-content\/uploads\/2018\/04\/image-de-partage.png\" \/>\n\t<meta property=\"og:image:width\" content=\"500\" \/>\n\t<meta property=\"og:image:height\" content=\"160\" \/>\n\t<meta property=\"og:image:type\" content=\"image\/png\" \/>\n<meta name=\"twitter:card\" content=\"summary_large_image\" \/>\n<meta name=\"twitter:site\" content=\"@reassurezmoi\" \/>\n<meta name=\"twitter:label1\" content=\"Dur\u00e9e de lecture estim\u00e9e\" \/>\n\t<meta name=\"twitter:data1\" content=\"2 minutes\" \/>\n<script type=\"application\/ld+json\" class=\"yoast-schema-graph\">{\"@context\":\"https:\/\/schema.org\",\"@graph\":[{\"@type\":\"WebPage\",\"@id\":\"https:\/\/guide.reassurez-moi.fr\/guide\/partenaires\",\"url\":\"https:\/\/guide.reassurez-moi.fr\/guide\/partenaires\",\"name\":\"Nos partenaires assureurs et services | R\u00e9assurez-moi\",\"isPartOf\":{\"@id\":\"https:\/\/guide.reassurez-moi.fr\/guide\/#website\"},\"datePublished\":\"2026-02-23T09:19:38+00:00\",\"dateModified\":\"2026-04-07T09:05:19+00:00\",\"description\":\"R\u00e9assurez-moi travaille avec de nombreux acteurs de r\u00e9f\u00e9rence pour vous proposer les meilleures offres du march\u00e9. D\u00e9couvrez la liste !\",\"breadcrumb\":{\"@id\":\"https:\/\/guide.reassurez-moi.fr\/guide\/partenaires#breadcrumb\"},\"inLanguage\":\"fr-FR\",\"potentialAction\":[{\"@type\":\"ReadAction\",\"target\":[\"https:\/\/guide.reassurez-moi.fr\/guide\/partenaires\"]}]},{\"@type\":\"BreadcrumbList\",\"@id\":\"https:\/\/guide.reassurez-moi.fr\/guide\/partenaires#breadcrumb\",\"itemListElement\":[{\"@type\":\"ListItem\",\"position\":1,\"name\":\"Assurances\",\"item\":\"https:\/\/guide.reassurez-moi.fr\/guide\/\"},{\"@type\":\"ListItem\",\"position\":2,\"name\":\"Nos partenaires assureurs et services\"}]},{\"@type\":\"WebSite\",\"@id\":\"https:\/\/guide.reassurez-moi.fr\/guide\/#website\",\"url\":\"https:\/\/guide.reassurez-moi.fr\/guide\/\",\"name\":\"R\u00e9assurez-moi\",\"description\":\"Comparateur d&#039;assurances\",\"potentialAction\":[{\"@type\":\"SearchAction\",\"target\":{\"@type\":\"EntryPoint\",\"urlTemplate\":\"https:\/\/guide.reassurez-moi.fr\/guide\/?s={search_term_string}\"},\"query-input\":{\"@type\":\"PropertyValueSpecification\",\"valueRequired\":true,\"valueName\":\"search_term_string\"}}],\"inLanguage\":\"fr-FR\"}]}<\/script>\n<!-- \/ Yoast SEO plugin. -->","yoast_head_json":{"title":"Nos partenaires assureurs et services | R\u00e9assurez-moi","description":"R\u00e9assurez-moi travaille avec de nombreux acteurs de r\u00e9f\u00e9rence pour vous proposer les meilleures offres du march\u00e9. D\u00e9couvrez la liste !","robots":{"index":"index","follow":"follow","max-snippet":"max-snippet:-1","max-image-preview":"max-image-preview:large","max-video-preview":"max-video-preview:-1"},"canonical":"https:\/\/guide.reassurez-moi.fr\/guide\/partenaires","og_locale":"fr_FR","og_type":"article","og_title":"Nos partenaires assureurs et services | R\u00e9assurez-moi","og_description":"R\u00e9assurez-moi travaille avec de nombreux acteurs de r\u00e9f\u00e9rence pour vous proposer les meilleures offres du march\u00e9. D\u00e9couvrez la liste !","og_url":"https:\/\/guide.reassurez-moi.fr\/guide\/partenaires","og_site_name":"R\u00e9assurez-moi","article_publisher":"https:\/\/www.facebook.com\/R%c3%a9assurez-moi-209456495889479\/","article_modified_time":"2026-04-07T09:05:19+00:00","og_image":[{"width":500,"height":160,"url":"https:\/\/guide.reassurez-moi.fr\/guide\/wp-content\/uploads\/2018\/04\/image-de-partage.png","type":"image\/png"}],"twitter_card":"summary_large_image","twitter_site":"@reassurezmoi","twitter_misc":{"Dur\u00e9e de lecture estim\u00e9e":"2 minutes"},"schema":{"@context":"https:\/\/schema.org","@graph":[{"@type":"WebPage","@id":"https:\/\/guide.reassurez-moi.fr\/guide\/partenaires","url":"https:\/\/guide.reassurez-moi.fr\/guide\/partenaires","name":"Nos partenaires assureurs et services | R\u00e9assurez-moi","isPartOf":{"@id":"https:\/\/guide.reassurez-moi.fr\/guide\/#website"},"datePublished":"2026-02-23T09:19:38+00:00","dateModified":"2026-04-07T09:05:19+00:00","description":"R\u00e9assurez-moi travaille avec de nombreux acteurs de r\u00e9f\u00e9rence pour vous proposer les meilleures offres du march\u00e9. D\u00e9couvrez la liste !","breadcrumb":{"@id":"https:\/\/guide.reassurez-moi.fr\/guide\/partenaires#breadcrumb"},"inLanguage":"fr-FR","potentialAction":[{"@type":"ReadAction","target":["https:\/\/guide.reassurez-moi.fr\/guide\/partenaires"]}]},{"@type":"BreadcrumbList","@id":"https:\/\/guide.reassurez-moi.fr\/guide\/partenaires#breadcrumb","itemListElement":[{"@type":"ListItem","position":1,"name":"Assurances","item":"https:\/\/guide.reassurez-moi.fr\/guide\/"},{"@type":"ListItem","position":2,"name":"Nos partenaires assureurs et services"}]},{"@type":"WebSite","@id":"https:\/\/guide.reassurez-moi.fr\/guide\/#website","url":"https:\/\/guide.reassurez-moi.fr\/guide\/","name":"R\u00e9assurez-moi","description":"Comparateur d&#039;assurances","potentialAction":[{"@type":"SearchAction","target":{"@type":"EntryPoint","urlTemplate":"https:\/\/guide.reassurez-moi.fr\/guide\/?s={search_term_string}"},"query-input":{"@type":"PropertyValueSpecification","valueRequired":true,"valueName":"search_term_string"}}],"inLanguage":"fr-FR"}]}},"acf":[],"_links":{"self":[{"href":"https:\/\/guide.reassurez-moi.fr\/guide\/wp-json\/wp\/v2\/pages\/217141","targetHints":{"allow":["GET"]}}],"collection":[{"href":"https:\/\/guide.reassurez-moi.fr\/guide\/wp-json\/wp\/v2\/pages"}],"about":[{"href":"https:\/\/guide.reassurez-moi.fr\/guide\/wp-json\/wp\/v2\/types\/page"}],"author":[{"embeddable":true,"href":"https:\/\/guide.reassurez-moi.fr\/guide\/wp-json\/wp\/v2\/users\/86"}],"replies":[{"embeddable":true,"href":"https:\/\/guide.reassurez-moi.fr\/guide\/wp-json\/wp\/v2\/comments?post=217141"}],"version-history":[{"count":25,"href":"https:\/\/guide.reassurez-moi.fr\/guide\/wp-json\/wp\/v2\/pages\/217141\/revisions"}],"predecessor-version":[{"id":218521,"href":"https:\/\/guide.reassurez-moi.fr\/guide\/wp-json\/wp\/v2\/pages\/217141\/revisions\/218521"}],"wp:attachment":[{"href":"https:\/\/guide.reassurez-moi.fr\/guide\/wp-json\/wp\/v2\/media?parent=217141"}],"wp:term":[{"taxonomy":"category","embeddable":true,"href":"https:\/\/guide.reassurez-moi.fr\/guide\/wp-json\/wp\/v2\/categories?post=217141"},{"taxonomy":"page_topic","embeddable":true,"href":"https:\/\/guide.reassurez-moi.fr\/guide\/wp-json\/wp\/v2\/page_topic?post=217141"}],"curies":[{"name":"wp","href":"https:\/\/api.w.org\/{rel}","templated":true}]}}