{"id":28918,"date":"2018-03-20T13:15:02","date_gmt":"2018-03-20T12:15:02","guid":{"rendered":"https:\/\/reassurez-moi.fr\/guide\/?page_id=28918"},"modified":"2026-02-02T16:29:19","modified_gmt":"2026-02-02T15:29:19","slug":"travaux","status":"publish","type":"page","link":"https:\/\/guide.reassurez-moi.fr\/guide\/assurance-habitation\/travaux","title":{"rendered":"Assurance habitation &#8211; Travaux"},"content":{"rendered":"\n<h1 class=\"wp-block-heading\">L&rsquo;assurance habitation couvre-t-elle les travaux ?<\/h1>\n\n\n\n<p><strong>Que vous soyez locataire ou propri\u00e9taire, vous avez la possibilit\u00e9 d\u2019engager des travaux dans le logement que vous occupez pour diverses raisons\u00a0: am\u00e9lioration du cadre de vie, r\u00e9novation, extension de la surface habitable\u2026 Il peut arriver que des dommages soient caus\u00e9s involontairement au domicile ou m\u00eame \u00e0 vos biens mobiliers. Votre assurance habitation peut vous d\u00e9dommagez, dans la mesure o\u00f9 vous avez souscrit \u00e0 la couverture ad\u00e9quate. Quelle est-elle ? Quelle assurance mrh couvre les travaux ? <\/strong><\/p>\n\n\n\n<h2 class=\"wp-block-heading\">L\u2019assurance habitation pendant les travaux<\/h2>\n\n\n\n<h3 class=\"wp-block-heading\">La garantie responsabilit\u00e9 civile de l&rsquo;assurance habitation<\/h3>\n\n\n\n<p><strong>La plupart des couvertures propos\u00e9es par l\u2019assurance habitation pr\u00e9voient de prot\u00e9ger le logement<\/strong> et ses biens des \u00e9ventuels dommages qui pourraient y \u00eatre caus\u00e9s. C\u2019est notamment le cas de la garantie<a href=\"https:\/\/reassurez-moi.fr\/guide\/assurance-habitation\/responsabilite-civile\"> Responsabilit\u00e9 civile<\/a>, qui permet de couvrir l\u2019assur\u00e9 ainsi que les personnes juridiques d\u00e9clar\u00e9es dans le contrat pour tous les dommages affectant le bien immobilier au minimum.<br><br><strong>La garantie responsabilit\u00e9 civile vous indemnisera aussi dans le cas o\u00f9 vous effectueriez vous-m\u00eame les travaux, sans passer par des professionnels.<\/strong> Il est n\u00e9cessaire d\u2019\u00eatre alors couvert par cette garantie, m\u00eame lorsque vous \u00eates propri\u00e9taire, statut qui n\u2019oblige pas l\u00e9galement de souscrire \u00e0 une assurance habitation. Vous avez \u00e9galement la possibilit\u00e9 de souscrire \u00e0 une garantie contre les dommages aux biens afin d\u2019\u00e9tendre votre protection et de voir vos biens mobiliers couverts contre les alt\u00e9rations, la casse et autres.<\/p>\n\n\n\n<div style=\"height:20px\" aria-hidden=\"true\" class=\"wp-block-spacer\"><\/div>\n\n\n\n<h3 class=\"wp-block-heading\">Confirmer la couverture des risques pendant les travaux<\/h3>\n\n\n\n<p><strong>Afin d\u2019\u00eatre certain de voir votre logement ainsi que vos biens mobiliers couverts par votre assurance habitation<\/strong> pendant la r\u00e9alisation de travaux, vous devez tout de m\u00eame consulter votre assureur. Vous devez alors obtenir la certitude que tous les espaces d\u00e9clar\u00e9s dans votre contrat sont couverts, qu\u2019il s\u2019agisse des pi\u00e8ces \u00e0 vivre (utilis\u00e9es pour la d\u00e9termination du contrat) ou les autres (salles de bain, toilettes\u2026), mais \u00e9galement d\u2019un local ou d\u2019une d\u00e9pendance ext\u00e9rieure.<br><br><strong>Il est \u00e9galement important d\u2019\u00eatre couvert pour tous les sinistres qui pourraient survenir pendant ces travaux. <\/strong>Vous pouvez tout aussi bien faire face \u00e0&nbsp;:<\/p>\n\n\n\n<ul class=\"wp-block-list\"><li>un incendie : qui pourrait se d\u00e9clarer lors de l\u2019utilisation d\u2019un fer \u00e0 souder par exemple&nbsp;;<\/li><li>une explosion : si vous stockiez des bonbonnes de gaz n\u00e9cessaires aux outils du chantier&nbsp;;<\/li><li>un vol : si vous refaites une fa\u00e7ade et que celle-ci permet une intrusion plus facile chez vous.<\/li><\/ul>\n\n\n\n<p><strong>Attention : en cas de travaux n\u00e9cessaires dans les parties communes<\/strong>, il s&rsquo;agit l\u00e0 de la mission du syndic et d\u00e9pendra de votre part des <a href=\"https:\/\/reassurez-moi.fr\/guide\/assurance-habitation\/calcul-tantieme\">tanti\u00e8mes<\/a>. Si ce dernier refuse de les entreprendre ou de consulter les copropri\u00e9taires sur ce sujet, vous pouvez entreprendre une <a href=\"https:\/\/reassurez-moi.fr\/guide\/assurance-habitation\/litige-syndic\">proc\u00e9dure contre votre syndic de copropri\u00e9t\u00e9<\/a>. Il n&rsquo;est en aucun cas de votre ressort de les entreprendre !<\/p>\n\n\n\n<div style=\"height:20px\" aria-hidden=\"true\" class=\"wp-block-spacer\"><\/div>\n\n\n\n<h3 class=\"wp-block-heading\">Demander une extension de garantie<\/h3>\n\n\n\n<p><strong>Dans le cas o\u00f9 votre assureur vous affirmerait que vous n\u2019\u00eates pas enti\u00e8rement couvert pour les travaux que vous souhaitez r\u00e9aliser<\/strong>, ou en tous cas de la mauvaise mani\u00e8re, vous pouvez tout \u00e0 fait demander une extension de garantie. Celle-ci a pour but de prendre en compte les vides laiss\u00e9s par votre contrat d\u2019assurance habitation actuel en mati\u00e8re de protection. Vous pouvez alors faire rajouter un avenant au contrat, qui t\u00e9moignera du rajout d\u2019une garantie suppl\u00e9mentaire.<br><br><strong>Cette extension de garantie peut concerner les espaces \u00e0 couvrir<\/strong>, les sinistres auxquels vous pouvez faire face, voire les personnes d\u00e9clar\u00e9es dans la responsabilit\u00e9 civile afin de se pr\u00e9munir contre les dommages aux biens d\u2019un tiers. Il s\u2019agit pour vous de voir pr\u00e9cis\u00e9ment avec votre assureur quelle garantie additionnelle il peut vous proposer, moyennant bien \u00e9videmment une augmentation de la <a href=\"https:\/\/reassurez-moi.fr\/guide\/assurance-habitation\/prime\">prime d\u2019assurance habitation<\/a>.<br><br><strong>La r\u00e9alisation de travaux pour votre logement ne doit alors pas \u00eatre prise \u00e0 la l\u00e9g\u00e8re. <\/strong>Pensez \u00e0 prendre toutes les dispositions qui s\u2019imposent et notamment \u00e0 consulter votre assureur avant leur ex\u00e9cution afin de prendre connaissance de la couverture dont vous disposez. Gardez bien toutes les factures attestant les travaux, vous pourrez vous en servir pour d\u00e9duire la <a href=\"https:\/\/reassurez-moi.fr\/guide\/assurance-habitation\/tva-10\">TVA relative aux travaux<\/a> et faire baisser la note.<\/p>\n\n\n\n<div class=\"wp-block-mars-information icon-info\"><i class=\"icon\"><\/i><p>Vous pourrez toujours mettre \u00e0 jour votre protection en temps voulu et il vous faudra \u00e9galement modifier votre contrat d\u2019assurance habitation \u00e0 l\u2019issue des modifications pratiqu\u00e9es sur votre domicile.<\/p><\/div>\n\n\n\n<p><strong>Pour vous aider \u00e0 trouver un contrat d&rsquo;assurance habitation vous couvrant correctement lors de travaux dans votre logement<\/strong>, R\u00e9assurez-moi a mis au point un comparateur en ligne et gratuit d&rsquo;assurances habitation. En quelques minutes, notre outil sonde le march\u00e9 et s\u00e9lectionne pour vous les meilleurs devis :<\/p>\n\n\n\n<div style=\"height:20px\" aria-hidden=\"true\" class=\"wp-block-spacer\"><\/div>\n\n\n\n<div class=\"flex  wp-block-rm-advertizing-block fix-in-sidebar\"><div class=\"image-container flex justify-center align-items-center py-3\"><img decoding=\"async\" src=\"https:\/\/guide.reassurez-moi.fr\/guide\/wp-content\/uploads\/2025\/06\/team_opti_short.png\" alt=\"reassurez-moi illustration\" class=\"wp-block-rm-advertizing-image\" loading=\"lazy\"\/><\/div><div class=\"\n                    rm-advertblock-container\n                    flex flex-column justify-center\n                    align-items-start\n                \"><p class=\"wp-block-rm-advertizing-text\n                              \n                            \">Les meilleures assurances multirisque habitation en 2026<\/p><a href=\"https:\/\/reassurez-moi.fr\/guide\/assurance-habitation\" class=\"wp-block-rm-advertizing-button\"><span class=\"wp-block-rm-advertizing-button-text\">Comparateur assurance habitation<\/span><\/a><\/div><\/div>\n\n\n\n\n\n<h2 class=\"wp-block-heading\">L\u2019assurance du prestataire pendant les travaux<\/h2>\n\n\n\n<p><strong>Tout comme pour l&rsquo;<a href=\"https:\/\/reassurez-moi.fr\/guide\/assurance-habitation\/construction-maison\">assurance habitation pour une maison en construction<\/a><\/strong>, dans le cas o\u00f9 vous feriez appel \u00e0 un professionnel pour r\u00e9aliser les travaux entrepris, celui-ci doit disposer d\u2019une assurance professionnelle performante, qui le couvrira en cas de dommages caus\u00e9s \u00e0 votre patrimoine.<\/p>\n\n\n\n<div style=\"height:20px\" aria-hidden=\"true\" class=\"wp-block-spacer\"><\/div>\n\n\n\n<h3 class=\"wp-block-heading\">Assurance responsabilit\u00e9 d\u00e9cennale pour les travaux<\/h3>\n\n\n\n<p><strong>Le professionnel auquel vous pouvez faire appel pour la r\u00e9alisation de vos travaux est \u00e9galement nomm\u00e9 \u00ab\u00a0ma\u00eetre d\u2019\u0153uvre\u00a0\u00bb<\/strong>. Il s\u2019agit pour lui d\u2019\u00eatre couvert en cas d\u2019incident qui causeraient des dommages \u00e0 vos biens ou votre logement. C\u2019est dans ce cadre qu\u2019il peut souscrire \u00e0 une assurance responsabilit\u00e9 d\u00e9cennale\u00a0; celle-ci lui impose de r\u00e9parer les dommages caus\u00e9s \u00e0 la solidit\u00e9 de la structure de la construction.<br><br><strong>Cette garantie court pendant les dix ann\u00e9es qui suivent l\u2019ach\u00e8vement des travaux <\/strong>et concerne \u00e9galement les dommages faits aux canalisations ou \u00e0 l\u2019\u00e9clairage par exemple. De mani\u00e8re g\u00e9n\u00e9rale, tout ce qui rendrait le logement impropre \u00e0 son utilisation et dont la responsabilit\u00e9 incombe au professionnel est couvert par cette garantie.<\/p>\n\n\n\n<div style=\"height:20px\" aria-hidden=\"true\" class=\"wp-block-spacer\"><\/div>\n\n\n\n<h3 class=\"wp-block-heading\">Assurance dommage-ouvrage lors des travaux<\/h3>\n\n\n\n<p><strong>L\u2019assurance dommage-ouvrage peut \u00eatre souscrite individuellement par le particulier<\/strong>, mais peut \u00e9galement \u00eatre choisie en accord avec le ma\u00eetre d\u2019\u0153uvre. Cette garantie permet de de couvrir les dommages imputables \u00e0 une modification importante du logement telle qu\u2019une extension ou une sur\u00e9l\u00e9vation par exemple.<br><br><strong>Peu connue du grand public, cette assurance garantit pourtant le remboursement des indemnisations dues<\/strong> dans le cadre de travaux importants et ce sans attendre que les responsabilit\u00e9s soient \u00e9tablies dans un cadre juridique.<\/p>\n\n\n\n<div style=\"height:20px\" aria-hidden=\"true\" class=\"wp-block-spacer\"><\/div>\n\n\n\n<h3 class=\"wp-block-heading\">Garantie du parfait ach\u00e8vement en cas de travaux<\/h3>\n\n\n\n<p><strong>La garantie du parfait ach\u00e8vement fait partie des obligations l\u00e9gales auxquelles le professionnel r\u00e9alisant les travaux est tenu. <\/strong>Elle lui impose de r\u00e9parer les dommages r\u00e9sultant d\u2019une malfa\u00e7on au cours de l\u2019ann\u00e9e suivant l\u2019ach\u00e8vement des travaux. Vous pouvez lui adresser une lettre recommand\u00e9e avec accus\u00e9 de r\u00e9ception de mise en demeure, l\u2019obligeant \u00e0 r\u00e9parer les malfa\u00e7ons en question.<br><br><strong>En cas de litige avec le constructeur, qui pourrait r\u00e9futer que les malfa\u00e7ons sont de son fait<\/strong>, vous pouvez saisir les tribunaux comp\u00e9tents en fonction du montant du pr\u00e9judice&nbsp;:<\/p>\n\n\n\n<ul class=\"wp-block-list\"><li>moins de 4&nbsp;000 \u20ac&nbsp;: juge de proximit\u00e9&nbsp;;<\/li><li>entre 4&nbsp;000 \u20ac et 10&nbsp;000 \u20ac&nbsp;: tribunal d\u2019instance&nbsp;;<\/li><li>plus de 10&nbsp;000 \u20ac&nbsp;: tribunal de grande instance.<\/li><\/ul>\n\n\n\n<p><strong>C\u2019est dans ce cas que la garantie protection juridique peut vous \u00eatre tr\u00e8s utile<\/strong>, puisqu\u2019elle vous couvrira des frais qui seraient engag\u00e9s au tribunal pour obtenir r\u00e9paration.<\/p>\n\n\n\n<div style=\"height:20px\" aria-hidden=\"true\" class=\"wp-block-spacer\"><\/div>\n\n\n\n<h3 class=\"wp-block-heading\">Garantie biennale lors de travaux<\/h3>\n\n\n\n<p><strong>La garantie biennale est appliqu\u00e9e lorsque les dommages constat\u00e9s concernent le bon fonctionnement des \u00e9quipements install\u00e9s<\/strong> pendant les travaux, durant 2 ans apr\u00e8s leur fin. Il peut notamment s\u2019agir de la robinetterie, d\u2019appareils sanitaires ou de radiateurs, qui ne fonctionneraient correctement apr\u00e8s leur installation par le professionnel et qui devraient alors \u00eatre r\u00e9par\u00e9s ou remplac\u00e9s.<br><br><strong>L\u00e0 encore, vous devez lui envoyer une lettre de mise en demeure<\/strong>, recommand\u00e9e et avec avis de r\u00e9ception dans les plus brefs d\u00e9lais suivant la constatation du mauvais fonctionnement. De la m\u00eame mani\u00e8re que pour la garantie du parfait ach\u00e8vement, vous pouvez saisir les tribunaux comp\u00e9tents en cas de litige, en fonction du montant concern\u00e9.<\/p>\n\n\n\n\n\n<h2 class=\"wp-block-heading\">L\u2019assurance habitation apr\u00e8s les travaux<\/h2>\n\n\n\n<h3 class=\"wp-block-heading\">Adapter l\u2019assurance habitation pour l\u2019indemnisation<\/h3>\n\n\n\n<p><strong>Dans le cadre de la r\u00e9alisation des travaux, vous serez couvert de diff\u00e9rentes mani\u00e8res selon les assurances souscrites par le professionnel les ayant r\u00e9alis\u00e9s&nbsp;:<\/strong><\/p>\n\n\n\n<ul class=\"wp-block-list\"><li>1 an pour la garantie de parfait ach\u00e8vement&nbsp;;<\/li><li>2 ans pour la garantie biennale&nbsp;;<\/li><li>10 ans pour l\u2019assurance responsabilit\u00e9 d\u00e9cennale.<\/li><\/ul>\n\n\n\n<p><strong>Cependant, vous devez \u00e9galement mettre \u00e0 jour votre contrat d\u2019assurance habitation pour \u00eatre indemnis\u00e9<\/strong> \u00e0 hauteur des changements induits par les travaux. Si vous avez fait installer de nouveaux \u00e9quipements, pensez \u00e0 les d\u00e9clarer \u00e0 votre assureur afin de les prot\u00e9ger en cas de sinistre. De la m\u00eame mani\u00e8re, vous vous serez peut-\u00eatre procur\u00e9 de nouveaux biens mobiliers qu\u2019il sera n\u00e9cessaire de signaler \u00e0 votre compagnie d\u2019assurance afin qu\u2019elle puisse les couvrir en cas de dommage.<br><br><strong>Les changements doivent imp\u00e9rativement \u00eatre transmis \u00e0 votre assureur <\/strong>dans le but de d\u00e9terminer une nouvelle valeur \u00e0 neuf des \u00e9quipements susceptibles d\u2019avoir \u00e9t\u00e9 install\u00e9s ou remplac\u00e9s. Dans le cas contraire, vous vous exposeriez \u00e0 ne pas \u00eatre indemnis\u00e9 \u00e0 hauteur de vos attentes lors de la survenue d\u2019un sinistre.<\/p>\n\n\n\n<div style=\"height:20px\" aria-hidden=\"true\" class=\"wp-block-spacer\"><\/div>\n\n\n\n<h3 class=\"wp-block-heading\">Modification de l\u2019assurance habitation<\/h3>\n\n\n\n<p><strong>Au-del\u00e0 des nouveaux \u00e9quipements install\u00e9s ou de la r\u00e9\u00e9valuation de vos biens mobiliers<\/strong>, la nature m\u00eame du logement est susceptible d\u2019avoir \u00e9t\u00e9 modifi\u00e9e. Vous avez pu faire installer une extension comme une v\u00e9randa, un porche, des pi\u00e8ces suppl\u00e9mentaires, voire un \u00e9tage en plus \u00e0 votre domicile. Tous les changements impliqu\u00e9s qui modifieraient profond\u00e9ment votre logement doivent \u00e9galement \u00eatre signal\u00e9s \u00e0 votre assureur afin d\u2019assurer le risque, qui s\u2019en trouve modifi\u00e9.<br><br><strong>Il s\u2019av\u00e8re que la valeur de votre bien immobilier aura probablement pris de la valeur<\/strong>, qu\u2019il s\u2019agisse d\u2019une r\u00e9novation ou de travaux d\u2019agrandissement. Il sera \u00e0 priori en meilleur \u00e9tat que pr\u00e9c\u00e9demment, faisant par la m\u00eame occasion grimper sa valeur de base. La mise \u00e0 jour du contrat doit prendre en compte toutes les modifications faites afin de r\u00e9ajuster votre prime d\u2019assurance, qui sera certainement plus importante\u00a0; vous serez cependant couvert de meilleure mani\u00e8re pour les nouvelles sp\u00e9cificit\u00e9s que votre domicile pr\u00e9sente.<\/p>\n\n\n\n\n\n<h2 class=\"wp-block-heading\">Travaux logement : comment changer d&rsquo;assurance habitation ?<\/h2>\n\n\n\n<p><strong>La r\u00e9alisation de travaux supposant l\u2019am\u00e9lioration de votre cadre de vie, donc de votre bien immobilier<\/strong>, il est \u00e9vident que votre prime d\u2019assurance habitation grimpe elle aussi. Votre assureur vous transmettra une proposition que vous pouvez accepter\u00a0; vous avez \u00e9galement la possibilit\u00e9 de r\u00e9silier votre contrat si cela ne vous convient pas, sous certaines conditions.<br><br><strong>Il s\u2019agit en premier lieu, de v\u00e9rifier le chapitre \u00ab\u00a0R\u00e9siliation\u00a0\u00bb de votre contrat d\u2019assurance habitation<\/strong>, dans lequel les sp\u00e9cificit\u00e9s li\u00e9es \u00e0 l\u2019annulation du contrat sont d\u00e9taill\u00e9es. Si votre assureur a pr\u00e9vu une clause pr\u00e9voyant la r\u00e9vision des cotisations, l\u2019augmentation en cons\u00e9quence de votre prime sera alors normale. Vous devrez tout de m\u00eame v\u00e9rifier que le contrat valide la r\u00e9siliation, car certains ne pr\u00e9voient sa possibilit\u00e9 qu\u2019en cas d\u2019une hausse de la prime d\u00e9passant un certain montant.<br><br><strong>Dans le cas o\u00f9 vous souhaiteriez r\u00e9silier<\/strong>, vous devrez adresser \u00e0 votre compagnie d\u2019assurance une lettre de r\u00e9siliation recommand\u00e9e avec accus\u00e9 de r\u00e9ception dans les 30 jour suivant la proposition de hausse de votre prime. La r\u00e9siliation en question interviendra alors entre 15 jours et 1 mois apr\u00e8s la r\u00e9ception de cette notification et vous aurez l\u2019obligation de r\u00e9gler les cotisations dues pour la p\u00e9riode s\u2019\u00e9tant \u00e9coul\u00e9e entre l\u2019envoi de la lettre et la r\u00e9siliation effective du contrat.<br><br><strong>Vous pourrez alors <a href=\"https:\/\/reassurez-moi.fr\/guide\/assurance-habitation\/quand-comment-changer\">changer d\u2019assurance habitation<\/a>.<\/strong><\/p>\n\n\n","protected":false},"excerpt":{"rendered":"<p>L&rsquo;assurance habitation couvre-t-elle les travaux ? Que vous soyez locataire ou propri\u00e9taire, vous avez la possibilit\u00e9 d\u2019engager des travaux dans le logement que vous occupez pour diverses raisons\u00a0: am\u00e9lioration du cadre de vie, r\u00e9novation, extension de la surface habitable\u2026 Il peut arriver que des dommages soient caus\u00e9s involontairement au domicile ou m\u00eame \u00e0 vos biens\u2026<\/p>\n","protected":false},"author":86,"featured_media":0,"parent":13793,"menu_order":0,"comment_status":"open","ping_status":"closed","template":"","meta":{"_acf_changed":false,"footnotes":""},"categories":[],"page_topic":[557],"class_list":["post-28918","page","type-page","status-publish","hentry"],"yoast_head":"<!-- This site is optimized with the Yoast SEO plugin v24.7 - https:\/\/yoast.com\/wordpress\/plugins\/seo\/ -->\n<title>L&#039;assurance habitation couvre-t-elle les sinistres li\u00e9s \u00e0 des travaux ?<\/title>\n<meta name=\"description\" content=\"Logement en travaux : l&#039;assurance MRH vous prot\u00e8ge-t-elle en cas de sinistre ? Quid de l&#039;assurance du prestataire ? Nos conseils d&#039;expert !\" \/>\n<meta name=\"robots\" content=\"index, follow, max-snippet:-1, max-image-preview:large, max-video-preview:-1\" \/>\n<link rel=\"canonical\" href=\"https:\/\/guide.reassurez-moi.fr\/guide\/assurance-habitation\/travaux\" \/>\n<meta property=\"og:locale\" content=\"fr_FR\" \/>\n<meta property=\"og:type\" content=\"article\" \/>\n<meta property=\"og:title\" content=\"L&#039;assurance habitation couvre-t-elle les sinistres li\u00e9s \u00e0 des travaux ?\" \/>\n<meta property=\"og:description\" content=\"Logement en travaux : l&#039;assurance MRH vous prot\u00e8ge-t-elle en cas de sinistre ? Quid de l&#039;assurance du prestataire ? Nos conseils d&#039;expert !\" \/>\n<meta property=\"og:url\" content=\"https:\/\/guide.reassurez-moi.fr\/guide\/assurance-habitation\/travaux\" \/>\n<meta property=\"og:site_name\" content=\"R\u00e9assurez-moi\" \/>\n<meta property=\"article:publisher\" content=\"https:\/\/www.facebook.com\/R%c3%a9assurez-moi-209456495889479\/\" \/>\n<meta property=\"article:modified_time\" content=\"2026-02-02T15:29:19+00:00\" \/>\n<meta property=\"og:image\" content=\"https:\/\/guide.reassurez-moi.fr\/guide\/wp-content\/uploads\/2018\/04\/image-de-partage.png\" \/>\n\t<meta property=\"og:image:width\" content=\"500\" \/>\n\t<meta property=\"og:image:height\" content=\"160\" \/>\n\t<meta property=\"og:image:type\" content=\"image\/png\" \/>\n<meta name=\"twitter:card\" content=\"summary_large_image\" \/>\n<meta name=\"twitter:site\" content=\"@reassurezmoi\" \/>\n<meta name=\"twitter:label1\" content=\"Dur\u00e9e de lecture estim\u00e9e\" \/>\n\t<meta name=\"twitter:data1\" content=\"10 minutes\" \/>\n<script type=\"application\/ld+json\" class=\"yoast-schema-graph\">{\"@context\":\"https:\/\/schema.org\",\"@graph\":[{\"@type\":\"WebPage\",\"@id\":\"https:\/\/guide.reassurez-moi.fr\/guide\/assurance-habitation\/travaux\",\"url\":\"https:\/\/guide.reassurez-moi.fr\/guide\/assurance-habitation\/travaux\",\"name\":\"L'assurance habitation couvre-t-elle les sinistres li\u00e9s \u00e0 des travaux ?\",\"isPartOf\":{\"@id\":\"https:\/\/guide.reassurez-moi.fr\/guide\/#website\"},\"datePublished\":\"2018-03-20T12:15:02+00:00\",\"dateModified\":\"2026-02-02T15:29:19+00:00\",\"description\":\"Logement en travaux : l'assurance MRH vous prot\u00e8ge-t-elle en cas de sinistre ? Quid de l'assurance du prestataire ? Nos conseils d'expert !\",\"breadcrumb\":{\"@id\":\"https:\/\/guide.reassurez-moi.fr\/guide\/assurance-habitation\/travaux#breadcrumb\"},\"inLanguage\":\"fr-FR\",\"potentialAction\":[{\"@type\":\"ReadAction\",\"target\":[\"https:\/\/guide.reassurez-moi.fr\/guide\/assurance-habitation\/travaux\"]}]},{\"@type\":\"BreadcrumbList\",\"@id\":\"https:\/\/guide.reassurez-moi.fr\/guide\/assurance-habitation\/travaux#breadcrumb\",\"itemListElement\":[{\"@type\":\"ListItem\",\"position\":1,\"name\":\"Assurances\",\"item\":\"https:\/\/guide.reassurez-moi.fr\/guide\/\"},{\"@type\":\"ListItem\",\"position\":2,\"name\":\"Assurance habitation\",\"item\":\"https:\/\/guide.reassurez-moi.fr\/guide\/assurance-habitation\"},{\"@type\":\"ListItem\",\"position\":3,\"name\":\"Travaux\"}]},{\"@type\":\"WebSite\",\"@id\":\"https:\/\/guide.reassurez-moi.fr\/guide\/#website\",\"url\":\"https:\/\/guide.reassurez-moi.fr\/guide\/\",\"name\":\"R\u00e9assurez-moi\",\"description\":\"Comparateur d&#039;assurances\",\"potentialAction\":[{\"@type\":\"SearchAction\",\"target\":{\"@type\":\"EntryPoint\",\"urlTemplate\":\"https:\/\/guide.reassurez-moi.fr\/guide\/?s={search_term_string}\"},\"query-input\":{\"@type\":\"PropertyValueSpecification\",\"valueRequired\":true,\"valueName\":\"search_term_string\"}}],\"inLanguage\":\"fr-FR\"}]}<\/script>\n<!-- \/ Yoast SEO plugin. -->","yoast_head_json":{"title":"L'assurance habitation couvre-t-elle les sinistres li\u00e9s \u00e0 des travaux ?","description":"Logement en travaux : l'assurance MRH vous prot\u00e8ge-t-elle en cas de sinistre ? Quid de l'assurance du prestataire ? Nos conseils d'expert !","robots":{"index":"index","follow":"follow","max-snippet":"max-snippet:-1","max-image-preview":"max-image-preview:large","max-video-preview":"max-video-preview:-1"},"canonical":"https:\/\/guide.reassurez-moi.fr\/guide\/assurance-habitation\/travaux","og_locale":"fr_FR","og_type":"article","og_title":"L'assurance habitation couvre-t-elle les sinistres li\u00e9s \u00e0 des travaux ?","og_description":"Logement en travaux : l'assurance MRH vous prot\u00e8ge-t-elle en cas de sinistre ? Quid de l'assurance du prestataire ? Nos conseils d'expert !","og_url":"https:\/\/guide.reassurez-moi.fr\/guide\/assurance-habitation\/travaux","og_site_name":"R\u00e9assurez-moi","article_publisher":"https:\/\/www.facebook.com\/R%c3%a9assurez-moi-209456495889479\/","article_modified_time":"2026-02-02T15:29:19+00:00","og_image":[{"width":500,"height":160,"url":"https:\/\/guide.reassurez-moi.fr\/guide\/wp-content\/uploads\/2018\/04\/image-de-partage.png","type":"image\/png"}],"twitter_card":"summary_large_image","twitter_site":"@reassurezmoi","twitter_misc":{"Dur\u00e9e de lecture estim\u00e9e":"10 minutes"},"schema":{"@context":"https:\/\/schema.org","@graph":[{"@type":"WebPage","@id":"https:\/\/guide.reassurez-moi.fr\/guide\/assurance-habitation\/travaux","url":"https:\/\/guide.reassurez-moi.fr\/guide\/assurance-habitation\/travaux","name":"L'assurance habitation couvre-t-elle les sinistres li\u00e9s \u00e0 des travaux ?","isPartOf":{"@id":"https:\/\/guide.reassurez-moi.fr\/guide\/#website"},"datePublished":"2018-03-20T12:15:02+00:00","dateModified":"2026-02-02T15:29:19+00:00","description":"Logement en travaux : l'assurance MRH vous prot\u00e8ge-t-elle en cas de sinistre ? Quid de l'assurance du prestataire ? Nos conseils d'expert !","breadcrumb":{"@id":"https:\/\/guide.reassurez-moi.fr\/guide\/assurance-habitation\/travaux#breadcrumb"},"inLanguage":"fr-FR","potentialAction":[{"@type":"ReadAction","target":["https:\/\/guide.reassurez-moi.fr\/guide\/assurance-habitation\/travaux"]}]},{"@type":"BreadcrumbList","@id":"https:\/\/guide.reassurez-moi.fr\/guide\/assurance-habitation\/travaux#breadcrumb","itemListElement":[{"@type":"ListItem","position":1,"name":"Assurances","item":"https:\/\/guide.reassurez-moi.fr\/guide\/"},{"@type":"ListItem","position":2,"name":"Assurance habitation","item":"https:\/\/guide.reassurez-moi.fr\/guide\/assurance-habitation"},{"@type":"ListItem","position":3,"name":"Travaux"}]},{"@type":"WebSite","@id":"https:\/\/guide.reassurez-moi.fr\/guide\/#website","url":"https:\/\/guide.reassurez-moi.fr\/guide\/","name":"R\u00e9assurez-moi","description":"Comparateur d&#039;assurances","potentialAction":[{"@type":"SearchAction","target":{"@type":"EntryPoint","urlTemplate":"https:\/\/guide.reassurez-moi.fr\/guide\/?s={search_term_string}"},"query-input":{"@type":"PropertyValueSpecification","valueRequired":true,"valueName":"search_term_string"}}],"inLanguage":"fr-FR"}]}},"acf":[],"_links":{"self":[{"href":"https:\/\/guide.reassurez-moi.fr\/guide\/wp-json\/wp\/v2\/pages\/28918","targetHints":{"allow":["GET"]}}],"collection":[{"href":"https:\/\/guide.reassurez-moi.fr\/guide\/wp-json\/wp\/v2\/pages"}],"about":[{"href":"https:\/\/guide.reassurez-moi.fr\/guide\/wp-json\/wp\/v2\/types\/page"}],"author":[{"embeddable":true,"href":"https:\/\/guide.reassurez-moi.fr\/guide\/wp-json\/wp\/v2\/users\/86"}],"replies":[{"embeddable":true,"href":"https:\/\/guide.reassurez-moi.fr\/guide\/wp-json\/wp\/v2\/comments?post=28918"}],"version-history":[{"count":1,"href":"https:\/\/guide.reassurez-moi.fr\/guide\/wp-json\/wp\/v2\/pages\/28918\/revisions"}],"predecessor-version":[{"id":216276,"href":"https:\/\/guide.reassurez-moi.fr\/guide\/wp-json\/wp\/v2\/pages\/28918\/revisions\/216276"}],"up":[{"embeddable":true,"href":"https:\/\/guide.reassurez-moi.fr\/guide\/wp-json\/wp\/v2\/pages\/13793"}],"wp:attachment":[{"href":"https:\/\/guide.reassurez-moi.fr\/guide\/wp-json\/wp\/v2\/media?parent=28918"}],"wp:term":[{"taxonomy":"category","embeddable":true,"href":"https:\/\/guide.reassurez-moi.fr\/guide\/wp-json\/wp\/v2\/categories?post=28918"},{"taxonomy":"page_topic","embeddable":true,"href":"https:\/\/guide.reassurez-moi.fr\/guide\/wp-json\/wp\/v2\/page_topic?post=28918"}],"curies":[{"name":"wp","href":"https:\/\/api.w.org\/{rel}","templated":true}]}}