{"id":30605,"date":"2018-07-03T13:35:41","date_gmt":"2018-07-03T12:35:41","guid":{"rendered":"https:\/\/reassurez-moi.fr\/guide\/?page_id=30605"},"modified":"2026-02-02T15:11:13","modified_gmt":"2026-02-02T14:11:13","slug":"intermediaire","status":"publish","type":"page","link":"https:\/\/guide.reassurez-moi.fr\/guide\/assurance-auto\/intermediaire","title":{"rendered":"Assurance auto &#8211; Interm\u00e9diaire"},"content":{"rendered":"\n<h1 class=\"wp-block-heading\">Qu&rsquo;est-ce que l&rsquo;assurance au tiers plus ?<\/h1>\n\n\n\n<p><strong>La formule d\u2019assurance auto interm\u00e9diaire se retrouve chez la plupart des assureurs sous diff\u00e9rents d\u00e9nominations. Si le nom peut changer, le principe reste le m\u00eame et elle constitue alors le niveau de protection m\u00e9dian entre l\u2019assurance au tiers et l\u2019assurance tous risques.<br>L\u2019assurance interm\u00e9diaire repr\u00e9sente, pour beaucoup d\u2019assur\u00e9s, le compromis id\u00e9al entre garanties d\u00e9centes et prix attractif. Guide complet ! <\/strong><\/p>\n\n\n\n<h2 class=\"wp-block-heading\">Que couvre l&rsquo;assurance auto au tiers plus ? <\/h2>\n\n\n\n<p><strong>Ce type de couverture est accessible chez un grand nombre d\u2019assureurs, qui la proposent sous diff\u00e9rentes d\u00e9nominations.<\/strong> Il est alors possible d\u2019entendre parler&nbsp;:<\/p>\n\n\n\n<ul class=\"wp-block-list\"><li><strong>D\u2019assurance interm\u00e9diaire<\/strong><\/li><li><strong>D\u2019assurance au tiers +<\/strong><\/li><li><strong>D\u2019assurance au tiers \u00e9tendu<\/strong><\/li><li><strong>D\u2019assurance au tiers confort<\/strong><\/li><li><strong>D\u2019assurance au tiers am\u00e9lior\u00e9<\/strong><\/li><\/ul>\n\n\n\n<p>Il s\u2019agit en pratique d\u2019un compromis id\u00e9al pour bon nombre d\u2019assur\u00e9s entre assurance au tiers de base et l&rsquo;<a href=\"https:\/\/reassurez-moi.fr\/guide\/assurance-auto\/tous-risques\">assurance auto tous risques<\/a>. Il s\u2019av\u00e8re que l\u2019assurance interm\u00e9diaire propose davantage de garanties que le minimum l\u00e9gal, pour un prix moins \u00e9lev\u00e9 que la protection la plus compl\u00e8te.<\/p>\n\n\n\n<p>En plus de prendre en compte la <a href=\"https:\/\/reassurez-moi.fr\/guide\/assurance-auto\/responsabilite-civile\">garantie Responsabilit\u00e9 Civile obligatoire<\/a> comprise dans l\u2019assurance au tiers, l\u2019assurance interm\u00e9diaire permet la prise en charge d\u2019un bris de glace, d\u2019un vol ou d\u2019un incendie et les dommages dus \u00e0 une catastrophe naturelle. Autrement dit, elle permet donc une protection plus \u00e9tendue que l&rsquo;assurance au tiers simple, qui ne couvre g\u00e9n\u00e9ralement que les dommages caus\u00e9s aux victimes d&rsquo;un sinistre par le biais de la garantie Responsabilit\u00e9 Civile.<\/p>\n\n\n\n<p>Plusieurs situations peuvent expliquer le choix de cette assurance m\u00e9diane&nbsp;:<\/p>\n\n\n\n<ul class=\"wp-block-list\"><li><strong>Pour un v\u00e9hicule ni trop ancien, ni trop r\u00e9cent<\/strong> (entre 5 et 8 ans d\u2019anciennet\u00e9).<\/li><li><strong>Pour un budget relativement limit\u00e9<\/strong> mais pouvant supporter davantage que l\u2019assurance au tiers.<\/li><li><strong>Pour les jeunes conducteurs<\/strong> souhaitant une protection plus efficace que la seule garantie Responsabilit\u00e9 Civile, tout en r\u00e9duisant les co\u00fbts, leur prime \u00e9tant major\u00e9e par les assureurs pour compenser leur manque d\u2019exp\u00e9rience de conduite.<\/li><\/ul>\n\n\n\n<h2 class=\"wp-block-heading\">Quel est le prix d&rsquo;une assurance auto au tiers plus ?<\/h2>\n\n\n\n<p><strong>Si l&rsquo;assurance au tiers suppose un budget annuel compris en moyenne entre 400 \u20ac et 500 \u20ac, l&rsquo;assurance interm\u00e9diaire est forc\u00e9ment plus ch\u00e8re, du fait de l&rsquo;existence de garanties plus nombreuses.<\/strong> Les garanties d&rsquo;assistance (d\u00e9pannage, remorquage et rapatriement du domicile ou continuit\u00e9 du voyage) ne sont cependant incluses qu&rsquo;uniquement dans l&rsquo;assurance tous risques, et ne sont que rarement accessibles pour l&rsquo;assurance interm\u00e9diaire.<\/p>\n\n\n\n<div class=\"wp-block-mars-information icon-glass\"><i class=\"icon\"><\/i><p>En r\u00e8gle g\u00e9n\u00e9rale, l&rsquo;assurance interm\u00e9diaire implique un budget compris en moyenne entre 500 \u20ac et 700 \u20ac selon les compagnies d&rsquo;assurance, le nombre de garanties optionnelles choisies et les r\u00e9gions.<\/p><\/div>\n\n\n\n<p><strong>Dans l\u2019optique de souscrire \u00e0 l\u2019assurance interm\u00e9diaire la plus adapt\u00e9e (toutes ne comprenant pas exactement les m\u00eames garanties en fonction des assureurs)<\/strong>, il est particuli\u00e8rement utile de comparer les offres disponibles. Les courtiers en assurance peuvent vous aider en vous orientant et vous prodiguant des conseils pr\u00e9cieux pour vous faire adh\u00e9rer aux garanties les plus int\u00e9ressantes en fonction de votre profil, vos besoins, vos envies et votre budget. R\u00e9assurez-moi en fait partie et met gratuitement \u00e0 votre disposition son propre comparateur d&rsquo;assurance auto en ligne, pour avoir une id\u00e9e claire des prix de l&rsquo;assurance auto tiers \u00e9tendu selon les assureurs.<\/p>\n\n\n\n<div class=\"wp-block-rm-advertizing-block fix-in-sidebar advertising-block-sidebar-item\">\n    <div class=\"image-container flex justify-center align-items-center\">\n        <img decoding=\"async\" src=\"https:\/\/guide.reassurez-moi.fr\/guide\/wp-content\/uploads\/2025\/06\/team_opti_short.png\"\n             alt=\"reassurez-moi illustration\"\n             class=\"wp-block-rm-advertizing-image\"\n             loading=\"lazy\"\n        \/>\n    <\/div>\n    <div class=\"rm-advertblock-container flex flex-column justify-center align-items-start\">\n        <p class=\"wp-block-rm-advertizing-text\">\n            Assurance auto\n        <\/p>\n        <p class=\"wp-block-rm-advertizing-sub-text\">\n            les meilleures offres 2026\n        <\/p>\n        <a\n            href=\"https:\/\/reassurez-moi.fr\/guide\/assurance-auto\"\n            class=\"wp-block-rm-advertizing-button\"\n        >\n            <span class=\"wp-block-rm-advertizing-button-text\">\n                Comparer\n            <\/span>\n            <span class=\"wp-block-rm-advertizing-button-sub-text\">\n                les assurances auto\n            <\/span>\n        <\/a>\n    <\/div>\n<\/div>\n\n\n\n<h2 class=\"wp-block-heading\">Quelles sont les garanties de l&rsquo;assurance au tiers plus ?<\/h2>\n\n\n\n<p><strong>L\u2019assurance interm\u00e9diaire est l\u2019une des trois formules principales g\u00e9n\u00e9ralement propos\u00e9es par les compagnies d\u2019assurance, soucieuses de satisfaire le plus grand nombre de clients.<\/strong><\/p>\n\n\n\n<p>Les assureurs permettent l\u2019adh\u00e9sion \u00e0 plusieurs niveaux de protection, chacun ayant des sp\u00e9cificit\u00e9s propres et pr\u00e9sentant des avantages et inconv\u00e9nients par rapport aux autres. Certains clients souhaitent effectivement aller au-del\u00e0 du minimum l\u00e9gal de l\u2019<a href=\"https:\/\/reassurez-moi.fr\/guide\/assurance-auto\/au-tiers\">assurance auto au tiers<\/a> et donc de b\u00e9n\u00e9ficier de garanties plus performantes.<\/p>\n\n\n\n<p>D\u2019autres privil\u00e9gient avant tout le co\u00fbt de la prime, parfois au d\u00e9triment de la performance de l\u2019assurance, ce qui n\u2019est jamais une solution ad\u00e9quate. Il s\u2019av\u00e8re qu\u2019en cas de sinistre, le conducteur peut se retrouver avec trop de dommages \u00e0 indemniser de sa poche, quand la compagnie d\u2019assurance aurait pu les prendre en charge pour quelques dizaines d\u2019euros suppl\u00e9mentaires par mois ou par an (en fonction des assureurs et du niveau de protection s\u00e9lectionn\u00e9).<\/p>\n\n\n\n<p>Le tableau suivant pr\u00e9sente les trois principales formules d\u2019assurance et les modalit\u00e9s attenantes&nbsp;:<\/p>\n\n\n\n<figure class=\"wp-block-table is-style-header-double\"><table><thead><tr><th><\/th><th>D\u00e9tail de la garantie<\/th><\/tr><\/thead><tbody><tr><td><strong>Assurance au tiers<\/strong><\/td><td>Niveau de protection l\u00e9gal minimum, m\u00eame pour un v\u00e9hicule ne roulant plus, par la pr\u00e9sence de la garantie Responsabilit\u00e9 Civile, permettant d&rsquo;indemniser un tiers pour des dommages corporels ou mat\u00e9riels.<\/td><\/tr><tr><td><strong>Assurance interm\u00e9diaire \/ au tiers plus<\/strong><\/td><td>Cette couverture prend en compte la garantie Responsabilit\u00e9 Civile ainsi que, selon les contrats, les garanties couvrant le vol et les incendies. Elle reste tr\u00e8s personnalisable par l&rsquo;ajout de garanties compl\u00e9mentaires.<\/td><\/tr><tr><td><strong>Assurance tous risques<\/strong><\/td><td>Couverture la plus compl\u00e8te. Elle couvre la Responsabilit\u00e9 Civile ainsi que de nombreuses garanties comme le vol, le vandalisme, les incendies, mais \u00e9galement la garantie personnelle du conducteur, qui permet d&rsquo;indemniser ce dernier en plus des tierces personnes pour un sinistre dont il serait responsable.<\/td><\/tr><\/tbody><\/table><\/figure>\n\n\n\n<p><strong>La formule d\u2019assurance auto interm\u00e9diaire est donc destin\u00e9e aux assur\u00e9s qui souhaitent b\u00e9n\u00e9ficier d\u2019un compromis int\u00e9ressant entre prix r\u00e9duit et couverture plus compl\u00e8te que le minimum l\u00e9gal. <\/strong>Il convient pour autant de d\u00e9terminer pr\u00e9cis\u00e9ment ses propres besoins en tant que conducteur en prenant en compte plusieurs crit\u00e8res. Les dommages caus\u00e9s au conducteur ne sont pas n\u00e9cessairement pris en charge par cette assurance interm\u00e9diaire mais peuvent \u00eatre indemnis\u00e9s en cas de souscription \u00e0 une garantie compl\u00e9mentaire individuelle.<\/p>\n\n\n\n<h2 class=\"wp-block-heading\">Dans quels cas choisir l&rsquo;assurance auto \u00e9tendue ?<\/h2>\n\n\n\n<p>Dans le cadre de la souscription \u00e0 un contrat d\u2019assurance auto, l\u2019assur\u00e9 doit \u00e9tudier pr\u00e9cis\u00e9ment ses besoins dans l\u2019optique de r\u00e9aliser le choix le plus pertinent en mati\u00e8re de couverture.<\/p>\n\n\n\n<p><strong>La loi fran\u00e7aise d\u00e9finit clairement le cadre l\u00e9gal en ce qui concerne l\u2019assurance auto et rend ainsi obligatoire la souscription \u00e0 celle-ci. <\/strong>Tous les conducteurs sont concern\u00e9s, pour un v\u00e9hicule terrestre \u00e0 moteur, par le biais du minimum l\u00e9gal de la garantie Responsabilit\u00e9 Civile et l\u2019assurance au tiers. De cette mani\u00e8re, toutes les victimes (tiers et passagers) d\u2019un sinistre seront indemnis\u00e9s, \u00e0 l\u2019inverse du conducteur lui-m\u00eame.<\/p>\n\n\n\n<p><strong>Un v\u00e9hicule \u00e0 l\u2019arr\u00eat et ne roulant plus doit \u00e9galement \u00eatre assur\u00e9 par ce minimum obligatoire, <\/strong>pouvant causer des dommages \u00e0 cause d\u2019un mauvais stationnement ou d\u2019un incendie qui s\u2019\u00e9tendrait \u00e0 d\u2019autres voitures ou personnes.<\/p>\n\n\n\n<p>Le conducteur assur\u00e9 doit \u00e9videmment d\u00e9terminer minutieusement les risques qu\u2019il pr\u00e9sente ainsi que ses besoins en mati\u00e8re de protection, dans l\u2019optique de choisir la meilleure assurance auto. Il doit notamment prendre en compte les \u00e9l\u00e9ments suivants&nbsp;:<\/p>\n\n\n\n<ul class=\"wp-block-list\"><li><strong>Le type de v\u00e9hicule<\/strong> utilis\u00e9&nbsp;: valeur \u00e0 l\u2019argus, anciennet\u00e9, date de premi\u00e8re mise en circulation.<\/li><li><strong>La fr\u00e9quence d\u2019utilisation<\/strong> de la voiture&nbsp;: occasionnelle ou quotidienne pour se rendre au travail.<\/li><li><strong>L\u2019ajout \u00e9ventuel d\u2019un conducteur secondaire<\/strong> sur le contrat&nbsp;: il faudra alors supprimer la clause d\u2019exclusivit\u00e9 qui ne permet qu\u2019au titulaire du contrat de conduire le v\u00e9hicule assur\u00e9.<\/li><li><strong>Le profil en tant que conducteur principal<\/strong>&nbsp;: nombre de sinistres ant\u00e9rieurs, nombre de points sur le permis de conduire, jeune conducteur ou non&#8230;<\/li><li><strong>Le type de parking<\/strong> utilis\u00e9 pour garer le v\u00e9hicule&nbsp;: permet \u00e0 l\u2019assureur de d\u00e9terminer les risques de vol ou vandalisme selon qu\u2019il soit priv\u00e9 ou public, ferm\u00e9 ou ouvert.<\/li><\/ul>\n\n\n\n<h2 class=\"wp-block-heading\">Quels sont les avantages de l&rsquo;assurance au tiers plus ?<\/h2>\n\n\n\n<p><strong>Chaque assurance prise individuellement pr\u00e9sente des avantages certains en comparaison avec les deux autres<\/strong>, mais \u00e9galement des inconv\u00e9nients. Il s\u2019agit avant tout de bien \u00e9tablir les risques pr\u00e9sent\u00e9s en tant que conducteur, mais \u00e9galement les besoins, souvent li\u00e9s au type de v\u00e9hicule et \u00e0 l\u2019utilisation qui en est faite.<\/p>\n\n\n\n<p>L&rsquo;assurance au tiers \u00e9tendue permet une personnalisation tr\u00e8s int\u00e9ressante de la couverture, avec l&rsquo;ajout de garanties ind\u00e9pendantes pour ne garantir que les risques les plus fr\u00e9quents, tout en \u00e9tant plus adapt\u00e9e que la seule assurance au tiers. Elle est en revanche moins performante que l&rsquo;assurance auto tous risques, qui prend \u00e0 priori en compte tous les sinistres pouvant survenir en lien avec la possession d&rsquo;un v\u00e9hicule.<\/p>\n\n\n\n<p>Le tableau suivant r\u00e9capitule ces diff\u00e9rents avantages et leurs inconv\u00e9nients :<\/p>\n\n\n\n<figure class=\"wp-block-table is-style-header-double\"><table><thead><tr><th><\/th><th>Avantages<\/th><th>Inconv\u00e9nients<\/th><\/tr><\/thead><tbody><tr><td><strong>Assurance auto au tiers<\/strong><\/td><td>Peu ch\u00e8re, et utile pour certaines situations (jeunes conducteurs, v\u00e9hicule ancien ou peu utilis\u00e9)<\/td><td>Couverture limit\u00e9e et dommages du conducteur pas indemnis\u00e9s<\/td><\/tr><tr><td><strong>Assurance auto interm\u00e9diaire<\/strong><\/td><td>Tr\u00e8s modulable, permet de faire un choix entre la couverture minimale et le tous risques<\/td><td>N\u00e9cessit\u00e9 de bien choisir les garanties compl\u00e9mentaires pour adapter l&rsquo;assurance aux besoins et au budget<\/td><\/tr><tr><td><strong>Assurance auto tous risques<\/strong><\/td><td>Couverture la plus compl\u00e8te, prend en compte tous les sinistres et des services d&rsquo;assistance performants<\/td><td>Formule la plus co\u00fbteuse.<\/td><\/tr><\/tbody><\/table><\/figure>\n\n\n\n<p>&nbsp;<\/p>\n","protected":false},"excerpt":{"rendered":"<p>Qu&rsquo;est-ce que l&rsquo;assurance au tiers plus ? La formule d\u2019assurance auto interm\u00e9diaire se retrouve chez la plupart des assureurs sous diff\u00e9rents d\u00e9nominations. Si le nom peut changer, le principe reste le m\u00eame et elle constitue alors le niveau de protection m\u00e9dian entre l\u2019assurance au tiers et l\u2019assurance tous risques.L\u2019assurance interm\u00e9diaire repr\u00e9sente, pour beaucoup d\u2019assur\u00e9s, le\u2026<\/p>\n","protected":false},"author":86,"featured_media":0,"parent":15725,"menu_order":0,"comment_status":"open","ping_status":"closed","template":"","meta":{"_acf_changed":false,"footnotes":""},"categories":[],"page_topic":[560],"class_list":["post-30605","page","type-page","status-publish","hentry"],"yoast_head":"<!-- This site is optimized with the Yoast SEO plugin v24.7 - https:\/\/yoast.com\/wordpress\/plugins\/seo\/ -->\n<title>Qu&#039;est-ce que l&#039;assurance auto au tiers plus ? Comparatif<\/title>\n<meta name=\"description\" content=\"Que couvre une assurance auto au tiers plus ? \u00c0 qui s&#039;adresse cette couverture ? Quel est son prix ? Devis en ligne et conseils d&#039;experts\" \/>\n<meta name=\"robots\" content=\"index, follow, max-snippet:-1, max-image-preview:large, max-video-preview:-1\" \/>\n<link rel=\"canonical\" href=\"https:\/\/guide.reassurez-moi.fr\/guide\/assurance-auto\/intermediaire\" \/>\n<meta property=\"og:locale\" content=\"fr_FR\" \/>\n<meta property=\"og:type\" content=\"article\" \/>\n<meta property=\"og:title\" content=\"Qu&#039;est-ce que l&#039;assurance auto au tiers plus ? Comparatif\" \/>\n<meta property=\"og:description\" content=\"Que couvre une assurance auto au tiers plus ? \u00c0 qui s&#039;adresse cette couverture ? Quel est son prix ? Devis en ligne et conseils d&#039;experts\" \/>\n<meta property=\"og:url\" content=\"https:\/\/guide.reassurez-moi.fr\/guide\/assurance-auto\/intermediaire\" \/>\n<meta property=\"og:site_name\" content=\"R\u00e9assurez-moi\" \/>\n<meta property=\"article:publisher\" content=\"https:\/\/www.facebook.com\/R%c3%a9assurez-moi-209456495889479\/\" \/>\n<meta property=\"article:modified_time\" content=\"2026-02-02T14:11:13+00:00\" \/>\n<meta property=\"og:image\" content=\"https:\/\/guide.reassurez-moi.fr\/guide\/wp-content\/uploads\/2018\/04\/image-de-partage.png\" \/>\n\t<meta property=\"og:image:width\" content=\"500\" \/>\n\t<meta property=\"og:image:height\" content=\"160\" \/>\n\t<meta property=\"og:image:type\" content=\"image\/png\" \/>\n<meta name=\"twitter:card\" content=\"summary_large_image\" \/>\n<meta name=\"twitter:site\" content=\"@reassurezmoi\" \/>\n<meta name=\"twitter:label1\" content=\"Dur\u00e9e de lecture estim\u00e9e\" \/>\n\t<meta name=\"twitter:data1\" content=\"8 minutes\" \/>\n<script type=\"application\/ld+json\" class=\"yoast-schema-graph\">{\"@context\":\"https:\/\/schema.org\",\"@graph\":[{\"@type\":\"WebPage\",\"@id\":\"https:\/\/guide.reassurez-moi.fr\/guide\/assurance-auto\/intermediaire\",\"url\":\"https:\/\/guide.reassurez-moi.fr\/guide\/assurance-auto\/intermediaire\",\"name\":\"Qu'est-ce que l'assurance auto au tiers plus ? Comparatif\",\"isPartOf\":{\"@id\":\"https:\/\/guide.reassurez-moi.fr\/guide\/#website\"},\"datePublished\":\"2018-07-03T12:35:41+00:00\",\"dateModified\":\"2026-02-02T14:11:13+00:00\",\"description\":\"Que couvre une assurance auto au tiers plus ? \u00c0 qui s'adresse cette couverture ? Quel est son prix ? Devis en ligne et conseils d'experts\",\"breadcrumb\":{\"@id\":\"https:\/\/guide.reassurez-moi.fr\/guide\/assurance-auto\/intermediaire#breadcrumb\"},\"inLanguage\":\"fr-FR\",\"potentialAction\":[{\"@type\":\"ReadAction\",\"target\":[\"https:\/\/guide.reassurez-moi.fr\/guide\/assurance-auto\/intermediaire\"]}]},{\"@type\":\"BreadcrumbList\",\"@id\":\"https:\/\/guide.reassurez-moi.fr\/guide\/assurance-auto\/intermediaire#breadcrumb\",\"itemListElement\":[{\"@type\":\"ListItem\",\"position\":1,\"name\":\"Assurances\",\"item\":\"https:\/\/guide.reassurez-moi.fr\/guide\/\"},{\"@type\":\"ListItem\",\"position\":2,\"name\":\"Assurance auto\",\"item\":\"https:\/\/guide.reassurez-moi.fr\/guide\/assurance-auto\"},{\"@type\":\"ListItem\",\"position\":3,\"name\":\"Interm\u00e9diaire\"}]},{\"@type\":\"WebSite\",\"@id\":\"https:\/\/guide.reassurez-moi.fr\/guide\/#website\",\"url\":\"https:\/\/guide.reassurez-moi.fr\/guide\/\",\"name\":\"R\u00e9assurez-moi\",\"description\":\"Comparateur d&#039;assurances\",\"potentialAction\":[{\"@type\":\"SearchAction\",\"target\":{\"@type\":\"EntryPoint\",\"urlTemplate\":\"https:\/\/guide.reassurez-moi.fr\/guide\/?s={search_term_string}\"},\"query-input\":{\"@type\":\"PropertyValueSpecification\",\"valueRequired\":true,\"valueName\":\"search_term_string\"}}],\"inLanguage\":\"fr-FR\"}]}<\/script>\n<!-- \/ Yoast SEO plugin. -->","yoast_head_json":{"title":"Qu'est-ce que l'assurance auto au tiers plus ? Comparatif","description":"Que couvre une assurance auto au tiers plus ? \u00c0 qui s'adresse cette couverture ? Quel est son prix ? Devis en ligne et conseils d'experts","robots":{"index":"index","follow":"follow","max-snippet":"max-snippet:-1","max-image-preview":"max-image-preview:large","max-video-preview":"max-video-preview:-1"},"canonical":"https:\/\/guide.reassurez-moi.fr\/guide\/assurance-auto\/intermediaire","og_locale":"fr_FR","og_type":"article","og_title":"Qu'est-ce que l'assurance auto au tiers plus ? Comparatif","og_description":"Que couvre une assurance auto au tiers plus ? \u00c0 qui s'adresse cette couverture ? Quel est son prix ? Devis en ligne et conseils d'experts","og_url":"https:\/\/guide.reassurez-moi.fr\/guide\/assurance-auto\/intermediaire","og_site_name":"R\u00e9assurez-moi","article_publisher":"https:\/\/www.facebook.com\/R%c3%a9assurez-moi-209456495889479\/","article_modified_time":"2026-02-02T14:11:13+00:00","og_image":[{"width":500,"height":160,"url":"https:\/\/guide.reassurez-moi.fr\/guide\/wp-content\/uploads\/2018\/04\/image-de-partage.png","type":"image\/png"}],"twitter_card":"summary_large_image","twitter_site":"@reassurezmoi","twitter_misc":{"Dur\u00e9e de lecture estim\u00e9e":"8 minutes"},"schema":{"@context":"https:\/\/schema.org","@graph":[{"@type":"WebPage","@id":"https:\/\/guide.reassurez-moi.fr\/guide\/assurance-auto\/intermediaire","url":"https:\/\/guide.reassurez-moi.fr\/guide\/assurance-auto\/intermediaire","name":"Qu'est-ce que l'assurance auto au tiers plus ? Comparatif","isPartOf":{"@id":"https:\/\/guide.reassurez-moi.fr\/guide\/#website"},"datePublished":"2018-07-03T12:35:41+00:00","dateModified":"2026-02-02T14:11:13+00:00","description":"Que couvre une assurance auto au tiers plus ? \u00c0 qui s'adresse cette couverture ? Quel est son prix ? Devis en ligne et conseils d'experts","breadcrumb":{"@id":"https:\/\/guide.reassurez-moi.fr\/guide\/assurance-auto\/intermediaire#breadcrumb"},"inLanguage":"fr-FR","potentialAction":[{"@type":"ReadAction","target":["https:\/\/guide.reassurez-moi.fr\/guide\/assurance-auto\/intermediaire"]}]},{"@type":"BreadcrumbList","@id":"https:\/\/guide.reassurez-moi.fr\/guide\/assurance-auto\/intermediaire#breadcrumb","itemListElement":[{"@type":"ListItem","position":1,"name":"Assurances","item":"https:\/\/guide.reassurez-moi.fr\/guide\/"},{"@type":"ListItem","position":2,"name":"Assurance auto","item":"https:\/\/guide.reassurez-moi.fr\/guide\/assurance-auto"},{"@type":"ListItem","position":3,"name":"Interm\u00e9diaire"}]},{"@type":"WebSite","@id":"https:\/\/guide.reassurez-moi.fr\/guide\/#website","url":"https:\/\/guide.reassurez-moi.fr\/guide\/","name":"R\u00e9assurez-moi","description":"Comparateur d&#039;assurances","potentialAction":[{"@type":"SearchAction","target":{"@type":"EntryPoint","urlTemplate":"https:\/\/guide.reassurez-moi.fr\/guide\/?s={search_term_string}"},"query-input":{"@type":"PropertyValueSpecification","valueRequired":true,"valueName":"search_term_string"}}],"inLanguage":"fr-FR"}]}},"acf":[],"_links":{"self":[{"href":"https:\/\/guide.reassurez-moi.fr\/guide\/wp-json\/wp\/v2\/pages\/30605","targetHints":{"allow":["GET"]}}],"collection":[{"href":"https:\/\/guide.reassurez-moi.fr\/guide\/wp-json\/wp\/v2\/pages"}],"about":[{"href":"https:\/\/guide.reassurez-moi.fr\/guide\/wp-json\/wp\/v2\/types\/page"}],"author":[{"embeddable":true,"href":"https:\/\/guide.reassurez-moi.fr\/guide\/wp-json\/wp\/v2\/users\/86"}],"replies":[{"embeddable":true,"href":"https:\/\/guide.reassurez-moi.fr\/guide\/wp-json\/wp\/v2\/comments?post=30605"}],"version-history":[{"count":2,"href":"https:\/\/guide.reassurez-moi.fr\/guide\/wp-json\/wp\/v2\/pages\/30605\/revisions"}],"predecessor-version":[{"id":215559,"href":"https:\/\/guide.reassurez-moi.fr\/guide\/wp-json\/wp\/v2\/pages\/30605\/revisions\/215559"}],"up":[{"embeddable":true,"href":"https:\/\/guide.reassurez-moi.fr\/guide\/wp-json\/wp\/v2\/pages\/15725"}],"wp:attachment":[{"href":"https:\/\/guide.reassurez-moi.fr\/guide\/wp-json\/wp\/v2\/media?parent=30605"}],"wp:term":[{"taxonomy":"category","embeddable":true,"href":"https:\/\/guide.reassurez-moi.fr\/guide\/wp-json\/wp\/v2\/categories?post=30605"},{"taxonomy":"page_topic","embeddable":true,"href":"https:\/\/guide.reassurez-moi.fr\/guide\/wp-json\/wp\/v2\/page_topic?post=30605"}],"curies":[{"name":"wp","href":"https:\/\/api.w.org\/{rel}","templated":true}]}}