{"id":31539,"date":"2018-07-23T16:32:57","date_gmt":"2018-07-23T15:32:57","guid":{"rendered":"https:\/\/reassurez-moi.fr\/guide\/?page_id=31539"},"modified":"2026-02-02T16:38:44","modified_gmt":"2026-02-02T15:38:44","slug":"garantie-protection-juridique","status":"publish","type":"page","link":"https:\/\/guide.reassurez-moi.fr\/guide\/assurance-auto\/garantie-protection-juridique","title":{"rendered":"Assurance auto &#8211; Garantie protection juridique"},"content":{"rendered":"\n<h1 class=\"wp-block-heading\"><span data-sheets-value=\"{\"1\":2,\"2\":\"La garantie protection juridique de l'assurance auto\"}\" data-sheets-userformat=\"{\"2\":33569411,\"3\":{\"1\":0},\"4\":[null,2,16777215],\"10\":2,\"12\":0,\"14\":[null,2,0],\"15\":\"Arial\",\"16\":12,\"28\":1}\">La garantie protection juridique de l&rsquo;assurance auto<\/span><\/h1>\n\n\n\n<p><strong>La souscription \u00e0 une assurance auto permet l\u2019acc\u00e8s \u00e0 de nombreuses garanties optionnelles. La garantie protection juridique offre un accompagnement personnalis\u00e9 pour l\u2019exercice de ses droits en tant qu\u2019assur\u00e9. Elle constitue une couverture particuli\u00e8rement utile, avec un prix relativement limit\u00e9 au regard des sommes qui peuvent \u00eatre en jeu dans les situations de litige avec un tiers. Toutes nos explications sur la garantie protection juridique, son application et son prix !<\/strong><\/p>\n\n\n\n<h2 class=\"wp-block-heading\"><strong>\u00c0 quoi sert la garantie protection juridique du contrat d&rsquo;assurance auto ?<\/strong><\/h2>\n\n\n\n<p><strong>La souscription \u00e0 la garantie protection juridique permet principalement la prise en charge des frais engag\u00e9s au tribunal en cas de litige avec une tierce personne par la compagnie d\u2019assurance<\/strong>. En \u00e9change du versement d\u2019une cotisation, l\u2019assureur permet le remboursement de tout ou partie des sommes d\u00e9bours\u00e9es pour les proc\u00e9dures civiles, p\u00e9nales ou judiciaires impliqu\u00e9es. Ces diff\u00e9rents frais sont g\u00e9n\u00e9ralement repr\u00e9sent\u00e9s par&nbsp;:<\/p>\n\n\n\n<ul class=\"wp-block-list\"><li><strong>Les honoraires des experts mandat\u00e9s<\/strong><\/li><li><strong>Les honoraires des avocats<\/strong><\/li><li><strong>Les honoraires d\u2019huissiers<\/strong><\/li><li><strong>Les frais de proc\u00e9dure<\/strong><\/li><\/ul>\n\n\n\n<p><strong>La garantie protection juridique reste tr\u00e8s proche de la garantie d\u00e9fense p\u00e9nale et recours, aussi appel\u00e9e GPRSA <\/strong>(Garantie P\u00e9nale et Recours Suite \u00e0 un Accident), bien qu\u2019elle poss\u00e8de un champ d\u2019application plus large.<\/p>\n\n\n\n<ul class=\"wp-block-list\"><li><strong>La<\/strong> <strong>garantie d\u00e9fense p\u00e9nale et recours<\/strong> permet globalement de faire exercer son droit \u00e0 la garantie Responsabilit\u00e9 Civile en cas de sinistre. L\u2019assur\u00e9 peut alors utiliser la partie \u00ab&nbsp;d\u00e9fense&nbsp;\u00bb pour contrer une attaque d\u2019un tiers ou la partie \u00ab&nbsp;recours&nbsp;\u00bb pour attaquer lui-m\u00eame une tierce personne afin de pr\u00e9tendre \u00e0 l\u2019indemnisation fournie par la garantie minimale obligatoire qu&rsquo;est la Responsabilit\u00e9 Civile. L\u2019application de la GPRSA permet donc la prise en charge par l\u2019assureur des frais engag\u00e9s au tribunal pour la d\u00e9fense ou le recours contre un tiers et pour obtenir l\u2019indemnisation pr\u00e9vue pour les dommages corporels et mat\u00e9riels.<\/li><\/ul>\n\n\n\n<p><strong>\u00c0 la diff\u00e9rence de la GPRSA, la garantie protection juridique permet de couvrir tous les membres d\u2019un m\u00eame foyer, ou en tous cas toutes les personnes d\u00e9clar\u00e9es dans le contrat et m\u00eame les passagers d\u2019une voiture en cas d\u2019accident. <\/strong>Le fonctionnement de cette couverture suppose aussi l\u2019acc\u00e8s \u00e0 des services d\u2019assistance sur-mesure, un accompagnement personnalis\u00e9 par l\u2019assureur et des professionnels sp\u00e9cialement mandat\u00e9s pour l\u2019occasion, ainsi que des conseils pour \u00e9ventuellement r\u00e9gler le litige \u00e0 l\u2019amiable.<\/p>\n\n\n\n<h2 class=\"wp-block-heading\">Combien co\u00fbte la garantie protection juridique de l&rsquo;assurance auto ?<\/h2>\n\n\n\n<p><strong>Le fonctionnement de la garantie protection juridique est li\u00e9 \u00e0 l\u2019application de modalit\u00e9s strictes, comme un plafond d\u2019indemnisation fix\u00e9 pr\u00e9alablement et qui doit faire l\u2019objet d\u2019une \u00e9tude minutieuse de la part de l\u2019assur\u00e9.<\/strong> Le montant de la somme maximale rembours\u00e9e par l\u2019assureur d\u00e9pend de la compagnie d\u2019assurance choisie et peut grandement varier, allant environ de 4&nbsp;000 \u20ac \u00e0 100&nbsp;000 \u20ac. Tout d\u00e9pend de la nature de la proc\u00e9dure et du champ d\u2019application de la couverture \u00e0 laquelle l\u2019assur\u00e9 a souscrit.<\/p>\n\n\n\n<p><strong>L\u2019adh\u00e9sion \u00e0 la garantie protection juridique peut ne supposer aucun co\u00fbt suppl\u00e9mentaire si elle est comprise d\u2019office dans une formule d\u2019assurance auto comme l\u2019assurance tous risques.<\/strong> En revanche, sa souscription ind\u00e9pendante implique un co\u00fbt annexe compris globalement entre 70 \u20ac 100 \u20ac par an et suppose le rajout d\u2019un avenant au contrat de base.<\/p>\n\n\n\n<p><strong>Il existe \u00e9galement un seuil d\u2019intervention, soit une somme en dessous de laquelle l\u2019assureur peut refuser d\u2019intervenir, consid\u00e9rant que le dossier n\u2019est pas assez important pour \u00eatre trait\u00e9 via la garantie protection juridique<\/strong>. Les <a href=\"https:\/\/reassurez-moi.fr\/guide\/assurance-auto\/delai-carence\">d\u00e9lais de carence d&rsquo;assurance auto<\/a> sont aussi laiss\u00e9s libres \u00e0 la compagnie d\u2019assurance, la loi ne d\u00e9limitant aucun cadre l\u00e9gal en rapport avec la dur\u00e9e de non-application de l&rsquo;assurance auto suite \u00e0 la souscription.<\/p>\n\n\n\n<p><strong>De mani\u00e8re g\u00e9n\u00e9rale, il est pr\u00e9f\u00e9rable de comparer son contrat d&rsquo;assurance auto, \u00e0 tout moment, afin de prendre connaissance des offres plus int\u00e9ressantes sur le march\u00e9<\/strong>. Les assureurs proposant des tarifs promotionnels aux nouveaux clients, il est \u00e9ventuellement possible de profiter de conditions pr\u00e9f\u00e9rentielles et avantageuses pour obtenir, par exemple, des r\u00e9ductions sur la garantie protection juridique ou un champ d&rsquo;action plus grand.<\/p>\n\n\n\n<p><strong>En tant que courtier d&rsquo;assurance en ligne, R\u00e9assurez-moi vous propose son propre comparateur d&rsquo;assurance auto, disponible gratuitement.<\/strong> Il vous indique de multiples devis d&rsquo;assurance auto directement en ligne et tr\u00e8s rapidement, pour que vous puissiez prendre votre d\u00e9cision quand vous le souhaitez, apr\u00e8s avoir pris connaissance des prix en toute transparence.<\/p>\n\n\n\n<div class=\"wp-block-rm-advertizing-block fix-in-sidebar advertising-block-sidebar-item\">\n    <div class=\"image-container flex justify-center align-items-center\">\n        <img decoding=\"async\" src=\"https:\/\/guide.reassurez-moi.fr\/guide\/wp-content\/uploads\/2025\/06\/team_opti_short.png\"\n             alt=\"reassurez-moi illustration\"\n             class=\"wp-block-rm-advertizing-image\"\n             loading=\"lazy\"\n        \/>\n    <\/div>\n    <div class=\"rm-advertblock-container flex flex-column justify-center align-items-start\">\n        <p class=\"wp-block-rm-advertizing-text\">\n            Assurance auto\n        <\/p>\n        <p class=\"wp-block-rm-advertizing-sub-text\">\n            les meilleures offres 2026\n        <\/p>\n        <a\n            href=\"https:\/\/reassurez-moi.fr\/guide\/assurance-auto\"\n            class=\"wp-block-rm-advertizing-button\"\n        >\n            <span class=\"wp-block-rm-advertizing-button-text\">\n                Comparer\n            <\/span>\n            <span class=\"wp-block-rm-advertizing-button-sub-text\">\n                les assurances auto\n            <\/span>\n        <\/a>\n    <\/div>\n<\/div>\n\n\n\n<h2 class=\"wp-block-heading\">Dans quels cas la garantie protection juridique peut-elle s&rsquo;appliquer en assurance auto ?<\/h2>\n\n\n\n<p><strong>Selon le contrat d\u2019assurance auto souscrit, la garantie protection juridique peut permettre le remboursement des frais pour un litige dans le cadre de l\u2019activit\u00e9 professionnelle <\/strong>(si c\u2019est le v\u00e9hicule personnel qui est utilis\u00e9 par exemple), en plus de la sph\u00e8re priv\u00e9e comme une d\u00e9couverte de <a href=\"https:\/\/reassurez-moi.fr\/guide\/assurance-auto\/vice-cache\">vice cach\u00e9 lors de l&rsquo;achat d&rsquo;un v\u00e9hicule<\/a>. En revanche, cette protection sp\u00e9cifique ne prend en aucun cas en charge les \u00e9ventuelles amendes ou frais de condamnation dont l\u2019assur\u00e9 ferait l\u2019objet, qui devrait payer cette partie personnellement.<\/p>\n\n\n\n<p>La garantie protection juridique permet alors le r\u00e8glement civil, administratif ou juridique des litiges avec n\u2019importe quel tiers, dans de nombreuses situations. Il est notamment possible de citer&nbsp;:<\/p>\n\n\n\n<ul class=\"wp-block-list\"><li><strong>La vente<\/strong> du v\u00e9hicule (avec l\u2019acheteur)<\/li><li><strong>L\u2019achat<\/strong> d\u2019un v\u00e9hicule (avec le vendeur, concessionnaire ou particulier)<\/li><li><strong>La location<\/strong> d\u2019une voiture (avec la soci\u00e9t\u00e9 en question)<\/li><li><strong>La propri\u00e9t\u00e9<\/strong> du v\u00e9hicule (en cas de litige sur l\u2019identification m\u00eame du propri\u00e9taire)<\/li><li><strong>La r\u00e9paration<\/strong>, <strong>l\u2019entretien ou le contr\u00f4le technique<\/strong> du v\u00e9hicule (avec le garagiste ou le professionnel mandat\u00e9)<\/li><\/ul>\n\n\n\n<p><strong>La garantie protection juridique permet alors la prise en charge des frais engag\u00e9s au tribunal en cas de litige avec un tiers quelconque.<\/strong> Les services d\u2019assistance ou les conseils qui peuvent vous \u00eatre prodigu\u00e9s permettent \u00e9galement de ne pas aller jusque-l\u00e0 et d\u2019esp\u00e9rer un r\u00e8glement \u00e0 l\u2019amiable, ce qui est aussi dans l\u2019int\u00e9r\u00eat de l\u2019assureur.<br>Cette couverture est accessible facilement, soit par le biais d\u2019une formule d\u2019assurance auto ad\u00e9quate, ou de mani\u00e8re autonome et ind\u00e9pendante, ainsi que via une assurance auto en ligne.<\/p>\n\n\n\n<h2 class=\"wp-block-heading\">Comment souscrire \u00e0 la garantie protection juridique en assurance auto ?<\/h2>\n\n\n\n<p><strong>Le moyen le plus simple pour souscrire \u00e0 la garantie protection juridique est d\u2019y acc\u00e9der en tant que garantie incluse automatiquement dans le contrat s\u00e9lectionn\u00e9, <\/strong>comme c&rsquo;est le cas pour l&rsquo;<a href=\"https:\/\/reassurez-moi.fr\/guide\/assurance-auto\/tous-risques\">assurance auto tous risques<\/a>, voire l&rsquo;assurance auto interm\u00e9diaire, selon la performance de cette derni\u00e8re.<\/p>\n\n\n\n<p><strong>L\u2019assurance auto au tiers ne prend g\u00e9n\u00e9ralement pas en compte cette garantie particuli\u00e8re, mais peut inclure la garantie d\u00e9fense p\u00e9nale et recours, qui en constitue, d\u2019une certaine mani\u00e8re, le premier niveau. <\/strong>Il existe une exception, par le biais de la formule au tiers de l\u2019<a href=\"https:\/\/reassurez-moi.fr\/guide\/assurance-auto\/temporaire\">assurance auto temporaire<\/a>, qui permet souvent l\u2019acc\u00e8s \u00e0 de plus nombreuses garanties. Cette disposition s\u2019explique notamment par son prix plus \u00e9lev\u00e9 lorsqu\u2019il est rapport\u00e9 au mois, et la n\u00e9cessit\u00e9 d\u2019\u00eatre couvert plus efficacement sur une courte p\u00e9riode.<\/p>\n\n\n\n<p><strong>Les \u00e9tablissements bancaires, qui proposent de plus en plus de solutions d\u2019assurance auto, permettent de fait l\u2019adh\u00e9sion \u00e0 la garantie protection juridique<\/strong>. Cependant, cette couverture est g\u00e9n\u00e9ralement li\u00e9e \u00e0 la possession d\u2019une carte bancaire dans la soci\u00e9t\u00e9 en question ou \u00e0 l\u2019ouverture d\u2019un compte afin de pouvoir en b\u00e9n\u00e9ficier.<\/p>\n\n\n\n<p><strong>Enfin, la garantie protection juridique reste disponible en tant que protection autonome, ind\u00e9pendamment de la souscription \u00e0 une assurance auto<\/strong>. Elle permet alors la prise en charge des frais judiciaires dans un plus grand nombre de domaines (sant\u00e9, habitation, vie quotidienne\u2026), dont l\u2019assurance voiture. Choisir la garantie protection juridique en tant que couverture ind\u00e9pendante permet \u00e9galement de se retourner contre son assureur, notamment dans le cas d\u2019une indemnisation trop faible ou hors d\u00e9lais, ce qui n\u2019est pas le cas lorsqu\u2019elle est souscrite par le biais de l\u2019assurance auto !<\/p>\n\n\n\n<h2 class=\"wp-block-heading\">La garantie protection juridique de l&rsquo;assurance auto est-elle obligatoire ?<\/h2>\n\n\n\n<p><strong>En assurance auto, la garantie protection juridique pr\u00e9sente des diff\u00e9rences certaines avec la garantie Responsabilit\u00e9 Civile, dans la mesure o\u00f9 elle n&rsquo;est pas obligatoire et suppose un champ d&rsquo;action limit\u00e9 aux litiges avec un tiers<\/strong>. En aucun cas la garantie protection juridique ne peut impliquer le versement d&rsquo;une indemnit\u00e9 pour l&rsquo;application de la garantie Responsabilit\u00e9 Civile, sauf s&rsquo;il s&rsquo;agit du verdict rendu par le tribunal comp\u00e9tent \u00e0 la suite d&rsquo;une controverse sur l&rsquo;identit\u00e9 du responsable d&rsquo;un sinistre.<\/p>\n\n\n\n<p>L\u2019int\u00e9r\u00eat principal de la garantie protection juridique r\u00e9side dans la prise en charge des frais engag\u00e9s au tribunal en cas de litige avec un tiers. Il s\u2019av\u00e8re que les sommes suppos\u00e9es par une action judiciaire, qu\u2019il s\u2019agisse d\u2019une d\u00e9fense ou d\u2019un recours, atteignent bien souvent un montant tr\u00e8s \u00e9lev\u00e9 et il est alors pr\u00e9f\u00e9rable de voir l\u2019assureur d\u2019en rembourser l\u2019int\u00e9gralit\u00e9 ou une partie. La garantie protection juridique permet aussi de couvrir l\u2019ensemble des v\u00e9hicules d\u2019un m\u00eame foyer pour le m\u00eame prix, en fonction de la performance de la couverture choisie.<\/p>\n\n\n\n<p>Les services d\u2019assistance ou de conseils peuvent \u00e9galement \u00eatre tr\u00e8s int\u00e9ressant, permettant de conna\u00eetre les enjeux li\u00e9s \u00e0 une proc\u00e9dure judiciaire et de prendre les bonnes d\u00e9cisions en cons\u00e9quence. Les experts mandat\u00e9s sont des professionnels du milieu juridique et peuvent fournir leur expertise en la mati\u00e8re, sans besoin de d\u00e9bourser de l\u2019argent sur ses finances personnelles.<\/p>\n\n\n\n<p>Les compagnies d\u2019assurance disposent par ailleurs de leur propre r\u00e9seau de professionnels et peuvent orienter leurs clients vers la personne la plus comp\u00e9tente pour le litige en question. Dans un registre similaire, l\u2019<a href=\"https:\/\/www.legifrance.gouv.fr\/affichCodeArticle.do?cidTexte=LEGITEXT000006073984&idArticle=LEGIARTI000006792824&dateTexte=&categorieLien=cid\" target=\"_blank\" rel=\"noreferrer noopener\">article L 127.3 du Code des assurances<\/a> autorise l\u2019assur\u00e9 \u00e0 choisir personnellement son avocat pour la d\u00e9fense de ses int\u00e9r\u00eats, sans que l\u2019assureur puisse influencer son choix.<\/p>\n","protected":false},"excerpt":{"rendered":"<p>La garantie protection juridique de l&rsquo;assurance auto La souscription \u00e0 une assurance auto permet l\u2019acc\u00e8s \u00e0 de nombreuses garanties optionnelles. La garantie protection juridique offre un accompagnement personnalis\u00e9 pour l\u2019exercice de ses droits en tant qu\u2019assur\u00e9. Elle constitue une couverture particuli\u00e8rement utile, avec un prix relativement limit\u00e9 au regard des sommes qui peuvent \u00eatre en\u2026<\/p>\n","protected":false},"author":86,"featured_media":0,"parent":15725,"menu_order":0,"comment_status":"open","ping_status":"closed","template":"","meta":{"_acf_changed":false,"footnotes":""},"categories":[],"page_topic":[734],"class_list":["post-31539","page","type-page","status-publish","hentry"],"yoast_head":"<!-- This site is optimized with the Yoast SEO plugin v24.7 - https:\/\/yoast.com\/wordpress\/plugins\/seo\/ -->\n<title>\u00c0 quoi sert la garantie protection juridique de l&#039;assurance auto ?<\/title>\n<meta name=\"description\" content=\"La garantie protection juridique permet un accompagnement durant l\u2019exercice de ses droits en tant qu&#039;assur\u00e9. Prix et conditions en d\u00e9tails\" \/>\n<meta name=\"robots\" content=\"index, follow, max-snippet:-1, max-image-preview:large, max-video-preview:-1\" \/>\n<link rel=\"canonical\" href=\"https:\/\/guide.reassurez-moi.fr\/guide\/assurance-auto\/garantie-protection-juridique\" \/>\n<meta property=\"og:locale\" content=\"fr_FR\" \/>\n<meta property=\"og:type\" content=\"article\" \/>\n<meta property=\"og:title\" content=\"\u00c0 quoi sert la garantie protection juridique de l&#039;assurance auto ?\" \/>\n<meta property=\"og:description\" content=\"La garantie protection juridique permet un accompagnement durant l\u2019exercice de ses droits en tant qu&#039;assur\u00e9. Prix et conditions en d\u00e9tails\" \/>\n<meta property=\"og:url\" content=\"https:\/\/guide.reassurez-moi.fr\/guide\/assurance-auto\/garantie-protection-juridique\" \/>\n<meta property=\"og:site_name\" content=\"R\u00e9assurez-moi\" \/>\n<meta property=\"article:publisher\" content=\"https:\/\/www.facebook.com\/R%c3%a9assurez-moi-209456495889479\/\" \/>\n<meta property=\"article:modified_time\" content=\"2026-02-02T15:38:44+00:00\" \/>\n<meta property=\"og:image\" content=\"https:\/\/guide.reassurez-moi.fr\/guide\/wp-content\/uploads\/2018\/04\/image-de-partage.png\" \/>\n\t<meta property=\"og:image:width\" content=\"500\" \/>\n\t<meta property=\"og:image:height\" content=\"160\" \/>\n\t<meta property=\"og:image:type\" content=\"image\/png\" \/>\n<meta name=\"twitter:card\" content=\"summary_large_image\" \/>\n<meta name=\"twitter:site\" content=\"@reassurezmoi\" \/>\n<meta name=\"twitter:label1\" content=\"Dur\u00e9e de lecture estim\u00e9e\" \/>\n\t<meta name=\"twitter:data1\" content=\"8 minutes\" \/>\n<script type=\"application\/ld+json\" class=\"yoast-schema-graph\">{\"@context\":\"https:\/\/schema.org\",\"@graph\":[{\"@type\":\"WebPage\",\"@id\":\"https:\/\/guide.reassurez-moi.fr\/guide\/assurance-auto\/garantie-protection-juridique\",\"url\":\"https:\/\/guide.reassurez-moi.fr\/guide\/assurance-auto\/garantie-protection-juridique\",\"name\":\"\u00c0 quoi sert la garantie protection juridique de l'assurance auto ?\",\"isPartOf\":{\"@id\":\"https:\/\/guide.reassurez-moi.fr\/guide\/#website\"},\"datePublished\":\"2018-07-23T15:32:57+00:00\",\"dateModified\":\"2026-02-02T15:38:44+00:00\",\"description\":\"La garantie protection juridique permet un accompagnement durant l\u2019exercice de ses droits en tant qu'assur\u00e9. Prix et conditions en d\u00e9tails\",\"breadcrumb\":{\"@id\":\"https:\/\/guide.reassurez-moi.fr\/guide\/assurance-auto\/garantie-protection-juridique#breadcrumb\"},\"inLanguage\":\"fr-FR\",\"potentialAction\":[{\"@type\":\"ReadAction\",\"target\":[\"https:\/\/guide.reassurez-moi.fr\/guide\/assurance-auto\/garantie-protection-juridique\"]}]},{\"@type\":\"BreadcrumbList\",\"@id\":\"https:\/\/guide.reassurez-moi.fr\/guide\/assurance-auto\/garantie-protection-juridique#breadcrumb\",\"itemListElement\":[{\"@type\":\"ListItem\",\"position\":1,\"name\":\"Assurances\",\"item\":\"https:\/\/guide.reassurez-moi.fr\/guide\/\"},{\"@type\":\"ListItem\",\"position\":2,\"name\":\"Assurance auto\",\"item\":\"https:\/\/guide.reassurez-moi.fr\/guide\/assurance-auto\"},{\"@type\":\"ListItem\",\"position\":3,\"name\":\"Garantie protection juridique\"}]},{\"@type\":\"WebSite\",\"@id\":\"https:\/\/guide.reassurez-moi.fr\/guide\/#website\",\"url\":\"https:\/\/guide.reassurez-moi.fr\/guide\/\",\"name\":\"R\u00e9assurez-moi\",\"description\":\"Comparateur d&#039;assurances\",\"potentialAction\":[{\"@type\":\"SearchAction\",\"target\":{\"@type\":\"EntryPoint\",\"urlTemplate\":\"https:\/\/guide.reassurez-moi.fr\/guide\/?s={search_term_string}\"},\"query-input\":{\"@type\":\"PropertyValueSpecification\",\"valueRequired\":true,\"valueName\":\"search_term_string\"}}],\"inLanguage\":\"fr-FR\"}]}<\/script>\n<!-- \/ Yoast SEO plugin. -->","yoast_head_json":{"title":"\u00c0 quoi sert la garantie protection juridique de l'assurance auto ?","description":"La garantie protection juridique permet un accompagnement durant l\u2019exercice de ses droits en tant qu'assur\u00e9. Prix et conditions en d\u00e9tails","robots":{"index":"index","follow":"follow","max-snippet":"max-snippet:-1","max-image-preview":"max-image-preview:large","max-video-preview":"max-video-preview:-1"},"canonical":"https:\/\/guide.reassurez-moi.fr\/guide\/assurance-auto\/garantie-protection-juridique","og_locale":"fr_FR","og_type":"article","og_title":"\u00c0 quoi sert la garantie protection juridique de l'assurance auto ?","og_description":"La garantie protection juridique permet un accompagnement durant l\u2019exercice de ses droits en tant qu'assur\u00e9. Prix et conditions en d\u00e9tails","og_url":"https:\/\/guide.reassurez-moi.fr\/guide\/assurance-auto\/garantie-protection-juridique","og_site_name":"R\u00e9assurez-moi","article_publisher":"https:\/\/www.facebook.com\/R%c3%a9assurez-moi-209456495889479\/","article_modified_time":"2026-02-02T15:38:44+00:00","og_image":[{"width":500,"height":160,"url":"https:\/\/guide.reassurez-moi.fr\/guide\/wp-content\/uploads\/2018\/04\/image-de-partage.png","type":"image\/png"}],"twitter_card":"summary_large_image","twitter_site":"@reassurezmoi","twitter_misc":{"Dur\u00e9e de lecture estim\u00e9e":"8 minutes"},"schema":{"@context":"https:\/\/schema.org","@graph":[{"@type":"WebPage","@id":"https:\/\/guide.reassurez-moi.fr\/guide\/assurance-auto\/garantie-protection-juridique","url":"https:\/\/guide.reassurez-moi.fr\/guide\/assurance-auto\/garantie-protection-juridique","name":"\u00c0 quoi sert la garantie protection juridique de l'assurance auto ?","isPartOf":{"@id":"https:\/\/guide.reassurez-moi.fr\/guide\/#website"},"datePublished":"2018-07-23T15:32:57+00:00","dateModified":"2026-02-02T15:38:44+00:00","description":"La garantie protection juridique permet un accompagnement durant l\u2019exercice de ses droits en tant qu'assur\u00e9. Prix et conditions en d\u00e9tails","breadcrumb":{"@id":"https:\/\/guide.reassurez-moi.fr\/guide\/assurance-auto\/garantie-protection-juridique#breadcrumb"},"inLanguage":"fr-FR","potentialAction":[{"@type":"ReadAction","target":["https:\/\/guide.reassurez-moi.fr\/guide\/assurance-auto\/garantie-protection-juridique"]}]},{"@type":"BreadcrumbList","@id":"https:\/\/guide.reassurez-moi.fr\/guide\/assurance-auto\/garantie-protection-juridique#breadcrumb","itemListElement":[{"@type":"ListItem","position":1,"name":"Assurances","item":"https:\/\/guide.reassurez-moi.fr\/guide\/"},{"@type":"ListItem","position":2,"name":"Assurance auto","item":"https:\/\/guide.reassurez-moi.fr\/guide\/assurance-auto"},{"@type":"ListItem","position":3,"name":"Garantie protection juridique"}]},{"@type":"WebSite","@id":"https:\/\/guide.reassurez-moi.fr\/guide\/#website","url":"https:\/\/guide.reassurez-moi.fr\/guide\/","name":"R\u00e9assurez-moi","description":"Comparateur d&#039;assurances","potentialAction":[{"@type":"SearchAction","target":{"@type":"EntryPoint","urlTemplate":"https:\/\/guide.reassurez-moi.fr\/guide\/?s={search_term_string}"},"query-input":{"@type":"PropertyValueSpecification","valueRequired":true,"valueName":"search_term_string"}}],"inLanguage":"fr-FR"}]}},"acf":[],"_links":{"self":[{"href":"https:\/\/guide.reassurez-moi.fr\/guide\/wp-json\/wp\/v2\/pages\/31539","targetHints":{"allow":["GET"]}}],"collection":[{"href":"https:\/\/guide.reassurez-moi.fr\/guide\/wp-json\/wp\/v2\/pages"}],"about":[{"href":"https:\/\/guide.reassurez-moi.fr\/guide\/wp-json\/wp\/v2\/types\/page"}],"author":[{"embeddable":true,"href":"https:\/\/guide.reassurez-moi.fr\/guide\/wp-json\/wp\/v2\/users\/86"}],"replies":[{"embeddable":true,"href":"https:\/\/guide.reassurez-moi.fr\/guide\/wp-json\/wp\/v2\/comments?post=31539"}],"version-history":[{"count":1,"href":"https:\/\/guide.reassurez-moi.fr\/guide\/wp-json\/wp\/v2\/pages\/31539\/revisions"}],"predecessor-version":[{"id":216438,"href":"https:\/\/guide.reassurez-moi.fr\/guide\/wp-json\/wp\/v2\/pages\/31539\/revisions\/216438"}],"up":[{"embeddable":true,"href":"https:\/\/guide.reassurez-moi.fr\/guide\/wp-json\/wp\/v2\/pages\/15725"}],"wp:attachment":[{"href":"https:\/\/guide.reassurez-moi.fr\/guide\/wp-json\/wp\/v2\/media?parent=31539"}],"wp:term":[{"taxonomy":"category","embeddable":true,"href":"https:\/\/guide.reassurez-moi.fr\/guide\/wp-json\/wp\/v2\/categories?post=31539"},{"taxonomy":"page_topic","embeddable":true,"href":"https:\/\/guide.reassurez-moi.fr\/guide\/wp-json\/wp\/v2\/page_topic?post=31539"}],"curies":[{"name":"wp","href":"https:\/\/api.w.org\/{rel}","templated":true}]}}