{"id":31547,"date":"2018-07-25T12:45:58","date_gmt":"2018-07-25T11:45:58","guid":{"rendered":"https:\/\/reassurez-moi.fr\/guide\/?page_id=31547"},"modified":"2026-02-02T16:38:34","modified_gmt":"2026-02-02T15:38:34","slug":"garantie-catastrophe-naturelle","status":"publish","type":"page","link":"https:\/\/guide.reassurez-moi.fr\/guide\/assurance-auto\/garantie-catastrophe-naturelle","title":{"rendered":"Assurance auto &#8211; Garantie catastrophe naturelle"},"content":{"rendered":"\n<h1 class=\"wp-block-heading\" id=\"qu-est-ce-que-la-garantie-catastrophe-naturelle-de-l-assurance-auto\"><span data-sheets-value=\"{\"1\":2,\"2\":\"La garantie catastrophe naturelle de l'assurance auto\"}\" data-sheets-userformat=\"{\"2\":15235,\"3\":[null,0],\"4\":[null,2,16370588],\"10\":2,\"11\":0,\"12\":0,\"14\":[null,2,0],\"15\":\"Arial\",\"16\":12}\">Qu&rsquo;est-ce que la garantie catastrophe naturelle de l&rsquo;assurance auto<\/span> ?<\/h1>\n\n\n\n<p><strong>La survenue d\u2019une catastrophe naturelle entra\u00eene des cons\u00e9quences souvent d\u00e9sastreuses pour les biens mat\u00e9riels des particuliers. Il est cependant possible d\u2019\u00eatre indemnis\u00e9 gr\u00e2ce \u00e0 son assurance auto si votre v\u00e9hicule a \u00e9t\u00e9 endommag\u00e9. La caract\u00e9risation d\u2019un \u00e9v\u00e9nement climatique en tant que catastrophe naturelle est l\u00e9galement encadr\u00e9e en France. Dans quel cas peut-elle s&rsquo;appliquer ? Comment fonctionne-t-elle ? Toutes nos r\u00e9ponses !<\/strong><\/p>\n\n\n\n<h2 class=\"wp-block-heading\" id=\"quand-peut-on-parler-de-catastrophe-naturelle\">Quand peut-on parler de catastrophe naturelle ?<\/h2>\n\n\n\n<p><strong>La caract\u00e9risation d\u2019un \u00e9v\u00e9nement climatique de grande ampleur en tant que catastrophe naturelle est soumise \u00e0 la prise d\u2019un arr\u00eat\u00e9 minist\u00e9riel caract\u00e9risant le sinistre comme tel. <\/strong>Aucun accident ne r\u00e9sultant pas d\u2019une telle condition ne pourra \u00eatre indemnis\u00e9 en tant que cons\u00e9cutif \u00e0 une catastrophe naturelle (cependant, si vous y avez souscrit, d\u2019autres garanties d&rsquo;assurance auto pourront alors s\u2019appliquer).<\/p>\n\n\n\n<p><strong>Une catastrophe naturelle se d\u00e9finit comme un \u00e9v\u00e9nement climatique naturel dont la survenue est exceptionnelle<\/strong> et occasionne des dommages impr\u00e9visibles, que les mesures de pr\u00e9caution et de s\u00e9curit\u00e9 \u00e9ventuelles n\u2019ont pu pr\u00e9venir. Bien que la survenue d\u2019une catastrophe naturelle soit plus al\u00e9atoire que pour un accident de la route, les dommages engendr\u00e9s peuvent atteindre des montants tr\u00e8s \u00e9lev\u00e9s, justifiant la souscription \u00e0 la garantie catastrophe naturelle de l\u2019assurance auto. Le meilleur exemple r\u00e9cent est repr\u00e9sent\u00e9 par la temp\u00eate de d\u00e9cembre 1999 qui a frapp\u00e9 la France, entra\u00eenant des d\u00e9g\u00e2ts consid\u00e9rables.<br><strong>La premi\u00e8re condition permettant le fonctionnement de la garantie catastrophe naturelle est donc la publication au Journal Officiel<\/strong> de l\u2019arr\u00eat\u00e9 minist\u00e9riel attestant de la caract\u00e9risation du sinistre en tant que tel.<\/p>\n\n\n\n<p><strong>Dans l\u2019optique d\u2019aider \u00e0 la pr\u00e9vention et la compr\u00e9hension des risques li\u00e9s aux catastrophes naturelles, le gouvernement fran\u00e7ais a mis en place un site d\u00e9di\u00e9 : G\u00e9orisques.<\/strong> Cette plateforme propose une carte permettant d\u2019appr\u00e9cier le risque statistique de survenue d\u2019une catastrophe naturelle en fonction de la zone d\u2019habitation, une disposition particuli\u00e8rement utile en ce qui concerne les zones inondables.<\/p>\n\n\n\n<h2 class=\"wp-block-heading\" id=\"pourquoi-souscrire-a-la-garantie-catastrophe-naturelle-en-assurance-auto\">Pourquoi souscrire \u00e0 la garantie catastrophe naturelle en assurance auto&nbsp;?<\/h2>\n\n\n\n<p><strong>L\u2019\u00e9tat de catastrophe naturelle est strictement encadr\u00e9 par la loi fran\u00e7aise. Ainsi, compagnies d\u2019assurance et assur\u00e9s doivent prendre les dispositions qui s\u2019imposent pour respecter leurs devoirs et les droits de l\u2019autre partie. <\/strong>Pour \u00eatre applicable, elle doit \u00eatre compl\u00e9mentaire d\u2019une assurance de dommages (la <a href=\"https:\/\/reassurez-moi.fr\/guide\/assurance-auto\/garantie-tierce-collision\">garantie tierce collision<\/a>, garantie incendie ou bris de glace par exemple). Elle ne peut donc \u00eatre souscrite seule.&nbsp;Qu\u2019il s\u2019agisse des dommages caus\u00e9s au v\u00e9hicule ou \u00e0 son conducteur, n\u2019importe quelle couverture est possible \u00e0 partir du moment o\u00f9 les d\u00e9g\u00e2ts mat\u00e9riels et corporels sont pris en charge.<\/p>\n\n\n\n<p><strong>Dans le cadre de l\u2019assurance auto, la garantie catastrophe naturelle permet l\u2019indemnisation des conducteurs sinistr\u00e9s pour les dommages r\u00e9sultant de la survenue d\u2019un ph\u00e9nom\u00e8ne climatique de grande ampleur<\/strong>. La loi du 13 juillet 1982 encadre pr\u00e9cis\u00e9ment les d\u00e9g\u00e2ts correspondants en consid\u00e9rant que sont consid\u00e9r\u00e9s comme effets d\u2019une catastrophe naturelle <em>\u00ab&nbsp;les dommages mat\u00e9riels directs non assurables ayant eu pour cause d\u00e9terminante l\u2019intensit\u00e9 anormale d\u2019un agent naturel&nbsp;\u00bb<\/em>, d\u2019apr\u00e8s l\u2019<a href=\"https:\/\/www.legifrance.gouv.fr\/loda\/id\/JORFTEXT000000691989\" target=\"_blank\" rel=\"noreferrer noopener\">article L. 125.1 du Code des assurances<\/a>.<\/p>\n\n\n\n<p><strong>L\u2019indemnisation pr\u00e9vue en cons\u00e9quence est alors bienvenue et permet la prise en charge financi\u00e8re du pr\u00e9judice subi par la compagnie d\u2019assurance<\/strong>. L\u2019appr\u00e9ciation des dommages caus\u00e9s \u00e0 un v\u00e9hicule en assurance auto peut concerner des vitres bris\u00e9es, un pare-brise fractur\u00e9, une carrosserie ab\u00eem\u00e9e par la chute d\u2019un arbre, un toit caboss\u00e9 par la chute de gr\u00eale et une destruction totale ou partielle de la voiture.<\/p>\n\n\n\n<p><strong>Avant de souscrire, il est particuli\u00e8rement utile de comparer les tarifs et l\u2019\u00e9tendue de chaque assurance auto<\/strong>. Courtier d\u2019assurance en ligne, R\u00e9assurez-moi vous propose son propre comparateur d\u2019assurance auto dans le but de vous aider \u00e0 choisir la formule la plus int\u00e9ressante selon votre profil et votre budget. Cet outil simple d\u2019utilisation et totalement gratuit permet d\u2019\u00e9viter de mandater de nombreux assureurs en demandant des devis d\u2019assurance auto multiples. Si la garantie catastrophe naturelle constitue un imp\u00e9ratif pour vous, vous aurez \u00e9galement la possibilit\u00e9 de conna\u00eetre son fonctionnement et les modalit\u00e9s d\u2019application en fonction des offres de chaque compagnie d\u2019assurance.<\/p>\n\n\n\n<div class=\"wp-block-rm-advertizing-block fix-in-sidebar advertising-block-sidebar-item\">\n    <div class=\"image-container flex justify-center align-items-center\">\n        <img decoding=\"async\" src=\"https:\/\/guide.reassurez-moi.fr\/guide\/wp-content\/uploads\/2025\/06\/team_opti_short.png\"\n             alt=\"reassurez-moi illustration\"\n             class=\"wp-block-rm-advertizing-image\"\n             loading=\"lazy\"\n        \/>\n    <\/div>\n    <div class=\"rm-advertblock-container flex flex-column justify-center align-items-start\">\n        <p class=\"wp-block-rm-advertizing-text\">\n            Assurance auto\n        <\/p>\n        <p class=\"wp-block-rm-advertizing-sub-text\">\n            les meilleures offres 2026\n        <\/p>\n        <a\n            href=\"https:\/\/reassurez-moi.fr\/guide\/assurance-auto\"\n            class=\"wp-block-rm-advertizing-button\"\n        >\n            <span class=\"wp-block-rm-advertizing-button-text\">\n                Comparer\n            <\/span>\n            <span class=\"wp-block-rm-advertizing-button-sub-text\">\n                les assurances auto\n            <\/span>\n        <\/a>\n    <\/div>\n<\/div>\n\n\n\n<h2 class=\"wp-block-heading\" id=\"que-couvre-la-garantie-catastrophe-naturelle-de-l-assurance-auto\">Que couvre la garantie catastrophe naturelle de l&rsquo;assurance auto ?<\/h2>\n\n\n\n<p><strong>La garantie catastrophe naturelle permet d\u2019indemniser les assur\u00e9s sinistr\u00e9s<\/strong> lorsque qu\u2019un \u00e9v\u00e9nement climatique impr\u00e9vu et de grande ampleur lui a caus\u00e9 des d\u00e9g\u00e2ts, ainsi qu\u2019\u00e0 son v\u00e9hicule. Parmi les catastrophes naturelles les plus \u00ab&nbsp;communes&nbsp;\u00bb, il est possible de citer&nbsp;:<\/p>\n\n\n\n<ul class=\"wp-block-list\"><li>Les orages,<\/li><li>Les ouragans,<\/li><li>Les chutes de gr\u00eale,<\/li><li>Les tremblements de terre,<\/li><li>Les tornades,<\/li><li>Les vents violents,<\/li><li>Les inondations,<\/li><li>Les s\u00e9ismes,<\/li><li>Les \u00e9ruptions volcaniques,<\/li><li>Les cyclones,<\/li><li>Les tsunamis,<\/li><li>Les mouvements de terrain,<\/li><li>Les avalanches,<\/li><li>Les blizzards.<\/li><\/ul>\n\n\n\n<h2 class=\"wp-block-heading\" id=\"quelle-indemnisation-de-l-assurance-auto-en-cas-de-catastrophe-naturelle\">Quelle indemnisation de l&rsquo;assurance auto en cas de catastrophe naturelle ?<\/h2>\n\n\n\n<p><strong>Les d\u00e9g\u00e2ts pris en charge par l&rsquo;assurance auto en cas de catastrophe naturelle&nbsp;<\/strong><br>L\u2019indemnisation cons\u00e9cutive \u00e0 un al\u00e9a climatique exceptionnel permet la prise en charge de nombreux dommages pour le v\u00e9hicule touch\u00e9 et particuli\u00e8rement&nbsp;:<\/p>\n\n\n\n<ul class=\"wp-block-list\"><li>Les frais de r\u00e9parations et de contr\u00f4le technique<\/li><li>Les frais de d\u00e9molition ou d\u00e9blayage<\/li><li>Les frais engag\u00e9s pour des mesures de sauvetage comme le pompage, la d\u00e9sinfection ou le nettoyage<\/li><li>Les frais d\u2019\u00e9tude g\u00e9otechnique (plus souvent engag\u00e9s pour l\u2019assurance habitation)<\/li><\/ul>\n\n\n\n<p><strong>Il est possible de d\u00e9terminer plusieurs niveaux d\u2019indemnisation<\/strong><br>Ces derniers seront choisis en fonction de la valeur souhait\u00e9e, et souscrites avec l\u2019assureur au moment de l\u2019adh\u00e9sion&nbsp;:<\/p>\n\n\n\n<ul class=\"wp-block-list\"><li>Le remboursement en valeur d\u2019usage, avec prise en compte de l\u2019usure et du taux de v\u00e9tust\u00e9, bas\u00e9 sur la cote \u00e0 l\u2019Argus de la voiture.<\/li><li>Le remboursement en valeur conventionnelle, qui repr\u00e9sente une somme fix\u00e9e pr\u00e9alablement et vers\u00e9e de la m\u00eame mani\u00e8re quelle que soit la gravit\u00e9 du sinistre.<\/li><li>Le remboursement en valeur \u00e0 neuf, qui suppose une prime plus \u00e9lev\u00e9e mais permet l\u2019indemnisation au prix d\u2019achat, particuli\u00e8rement utile pour un v\u00e9hicule neuf ou de grande valeur.<\/li><\/ul>\n\n\n\n<p><strong>Dans tous les cas, un expert peut \u00eatre mandat\u00e9 par l\u2019assureur pour r\u00e9diger un rapport d\u2019expertise destin\u00e9 \u00e0 estimer financi\u00e8rement le pr\u00e9judice subi<\/strong> et constater que les d\u00e9clarations de l\u2019assur\u00e9 sont conformes \u00e0 la situation r\u00e9elle. La compagnie d\u2019assurance se base ensuite sur son travail pour d\u00e9cider de la somme rembours\u00e9e \u00e0 son client, qui peut accepter ou contester en demandant une contre-expertise, voire une tierce expertise si le d\u00e9saccord persiste.<\/p>\n\n\n\n<h2 class=\"wp-block-heading\" id=\"comment-faire-une-declaration-du-sinistre-catastrophe-naturelle-a-son-assurance-auto\">Comment faire une d\u00e9claration du sinistre catastrophe naturelle \u00e0 son assurance auto ?<\/h2>\n\n\n\n<p><strong>En ce qui concerne la d\u00e9claration de sinistre, l\u2019assur\u00e9 dispose de 10 jours apr\u00e8s la publication de l\u2019arr\u00eat\u00e9 minist\u00e9riel <\/strong>pour envoyer une preuve \u00e0 son assureur. Il convient dans ce cadre d\u2019envoyer tous les documents annexes permettant de simplifier le travail de l\u2019expert et d\u2019acc\u00e9l\u00e9rer la proc\u00e9dure d\u2019indemnisation. Les photographies sont bienvenues, les articles de presse ou les bulletins \u00e9mis par M\u00e9t\u00e9o France, tout comme les preuves d\u2019achat comme les tickets de caisse.<\/p>\n\n\n\n<p>Aucune r\u00e9paration ne doit \u00eatre effectu\u00e9e sans en avoir averti la compagnie d\u2019assurance au pr\u00e9alable afin de pouvoir conna\u00eetre les modalit\u00e9s de remboursement. Dans le cas o\u00f9 un d\u00e9blayage d\u2019urgence devrait \u00eatre entrepris, il est n\u00e9cessaire de conserver la facture de l\u2019intervention pour que cette derni\u00e8re puisse \u00eatre aussi prise en charge.<\/p>\n\n\n\n<h2 class=\"wp-block-heading\" id=\"le-cout-de-la-garantie-catastrophe-naturelle-en-assurance-auto\">Le co\u00fbt de la garantie catastrophe naturelle en assurance auto<\/h2>\n\n\n\n<p><strong>La prime pour la garantie catastrophe naturelle en tant que couverture additionnelle suppose quelques dizaines d\u2019euros par an.<\/strong> Elle peut n\u00e9anmoins \u00eatre \u00ab&nbsp;gratuite&nbsp;\u00bb si elle est automatiquement comprise dans la formule d\u2019<a href=\"https:\/\/reassurez-moi.fr\/guide\/assurance-auto\/tous-risques\">assurance tous risques<\/a>. L\u2019assur\u00e9 peut par ailleurs voir les sommes d\u00e9bours\u00e9es s\u2019\u00e9lever en cas de demande d\u2019une contre-expertise ou d\u2019une tierce expertise, sauf s\u2019il a souscrit \u00e0 une <a href=\"https:\/\/reassurez-moi.fr\/guide\/assurance-auto\/garantie-protection-juridique\">garantie d&rsquo;assurance auto protection juridique<\/a> permettant la prise en charge de ces frais, protection qui ne permet g\u00e9n\u00e9ralement pas de se retourner contre son assureur.<\/p>\n\n\n\n<p>Le montant de la franchise est fix\u00e9 l\u00e9galement \u00e0 380 \u20ac pour une catastrophe naturelle ou 1&nbsp;520 \u20ac pour une cons\u00e9quence de s\u00e9cheresse ou de r\u00e9hydratation des sols. Elle ne peut \u00eatre modifi\u00e9e par la compagnie d\u2019assurance.<\/p>\n\n\n\n<p>Les plafonds d\u2019indemnisation sont en revanche laiss\u00e9s librement \u00e0 l\u2019appr\u00e9ciation de l\u2019assureur et peuvent \u00eatre relativement bas.<\/p>\n\n\n\n<p><strong>L\u2019existence de cette couverture implique \u00e9galement celle d\u2019exclusions de garanties, <\/strong>comme l\u2019absence d\u2019indemnisation en cas de conduite du v\u00e9hicule au plus fort d\u2019une temp\u00eate ou si la voiture \u00e9tait gar\u00e9e dehors alors qu\u2019un garage est d\u00e9clar\u00e9 dans le contrat d\u2019assurance auto, par exemple (<a href=\"https:\/\/reassurez-moi.fr\/guide\/assurance-auto\/garage-agree\/allianz\">garage Allianz<\/a> par exemple).<\/p>\n\n\n\n<h2 class=\"wp-block-heading\" id=\"ne-pas-confondre-la-garantie-catastrophe-naturelle-la-garantie-tempete-et-la-garantie-intemperies\">Ne pas confondre la garantie catastrophe naturelle, la garantie temp\u00eate et la garantie intemp\u00e9ries<\/h2>\n\n\n\n<p><strong>Dans le cas o\u00f9 l\u2019arr\u00eat\u00e9 minist\u00e9riel ne serait pas pris et ne permettrait pas de caract\u00e9riser le sinistre en tant que catastrophe naturelle,<\/strong> une garantie temp\u00eate peut \u00eatre souscrite pour l\u2019assurance auto. Celle-ci implique la survenue d\u2019un \u00e9v\u00e9nement pr\u00e9cis, qui doit pouvoir \u00eatre attest\u00e9e par une station m\u00e9t\u00e9orologique, avec des vents relev\u00e9s \u00e0 plus de 100 Km\/h, ou la pr\u00e9sence effective de dommages similaires \u00e0 des habitations ou des v\u00e9hicules dans un p\u00e9rim\u00e8tre de 5 kilom\u00e8tres.<br><strong>Cette garantie particuli\u00e8re est g\u00e9n\u00e9ralement incluse par d\u00e9faut dans toutes les garanties de dommages de l\u2019assurance auto,<\/strong> et reste plus performante qu\u2019une simple <a href=\"https:\/\/reassurez-moi.fr\/guide\/assurance-auto\/garantie-bris-glace\">garantie bris de glace<\/a>.<br>Pour l\u2019application de la garantie temp\u00eate, la d\u00e9claration de sinistre doit se faire dans les 5 jours ouvr\u00e9s suivant sa constatation, s\u2019agissant de dommages plus \u00ab&nbsp;classiques&nbsp;\u00bb. L\u2019indemnisation interviendra alors selon les clauses du contrat d\u2019assurance auto, qu\u2019il s\u2019agit de conna\u00eetre via les conditions g\u00e9n\u00e9rales de votre contrat.<\/p>\n\n\n\n<p><strong>Il ne faut pas non plus confondre la garantie catastrophe naturelle et la <a href=\"https:\/\/reassurez-moi.fr\/guide\/assurance-auto\/garantie-intemperies\">garantie intemp\u00e9ries<\/a>. <\/strong>Cette derni\u00e8re, facultative aussi, n&rsquo;est ni soumise \u00e0 un arr\u00eat\u00e9 minist\u00e9riel, ni obligatoirement li\u00e9e \u00e0 une assurance dommages de l&rsquo;assurance auto.&nbsp;La garantie intemp\u00e9ries concerne aussi les \u00e9v\u00e8nements climatiques, mais moins cons\u00e9quents, comme les d\u00e9g\u00e2ts li\u00e9s \u00e0 la pluie, la gr\u00eale, le vent, la neige, ou encore le verglas par exemple. Cette garantie est souvent &nbsp;utile pour les v\u00e9hicules ouverts ou les motards, car cela leur permet de la souscrire uniquement quelques mois dans l&rsquo;ann\u00e9e, dans le but de r\u00e9aliser des \u00e9conomies sur leur assurance.<\/p>\n","protected":false},"excerpt":{"rendered":"<p>Qu&rsquo;est-ce que la garantie catastrophe naturelle de l&rsquo;assurance auto ? La survenue d\u2019une catastrophe naturelle entra\u00eene des cons\u00e9quences souvent d\u00e9sastreuses pour les biens mat\u00e9riels des particuliers. Il est cependant possible d\u2019\u00eatre indemnis\u00e9 gr\u00e2ce \u00e0 son assurance auto si votre v\u00e9hicule a \u00e9t\u00e9 endommag\u00e9. La caract\u00e9risation d\u2019un \u00e9v\u00e9nement climatique en tant que catastrophe naturelle est l\u00e9galement\u2026<\/p>\n","protected":false},"author":86,"featured_media":0,"parent":15725,"menu_order":0,"comment_status":"open","ping_status":"closed","template":"","meta":{"_acf_changed":false,"footnotes":""},"categories":[],"page_topic":[734],"class_list":["post-31547","page","type-page","status-publish","hentry"],"yoast_head":"<!-- This site is optimized with the Yoast SEO plugin v24.7 - https:\/\/yoast.com\/wordpress\/plugins\/seo\/ -->\n<title>Assurance auto et catastrophe naturelle, quelle indemnisation ?<\/title>\n<meta name=\"description\" content=\"Quels \u00e9v\u00e8nements sont couverts par la garantie catastrophe naturelle ? Combien co\u00fbte la garantie ? Comment fonctionne l&#039;indemnisation ?\" \/>\n<meta name=\"robots\" content=\"index, follow, max-snippet:-1, max-image-preview:large, max-video-preview:-1\" \/>\n<link rel=\"canonical\" href=\"https:\/\/guide.reassurez-moi.fr\/guide\/assurance-auto\/garantie-catastrophe-naturelle\" \/>\n<meta property=\"og:locale\" content=\"fr_FR\" \/>\n<meta property=\"og:type\" content=\"article\" \/>\n<meta property=\"og:title\" content=\"Assurance auto et catastrophe naturelle, quelle indemnisation ?\" \/>\n<meta property=\"og:description\" content=\"Quels \u00e9v\u00e8nements sont couverts par la garantie catastrophe naturelle ? Combien co\u00fbte la garantie ? Comment fonctionne l&#039;indemnisation ?\" \/>\n<meta property=\"og:url\" content=\"https:\/\/guide.reassurez-moi.fr\/guide\/assurance-auto\/garantie-catastrophe-naturelle\" \/>\n<meta property=\"og:site_name\" content=\"R\u00e9assurez-moi\" \/>\n<meta property=\"article:publisher\" content=\"https:\/\/www.facebook.com\/R%c3%a9assurez-moi-209456495889479\/\" \/>\n<meta property=\"article:modified_time\" content=\"2026-02-02T15:38:34+00:00\" \/>\n<meta property=\"og:image\" content=\"https:\/\/guide.reassurez-moi.fr\/guide\/wp-content\/uploads\/2018\/04\/image-de-partage.png\" \/>\n\t<meta property=\"og:image:width\" content=\"500\" \/>\n\t<meta property=\"og:image:height\" content=\"160\" \/>\n\t<meta property=\"og:image:type\" content=\"image\/png\" \/>\n<meta name=\"twitter:card\" content=\"summary_large_image\" \/>\n<meta name=\"twitter:site\" content=\"@reassurezmoi\" \/>\n<meta name=\"twitter:label1\" content=\"Dur\u00e9e de lecture estim\u00e9e\" \/>\n\t<meta name=\"twitter:data1\" content=\"9 minutes\" \/>\n<script type=\"application\/ld+json\" class=\"yoast-schema-graph\">{\"@context\":\"https:\/\/schema.org\",\"@graph\":[{\"@type\":\"WebPage\",\"@id\":\"https:\/\/guide.reassurez-moi.fr\/guide\/assurance-auto\/garantie-catastrophe-naturelle\",\"url\":\"https:\/\/guide.reassurez-moi.fr\/guide\/assurance-auto\/garantie-catastrophe-naturelle\",\"name\":\"Assurance auto et catastrophe naturelle, quelle indemnisation ?\",\"isPartOf\":{\"@id\":\"https:\/\/guide.reassurez-moi.fr\/guide\/#website\"},\"datePublished\":\"2018-07-25T11:45:58+00:00\",\"dateModified\":\"2026-02-02T15:38:34+00:00\",\"description\":\"Quels \u00e9v\u00e8nements sont couverts par la garantie catastrophe naturelle ? Combien co\u00fbte la garantie ? Comment fonctionne l'indemnisation ?\",\"breadcrumb\":{\"@id\":\"https:\/\/guide.reassurez-moi.fr\/guide\/assurance-auto\/garantie-catastrophe-naturelle#breadcrumb\"},\"inLanguage\":\"fr-FR\",\"potentialAction\":[{\"@type\":\"ReadAction\",\"target\":[\"https:\/\/guide.reassurez-moi.fr\/guide\/assurance-auto\/garantie-catastrophe-naturelle\"]}]},{\"@type\":\"BreadcrumbList\",\"@id\":\"https:\/\/guide.reassurez-moi.fr\/guide\/assurance-auto\/garantie-catastrophe-naturelle#breadcrumb\",\"itemListElement\":[{\"@type\":\"ListItem\",\"position\":1,\"name\":\"Assurances\",\"item\":\"https:\/\/guide.reassurez-moi.fr\/guide\/\"},{\"@type\":\"ListItem\",\"position\":2,\"name\":\"Assurance auto\",\"item\":\"https:\/\/guide.reassurez-moi.fr\/guide\/assurance-auto\"},{\"@type\":\"ListItem\",\"position\":3,\"name\":\"Garantie catastrophe naturelle\"}]},{\"@type\":\"WebSite\",\"@id\":\"https:\/\/guide.reassurez-moi.fr\/guide\/#website\",\"url\":\"https:\/\/guide.reassurez-moi.fr\/guide\/\",\"name\":\"R\u00e9assurez-moi\",\"description\":\"Comparateur d&#039;assurances\",\"potentialAction\":[{\"@type\":\"SearchAction\",\"target\":{\"@type\":\"EntryPoint\",\"urlTemplate\":\"https:\/\/guide.reassurez-moi.fr\/guide\/?s={search_term_string}\"},\"query-input\":{\"@type\":\"PropertyValueSpecification\",\"valueRequired\":true,\"valueName\":\"search_term_string\"}}],\"inLanguage\":\"fr-FR\"}]}<\/script>\n<!-- \/ Yoast SEO plugin. -->","yoast_head_json":{"title":"Assurance auto et catastrophe naturelle, quelle indemnisation ?","description":"Quels \u00e9v\u00e8nements sont couverts par la garantie catastrophe naturelle ? Combien co\u00fbte la garantie ? Comment fonctionne l'indemnisation ?","robots":{"index":"index","follow":"follow","max-snippet":"max-snippet:-1","max-image-preview":"max-image-preview:large","max-video-preview":"max-video-preview:-1"},"canonical":"https:\/\/guide.reassurez-moi.fr\/guide\/assurance-auto\/garantie-catastrophe-naturelle","og_locale":"fr_FR","og_type":"article","og_title":"Assurance auto et catastrophe naturelle, quelle indemnisation ?","og_description":"Quels \u00e9v\u00e8nements sont couverts par la garantie catastrophe naturelle ? Combien co\u00fbte la garantie ? Comment fonctionne l'indemnisation ?","og_url":"https:\/\/guide.reassurez-moi.fr\/guide\/assurance-auto\/garantie-catastrophe-naturelle","og_site_name":"R\u00e9assurez-moi","article_publisher":"https:\/\/www.facebook.com\/R%c3%a9assurez-moi-209456495889479\/","article_modified_time":"2026-02-02T15:38:34+00:00","og_image":[{"width":500,"height":160,"url":"https:\/\/guide.reassurez-moi.fr\/guide\/wp-content\/uploads\/2018\/04\/image-de-partage.png","type":"image\/png"}],"twitter_card":"summary_large_image","twitter_site":"@reassurezmoi","twitter_misc":{"Dur\u00e9e de lecture estim\u00e9e":"9 minutes"},"schema":{"@context":"https:\/\/schema.org","@graph":[{"@type":"WebPage","@id":"https:\/\/guide.reassurez-moi.fr\/guide\/assurance-auto\/garantie-catastrophe-naturelle","url":"https:\/\/guide.reassurez-moi.fr\/guide\/assurance-auto\/garantie-catastrophe-naturelle","name":"Assurance auto et catastrophe naturelle, quelle indemnisation ?","isPartOf":{"@id":"https:\/\/guide.reassurez-moi.fr\/guide\/#website"},"datePublished":"2018-07-25T11:45:58+00:00","dateModified":"2026-02-02T15:38:34+00:00","description":"Quels \u00e9v\u00e8nements sont couverts par la garantie catastrophe naturelle ? Combien co\u00fbte la garantie ? Comment fonctionne l'indemnisation ?","breadcrumb":{"@id":"https:\/\/guide.reassurez-moi.fr\/guide\/assurance-auto\/garantie-catastrophe-naturelle#breadcrumb"},"inLanguage":"fr-FR","potentialAction":[{"@type":"ReadAction","target":["https:\/\/guide.reassurez-moi.fr\/guide\/assurance-auto\/garantie-catastrophe-naturelle"]}]},{"@type":"BreadcrumbList","@id":"https:\/\/guide.reassurez-moi.fr\/guide\/assurance-auto\/garantie-catastrophe-naturelle#breadcrumb","itemListElement":[{"@type":"ListItem","position":1,"name":"Assurances","item":"https:\/\/guide.reassurez-moi.fr\/guide\/"},{"@type":"ListItem","position":2,"name":"Assurance auto","item":"https:\/\/guide.reassurez-moi.fr\/guide\/assurance-auto"},{"@type":"ListItem","position":3,"name":"Garantie catastrophe naturelle"}]},{"@type":"WebSite","@id":"https:\/\/guide.reassurez-moi.fr\/guide\/#website","url":"https:\/\/guide.reassurez-moi.fr\/guide\/","name":"R\u00e9assurez-moi","description":"Comparateur d&#039;assurances","potentialAction":[{"@type":"SearchAction","target":{"@type":"EntryPoint","urlTemplate":"https:\/\/guide.reassurez-moi.fr\/guide\/?s={search_term_string}"},"query-input":{"@type":"PropertyValueSpecification","valueRequired":true,"valueName":"search_term_string"}}],"inLanguage":"fr-FR"}]}},"acf":[],"_links":{"self":[{"href":"https:\/\/guide.reassurez-moi.fr\/guide\/wp-json\/wp\/v2\/pages\/31547","targetHints":{"allow":["GET"]}}],"collection":[{"href":"https:\/\/guide.reassurez-moi.fr\/guide\/wp-json\/wp\/v2\/pages"}],"about":[{"href":"https:\/\/guide.reassurez-moi.fr\/guide\/wp-json\/wp\/v2\/types\/page"}],"author":[{"embeddable":true,"href":"https:\/\/guide.reassurez-moi.fr\/guide\/wp-json\/wp\/v2\/users\/86"}],"replies":[{"embeddable":true,"href":"https:\/\/guide.reassurez-moi.fr\/guide\/wp-json\/wp\/v2\/comments?post=31547"}],"version-history":[{"count":1,"href":"https:\/\/guide.reassurez-moi.fr\/guide\/wp-json\/wp\/v2\/pages\/31547\/revisions"}],"predecessor-version":[{"id":216433,"href":"https:\/\/guide.reassurez-moi.fr\/guide\/wp-json\/wp\/v2\/pages\/31547\/revisions\/216433"}],"up":[{"embeddable":true,"href":"https:\/\/guide.reassurez-moi.fr\/guide\/wp-json\/wp\/v2\/pages\/15725"}],"wp:attachment":[{"href":"https:\/\/guide.reassurez-moi.fr\/guide\/wp-json\/wp\/v2\/media?parent=31547"}],"wp:term":[{"taxonomy":"category","embeddable":true,"href":"https:\/\/guide.reassurez-moi.fr\/guide\/wp-json\/wp\/v2\/categories?post=31547"},{"taxonomy":"page_topic","embeddable":true,"href":"https:\/\/guide.reassurez-moi.fr\/guide\/wp-json\/wp\/v2\/page_topic?post=31547"}],"curies":[{"name":"wp","href":"https:\/\/api.w.org\/{rel}","templated":true}]}}