{"id":32946,"date":"2018-07-09T17:11:42","date_gmt":"2018-07-09T16:11:42","guid":{"rendered":"https:\/\/reassurez-moi.fr\/guide\/?page_id=32946"},"modified":"2026-02-02T15:12:35","modified_gmt":"2026-02-02T14:12:35","slug":"senior","status":"publish","type":"page","link":"https:\/\/guide.reassurez-moi.fr\/guide\/assurance-auto\/senior","title":{"rendered":"Assurance auto &#8211; Senior"},"content":{"rendered":"\n<h1 class=\"wp-block-heading\" id=\"quelle-assurance-auto-pour-senior\">Quelle assurance auto pour senior ?<\/h1>\n\n\n\n<p><strong>L\u2019assurance auto est souvent consid\u00e9r\u00e9e trop ch\u00e8re pour la plupart des conducteurs, notamment lorsque le risque d\u2019\u00eatre r\u00e9sili\u00e9 en cas de sinistre augmente avec l\u2019\u00e2ge. Les s\u00e9niors sont consid\u00e9r\u00e9s comme pr\u00e9sentant un risque accru par les assureurs : si l\u2019\u00e2ge pour \u00eatre consid\u00e9r\u00e9 s\u00e9nior varie selon les compagnies d\u2019assurance, toutes s\u2019accordent \u00e0 faire augmenter leurs prix pour ces conducteurs.&nbsp;Pour autant, des solutions existent pour \u00eatre bien assur\u00e9 \u00e0 prix abordable, en tant que senior. On vous explique. <\/strong><\/p>\n\n\n\n<h2 class=\"wp-block-heading\" id=\"quelle-assurance-auto-pour-les-conducteurs-seniors\">Quelle assurance auto pour les conducteurs s\u00e9niors ?<\/h2>\n\n\n\n<h3 class=\"wp-block-heading\" id=\"identifier-ses-besoins-apres-80-ou-90-ans\">Identifier ses besoins apr\u00e8s 80 ou 90 ans<\/h3>\n\n\n\n<p><strong>L\u2019absence de garanties destin\u00e9es aux s\u00e9niors doit pousser ces derniers \u00e0 prendre des dispositions particuli\u00e8res pour leur assurance auto. <\/strong>Ils doivent accepter l\u2019augmentation du risque qu\u2019ils pr\u00e9sentent et r\u00e9percuter ce facteur sur le choix des garanties s\u00e9lectionn\u00e9es pour \u00e9viter de payer trop cher. Il est avant tout n\u00e9cessaire de&nbsp;n\u00e9gocier&nbsp;avec son conseiller, une pratique tout \u00e0 fait envisageable, notamment lorsque l\u2019on est client depuis plusieurs ann\u00e9es, ce qui peut pousser l\u2019assureur \u00e0 \u00eatre plus flexible.<br><br><strong>Il est aussi important de prendre en consid\u00e9ration le type de v\u00e9hicule utilis\u00e9, crit\u00e8re de d\u00e9termination de la prime.<\/strong> Si le conducteur estime que le nombre d\u2019heures pass\u00e9es au volant va grandement diminuer avec le passage \u00e0 la retraite, il peut \u00eatre int\u00e9ressant de conserver son v\u00e9hicule, m\u00eame ancien, plut\u00f4t que d\u2019envisager d\u2019acheter une voiture neuve. Il s\u2019av\u00e8re qu\u2019un v\u00e9hicule ayant d\u00e9j\u00e0 quelques ann\u00e9es pr\u00e9sente l\u2019avantage de co\u00fbter moins cher en r\u00e9parations en cas de sinistre. Par ailleurs, il peut \u00eatre b\u00e9n\u00e9fique de ne conserver qu\u2019une seule voiture pour le&nbsp;<a rel=\"noopener noreferrer\" href=\"https:\/\/reassurez-moi.fr\/guide\/assurance-auto\/couple\" target=\"_blank\">couple<\/a>, si la n\u00e9cessit\u00e9 de se d\u00e9placer diminue, afin d\u2019inscrire l\u2019un des conjoints en tant que conducteur secondaire.<\/p>\n\n\n\n<div style=\"height:20px\" aria-hidden=\"true\" class=\"wp-block-spacer\"><\/div>\n\n\n\n<h3 class=\"wp-block-heading\" id=\"les-specificites-de-l-assurance-auto-pour-un-conducteur-age\">Les sp\u00e9cificit\u00e9s de l\u2019assurance auto pour un conducteur \u00e2g\u00e9<\/h3>\n\n\n\n<p><strong>Bien qu\u2019aucune garantie de l\u2019assurance auto ne soit explicitement destin\u00e9e aux s\u00e9niors, il existe pourtant des solutions pour payer moins cher sa couverture.<\/strong> Certains assureurs proposent ainsi des modalit\u00e9s de paiement flexibles, comme le r\u00e8glement de la prime en plusieurs fois sans frais ou l\u2019extension du d\u00e9lai pour r\u00e9gler un impay\u00e9, pour compenser la diminution des revenus.<br><br><strong>D\u2019autres incluent automatiquement la\u00a0<a href=\"https:\/\/reassurez-moi.fr\/guide\/assurance-auto\/garantie-conducteur\">garantie personnelle du conducteur<\/a>\u00a0dans tous les nivaux de protection offerts<\/strong>, afin d\u2019indemniser les \u00e9ventuels dommages corporels qui pourraient d\u00e9couler d\u2019un accident de la route par exemple. Certaines compagnies d\u2019assurance proposent m\u00eame des r\u00e9ductions en cas d\u2019utilisation fr\u00e9quente des transports en commun, diminuant de fait l\u2019utilisation de la voiture et donc la survenue d\u2019un sinistre. Enfin, il peut \u00eatre tr\u00e8s utile pour diminuer les co\u00fbts de souscrire une\u00a0<a href=\"https:\/\/reassurez-moi.fr\/guide\/assurance-auto\/au-kilometre\">assurance auto au kilom\u00e8tre<\/a>, qui permettra de ne payer que pour la distance parcourue.<\/p>\n\n\n\n<div style=\"height:20px\" aria-hidden=\"true\" class=\"wp-block-spacer\"><\/div>\n\n\n\n<div class=\"wp-block-rm-advertizing-block fix-in-sidebar advertising-block-sidebar-item\">\n    <div class=\"image-container flex justify-center align-items-center\">\n        <img decoding=\"async\" src=\"https:\/\/guide.reassurez-moi.fr\/guide\/wp-content\/uploads\/2025\/06\/team_opti_short.png\"\n             alt=\"reassurez-moi illustration\"\n             class=\"wp-block-rm-advertizing-image\"\n             loading=\"lazy\"\n        \/>\n    <\/div>\n    <div class=\"rm-advertblock-container flex flex-column justify-center align-items-start\">\n        <p class=\"wp-block-rm-advertizing-text\">\n            Assurance auto\n        <\/p>\n        <p class=\"wp-block-rm-advertizing-sub-text\">\n            les meilleures offres 2026\n        <\/p>\n        <a\n            href=\"https:\/\/reassurez-moi.fr\/guide\/assurance-auto\"\n            class=\"wp-block-rm-advertizing-button\"\n        >\n            <span class=\"wp-block-rm-advertizing-button-text\">\n                Comparer\n            <\/span>\n            <span class=\"wp-block-rm-advertizing-button-sub-text\">\n                les assurances auto\n            <\/span>\n        <\/a>\n    <\/div>\n<\/div>\n\n\n\n\n\n<h2 class=\"wp-block-heading\" id=\"quel-tarif-pour-l-assurance-auto-d-un-retraite\">Quel tarif pour l&rsquo;assurance auto d&rsquo;un retrait\u00e9 ?<\/h2>\n\n\n\n<h3 class=\"wp-block-heading\" id=\"un-cout-plus-eleve-pour-l-assurance-auto-des-seniors\">Un co\u00fbt plus \u00e9lev\u00e9 pour l&rsquo;assurance auto des s\u00e9niors<\/h3>\n\n\n\n<p><strong>L\u2019assurance auto s\u00e9niors sera plus on\u00e9reuse, un moyen pour de compenser l\u2019augmentation du risque induite par l\u2019avanc\u00e9e de l\u2019\u00e2ge.<\/strong> Une surprime sera alors appliqu\u00e9e, \u00e0 la mani\u00e8re de celle que subissent les jeunes conducteurs pour prendre en compte leur inexp\u00e9rience.<br><br><strong>Par ailleurs, les compagnies d\u2019assurance auront tendance \u00e0 proc\u00e9der plus facilement \u00e0 la r\u00e9siliation du contrat auto en cas de sinistre. <\/strong>Cette disposition est d\u2019autant plus vraie lorsqu\u2019il s\u2019agit d\u2019un accident responsable et les s\u00e9niors ont tout int\u00e9r\u00eat \u00e0 redoubler de vigilance au volant, les assureurs n\u2019\u00e9tant pas dispos\u00e9s \u00e0 leur faire de cadeaux.<\/p>\n\n\n\n<div style=\"height:20px\" aria-hidden=\"true\" class=\"wp-block-spacer\"><\/div>\n\n\n\n<h3 class=\"wp-block-heading\" id=\"etablir-un-comparatif-pour-son-assurance-auto\">\u00c9tablir un comparatif pour son assurance auto<\/h3>\n\n\n\n<p><strong>R\u00e9assurez-moi fait partie des\u00a0<a href=\"https:\/\/reassurez-moi.fr\/guide\/assurance-auto\">courtiers d\u2019assurance auto<\/a>\u00a0en ligne et met \u00e9galement \u00e0 votre disposition son propre comparateur d\u2019assurance auto.<\/strong> Rapide, simple d\u2019utilisation et efficace, il vous permettra d\u2019avoir une id\u00e9e claire des pratiques tarifaires des diff\u00e9rents assureurs. Vous avez ainsi la certitude de r\u00e9aliser des \u00e9conomies et de gagner du temps dans vos d\u00e9marches.<br><br><strong>Il s\u2019av\u00e8re que consulter personnellement les diverses compagnies d\u2019assurance peut \u00eatre une m\u00e9thode longue et fastidieuse. <\/strong>Vous devriez alors comparer vous-m\u00eame les diff\u00e9rents\u00a0devis d\u2019assurance auto\u00a0obtenus et d\u00e9terminer seul le plus avantageux. Le comparateur d\u2019assurance voiture propos\u00e9 par R\u00e9assurez-moi fait le travail \u00e0 votre place en tr\u00e8s peu de temps et vous offre un comparatif pr\u00e9cis.<br><br><strong>Vous pouvez aussi envisager la r\u00e9siliation de l&rsquo;assurance auto d&rsquo;une personne \u00e2g\u00e9e dans la mesure o\u00f9 l&rsquo;assureur souhaiterait r\u00e9silier son contrat.<\/strong> Le cumul de l&rsquo;\u00e2ge et du statut de r\u00e9sili\u00e9 serait effectivement tr\u00e8s pr\u00e9judiciable pour retrouver un partenaire enclin \u00e0 couvrir le conducteur. L&rsquo;assureur peut effectivement annuler l&rsquo;assurance auto d&rsquo;un s\u00e9nior apr\u00e8s plusieurs sinistres, m\u00eame non-responsables, consid\u00e9rant que le risque est trop important. Ainsi, mieux vaut r\u00e9silier son assurance avant, et en choisir une autre plus adapt\u00e9e \u00e0 son profil.<\/p>\n\n\n\n\n\n<h2 class=\"wp-block-heading\" id=\"quelle-limite-d-age-pour-l-assurance-voiture\">Quelle limite d&rsquo;\u00e2ge pour l&rsquo;assurance voiture ?<\/h2>\n\n\n\n<p><strong>L\u2019opinion publique assimile souvent les s\u00e9niors aux personnes \u00e0 la retraite, voire d\u2019un \u00e2ge plus avanc\u00e9 que celui correspondant \u00e0 l\u2019arr\u00eat de l\u2019activit\u00e9. <\/strong>L\u2019\u00e2ge auquel une personne est consid\u00e9r\u00e9e en tant que s\u00e9nior d\u00e9pend pourtant des compagnies d\u2019assurance. Certaines font rentrer dans cette cat\u00e9gorie tout conducteur d\u00e9passant 55 ans, quand d\u2019autres attendent 60, 65, voire 70 ou 75 ans. La conduite ne n\u00e9cessite pourtant pas l\u2019obtention d\u2019un quelconque certificat m\u00e9dical attestant de la capacit\u00e9 \u00e0 conduire. <br><br><strong>Pour de nombreuses personnes \u00e2g\u00e9es, l\u2019utilisation de la voiture est synonyme de conservation de l\u2019autonomie. <\/strong>Il s\u2019av\u00e8re que les s\u00e9niors attachent grande importance \u00e0 leur ind\u00e9pendance, qu\u2019ils souhaitent garder le plus longtemps possible. L\u2019arr\u00eat de l\u2019activit\u00e9 professionnelle et le passage \u00e0 la retraite implique pourtant une baisse significative des revenus et il devient important de r\u00e9duire le prix des d\u00e9penses. L\u2019assurance auto suppose pour autant l\u2019adh\u00e9sion \u00e0 un minimum l\u00e9gal&nbsp;<a rel=\"noopener noreferrer\" href=\"https:\/\/reassurez-moi.fr\/guide\/assurance-auto\/obligatoire\" target=\"_blank\">obligatoire<\/a>, donc le paiement d\u2019une prime d&rsquo;assurance pour couvrir un v\u00e9hicule.<br><br><strong>Il n&rsquo;est en tous cas pas l\u00e9galement possible pour les assureurs d&rsquo;imposer une limite d&rsquo;\u00e2ge \u00e0 leurs clients pour pouvoir conduire<\/strong>. \u00c0 partir du moment o\u00f9 leur permis est en r\u00e8gle et leur permet de circuler. Seul un certificat m\u00e9dical pr\u00e9sentant une contre-indication \u00e0 la conduite peut justifier le&nbsp;<a rel=\"noopener noreferrer\" href=\"https:\/\/reassurez-moi.fr\/guide\/assurance-auto\/refus\" target=\"_blank\">refus de l&rsquo;assurance auto<\/a>&nbsp;pour absence de titre de conduite, mais ce document n&rsquo;est pas n\u00e9cessairement li\u00e9 \u00e0 l&rsquo;\u00e2ge du conducteur.<\/p>\n\n\n\n<p><strong>L\u2019augmentation du co\u00fbt de la prime d\u2019assurance avec l\u2019avanc\u00e9e de l\u2019\u00e2ge est due \u00e0 l\u2019id\u00e9e que le risque pr\u00e9sent\u00e9 par les s\u00e9niors est accru. <\/strong>Il s\u2019av\u00e8re que des changements physiologiques in\u00e9vitables interviennent et peuvent influencer la mani\u00e8re de conduire. Ainsi, la diminution des r\u00e9flexes, la baisse de la vue et de l\u2019ou\u00efe sont des cons\u00e9quences in\u00e9luctables de l\u2019augmentation de l\u2019\u00e2ge chez toutes les personnes.<br><br><strong>Pourtant, les s\u00e9niors font \u00e9tat de moins de sinistres que la plupart des autres assur\u00e9s et notamment les jeunes conducteurs.<\/strong> Leur prudence et leur exp\u00e9rience de la route sont des facteurs qui ne sont malheureusement pas pris en compte par les assureurs. L\u2019\u00e9volution de la conduite, qui n\u2019est plus la m\u00eame qu\u2019il y a plusieurs ann\u00e9es ou l\u2019augmentation du nombre de conducteurs et des probl\u00e8mes de sant\u00e9 li\u00e9s \u00e0 l\u2019\u00e2ge prennent le pas sur les garanties de s\u00e9curit\u00e9 offertes par les s\u00e9niors.<\/p>\n\n\n\n<blockquote class=\"wp-block-quote is-layout-flow wp-block-quote-is-layout-flow\"><p>Les s\u00e9niors sont soumis \u00e0 l\u2019application d\u2019une surprime pour compenser l\u2019aggravation du risque suppos\u00e9e. S\u2019il n\u2019est a priori pas possible de supprimer cette augmentation du prix, des solutions sont possibles pour la r\u00e9duire. La n\u00e9gociation est un bon moyen de faire baisser les prix, notamment si vous connaissez votre conseiller depuis de nombreuses ann\u00e9es. Faire appel \u00e0 un courtier peut grandement vous aider, tout comme le fait d\u2019utiliser un comparateur en ligne, qui d\u00e9terminera pour vous les offres les plus int\u00e9ressantes.<\/p><\/blockquote>\n\n\n","protected":false},"excerpt":{"rendered":"<p>Quelle assurance auto pour senior ? L\u2019assurance auto est souvent consid\u00e9r\u00e9e trop ch\u00e8re pour la plupart des conducteurs, notamment lorsque le risque d\u2019\u00eatre r\u00e9sili\u00e9 en cas de sinistre augmente avec l\u2019\u00e2ge. Les s\u00e9niors sont consid\u00e9r\u00e9s comme pr\u00e9sentant un risque accru par les assureurs : si l\u2019\u00e2ge pour \u00eatre consid\u00e9r\u00e9 s\u00e9nior varie selon les compagnies d\u2019assurance,\u2026<\/p>\n","protected":false},"author":86,"featured_media":0,"parent":15725,"menu_order":0,"comment_status":"open","ping_status":"closed","template":"","meta":{"_acf_changed":false,"footnotes":""},"categories":[],"page_topic":[560],"class_list":["post-32946","page","type-page","status-publish","hentry"],"yoast_head":"<!-- This site is optimized with the Yoast SEO plugin v24.7 - https:\/\/yoast.com\/wordpress\/plugins\/seo\/ -->\n<title>Quelle est la meilleure assurance auto senior ? Comparatif et tarifs<\/title>\n<meta name=\"description\" content=\"Comparatif de plus de 15 assurances auto pour senior. Simulation et tarifs en ligne. Trouvez la meilleure assurance selon vos besoins !\" \/>\n<meta name=\"robots\" content=\"index, follow, max-snippet:-1, max-image-preview:large, max-video-preview:-1\" \/>\n<link rel=\"canonical\" href=\"https:\/\/guide.reassurez-moi.fr\/guide\/assurance-auto\/senior\" \/>\n<meta property=\"og:locale\" content=\"fr_FR\" \/>\n<meta property=\"og:type\" content=\"article\" \/>\n<meta property=\"og:title\" content=\"Quelle est la meilleure assurance auto senior ? Comparatif et tarifs\" \/>\n<meta property=\"og:description\" content=\"Comparatif de plus de 15 assurances auto pour senior. Simulation et tarifs en ligne. Trouvez la meilleure assurance selon vos besoins !\" \/>\n<meta property=\"og:url\" content=\"https:\/\/guide.reassurez-moi.fr\/guide\/assurance-auto\/senior\" \/>\n<meta property=\"og:site_name\" content=\"R\u00e9assurez-moi\" \/>\n<meta property=\"article:publisher\" content=\"https:\/\/www.facebook.com\/R%c3%a9assurez-moi-209456495889479\/\" \/>\n<meta property=\"article:modified_time\" content=\"2026-02-02T14:12:35+00:00\" \/>\n<meta property=\"og:image\" content=\"https:\/\/guide.reassurez-moi.fr\/guide\/wp-content\/uploads\/2018\/04\/image-de-partage.png\" \/>\n\t<meta property=\"og:image:width\" content=\"500\" \/>\n\t<meta property=\"og:image:height\" content=\"160\" \/>\n\t<meta property=\"og:image:type\" content=\"image\/png\" \/>\n<meta name=\"twitter:card\" content=\"summary_large_image\" \/>\n<meta name=\"twitter:site\" content=\"@reassurezmoi\" \/>\n<meta name=\"twitter:label1\" content=\"Dur\u00e9e de lecture estim\u00e9e\" \/>\n\t<meta name=\"twitter:data1\" content=\"7 minutes\" \/>\n<script type=\"application\/ld+json\" class=\"yoast-schema-graph\">{\"@context\":\"https:\/\/schema.org\",\"@graph\":[{\"@type\":\"WebPage\",\"@id\":\"https:\/\/guide.reassurez-moi.fr\/guide\/assurance-auto\/senior\",\"url\":\"https:\/\/guide.reassurez-moi.fr\/guide\/assurance-auto\/senior\",\"name\":\"Quelle est la meilleure assurance auto senior ? Comparatif et tarifs\",\"isPartOf\":{\"@id\":\"https:\/\/guide.reassurez-moi.fr\/guide\/#website\"},\"datePublished\":\"2018-07-09T16:11:42+00:00\",\"dateModified\":\"2026-02-02T14:12:35+00:00\",\"description\":\"Comparatif de plus de 15 assurances auto pour senior. Simulation et tarifs en ligne. Trouvez la meilleure assurance selon vos besoins !\",\"breadcrumb\":{\"@id\":\"https:\/\/guide.reassurez-moi.fr\/guide\/assurance-auto\/senior#breadcrumb\"},\"inLanguage\":\"fr-FR\",\"potentialAction\":[{\"@type\":\"ReadAction\",\"target\":[\"https:\/\/guide.reassurez-moi.fr\/guide\/assurance-auto\/senior\"]}]},{\"@type\":\"BreadcrumbList\",\"@id\":\"https:\/\/guide.reassurez-moi.fr\/guide\/assurance-auto\/senior#breadcrumb\",\"itemListElement\":[{\"@type\":\"ListItem\",\"position\":1,\"name\":\"Assurances\",\"item\":\"https:\/\/guide.reassurez-moi.fr\/guide\/\"},{\"@type\":\"ListItem\",\"position\":2,\"name\":\"Assurance auto\",\"item\":\"https:\/\/guide.reassurez-moi.fr\/guide\/assurance-auto\"},{\"@type\":\"ListItem\",\"position\":3,\"name\":\"Senior\"}]},{\"@type\":\"WebSite\",\"@id\":\"https:\/\/guide.reassurez-moi.fr\/guide\/#website\",\"url\":\"https:\/\/guide.reassurez-moi.fr\/guide\/\",\"name\":\"R\u00e9assurez-moi\",\"description\":\"Comparateur d&#039;assurances\",\"potentialAction\":[{\"@type\":\"SearchAction\",\"target\":{\"@type\":\"EntryPoint\",\"urlTemplate\":\"https:\/\/guide.reassurez-moi.fr\/guide\/?s={search_term_string}\"},\"query-input\":{\"@type\":\"PropertyValueSpecification\",\"valueRequired\":true,\"valueName\":\"search_term_string\"}}],\"inLanguage\":\"fr-FR\"}]}<\/script>\n<!-- \/ Yoast SEO plugin. -->","yoast_head_json":{"title":"Quelle est la meilleure assurance auto senior ? Comparatif et tarifs","description":"Comparatif de plus de 15 assurances auto pour senior. Simulation et tarifs en ligne. Trouvez la meilleure assurance selon vos besoins !","robots":{"index":"index","follow":"follow","max-snippet":"max-snippet:-1","max-image-preview":"max-image-preview:large","max-video-preview":"max-video-preview:-1"},"canonical":"https:\/\/guide.reassurez-moi.fr\/guide\/assurance-auto\/senior","og_locale":"fr_FR","og_type":"article","og_title":"Quelle est la meilleure assurance auto senior ? Comparatif et tarifs","og_description":"Comparatif de plus de 15 assurances auto pour senior. Simulation et tarifs en ligne. Trouvez la meilleure assurance selon vos besoins !","og_url":"https:\/\/guide.reassurez-moi.fr\/guide\/assurance-auto\/senior","og_site_name":"R\u00e9assurez-moi","article_publisher":"https:\/\/www.facebook.com\/R%c3%a9assurez-moi-209456495889479\/","article_modified_time":"2026-02-02T14:12:35+00:00","og_image":[{"width":500,"height":160,"url":"https:\/\/guide.reassurez-moi.fr\/guide\/wp-content\/uploads\/2018\/04\/image-de-partage.png","type":"image\/png"}],"twitter_card":"summary_large_image","twitter_site":"@reassurezmoi","twitter_misc":{"Dur\u00e9e de lecture estim\u00e9e":"7 minutes"},"schema":{"@context":"https:\/\/schema.org","@graph":[{"@type":"WebPage","@id":"https:\/\/guide.reassurez-moi.fr\/guide\/assurance-auto\/senior","url":"https:\/\/guide.reassurez-moi.fr\/guide\/assurance-auto\/senior","name":"Quelle est la meilleure assurance auto senior ? Comparatif et tarifs","isPartOf":{"@id":"https:\/\/guide.reassurez-moi.fr\/guide\/#website"},"datePublished":"2018-07-09T16:11:42+00:00","dateModified":"2026-02-02T14:12:35+00:00","description":"Comparatif de plus de 15 assurances auto pour senior. Simulation et tarifs en ligne. Trouvez la meilleure assurance selon vos besoins !","breadcrumb":{"@id":"https:\/\/guide.reassurez-moi.fr\/guide\/assurance-auto\/senior#breadcrumb"},"inLanguage":"fr-FR","potentialAction":[{"@type":"ReadAction","target":["https:\/\/guide.reassurez-moi.fr\/guide\/assurance-auto\/senior"]}]},{"@type":"BreadcrumbList","@id":"https:\/\/guide.reassurez-moi.fr\/guide\/assurance-auto\/senior#breadcrumb","itemListElement":[{"@type":"ListItem","position":1,"name":"Assurances","item":"https:\/\/guide.reassurez-moi.fr\/guide\/"},{"@type":"ListItem","position":2,"name":"Assurance auto","item":"https:\/\/guide.reassurez-moi.fr\/guide\/assurance-auto"},{"@type":"ListItem","position":3,"name":"Senior"}]},{"@type":"WebSite","@id":"https:\/\/guide.reassurez-moi.fr\/guide\/#website","url":"https:\/\/guide.reassurez-moi.fr\/guide\/","name":"R\u00e9assurez-moi","description":"Comparateur d&#039;assurances","potentialAction":[{"@type":"SearchAction","target":{"@type":"EntryPoint","urlTemplate":"https:\/\/guide.reassurez-moi.fr\/guide\/?s={search_term_string}"},"query-input":{"@type":"PropertyValueSpecification","valueRequired":true,"valueName":"search_term_string"}}],"inLanguage":"fr-FR"}]}},"acf":[],"_links":{"self":[{"href":"https:\/\/guide.reassurez-moi.fr\/guide\/wp-json\/wp\/v2\/pages\/32946","targetHints":{"allow":["GET"]}}],"collection":[{"href":"https:\/\/guide.reassurez-moi.fr\/guide\/wp-json\/wp\/v2\/pages"}],"about":[{"href":"https:\/\/guide.reassurez-moi.fr\/guide\/wp-json\/wp\/v2\/types\/page"}],"author":[{"embeddable":true,"href":"https:\/\/guide.reassurez-moi.fr\/guide\/wp-json\/wp\/v2\/users\/86"}],"replies":[{"embeddable":true,"href":"https:\/\/guide.reassurez-moi.fr\/guide\/wp-json\/wp\/v2\/comments?post=32946"}],"version-history":[{"count":1,"href":"https:\/\/guide.reassurez-moi.fr\/guide\/wp-json\/wp\/v2\/pages\/32946\/revisions"}],"predecessor-version":[{"id":215600,"href":"https:\/\/guide.reassurez-moi.fr\/guide\/wp-json\/wp\/v2\/pages\/32946\/revisions\/215600"}],"up":[{"embeddable":true,"href":"https:\/\/guide.reassurez-moi.fr\/guide\/wp-json\/wp\/v2\/pages\/15725"}],"wp:attachment":[{"href":"https:\/\/guide.reassurez-moi.fr\/guide\/wp-json\/wp\/v2\/media?parent=32946"}],"wp:term":[{"taxonomy":"category","embeddable":true,"href":"https:\/\/guide.reassurez-moi.fr\/guide\/wp-json\/wp\/v2\/categories?post=32946"},{"taxonomy":"page_topic","embeddable":true,"href":"https:\/\/guide.reassurez-moi.fr\/guide\/wp-json\/wp\/v2\/page_topic?post=32946"}],"curies":[{"name":"wp","href":"https:\/\/api.w.org\/{rel}","templated":true}]}}