{"id":58471,"date":"2019-05-01T09:19:58","date_gmt":"2019-05-01T07:19:58","guid":{"rendered":"https:\/\/reassurez-moi.fr\/guide\/?page_id=58471"},"modified":"2026-03-17T09:59:16","modified_gmt":"2026-03-17T08:59:16","slug":"assurance-metiers","status":"publish","type":"page","link":"https:\/\/guide.reassurez-moi.fr\/guide\/pro\/assurance-metiers","title":{"rendered":"Guide de l&rsquo;assurance et des m\u00e9tiers"},"content":{"rendered":"\n<h1 class=\"wp-block-heading\">Quelles assurances selon votre m\u00e9tier ?<\/h1>\n\n\n\n<p><strong>Nous avons r\u00e9dig\u00e9 des fiches conseils afin de vous aider \u00e0 souscrire la meilleure couverture selon votre activit\u00e9.&nbsp; Nous vous d\u00e9crivons les assurances obligatoires et nous vous donnons une id\u00e9e des tarifs ainsi qu&rsquo;une analyse des meilleures garanties.<\/strong><\/p>\n\n\n\n<blockquote class=\"wp-block-quote is-layout-flow wp-block-quote-is-layout-flow\"><p>Pour plus d&rsquo;informations,&nbsp;ne manquez pas de consulter&nbsp;notre&nbsp;<a style=\"background-color: #ffffff;\" href=\"https:\/\/reassurez-moi.fr\/guide\/pro\">guide des assurances professionnelles<\/a>. Vous y retrouverez nos conseils sur les diff\u00e9rentes assurances et le d\u00e9tail des diff\u00e9rents contrats du march\u00e9.<\/p><\/blockquote>\n\n\n\n<ul class=\"wp-block-list\"><li><a href=\"https:\/\/reassurez-moi.fr\/guide\/pro\/assurance-metiers\/menage-nettoyage\">Agence de m\u00e9nage \/ nettoyage<\/a><\/li><li><a href=\"https:\/\/reassurez-moi.fr\/guide\/pro\/assurance-metiers\/agence-voyage\">Agence de voyage<\/a><\/li><li><a href=\"https:\/\/reassurez-moi.fr\/guide\/pro\/assurance-metiers\/agent-immobilier\">Agent immobilier<\/a><\/li><li><a style=\"background-color: rgb(255, 255, 255);\" href=\"https:\/\/reassurez-moi.fr\/guide\/pro\/assurance-metiers\/agriculteur\">Agriculteur<\/a><\/li><li><a href=\"https:\/\/reassurez-moi.fr\/guide\/pro\/assurance-metiers\/architecte\">Architecte<\/a><\/li><li><a href=\"https:\/\/reassurez-moi.fr\/guide\/pro\/assurance-metiers\/artisan\">Artisan<\/a><\/li><li><a href=\"https:\/\/reassurez-moi.fr\/guide\/pro\/assurance-metiers\/assistante-maternelle\">Assistante maternelle<\/a><\/li><li><a href=\"https:\/\/reassurez-moi.fr\/guide\/pro\/assurance-metiers\/association-sportive\">Association sportive<\/a><\/li><li><a href=\"https:\/\/reassurez-moi.fr\/guide\/pro\/assurance-metiers\/autoentrepreneur\">Auto-entrepreneur<\/a><\/li><li><a href=\"https:\/\/reassurez-moi.fr\/guide\/pro\/assurance-metiers\/avocat\">Avocat<\/a><\/li><li><a href=\"https:\/\/reassurez-moi.fr\/guide\/pro\/assurance-metiers\/coach-sportif\">Coach sportif<\/a><\/li><li><a href=\"https:\/\/reassurez-moi.fr\/guide\/pro\/assurance-metiers\/coiffeur\">Coiffeur<\/a><\/li><li><a href=\"https:\/\/reassurez-moi.fr\/guide\/pro\/assurance-metiers\/commercant\">Commer\u00e7ant<\/a><\/li><li><a href=\"https:\/\/reassurez-moi.fr\/guide\/pro\/responsabilite-civile\/courtier\">Courtier en assurances<\/a><\/li><li><a href=\"https:\/\/reassurez-moi.fr\/guide\/pro\/assurance-metiers\/dirigeant-entreprise\">Dirigeant d&rsquo;entreprise<\/a><\/li><li><a href=\"https:\/\/reassurez-moi.fr\/guide\/pro\/assurance-metiers\/expert-comptable\">Expert comptable<\/a><\/li><li><a href=\"https:\/\/reassurez-moi.fr\/guide\/pro\/assurance-metiers\/forain\">Forain<\/a><\/li><li><a href=\"https:\/\/reassurez-moi.fr\/guide\/pro\/assurance-metiers\/freelance\">Freelance<\/a><\/li><li><a href=\"https:\/\/reassurez-moi.fr\/guide\/pro\/assurance-metiers\/formateur\">Formateur<\/a><\/li><li><a href=\"https:\/\/reassurez-moi.fr\/guide\/pro\/assurance-metiers\/graphiste\">Graphiste<\/a><\/li><li><a href=\"https:\/\/reassurez-moi.fr\/guide\/pro\/assurance-metiers\/infirmier\">Infirmier<\/a><\/li><li><a href=\"https:\/\/reassurez-moi.fr\/guide\/pro\/assurance-metiers\/informatique\">Informaticien<\/a><\/li><li><a href=\"https:\/\/reassurez-moi.fr\/guide\/pro\/assurance-metiers\/iobsp\">IOBSP<\/a><\/li><li><a href=\"https:\/\/reassurez-moi.fr\/guide\/pro\/assurance-metiers\/kinesitherapeute\">Kin\u00e9sith\u00e9rapeute<\/a><\/li><li><a href=\"https:\/\/reassurez-moi.fr\/guide\/pro\/assurance-metiers\/magnetiseur\">Magn\u00e9tiseur<\/a><\/li><li><a href=\"https:\/\/reassurez-moi.fr\/guide\/pro\/assurance-metiers\/mandataire-immobilier\">Mandataire immobilier<\/a><\/li><li><a href=\"https:\/\/reassurez-moi.fr\/guide\/pro\/assurance-metiers\/medecin\">M\u00e9decin<\/a><\/li><li><a href=\"https:\/\/reassurez-moi.fr\/guide\/pro\/assurance-metiers\/naturopathe\">Naturopathe<\/a><\/li><li><a href=\"https:\/\/reassurez-moi.fr\/guide\/pro\/assurance-metiers\/pharmacien\">Pharmacien<\/a><\/li><li><a href=\"https:\/\/reassurez-moi.fr\/guide\/pro\/assurance-metiers\/photographe\">Photographe<\/a><\/li><li><a href=\"https:\/\/reassurez-moi.fr\/guide\/pro\/assurance-metiers\/praticien-bien-etre\">Praticien bien-\u00eatre<\/a><\/li><li><a href=\"https:\/\/reassurez-moi.fr\/guide\/pro\/assurance-metiers\/psychologue\">Psychologue<\/a><\/li><li><a href=\"https:\/\/reassurez-moi.fr\/guide\/pro\/assurance-metiers\/sage-femme\">Sage-femme<\/a><\/li><li><a href=\"https:\/\/reassurez-moi.fr\/guide\/pro\/assurance-metiers\/securite-privee\">S\u00e9curit\u00e9 priv\u00e9e<\/a><\/li><li><a href=\"https:\/\/reassurez-moi.fr\/guide\/pro\/assurance-metiers\/startup\">Startup<\/a><\/li><li><a href=\"https:\/\/reassurez-moi.fr\/guide\/pro\/assurance-metiers\/sophrologue\">Sophrologue<\/a><\/li><li><a href=\"https:\/\/reassurez-moi.fr\/guide\/pro\/assurance-metiers\/tatoueur\">Tatoueur<\/a><\/li><\/ul>\n\n\n\n<div style=\"height:100px\" aria-hidden=\"true\" class=\"wp-block-spacer\"><\/div>\n","protected":false},"excerpt":{"rendered":"<p>Quelles assurances selon votre m\u00e9tier ? Nous avons r\u00e9dig\u00e9 des fiches conseils afin de vous aider \u00e0 souscrire la meilleure couverture selon votre activit\u00e9.&nbsp; Nous vous d\u00e9crivons les assurances obligatoires et nous vous donnons une id\u00e9e des tarifs ainsi qu&rsquo;une analyse des meilleures garanties. Pour plus d&rsquo;informations,&nbsp;ne manquez pas de consulter&nbsp;notre&nbsp;guide des assurances professionnelles. Vous\u2026<\/p>\n","protected":false},"author":86,"featured_media":0,"parent":56303,"menu_order":0,"comment_status":"open","ping_status":"closed","template":"pages\/page-no-sidebar.php","meta":{"_acf_changed":false,"footnotes":""},"categories":[],"page_topic":[569],"class_list":["post-58471","page","type-page","status-publish","hentry"],"yoast_head":"<!-- This site is optimized with the Yoast SEO plugin v24.7 - https:\/\/yoast.com\/wordpress\/plugins\/seo\/ -->\n<title>Quelles sont les assurances obligatoires selon votre m\u00e9tier ?<\/title>\n<meta name=\"description\" content=\"Liste des assurances obligatoires \u00e0 souscrire selon votre profession, d\u00e9tail des risques couverts par chacune d&#039;elles et conseils d&#039;experts.\" \/>\n<meta name=\"robots\" content=\"index, follow, max-snippet:-1, max-image-preview:large, max-video-preview:-1\" \/>\n<link rel=\"canonical\" href=\"https:\/\/guide.reassurez-moi.fr\/guide\/pro\/assurance-metiers\" \/>\n<meta property=\"og:locale\" content=\"fr_FR\" \/>\n<meta property=\"og:type\" content=\"article\" \/>\n<meta property=\"og:title\" content=\"Quelles sont les assurances obligatoires selon votre m\u00e9tier ?\" \/>\n<meta property=\"og:description\" content=\"Liste des assurances obligatoires \u00e0 souscrire selon votre profession, d\u00e9tail des risques couverts par chacune d&#039;elles et conseils d&#039;experts.\" \/>\n<meta property=\"og:url\" content=\"https:\/\/guide.reassurez-moi.fr\/guide\/pro\/assurance-metiers\" \/>\n<meta property=\"og:site_name\" content=\"R\u00e9assurez-moi\" \/>\n<meta property=\"article:publisher\" content=\"https:\/\/www.facebook.com\/R%c3%a9assurez-moi-209456495889479\/\" \/>\n<meta property=\"article:modified_time\" content=\"2026-03-17T08:59:16+00:00\" \/>\n<meta property=\"og:image\" content=\"https:\/\/guide.reassurez-moi.fr\/guide\/wp-content\/uploads\/2018\/04\/image-de-partage.png\" \/>\n\t<meta property=\"og:image:width\" content=\"500\" \/>\n\t<meta property=\"og:image:height\" content=\"160\" \/>\n\t<meta property=\"og:image:type\" content=\"image\/png\" \/>\n<meta name=\"twitter:card\" content=\"summary_large_image\" \/>\n<meta name=\"twitter:site\" content=\"@reassurezmoi\" \/>\n<meta name=\"twitter:label1\" content=\"Dur\u00e9e de lecture estim\u00e9e\" \/>\n\t<meta name=\"twitter:data1\" content=\"1 minute\" \/>\n<script type=\"application\/ld+json\" class=\"yoast-schema-graph\">{\"@context\":\"https:\/\/schema.org\",\"@graph\":[{\"@type\":\"WebPage\",\"@id\":\"https:\/\/guide.reassurez-moi.fr\/guide\/pro\/assurance-metiers\",\"url\":\"https:\/\/guide.reassurez-moi.fr\/guide\/pro\/assurance-metiers\",\"name\":\"Quelles sont les assurances obligatoires selon votre m\u00e9tier ?\",\"isPartOf\":{\"@id\":\"https:\/\/guide.reassurez-moi.fr\/guide\/#website\"},\"datePublished\":\"2019-05-01T07:19:58+00:00\",\"dateModified\":\"2026-03-17T08:59:16+00:00\",\"description\":\"Liste des assurances obligatoires \u00e0 souscrire selon votre profession, d\u00e9tail des risques couverts par chacune d'elles et conseils d'experts.\",\"breadcrumb\":{\"@id\":\"https:\/\/guide.reassurez-moi.fr\/guide\/pro\/assurance-metiers#breadcrumb\"},\"inLanguage\":\"fr-FR\",\"potentialAction\":[{\"@type\":\"ReadAction\",\"target\":[\"https:\/\/guide.reassurez-moi.fr\/guide\/pro\/assurance-metiers\"]}]},{\"@type\":\"BreadcrumbList\",\"@id\":\"https:\/\/guide.reassurez-moi.fr\/guide\/pro\/assurance-metiers#breadcrumb\",\"itemListElement\":[{\"@type\":\"ListItem\",\"position\":1,\"name\":\"Assurances\",\"item\":\"https:\/\/guide.reassurez-moi.fr\/guide\/\"},{\"@type\":\"ListItem\",\"position\":2,\"name\":\"Assurance professionnelle\",\"item\":\"https:\/\/guide.reassurez-moi.fr\/guide\/pro\"},{\"@type\":\"ListItem\",\"position\":3,\"name\":\"Assurances et m\u00e9tiers\"}]},{\"@type\":\"WebSite\",\"@id\":\"https:\/\/guide.reassurez-moi.fr\/guide\/#website\",\"url\":\"https:\/\/guide.reassurez-moi.fr\/guide\/\",\"name\":\"R\u00e9assurez-moi\",\"description\":\"Comparateur d&#039;assurances\",\"potentialAction\":[{\"@type\":\"SearchAction\",\"target\":{\"@type\":\"EntryPoint\",\"urlTemplate\":\"https:\/\/guide.reassurez-moi.fr\/guide\/?s={search_term_string}\"},\"query-input\":{\"@type\":\"PropertyValueSpecification\",\"valueRequired\":true,\"valueName\":\"search_term_string\"}}],\"inLanguage\":\"fr-FR\"}]}<\/script>\n<!-- \/ Yoast SEO plugin. -->","yoast_head_json":{"title":"Quelles sont les assurances obligatoires selon votre m\u00e9tier ?","description":"Liste des assurances obligatoires \u00e0 souscrire selon votre profession, d\u00e9tail des risques couverts par chacune d'elles et conseils d'experts.","robots":{"index":"index","follow":"follow","max-snippet":"max-snippet:-1","max-image-preview":"max-image-preview:large","max-video-preview":"max-video-preview:-1"},"canonical":"https:\/\/guide.reassurez-moi.fr\/guide\/pro\/assurance-metiers","og_locale":"fr_FR","og_type":"article","og_title":"Quelles sont les assurances obligatoires selon votre m\u00e9tier ?","og_description":"Liste des assurances obligatoires \u00e0 souscrire selon votre profession, d\u00e9tail des risques couverts par chacune d'elles et conseils d'experts.","og_url":"https:\/\/guide.reassurez-moi.fr\/guide\/pro\/assurance-metiers","og_site_name":"R\u00e9assurez-moi","article_publisher":"https:\/\/www.facebook.com\/R%c3%a9assurez-moi-209456495889479\/","article_modified_time":"2026-03-17T08:59:16+00:00","og_image":[{"width":500,"height":160,"url":"https:\/\/guide.reassurez-moi.fr\/guide\/wp-content\/uploads\/2018\/04\/image-de-partage.png","type":"image\/png"}],"twitter_card":"summary_large_image","twitter_site":"@reassurezmoi","twitter_misc":{"Dur\u00e9e de lecture estim\u00e9e":"1 minute"},"schema":{"@context":"https:\/\/schema.org","@graph":[{"@type":"WebPage","@id":"https:\/\/guide.reassurez-moi.fr\/guide\/pro\/assurance-metiers","url":"https:\/\/guide.reassurez-moi.fr\/guide\/pro\/assurance-metiers","name":"Quelles sont les assurances obligatoires selon votre m\u00e9tier ?","isPartOf":{"@id":"https:\/\/guide.reassurez-moi.fr\/guide\/#website"},"datePublished":"2019-05-01T07:19:58+00:00","dateModified":"2026-03-17T08:59:16+00:00","description":"Liste des assurances obligatoires \u00e0 souscrire selon votre profession, d\u00e9tail des risques couverts par chacune d'elles et conseils d'experts.","breadcrumb":{"@id":"https:\/\/guide.reassurez-moi.fr\/guide\/pro\/assurance-metiers#breadcrumb"},"inLanguage":"fr-FR","potentialAction":[{"@type":"ReadAction","target":["https:\/\/guide.reassurez-moi.fr\/guide\/pro\/assurance-metiers"]}]},{"@type":"BreadcrumbList","@id":"https:\/\/guide.reassurez-moi.fr\/guide\/pro\/assurance-metiers#breadcrumb","itemListElement":[{"@type":"ListItem","position":1,"name":"Assurances","item":"https:\/\/guide.reassurez-moi.fr\/guide\/"},{"@type":"ListItem","position":2,"name":"Assurance professionnelle","item":"https:\/\/guide.reassurez-moi.fr\/guide\/pro"},{"@type":"ListItem","position":3,"name":"Assurances et m\u00e9tiers"}]},{"@type":"WebSite","@id":"https:\/\/guide.reassurez-moi.fr\/guide\/#website","url":"https:\/\/guide.reassurez-moi.fr\/guide\/","name":"R\u00e9assurez-moi","description":"Comparateur d&#039;assurances","potentialAction":[{"@type":"SearchAction","target":{"@type":"EntryPoint","urlTemplate":"https:\/\/guide.reassurez-moi.fr\/guide\/?s={search_term_string}"},"query-input":{"@type":"PropertyValueSpecification","valueRequired":true,"valueName":"search_term_string"}}],"inLanguage":"fr-FR"}]}},"acf":[],"_links":{"self":[{"href":"https:\/\/guide.reassurez-moi.fr\/guide\/wp-json\/wp\/v2\/pages\/58471","targetHints":{"allow":["GET"]}}],"collection":[{"href":"https:\/\/guide.reassurez-moi.fr\/guide\/wp-json\/wp\/v2\/pages"}],"about":[{"href":"https:\/\/guide.reassurez-moi.fr\/guide\/wp-json\/wp\/v2\/types\/page"}],"author":[{"embeddable":true,"href":"https:\/\/guide.reassurez-moi.fr\/guide\/wp-json\/wp\/v2\/users\/86"}],"replies":[{"embeddable":true,"href":"https:\/\/guide.reassurez-moi.fr\/guide\/wp-json\/wp\/v2\/comments?post=58471"}],"version-history":[{"count":2,"href":"https:\/\/guide.reassurez-moi.fr\/guide\/wp-json\/wp\/v2\/pages\/58471\/revisions"}],"predecessor-version":[{"id":217968,"href":"https:\/\/guide.reassurez-moi.fr\/guide\/wp-json\/wp\/v2\/pages\/58471\/revisions\/217968"}],"up":[{"embeddable":true,"href":"https:\/\/guide.reassurez-moi.fr\/guide\/wp-json\/wp\/v2\/pages\/56303"}],"wp:attachment":[{"href":"https:\/\/guide.reassurez-moi.fr\/guide\/wp-json\/wp\/v2\/media?parent=58471"}],"wp:term":[{"taxonomy":"category","embeddable":true,"href":"https:\/\/guide.reassurez-moi.fr\/guide\/wp-json\/wp\/v2\/categories?post=58471"},{"taxonomy":"page_topic","embeddable":true,"href":"https:\/\/guide.reassurez-moi.fr\/guide\/wp-json\/wp\/v2\/page_topic?post=58471"}],"curies":[{"name":"wp","href":"https:\/\/api.w.org\/{rel}","templated":true}]}}