{"id":60610,"date":"2019-06-10T08:19:01","date_gmt":"2019-06-10T06:19:01","guid":{"rendered":"https:\/\/reassurez-moi.fr\/guide\/?page_id=60610"},"modified":"2026-02-02T16:27:40","modified_gmt":"2026-02-02T15:27:40","slug":"autoentrepreneur","status":"publish","type":"page","link":"https:\/\/guide.reassurez-moi.fr\/guide\/pro\/assurance-metiers\/autoentrepreneur","title":{"rendered":"Assurance m\u00e9tiers &#8211; Autoentrepreneur"},"content":{"rendered":"\n<h1 class=\"wp-block-heading\">Auto entrepreneur, quelles assurances choisir ?<\/h1>\n\n\n\n<p><strong>Auto-entrepreneur, vous \u00eates perdu dans les assurances \u00e0 souscrire pour exercer votre profession en toute l\u00e9galit\u00e9 et s\u00e9r\u00e9nit\u00e9 ? Retrouvez tous nos conseils et le d\u00e9tail des assurances obligatoires et facultatives qui vous concernent ! Quelles garanties souscrire ? Quelles sont vos besoins sp\u00e9cifiques en tant qu&rsquo;auto-entrepreneur&nbsp;? Quels sont les principaux risques de votre m\u00e9tier ? Quand engagez-vous votre responsabilit\u00e9 en tant qu&rsquo;auto entrepreneur&nbsp;?<\/strong><\/p>\n\n\n\n<h2 class=\"wp-block-heading\">Auto entrepreneur, quelles sont vos assurances obligatoires ?<\/h2>\n\n\n\n<figure class=\"wp-block-table is-style-header-double\"><table><thead><tr><th><\/th><th class=\"has-text-align-center\" data-align=\"center\">Statut<\/th><th class=\"has-text-align-center\" data-align=\"center\">Conseil<\/th><\/tr><\/thead><tbody><tr><td>Responsabilit\u00e9 Civile professionnelle<\/td><td class=\"has-text-align-center\" data-align=\"center\">Obligatoire pour les professions r\u00e9glement\u00e9es, facultative pour les autres<\/td><td class=\"has-text-align-center\" data-align=\"center\">Recommand\u00e9e pour tous afin de se prot\u00e9ger en cas de faute ou accidents professionnels (qui peuvent vous exposer \u00e0 du p\u00e9nal)<\/td><\/tr><tr><td>Mutuelle sant\u00e9<\/td><td class=\"has-text-align-center\" data-align=\"center\">Obligatoire si vous avez des salari\u00e9s. Facultative si vous \u00eates \u00e0 votre compte<\/td><td class=\"has-text-align-center\" data-align=\"center\">Si vous \u00eates salari\u00e9, le choix de la compl\u00e9mentaire est fait par l&rsquo;entreprise. Si vous \u00eates lib\u00e9ral, il faudra trouver une mutuelle TNS par vous-m\u00eame (vous pourrez d\u00e9duire les cotisations de vos revenus)<\/td><\/tr><tr><td>Assurance auto<\/td><td class=\"has-text-align-center\" data-align=\"center\">Obligatoire si vous utilisez un v\u00e9hicule durant l&rsquo;exercice de vos fonctions<\/td><td class=\"has-text-align-center\" data-align=\"center\">Si votre v\u00e9hicule est d\u00e9j\u00e0 assur\u00e9 en perso, n&rsquo;oubliez pas d&rsquo;inclure l&rsquo;utilisation pro dans votre contrat (c&rsquo;est souvent possible)<\/td><\/tr><tr><td>Multirisque professionnelle<\/td><td class=\"has-text-align-center\" data-align=\"center\">Obligatoire si vous avez un lieu de travail priv\u00e9 (cabinet)<\/td><td class=\"has-text-align-center\" data-align=\"center\">Couvre vos locaux professionnels et la perte d&rsquo;activit\u00e9 li\u00e9e \u00e0 un sinistre (incendie, cambriolage&#8230;)<\/td><\/tr><tr><td>Pr\u00e9voyance<\/td><td class=\"has-text-align-center\" data-align=\"center\">Facultative<\/td><td class=\"has-text-align-center\" data-align=\"center\">L&rsquo;assurance d&rsquo;indemnit\u00e9s journali\u00e8res est particuli\u00e8rement recommand\u00e9e pour les lib\u00e9raux<\/td><\/tr><tr><td>Assurance sp\u00e9cifique &#8211; garantie d\u00e9cennale<\/td><td class=\"has-text-align-center\" data-align=\"center\">Obligatoire pour les professionnels de la construction et du b\u00e2timent<\/td><td class=\"has-text-align-center\" data-align=\"center\">D&rsquo;autres assurances sp\u00e9cifiques peuvent \u00eatre obligatoires selon votre activit\u00e9<\/td><\/tr><\/tbody><\/table><\/figure>\n\n\n\n<h4 class=\"has-text-align-center wp-block-heading\">Nos comparateurs d&rsquo;assurances&nbsp;pour les auto entrepreneurs<\/h4>\n\n\n\n<div class=\"wp-block-columns is-layout-flex wp-container-core-columns-is-layout-1 wp-block-columns-is-layout-flex\">\n<div class=\"wp-block-column is-layout-flow wp-block-column-is-layout-flow\">\n<div class=\"wp-block-buttons is-content-justification-center is-layout-flex wp-container-core-buttons-is-layout-1 wp-block-buttons-is-layout-flex\">\n<div class=\"wp-block-button is-style-rm-button-orange gtm-cta-lp-pro\"><a class=\"wp-block-button__link\" href=\"https:\/\/reassurez-moi.fr\/guide\/partenaire\/rc\/coover\/coover\"><meta charset=\"utf-8\"><strong>Comparateur RC Pro<\/strong><\/a><\/div>\n<\/div>\n<\/div>\n\n\n\n<div class=\"wp-block-column is-layout-flow wp-block-column-is-layout-flow\"><\/div>\n<\/div>\n\n\n\n\n\n<h2 class=\"wp-block-heading\">Quel est le prix d&rsquo;une assurance professionnelle auto entrepreneur ?<\/h2>\n\n\n\n<figure class=\"wp-block-table is-style-header-double\"><table><thead><tr><th><\/th><th>Prix moyen annuel (\u20ac)<\/th><th>Crit\u00e8res de tarification<\/th><th>Conseils<\/th><\/tr><\/thead><tbody><tr><td>Responsabilit\u00e9 Civile professionnelle<\/td><td><a href=\"https:\/\/www.coover.fr\/responsabilite-civile-pro\/auto-entrepreneur\" target=\"_blank\" rel=\"noreferrer noopener sponsored nofollow\">100 \u20ac \/ an<\/a><\/td><td>Chiffre d&rsquo;affaires, sinistralit\u00e9, ann\u00e9es d&rsquo;exp\u00e9rience<\/td><td>Le prix peut doubler si vous prenez la garantie PJ (que nous vous recommandons)<\/td><\/tr><tr><td>Mutuelle d&rsquo;entreprise<\/td><td>26 \u20ac\/mois pour un salari\u00e9 et 35 \u20ac pour un TNS<\/td><td>Selon les niveaux de garanties choisis<\/td><td>Outre le prix, soyez attentif au plafond de remboursement annuel (conseil : 1000 \u20ac de plafond min)<\/td><\/tr><tr><td>Assurance auto<\/td><td>45 \u20ac \/ mois<\/td><td>\u00c2ge du conducteur, mod\u00e8le v\u00e9hicule, ant\u00e9c\u00e9dents<\/td><td>Choisissez la formule \u00ab Tous risques \u00bb, bien qu&rsquo;un peu plus ch\u00e8re \u00e0 la formule \u00ab Au Tiers \u00bb , garantit un d\u00e9dommagement sur tous types de sinistres (m\u00e9t\u00e9o, accident, vandalisme&#8230;)<\/td><\/tr><tr><td>Assurance multirisque pro<\/td><td>40 \u20ac \/ mois<\/td><td>Surface, zone g\u00e9ographique, CA<\/td><td>Pour faire des \u00e9conomies, certains contrats incluent aussi la RC PRO<\/td><\/tr><tr><td>Pr\u00e9voyance<\/td><td>26 \u20ac \/ mois<\/td><td>\u00c2ge, garanties choisies, lieu de travail<\/td><td>Privil\u00e9giez l&rsquo;assurance \u00ab\u00a0Indemnit\u00e9s Journali\u00e8res\u00a0\u00bb : votre salaire sera maintenu en cas d&rsquo;accidents ou maladie<\/td><\/tr><\/tbody><\/table><\/figure>\n\n\n\n<div style=\"height:20px\" aria-hidden=\"true\" class=\"wp-block-spacer\"><\/div>\n\n\n\n\n\n<h2 class=\"wp-block-heading\">L&rsquo;assurance Responsabilit\u00e9 Civile professionnelle auto entrepreneur<\/h2>\n\n\n\n<p><strong>L&rsquo;assurance RC professionnelle n&rsquo;est obligatoire que pour certaines professions r\u00e9glement\u00e9es<\/strong>, \u00e0 savoir les professionnels de la sant\u00e9, du droit, du b\u00e2timent, les agents immobiliers, les experts-comptable, etc.<strong>&nbsp;<\/strong><\/p>\n\n\n\n<p><strong>Pour les autres m\u00e9tiers, elle est tout de m\u00eame&nbsp;fortement recommand\u00e9e<\/strong>. Au cours de votre activit\u00e9, votre responsabilit\u00e9 est engag\u00e9e de multiples fois, il peut donc vite arriver que celle-ci soit mise en cause. Par exemple si vous faites un m\u00e9tier de bouche, votre responsabilit\u00e9 peut \u00eatre questionn\u00e9e suite \u00e0 l&rsquo;intoxication alimentaire d&rsquo;un client. Une assurance RC pro vous couvrira \u00e9galement en cas d&rsquo;accident du fait de votre structure (un objet de votre boutique qui tombe et blesse un fournisseur par exemple), de dommages li\u00e9s aux produits que vous vendez ou aux objets que vous r\u00e9parez, entre autres.<\/p>\n\n\n\n<h3 class=\"wp-block-heading\">Quelles sont les garanties de l&rsquo;assurance RC Pro auto entrepreneur ?<\/h3>\n\n\n\n<figure class=\"wp-block-table is-style-header-double\"><table><thead><tr><th><\/th><th>Risques principaux<\/th><th>Probabilit\u00e9<\/th><th>Commentaires<\/th><\/tr><\/thead><tbody><tr><td>Responsabilit\u00e9 Civile<\/td><td>En cas de faute, d&rsquo;erreur et d&rsquo;oubli \u00e0 l&rsquo;occasion d&rsquo;une prestation<\/td><td>Importante<\/td><td>Dommages mat\u00e9riels, immat\u00e9riels et corporels couverts<\/td><\/tr><tr><td>Accidents corporels<\/td><td>Dus au local, \u00e0 la livraison, \u00e0 un produit<\/td><td>Moyenne &#8211; selon le domaine d&rsquo;activit\u00e9<\/td><td>Bien v\u00e9rifier le plafond de cette assurance. Concerne surtout les lib\u00e9raux.<\/td><\/tr><tr><td>Garantie recours et d\u00e9fense p\u00e9nale<\/td><td>Paiement des frais de d\u00e9fense face \u00e0 un litige avec un fournisseur ou un client<\/td><td>Importante<\/td><td>Tr\u00e8s utile si l&rsquo;\u00e9v\u00e8nement est exclu de la garantie RC. Attention, exclusion des actes professionnels prohib\u00e9s par la loi ou non autoris\u00e9s pour l\u2019assur\u00e9<\/td><\/tr><tr><td>Protection juridique<\/td><td>Suite \u00e0 accident<\/td><td>Importante<\/td><td>Souvent en option et ch\u00e8re ( 50 % de surco\u00fbt) mais indispensable aux lib\u00e9raux<\/td><\/tr><tr><td>Protection locaux et biens professionnels<\/td><td>Mat\u00e9riel d\u00e9sign\u00e9 au contrat pour l&rsquo;exercice de l&rsquo;activit\u00e9 &#8211; ordinateur, mobilier, stock&#8230;<\/td><td>Moyenne<\/td><td>Propos\u00e9e en option la plupart du temps<\/td><\/tr><\/tbody><\/table><\/figure>\n\n\n\n\n\n<h2 class=\"wp-block-heading\">Quelles sont les meilleures assurances auto entrepreneur ?<\/h2>\n\n\n\n<p><b>Il existe de nombreux contrats disponibles pour vous assurer en tant que professionnel. Voici un comparatif des assurances&nbsp;auto entrepreneur. <\/b>En notre qualit\u00e9 de courtier d&rsquo;assurances professionnelles, nous pouvons vous aider \u00e0 comparer les offres, n\u00e9gocier les prix et vous faire accompagner par un expert pour vous faire gagner du temps. N&rsquo;h\u00e9sitez pas \u00e0 nous solliciter, notre service est enti\u00e8rement gratuit et tr\u00e8s rapide.<\/p>\n\n\n\n<p>Vous avez besoin d&rsquo;aide pour le <a href=\"https:\/\/reassurez-moi.fr\/guide\/pro\/calcul-tva\">calcul de votre TVA<\/a> ? Nos experts ont mis en place un outil vous permettant de calculer facilement la taxe applicable \u00e0 vos honoraires, n&rsquo;h\u00e9sitez pas !<\/p>\n\n\n\n<figure class=\"wp-block-table is-style-header-double\"><table><thead><tr><th><\/th><th class=\"has-text-align-center\" data-align=\"center\">Garanties<\/th><th class=\"has-text-align-center\" data-align=\"center\">Avis<\/th><th class=\"has-text-align-center\" data-align=\"center\">Tarifs<\/th><\/tr><\/thead><tbody><tr><td>Assurance activit\u00e9 auto entrepreneur Lloyd&rsquo;s<\/td><td class=\"has-text-align-center\" data-align=\"center\">RC pro, protection juridique, et en option : RC exploitation<\/td><td class=\"has-text-align-center\" data-align=\"center\">2 niveaux de franchise au choix, 4 montants pour la RC pro (de 100 000 \u20ac \u00e0 1 million)<\/td><td class=\"has-text-align-center\" data-align=\"center\"><a href=\"https:\/\/app.coover.fr\/responsabilite-civile-professionnelle?utm_source=rm\" target=\"_blank\" rel=\"noreferrer noopener\">\u00c0 partir de 270 \u20ac \/ an<\/a><\/td><\/tr><tr><td>Assurance micro entrepreneur Axa<\/td><td class=\"has-text-align-center\" data-align=\"center\">RC pro et assurance dommages<\/td><td class=\"has-text-align-center\" data-align=\"center\">Garantie Cyber offerte, PJ en option, fractionnement mensuel, semestriel, annuel<\/td><td class=\"has-text-align-center\" data-align=\"center\"><a href=\"https:\/\/app.coover.fr\/responsabilite-civile-professionnelle?utm_source=rm\" target=\"_blank\" rel=\"noreferrer noopener\">\u00c0 partir de 180 \u20ac \/ an<\/a><\/td><\/tr><tr><td>Responsabilit\u00e9 Civile professionnelle auto entrepreneur April<\/td><td class=\"has-text-align-center\" data-align=\"center\">RC pro, RC d&rsquo;exploitation, d\u00e9fense et recours<\/td><td class=\"has-text-align-center\" data-align=\"center\">L&rsquo;un des moins chers du march\u00e9 pour les garanties comprises<\/td><td class=\"has-text-align-center\" data-align=\"center\"><a href=\"https:\/\/app.coover.fr\/responsabilite-civile-professionnelle?utm_source=rm\" target=\"_blank\" rel=\"noreferrer noopener\">\u00c0 partir de 9,99 \u20ac TTC \/ mois<\/a><\/td><\/tr><\/tbody><\/table><\/figure>\n\n\n\n<div style=\"height:20px\" aria-hidden=\"true\" class=\"wp-block-spacer\"><\/div>\n\n\n","protected":false},"excerpt":{"rendered":"<p>Auto entrepreneur, quelles assurances choisir ? Auto-entrepreneur, vous \u00eates perdu dans les assurances \u00e0 souscrire pour exercer votre profession en toute l\u00e9galit\u00e9 et s\u00e9r\u00e9nit\u00e9 ? Retrouvez tous nos conseils et le d\u00e9tail des assurances obligatoires et facultatives qui vous concernent ! Quelles garanties souscrire ? Quelles sont vos besoins sp\u00e9cifiques en tant qu&rsquo;auto-entrepreneur&nbsp;? Quels sont\u2026<\/p>\n","protected":false},"author":86,"featured_media":0,"parent":58471,"menu_order":0,"comment_status":"open","ping_status":"closed","template":"","meta":{"_acf_changed":false,"footnotes":""},"categories":[],"page_topic":[569],"class_list":["post-60610","page","type-page","status-publish","hentry"],"yoast_head":"<!-- This site is optimized with the Yoast SEO plugin v24.7 - https:\/\/yoast.com\/wordpress\/plugins\/seo\/ -->\n<title>Quelles assurances pour un auto entrepreneur ? (notre top 5)<\/title>\n<meta name=\"description\" content=\"Retrouvez la liste des assurances obligatoires pour un autoentrepreneur, les tarifs, les garanties indispensables et nos conseils pour payer moins cher !\" \/>\n<meta name=\"robots\" content=\"index, follow, max-snippet:-1, max-image-preview:large, max-video-preview:-1\" \/>\n<link rel=\"canonical\" href=\"https:\/\/guide.reassurez-moi.fr\/guide\/pro\/assurance-metiers\/autoentrepreneur\" \/>\n<meta property=\"og:locale\" content=\"fr_FR\" \/>\n<meta property=\"og:type\" content=\"article\" \/>\n<meta property=\"og:title\" content=\"Quelles assurances pour un auto entrepreneur ? (notre top 5)\" \/>\n<meta property=\"og:description\" content=\"Retrouvez la liste des assurances obligatoires pour un autoentrepreneur, les tarifs, les garanties indispensables et nos conseils pour payer moins cher !\" \/>\n<meta property=\"og:url\" content=\"https:\/\/guide.reassurez-moi.fr\/guide\/pro\/assurance-metiers\/autoentrepreneur\" \/>\n<meta property=\"og:site_name\" content=\"R\u00e9assurez-moi\" \/>\n<meta property=\"article:publisher\" content=\"https:\/\/www.facebook.com\/R%c3%a9assurez-moi-209456495889479\/\" \/>\n<meta property=\"article:modified_time\" content=\"2026-02-02T15:27:40+00:00\" \/>\n<meta property=\"og:image\" content=\"https:\/\/guide.reassurez-moi.fr\/guide\/wp-content\/uploads\/2018\/04\/image-de-partage.png\" \/>\n\t<meta property=\"og:image:width\" content=\"500\" \/>\n\t<meta property=\"og:image:height\" content=\"160\" \/>\n\t<meta property=\"og:image:type\" content=\"image\/png\" \/>\n<meta name=\"twitter:card\" content=\"summary_large_image\" \/>\n<meta name=\"twitter:site\" content=\"@reassurezmoi\" \/>\n<meta name=\"twitter:label1\" content=\"Dur\u00e9e de lecture estim\u00e9e\" \/>\n\t<meta name=\"twitter:data1\" content=\"5 minutes\" \/>\n<script type=\"application\/ld+json\" class=\"yoast-schema-graph\">{\"@context\":\"https:\/\/schema.org\",\"@graph\":[{\"@type\":\"WebPage\",\"@id\":\"https:\/\/guide.reassurez-moi.fr\/guide\/pro\/assurance-metiers\/autoentrepreneur\",\"url\":\"https:\/\/guide.reassurez-moi.fr\/guide\/pro\/assurance-metiers\/autoentrepreneur\",\"name\":\"Quelles assurances pour un auto entrepreneur ? (notre top 5)\",\"isPartOf\":{\"@id\":\"https:\/\/guide.reassurez-moi.fr\/guide\/#website\"},\"datePublished\":\"2019-06-10T06:19:01+00:00\",\"dateModified\":\"2026-02-02T15:27:40+00:00\",\"description\":\"Retrouvez la liste des assurances obligatoires pour un autoentrepreneur, les tarifs, les garanties indispensables et nos conseils pour payer moins cher !\",\"breadcrumb\":{\"@id\":\"https:\/\/guide.reassurez-moi.fr\/guide\/pro\/assurance-metiers\/autoentrepreneur#breadcrumb\"},\"inLanguage\":\"fr-FR\",\"potentialAction\":[{\"@type\":\"ReadAction\",\"target\":[\"https:\/\/guide.reassurez-moi.fr\/guide\/pro\/assurance-metiers\/autoentrepreneur\"]}]},{\"@type\":\"BreadcrumbList\",\"@id\":\"https:\/\/guide.reassurez-moi.fr\/guide\/pro\/assurance-metiers\/autoentrepreneur#breadcrumb\",\"itemListElement\":[{\"@type\":\"ListItem\",\"position\":1,\"name\":\"Assurances\",\"item\":\"https:\/\/guide.reassurez-moi.fr\/guide\/\"},{\"@type\":\"ListItem\",\"position\":2,\"name\":\"Assurance professionnelle\",\"item\":\"https:\/\/guide.reassurez-moi.fr\/guide\/pro\"},{\"@type\":\"ListItem\",\"position\":3,\"name\":\"Assurances et m\u00e9tiers\",\"item\":\"https:\/\/guide.reassurez-moi.fr\/guide\/pro\/assurance-metiers\"},{\"@type\":\"ListItem\",\"position\":4,\"name\":\"Auto entrepreneur\"}]},{\"@type\":\"WebSite\",\"@id\":\"https:\/\/guide.reassurez-moi.fr\/guide\/#website\",\"url\":\"https:\/\/guide.reassurez-moi.fr\/guide\/\",\"name\":\"R\u00e9assurez-moi\",\"description\":\"Comparateur d&#039;assurances\",\"potentialAction\":[{\"@type\":\"SearchAction\",\"target\":{\"@type\":\"EntryPoint\",\"urlTemplate\":\"https:\/\/guide.reassurez-moi.fr\/guide\/?s={search_term_string}\"},\"query-input\":{\"@type\":\"PropertyValueSpecification\",\"valueRequired\":true,\"valueName\":\"search_term_string\"}}],\"inLanguage\":\"fr-FR\"}]}<\/script>\n<!-- \/ Yoast SEO plugin. -->","yoast_head_json":{"title":"Quelles assurances pour un auto entrepreneur ? (notre top 5)","description":"Retrouvez la liste des assurances obligatoires pour un autoentrepreneur, les tarifs, les garanties indispensables et nos conseils pour payer moins cher !","robots":{"index":"index","follow":"follow","max-snippet":"max-snippet:-1","max-image-preview":"max-image-preview:large","max-video-preview":"max-video-preview:-1"},"canonical":"https:\/\/guide.reassurez-moi.fr\/guide\/pro\/assurance-metiers\/autoentrepreneur","og_locale":"fr_FR","og_type":"article","og_title":"Quelles assurances pour un auto entrepreneur ? (notre top 5)","og_description":"Retrouvez la liste des assurances obligatoires pour un autoentrepreneur, les tarifs, les garanties indispensables et nos conseils pour payer moins cher !","og_url":"https:\/\/guide.reassurez-moi.fr\/guide\/pro\/assurance-metiers\/autoentrepreneur","og_site_name":"R\u00e9assurez-moi","article_publisher":"https:\/\/www.facebook.com\/R%c3%a9assurez-moi-209456495889479\/","article_modified_time":"2026-02-02T15:27:40+00:00","og_image":[{"width":500,"height":160,"url":"https:\/\/guide.reassurez-moi.fr\/guide\/wp-content\/uploads\/2018\/04\/image-de-partage.png","type":"image\/png"}],"twitter_card":"summary_large_image","twitter_site":"@reassurezmoi","twitter_misc":{"Dur\u00e9e de lecture estim\u00e9e":"5 minutes"},"schema":{"@context":"https:\/\/schema.org","@graph":[{"@type":"WebPage","@id":"https:\/\/guide.reassurez-moi.fr\/guide\/pro\/assurance-metiers\/autoentrepreneur","url":"https:\/\/guide.reassurez-moi.fr\/guide\/pro\/assurance-metiers\/autoentrepreneur","name":"Quelles assurances pour un auto entrepreneur ? (notre top 5)","isPartOf":{"@id":"https:\/\/guide.reassurez-moi.fr\/guide\/#website"},"datePublished":"2019-06-10T06:19:01+00:00","dateModified":"2026-02-02T15:27:40+00:00","description":"Retrouvez la liste des assurances obligatoires pour un autoentrepreneur, les tarifs, les garanties indispensables et nos conseils pour payer moins cher !","breadcrumb":{"@id":"https:\/\/guide.reassurez-moi.fr\/guide\/pro\/assurance-metiers\/autoentrepreneur#breadcrumb"},"inLanguage":"fr-FR","potentialAction":[{"@type":"ReadAction","target":["https:\/\/guide.reassurez-moi.fr\/guide\/pro\/assurance-metiers\/autoentrepreneur"]}]},{"@type":"BreadcrumbList","@id":"https:\/\/guide.reassurez-moi.fr\/guide\/pro\/assurance-metiers\/autoentrepreneur#breadcrumb","itemListElement":[{"@type":"ListItem","position":1,"name":"Assurances","item":"https:\/\/guide.reassurez-moi.fr\/guide\/"},{"@type":"ListItem","position":2,"name":"Assurance professionnelle","item":"https:\/\/guide.reassurez-moi.fr\/guide\/pro"},{"@type":"ListItem","position":3,"name":"Assurances et m\u00e9tiers","item":"https:\/\/guide.reassurez-moi.fr\/guide\/pro\/assurance-metiers"},{"@type":"ListItem","position":4,"name":"Auto entrepreneur"}]},{"@type":"WebSite","@id":"https:\/\/guide.reassurez-moi.fr\/guide\/#website","url":"https:\/\/guide.reassurez-moi.fr\/guide\/","name":"R\u00e9assurez-moi","description":"Comparateur d&#039;assurances","potentialAction":[{"@type":"SearchAction","target":{"@type":"EntryPoint","urlTemplate":"https:\/\/guide.reassurez-moi.fr\/guide\/?s={search_term_string}"},"query-input":{"@type":"PropertyValueSpecification","valueRequired":true,"valueName":"search_term_string"}}],"inLanguage":"fr-FR"}]}},"acf":[],"_links":{"self":[{"href":"https:\/\/guide.reassurez-moi.fr\/guide\/wp-json\/wp\/v2\/pages\/60610","targetHints":{"allow":["GET"]}}],"collection":[{"href":"https:\/\/guide.reassurez-moi.fr\/guide\/wp-json\/wp\/v2\/pages"}],"about":[{"href":"https:\/\/guide.reassurez-moi.fr\/guide\/wp-json\/wp\/v2\/types\/page"}],"author":[{"embeddable":true,"href":"https:\/\/guide.reassurez-moi.fr\/guide\/wp-json\/wp\/v2\/users\/86"}],"replies":[{"embeddable":true,"href":"https:\/\/guide.reassurez-moi.fr\/guide\/wp-json\/wp\/v2\/comments?post=60610"}],"version-history":[{"count":1,"href":"https:\/\/guide.reassurez-moi.fr\/guide\/wp-json\/wp\/v2\/pages\/60610\/revisions"}],"predecessor-version":[{"id":216244,"href":"https:\/\/guide.reassurez-moi.fr\/guide\/wp-json\/wp\/v2\/pages\/60610\/revisions\/216244"}],"up":[{"embeddable":true,"href":"https:\/\/guide.reassurez-moi.fr\/guide\/wp-json\/wp\/v2\/pages\/58471"}],"wp:attachment":[{"href":"https:\/\/guide.reassurez-moi.fr\/guide\/wp-json\/wp\/v2\/media?parent=60610"}],"wp:term":[{"taxonomy":"category","embeddable":true,"href":"https:\/\/guide.reassurez-moi.fr\/guide\/wp-json\/wp\/v2\/categories?post=60610"},{"taxonomy":"page_topic","embeddable":true,"href":"https:\/\/guide.reassurez-moi.fr\/guide\/wp-json\/wp\/v2\/page_topic?post=60610"}],"curies":[{"name":"wp","href":"https:\/\/api.w.org\/{rel}","templated":true}]}}