{"id":60620,"date":"2019-05-28T12:14:49","date_gmt":"2019-05-28T10:14:49","guid":{"rendered":"https:\/\/reassurez-moi.fr\/guide\/?page_id=60620"},"modified":"2026-02-02T15:11:53","modified_gmt":"2026-02-02T14:11:53","slug":"permis-etranger","status":"publish","type":"page","link":"https:\/\/guide.reassurez-moi.fr\/guide\/assurance-auto\/permis-etranger","title":{"rendered":"Assurance auto &#8211; Permis \u00e9tranger"},"content":{"rendered":"\n<h1 class=\"wp-block-heading\">Peut-on souscrire une assurance auto avec un permis \u00e9tranger ?<\/h1>\n\n\n\n<p><b>Souscrire \u00e0 une assurance auto est une obligation l\u00e9gale pour tout conducteur roulant sur le sol fran\u00e7ais. Les automobilistes en possession d\u2019un permis \u00e9tranger ne font pas exception \u00e0 la r\u00e8gle. Pourtant, la validit\u00e9 du permis \u00e9tranger n\u2019est pas toujours automatique dans l\u2019Hexagone et trouver une assurance auto devient alors compliqu\u00e9. Alors comment rouler assur\u00e9 et en conformit\u00e9 avec la loi fran\u00e7aise ? On vous explique tout.<\/b><\/p>\n\n\n\n<div class=\"wp-block-image\"><figure class=\"aligncenter is-resized\"><img loading=\"lazy\" decoding=\"async\" src=\"https:\/\/guide.reassurez-moi.fr\/guide\/wp-content\/uploads\/2019\/06\/echange_permis_conduire-500x376.jpg\" alt=\"schema-permis-etranger-droits\" width=\"469\" height=\"354\"\/><\/figure><\/div>\n\n\n\n<h2 class=\"wp-block-heading\"><strong>Puis-je assurer mon auto avec un permis \u00e9tranger ?<\/strong><\/h2>\n\n\n\n<p><b>Les conducteurs disposant d\u2019un permis de conduire \u00e9tranger<\/b> <strong>peuvent tout \u00e0 fait souscrire aux garanties classiques de l\u2019assurance auto<\/strong>. Cependant, les assureurs peuvent \u00eatre r\u00e9ticents \u00e0 accepter de couvrir une personne pr\u00e9sentant un permis \u00e9tranger, bien que l\u2019assurance auto soit une obligation l\u00e9gale. Cela est notamment d\u00fb au fait que les compagnies d&rsquo;assurance connaissent mal le code de la route en vigueur dans les pays \u00e9trangers et consid\u00e8rent alors que les conducteurs venant de l\u2019un d\u2019entre eux repr\u00e9sentent un risque accru. Dans la plupart des cas, elles ne peuvent d\u2019ailleurs pas avoir connaissance des ant\u00e9c\u00e9dents en mati\u00e8re d\u2019accidents ou de sinistres en g\u00e9n\u00e9ral.<\/p>\n\n\n\n<p><strong>La plupart des assurances auto adapteront leurs conditions<\/strong> de souscription selon le pays d&rsquo;obtention de votre permis de conduire. <br><br><b>En revanche, il faut savoir que le permis \u00e9tranger, s\u2019il a \u00e9t\u00e9 pass\u00e9 il y a moins de 3 ans, implique un statut de <\/b><a href=\"https:\/\/reassurez-moi.fr\/guide\/assurance-auto\/jeune-conducteur\"><b>jeune conducteur<\/b><\/a><b>. <\/b>L\u2019absence d\u2019assurance auto pour les 3 derni\u00e8res ann\u00e9es constitue \u00e9galement un facteur automatique de consid\u00e9ration en tant que conducteur novice. De fait, les compagnies d\u2019assurance appliquent une surprime pour compenser l\u2019inexp\u00e9rience au volant, \u00e0 laquelle il n\u2019est pas possible de d\u00e9roger.<\/p>\n\n\n\n<h2 class=\"wp-block-heading\"><strong>Quelles d\u00e9marches effectuer pour m\u2019assurer avec un permis \u00e9tranger ?<\/strong><\/h2>\n\n\n\n<p><b>Il est imp\u00e9ratif pour un conducteur \u00e9tranger de pr\u00e9senter un profil impeccable et de savoir quelles dispositions prendre pour voir son dossier accept\u00e9 facilement.<\/b> Vous devez par exemple \u00eatre \u00e2g\u00e9 de 18 ans minimum, ce qui n\u2019est pas le cas aux \u00c9tats-Unis o\u00f9 il est possible de conduire \u00e0 partir de 16 ans ou en Angleterre \u00e0 partir de 17 ans pour les voitures normales.<br><br><b>Tous les documents n\u00e9cessaires doivent \u00eatre en r\u00e8gle, notamment la validit\u00e9 du permis de conduire.<\/b> Les permis europ\u00e9ens sont valides, sauf infraction commise en France. En revanche, les permis non europ\u00e9ens doivent respecter certaines conditions. Si vous \u00eates fran\u00e7ais et que vous avez obtenu votre permis \u00e0 l\u2019\u00e9tranger par exemple, vous devez avoir v\u00e9cu pendant au moins 6 mois dans le pays de d\u00e9livrance. Si vous \u00eates \u00e9tranger en revanche, vous devez avoir obtenu votre permis de conduire avant votre titre de s\u00e9jour fran\u00e7ais.\u00a0<br><br><strong>Une fois la validit\u00e9 de votre permis confirm\u00e9e<\/strong>, il est aussi toujours bienvenu de produire un relev\u00e9 d\u2019informations fourni par l\u2019assureur du pays d\u2019origine permettant d\u2019attester de votre passif en tant qu\u2019assur\u00e9. Par ailleurs, vous pouvez aussi souscrire \u00e0 une <a href=\"https:\/\/reassurez-moi.fr\/guide\/assurance-auto\/temporaire\">assurance auto temporaire<\/a>, pour quelques semaines, si vous avez pr\u00e9vu d\u2019\u00e9changer votre permis \u00e9tranger pour un titre de conduire fran\u00e7ais. Les assureurs se montreront plus enclins \u00e0 couvrir une voiture pour une dur\u00e9e limit\u00e9e que pour une ann\u00e9e compl\u00e8te.<\/p>\n\n\n\n<div class=\"wp-block-mars-information icon-info\"><i class=\"icon\"><\/i><p>Si aucun assureur ne veut vous prendre en charge, il vous reste une option : saisir le Bureau Central de Tarification (BCT). Pour saisir cet organisme, vous devez avoir essuy\u00e9 2 refus de la part de compagnies d\u2019assurance (vos demandes doivent \u00eatre faites par lettres recommand\u00e9es avec accus\u00e9 de r\u00e9ception).<\/p><\/div>\n\n\n\n<h2 class=\"wp-block-heading\"><strong>Comment trouver une assurance auto avec un permis \u00e9tranger ?<\/strong><\/h2>\n\n\n\n<p><b>Pour souscrire \u00e0 la meilleure assurance auto fran\u00e7aise avec un permis \u00e9tranger, il est pr\u00e9f\u00e9rable de privil\u00e9gier l\u2019adh\u00e9sion en ligne<\/b>, dans la mesure o\u00f9 les d\u00e9marches sont facilit\u00e9es par la d\u00e9mat\u00e9rialisation du service.<br><br><b>Selon votre profil et la situation dans laquelle vous vous trouvez, l&rsquo;assurance auto temporaire peut \u00eatre une bonne option.<\/b> Ainsi, cela <\/p>\n\n\n\n<p><strong>Si vous souhaitez trouver une assurance auto pour permis \u00e9tranger, pourquoi ne pas comparer les meilleures offres du march\u00e9 ? <\/strong>Notre outil de comparaison sonde le march\u00e9 pour vous proposer les meilleures assurances auto compatibles avec un permis \u00e9tranger. Vous n&rsquo;avez plus qu&rsquo;\u00e0 choisir celui qui vous convient le mieux !<\/p>\n\n\n\n<div style=\"height:20px\" aria-hidden=\"true\" class=\"wp-block-spacer\"><\/div>\n\n\n\n<div class=\"wp-block-rm-advertizing-block fix-in-sidebar advertising-block-sidebar-item\">\n    <div class=\"image-container flex justify-center align-items-center\">\n        <img decoding=\"async\" src=\"https:\/\/guide.reassurez-moi.fr\/guide\/wp-content\/uploads\/2025\/06\/team_opti_short.png\"\n             alt=\"reassurez-moi illustration\"\n             class=\"wp-block-rm-advertizing-image\"\n             loading=\"lazy\"\n        \/>\n    <\/div>\n    <div class=\"rm-advertblock-container flex flex-column justify-center align-items-start\">\n        <p class=\"wp-block-rm-advertizing-text\">\n            Assurance auto\n        <\/p>\n        <p class=\"wp-block-rm-advertizing-sub-text\">\n            les meilleures offres 2026\n        <\/p>\n        <a\n            href=\"https:\/\/reassurez-moi.fr\/guide\/assurance-auto\"\n            class=\"wp-block-rm-advertizing-button\"\n        >\n            <span class=\"wp-block-rm-advertizing-button-text\">\n                Comparer\n            <\/span>\n            <span class=\"wp-block-rm-advertizing-button-sub-text\">\n                les assurances auto\n            <\/span>\n        <\/a>\n    <\/div>\n<\/div>\n\n\n\n<h2 class=\"wp-block-heading\"><strong>Combien co\u00fbte l\u2019assurance auto avec un permis \u00e9tranger ?<\/strong><\/h2>\n\n\n\n<p><b>Le <\/b><a href=\"https:\/\/reassurez-moi.fr\/guide\/assurance-auto\/prix\"><b>co\u00fbt de l\u2019assurance auto<\/b><\/a><b> pour un conducteur pr\u00e9sentant un permis international ne saurait \u00eatre soumis \u00e0 une quelconque majoration <\/b>(sauf statut de jeune conducteur, de conducteur r\u00e9sili\u00e9 ou maluss\u00e9). L\u2019assur\u00e9 doit pouvoir b\u00e9n\u00e9ficier des m\u00eames garanties que tous, au m\u00eame prix. Pour vous faire un ordre d\u2019id\u00e9e de ces prix, nous avons r\u00e9alis\u00e9, gr\u00e2ce \u00e0 notre comparateur, un tableau tarifaire de l\u2019assurance au tiers chez diff\u00e9rents assureurs :<\/p>\n\n\n\n<figure class=\"wp-block-table is-style-header-double\"><table><thead><tr><th><\/th><th class=\"has-text-align-center\" data-align=\"center\">Assurance au tiers (prix mensuel)<\/th><th class=\"has-text-align-center\" data-align=\"center\">Assurance au tiers (prix annuel)<\/th><\/tr><\/thead><tbody><tr><td><strong>April<\/strong><\/td><td class=\"has-text-align-center\" data-align=\"center\">135 \u20ac<\/td><td class=\"has-text-align-center\" data-align=\"center\">1 620 \u20ac<\/td><\/tr><tr><td><strong>Maxance<\/strong><\/td><td class=\"has-text-align-center\" data-align=\"center\">53 \u20ac<\/td><td class=\"has-text-align-center\" data-align=\"center\">636 \u20ac<\/td><\/tr><tr><td><strong>Axa<\/strong><\/td><td class=\"has-text-align-center\" data-align=\"center\">54 \u20ac<\/td><td class=\"has-text-align-center\" data-align=\"center\">591 \u20ac<\/td><\/tr><\/tbody><\/table><\/figure>\n\n\n\n<p><strong>L\u2019assurance auto avec un permis \u00e9tranger pour \u00e9tudiant permet g\u00e9n\u00e9ralement de souscrire des garanties g\u00e9n\u00e9rales<\/strong>, bien que les personnes poursuivant des \u00e9tudes sup\u00e9rieures soient souvent des conducteurs novices. Les assureurs peuvent alors appliquer une surprime l\u00e9gale pour ces assur\u00e9s, les conducteurs maluss\u00e9s ou r\u00e9sili\u00e9s, au m\u00eame titre que les conducteurs disposant d\u2019un titre de conduite fran\u00e7ais.<\/p>\n\n\n\n<h2 class=\"wp-block-heading\"><strong>Puis-je \u00e9changer mon permis \u00e9tranger contre un permis fran\u00e7ais ?<\/strong><\/h2>\n\n\n\n<p><b>\u00c0 l\u2019\u00e9tranger, la plupart des permis de conduire d\u00e9livr\u00e9s ne poss\u00e8de pas de points comme en France, avec un syst\u00e8me de retrait pour une infraction commise.<\/b> De nombreux pays fonctionnent avec des sanctions par le biais d\u2019amendes, voire de retrait du titre de conduite en cas de faute plus grave. Pour autant, les conducteurs r\u00e9sidant de mani\u00e8re permanente en France doivent se soumettre au syst\u00e8me local. Il peut alors s\u2019av\u00e9rer n\u00e9cessaire d\u2019\u00e9changer son permis de conduire \u00e9tranger contre un permis fran\u00e7ais. C\u2019est notamment le cas si :<\/p>\n\n\n\n<ol class=\"wp-block-list\"><li><b>Le permis vient d\u2019un pays de l\u2019EEE et son conducteur a commis une infraction en France<\/b> (si aucune infraction n\u2019est commise, l\u2019\u00e9change n\u2019est pas n\u00e9cessaire).<br><\/li><li><b>Le permis a \u00e9t\u00e9 pass\u00e9 dans un autre pays et n\u2019a alors qu\u2019une validit\u00e9 d\u20191 an.<\/b> Au-del\u00e0 de cette dur\u00e9e, le permis de conduire fran\u00e7ais devra \u00eatre pass\u00e9 si l\u2019\u00e9change n\u2019a pas \u00e9t\u00e9 r\u00e9alis\u00e9 en temps voulu.<\/li><\/ol>\n\n\n\n<p><strong>La proc\u00e9dure d\u2019\u00e9change de permis doit \u00eatre effectu\u00e9e aupr\u00e8s de la pr\u00e9fecture ou sous-pr\u00e9fecture comp\u00e9tente en la mati\u00e8re et suppose la pr\u00e9sentation de plusieurs documents :<\/strong><\/p>\n\n\n\n<ul class=\"wp-block-list\"><li>Une copie du permis de conduire \u00e9tranger r\u00e9dig\u00e9 en fran\u00e7ais ou disposant d\u2019une traduction officielle.<\/li><li>Une attestation d\u2019\u00e9tat civil.<\/li><li>2 photos d\u2019identit\u00e9 aux normes l\u00e9gales pour de tels documents.<\/li><li>Une copie du titre de s\u00e9jour.<\/li><\/ul>\n\n\n\n<div class=\"wp-block-mars-information icon-warning\"><i class=\"icon\"><\/i><p>Le pays \u00e9tranger, s\u2019il ne fait pas partie de l\u2019EEE, doit accepter l\u2019\u00e9change de permis avec la France et rendre cette disposition possible gr\u00e2ce au principe de r\u00e9ciprocit\u00e9. Cela signifie qu\u2019un ressortissant fran\u00e7ais \u00e0 l\u2019\u00e9tranger pourra \u00e9galement \u00e9changer son permis d\u2019origine contre un permis de conduire local.<\/p><\/div>\n\n\n\n<h2 class=\"wp-block-heading\"><strong>Puis-je acheter un v\u00e9hicule avec mon permis \u00e9tranger ?<\/strong><\/h2>\n\n\n\n<p><b>L\u2019acquisition d\u2019un v\u00e9hicule ne n\u00e9cessite en aucun cas de devoir pr\u00e9senter le permis de conduire, qu\u2019il soit fran\u00e7ais ou \u00e9tranger.<\/b> L\u2019achat reste en effet ind\u00e9pendant de la possession d\u2019un titre de conduite. Il est par exemple possible d\u2019acheter une voiture pour l\u2019offrir. Il est alors tout \u00e0 fait possible d\u2019acheter une voiture, quelle qu\u2019elle soit, sauf si le concessionnaire s\u2019occupe lui-m\u00eame des formalit\u00e9s li\u00e9es \u00e0 la carte grise.<br><br><b>C\u2019est l\u2019obtention de la carte grise de la voiture (certificat d\u2019immatriculation) qui est soumise \u00e0 la pr\u00e9sentation du permis de conduire. <\/b>Ce dernier doit \u00eatre valide pour la cat\u00e9gorie de v\u00e9hicule \u00e0 immatriculer. Cela a pour objectif d\u2019\u00e9viter aux personnes ayant eu un retrait de permis d\u2019acheter un v\u00e9hicule et de pouvoir le conduire malgr\u00e9 tout.<br><br><b>Il n\u2019est ainsi pas imp\u00e9ratif de proc\u00e9der \u00e0 l\u2019\u00e9change r\u00e9ciproque de permis pour obtenir une voiture par le biais d\u2019un particulier.<\/b> En revanche, si l\u2019achat et les formalit\u00e9s d\u2019obtention de carte grise se font par le biais d\u2019un garage, il faudra pr\u00e9senter un permis de conduire \u00e9tranger valide.<\/p>\n\n\n\n<h2 class=\"wp-block-heading\"><strong>Puis-je conduire avec un permis \u00e9tranger en France ?<\/strong><\/h2>\n\n\n\n<p><b>Il est tout \u00e0 fait possible de conduire en France avec un permis \u00e9tranger, \u00e0 condition que celui-ci soit valide.<\/b> Cette validit\u00e9 n\u2019est pas automatique en fonction du pays de provenance et reste soumise \u00e0 des conditions pr\u00e9cises. Pour certaines cat\u00e9gories de conducteurs immigr\u00e9s par exemple, le permis \u00e9tranger n\u2019est pas limit\u00e9 dans la dur\u00e9e (\u00e9tudiants ou diplomates entre autres) mais il doit correspondre \u00e0 la dur\u00e9e du s\u00e9jour (\u00e9tudes ou mission donc). En revanche, pour les conducteurs immigr\u00e9s dont le s\u00e9jour en France est motiv\u00e9 par des raisons diff\u00e9rentes, le permis de conduire peut avoir une dur\u00e9e limit\u00e9e dans le temps.<\/p>\n\n\n\n<p><strong>\u00c0 savoir \u00e9galement, le permis \u00e9tranger se divise en 2 cat\u00e9gories :<\/strong><\/p>\n\n\n\n<ul class=\"wp-block-list\"><li><b>Les permis issus de pays de l\u2019Espace \u00e9conomique europ\u00e9en (EEE), comprenant les 28 pays de l\u2019Union Europ\u00e9enne (UE), l\u2019Islande, la Norv\u00e8ge et le Lichtenstein.<\/b><\/li><\/ul>\n\n\n\n<p>Tout permis de conduire \u00e9tranger issu de l\u2019EEE est consid\u00e9r\u00e9 valide sur le territoire fran\u00e7ais. Seules 2 situations peuvent invalider ce permis : si une infraction de la route a \u00e9t\u00e9 commise sur le territoire fran\u00e7ais, ou si le conducteur a subit un retrait de permis dans son pays d\u2019origine.<\/p>\n\n\n\n<ul class=\"wp-block-list\"><li><b>Les permis venant de pays \u00e9trangers en dehors de l\u2019EEE.<\/b><\/li><\/ul>\n\n\n\n<p>Les permis de conduire \u00e9tranger hors EEE sont valides sur sol fran\u00e7ais pendant 1 an. Pass\u00e9e cette ann\u00e9e, le conducteur du v\u00e9hicule devra proc\u00e9der \u00e0 un \u00e9change : de son permis \u00e9tranger vers un permis fran\u00e7ais. Aussi, s\u2019il s\u2019agit d\u2019un conducteur de nationalit\u00e9 fran\u00e7aise, il doit avoir v\u00e9cu au moins 6 mois dans le pays de d\u00e9livrance de son permis. S\u2019il s\u2019agit d\u2019un conducteur \u00e9tranger, le permis doit avoir \u00e9t\u00e9 d\u00e9livr\u00e9 avant la d\u00e9livrance du titre de s\u00e9jour.<\/p>\n","protected":false},"excerpt":{"rendered":"<p>Peut-on souscrire une assurance auto avec un permis \u00e9tranger ? Souscrire \u00e0 une assurance auto est une obligation l\u00e9gale pour tout conducteur roulant sur le sol fran\u00e7ais. Les automobilistes en possession d\u2019un permis \u00e9tranger ne font pas exception \u00e0 la r\u00e8gle. Pourtant, la validit\u00e9 du permis \u00e9tranger n\u2019est pas toujours automatique dans l\u2019Hexagone et trouver\u2026<\/p>\n","protected":false},"author":86,"featured_media":0,"parent":15725,"menu_order":0,"comment_status":"open","ping_status":"closed","template":"","meta":{"_acf_changed":false,"footnotes":""},"categories":[],"page_topic":[560],"class_list":["post-60620","page","type-page","status-publish","hentry"],"yoast_head":"<!-- This site is optimized with the Yoast SEO plugin v24.7 - https:\/\/yoast.com\/wordpress\/plugins\/seo\/ -->\n<title>Peut-on souscrire une assurance auto avec un permis \u00e9tranger ?<\/title>\n<meta name=\"description\" content=\"Est-il possible de conduire en France avec un permis \u00e9tranger ? Quelle assurance auto choisir en cas de permis non fran\u00e7ais ?\" \/>\n<meta name=\"robots\" content=\"index, follow, max-snippet:-1, max-image-preview:large, max-video-preview:-1\" \/>\n<link rel=\"canonical\" href=\"https:\/\/34.54.253.62\/guide\/assurance-auto\/permis-etranger\" \/>\n<meta property=\"og:locale\" content=\"fr_FR\" \/>\n<meta property=\"og:type\" content=\"article\" \/>\n<meta property=\"og:title\" content=\"Peut-on souscrire une assurance auto avec un permis \u00e9tranger ?\" \/>\n<meta property=\"og:description\" content=\"Est-il possible de conduire en France avec un permis \u00e9tranger ? Quelle assurance auto choisir en cas de permis non fran\u00e7ais ?\" \/>\n<meta property=\"og:url\" content=\"https:\/\/34.54.253.62\/guide\/assurance-auto\/permis-etranger\" \/>\n<meta property=\"og:site_name\" content=\"R\u00e9assurez-moi\" \/>\n<meta property=\"article:publisher\" content=\"https:\/\/www.facebook.com\/R%c3%a9assurez-moi-209456495889479\/\" \/>\n<meta property=\"article:modified_time\" content=\"2026-02-02T14:11:53+00:00\" \/>\n<meta property=\"og:image\" content=\"https:\/\/guide.reassurez-moi.fr\/guide\/wp-content\/uploads\/2019\/06\/echange_permis_conduire-500x376.jpg\" \/>\n<meta name=\"twitter:card\" content=\"summary_large_image\" \/>\n<meta name=\"twitter:site\" content=\"@reassurezmoi\" \/>\n<meta name=\"twitter:label1\" content=\"Dur\u00e9e de lecture estim\u00e9e\" \/>\n\t<meta name=\"twitter:data1\" content=\"9 minutes\" \/>\n<script type=\"application\/ld+json\" class=\"yoast-schema-graph\">{\"@context\":\"https:\/\/schema.org\",\"@graph\":[{\"@type\":\"WebPage\",\"@id\":\"https:\/\/34.54.253.62\/guide\/assurance-auto\/permis-etranger\",\"url\":\"https:\/\/34.54.253.62\/guide\/assurance-auto\/permis-etranger\",\"name\":\"Peut-on souscrire une assurance auto avec un permis \u00e9tranger ?\",\"isPartOf\":{\"@id\":\"https:\/\/guide.reassurez-moi.fr\/guide\/#website\"},\"primaryImageOfPage\":{\"@id\":\"https:\/\/34.54.253.62\/guide\/assurance-auto\/permis-etranger#primaryimage\"},\"image\":{\"@id\":\"https:\/\/34.54.253.62\/guide\/assurance-auto\/permis-etranger#primaryimage\"},\"thumbnailUrl\":\"https:\/\/guide.reassurez-moi.fr\/guide\/wp-content\/uploads\/2019\/06\/echange_permis_conduire-500x376.jpg\",\"datePublished\":\"2019-05-28T10:14:49+00:00\",\"dateModified\":\"2026-02-02T14:11:53+00:00\",\"description\":\"Est-il possible de conduire en France avec un permis \u00e9tranger ? Quelle assurance auto choisir en cas de permis non fran\u00e7ais ?\",\"breadcrumb\":{\"@id\":\"https:\/\/34.54.253.62\/guide\/assurance-auto\/permis-etranger#breadcrumb\"},\"inLanguage\":\"fr-FR\",\"potentialAction\":[{\"@type\":\"ReadAction\",\"target\":[\"https:\/\/34.54.253.62\/guide\/assurance-auto\/permis-etranger\"]}]},{\"@type\":\"ImageObject\",\"inLanguage\":\"fr-FR\",\"@id\":\"https:\/\/34.54.253.62\/guide\/assurance-auto\/permis-etranger#primaryimage\",\"url\":\"https:\/\/guide.reassurez-moi.fr\/guide\/wp-content\/uploads\/2019\/06\/echange_permis_conduire.jpg\",\"contentUrl\":\"https:\/\/guide.reassurez-moi.fr\/guide\/wp-content\/uploads\/2019\/06\/echange_permis_conduire.jpg\",\"width\":784,\"height\":589,\"caption\":\"echange permis conduire\"},{\"@type\":\"BreadcrumbList\",\"@id\":\"https:\/\/34.54.253.62\/guide\/assurance-auto\/permis-etranger#breadcrumb\",\"itemListElement\":[{\"@type\":\"ListItem\",\"position\":1,\"name\":\"Assurances\",\"item\":\"https:\/\/guide.reassurez-moi.fr\/guide\/\"},{\"@type\":\"ListItem\",\"position\":2,\"name\":\"Assurance auto\",\"item\":\"https:\/\/guide.reassurez-moi.fr\/guide\/assurance-auto\"},{\"@type\":\"ListItem\",\"position\":3,\"name\":\"Permis \u00e9tranger\"}]},{\"@type\":\"WebSite\",\"@id\":\"https:\/\/guide.reassurez-moi.fr\/guide\/#website\",\"url\":\"https:\/\/guide.reassurez-moi.fr\/guide\/\",\"name\":\"R\u00e9assurez-moi\",\"description\":\"Comparateur d&#039;assurances\",\"potentialAction\":[{\"@type\":\"SearchAction\",\"target\":{\"@type\":\"EntryPoint\",\"urlTemplate\":\"https:\/\/guide.reassurez-moi.fr\/guide\/?s={search_term_string}\"},\"query-input\":{\"@type\":\"PropertyValueSpecification\",\"valueRequired\":true,\"valueName\":\"search_term_string\"}}],\"inLanguage\":\"fr-FR\"}]}<\/script>\n<!-- \/ Yoast SEO plugin. -->","yoast_head_json":{"title":"Peut-on souscrire une assurance auto avec un permis \u00e9tranger ?","description":"Est-il possible de conduire en France avec un permis \u00e9tranger ? Quelle assurance auto choisir en cas de permis non fran\u00e7ais ?","robots":{"index":"index","follow":"follow","max-snippet":"max-snippet:-1","max-image-preview":"max-image-preview:large","max-video-preview":"max-video-preview:-1"},"canonical":"https:\/\/34.54.253.62\/guide\/assurance-auto\/permis-etranger","og_locale":"fr_FR","og_type":"article","og_title":"Peut-on souscrire une assurance auto avec un permis \u00e9tranger ?","og_description":"Est-il possible de conduire en France avec un permis \u00e9tranger ? Quelle assurance auto choisir en cas de permis non fran\u00e7ais ?","og_url":"https:\/\/34.54.253.62\/guide\/assurance-auto\/permis-etranger","og_site_name":"R\u00e9assurez-moi","article_publisher":"https:\/\/www.facebook.com\/R%c3%a9assurez-moi-209456495889479\/","article_modified_time":"2026-02-02T14:11:53+00:00","og_image":[{"url":"https:\/\/guide.reassurez-moi.fr\/guide\/wp-content\/uploads\/2019\/06\/echange_permis_conduire-500x376.jpg","type":"","width":"","height":""}],"twitter_card":"summary_large_image","twitter_site":"@reassurezmoi","twitter_misc":{"Dur\u00e9e de lecture estim\u00e9e":"9 minutes"},"schema":{"@context":"https:\/\/schema.org","@graph":[{"@type":"WebPage","@id":"https:\/\/34.54.253.62\/guide\/assurance-auto\/permis-etranger","url":"https:\/\/34.54.253.62\/guide\/assurance-auto\/permis-etranger","name":"Peut-on souscrire une assurance auto avec un permis \u00e9tranger ?","isPartOf":{"@id":"https:\/\/guide.reassurez-moi.fr\/guide\/#website"},"primaryImageOfPage":{"@id":"https:\/\/34.54.253.62\/guide\/assurance-auto\/permis-etranger#primaryimage"},"image":{"@id":"https:\/\/34.54.253.62\/guide\/assurance-auto\/permis-etranger#primaryimage"},"thumbnailUrl":"https:\/\/guide.reassurez-moi.fr\/guide\/wp-content\/uploads\/2019\/06\/echange_permis_conduire-500x376.jpg","datePublished":"2019-05-28T10:14:49+00:00","dateModified":"2026-02-02T14:11:53+00:00","description":"Est-il possible de conduire en France avec un permis \u00e9tranger ? Quelle assurance auto choisir en cas de permis non fran\u00e7ais ?","breadcrumb":{"@id":"https:\/\/34.54.253.62\/guide\/assurance-auto\/permis-etranger#breadcrumb"},"inLanguage":"fr-FR","potentialAction":[{"@type":"ReadAction","target":["https:\/\/34.54.253.62\/guide\/assurance-auto\/permis-etranger"]}]},{"@type":"ImageObject","inLanguage":"fr-FR","@id":"https:\/\/34.54.253.62\/guide\/assurance-auto\/permis-etranger#primaryimage","url":"https:\/\/guide.reassurez-moi.fr\/guide\/wp-content\/uploads\/2019\/06\/echange_permis_conduire.jpg","contentUrl":"https:\/\/guide.reassurez-moi.fr\/guide\/wp-content\/uploads\/2019\/06\/echange_permis_conduire.jpg","width":784,"height":589,"caption":"echange permis conduire"},{"@type":"BreadcrumbList","@id":"https:\/\/34.54.253.62\/guide\/assurance-auto\/permis-etranger#breadcrumb","itemListElement":[{"@type":"ListItem","position":1,"name":"Assurances","item":"https:\/\/guide.reassurez-moi.fr\/guide\/"},{"@type":"ListItem","position":2,"name":"Assurance auto","item":"https:\/\/guide.reassurez-moi.fr\/guide\/assurance-auto"},{"@type":"ListItem","position":3,"name":"Permis \u00e9tranger"}]},{"@type":"WebSite","@id":"https:\/\/guide.reassurez-moi.fr\/guide\/#website","url":"https:\/\/guide.reassurez-moi.fr\/guide\/","name":"R\u00e9assurez-moi","description":"Comparateur d&#039;assurances","potentialAction":[{"@type":"SearchAction","target":{"@type":"EntryPoint","urlTemplate":"https:\/\/guide.reassurez-moi.fr\/guide\/?s={search_term_string}"},"query-input":{"@type":"PropertyValueSpecification","valueRequired":true,"valueName":"search_term_string"}}],"inLanguage":"fr-FR"}]}},"acf":[],"_links":{"self":[{"href":"https:\/\/guide.reassurez-moi.fr\/guide\/wp-json\/wp\/v2\/pages\/60620","targetHints":{"allow":["GET"]}}],"collection":[{"href":"https:\/\/guide.reassurez-moi.fr\/guide\/wp-json\/wp\/v2\/pages"}],"about":[{"href":"https:\/\/guide.reassurez-moi.fr\/guide\/wp-json\/wp\/v2\/types\/page"}],"author":[{"embeddable":true,"href":"https:\/\/guide.reassurez-moi.fr\/guide\/wp-json\/wp\/v2\/users\/86"}],"replies":[{"embeddable":true,"href":"https:\/\/guide.reassurez-moi.fr\/guide\/wp-json\/wp\/v2\/comments?post=60620"}],"version-history":[{"count":1,"href":"https:\/\/guide.reassurez-moi.fr\/guide\/wp-json\/wp\/v2\/pages\/60620\/revisions"}],"predecessor-version":[{"id":215579,"href":"https:\/\/guide.reassurez-moi.fr\/guide\/wp-json\/wp\/v2\/pages\/60620\/revisions\/215579"}],"up":[{"embeddable":true,"href":"https:\/\/guide.reassurez-moi.fr\/guide\/wp-json\/wp\/v2\/pages\/15725"}],"wp:attachment":[{"href":"https:\/\/guide.reassurez-moi.fr\/guide\/wp-json\/wp\/v2\/media?parent=60620"}],"wp:term":[{"taxonomy":"category","embeddable":true,"href":"https:\/\/guide.reassurez-moi.fr\/guide\/wp-json\/wp\/v2\/categories?post=60620"},{"taxonomy":"page_topic","embeddable":true,"href":"https:\/\/guide.reassurez-moi.fr\/guide\/wp-json\/wp\/v2\/page_topic?post=60620"}],"curies":[{"name":"wp","href":"https:\/\/api.w.org\/{rel}","templated":true}]}}