{"id":60867,"date":"2019-06-10T09:12:16","date_gmt":"2019-06-10T07:12:16","guid":{"rendered":"https:\/\/reassurez-moi.fr\/guide\/?page_id=60867"},"modified":"2026-02-02T16:27:37","modified_gmt":"2026-02-02T15:27:37","slug":"artisan","status":"publish","type":"page","link":"https:\/\/guide.reassurez-moi.fr\/guide\/pro\/assurance-metiers\/artisan","title":{"rendered":"Assurance m\u00e9tiers &#8211; Artisan"},"content":{"rendered":"\n<h1 class=\"wp-block-heading\" id=\"artisan-quelles-assurances-choisir\">Artisan, quelles assurances choisir ?<\/h1>\n\n\n\n<p><strong>Artisan, vous \u00eates perdu dans les assurances \u00e0 souscrire pour exercer votre profession en toute l\u00e9galit\u00e9 et s\u00e9r\u00e9nit\u00e9 ? Retrouvez tous nos conseils et le d\u00e9tail des assurances obligatoires et facultatives qui vous concernent ! Quelles garanties souscrire ? Quelles sont vos besoins sp\u00e9cifiques en tant qu&rsquo;artisan&nbsp;? Quels sont les principaux risques de votre m\u00e9tier ? Quand engagez-vous votre responsabilit\u00e9 en tant qu&rsquo;artisan&nbsp;?<\/strong><\/p>\n\n\n\n<h2 class=\"wp-block-heading\" id=\"artisan-quelles-sont-vos-assurances-obligatoires\">Artisan, quelles sont vos assurances obligatoires ?<\/h2>\n\n\n\n<figure class=\"wp-block-table is-style-header-double\"><table><thead><tr><th><\/th><th class=\"has-text-align-center\" data-align=\"center\">Statut<\/th><th class=\"has-text-align-center\" data-align=\"center\">Conseil<\/th><\/tr><\/thead><tbody><tr><td>Assurance d\u00e9cennale<\/td><td class=\"has-text-align-center\" data-align=\"center\">Obligatoire pour tout professionnel du b\u00e2timent ayant la qualit\u00e9 de constructeur (plombier, ma\u00e7on, menuisier&#8230;)<\/td><td class=\"has-text-align-center\" data-align=\"center\">Doit obligatoirement \u00eatre souscrite avant le d\u00e9but des travaux<\/td><\/tr><tr><td>Responsabilit\u00e9 Civile Professionnelle (RCP)<\/td><td class=\"has-text-align-center\" data-align=\"center\">Facultative<\/td><td class=\"has-text-align-center\" data-align=\"center\">La RCP est tout de m\u00eame recommand\u00e9e pour tous les artisans du b\u00e2timent (les garanties n&rsquo;\u00e9tant pas les m\u00eames que l&rsquo;assurance d\u00e9cennale)<\/td><\/tr><tr><td>Mutuelle sant\u00e9<\/td><td class=\"has-text-align-center\" data-align=\"center\">Obligatoire si vous avez des salari\u00e9s. Facultative si vous \u00eates \u00e0 votre compte<\/td><td class=\"has-text-align-center\" data-align=\"center\">Si vous \u00eates salari\u00e9, le choix de la compl\u00e9mentaire est fait par l&rsquo;entreprise. Si vous \u00eates lib\u00e9ral, il faudra trouver une mutuelle TNS par vous-m\u00eame (vous pourrez d\u00e9duire les cotisations de vos revenus)<\/td><\/tr><tr><td>Assurance auto<\/td><td class=\"has-text-align-center\" data-align=\"center\">Obligatoire si vous utilisez un v\u00e9hicule durant l&rsquo;exercice de vos fonctions<\/td><td class=\"has-text-align-center\" data-align=\"center\">Si votre v\u00e9hicule est d\u00e9j\u00e0 assur\u00e9 en perso, n&rsquo;oubliez pas d&rsquo;inclure l&rsquo;utilisation pro dans votre contrat (c&rsquo;est souvent possible)<\/td><\/tr><tr><td>Multirisque professionnelle<\/td><td class=\"has-text-align-center\" data-align=\"center\">Obligatoire si vous avez un lieu de travail priv\u00e9 (cabinet)<\/td><td class=\"has-text-align-center\" data-align=\"center\">Couvre vos locaux professionnels et la perte d&rsquo;activit\u00e9 li\u00e9e \u00e0 un sinistre (incendie, cambriolage&#8230;)<\/td><\/tr><tr><td>Pr\u00e9voyance<\/td><td class=\"has-text-align-center\" data-align=\"center\">Facultative<\/td><td class=\"has-text-align-center\" data-align=\"center\">L&rsquo;assurance d&rsquo;indemnit\u00e9s journali\u00e8res est particuli\u00e8rement recommand\u00e9e pour les lib\u00e9raux<\/td><\/tr><\/tbody><\/table><\/figure>\n\n\n\n<h4 class=\"has-text-align-center wp-block-heading\" id=\"nos-comparateurs-d-assurances-artisan\">Nos comparateurs d&rsquo;assurances pour un\u00a0artisan<\/h4>\n\n\n\n<div class=\"wp-block-buttons is-horizontal is-content-justification-center is-layout-flex wp-container-core-buttons-is-layout-1 wp-block-buttons-is-layout-flex\">\n<div class=\"wp-block-button is-style-rm-button-orange\"><a class=\"wp-block-button__link\" href=\"https:\/\/app.coover.fr\/responsabilite-civile-professionnelle?utm_source=rm\" target=\"_blank\" rel=\"noreferrer noopener\">COMPARER 12 CONTRATS<br>D&rsquo;ASSURANCE RC PRO<\/a><\/div>\n\n\n\n<div class=\"wp-block-button is-style-rm-button-orange\"><a class=\"wp-block-button__link\" href=\"https:\/\/app.coover.fr\/multirisque-professionnelle?utm_source=rm\" target=\"_blank\" rel=\"noreferrer noopener\">COMPARER 7 CONTRATS<br>D&rsquo;ASSURANCE MULTIRISQUE<\/a><\/div>\n\n\n\n<div class=\"wp-block-button is-style-rm-button-orange\"><a class=\"wp-block-button__link\" href=\"https:\/\/app.coover.fr\/assurance-decennale?utm_source=rm\" target=\"_blank\" rel=\"noreferrer noopener\">COMPARER 5 CONTRATS<br>DE GARANTIE D\u00c9CENNALE<\/a><\/div>\n<\/div>\n\n\n\n\n\n<h2 class=\"wp-block-heading\" id=\"quel-est-le-prix-d-une-assurance-professionnelle-artisan\">Quel est le prix d&rsquo;une assurance professionnelle artisan ?<\/h2>\n\n\n\n<figure class=\"wp-block-table is-style-header-double\"><table><thead><tr><th><\/th><th>Prix moyen annuel (\u20ac)<\/th><th>Crit\u00e8res de tarification<\/th><th>Conseils<\/th><\/tr><\/thead><tbody><tr><td>Responsabilit\u00e9 Civile professionnelle<\/td><td>59 \u20ac \/ an<\/td><td>Chiffre d&rsquo;affaires, sinistralit\u00e9, ann\u00e9es d&rsquo;exp\u00e9rience<\/td><td>Le prix peut doubler si vous prenez la garantie PJ (que nous vous recommandons)<\/td><\/tr><tr><td>Mutuelle d&rsquo;entreprise<\/td><td>26 \u20ac \/ mois pour un salari\u00e9 et 35 \u20ac pour un TNS<\/td><td>Selon les niveaux de garanties choisis<\/td><td>Outre le prix, soyez attentif au plafond de remboursement annuel (conseil : 1000 \u20ac de plafond min)<\/td><\/tr><tr><td>Assurance auto<\/td><td>45 \u20ac \/ mois<\/td><td>\u00c2ge du conducteur, mod\u00e8le v\u00e9hicule, ant\u00e9c\u00e9dents<\/td><td>Choisissez la formule \u00ab Tous risques \u00bb, bien qu&rsquo;un peu plus ch\u00e8re \u00e0 la formule \u00ab Au Tiers \u00bb , garantit un d\u00e9dommagement sur tous types de sinistres (m\u00e9t\u00e9o, accident, vandalisme&#8230;)<\/td><\/tr><tr><td>Assurance multirisque pro<\/td><td>40 \u20ac \/ mois<\/td><td>Surface, zone g\u00e9ographique, CA<\/td><td>Pour faire des \u00e9conomies, certains contrats incluent aussi la RC PRO<\/td><\/tr><tr><td>Pr\u00e9voyance<\/td><td>26 \u20ac \/ mois<\/td><td>\u00c2ge, garanties choisies, lieu de travail<\/td><td>Privil\u00e9giez l&rsquo;assurance \u00ab\u00a0Indemnit\u00e9s Journali\u00e8res\u00a0\u00bb : votre salaire sera maintenu en cas d&rsquo;accidents ou maladie<\/td><\/tr><\/tbody><\/table><\/figure>\n\n\n\n<div style=\"height:20px\" aria-hidden=\"true\" class=\"wp-block-spacer\"><\/div>\n\n\n\n\n\n<h2 class=\"wp-block-heading\" id=\"l-assurance-responsabilite-civile-professionnelle-artisan\">L&rsquo;assurance Responsabilit\u00e9 Civile professionnelle artisan<\/h2>\n\n\n\n<p><b>La RCP&nbsp;artisan du b\u00e2timent&nbsp;vous prot\u00e8ge en cas de dommages caus\u00e9s \u00e0 un tiers durant votre activit\u00e9 professionnelle.<\/b> Cela concerne aussi bien les dommages \u00e0 la personne que les accidents arriv\u00e9s sur votre lieu de travail.<\/p>\n\n\n\n<p><strong>Contrairement \u00e0 la garantie d\u00e9cennale, la RCP n&rsquo;est pas obligatoire pour tous les artisans du BTP mais vivement conseill\u00e9e,<\/strong> du fait des nombreuses mises en causes possibles. La RCP vous couvre par exemple si vous endommagez une porte de l&rsquo;immeuble au cours de votre intervention, en cas d&rsquo;erreur professionnelle ou encore suite \u00e0 une chute de mat\u00e9riel blessant un tiers.<\/p>\n\n\n\n<div style=\"height:20px\" aria-hidden=\"true\" class=\"wp-block-spacer\"><\/div>\n\n\n\n<h3 class=\"wp-block-heading\" id=\"quelles-sont-les-garanties-de-l-assurance-rc-pro-artisan\">Quelles sont les garanties de l&rsquo;assurance RC Pro artisan ?<\/h3>\n\n\n\n<figure class=\"wp-block-table is-style-header-double\"><table><thead><tr><th><\/th><th>Risques principaux<\/th><th>Probabilit\u00e9<\/th><th>Commentaires<\/th><\/tr><\/thead><tbody><tr><td>Responsabilit\u00e9 Civile Professionnelle<\/td><td>Dommage mat\u00e9riel lors d&rsquo;une intervention chez un client, \u00e9chafaudage qui s&rsquo;effondre, blessure sur chantier<\/td><td>Importante<\/td><td>V\u00e9rifiez bien les plafonds d&rsquo;indemnisation ainsi que les franchises, variables d&rsquo;un contrat \u00e0 l&rsquo;autre<\/td><\/tr><tr><td>Garantie recours et d\u00e9fense p\u00e9nale<\/td><td>Responsabilit\u00e9 mise en cause par un client<\/td><td>Importante<\/td><td>Tr\u00e8s utile si l&rsquo;\u00e9v\u00e8nement est exclu de la garantie RC. Attention, exclusion des actes professionnels prohib\u00e9s par la loi ou non autoris\u00e9s pour l\u2019assur\u00e9<\/td><\/tr><tr><td>Protection juridique<\/td><td>Litige menant \u00e0 proc\u00e9dure judiciaire avec un fournisseur, un client&#8230;<\/td><td>Importante<\/td><td>Souvent en option et ch\u00e8re (50 % de surco\u00fbt) mais indispensable aux lib\u00e9raux<\/td><\/tr><\/tbody><\/table><\/figure>\n\n\n\n<div style=\"height:20px\" aria-hidden=\"true\" class=\"wp-block-spacer\"><\/div>\n\n\n\n<div class=\"flex  wp-block-rm-advertizing-block fix-in-sidebar\"><div class=\"image-container flex justify-center align-items-center py-3\"><img decoding=\"async\" src=\"https:\/\/guide.reassurez-moi.fr\/guide\/wp-content\/uploads\/2025\/06\/team_opti_short.png\" alt=\"reassurez-moi illustration\" class=\"wp-block-rm-advertizing-image\" loading=\"lazy\"\/><\/div><div class=\"\n                    rm-advertblock-container\n                    flex flex-column justify-center\n                    align-items-start\n                \"><p class=\"wp-block-rm-advertizing-text\n                              \n                            \">Les meilleurs contrats de Responsabilit\u00e9 Civile professionnelle en 2026<\/p><a href=\"https:\/\/reassurez-moi.fr\/guide\/pro\/responsabilite-civile\" class=\"wp-block-rm-advertizing-button\"><span class=\"wp-block-rm-advertizing-button-text\">Je compare 15 RC Pro<\/span><\/a><\/div><\/div>\n\n\n\n\n\n<h2 class=\"wp-block-heading\" id=\"quelles-sont-les-meilleures-assurances-artisan\">Quelles sont les meilleures assurances artisan ?<\/h2>\n\n\n\n<p><b>Il existe de nombreux contrats disponibles pour vous assurer en tant que professionnel. Voici un comparatif des assurances&nbsp;artisan. <\/b>En notre qualit\u00e9 de courtier d&rsquo;assurances professionnelles, nous pouvons vous aider \u00e0 comparer les offres, n\u00e9gocier les prix et vous faire accompagner par un expert pour vous faire gagner du temps. N&rsquo;h\u00e9sitez pas \u00e0 nous solliciter, notre service est enti\u00e8rement gratuit et tr\u00e8s rapide.<\/p>\n\n\n\n<p>Vous avez besoin d&rsquo;aide pour le <a href=\"https:\/\/reassurez-moi.fr\/guide\/pro\/calcul-tva\">calcul de votre TVA<\/a> ? Nos experts ont mis en place un outil vous permettant de calculer facilement la taxe applicable \u00e0 vos honoraires, n&rsquo;h\u00e9sitez pas !<\/p>\n\n\n\n<div class=\"wp-block-mars-information icon-info without-background\"><i class=\"icon\"><\/i><p>En principe, la RC professionnelle est incluse dans la RC d\u00e9cennale. Nous vous conseillons donc de souscrire un contrat de garantie d\u00e9cennale, ce qui vous reviendra moins cher. V\u00e9rifiez tout de m\u00eame bien les inclusions et exclusions au contrat.<\/p><\/div>\n\n\n\n<figure class=\"wp-block-table is-style-header-double\"><table><thead><tr><th><\/th><th>Garanties<\/th><th>Avis<\/th><th>Tarifs<\/th><\/tr><\/thead><tbody><tr><td>Assurance artisans du b\u00e2timent<\/td><td>Garantie d\u00e9cennale, RCP, assurance locaux et biens professionnels<\/td><td>Contrat de base adaptable via de nombreuses garanties optionnelles<\/td><td>\u00c0 partir de 1 520 \u20ac<\/td><\/tr><tr><td>Assurance PPAB activit\u00e9 artisans du b\u00e2timent SMA BTP<\/td><td>Garantie d\u00e9cennale, RCP, dommages en cours de travaux, protection juridique, individuelle accidents<\/td><td>Formule compl\u00e8te, 2 niveaux de franchise au choix, tarif \u00e9volutif<\/td><td>Sur devis<\/td><\/tr><tr><td>Assurance Pyramide Artisan &#8211; moins de 5 salari\u00e9s &#8211; L&rsquo;Auxilliaire<\/td><td>Garantie d\u00e9cennale, RCP, RC atteinte \u00e0 l&rsquo;environnement et dommages environnementaux, protection juridique, dommages en cours de chantier<\/td><td>Contrat complet, particuli\u00e8rement adapt\u00e9e pour les petites structures<\/td><td>Auto entrepreneur : \u00e0 partir de 1 290 \u20ac<\/td><\/tr><\/tbody><\/table><\/figure>\n\n\n\n<div style=\"height:20px\" aria-hidden=\"true\" class=\"wp-block-spacer\"><\/div>\n\n\n\n<div class=\"flex  wp-block-rm-advertizing-block fix-in-sidebar\"><div class=\"image-container flex justify-center align-items-center py-3\"><img decoding=\"async\" src=\"https:\/\/guide.reassurez-moi.fr\/guide\/wp-content\/uploads\/2025\/06\/team_opti_short.png\" alt=\"reassurez-moi illustration\" class=\"wp-block-rm-advertizing-image\" loading=\"lazy\"\/><\/div><div class=\"\n                    rm-advertblock-container\n                    flex flex-column justify-center\n                    align-items-start\n                \"><p class=\"wp-block-rm-advertizing-text\n                              \n                            \">Les meilleures assurances professionnelles du march\u00e9 <\/p><a href=\"https:\/\/reassurez-moi.fr\/guide\/partenaire\/rc\/coover\/coover\" class=\"wp-block-rm-advertizing-button\"><span class=\"wp-block-rm-advertizing-button-text\">Comparateur assurance multirisque pro<\/span><\/a><\/div><\/div>\n\n\n","protected":false},"excerpt":{"rendered":"<p>Artisan, quelles assurances choisir ? Artisan, vous \u00eates perdu dans les assurances \u00e0 souscrire pour exercer votre profession en toute l\u00e9galit\u00e9 et s\u00e9r\u00e9nit\u00e9 ? Retrouvez tous nos conseils et le d\u00e9tail des assurances obligatoires et facultatives qui vous concernent ! Quelles garanties souscrire ? Quelles sont vos besoins sp\u00e9cifiques en tant qu&rsquo;artisan&nbsp;? Quels sont les\u2026<\/p>\n","protected":false},"author":86,"featured_media":0,"parent":58471,"menu_order":0,"comment_status":"open","ping_status":"closed","template":"","meta":{"_acf_changed":false,"footnotes":""},"categories":[],"page_topic":[569],"class_list":["post-60867","page","type-page","status-publish","hentry"],"yoast_head":"<!-- This site is optimized with the Yoast SEO plugin v24.7 - https:\/\/yoast.com\/wordpress\/plugins\/seo\/ -->\n<title>Quelle assurance souscrire quand on est artisan ?<\/title>\n<meta name=\"description\" content=\"La liste des assurances obligatoires pour un artisan, le prix , les garanties indispensables et nos conseils pour payer moins cher !\" \/>\n<meta name=\"robots\" content=\"index, follow, max-snippet:-1, max-image-preview:large, max-video-preview:-1\" \/>\n<link rel=\"canonical\" href=\"https:\/\/guide.reassurez-moi.fr\/guide\/pro\/assurance-metiers\/artisan\" \/>\n<meta property=\"og:locale\" content=\"fr_FR\" \/>\n<meta property=\"og:type\" content=\"article\" \/>\n<meta property=\"og:title\" content=\"Quelle assurance souscrire quand on est artisan ?\" \/>\n<meta property=\"og:description\" content=\"La liste des assurances obligatoires pour un artisan, le prix , les garanties indispensables et nos conseils pour payer moins cher !\" \/>\n<meta property=\"og:url\" content=\"https:\/\/guide.reassurez-moi.fr\/guide\/pro\/assurance-metiers\/artisan\" \/>\n<meta property=\"og:site_name\" content=\"R\u00e9assurez-moi\" \/>\n<meta property=\"article:publisher\" content=\"https:\/\/www.facebook.com\/R%c3%a9assurez-moi-209456495889479\/\" \/>\n<meta property=\"article:modified_time\" content=\"2026-02-02T15:27:37+00:00\" \/>\n<meta property=\"og:image\" content=\"https:\/\/guide.reassurez-moi.fr\/guide\/wp-content\/uploads\/2018\/04\/image-de-partage.png\" \/>\n\t<meta property=\"og:image:width\" content=\"500\" \/>\n\t<meta property=\"og:image:height\" content=\"160\" \/>\n\t<meta property=\"og:image:type\" content=\"image\/png\" \/>\n<meta name=\"twitter:card\" content=\"summary_large_image\" \/>\n<meta name=\"twitter:site\" content=\"@reassurezmoi\" \/>\n<meta name=\"twitter:label1\" content=\"Dur\u00e9e de lecture estim\u00e9e\" \/>\n\t<meta name=\"twitter:data1\" content=\"5 minutes\" \/>\n<script type=\"application\/ld+json\" class=\"yoast-schema-graph\">{\"@context\":\"https:\/\/schema.org\",\"@graph\":[{\"@type\":\"WebPage\",\"@id\":\"https:\/\/guide.reassurez-moi.fr\/guide\/pro\/assurance-metiers\/artisan\",\"url\":\"https:\/\/guide.reassurez-moi.fr\/guide\/pro\/assurance-metiers\/artisan\",\"name\":\"Quelle assurance souscrire quand on est artisan ?\",\"isPartOf\":{\"@id\":\"https:\/\/guide.reassurez-moi.fr\/guide\/#website\"},\"datePublished\":\"2019-06-10T07:12:16+00:00\",\"dateModified\":\"2026-02-02T15:27:37+00:00\",\"description\":\"La liste des assurances obligatoires pour un artisan, le prix , les garanties indispensables et nos conseils pour payer moins cher !\",\"breadcrumb\":{\"@id\":\"https:\/\/guide.reassurez-moi.fr\/guide\/pro\/assurance-metiers\/artisan#breadcrumb\"},\"inLanguage\":\"fr-FR\",\"potentialAction\":[{\"@type\":\"ReadAction\",\"target\":[\"https:\/\/guide.reassurez-moi.fr\/guide\/pro\/assurance-metiers\/artisan\"]}]},{\"@type\":\"BreadcrumbList\",\"@id\":\"https:\/\/guide.reassurez-moi.fr\/guide\/pro\/assurance-metiers\/artisan#breadcrumb\",\"itemListElement\":[{\"@type\":\"ListItem\",\"position\":1,\"name\":\"Assurances\",\"item\":\"https:\/\/guide.reassurez-moi.fr\/guide\/\"},{\"@type\":\"ListItem\",\"position\":2,\"name\":\"Assurance professionnelle\",\"item\":\"https:\/\/guide.reassurez-moi.fr\/guide\/pro\"},{\"@type\":\"ListItem\",\"position\":3,\"name\":\"Assurances et m\u00e9tiers\",\"item\":\"https:\/\/guide.reassurez-moi.fr\/guide\/pro\/assurance-metiers\"},{\"@type\":\"ListItem\",\"position\":4,\"name\":\"Artisan\"}]},{\"@type\":\"WebSite\",\"@id\":\"https:\/\/guide.reassurez-moi.fr\/guide\/#website\",\"url\":\"https:\/\/guide.reassurez-moi.fr\/guide\/\",\"name\":\"R\u00e9assurez-moi\",\"description\":\"Comparateur d&#039;assurances\",\"potentialAction\":[{\"@type\":\"SearchAction\",\"target\":{\"@type\":\"EntryPoint\",\"urlTemplate\":\"https:\/\/guide.reassurez-moi.fr\/guide\/?s={search_term_string}\"},\"query-input\":{\"@type\":\"PropertyValueSpecification\",\"valueRequired\":true,\"valueName\":\"search_term_string\"}}],\"inLanguage\":\"fr-FR\"}]}<\/script>\n<!-- \/ Yoast SEO plugin. -->","yoast_head_json":{"title":"Quelle assurance souscrire quand on est artisan ?","description":"La liste des assurances obligatoires pour un artisan, le prix , les garanties indispensables et nos conseils pour payer moins cher !","robots":{"index":"index","follow":"follow","max-snippet":"max-snippet:-1","max-image-preview":"max-image-preview:large","max-video-preview":"max-video-preview:-1"},"canonical":"https:\/\/guide.reassurez-moi.fr\/guide\/pro\/assurance-metiers\/artisan","og_locale":"fr_FR","og_type":"article","og_title":"Quelle assurance souscrire quand on est artisan ?","og_description":"La liste des assurances obligatoires pour un artisan, le prix , les garanties indispensables et nos conseils pour payer moins cher !","og_url":"https:\/\/guide.reassurez-moi.fr\/guide\/pro\/assurance-metiers\/artisan","og_site_name":"R\u00e9assurez-moi","article_publisher":"https:\/\/www.facebook.com\/R%c3%a9assurez-moi-209456495889479\/","article_modified_time":"2026-02-02T15:27:37+00:00","og_image":[{"width":500,"height":160,"url":"https:\/\/guide.reassurez-moi.fr\/guide\/wp-content\/uploads\/2018\/04\/image-de-partage.png","type":"image\/png"}],"twitter_card":"summary_large_image","twitter_site":"@reassurezmoi","twitter_misc":{"Dur\u00e9e de lecture estim\u00e9e":"5 minutes"},"schema":{"@context":"https:\/\/schema.org","@graph":[{"@type":"WebPage","@id":"https:\/\/guide.reassurez-moi.fr\/guide\/pro\/assurance-metiers\/artisan","url":"https:\/\/guide.reassurez-moi.fr\/guide\/pro\/assurance-metiers\/artisan","name":"Quelle assurance souscrire quand on est artisan ?","isPartOf":{"@id":"https:\/\/guide.reassurez-moi.fr\/guide\/#website"},"datePublished":"2019-06-10T07:12:16+00:00","dateModified":"2026-02-02T15:27:37+00:00","description":"La liste des assurances obligatoires pour un artisan, le prix , les garanties indispensables et nos conseils pour payer moins cher !","breadcrumb":{"@id":"https:\/\/guide.reassurez-moi.fr\/guide\/pro\/assurance-metiers\/artisan#breadcrumb"},"inLanguage":"fr-FR","potentialAction":[{"@type":"ReadAction","target":["https:\/\/guide.reassurez-moi.fr\/guide\/pro\/assurance-metiers\/artisan"]}]},{"@type":"BreadcrumbList","@id":"https:\/\/guide.reassurez-moi.fr\/guide\/pro\/assurance-metiers\/artisan#breadcrumb","itemListElement":[{"@type":"ListItem","position":1,"name":"Assurances","item":"https:\/\/guide.reassurez-moi.fr\/guide\/"},{"@type":"ListItem","position":2,"name":"Assurance professionnelle","item":"https:\/\/guide.reassurez-moi.fr\/guide\/pro"},{"@type":"ListItem","position":3,"name":"Assurances et m\u00e9tiers","item":"https:\/\/guide.reassurez-moi.fr\/guide\/pro\/assurance-metiers"},{"@type":"ListItem","position":4,"name":"Artisan"}]},{"@type":"WebSite","@id":"https:\/\/guide.reassurez-moi.fr\/guide\/#website","url":"https:\/\/guide.reassurez-moi.fr\/guide\/","name":"R\u00e9assurez-moi","description":"Comparateur d&#039;assurances","potentialAction":[{"@type":"SearchAction","target":{"@type":"EntryPoint","urlTemplate":"https:\/\/guide.reassurez-moi.fr\/guide\/?s={search_term_string}"},"query-input":{"@type":"PropertyValueSpecification","valueRequired":true,"valueName":"search_term_string"}}],"inLanguage":"fr-FR"}]}},"acf":[],"_links":{"self":[{"href":"https:\/\/guide.reassurez-moi.fr\/guide\/wp-json\/wp\/v2\/pages\/60867","targetHints":{"allow":["GET"]}}],"collection":[{"href":"https:\/\/guide.reassurez-moi.fr\/guide\/wp-json\/wp\/v2\/pages"}],"about":[{"href":"https:\/\/guide.reassurez-moi.fr\/guide\/wp-json\/wp\/v2\/types\/page"}],"author":[{"embeddable":true,"href":"https:\/\/guide.reassurez-moi.fr\/guide\/wp-json\/wp\/v2\/users\/86"}],"replies":[{"embeddable":true,"href":"https:\/\/guide.reassurez-moi.fr\/guide\/wp-json\/wp\/v2\/comments?post=60867"}],"version-history":[{"count":1,"href":"https:\/\/guide.reassurez-moi.fr\/guide\/wp-json\/wp\/v2\/pages\/60867\/revisions"}],"predecessor-version":[{"id":216241,"href":"https:\/\/guide.reassurez-moi.fr\/guide\/wp-json\/wp\/v2\/pages\/60867\/revisions\/216241"}],"up":[{"embeddable":true,"href":"https:\/\/guide.reassurez-moi.fr\/guide\/wp-json\/wp\/v2\/pages\/58471"}],"wp:attachment":[{"href":"https:\/\/guide.reassurez-moi.fr\/guide\/wp-json\/wp\/v2\/media?parent=60867"}],"wp:term":[{"taxonomy":"category","embeddable":true,"href":"https:\/\/guide.reassurez-moi.fr\/guide\/wp-json\/wp\/v2\/categories?post=60867"},{"taxonomy":"page_topic","embeddable":true,"href":"https:\/\/guide.reassurez-moi.fr\/guide\/wp-json\/wp\/v2\/page_topic?post=60867"}],"curies":[{"name":"wp","href":"https:\/\/api.w.org\/{rel}","templated":true}]}}