{"id":60973,"date":"2019-06-03T16:03:31","date_gmt":"2019-06-03T14:03:31","guid":{"rendered":"https:\/\/reassurez-moi.fr\/guide\/?page_id=60973"},"modified":"2026-02-02T16:26:22","modified_gmt":"2026-02-02T15:26:22","slug":"comparateur","status":"publish","type":"page","link":"https:\/\/guide.reassurez-moi.fr\/guide\/pro\/assurance\/comparateur","title":{"rendered":"Assurance professionnelle &#8211; Comparateur"},"content":{"rendered":"\n<h1 class=\"wp-block-heading\">Quel comparateur d&rsquo;assurance pro choisir ?<\/h1>\n\n\n\n<p><b>Responsabilit\u00e9 Civile pro, mutuelle d&rsquo;entreprise, multirisque pro&#8230; Quels sont les besoins de votre entreprise et surtout, vers quels contrats se tourner pour prot\u00e9ger au mieux votre activit\u00e9 ? Retrouvez nos conseils pour \u00eatre couvert au meilleur prix. Gr\u00e2ce \u00e0 notre comparateur d&rsquo;assurances professionnelles, comparez les prix des garanties n\u00e9cessaires \u00e0 votre activit\u00e9 et choisissez les options les plus adapt\u00e9es. Notre outil vous offre en un coup d&rsquo;oeil les diff\u00e9rents contrats et tarifs accessibles sur le march\u00e9. Gagnez du temps !<\/b><\/p>\n\n\n\n<p class=\"has-text-align-center\"><a data-elementor-open-lightbox=\"\" href=\"https:\/\/www.coover.fr\/\"><br><\/a><a href=\"https:\/\/app.coover.fr\/?utm_source=rm\"><img loading=\"lazy\" decoding=\"async\" sizes=\"auto, (max-width: 300px) 100vw, 300px\" srcset=\"https:\/\/guide.reassurez-moi.fr\/guide\/wp-content\/uploads\/2019\/05\/cta-mrp-300x236.jpg 300w, https:\/\/guide.reassurez-moi.fr\/guide\/wp-content\/uploads\/2019\/05\/cta-mrp-500x393.jpg 500w, https:\/\/guide.reassurez-moi.fr\/guide\/wp-content\/uploads\/2019\/05\/cta-mrp.jpg 648w\" width=\"300\" height=\"236\" src=\"https:\/\/guide.reassurez-moi.fr\/guide\/wp-content\/uploads\/2019\/05\/cta-mrp-300x236.jpg\" alt=\"comparateur-multirisque-pro\"><\/a><\/p>\n\n\n\n<div class=\"wp-block-buttons is-horizontal is-content-justification-center is-layout-flex wp-container-core-buttons-is-layout-499968f5 wp-block-buttons-is-layout-flex\">\n<div class=\"wp-block-button is-style-rm-button-orange\"><a class=\"wp-block-button__link\" href=\"https:\/\/app.coover.fr\/?utm_source=rm\">NOTRE RECOMMANDATION : LE COURTIER COOVER<\/a><\/div>\n<\/div>\n\n\n\n<div style=\"height:20px\" aria-hidden=\"true\" class=\"wp-block-spacer\"><\/div>\n\n\n\n<h2 class=\"wp-block-heading\">Comparatif d&rsquo;assurances professionnelles : 3 points essentiels<\/h2>\n\n\n\n<h3 class=\"wp-block-heading\">1 &#8211; Conna\u00eetre son profil d\u2019assur\u00e9<\/h3>\n\n\n\n<p><b>Avant de comparer les offres existantes sur le march\u00e9<\/b>, il faut savoir de quoi vous avez besoin. Les caract\u00e9ristiques de votre entreprise et donc le niveau de risque que la couverture de votre entreprise repr\u00e9sente aux yeux des assureurs d\u00e9termineront le prix de votre assurance.<\/p>\n\n\n\n<p>Ainsi, le secteur d&rsquo;activit\u00e9 dans lequel vous exercez sera le premier crit\u00e8re influant sur le niveau de risque. Viendront ensuite la taille de votre entreprise, son effectif, son statut (forme juridique) et son chiffre d&rsquo;affaires. Enfin, les ant\u00e9c\u00e9dents de la soci\u00e9t\u00e9 seront aussi pris en compte (une sinistralit\u00e9 excessive, par exemple).&nbsp;<\/p>\n\n\n\n<p><b>Prenez donc le temps d&rsquo;\u00e9valuer la n\u00e9cessit\u00e9<\/b> des garanties optionnelles, mais aussi d&rsquo;estimer le montant maximum de la prime que votre entreprise peut se permettre d&rsquo;int\u00e9grer dans ses frais de fonctionnement.&nbsp;<\/p>\n\n\n\n<div style=\"height:20px\" aria-hidden=\"true\" class=\"wp-block-spacer\"><\/div>\n\n\n\n<h3 class=\"wp-block-heading\">2 &#8211; Identifier les besoins de son entreprise<\/h3>\n\n\n\n<p>Selon votre m\u00e9tier et les biens utilis\u00e9s par votre entreprise, vous \u00eates soumis \u00e0 certaines <a href=\"https:\/\/reassurez-moi.fr\/guide\/pro\/assurance\/obligatoire\">obligations d&rsquo;assurance<\/a> :<\/p>\n\n\n\n<ul class=\"wp-block-list\"><li><b>Vous exercez une profession lib\u00e9rale<\/b> <b>r\u00e9glement\u00e9e<\/b> (en m\u00e9decine, droit, architecture, comptabilit\u00e9&#8230;) : une garantie Responsabilit\u00e9 Civile est n\u00e9cessaire.&nbsp;<\/li><li><b>Vous travaillez dans le b\u00e2timent<\/b> : vous \u00eates dans l&rsquo;obligation de contracter une <a href=\"https:\/\/reassurez-moi.fr\/guide\/pro\/garantie-decennale\">garantie d\u00e9cennale<\/a> ainsi qu&rsquo;une RC pro. Vous pourrez trouver ces 2 garanties, ainsi que d&rsquo;autres optionnelles, dans une assurance d\u00e9cennale.<\/li><li><b style=\"font-family: RM-font;\">Vous \u00eates chef d&rsquo;entreprise<\/b> : vous devez proposer une <a href=\"https:\/\/reassurez-moi.fr\/guide\/pro\/mutuelle-entreprise\">mutuelle sant\u00e9 collective<\/a> \u00e0 l&rsquo;ensemble de vos employ\u00e9s (hors rares exceptions) et payer a minima 50 % de son co\u00fbt.&nbsp;Vous pouvez aussi proposer, de mani\u00e8re facultative, des protections suppl\u00e9mentaires \u00e0 vos employ\u00e9s (notamment des solutions d&rsquo;\u00e9pargne ou de pr\u00e9voyance comme, par exemple, un plan d&rsquo;\u00e9pargne salariale).<\/li><li><b>Si vous poss\u00e9dez un v\u00e9hicule&nbsp;<\/b>(et encore plus si vous utilisez une flotte auto ou camion), au m\u00eame titre que pour un particulier, il devra obligatoirement \u00eatre assur\u00e9e.<\/li><li><b>Si vous utilisez un local<\/b> (bureau, cabinet, garage&#8230;) \u00e0 titre professionnel, m\u00eame principe : assurance du bien immobilier obligatoire !<\/li><\/ul>\n\n\n\n<p>D&rsquo;autres protections sont fortement recommand\u00e9es, mais&nbsp;facultatives.&nbsp;Sans elles, vous ne serez pas indemnis\u00e9 en cas de sinistre et votre entreprise sera seule responsable du co\u00fbt occasionn\u00e9 par les d\u00e9g\u00e2ts&#8230;<\/p>\n\n\n\n<div style=\"height:20px\" aria-hidden=\"true\" class=\"wp-block-spacer\"><\/div>\n\n\n\n<h3 class=\"wp-block-heading\">3 &#8211; Choisir la couverture adapt\u00e9e<\/h3>\n\n\n\n<figure class=\"wp-block-table is-style-header-double\"><table><thead><tr><th><\/th><th class=\"has-text-align-center\" data-align=\"center\">Pour qui ?<\/th><th class=\"has-text-align-center\" data-align=\"center\">Pour quoi ?<\/th><\/tr><\/thead><tbody><tr><td>Garantie Responsabilit\u00e9 Civile<\/td><td class=\"has-text-align-center\" data-align=\"center\">Professions lib\u00e9rales r\u00e9glement\u00e9es<\/td><td class=\"has-text-align-center\" data-align=\"center\">Couvre dommages pendant travail<\/td><\/tr><tr><td>Garantie ou assurance d\u00e9cennale<\/td><td class=\"has-text-align-center\" data-align=\"center\">Professionnels du b\u00e2timent<\/td><td class=\"has-text-align-center\" data-align=\"center\">Couvre dommages apr\u00e8s livraison<\/td><\/tr><tr><td>Mutuelle sant\u00e9 collective<\/td><td class=\"has-text-align-center\" data-align=\"center\">Salari\u00e9s<\/td><td class=\"has-text-align-center\" data-align=\"center\">Remboursements compl\u00e9mentaires<\/td><\/tr><tr><td>Assurance v\u00e9hicule ou assurance flotte auto \/ camion<\/td><td class=\"has-text-align-center\" data-align=\"center\">Tous, si v\u00e9hicule<\/td><td class=\"has-text-align-center\" data-align=\"center\">Couverture en cas de sinistre<\/td><\/tr><tr><td>Garantie locaux ou assurance multirisque<\/td><td class=\"has-text-align-center\" data-align=\"center\">Tous, si locaux<\/td><td class=\"has-text-align-center\" data-align=\"center\">Couverture en cas de sinistre<\/td><\/tr><tr><td>Garantie ou assurance protection juridique<\/td><td class=\"has-text-align-center\" data-align=\"center\">Conseill\u00e9e pour tous<\/td><td class=\"has-text-align-center\" data-align=\"center\">Remboursement frais de justice<\/td><\/tr><tr><td>Garantie ou assurance pr\u00e9voyance<\/td><td class=\"has-text-align-center\" data-align=\"center\">Conseill\u00e9e pour tous<\/td><td class=\"has-text-align-center\" data-align=\"center\">Couverture en cas perte de revenus<\/td><\/tr><tr><td>Assurance multirisque<\/td><td class=\"has-text-align-center\" data-align=\"center\">Conseill\u00e9e pour tous<\/td><td class=\"has-text-align-center\" data-align=\"center\">Couverture compl\u00e8te (selon garanties incluses)<\/td><\/tr><\/tbody><\/table><\/figure>\n\n\n\n<blockquote class=\"wp-block-quote is-layout-flow wp-block-quote-is-layout-flow\"><p>Chaque couverture peut \u00eatre souscrite de mani\u00e8re ind\u00e9pendante (par exemple, une simple assurance RC pro et un autre contrat pour assurer votre voiture de fonction).&nbsp;Elle peut aussi \u00eatre incluse dans un contrat global comme une assurance multirisque professionnelle (dans cette derni\u00e8re, vous pouvez choisir de s\u00e9lectionner, par exemple, les garanties RC pro, locaux, protection juridique, pr\u00e9voyance&#8230;).<\/p><\/blockquote>\n\n\n\n\n\n<h2 class=\"wp-block-heading\">Pourquoi utiliser un comparateur d&rsquo;assurance professionnelle ?<\/h2>\n\n\n\n<p><strong>Il existe une multitude de contrats comme d&rsquo;organismes proposant des produits d&rsquo;assurances.<\/strong> Il est donc difficile d&rsquo;avoir acc\u00e8s \u00e0 toutes les offres ! De plus, \u00e0 couverture \u00e9gale, les prix ne sont pas similaires. Le co\u00fbt de la prime d\u00e9pendra bien \u00e9videmment du profil de votre entreprise et des garanties d&rsquo;assurances souscrites (type et nombre), mais aussi de la politique commerciale de la compagnie d&rsquo;assurance choisie&#8230;&nbsp;<\/p>\n\n\n\n<p>Ainsi, toutes les assurances professionnelles se comparent dans le but de trouver la meilleure offre, c&rsquo;est-\u00e0-dire celle dont la protection est adapt\u00e9e, mais surtout au prix le moins \u00e9lev\u00e9. En utilisant nos comparateurs d&rsquo;assurances professionnelles en ligne :<\/p>\n\n\n\n<ul class=\"wp-block-list\"><li><b>Vous recevez des devis instantan\u00e9ment<\/b>. Plus besoin de d\u00e9marcher les organismes un \u00e0 un, de remplir de nombreux formulaires de demande de renseignements et d&rsquo;attendre les propositions ! Comme pour l&rsquo;achat d&rsquo;un billet d&rsquo;avion, un comparateur vous propose et r\u00e9sume les modalit\u00e9s de ces offres.<\/li><li><b>Vous acc\u00e9dez \u00e0 de nombreuses offres&nbsp;<\/b>adapt\u00e9es \u00e0 vos besoins. Ainsi, vous avez une meilleure compr\u00e9hension du march\u00e9 et la comparaison s&rsquo;effectue sur un panel plus large, ce qui est forc\u00e9ment \u00e0 votre avantage.<\/li><li><b>Vous \u00eates assur\u00e9, si vous choisissez de souscrire un contrat<\/b>, de payer une prime d&rsquo;assurance qui, si elle n&rsquo;a pas \u00e9t\u00e9 n\u00e9goci\u00e9e en amont par nos experts, est a minima au prix le plus bas du march\u00e9.<\/li><li><b>Vous pouvez contacter facilement nos experts qui peuvent<\/b>, si vous le souhaitez, vous faire b\u00e9n\u00e9ficier de leurs conseils objectifs pour trouver ou optimiser vos contrats d&rsquo;assurance.<\/li><\/ul>\n\n\n\n\n\n<h2 class=\"wp-block-heading\">Comment fonctionne notre comparateur d\u2019assurance professionnelle en ligne ?<\/h2>\n\n\n\n<p>En quelques clics, nos outils de comparaison vous permettent d\u2019obtenir gratuitement des devis personnalis\u00e9s afin de les comparer facilement :<\/p>\n\n\n\n<ul class=\"wp-block-list\"><li><strong>Cliquez sur le comparateur d\u2019assurance professionnelle<\/strong>&nbsp;qui vous int\u00e9resse (Responsabilit\u00e9 Civile, Garantie d\u00e9cennale, Multirisque, Mutuelle collective\u2026).<\/li><li><strong>R\u00e9pondez au (seul et unique !) questionnaire<\/strong>. Ce dernier, que nous avons pens\u00e9 objectif et intuitif, se calibrera en fonction de vos r\u00e9ponses pour cerner pr\u00e9cis\u00e9ment vos besoins. Nous vous recommandons d\u2019\u00eatre le plus pr\u00e9cis possible afin que les devis propos\u00e9s soient adapt\u00e9s.<\/li><li><strong>Vous acc\u00e9dez instantan\u00e9ment aux devis personnalis\u00e9s<\/strong>&nbsp;et comparez facilement les montants des primes et les modalit\u00e9s de chaque contrat. Ces derniers peuvent vous \u00eatre propos\u00e9s par des compagnies reconnues comme par des assurances ind\u00e9pendantes, des banques, des mutuelles\u2026&nbsp;<\/li><li><strong>Vous pouvez refaire autant de simulations<\/strong>&nbsp;que vous le souhaitez, consulter les devis, les t\u00e9l\u00e9charger ou souscrire directement en ligne.<\/li><\/ul>\n\n\n\n<p>Nos comparateurs d\u2019assurances professionnelles sont sans engagement. Ils sont aussi anonymes : vous n\u2019avez pas besoin de renseigner vos coordonn\u00e9es personnelles ou professionnelles pour acc\u00e9der aux devis. Si vous souscrivez \u00e0 un contrat, sachez que les information communiqu\u00e9es ne seront pas utilis\u00e9es ni vendues !<\/p>\n\n\n\n\n\n<h2 class=\"wp-block-heading\">Obtenez des devis sur mesure avec notre comparateur d\u2019assurance entreprise<\/h2>\n\n\n\n<p>Effectuer un bon comparatif d&rsquo;assurance entreprise est primordial car c&rsquo;est du contrat choisi que d\u00e9pendra votre indemnisation (son montant et la rapidit\u00e9 du remboursement) en cas de sinistre li\u00e9 \u00e0 l&rsquo;exercice de votre m\u00e9tier. Si vos garanties ne sont pas adapt\u00e9es \u00e0 vos besoins, vous risquez de ne pas \u00eatre indemnis\u00e9 en cas de sinistre, ce qui exposerait votre entreprise \u00e0 d&rsquo;importantes cons\u00e9quences financi\u00e8res.<\/p>\n\n\n\n<p><b>Un des principaux avantages \u00e0 passer par un comparateur <\/b>d&rsquo;assurance&nbsp;professionnelle est qu&rsquo;il se sert des informations que vous avez renseign\u00e9 afin de faire le tri pour vous proposer uniquement des devis adapt\u00e9s \u00e0 votre activit\u00e9 professionnelle et aux caract\u00e9ristiques propres \u00e0 votre entreprise. En effet, les modalit\u00e9s d&rsquo;une garantie Responsabilit\u00e9 Civile pour un libraire seront diff\u00e9rentes de celles pr\u00e9vues pour un avocat, par exemple.<\/p>\n\n\n\n<p><strong>Enfin, et non des moindres, vous pouvez contacter nos experts<\/strong>, si vous le souhaitez,&nbsp;pour vous accompagner dans votre recherche. Inutile de payer pour des garanties que vous avez d\u00e9j\u00e0 ou dont vous n\u2019aurez jamais l&rsquo;utilit\u00e9 ! En cas de doute, ils vous aident en v\u00e9rifiant qu&rsquo;un contrat est bien adapt\u00e9 \u00e0 votre activit\u00e9 et \u00e0 vos besoins. S&rsquo;il s&rsquo;av\u00e8re que ce n&rsquo;est pas le cas, ils sauront vous aiguiller vers des offres moins on\u00e9reuses ou correspondant mieux \u00e0 votre entreprise.<\/p>\n\n\n\n<div class=\"wp-block-mars-information icon-info without-background\"><i class=\"icon\"><\/i><p>R\u00e9assurez-moi est un courtier ind\u00e9pendant. Nos experts sont salari\u00e9s et ne sont pas r\u00e9mun\u00e9r\u00e9s selon la vente de contrats, ainsi aucun n&rsquo;est privil\u00e9gi\u00e9 plut\u00f4t qu\u2019un autre. Seul leur rapport qualit\u00e9 \/ prix compte.<\/p><\/div>\n\n\n\n\n\n<h2 class=\"wp-block-heading\">Suite au comparatif d\u2019assurances, comment adh\u00e9rer \u00e0 un contrat professionnel ?<\/h2>\n\n\n\n<p><b>Une fois le meilleur devis s\u00e9lectionn\u00e9, il vous suffit d&rsquo;appuyer sur le bouton \u00ab\u00a0souscrire en ligne\u00a0\u00bb<\/b>. Vous \u00eates guid\u00e9 pas \u00e0 pas, selon le type d&rsquo;assurance s\u00e9lectionn\u00e9.&nbsp;<\/p>\n\n\n\n<p>Notez que pour certaines couvertures (par exemple, la garantie d\u00e9cennale) ou si votre entreprise pr\u00e9sente un risque (si elle a \u00e9t\u00e9 de nombreuses fois sinistr\u00e9e ou pr\u00e9c\u00e9demment r\u00e9sili\u00e9e, par exemple), l&rsquo;assureur peut vous demander des pi\u00e8ces justificatives afin de confirmer le montant de la prime propos\u00e9e.&nbsp;<\/p>\n\n\n\n<p><b>De mani\u00e8re g\u00e9n\u00e9rale, souscrire votre assurance professionnelle en ligne, c&rsquo;est b\u00e9n\u00e9ficier :<\/b><\/p>\n\n\n\n<ul class=\"wp-block-list\"><li>D&rsquo;une proc\u00e9dure et d&rsquo;une gestion est simplifi\u00e9e,<\/li><li>De d\u00e9lais de souscription raccourcis (du fait de l&rsquo;envoi des documents de mani\u00e8re d\u00e9mat\u00e9rialis\u00e9e),<\/li><li>D&rsquo;une r\u00e9ponse d\u00e9finitive rapide de l&rsquo;assureur (imm\u00e9diate ou sous 48h, selon le type d&rsquo;assurance souhait\u00e9),<\/li><li>De la r\u00e9ception instantan\u00e9e de l&rsquo;attestation d&rsquo;assurance.<\/li><\/ul>\n\n\n\n<p>Ne vous inqui\u00e9tez pas, nos experts restent disponibles par t\u00e9l\u00e9phone ou sur notre page contact si vous avez besoin d&rsquo;aide dans vos d\u00e9marches de souscription.&nbsp;<\/p>\n\n\n","protected":false},"excerpt":{"rendered":"<p>Quel comparateur d&rsquo;assurance pro choisir ? Responsabilit\u00e9 Civile pro, mutuelle d&rsquo;entreprise, multirisque pro&#8230; Quels sont les besoins de votre entreprise et surtout, vers quels contrats se tourner pour prot\u00e9ger au mieux votre activit\u00e9 ? Retrouvez nos conseils pour \u00eatre couvert au meilleur prix. Gr\u00e2ce \u00e0 notre comparateur d&rsquo;assurances professionnelles, comparez les prix des garanties n\u00e9cessaires\u2026<\/p>\n","protected":false},"author":86,"featured_media":0,"parent":67358,"menu_order":0,"comment_status":"open","ping_status":"closed","template":"","meta":{"_acf_changed":false,"footnotes":""},"categories":[],"page_topic":[574],"class_list":["post-60973","page","type-page","status-publish","hentry"],"yoast_head":"<!-- This site is optimized with the Yoast SEO plugin v24.7 - https:\/\/yoast.com\/wordpress\/plugins\/seo\/ -->\n<title>Quelle assurance professionnelle choisir ? Comparateur en ligne<\/title>\n<meta name=\"description\" content=\"Retrouvez les meilleures assurances professionnelles. Devis en ligne 100 % gratuits et souscription imm\u00e9diate - Avis d&#039;experts ind\u00e9pendants.\" \/>\n<meta name=\"robots\" content=\"index, follow, max-snippet:-1, max-image-preview:large, max-video-preview:-1\" \/>\n<link rel=\"canonical\" href=\"https:\/\/guide.reassurez-moi.fr\/guide\/pro\/assurance\/comparateur\" \/>\n<meta property=\"og:locale\" content=\"fr_FR\" \/>\n<meta property=\"og:type\" content=\"article\" \/>\n<meta property=\"og:title\" content=\"Quelle assurance professionnelle choisir ? Comparateur en ligne\" \/>\n<meta property=\"og:description\" content=\"Retrouvez les meilleures assurances professionnelles. Devis en ligne 100 % gratuits et souscription imm\u00e9diate - Avis d&#039;experts ind\u00e9pendants.\" \/>\n<meta property=\"og:url\" content=\"https:\/\/guide.reassurez-moi.fr\/guide\/pro\/assurance\/comparateur\" \/>\n<meta property=\"og:site_name\" content=\"R\u00e9assurez-moi\" \/>\n<meta property=\"article:publisher\" content=\"https:\/\/www.facebook.com\/R%c3%a9assurez-moi-209456495889479\/\" \/>\n<meta property=\"article:modified_time\" content=\"2026-02-02T15:26:22+00:00\" \/>\n<meta property=\"og:image\" content=\"https:\/\/guide.reassurez-moi.fr\/guide\/wp-content\/uploads\/2019\/05\/cta-mrp-300x236.jpg\" \/>\n<meta name=\"twitter:card\" content=\"summary_large_image\" \/>\n<meta name=\"twitter:site\" content=\"@reassurezmoi\" \/>\n<meta name=\"twitter:label1\" content=\"Dur\u00e9e de lecture estim\u00e9e\" \/>\n\t<meta name=\"twitter:data1\" content=\"8 minutes\" \/>\n<script type=\"application\/ld+json\" class=\"yoast-schema-graph\">{\"@context\":\"https:\/\/schema.org\",\"@graph\":[{\"@type\":\"WebPage\",\"@id\":\"https:\/\/guide.reassurez-moi.fr\/guide\/pro\/assurance\/comparateur\",\"url\":\"https:\/\/guide.reassurez-moi.fr\/guide\/pro\/assurance\/comparateur\",\"name\":\"Quelle assurance professionnelle choisir ? Comparateur en ligne\",\"isPartOf\":{\"@id\":\"https:\/\/guide.reassurez-moi.fr\/guide\/#website\"},\"primaryImageOfPage\":{\"@id\":\"https:\/\/guide.reassurez-moi.fr\/guide\/pro\/assurance\/comparateur#primaryimage\"},\"image\":{\"@id\":\"https:\/\/guide.reassurez-moi.fr\/guide\/pro\/assurance\/comparateur#primaryimage\"},\"thumbnailUrl\":\"https:\/\/guide.reassurez-moi.fr\/guide\/wp-content\/uploads\/2019\/05\/cta-mrp-300x236.jpg\",\"datePublished\":\"2019-06-03T14:03:31+00:00\",\"dateModified\":\"2026-02-02T15:26:22+00:00\",\"description\":\"Retrouvez les meilleures assurances professionnelles. Devis en ligne 100 % gratuits et souscription imm\u00e9diate - Avis d'experts ind\u00e9pendants.\",\"breadcrumb\":{\"@id\":\"https:\/\/guide.reassurez-moi.fr\/guide\/pro\/assurance\/comparateur#breadcrumb\"},\"inLanguage\":\"fr-FR\",\"potentialAction\":[{\"@type\":\"ReadAction\",\"target\":[\"https:\/\/guide.reassurez-moi.fr\/guide\/pro\/assurance\/comparateur\"]}]},{\"@type\":\"ImageObject\",\"inLanguage\":\"fr-FR\",\"@id\":\"https:\/\/guide.reassurez-moi.fr\/guide\/pro\/assurance\/comparateur#primaryimage\",\"url\":\"https:\/\/guide.reassurez-moi.fr\/guide\/wp-content\/uploads\/2019\/05\/cta-mrp-300x236.jpg\",\"contentUrl\":\"https:\/\/guide.reassurez-moi.fr\/guide\/wp-content\/uploads\/2019\/05\/cta-mrp-300x236.jpg\"},{\"@type\":\"BreadcrumbList\",\"@id\":\"https:\/\/guide.reassurez-moi.fr\/guide\/pro\/assurance\/comparateur#breadcrumb\",\"itemListElement\":[{\"@type\":\"ListItem\",\"position\":1,\"name\":\"Assurances\",\"item\":\"https:\/\/guide.reassurez-moi.fr\/guide\/\"},{\"@type\":\"ListItem\",\"position\":2,\"name\":\"Assurance professionnelle\",\"item\":\"https:\/\/guide.reassurez-moi.fr\/guide\/pro\"},{\"@type\":\"ListItem\",\"position\":3,\"name\":\"Assurance professionnelle\",\"item\":\"https:\/\/guide.reassurez-moi.fr\/guide\/pro\/assurance\"},{\"@type\":\"ListItem\",\"position\":4,\"name\":\"Comparateur\"}]},{\"@type\":\"WebSite\",\"@id\":\"https:\/\/guide.reassurez-moi.fr\/guide\/#website\",\"url\":\"https:\/\/guide.reassurez-moi.fr\/guide\/\",\"name\":\"R\u00e9assurez-moi\",\"description\":\"Comparateur d&#039;assurances\",\"potentialAction\":[{\"@type\":\"SearchAction\",\"target\":{\"@type\":\"EntryPoint\",\"urlTemplate\":\"https:\/\/guide.reassurez-moi.fr\/guide\/?s={search_term_string}\"},\"query-input\":{\"@type\":\"PropertyValueSpecification\",\"valueRequired\":true,\"valueName\":\"search_term_string\"}}],\"inLanguage\":\"fr-FR\"}]}<\/script>\n<!-- \/ Yoast SEO plugin. -->","yoast_head_json":{"title":"Quelle assurance professionnelle choisir ? Comparateur en ligne","description":"Retrouvez les meilleures assurances professionnelles. Devis en ligne 100 % gratuits et souscription imm\u00e9diate - Avis d'experts ind\u00e9pendants.","robots":{"index":"index","follow":"follow","max-snippet":"max-snippet:-1","max-image-preview":"max-image-preview:large","max-video-preview":"max-video-preview:-1"},"canonical":"https:\/\/guide.reassurez-moi.fr\/guide\/pro\/assurance\/comparateur","og_locale":"fr_FR","og_type":"article","og_title":"Quelle assurance professionnelle choisir ? Comparateur en ligne","og_description":"Retrouvez les meilleures assurances professionnelles. Devis en ligne 100 % gratuits et souscription imm\u00e9diate - Avis d'experts ind\u00e9pendants.","og_url":"https:\/\/guide.reassurez-moi.fr\/guide\/pro\/assurance\/comparateur","og_site_name":"R\u00e9assurez-moi","article_publisher":"https:\/\/www.facebook.com\/R%c3%a9assurez-moi-209456495889479\/","article_modified_time":"2026-02-02T15:26:22+00:00","og_image":[{"url":"https:\/\/guide.reassurez-moi.fr\/guide\/wp-content\/uploads\/2019\/05\/cta-mrp-300x236.jpg","type":"","width":"","height":""}],"twitter_card":"summary_large_image","twitter_site":"@reassurezmoi","twitter_misc":{"Dur\u00e9e de lecture estim\u00e9e":"8 minutes"},"schema":{"@context":"https:\/\/schema.org","@graph":[{"@type":"WebPage","@id":"https:\/\/guide.reassurez-moi.fr\/guide\/pro\/assurance\/comparateur","url":"https:\/\/guide.reassurez-moi.fr\/guide\/pro\/assurance\/comparateur","name":"Quelle assurance professionnelle choisir ? Comparateur en ligne","isPartOf":{"@id":"https:\/\/guide.reassurez-moi.fr\/guide\/#website"},"primaryImageOfPage":{"@id":"https:\/\/guide.reassurez-moi.fr\/guide\/pro\/assurance\/comparateur#primaryimage"},"image":{"@id":"https:\/\/guide.reassurez-moi.fr\/guide\/pro\/assurance\/comparateur#primaryimage"},"thumbnailUrl":"https:\/\/guide.reassurez-moi.fr\/guide\/wp-content\/uploads\/2019\/05\/cta-mrp-300x236.jpg","datePublished":"2019-06-03T14:03:31+00:00","dateModified":"2026-02-02T15:26:22+00:00","description":"Retrouvez les meilleures assurances professionnelles. Devis en ligne 100 % gratuits et souscription imm\u00e9diate - Avis d'experts ind\u00e9pendants.","breadcrumb":{"@id":"https:\/\/guide.reassurez-moi.fr\/guide\/pro\/assurance\/comparateur#breadcrumb"},"inLanguage":"fr-FR","potentialAction":[{"@type":"ReadAction","target":["https:\/\/guide.reassurez-moi.fr\/guide\/pro\/assurance\/comparateur"]}]},{"@type":"ImageObject","inLanguage":"fr-FR","@id":"https:\/\/guide.reassurez-moi.fr\/guide\/pro\/assurance\/comparateur#primaryimage","url":"https:\/\/guide.reassurez-moi.fr\/guide\/wp-content\/uploads\/2019\/05\/cta-mrp-300x236.jpg","contentUrl":"https:\/\/guide.reassurez-moi.fr\/guide\/wp-content\/uploads\/2019\/05\/cta-mrp-300x236.jpg"},{"@type":"BreadcrumbList","@id":"https:\/\/guide.reassurez-moi.fr\/guide\/pro\/assurance\/comparateur#breadcrumb","itemListElement":[{"@type":"ListItem","position":1,"name":"Assurances","item":"https:\/\/guide.reassurez-moi.fr\/guide\/"},{"@type":"ListItem","position":2,"name":"Assurance professionnelle","item":"https:\/\/guide.reassurez-moi.fr\/guide\/pro"},{"@type":"ListItem","position":3,"name":"Assurance professionnelle","item":"https:\/\/guide.reassurez-moi.fr\/guide\/pro\/assurance"},{"@type":"ListItem","position":4,"name":"Comparateur"}]},{"@type":"WebSite","@id":"https:\/\/guide.reassurez-moi.fr\/guide\/#website","url":"https:\/\/guide.reassurez-moi.fr\/guide\/","name":"R\u00e9assurez-moi","description":"Comparateur d&#039;assurances","potentialAction":[{"@type":"SearchAction","target":{"@type":"EntryPoint","urlTemplate":"https:\/\/guide.reassurez-moi.fr\/guide\/?s={search_term_string}"},"query-input":{"@type":"PropertyValueSpecification","valueRequired":true,"valueName":"search_term_string"}}],"inLanguage":"fr-FR"}]}},"acf":[],"_links":{"self":[{"href":"https:\/\/guide.reassurez-moi.fr\/guide\/wp-json\/wp\/v2\/pages\/60973","targetHints":{"allow":["GET"]}}],"collection":[{"href":"https:\/\/guide.reassurez-moi.fr\/guide\/wp-json\/wp\/v2\/pages"}],"about":[{"href":"https:\/\/guide.reassurez-moi.fr\/guide\/wp-json\/wp\/v2\/types\/page"}],"author":[{"embeddable":true,"href":"https:\/\/guide.reassurez-moi.fr\/guide\/wp-json\/wp\/v2\/users\/86"}],"replies":[{"embeddable":true,"href":"https:\/\/guide.reassurez-moi.fr\/guide\/wp-json\/wp\/v2\/comments?post=60973"}],"version-history":[{"count":2,"href":"https:\/\/guide.reassurez-moi.fr\/guide\/wp-json\/wp\/v2\/pages\/60973\/revisions"}],"predecessor-version":[{"id":216215,"href":"https:\/\/guide.reassurez-moi.fr\/guide\/wp-json\/wp\/v2\/pages\/60973\/revisions\/216215"}],"up":[{"embeddable":true,"href":"https:\/\/guide.reassurez-moi.fr\/guide\/wp-json\/wp\/v2\/pages\/67358"}],"wp:attachment":[{"href":"https:\/\/guide.reassurez-moi.fr\/guide\/wp-json\/wp\/v2\/media?parent=60973"}],"wp:term":[{"taxonomy":"category","embeddable":true,"href":"https:\/\/guide.reassurez-moi.fr\/guide\/wp-json\/wp\/v2\/categories?post=60973"},{"taxonomy":"page_topic","embeddable":true,"href":"https:\/\/guide.reassurez-moi.fr\/guide\/wp-json\/wp\/v2\/page_topic?post=60973"}],"curies":[{"name":"wp","href":"https:\/\/api.w.org\/{rel}","templated":true}]}}