{"id":61181,"date":"2019-05-30T04:08:48","date_gmt":"2019-05-30T02:08:48","guid":{"rendered":"https:\/\/reassurez-moi.fr\/guide\/?page_id=61181"},"modified":"2026-02-02T16:27:41","modified_gmt":"2026-02-02T15:27:41","slug":"coiffeur","status":"publish","type":"page","link":"https:\/\/guide.reassurez-moi.fr\/guide\/pro\/assurance-metiers\/coiffeur","title":{"rendered":"Assurance m\u00e9tiers &#8211; Coiffeur"},"content":{"rendered":"\n<h1 class=\"wp-block-heading\">Coiffeur, quelles assurances choisir ?<\/h1>\n\n\n\n<p><strong>Nous allons vous expliquer tout ce que vous devez savoir sur&nbsp;l&rsquo;assurance&nbsp;si vous \u00eates coiffeur.&nbsp;<\/strong><\/p>\n\n\n\n<p><strong>En effet, il existe des assurances absolument obligatoires que vous devez souscrire d\u00e8s votre premier jour d&rsquo;activit\u00e9 si vous exercez en lib\u00e9ral. D&rsquo;autres sont facultatives mais fortement recommand\u00e9es.&nbsp;Quelles garanties souscrire ? Quelles sont vos besoins sp\u00e9cifiques en tant que&nbsp;coiffeur&nbsp;? Quels sont les principaux risques de votre m\u00e9tier ? Quand engagez-vous votre responsabilit\u00e9 en tant que&nbsp;coiffeur&nbsp;?<\/strong> <strong>Par ailleurs, il existe de nombreux assureurs et ce n&rsquo;est jamais facile de savoir vers qui se tourner ni quelles garanties choisir.<\/strong><\/p>\n\n\n\n<p><strong>Nous vous expliquons tout et vous donnons la liste des meilleures assurances coiffeur.<\/strong><\/p>\n\n\n\n<h2 class=\"wp-block-heading\">Coiffeur, quelles sont vos assurances obligatoires ?<\/h2>\n\n\n\n<figure class=\"wp-block-table is-style-header-double\"><table><thead><tr><th><\/th><th>Statut<\/th><th>Conseil<\/th><\/tr><\/thead><tbody><tr><td>Responsabilit\u00e9 Civile professionnelle<\/td><td>Facultative mais conseill\u00e9e<\/td><td>Pour vous couvrir des pr\u00e9judices caus\u00e9s aux tiers. Souvent incluse dans la multirisque professionnelle<\/td><\/tr><tr><td>Multirisque professionnelle<\/td><td>Facultative mais conseill\u00e9e<\/td><td>Couvre vos locaux professionnels, \u00e9quipement et marchandises<\/td><\/tr><tr><td>Mutuelle sant\u00e9<\/td><td>Obligatoire si vous avez des salari\u00e9s. Facultative si vous \u00eates \u00e0 votre compte<\/td><td>Si vous \u00eates salari\u00e9, le choix de la compl\u00e9mentaire est fait par l&rsquo;entreprise. Si vous \u00eates lib\u00e9ral, il faudra trouver une mutuelle TNS par vous-m\u00eame (vous pourrez d\u00e9duire les cotisations de vos revenus)<\/td><\/tr><tr><td>Assurance auto<\/td><td>Obligatoire si vous utilisez un v\u00e9hicule durant l&rsquo;exercice de vos fonctions<\/td><td>Si votre v\u00e9hicule est d\u00e9j\u00e0 assur\u00e9 en perso, n&rsquo;oubliez pas d&rsquo;inclure l&rsquo;utilisation pro dans votre contrat (c&rsquo;est souvent possible)<\/td><\/tr><tr><td>Garantie perte d&rsquo;exploitation<\/td><td>Facultative<\/td><td>S\u00e9curit\u00e9 financi\u00e8re en cas de sinistre rendant l&rsquo;activit\u00e9 impossible (indemnit\u00e9s sur une p\u00e9riode donn\u00e9e)<\/td><\/tr><tr><td>Pr\u00e9voyance<\/td><td>Facultative<\/td><td>L&rsquo;assurance d&rsquo;indemnit\u00e9s journali\u00e8res est particuli\u00e8rement recommand\u00e9e pour les lib\u00e9raux<\/td><\/tr><\/tbody><\/table><\/figure>\n\n\n\n<h4 class=\"has-text-align-center wp-block-heading\">Nos comparateurs d&rsquo;assurances&nbsp;pour les coiffeurs<\/h4>\n\n\n\n<div class=\"wp-block-buttons is-horizontal is-content-justification-center is-layout-flex wp-container-core-buttons-is-layout-1 wp-block-buttons-is-layout-flex\">\n<div class=\"wp-block-button is-style-rm-button-orange\"><a class=\"wp-block-button__link\" href=\"https:\/\/app.coover.fr\/responsabilite-civile-professionnelle?utm_source=rm\" target=\"_blank\" rel=\"noreferrer noopener\">COMPARER 12 CONTRATS<br>D&rsquo;ASSURANCE RC PRO<\/a><\/div>\n\n\n\n<div class=\"wp-block-button is-style-rm-button-orange\"><a class=\"wp-block-button__link\" href=\"https:\/\/reassurez-moi.fr\/comparateur-mutuelle-sante\">COMPARER 34 CONTRATS<br>DE MUTUELLE TNS<\/a><\/div>\n\n\n\n<div class=\"wp-block-button is-style-rm-button-orange\"><a class=\"wp-block-button__link\" href=\"https:\/\/app.coover.fr\/multirisque-professionnelle?utm_source=rm\" target=\"_blank\" rel=\"noreferrer noopener\">COMPARER 7 CONTRATS<br>D&rsquo;ASSURANCE MULTIRISQUE<\/a><\/div>\n<\/div>\n\n\n\n\n\n<h2 class=\"wp-block-heading\">Quel est le prix d&rsquo;une assurance professionnelle coiffeur ?<\/h2>\n\n\n\n<figure class=\"wp-block-table is-style-header-double\"><table><thead><tr><th><\/th><th>Prix moyen annuel (\u20ac)<\/th><th>Crit\u00e8res de tarification<\/th><th>Conseils<\/th><\/tr><\/thead><tbody><tr><td>Responsabilit\u00e9 Civile professionnelle<\/td><td>59 \u20ac \/ an<\/td><td>Chiffre d&rsquo;affaires, sinistralit\u00e9, ann\u00e9es d&rsquo;exp\u00e9rience<\/td><td>Le prix peut doubler si vous prenez la garantie PJ (que nous vous recommandons)<\/td><\/tr><tr><td>Mutuelle d&rsquo;entreprise<\/td><td>26 \u20ac \/ mois pour un salari\u00e9 et 35 \u20ac pour un TNS<\/td><td>Selon les niveaux de garanties choisis<\/td><td>Outre le prix, soyez attentif au plafond de remboursement annuel (conseil : 1000 \u20ac de plafond min)<\/td><\/tr><tr><td>Assurance auto<\/td><td>45 \u20ac \/ mois<\/td><td>\u00c2ge du conducteur, mod\u00e8le v\u00e9hicule, ant\u00e9c\u00e9dents<\/td><td>Choisissez la formule \u00ab Tous risques \u00bb, bien qu&rsquo;un peu plus ch\u00e8re \u00e0 la formule \u00ab Au Tiers \u00bb , garantit un d\u00e9dommagement sur tous types de sinistres (m\u00e9t\u00e9o, accident, vandalisme&#8230;)<\/td><\/tr><tr><td>Assurance multirisque pro<\/td><td>40 \u20ac \/ mois<\/td><td>Surface, zone g\u00e9ographique, CA<\/td><td>Pour faire des \u00e9conomies, certains contrats incluent aussi la RC PRO<\/td><\/tr><tr><td>Pr\u00e9voyance<\/td><td>26 \u20ac \/ mois<\/td><td>\u00c2ge, garanties choisies, lieu de travail<\/td><td>Privil\u00e9giez l&rsquo;assurance \u00ab\u00a0Indemnit\u00e9s Journali\u00e8res\u00a0\u00bb : votre salaire sera maintenu en cas d&rsquo;accidents ou maladie<\/td><\/tr><\/tbody><\/table><\/figure>\n\n\n\n\n\n<h2 class=\"wp-block-heading\">L&rsquo;assurance Responsabilit\u00e9 Civile professionnelle coiffeur<\/h2>\n\n\n\n<p><b>La RCP&nbsp;coiffeur&nbsp;vous prot\u00e8ge en cas de dommages caus\u00e9s \u00e0 un tiers durant votre activit\u00e9 professionnelle.<\/b> Cela concerne aussi bien les dommages \u00e0 la personne que les accidents arriv\u00e9s sur votre lieu de travail. Par exemple, si vous br\u00fblez accidentellement les cheveux d&rsquo;un client, si un produit cause une allergie cutan\u00e9e ou si un v\u00eatement est malencontreusement t\u00e2ch\u00e9 lors de votre prestation, votre RCP indemnisera le client pour le pr\u00e9judice subi.&nbsp;<\/p>\n\n\n\n<p>Bien que vous n&rsquo;ayez pas d&rsquo;obligation l\u00e9gale \u00e0 souscrire une RC professionnelle car ce n&rsquo;est pas une profession dite r\u00e9glement\u00e9e, <strong>cette assurance est tr\u00e8s recommand\u00e9e.&nbsp;<\/strong><\/p>\n\n\n\n<div style=\"height:20px\" aria-hidden=\"true\" class=\"wp-block-spacer\"><\/div>\n\n\n\n<h3 class=\"wp-block-heading\">Quelles sont les garanties de l&rsquo;assurance RC Pro coiffeur ?<\/h3>\n\n\n\n<figure class=\"wp-block-table is-style-header-double\"><table><thead><tr><th><\/th><th>Risques principaux<\/th><th>Probabilit\u00e9<\/th><th>Commentaires<\/th><\/tr><\/thead><tbody><tr><td>Responsabilit\u00e9 Civile Professionnelle (RCP)<\/td><td>Cheveux endommag\u00e9s, v\u00eatements tach\u00e9s, salari\u00e9 qui se blesse avec le mat\u00e9riel<\/td><td>Importante<\/td><td>Indispensable au vue des nombreux risques d&rsquo;accidents. Un contrat multirisque couvre la plupart du temps votre RCP<\/td><\/tr><tr><td>Protection juridique<\/td><td>Poursuite engag\u00e9e par un client ou un salari\u00e9 suite \u00e0 votre prestation<\/td><td>Importante<\/td><td>Souvent en option et co\u00fbteuse (50 % de surco\u00fbt) mais indispensable aux lib\u00e9raux<\/td><\/tr><\/tbody><\/table><\/figure>\n\n\n\n<div class=\"flex  wp-block-rm-advertizing-block fix-in-sidebar\"><div class=\"image-container flex justify-center align-items-center py-3\"><img decoding=\"async\" src=\"https:\/\/guide.reassurez-moi.fr\/guide\/wp-content\/uploads\/2025\/06\/team_opti_short.png\" alt=\"reassurez-moi illustration\" class=\"wp-block-rm-advertizing-image\" loading=\"lazy\"\/><\/div><div class=\"\n                    rm-advertblock-container\n                    flex flex-column justify-center\n                    align-items-start\n                \"><p class=\"wp-block-rm-advertizing-text\n                              \n                            \">Les meilleurs contrats de Responsabilit\u00e9 Civile professionnelle en 2026<\/p><a href=\"https:\/\/reassurez-moi.fr\/guide\/pro\/responsabilite-civile\" class=\"wp-block-rm-advertizing-button\"><span class=\"wp-block-rm-advertizing-button-text\">Je compare 15 RC Pro<\/span><\/a><\/div><\/div>\n\n\n\n\n\n<h2 class=\"wp-block-heading\">Quelles sont les meilleures assurances coiffeur ?<\/h2>\n\n\n\n<p><b>Il existe de nombreux contrats disponibles pour vous assurer en tant que professionnel. Voici un comparatif des assurances coiffeur. <\/b>En notre qualit\u00e9 de courtier d&rsquo;assurances professionnelles, nous pouvons vous aider \u00e0 comparer les offres, n\u00e9gocier les prix et vous faire accompagner par un expert pour vous faire gagner du temps. N&rsquo;h\u00e9sitez pas \u00e0 nous solliciter, notre service est enti\u00e8rement gratuit et tr\u00e8s rapide.<\/p>\n\n\n\n<figure class=\"wp-block-table is-style-header-double\"><table><thead><tr><th><\/th><th>Garanties<\/th><th>Avis<\/th><th>Tarifs<\/th><\/tr><\/thead><tbody><tr><td>Assurance multirisque professionnelle Matmut &#8211; avec local pro<\/td><td>RCP, RCE, protection juridique, protection locaux et leur contenu, pertes financi\u00e8res suite \u00e0 sinistre<\/td><td>Couverture \u00e9tendue, volet assistance int\u00e9ressant, 4 formules<\/td><td>Sur devis<\/td><\/tr><tr><td>Assurance MMA pro PME<\/td><td>RCP, assurance locaux et contenu, pertes d&rsquo;exploitation, protection juridique<\/td><td>Couverture compl\u00e8te, r\u00e9\u00e9quipement \u00e0 neuf et bris de glace en option<\/td><td>Sur devis<\/td><\/tr><tr><td>Assurance multirisque coiffeur MAPA<\/td><td>Assurance des locaux et leur contenu, pertes d&rsquo;exploitation, perte de la valeur v\u00e9nale du fonds de commerce, assistance<\/td><td>Contrat comp\u00e9titif mais attention la RCP est en option<\/td><td>\u00c0 partir de 17,58 \u20ac \/ mois<\/td><\/tr><\/tbody><\/table><\/figure>\n\n\n\n<div class=\"flex  wp-block-rm-advertizing-block fix-in-sidebar\"><div class=\"image-container flex justify-center align-items-center py-3\"><img decoding=\"async\" src=\"https:\/\/guide.reassurez-moi.fr\/guide\/wp-content\/uploads\/2025\/06\/team_opti_short.png\" alt=\"reassurez-moi illustration\" class=\"wp-block-rm-advertizing-image\" loading=\"lazy\"\/><\/div><div class=\"\n                    rm-advertblock-container\n                    flex flex-column justify-center\n                    align-items-start\n                \"><p class=\"wp-block-rm-advertizing-text\n                              \n                            \">Les meilleures assurances professionnelles du march\u00e9 <\/p><a href=\"https:\/\/reassurez-moi.fr\/guide\/partenaire\/rc\/coover\/coover\" class=\"wp-block-rm-advertizing-button\"><span class=\"wp-block-rm-advertizing-button-text\">Comparateur assurance multirisque pro<\/span><\/a><\/div><\/div>\n\n\n","protected":false},"excerpt":{"rendered":"<p>Coiffeur, quelles assurances choisir ? Nous allons vous expliquer tout ce que vous devez savoir sur&nbsp;l&rsquo;assurance&nbsp;si vous \u00eates coiffeur.&nbsp; En effet, il existe des assurances absolument obligatoires que vous devez souscrire d\u00e8s votre premier jour d&rsquo;activit\u00e9 si vous exercez en lib\u00e9ral. D&rsquo;autres sont facultatives mais fortement recommand\u00e9es.&nbsp;Quelles garanties souscrire ? Quelles sont vos besoins sp\u00e9cifiques\u2026<\/p>\n","protected":false},"author":86,"featured_media":0,"parent":58471,"menu_order":0,"comment_status":"open","ping_status":"closed","template":"","meta":{"_acf_changed":false,"footnotes":""},"categories":[],"page_topic":[569],"class_list":["post-61181","page","type-page","status-publish","hentry"],"yoast_head":"<!-- This site is optimized with the Yoast SEO plugin v24.7 - https:\/\/yoast.com\/wordpress\/plugins\/seo\/ -->\n<title>Quelles assurances pour un coiffeur ? (notre top 5)<\/title>\n<meta name=\"description\" content=\"La liste des assurances obligatoires pour un coiffeur, le prix moyen, les garanties indispensables et nos conseils pour payer moins cher !\" \/>\n<meta name=\"robots\" content=\"index, follow, max-snippet:-1, max-image-preview:large, max-video-preview:-1\" \/>\n<link rel=\"canonical\" href=\"https:\/\/guide.reassurez-moi.fr\/guide\/pro\/assurance-metiers\/coiffeur\" \/>\n<meta property=\"og:locale\" content=\"fr_FR\" \/>\n<meta property=\"og:type\" content=\"article\" \/>\n<meta property=\"og:title\" content=\"Quelles assurances pour un coiffeur ? (notre top 5)\" \/>\n<meta property=\"og:description\" content=\"La liste des assurances obligatoires pour un coiffeur, le prix moyen, les garanties indispensables et nos conseils pour payer moins cher !\" \/>\n<meta property=\"og:url\" content=\"https:\/\/guide.reassurez-moi.fr\/guide\/pro\/assurance-metiers\/coiffeur\" \/>\n<meta property=\"og:site_name\" content=\"R\u00e9assurez-moi\" \/>\n<meta property=\"article:publisher\" content=\"https:\/\/www.facebook.com\/R%c3%a9assurez-moi-209456495889479\/\" \/>\n<meta property=\"article:modified_time\" content=\"2026-02-02T15:27:41+00:00\" \/>\n<meta property=\"og:image\" content=\"https:\/\/guide.reassurez-moi.fr\/guide\/wp-content\/uploads\/2018\/04\/image-de-partage.png\" \/>\n\t<meta property=\"og:image:width\" content=\"500\" \/>\n\t<meta property=\"og:image:height\" content=\"160\" \/>\n\t<meta property=\"og:image:type\" content=\"image\/png\" \/>\n<meta name=\"twitter:card\" content=\"summary_large_image\" \/>\n<meta name=\"twitter:site\" content=\"@reassurezmoi\" \/>\n<meta name=\"twitter:label1\" content=\"Dur\u00e9e de lecture estim\u00e9e\" \/>\n\t<meta name=\"twitter:data1\" content=\"4 minutes\" \/>\n<script type=\"application\/ld+json\" class=\"yoast-schema-graph\">{\"@context\":\"https:\/\/schema.org\",\"@graph\":[{\"@type\":\"WebPage\",\"@id\":\"https:\/\/guide.reassurez-moi.fr\/guide\/pro\/assurance-metiers\/coiffeur\",\"url\":\"https:\/\/guide.reassurez-moi.fr\/guide\/pro\/assurance-metiers\/coiffeur\",\"name\":\"Quelles assurances pour un coiffeur ? (notre top 5)\",\"isPartOf\":{\"@id\":\"https:\/\/guide.reassurez-moi.fr\/guide\/#website\"},\"datePublished\":\"2019-05-30T02:08:48+00:00\",\"dateModified\":\"2026-02-02T15:27:41+00:00\",\"description\":\"La liste des assurances obligatoires pour un coiffeur, le prix moyen, les garanties indispensables et nos conseils pour payer moins cher !\",\"breadcrumb\":{\"@id\":\"https:\/\/guide.reassurez-moi.fr\/guide\/pro\/assurance-metiers\/coiffeur#breadcrumb\"},\"inLanguage\":\"fr-FR\",\"potentialAction\":[{\"@type\":\"ReadAction\",\"target\":[\"https:\/\/guide.reassurez-moi.fr\/guide\/pro\/assurance-metiers\/coiffeur\"]}]},{\"@type\":\"BreadcrumbList\",\"@id\":\"https:\/\/guide.reassurez-moi.fr\/guide\/pro\/assurance-metiers\/coiffeur#breadcrumb\",\"itemListElement\":[{\"@type\":\"ListItem\",\"position\":1,\"name\":\"Assurances\",\"item\":\"https:\/\/guide.reassurez-moi.fr\/guide\/\"},{\"@type\":\"ListItem\",\"position\":2,\"name\":\"Assurance professionnelle\",\"item\":\"https:\/\/guide.reassurez-moi.fr\/guide\/pro\"},{\"@type\":\"ListItem\",\"position\":3,\"name\":\"Assurances et m\u00e9tiers\",\"item\":\"https:\/\/guide.reassurez-moi.fr\/guide\/pro\/assurance-metiers\"},{\"@type\":\"ListItem\",\"position\":4,\"name\":\"Coiffeur\"}]},{\"@type\":\"WebSite\",\"@id\":\"https:\/\/guide.reassurez-moi.fr\/guide\/#website\",\"url\":\"https:\/\/guide.reassurez-moi.fr\/guide\/\",\"name\":\"R\u00e9assurez-moi\",\"description\":\"Comparateur d&#039;assurances\",\"potentialAction\":[{\"@type\":\"SearchAction\",\"target\":{\"@type\":\"EntryPoint\",\"urlTemplate\":\"https:\/\/guide.reassurez-moi.fr\/guide\/?s={search_term_string}\"},\"query-input\":{\"@type\":\"PropertyValueSpecification\",\"valueRequired\":true,\"valueName\":\"search_term_string\"}}],\"inLanguage\":\"fr-FR\"}]}<\/script>\n<!-- \/ Yoast SEO plugin. -->","yoast_head_json":{"title":"Quelles assurances pour un coiffeur ? (notre top 5)","description":"La liste des assurances obligatoires pour un coiffeur, le prix moyen, les garanties indispensables et nos conseils pour payer moins cher !","robots":{"index":"index","follow":"follow","max-snippet":"max-snippet:-1","max-image-preview":"max-image-preview:large","max-video-preview":"max-video-preview:-1"},"canonical":"https:\/\/guide.reassurez-moi.fr\/guide\/pro\/assurance-metiers\/coiffeur","og_locale":"fr_FR","og_type":"article","og_title":"Quelles assurances pour un coiffeur ? (notre top 5)","og_description":"La liste des assurances obligatoires pour un coiffeur, le prix moyen, les garanties indispensables et nos conseils pour payer moins cher !","og_url":"https:\/\/guide.reassurez-moi.fr\/guide\/pro\/assurance-metiers\/coiffeur","og_site_name":"R\u00e9assurez-moi","article_publisher":"https:\/\/www.facebook.com\/R%c3%a9assurez-moi-209456495889479\/","article_modified_time":"2026-02-02T15:27:41+00:00","og_image":[{"width":500,"height":160,"url":"https:\/\/guide.reassurez-moi.fr\/guide\/wp-content\/uploads\/2018\/04\/image-de-partage.png","type":"image\/png"}],"twitter_card":"summary_large_image","twitter_site":"@reassurezmoi","twitter_misc":{"Dur\u00e9e de lecture estim\u00e9e":"4 minutes"},"schema":{"@context":"https:\/\/schema.org","@graph":[{"@type":"WebPage","@id":"https:\/\/guide.reassurez-moi.fr\/guide\/pro\/assurance-metiers\/coiffeur","url":"https:\/\/guide.reassurez-moi.fr\/guide\/pro\/assurance-metiers\/coiffeur","name":"Quelles assurances pour un coiffeur ? (notre top 5)","isPartOf":{"@id":"https:\/\/guide.reassurez-moi.fr\/guide\/#website"},"datePublished":"2019-05-30T02:08:48+00:00","dateModified":"2026-02-02T15:27:41+00:00","description":"La liste des assurances obligatoires pour un coiffeur, le prix moyen, les garanties indispensables et nos conseils pour payer moins cher !","breadcrumb":{"@id":"https:\/\/guide.reassurez-moi.fr\/guide\/pro\/assurance-metiers\/coiffeur#breadcrumb"},"inLanguage":"fr-FR","potentialAction":[{"@type":"ReadAction","target":["https:\/\/guide.reassurez-moi.fr\/guide\/pro\/assurance-metiers\/coiffeur"]}]},{"@type":"BreadcrumbList","@id":"https:\/\/guide.reassurez-moi.fr\/guide\/pro\/assurance-metiers\/coiffeur#breadcrumb","itemListElement":[{"@type":"ListItem","position":1,"name":"Assurances","item":"https:\/\/guide.reassurez-moi.fr\/guide\/"},{"@type":"ListItem","position":2,"name":"Assurance professionnelle","item":"https:\/\/guide.reassurez-moi.fr\/guide\/pro"},{"@type":"ListItem","position":3,"name":"Assurances et m\u00e9tiers","item":"https:\/\/guide.reassurez-moi.fr\/guide\/pro\/assurance-metiers"},{"@type":"ListItem","position":4,"name":"Coiffeur"}]},{"@type":"WebSite","@id":"https:\/\/guide.reassurez-moi.fr\/guide\/#website","url":"https:\/\/guide.reassurez-moi.fr\/guide\/","name":"R\u00e9assurez-moi","description":"Comparateur d&#039;assurances","potentialAction":[{"@type":"SearchAction","target":{"@type":"EntryPoint","urlTemplate":"https:\/\/guide.reassurez-moi.fr\/guide\/?s={search_term_string}"},"query-input":{"@type":"PropertyValueSpecification","valueRequired":true,"valueName":"search_term_string"}}],"inLanguage":"fr-FR"}]}},"acf":[],"_links":{"self":[{"href":"https:\/\/guide.reassurez-moi.fr\/guide\/wp-json\/wp\/v2\/pages\/61181","targetHints":{"allow":["GET"]}}],"collection":[{"href":"https:\/\/guide.reassurez-moi.fr\/guide\/wp-json\/wp\/v2\/pages"}],"about":[{"href":"https:\/\/guide.reassurez-moi.fr\/guide\/wp-json\/wp\/v2\/types\/page"}],"author":[{"embeddable":true,"href":"https:\/\/guide.reassurez-moi.fr\/guide\/wp-json\/wp\/v2\/users\/86"}],"replies":[{"embeddable":true,"href":"https:\/\/guide.reassurez-moi.fr\/guide\/wp-json\/wp\/v2\/comments?post=61181"}],"version-history":[{"count":1,"href":"https:\/\/guide.reassurez-moi.fr\/guide\/wp-json\/wp\/v2\/pages\/61181\/revisions"}],"predecessor-version":[{"id":216246,"href":"https:\/\/guide.reassurez-moi.fr\/guide\/wp-json\/wp\/v2\/pages\/61181\/revisions\/216246"}],"up":[{"embeddable":true,"href":"https:\/\/guide.reassurez-moi.fr\/guide\/wp-json\/wp\/v2\/pages\/58471"}],"wp:attachment":[{"href":"https:\/\/guide.reassurez-moi.fr\/guide\/wp-json\/wp\/v2\/media?parent=61181"}],"wp:term":[{"taxonomy":"category","embeddable":true,"href":"https:\/\/guide.reassurez-moi.fr\/guide\/wp-json\/wp\/v2\/categories?post=61181"},{"taxonomy":"page_topic","embeddable":true,"href":"https:\/\/guide.reassurez-moi.fr\/guide\/wp-json\/wp\/v2\/page_topic?post=61181"}],"curies":[{"name":"wp","href":"https:\/\/api.w.org\/{rel}","templated":true}]}}