{"id":62693,"date":"2019-06-13T14:21:21","date_gmt":"2019-06-13T12:21:21","guid":{"rendered":"https:\/\/reassurez-moi.fr\/guide\/?page_id=62693"},"modified":"2026-02-02T15:13:35","modified_gmt":"2026-02-02T14:13:35","slug":"meilleure","status":"publish","type":"page","link":"https:\/\/guide.reassurez-moi.fr\/guide\/assurance-auto\/meilleure","title":{"rendered":"Assurance auto : trouver la meilleure offre au meilleur prix en 2026"},"content":{"rendered":"\n<p>Trouver la meilleure assurance auto, qui convient \u00e0 vos besoins et \u00e0 vos attentes, n\u2019est pas chose ais\u00e9e. Surtout face \u00e0 un march\u00e9 tr\u00e8s concurrentiel, d\u00e9bordant d\u2019offres de contrats en tous genres. Afin d\u2019y voir plus clair, cette page vous pr\u00e9sente le classement des meilleurs contrats auto ainsi que des conseils pour choisir l\u2019assurance qui vous conviendra le mieux au plus bas prix.<\/p>\n\n\n\n<h2 class=\"wp-block-heading\" id=\"le-classement-des-meilleures-assurances-auto-en-currentyear\">Le classement des meilleures assurances auto en 2026<\/h2>\n\n\n\n<p><strong>Pour vous aider \u00e0 trouver la meilleure assurance auto en ligne,<\/strong>&nbsp;<strong>nous avons r\u00e9alis\u00e9 pour vous un classement des couvertures auto les plus efficaces du march\u00e9.<\/strong>&nbsp;Les crit\u00e8res pris en compte sont notamment :<\/p>\n\n\n\n<ul class=\"is-style-arrow-right wp-block-list\"><li>le prix des contrats ;<\/li><li>le nombre de garanties propos\u00e9es ;<\/li><li>le montant des franchises.<\/li><\/ul>\n\n\n\n<p><strong>Les offres affich\u00e9es par notre comparatif en ligne sont ajust\u00e9es en fonction de plusieurs crit\u00e8res \u00e0 remplir concernant votre profil, votre v\u00e9hicule et l\u2019usage que vous en faites<\/strong>. Une fois ces informations renseign\u00e9es, notre comparatif ne vous pr\u00e9sente que les offres correspondant parfaitement \u00e0 vos attentes et surtout \u00e0 votre budget, avec notre avis sur chaque offre, les garanties propos\u00e9es et la possibilit\u00e9 d\u2019obtenir un devis.<\/p>\n\n\n\n<h2 class=\"wp-block-heading\" id=\"quelle-est-la-meilleure-assurance-auto-pour-vous\"><strong>Quelle est la meilleure assurance auto pour vous ?<\/strong><\/h2>\n\n\n\n<p><strong>Pour choisir la meilleure assurance auto, il faut que vous d\u00e9finissiez vos besoins. <\/strong>En effet, le meilleur contrat auto pour vous ne correspondra pas forc\u00e9ment \u00e0 celui de votre voisin ! Chaque produit d\u2019assurance est unique et d\u00e9termin\u00e9 en fonction de votre profil et de votre v\u00e9hicule. Voici donc quelques points \u00e0 consid\u00e9rer dans votre r\u00e9flexion :<\/p>\n\n\n\n<ul class=\"is-style-pros-2 wp-block-list\"><li>Quel usage avez-vous de votre voiture ? Est-il personnel ? Professionnel ?<\/li><li>Voulez-vous pouvoir pr\u00eater votre v\u00e9hicule quand bon vous semble ?<\/li><li>Combien de kilom\u00e8tres parcourez-vous par ann\u00e9e en moyenne ?<\/li><li>O\u00f9 garez-vous votre v\u00e9hicule ?<\/li><li>Quel budget souhaitez-vous allouer \u00e0 l\u2019assurance de votre v\u00e9hicule ?<\/li><\/ul>\n\n\n\n<p><strong>Votre contrat sera plus ou moins cher en fonction de votre r\u00e9gion.<\/strong> Il proposera plus ou moins de garanties en fonction de l\u2019usage que vous faites de votre v\u00e9hicule. Lorsque vous renseignez vos informations, veillez donc \u00e0 \u00eatre bien pr\u00e9cis, car la qualit\u00e9 de votre contrat et son prix en d\u00e9pendront.<\/p>\n\n\n\n<h2 class=\"wp-block-heading\" id=\"comment-obtenir-les-meilleurs-devis-d-assurance-auto\"><strong>Comment obtenir les meilleurs devis d&rsquo;assurance auto ?<\/strong><\/h2>\n\n\n\n<p><strong>En assurance auto, la concurrence est forte, il est donc judicieux de comparer les offres avant de choisir un assureur.<\/strong> Nous vous recommandons de demander des devis. Vous pourrez vous faire une id\u00e9e plus concr\u00e8te des solutions pouvant r\u00e9pondre \u00e0 votre besoin. Pour cela, plusieurs acteurs peuvent \u00eatre sollicit\u00e9s :<\/p>\n\n\n\n<ul class=\"wp-block-list\"><li><strong>les assurances :<\/strong> si vous \u00eates d\u00e9j\u00e0 assur\u00e9 pour une autre voiture, demandez un devis chez votre assureur actuel. Vous pourriez obtenir des avantages si vous d\u00e9tenez d\u00e9j\u00e0 un\/des contrat\/s chez lui et pourrez faire jouer votre anciennet\u00e9. Comparez ce qui vous est pr\u00e9sent\u00e9 avec d\u2019autres assureurs. B\u00e9mol : cela prend beaucoup de temps&#8230; ;<\/li><\/ul>\n\n\n\n<ul class=\"wp-block-list\"><li><strong>les courtiers :<\/strong> professionnel ind\u00e9pendant, le courtier ne travaille pour aucun assureur et ne vous poussera donc pas \u00e0 souscrire une offre plut\u00f4t qu&rsquo;une autre. Le courtier peut parfois vous obtenir des tarifs n\u00e9goci\u00e9s. Cependant, des frais de courtage peuvent vous \u00eatre factur\u00e9s et il vous faut prendre rendez-vous puis vous d\u00e9placer au cabinet ;<\/li><\/ul>\n\n\n\n<ul class=\"wp-block-list\"><li><strong>les courtiers en ligne :<\/strong> avec ces derniers, pas de rendez-vous, pas de d\u00e9placement en agence ou en cabinet, pas de perte de temps et une meilleure vue d\u2019ensemble. En effet, le courtier en ligne permet d\u2019obtenir des dizaines de devis en quelques clics, gr\u00e2ce \u00e0 un comparateur.<\/li><\/ul>\n\n\n\n<p><strong>R\u00e9assurez-moi est un courtier en ligne ind\u00e9pendant. <\/strong>Gr\u00e2ce \u00e0 notre <a href=\"https:\/\/reassurez-moi.fr\/guide\/assurance-auto\">comparateur d&rsquo;assurances auto<\/a>, nous pouvons sonder le march\u00e9 et r\u00e9unir pour vous les contrats correspondant le plus \u00e0 votre situation. En renseignant quelques informations sur votre profil de conducteur, votre v\u00e9hicule et vos attentes, vous obtiendrez gratuitement les meilleurs devis sans bouger de chez vous. &nbsp;Notre \u00e9quipe est \u00e9galement disponible pour r\u00e9pondre \u00e0 toutes vos questions, par chat, mail ou t\u00e9l\u00e9phone. <\/p>\n\n\n\n<h2 class=\"wp-block-heading\" id=\"quelle-est-la-meilleure-assurance-auto-jeune-conducteur\"><strong>Quelle est la meilleure assurance auto jeune conducteur ?<\/strong><\/h2>\n\n\n\n<p><strong>Le jeune conducteur est un profil consid\u00e9r\u00e9 \u00e0 risques par les assureurs. <\/strong>De par son manque d\u2019exp\u00e9rience sur la route, il est plus souvent impliqu\u00e9 dans des accidents que les conducteurs plus exp\u00e9riment\u00e9s : environ 20 % des accidents de la route sont en effet caus\u00e9s par des jeunes de 18 \u00e0 24 ans. <br><br><strong>Les compagnies d\u2019assurance ajustent donc leurs contrats pour se pr\u00e9munir contre ces risques. <\/strong>Bien souvent, <a href=\"https:\/\/reassurez-moi.fr\/guide\/assurance-auto\/jeune-conducteur\">l\u2019assurance auto jeune conducteur<\/a> se voit appliquer une surprime de 100 % la premi\u00e8re ann\u00e9e, 50 % la deuxi\u00e8me et 25 % la troisi\u00e8me ann\u00e9e, si aucun accident n\u2019est survenu. <\/p>\n\n\n\n<div style=\"height:20px\" aria-hidden=\"true\" class=\"wp-block-spacer\"><\/div>\n\n\n\n<div class=\"wp-block-image\"><figure class=\"aligncenter\"><img loading=\"lazy\" decoding=\"async\" width=\"500\" height=\"500\" src=\"https:\/\/guide.reassurez-moi.fr\/guide\/wp-content\/uploads\/2019\/06\/fonctionnement-assurance-auto-jeune-conducteur-500x500.jpg\" alt=\"schema assurance auto jeune conducteur\" class=\"wp-image-64317\"\/><\/figure><\/div>\n\n\n\n<div style=\"height:20px\" aria-hidden=\"true\" class=\"wp-block-spacer\"><\/div>\n\n\n\n<p><strong>Cela repr\u00e9sente un budget tr\u00e8s lourd, qu\u2019il est possible de diminuer l\u00e9g\u00e8rement gr\u00e2ce aux solutions suivantes : <\/strong><\/p>\n\n\n\n<ul class=\"wp-block-list\"><li><strong>opter pour la conduite accompagn\u00e9e<\/strong>, la surprime est souvent r\u00e9vis\u00e9e de moiti\u00e9 pour les jeunes conducteurs ayant \u00e9t\u00e9 en conduite accompagn\u00e9e. Ils ont plus d\u2019exp\u00e9rience et repr\u00e9sentent un risque moins important sur la route ;<\/li><\/ul>\n\n\n\n<ul class=\"wp-block-list\"><li><strong>s\u2019assurer aupr\u00e8s du m\u00eame assureur que ses parents<\/strong>, pour obtenir des tarifs pr\u00e9f\u00e9rentiels li\u00e9s \u00e0 la fid\u00e9lit\u00e9 et \u00e0 l\u2019anciennet\u00e9 du contrat. Si le jeune conducteur ne dispose pas de sa propre voiture, il peut s\u2019inscrire au contrat du v\u00e9hicule de ses parents en tant que conducteur secondaire. La franchise sera probablement r\u00e9ajust\u00e9e mais en principe aucune surprime n\u2019est pratiqu\u00e9e par l\u2019assureur ;<\/li><\/ul>\n\n\n\n<ul class=\"wp-block-list\"><li><strong>choisir une voiture \u00e0 faible valeur marchande et peu puissante<\/strong>, donc avec un nombre de chevaux fiscaux peu importants. Les assureurs fixent des cotisations moins \u00e9lev\u00e9es lorsqu\u2019il s\u2019agit de v\u00e9hicules peu co\u00fbteux ;<\/li><\/ul>\n\n\n\n<p><strong>L\u2019assurance auto au tiers reste la couverture la plus \u00e9conomique pour le jeune conducteur. <\/strong>Il est m\u00eame possible d\u2019ajouter des options facultatives pour \u00e9tendre les garanties au del\u00e0 de la couverture minimale de Responsabilit\u00e9 civile.<\/p>\n\n\n\n<blockquote class=\"wp-block-quote is-style-default is-layout-flow wp-block-quote-is-layout-flow\"><p>En moyenne en France, les jeunes conducteurs doivent d\u00e9penser plus de 1 000 \u20ac\/an pour \u00eatre assur\u00e9s, contre 750 \u20ac en moyenne pour les 30 \u2013 40 ans. <\/p><\/blockquote>\n\n\n\n<h2 class=\"wp-block-heading\" id=\"trouver-une-assurance-auto-au-meilleur-prix-nos-conseils\"><strong>Trouver une assurance auto au meilleur prix : nos conseils<\/strong><\/h2>\n\n\n\n<p><a href=\"https:\/\/reassurez-moi.fr\/guide\/assurance-auto\/prix\"><strong>Le co\u00fbt de l\u2019assurance auto<\/strong><\/a><strong> p\u00e8se lourd dans le budget global d\u2019une voiture, son tarif est donc un \u00e9l\u00e9ment d\u00e9terminant dans le choix du contrat. <\/strong>Votre prime d\u2019assurance auto est d\u00e9finie par l\u2019assureur selon plusieurs crit\u00e8res : <\/p>\n\n\n\n<ul class=\"is-style-pros wp-block-list\"><li>la formule choisie ; <\/li><li>votre bonus-malus ;<\/li><li>l\u2019\u00e2ge de votre voiture ;<\/li><li>les garanties optionnelles que vous souhaitez ;<\/li><li>le niveau de franchise ;<\/li><li>si vous \u00eates en milieu rural ou urbain\u2026<\/li><\/ul>\n\n\n\n<p><strong>Le tarif de la prime d\u2019assurance auto varie m\u00eame selon les r\u00e9gions de France !<\/strong> Pour toutes ces raison, il est difficile de vous orienter vers l\u2019assurance auto proposant le meilleur prix.<br><br><strong>La compagnie d\u2019assurance \u00e9value et prend en compte tous les risques que vous repr\u00e9sentez avant de vous faire une offre.<\/strong> Bien entendu, si elle consid\u00e8re que vous \u00eates un profil \u00e0 risque, elle se prot\u00e9gera des indemnisations qu\u2019elle devra faire en cas d\u2019accident en vous fixant des cotisations plut\u00f4t \u00e9lev\u00e9es ou en pr\u00e9voyant des franchises d\u2019assurance auto cons\u00e9quentes. <\/p>\n\n\n\n<h2 class=\"wp-block-heading\" id=\"l-assurance-tous-risques-est-elle-la-meilleure-assurance-auto\"><strong>L&rsquo;assurance tous risques est-elle la meilleure assurance auto ? <\/strong><\/h2>\n\n\n\n<p><strong>Si chaque niveau de protection propos\u00e9 par les assureurs pr\u00e9sente ses propres avantages et inconv\u00e9nients<\/strong>, <a href=\"https:\/\/reassurez-moi.fr\/guide\/assurance-auto\/tous-risques\">l\u2019assurance auto tous risques <\/a>constitue ind\u00e9niablement la couverture la plus performante en termes d\u2019\u00e9tendue. La formule permet en effet la prise en charge de l\u2019int\u00e9gralit\u00e9, sinon la majorit\u00e9 des sinistres li\u00e9s \u00e0 la conduite d\u2019un v\u00e9hicule et ce, m\u00eame lorsque l\u2019assur\u00e9 est responsable.<br><br><strong>Cependant, l\u2019assurance tous risques est plus ch\u00e8re que l\u2019assurance au tiers ou l\u2019assurance interm\u00e9diaire. <\/strong>Si votre budget est important, que votre v\u00e9hicule a de la valeur et que vous l\u2019utilisez beaucoup, alors oui, l\u2019assurance tous risques est s\u00fbrement celle qu\u2019il vous faut. En revanche, si votre v\u00e9hicule est de faible valeur, que vous l\u2019utilisez peu et que votre budget est serr\u00e9, la meilleure assurance auto pour vous est alors s\u00fbrement l\u2019assurance au tiers. <\/p>\n\n\n\n<h2 class=\"wp-block-heading\" id=\"changer-d-assurance-pour-une-meilleure-couverture-auto\">Changer d&rsquo;assurance pour une meilleure couverture auto<\/h2>\n\n\n\n<p><strong>Avant m\u00eame de penser \u00e0 changer d\u2019assureur, essayez de <\/strong><a href=\"https:\/\/reassurez-moi.fr\/guide\/assurance-auto\/negocier\"><strong>n\u00e9gocier votre contrat auto<\/strong><\/a><strong> avec lui. <\/strong>Vous pouvez lui rappeler votre profil \u201cbon conducteur\u201d et lui pr\u00e9senter les devis auto de la concurrence. Peut-\u00eatre parviendrez-vous \u00e0 r\u00e9duire le prix de votre prime auto ou a \u00e9tendre vos garanties\u2026 Si cela ne fonctionne pas, peut-\u00eatre est-il alors temps de changer de compagnie d\u2019assurance. Les lois Chatel et Hamon vont dans ce sens. Depuis leur passage en 2008 et 2015, <a href=\"https:\/\/reassurez-moi.fr\/guide\/assurance-auto\/resilier\">changer d\u2019assurance auto<\/a> est devenu beaucoup plus simple. <br><br><strong>Pass\u00e9 votre 1er anniversaire de contrat auto, vous pouvez r\u00e9silier \u00e0 tout moment, sans pr\u00e9avis, ni justificatif. <\/strong>Vous pouvez m\u00eame demander \u00e0 votre nouvel assureur de faire les d\u00e9marches de r\u00e9siliation pour vous aupr\u00e8s de votre assureur actuel. Et sous certaines conditions, en cas d\u2019augmentation de votre prime auto par exemple, vous pouvez m\u00eame changer d\u2019assurance avant la fin de la 1\u00e8re ann\u00e9e de contrat. <\/p>\n\n\n\n<blockquote class=\"wp-block-quote is-style-default is-layout-flow wp-block-quote-is-layout-flow\"><p>Ne souscrivez pas une couverture auto sans avoir compar\u00e9 les diff\u00e9rentes offres du march\u00e9. Vous pourriez ainsi trouver une meilleure assurance voiture, \u00e0 savoir celle qui r\u00e9pond le plus \u00e0 vos attentes au prix le plus faible !<\/p><\/blockquote>\n","protected":false},"excerpt":{"rendered":"<p>Trouver la meilleure assurance auto, qui convient \u00e0 vos besoins et \u00e0 vos attentes, n\u2019est pas chose ais\u00e9e. Surtout face \u00e0 un march\u00e9 tr\u00e8s concurrentiel, d\u00e9bordant d\u2019offres de contrats en tous genres. Afin d\u2019y voir plus clair, cette page vous pr\u00e9sente le classement des meilleurs contrats auto ainsi que des conseils pour choisir l\u2019assurance qui\u2026<\/p>\n","protected":false},"author":86,"featured_media":0,"parent":15725,"menu_order":0,"comment_status":"open","ping_status":"closed","template":"pages\/page-comparator.php","meta":{"_acf_changed":false,"footnotes":""},"categories":[],"page_topic":[560],"class_list":["post-62693","page","type-page","status-publish","hentry"],"yoast_head":"<!-- This site is optimized with the Yoast SEO plugin v24.7 - https:\/\/yoast.com\/wordpress\/plugins\/seo\/ -->\n<title>Quelles sont les meilleures assurances auto ? Notre top 10 !<\/title>\n<meta name=\"description\" content=\"Classement ind\u00e9pendant des 15 meilleurs assureurs auto. Meilleurs tarifs selon votre profil. Simulation &amp; devis en ligne. Avis d&#039;experts !\" \/>\n<meta name=\"robots\" content=\"index, follow, max-snippet:-1, max-image-preview:large, max-video-preview:-1\" \/>\n<link rel=\"canonical\" href=\"https:\/\/guide.reassurez-moi.fr\/guide\/assurance-auto\/meilleure\" \/>\n<meta property=\"og:locale\" content=\"fr_FR\" \/>\n<meta property=\"og:type\" content=\"article\" \/>\n<meta property=\"og:title\" content=\"Quelles sont les meilleures assurances auto ? Notre top 10 !\" \/>\n<meta property=\"og:description\" content=\"Classement ind\u00e9pendant des 15 meilleurs assureurs auto. Meilleurs tarifs selon votre profil. Simulation &amp; devis en ligne. Avis d&#039;experts !\" \/>\n<meta property=\"og:url\" content=\"https:\/\/guide.reassurez-moi.fr\/guide\/assurance-auto\/meilleure\" \/>\n<meta property=\"og:site_name\" content=\"R\u00e9assurez-moi\" \/>\n<meta property=\"article:publisher\" content=\"https:\/\/www.facebook.com\/R%c3%a9assurez-moi-209456495889479\/\" \/>\n<meta property=\"article:modified_time\" content=\"2026-02-02T14:13:35+00:00\" \/>\n<meta property=\"og:image\" content=\"https:\/\/guide.reassurez-moi.fr\/guide\/wp-content\/uploads\/2019\/06\/fonctionnement-assurance-auto-jeune-conducteur-500x500.jpg\" \/>\n<meta name=\"twitter:card\" content=\"summary_large_image\" \/>\n<meta name=\"twitter:site\" content=\"@reassurezmoi\" \/>\n<meta name=\"twitter:label1\" content=\"Dur\u00e9e de lecture estim\u00e9e\" \/>\n\t<meta name=\"twitter:data1\" content=\"8 minutes\" \/>\n<script type=\"application\/ld+json\" class=\"yoast-schema-graph\">{\"@context\":\"https:\/\/schema.org\",\"@graph\":[{\"@type\":\"WebPage\",\"@id\":\"https:\/\/guide.reassurez-moi.fr\/guide\/assurance-auto\/meilleure\",\"url\":\"https:\/\/guide.reassurez-moi.fr\/guide\/assurance-auto\/meilleure\",\"name\":\"Quelles sont les meilleures assurances auto ? Notre top 10 !\",\"isPartOf\":{\"@id\":\"https:\/\/guide.reassurez-moi.fr\/guide\/#website\"},\"primaryImageOfPage\":{\"@id\":\"https:\/\/guide.reassurez-moi.fr\/guide\/assurance-auto\/meilleure#primaryimage\"},\"image\":{\"@id\":\"https:\/\/guide.reassurez-moi.fr\/guide\/assurance-auto\/meilleure#primaryimage\"},\"thumbnailUrl\":\"https:\/\/guide.reassurez-moi.fr\/guide\/wp-content\/uploads\/2019\/06\/fonctionnement-assurance-auto-jeune-conducteur-500x500.jpg\",\"datePublished\":\"2019-06-13T12:21:21+00:00\",\"dateModified\":\"2026-02-02T14:13:35+00:00\",\"description\":\"Classement ind\u00e9pendant des 15 meilleurs assureurs auto. Meilleurs tarifs selon votre profil. Simulation & devis en ligne. Avis d'experts !\",\"breadcrumb\":{\"@id\":\"https:\/\/guide.reassurez-moi.fr\/guide\/assurance-auto\/meilleure#breadcrumb\"},\"inLanguage\":\"fr-FR\",\"potentialAction\":[{\"@type\":\"ReadAction\",\"target\":[\"https:\/\/guide.reassurez-moi.fr\/guide\/assurance-auto\/meilleure\"]}]},{\"@type\":\"ImageObject\",\"inLanguage\":\"fr-FR\",\"@id\":\"https:\/\/guide.reassurez-moi.fr\/guide\/assurance-auto\/meilleure#primaryimage\",\"url\":\"https:\/\/guide.reassurez-moi.fr\/guide\/wp-content\/uploads\/2019\/06\/fonctionnement-assurance-auto-jeune-conducteur-500x500.jpg\",\"contentUrl\":\"https:\/\/guide.reassurez-moi.fr\/guide\/wp-content\/uploads\/2019\/06\/fonctionnement-assurance-auto-jeune-conducteur-500x500.jpg\"},{\"@type\":\"BreadcrumbList\",\"@id\":\"https:\/\/guide.reassurez-moi.fr\/guide\/assurance-auto\/meilleure#breadcrumb\",\"itemListElement\":[{\"@type\":\"ListItem\",\"position\":1,\"name\":\"Assurances\",\"item\":\"https:\/\/guide.reassurez-moi.fr\/guide\/\"},{\"@type\":\"ListItem\",\"position\":2,\"name\":\"Assurance auto\",\"item\":\"https:\/\/guide.reassurez-moi.fr\/guide\/assurance-auto\"},{\"@type\":\"ListItem\",\"position\":3,\"name\":\"Meilleure\"}]},{\"@type\":\"WebSite\",\"@id\":\"https:\/\/guide.reassurez-moi.fr\/guide\/#website\",\"url\":\"https:\/\/guide.reassurez-moi.fr\/guide\/\",\"name\":\"R\u00e9assurez-moi\",\"description\":\"Comparateur d&#039;assurances\",\"potentialAction\":[{\"@type\":\"SearchAction\",\"target\":{\"@type\":\"EntryPoint\",\"urlTemplate\":\"https:\/\/guide.reassurez-moi.fr\/guide\/?s={search_term_string}\"},\"query-input\":{\"@type\":\"PropertyValueSpecification\",\"valueRequired\":true,\"valueName\":\"search_term_string\"}}],\"inLanguage\":\"fr-FR\"}]}<\/script>\n<!-- \/ Yoast SEO plugin. -->","yoast_head_json":{"title":"Quelles sont les meilleures assurances auto ? Notre top 10 !","description":"Classement ind\u00e9pendant des 15 meilleurs assureurs auto. Meilleurs tarifs selon votre profil. Simulation & devis en ligne. Avis d'experts !","robots":{"index":"index","follow":"follow","max-snippet":"max-snippet:-1","max-image-preview":"max-image-preview:large","max-video-preview":"max-video-preview:-1"},"canonical":"https:\/\/guide.reassurez-moi.fr\/guide\/assurance-auto\/meilleure","og_locale":"fr_FR","og_type":"article","og_title":"Quelles sont les meilleures assurances auto ? Notre top 10 !","og_description":"Classement ind\u00e9pendant des 15 meilleurs assureurs auto. Meilleurs tarifs selon votre profil. Simulation & devis en ligne. Avis d'experts !","og_url":"https:\/\/guide.reassurez-moi.fr\/guide\/assurance-auto\/meilleure","og_site_name":"R\u00e9assurez-moi","article_publisher":"https:\/\/www.facebook.com\/R%c3%a9assurez-moi-209456495889479\/","article_modified_time":"2026-02-02T14:13:35+00:00","og_image":[{"url":"https:\/\/guide.reassurez-moi.fr\/guide\/wp-content\/uploads\/2019\/06\/fonctionnement-assurance-auto-jeune-conducteur-500x500.jpg","type":"","width":"","height":""}],"twitter_card":"summary_large_image","twitter_site":"@reassurezmoi","twitter_misc":{"Dur\u00e9e de lecture estim\u00e9e":"8 minutes"},"schema":{"@context":"https:\/\/schema.org","@graph":[{"@type":"WebPage","@id":"https:\/\/guide.reassurez-moi.fr\/guide\/assurance-auto\/meilleure","url":"https:\/\/guide.reassurez-moi.fr\/guide\/assurance-auto\/meilleure","name":"Quelles sont les meilleures assurances auto ? Notre top 10 !","isPartOf":{"@id":"https:\/\/guide.reassurez-moi.fr\/guide\/#website"},"primaryImageOfPage":{"@id":"https:\/\/guide.reassurez-moi.fr\/guide\/assurance-auto\/meilleure#primaryimage"},"image":{"@id":"https:\/\/guide.reassurez-moi.fr\/guide\/assurance-auto\/meilleure#primaryimage"},"thumbnailUrl":"https:\/\/guide.reassurez-moi.fr\/guide\/wp-content\/uploads\/2019\/06\/fonctionnement-assurance-auto-jeune-conducteur-500x500.jpg","datePublished":"2019-06-13T12:21:21+00:00","dateModified":"2026-02-02T14:13:35+00:00","description":"Classement ind\u00e9pendant des 15 meilleurs assureurs auto. Meilleurs tarifs selon votre profil. Simulation & devis en ligne. Avis d'experts !","breadcrumb":{"@id":"https:\/\/guide.reassurez-moi.fr\/guide\/assurance-auto\/meilleure#breadcrumb"},"inLanguage":"fr-FR","potentialAction":[{"@type":"ReadAction","target":["https:\/\/guide.reassurez-moi.fr\/guide\/assurance-auto\/meilleure"]}]},{"@type":"ImageObject","inLanguage":"fr-FR","@id":"https:\/\/guide.reassurez-moi.fr\/guide\/assurance-auto\/meilleure#primaryimage","url":"https:\/\/guide.reassurez-moi.fr\/guide\/wp-content\/uploads\/2019\/06\/fonctionnement-assurance-auto-jeune-conducteur-500x500.jpg","contentUrl":"https:\/\/guide.reassurez-moi.fr\/guide\/wp-content\/uploads\/2019\/06\/fonctionnement-assurance-auto-jeune-conducteur-500x500.jpg"},{"@type":"BreadcrumbList","@id":"https:\/\/guide.reassurez-moi.fr\/guide\/assurance-auto\/meilleure#breadcrumb","itemListElement":[{"@type":"ListItem","position":1,"name":"Assurances","item":"https:\/\/guide.reassurez-moi.fr\/guide\/"},{"@type":"ListItem","position":2,"name":"Assurance auto","item":"https:\/\/guide.reassurez-moi.fr\/guide\/assurance-auto"},{"@type":"ListItem","position":3,"name":"Meilleure"}]},{"@type":"WebSite","@id":"https:\/\/guide.reassurez-moi.fr\/guide\/#website","url":"https:\/\/guide.reassurez-moi.fr\/guide\/","name":"R\u00e9assurez-moi","description":"Comparateur d&#039;assurances","potentialAction":[{"@type":"SearchAction","target":{"@type":"EntryPoint","urlTemplate":"https:\/\/guide.reassurez-moi.fr\/guide\/?s={search_term_string}"},"query-input":{"@type":"PropertyValueSpecification","valueRequired":true,"valueName":"search_term_string"}}],"inLanguage":"fr-FR"}]}},"acf":[],"_links":{"self":[{"href":"https:\/\/guide.reassurez-moi.fr\/guide\/wp-json\/wp\/v2\/pages\/62693","targetHints":{"allow":["GET"]}}],"collection":[{"href":"https:\/\/guide.reassurez-moi.fr\/guide\/wp-json\/wp\/v2\/pages"}],"about":[{"href":"https:\/\/guide.reassurez-moi.fr\/guide\/wp-json\/wp\/v2\/types\/page"}],"author":[{"embeddable":true,"href":"https:\/\/guide.reassurez-moi.fr\/guide\/wp-json\/wp\/v2\/users\/86"}],"replies":[{"embeddable":true,"href":"https:\/\/guide.reassurez-moi.fr\/guide\/wp-json\/wp\/v2\/comments?post=62693"}],"version-history":[{"count":3,"href":"https:\/\/guide.reassurez-moi.fr\/guide\/wp-json\/wp\/v2\/pages\/62693\/revisions"}],"predecessor-version":[{"id":215650,"href":"https:\/\/guide.reassurez-moi.fr\/guide\/wp-json\/wp\/v2\/pages\/62693\/revisions\/215650"}],"up":[{"embeddable":true,"href":"https:\/\/guide.reassurez-moi.fr\/guide\/wp-json\/wp\/v2\/pages\/15725"}],"wp:attachment":[{"href":"https:\/\/guide.reassurez-moi.fr\/guide\/wp-json\/wp\/v2\/media?parent=62693"}],"wp:term":[{"taxonomy":"category","embeddable":true,"href":"https:\/\/guide.reassurez-moi.fr\/guide\/wp-json\/wp\/v2\/categories?post=62693"},{"taxonomy":"page_topic","embeddable":true,"href":"https:\/\/guide.reassurez-moi.fr\/guide\/wp-json\/wp\/v2\/page_topic?post=62693"}],"curies":[{"name":"wp","href":"https:\/\/api.w.org\/{rel}","templated":true}]}}