{"id":65903,"date":"2019-07-05T12:21:19","date_gmt":"2019-07-05T10:21:19","guid":{"rendered":"https:\/\/reassurez-moi.fr\/guide\/?page_id=65903"},"modified":"2026-02-02T16:08:08","modified_gmt":"2026-02-02T15:08:08","slug":"assurance-homme-cle","status":"publish","type":"page","link":"https:\/\/guide.reassurez-moi.fr\/guide\/pro\/assurance-homme-cle","title":{"rendered":"Guide de l&rsquo;assurance homme-cl\u00e9"},"content":{"rendered":"\n<h1 class=\"has-text-color wp-block-heading\" style=\"color:#093e78\">L&rsquo;assurance homme-cl\u00e9<\/h1>\n\n\n\n<h2 class=\"has-text-align-center has-text-color wp-block-heading\" style=\"color:#093e78\">Notre comparateur<\/h2>\n\n\n\n<p class=\"has-text-align-center has-text-color has-small-font-size\" style=\"color:#093e78\"><strong>_______________<\/strong><\/p>\n\n\n\n<div class=\"flex  wp-block-rm-advertizing-block fix-in-sidebar\"><div class=\"image-container flex justify-center align-items-center py-3\"><img decoding=\"async\" src=\"https:\/\/guide.reassurez-moi.fr\/guide\/wp-content\/uploads\/2025\/06\/team_opti_short.png\" alt=\"reassurez-moi illustration\" class=\"wp-block-rm-advertizing-image\" loading=\"lazy\"\/><\/div><div class=\"\n                    rm-advertblock-container\n                    flex flex-column justify-center\n                    align-items-start\n                \"><p class=\"wp-block-rm-advertizing-text\n                              \n                            \">Assurances homme cl\u00e9 : les meilleures offres 2026<\/p><a href=\"https:\/\/app.coover.fr\/homme-cle\/?utm_source=rm\" class=\"wp-block-rm-advertizing-button\"><span class=\"wp-block-rm-advertizing-button-text\">Je compare 12 contrats<\/span><\/a><\/div><\/div>\n\n\n\n<h2 class=\"has-text-align-center has-text-color wp-block-heading\" style=\"color:#093e78\"><strong>Nos conseils<\/strong><\/h2>\n\n\n\n<p class=\"has-text-align-center has-text-color has-small-font-size\" style=\"color:#093e78\"><strong>________________<\/strong><\/p>\n\n\n\n<div class=\"wp-block-columns is-layout-flex wp-container-core-columns-is-layout-9d6595d7 wp-block-columns-is-layout-flex\">\n<div class=\"wp-block-column has-background is-layout-flow wp-block-column-is-layout-flow\" style=\"background-color:#f9f9f9\">\n<div style=\"height:20px\" aria-hidden=\"true\" class=\"wp-block-spacer\"><\/div>\n\n\n\n<div class=\"wp-block-image\"><figure class=\"aligncenter is-resized\"><img loading=\"lazy\" decoding=\"async\" src=\"https:\/\/guide.reassurez-moi.fr\/guide\/wp-content\/uploads\/2018\/05\/contrat-mutuelle-sante.jpg\" alt=\"picto contrat\" class=\"wp-image-32158\" width=\"50\" height=\"50\"\/><\/figure><\/div>\n\n\n\n<p class=\"has-text-align-center has-black-color has-text-color has-medium-font-size\"><strong><meta charset=\"utf-8\"><strong>Obtenir un devis<\/strong><\/p>\n\n\n\n<p class=\"has-text-align-center has-text-color\" style=\"color:#555555\"><meta charset=\"utf-8\">Comment recevoir les meilleurs devis d&rsquo;assurance homme cl\u00e9 ?<\/p>\n\n\n\n<div class=\"wp-block-buttons is-horizontal is-content-justification-center is-layout-flex wp-container-core-buttons-is-layout-499968f5 wp-block-buttons-is-layout-flex\">\n<div class=\"wp-block-button is-style-rm-button-blue\"><a class=\"wp-block-button__link\" href=\"https:\/\/reassurez-moi.fr\/guide\/pro\/assurance-homme-cle\/devis\">Nos conseils<\/a><\/div>\n<\/div>\n<\/div>\n\n\n\n<div class=\"wp-block-column has-background is-layout-flow wp-block-column-is-layout-flow\" style=\"background-color:#f9f9f9\">\n<div style=\"height:20px\" aria-hidden=\"true\" class=\"wp-block-spacer\"><\/div>\n\n\n\n<div class=\"wp-block-image\"><figure class=\"aligncenter is-resized\"><img loading=\"lazy\" decoding=\"async\" src=\"https:\/\/guide.reassurez-moi.fr\/guide\/wp-content\/uploads\/2018\/04\/loupe.png\" alt=\"loupe picto\" class=\"wp-image-31408\" width=\"50\" height=\"50\"\/><\/figure><\/div>\n\n\n\n<p class=\"has-text-align-center has-black-color has-text-color has-medium-font-size\"><strong><meta charset=\"utf-8\"><strong>Quelle fiscalit\u00e9 ?<\/strong><\/p>\n\n\n\n<p class=\"has-text-align-center has-text-color\" style=\"color:#555555\"><meta charset=\"utf-8\"><meta charset=\"utf-8\">Quelles sont les r\u00e8gles fiscales des contrats homme cl\u00e9 ?<\/p>\n\n\n\n<div class=\"wp-block-buttons is-horizontal is-content-justification-center is-layout-flex wp-container-core-buttons-is-layout-499968f5 wp-block-buttons-is-layout-flex\">\n<div class=\"wp-block-button is-style-rm-button-blue\"><a class=\"wp-block-button__link\" href=\"https:\/\/reassurez-moi.fr\/guide\/pro\/assurance-homme-cle\/fiscalite\">Tout savoir<\/a><\/div>\n<\/div>\n<\/div>\n\n\n\n<div class=\"wp-block-column has-background is-layout-flow wp-block-column-is-layout-flow\" style=\"background-color:#f9f9f9\">\n<div style=\"height:20px\" aria-hidden=\"true\" class=\"wp-block-spacer\"><\/div>\n\n\n\n<div class=\"wp-block-image\"><figure class=\"aligncenter\"><img loading=\"lazy\" decoding=\"async\" width=\"50\" height=\"50\" src=\"https:\/\/guide.reassurez-moi.fr\/guide\/wp-content\/uploads\/2018\/04\/signe.png\" alt=\"picto rm\" class=\"wp-image-31457\"\/><\/figure><\/div>\n\n\n\n<p class=\"has-text-align-center has-black-color has-text-color has-medium-font-size\"><strong><meta charset=\"utf-8\"><strong>Les assureurs<\/strong><\/p>\n\n\n\n<p class=\"has-text-align-center has-text-color\" style=\"color:#555555\"><meta charset=\"utf-8\"><meta charset=\"utf-8\">Qui sont les acteurs du march\u00e9 proposant cette couverture ?<\/p>\n\n\n\n<div class=\"wp-block-buttons is-horizontal is-content-justification-center is-layout-flex wp-container-core-buttons-is-layout-499968f5 wp-block-buttons-is-layout-flex\">\n<div class=\"wp-block-button is-style-rm-button-blue\"><a class=\"wp-block-button__link\" href=\"https:\/\/reassurez-moi.fr\/guide\/pro\/assurance-homme-cle\/assureurs\">Les offres<\/a><\/div>\n<\/div>\n<\/div>\n<\/div>\n","protected":false},"excerpt":{"rendered":"<p>L&rsquo;assurance homme-cl\u00e9 Notre comparateur _______________ Nos conseils ________________<\/p>\n","protected":false},"author":86,"featured_media":0,"parent":56303,"menu_order":0,"comment_status":"open","ping_status":"closed","template":"pages\/page-no-sidebar.php","meta":{"_acf_changed":false,"footnotes":""},"categories":[],"page_topic":[575],"class_list":["post-65903","page","type-page","status-publish","hentry"],"yoast_head":"<!-- This site is optimized with the Yoast SEO plugin v24.7 - https:\/\/yoast.com\/wordpress\/plugins\/seo\/ -->\n<title>Assurance homme cl\u00e9 : fonctionnement et comparatif des offres<\/title>\n<meta name=\"description\" content=\"Guide complet sur l&#039;assurance homme cl\u00e9 : classement des offres, d\u00e9tails des prix et garanties, conseils pour bien couvrir votre entreprise !\" \/>\n<meta name=\"robots\" content=\"index, follow, max-snippet:-1, max-image-preview:large, max-video-preview:-1\" \/>\n<link rel=\"canonical\" href=\"https:\/\/guide.reassurez-moi.fr\/guide\/pro\/assurance-homme-cle\" \/>\n<meta property=\"og:locale\" content=\"fr_FR\" \/>\n<meta property=\"og:type\" content=\"article\" \/>\n<meta property=\"og:title\" content=\"Assurance homme cl\u00e9 : fonctionnement et comparatif des offres\" \/>\n<meta property=\"og:description\" content=\"Guide complet sur l&#039;assurance homme cl\u00e9 : classement des offres, d\u00e9tails des prix et garanties, conseils pour bien couvrir votre entreprise !\" \/>\n<meta property=\"og:url\" content=\"https:\/\/guide.reassurez-moi.fr\/guide\/pro\/assurance-homme-cle\" \/>\n<meta property=\"og:site_name\" content=\"R\u00e9assurez-moi\" \/>\n<meta property=\"article:publisher\" content=\"https:\/\/www.facebook.com\/R%c3%a9assurez-moi-209456495889479\/\" \/>\n<meta property=\"article:modified_time\" content=\"2026-02-02T15:08:08+00:00\" \/>\n<meta property=\"og:image\" content=\"https:\/\/guide.reassurez-moi.fr\/guide\/wp-content\/uploads\/2018\/05\/contrat-mutuelle-sante.jpg\" \/>\n<meta name=\"twitter:card\" content=\"summary_large_image\" \/>\n<meta name=\"twitter:site\" content=\"@reassurezmoi\" \/>\n<meta name=\"twitter:label1\" content=\"Est. reading time\" \/>\n\t<meta name=\"twitter:data1\" content=\"1 minute\" \/>\n<script type=\"application\/ld+json\" class=\"yoast-schema-graph\">{\"@context\":\"https:\/\/schema.org\",\"@graph\":[{\"@type\":\"WebPage\",\"@id\":\"https:\/\/guide.reassurez-moi.fr\/guide\/pro\/assurance-homme-cle\",\"url\":\"https:\/\/guide.reassurez-moi.fr\/guide\/pro\/assurance-homme-cle\",\"name\":\"Assurance homme cl\u00e9 : fonctionnement et comparatif des offres\",\"isPartOf\":{\"@id\":\"https:\/\/guide.reassurez-moi.fr\/guide\/#website\"},\"primaryImageOfPage\":{\"@id\":\"https:\/\/guide.reassurez-moi.fr\/guide\/pro\/assurance-homme-cle#primaryimage\"},\"image\":{\"@id\":\"https:\/\/guide.reassurez-moi.fr\/guide\/pro\/assurance-homme-cle#primaryimage\"},\"thumbnailUrl\":\"https:\/\/guide.reassurez-moi.fr\/guide\/wp-content\/uploads\/2018\/05\/contrat-mutuelle-sante.jpg\",\"datePublished\":\"2019-07-05T10:21:19+00:00\",\"dateModified\":\"2026-02-02T15:08:08+00:00\",\"description\":\"Guide complet sur l'assurance homme cl\u00e9 : classement des offres, d\u00e9tails des prix et garanties, conseils pour bien couvrir votre entreprise !\",\"breadcrumb\":{\"@id\":\"https:\/\/guide.reassurez-moi.fr\/guide\/pro\/assurance-homme-cle#breadcrumb\"},\"inLanguage\":\"fr-FR\",\"potentialAction\":[{\"@type\":\"ReadAction\",\"target\":[\"https:\/\/guide.reassurez-moi.fr\/guide\/pro\/assurance-homme-cle\"]}]},{\"@type\":\"ImageObject\",\"inLanguage\":\"fr-FR\",\"@id\":\"https:\/\/guide.reassurez-moi.fr\/guide\/pro\/assurance-homme-cle#primaryimage\",\"url\":\"https:\/\/guide.reassurez-moi.fr\/guide\/wp-content\/uploads\/2018\/05\/contrat-mutuelle-sante.jpg\",\"contentUrl\":\"https:\/\/guide.reassurez-moi.fr\/guide\/wp-content\/uploads\/2018\/05\/contrat-mutuelle-sante.jpg\"},{\"@type\":\"BreadcrumbList\",\"@id\":\"https:\/\/guide.reassurez-moi.fr\/guide\/pro\/assurance-homme-cle#breadcrumb\",\"itemListElement\":[{\"@type\":\"ListItem\",\"position\":1,\"name\":\"Assurances\",\"item\":\"https:\/\/guide.reassurez-moi.fr\/guide\/\"},{\"@type\":\"ListItem\",\"position\":2,\"name\":\"Assurance professionnelle\",\"item\":\"https:\/\/guide.reassurez-moi.fr\/guide\/pro\"},{\"@type\":\"ListItem\",\"position\":3,\"name\":\"Assurance homme cl\u00e9\"}]},{\"@type\":\"WebSite\",\"@id\":\"https:\/\/guide.reassurez-moi.fr\/guide\/#website\",\"url\":\"https:\/\/guide.reassurez-moi.fr\/guide\/\",\"name\":\"R\u00e9assurez-moi\",\"description\":\"Comparateur d&#039;assurances\",\"potentialAction\":[{\"@type\":\"SearchAction\",\"target\":{\"@type\":\"EntryPoint\",\"urlTemplate\":\"https:\/\/guide.reassurez-moi.fr\/guide\/?s={search_term_string}\"},\"query-input\":{\"@type\":\"PropertyValueSpecification\",\"valueRequired\":true,\"valueName\":\"search_term_string\"}}],\"inLanguage\":\"fr-FR\"}]}<\/script>\n<!-- \/ Yoast SEO plugin. -->","yoast_head_json":{"title":"Assurance homme cl\u00e9 : fonctionnement et comparatif des offres","description":"Guide complet sur l'assurance homme cl\u00e9 : classement des offres, d\u00e9tails des prix et garanties, conseils pour bien couvrir votre entreprise !","robots":{"index":"index","follow":"follow","max-snippet":"max-snippet:-1","max-image-preview":"max-image-preview:large","max-video-preview":"max-video-preview:-1"},"canonical":"https:\/\/guide.reassurez-moi.fr\/guide\/pro\/assurance-homme-cle","og_locale":"fr_FR","og_type":"article","og_title":"Assurance homme cl\u00e9 : fonctionnement et comparatif des offres","og_description":"Guide complet sur l'assurance homme cl\u00e9 : classement des offres, d\u00e9tails des prix et garanties, conseils pour bien couvrir votre entreprise !","og_url":"https:\/\/guide.reassurez-moi.fr\/guide\/pro\/assurance-homme-cle","og_site_name":"R\u00e9assurez-moi","article_publisher":"https:\/\/www.facebook.com\/R%c3%a9assurez-moi-209456495889479\/","article_modified_time":"2026-02-02T15:08:08+00:00","og_image":[{"url":"https:\/\/guide.reassurez-moi.fr\/guide\/wp-content\/uploads\/2018\/05\/contrat-mutuelle-sante.jpg","type":"","width":"","height":""}],"twitter_card":"summary_large_image","twitter_site":"@reassurezmoi","twitter_misc":{"Est. reading time":"1 minute"},"schema":{"@context":"https:\/\/schema.org","@graph":[{"@type":"WebPage","@id":"https:\/\/guide.reassurez-moi.fr\/guide\/pro\/assurance-homme-cle","url":"https:\/\/guide.reassurez-moi.fr\/guide\/pro\/assurance-homme-cle","name":"Assurance homme cl\u00e9 : fonctionnement et comparatif des offres","isPartOf":{"@id":"https:\/\/guide.reassurez-moi.fr\/guide\/#website"},"primaryImageOfPage":{"@id":"https:\/\/guide.reassurez-moi.fr\/guide\/pro\/assurance-homme-cle#primaryimage"},"image":{"@id":"https:\/\/guide.reassurez-moi.fr\/guide\/pro\/assurance-homme-cle#primaryimage"},"thumbnailUrl":"https:\/\/guide.reassurez-moi.fr\/guide\/wp-content\/uploads\/2018\/05\/contrat-mutuelle-sante.jpg","datePublished":"2019-07-05T10:21:19+00:00","dateModified":"2026-02-02T15:08:08+00:00","description":"Guide complet sur l'assurance homme cl\u00e9 : classement des offres, d\u00e9tails des prix et garanties, conseils pour bien couvrir votre entreprise !","breadcrumb":{"@id":"https:\/\/guide.reassurez-moi.fr\/guide\/pro\/assurance-homme-cle#breadcrumb"},"inLanguage":"fr-FR","potentialAction":[{"@type":"ReadAction","target":["https:\/\/guide.reassurez-moi.fr\/guide\/pro\/assurance-homme-cle"]}]},{"@type":"ImageObject","inLanguage":"fr-FR","@id":"https:\/\/guide.reassurez-moi.fr\/guide\/pro\/assurance-homme-cle#primaryimage","url":"https:\/\/guide.reassurez-moi.fr\/guide\/wp-content\/uploads\/2018\/05\/contrat-mutuelle-sante.jpg","contentUrl":"https:\/\/guide.reassurez-moi.fr\/guide\/wp-content\/uploads\/2018\/05\/contrat-mutuelle-sante.jpg"},{"@type":"BreadcrumbList","@id":"https:\/\/guide.reassurez-moi.fr\/guide\/pro\/assurance-homme-cle#breadcrumb","itemListElement":[{"@type":"ListItem","position":1,"name":"Assurances","item":"https:\/\/guide.reassurez-moi.fr\/guide\/"},{"@type":"ListItem","position":2,"name":"Assurance professionnelle","item":"https:\/\/guide.reassurez-moi.fr\/guide\/pro"},{"@type":"ListItem","position":3,"name":"Assurance homme cl\u00e9"}]},{"@type":"WebSite","@id":"https:\/\/guide.reassurez-moi.fr\/guide\/#website","url":"https:\/\/guide.reassurez-moi.fr\/guide\/","name":"R\u00e9assurez-moi","description":"Comparateur d&#039;assurances","potentialAction":[{"@type":"SearchAction","target":{"@type":"EntryPoint","urlTemplate":"https:\/\/guide.reassurez-moi.fr\/guide\/?s={search_term_string}"},"query-input":{"@type":"PropertyValueSpecification","valueRequired":true,"valueName":"search_term_string"}}],"inLanguage":"fr-FR"}]}},"acf":[],"_links":{"self":[{"href":"https:\/\/guide.reassurez-moi.fr\/guide\/wp-json\/wp\/v2\/pages\/65903","targetHints":{"allow":["GET"]}}],"collection":[{"href":"https:\/\/guide.reassurez-moi.fr\/guide\/wp-json\/wp\/v2\/pages"}],"about":[{"href":"https:\/\/guide.reassurez-moi.fr\/guide\/wp-json\/wp\/v2\/types\/page"}],"author":[{"embeddable":true,"href":"https:\/\/guide.reassurez-moi.fr\/guide\/wp-json\/wp\/v2\/users\/86"}],"replies":[{"embeddable":true,"href":"https:\/\/guide.reassurez-moi.fr\/guide\/wp-json\/wp\/v2\/comments?post=65903"}],"version-history":[{"count":1,"href":"https:\/\/guide.reassurez-moi.fr\/guide\/wp-json\/wp\/v2\/pages\/65903\/revisions"}],"predecessor-version":[{"id":205825,"href":"https:\/\/guide.reassurez-moi.fr\/guide\/wp-json\/wp\/v2\/pages\/65903\/revisions\/205825"}],"up":[{"embeddable":true,"href":"https:\/\/guide.reassurez-moi.fr\/guide\/wp-json\/wp\/v2\/pages\/56303"}],"wp:attachment":[{"href":"https:\/\/guide.reassurez-moi.fr\/guide\/wp-json\/wp\/v2\/media?parent=65903"}],"wp:term":[{"taxonomy":"category","embeddable":true,"href":"https:\/\/guide.reassurez-moi.fr\/guide\/wp-json\/wp\/v2\/categories?post=65903"},{"taxonomy":"page_topic","embeddable":true,"href":"https:\/\/guide.reassurez-moi.fr\/guide\/wp-json\/wp\/v2\/page_topic?post=65903"}],"curies":[{"name":"wp","href":"https:\/\/api.w.org\/{rel}","templated":true}]}}