{"id":68074,"date":"2019-07-19T10:22:17","date_gmt":"2019-07-19T08:22:17","guid":{"rendered":"https:\/\/reassurez-moi.fr\/guide\/?page_id=68074"},"modified":"2026-02-02T16:07:01","modified_gmt":"2026-02-02T15:07:01","slug":"prevoyance","status":"publish","type":"page","link":"https:\/\/guide.reassurez-moi.fr\/guide\/pro\/prevoyance","title":{"rendered":"Guide de la pr\u00e9voyance professionnelle"},"content":{"rendered":"\n<h1 class=\"wp-block-heading has-text-color\" style=\"color:#093e78\">Pr\u00e9voyance entreprise<\/h1>\n\n\n\n<h2 class=\"wp-block-heading has-text-align-center has-text-color\" style=\"color:#093e78\"><strong>Notre comparateur<\/strong><\/h2>\n\n\n\n<div style=\"height:20px\" aria-hidden=\"true\" class=\"wp-block-spacer\"><\/div>\n\n\n\n<div class=\"wp-block-group\"><div class=\"wp-block-image\">\n<figure class=\"aligncenter\"><a href=\"https:\/\/reassurez-moi.fr\/guide\/pro\/prevoyance\/comparateur\"><img loading=\"lazy\" decoding=\"async\" width=\"300\" height=\"237\" src=\"https:\/\/guide.reassurez-moi.fr\/guide\/wp-content\/uploads\/2019\/07\/cta-prevoyance-pro-300x237.jpg\" alt=\"comparateur-prevoyance-pro\" class=\"wp-image-67862\"\/><\/a><\/figure>\n<\/div>\n\n\n<div class=\"wp-block-button is-style-rm-button-orange\"><a class=\"wp-block-button__link has-background wp-element-button\" href=\"https:\/\/reassurez-moi.fr\/guide\/pro\/prevoyance\/comparateur\" style=\"border-radius:40px;background-color:#e05823\"><strong>COMPARER 12 CONTRATS DE PR\u00c9VOYANCE PRO<\/strong><\/a><\/div>\n<\/div>\n\n\n\n<h2 class=\"wp-block-heading has-text-align-center has-text-color\" style=\"color:#093e78\"><strong>Nos conseils<\/strong><\/h2>\n\n\n\n<p class=\"has-text-align-center has-text-color has-small-font-size\" style=\"color:#093e78\"><strong>________________<\/strong><\/p>\n\n\n\n<div class=\"wp-block-columns is-layout-flex wp-container-core-columns-is-layout-9d6595d7 wp-block-columns-is-layout-flex\">\n<div class=\"wp-block-column has-background is-layout-flow wp-block-column-is-layout-flow\" style=\"background-color:#f9f9f9\">\n<div style=\"height:20px\" aria-hidden=\"true\" class=\"wp-block-spacer\"><\/div>\n\n\n<div class=\"wp-block-image\">\n<figure class=\"aligncenter is-resized\"><img decoding=\"async\" src=\"https:\/\/guide.reassurez-moi.fr\/guide\/wp-content\/uploads\/2018\/05\/contrat-mutuelle-sante.jpg\" alt=\"contrat\" class=\"wp-image-32158\" style=\"width:50px;height:50px\"\/><\/figure>\n<\/div>\n\n\n<p class=\"has-text-align-center has-black-color has-text-color has-medium-font-size\"><strong>Maintien de salaire<\/strong><\/p>\n\n\n\n<p class=\"has-text-align-center has-text-color\" style=\"color:#555555\"><meta charset=\"utf-8\">En cas d&rsquo;incapacit\u00e9 \u00e0 travailler, quelle sera la r\u00e9percussion sur le salaire ?<\/p>\n\n\n\n<div class=\"wp-block-buttons is-horizontal is-content-justification-center is-layout-flex wp-container-core-buttons-is-layout-499968f5 wp-block-buttons-is-layout-flex\">\n<div class=\"wp-block-button is-style-rm-button-blue\"><a class=\"wp-block-button__link wp-element-button\" href=\"https:\/\/reassurez-moi.fr\/guide\/pro\/prevoyance\/maintien-salaire\">Tout savoir<\/a><\/div>\n<\/div>\n<\/div>\n\n\n\n<div class=\"wp-block-column has-background is-layout-flow wp-block-column-is-layout-flow\" style=\"background-color:#f9f9f9\">\n<div style=\"height:20px\" aria-hidden=\"true\" class=\"wp-block-spacer\"><\/div>\n\n\n<div class=\"wp-block-image\">\n<figure class=\"aligncenter is-resized\"><img decoding=\"async\" src=\"https:\/\/guide.reassurez-moi.fr\/guide\/wp-content\/uploads\/2018\/04\/loupe.png\" alt=\"loupe\" class=\"wp-image-31408\" style=\"width:50px;height:50px\"\/><\/figure>\n<\/div>\n\n\n<p class=\"has-text-align-center has-black-color has-text-color has-medium-font-size\"><strong>Que signifie DUE ?<\/strong><\/p>\n\n\n\n<p class=\"has-text-align-center has-text-color\" style=\"color:#555555\"><meta charset=\"utf-8\"><meta charset=\"utf-8\">\u00c0 quoi correspond la D\u00e9cision Unilat\u00e9rale de l&rsquo;Employeur ? Quel cadre ?<\/p>\n\n\n\n<div class=\"wp-block-buttons is-horizontal is-content-justification-center is-layout-flex wp-container-core-buttons-is-layout-499968f5 wp-block-buttons-is-layout-flex\">\n<div class=\"wp-block-button is-style-rm-button-blue\"><a class=\"wp-block-button__link wp-element-button\" href=\"https:\/\/reassurez-moi.fr\/guide\/pro\/prevoyance\/decision-unilaterale-employeur\">Comprendre<\/a><\/div>\n<\/div>\n<\/div>\n\n\n\n<div class=\"wp-block-column has-background is-layout-flow wp-block-column-is-layout-flow\" style=\"background-color:#f9f9f9\">\n<div style=\"height:20px\" aria-hidden=\"true\" class=\"wp-block-spacer\"><\/div>\n\n\n<div class=\"wp-block-image\">\n<figure class=\"aligncenter is-resized\"><img loading=\"lazy\" decoding=\"async\" width=\"500\" height=\"500\" src=\"https:\/\/guide.reassurez-moi.fr\/guide\/wp-content\/uploads\/2019\/07\/parapluie-500x500.jpg\" alt=\"parapluie\" class=\"wp-image-68296\" style=\"width:50px;height:50px\"\/><\/figure>\n<\/div>\n\n\n<p class=\"has-text-align-center has-black-color has-text-color has-medium-font-size\"><strong>Pr\u00e9voyance cadre<\/strong><\/p>\n\n\n\n<p class=\"has-text-align-center has-text-color\" style=\"color:#555555\"><meta charset=\"utf-8\"><meta charset=\"utf-8\">En tant que cadre, quelles modalit\u00e9s sont pr\u00e9vues dans la couverture d\u00e9di\u00e9e ?<\/p>\n\n\n\n<div class=\"wp-block-buttons is-horizontal is-content-justification-center is-layout-flex wp-container-core-buttons-is-layout-499968f5 wp-block-buttons-is-layout-flex\">\n<div class=\"wp-block-button is-style-rm-button-blue\"><a class=\"wp-block-button__link wp-element-button\" href=\"https:\/\/reassurez-moi.fr\/guide\/pro\/prevoyance\/cadre\">Bien choisir<\/a><\/div>\n<\/div>\n<\/div>\n<\/div>\n\n\n\n<div class=\"wp-block-columns is-layout-flex wp-container-core-columns-is-layout-9d6595d7 wp-block-columns-is-layout-flex\">\n<div class=\"wp-block-column has-background is-layout-flow wp-block-column-is-layout-flow\" style=\"background-color:#f9f9f9\">\n<div style=\"height:20px\" aria-hidden=\"true\" class=\"wp-block-spacer\"><\/div>\n\n\n<div class=\"wp-block-image\">\n<figure class=\"aligncenter is-resized\"><img loading=\"lazy\" decoding=\"async\" width=\"500\" height=\"500\" src=\"https:\/\/guide.reassurez-moi.fr\/guide\/wp-content\/uploads\/2019\/07\/obligatoire-500x500.jpg\" alt=\"tns\" class=\"wp-image-67904\" style=\"width:50px;height:50px\"\/><\/figure>\n<\/div>\n\n\n<p class=\"has-text-align-center has-black-color has-text-color has-medium-font-size\"><strong>Travailleur non salari\u00e9<\/strong><\/p>\n\n\n\n<p class=\"has-text-align-center has-text-color\" style=\"color:#555555\"><meta charset=\"utf-8\">TNS, vous b\u00e9n\u00e9ficiez d&rsquo;une l\u00e9gislation propre pour vos contrats de pr\u00e9voyance.<\/p>\n\n\n\n<div class=\"wp-block-buttons is-horizontal is-content-justification-center is-layout-flex wp-container-core-buttons-is-layout-499968f5 wp-block-buttons-is-layout-flex\">\n<div class=\"wp-block-button is-style-rm-button-blue\"><a class=\"wp-block-button__link wp-element-button\" href=\"https:\/\/reassurez-moi.fr\/guide\/pro\/prevoyance\/tns\">Mes avantages<\/a><\/div>\n<\/div>\n<\/div>\n\n\n\n<div class=\"wp-block-column has-background is-layout-flow wp-block-column-is-layout-flow\" style=\"background-color:#f9f9f9\">\n<div style=\"height:20px\" aria-hidden=\"true\" class=\"wp-block-spacer\"><\/div>\n\n\n<div class=\"wp-block-image\">\n<figure class=\"aligncenter is-resized\"><img loading=\"lazy\" decoding=\"async\" width=\"500\" height=\"500\" src=\"https:\/\/guide.reassurez-moi.fr\/guide\/wp-content\/uploads\/2019\/07\/telescopev1-500x500.jpg\" alt=\"prevoyance\" class=\"wp-image-67892\" style=\"width:50px;height:50px\"\/><\/figure>\n<\/div>\n\n\n<p class=\"has-text-align-center has-black-color has-text-color has-medium-font-size\"><strong>Pr\u00e9voyance pro<\/strong><\/p>\n\n\n\n<p class=\"has-text-align-center has-text-color\" style=\"color:#555555\"><meta charset=\"utf-8\"><meta charset=\"utf-8\">Quelle est la meilleure pr\u00e9voyance fonctionnaire pour vous ? <\/p>\n\n\n\n<div class=\"wp-block-buttons is-horizontal is-content-justification-center is-layout-flex wp-container-core-buttons-is-layout-499968f5 wp-block-buttons-is-layout-flex\">\n<div class=\"wp-block-button is-style-rm-button-blue\"><a class=\"wp-block-button__link wp-element-button\" href=\"https:\/\/reassurez-moi.fr\/guide\/pro\/prevoyance\/fonctionnaire\">D\u00e9tails<\/a><\/div>\n<\/div>\n<\/div>\n\n\n\n<div class=\"wp-block-column has-background is-layout-flow wp-block-column-is-layout-flow\" style=\"background-color:#f9f9f9\">\n<div style=\"height:20px\" aria-hidden=\"true\" class=\"wp-block-spacer\"><\/div>\n\n\n<div class=\"wp-block-image\">\n<figure class=\"aligncenter is-resized\"><img loading=\"lazy\" decoding=\"async\" width=\"500\" height=\"500\" src=\"https:\/\/guide.reassurez-moi.fr\/guide\/wp-content\/uploads\/2019\/07\/gav-500x500.jpg\" alt=\"arret\" class=\"wp-image-68226\" style=\"width:50px;height:50px\"\/><\/figure>\n<\/div>\n\n\n<p class=\"has-text-align-center has-black-color has-text-color has-medium-font-size\"><strong>Arr\u00eat de travail<\/strong><\/p>\n\n\n\n<p class=\"has-text-align-center has-text-color\" style=\"color:#555555\"><meta charset=\"utf-8\"><meta charset=\"utf-8\">Vous \u00eates arr\u00eat\u00e9 ? Qu&rsquo;est-il pr\u00e9vu par votre pr\u00e9voyance d&rsquo;entreprise ?<\/p>\n\n\n\n<div class=\"wp-block-buttons is-horizontal is-content-justification-center is-layout-flex wp-container-core-buttons-is-layout-499968f5 wp-block-buttons-is-layout-flex\">\n<div class=\"wp-block-button is-style-rm-button-blue\"><a class=\"wp-block-button__link wp-element-button\" href=\"https:\/\/reassurez-moi.fr\/guide\/pro\/prevoyance\/arret-travail\">L&rsquo;indemnisation<\/a><\/div>\n<\/div>\n<\/div>\n<\/div>\n\n\n\n<div class=\"wp-block-columns is-layout-flex wp-container-core-columns-is-layout-9d6595d7 wp-block-columns-is-layout-flex\">\n<div class=\"wp-block-column has-background is-layout-flow wp-block-column-is-layout-flow\" style=\"background-color:#f9f9f9\">\n<div style=\"height:20px\" aria-hidden=\"true\" class=\"wp-block-spacer\"><\/div>\n\n\n<div class=\"wp-block-image\">\n<figure class=\"aligncenter is-resized\"><img loading=\"lazy\" decoding=\"async\" width=\"128\" height=\"128\" src=\"https:\/\/guide.reassurez-moi.fr\/guide\/wp-content\/uploads\/2018\/04\/money.png\" alt=\"euro\" class=\"wp-image-31419\" style=\"width:50px;height:50px\"\/><\/figure>\n<\/div>\n\n\n<p class=\"has-text-align-center has-black-color has-text-color has-medium-font-size\"><strong><meta charset=\"utf-8\"><strong>Indemnit\u00e9s journali\u00e8res<\/strong><\/p>\n\n\n\n<p class=\"has-text-align-center has-text-color\" style=\"color:#555555\"><meta charset=\"utf-8\">En cas d&rsquo;incapacit\u00e9, quelles compensations sont pr\u00e9vues ? <\/p>\n\n\n\n<div class=\"wp-block-buttons is-horizontal is-content-justification-center is-layout-flex wp-container-core-buttons-is-layout-499968f5 wp-block-buttons-is-layout-flex\">\n<div class=\"wp-block-button is-style-rm-button-blue\"><a class=\"wp-block-button__link wp-element-button\" href=\"https:\/\/reassurez-moi.fr\/guide\/pro\/prevoyance\/indemnite-journaliere\">Vos droits<\/a><\/div>\n<\/div>\n<\/div>\n\n\n\n<div class=\"wp-block-column has-background is-layout-flow wp-block-column-is-layout-flow\" style=\"background-color:#f9f9f9\">\n<div style=\"height:20px\" aria-hidden=\"true\" class=\"wp-block-spacer\"><\/div>\n\n\n<div class=\"wp-block-image\">\n<figure class=\"aligncenter\"><img loading=\"lazy\" decoding=\"async\" width=\"50\" height=\"50\" src=\"https:\/\/guide.reassurez-moi.fr\/guide\/wp-content\/uploads\/2018\/04\/signe.png\" alt=\"rm\" class=\"wp-image-31457\"\/><\/figure>\n<\/div>\n\n\n<p class=\"has-text-align-center has-black-color has-text-color has-medium-font-size\"><strong><meta charset=\"utf-8\"><strong>Les assureurs<\/strong><\/p>\n\n\n\n<p class=\"has-text-align-center has-text-color\" style=\"color:#555555\"><meta charset=\"utf-8\"><meta charset=\"utf-8\">D\u00e9couvrez les principaux assureurs qui proposent une pr\u00e9voyance collective.<\/p>\n\n\n\n<div class=\"wp-block-buttons is-horizontal is-content-justification-center is-layout-flex wp-container-core-buttons-is-layout-499968f5 wp-block-buttons-is-layout-flex\">\n<div class=\"wp-block-button is-style-rm-button-blue\"><a class=\"wp-block-button__link wp-element-button\" href=\"https:\/\/reassurez-moi.fr\/guide\/pro\/prevoyance\/assureurs\">Les acteurs<\/a><\/div>\n<\/div>\n<\/div>\n<\/div>\n","protected":false},"excerpt":{"rendered":"<p>Pr\u00e9voyance entreprise Notre comparateur Nos conseils ________________<\/p>\n","protected":false},"author":86,"featured_media":0,"parent":56303,"menu_order":0,"comment_status":"open","ping_status":"closed","template":"pages\/page-no-sidebar.php","meta":{"_acf_changed":false,"footnotes":""},"categories":[],"page_topic":[559],"class_list":["post-68074","page","type-page","status-publish","hentry"],"yoast_head":"<!-- This site is optimized with the Yoast SEO plugin v24.7 - https:\/\/yoast.com\/wordpress\/plugins\/seo\/ -->\n<title>Qu&#039;est-ce qu&#039;un contrat de pr\u00e9voyance pro \/ entreprise ?<\/title>\n<meta name=\"description\" content=\"Guide complet de la Pr\u00e9voyance d&#039;entreprise : comparatif, avis et conseils pour prot\u00e9ger au mieux votre activit\u00e9 en cas d&#039;impr\u00e9vus !\" \/>\n<meta name=\"robots\" content=\"index, follow, max-snippet:-1, max-image-preview:large, max-video-preview:-1\" \/>\n<link rel=\"canonical\" href=\"https:\/\/guide.reassurez-moi.fr\/guide\/pro\/prevoyance\" \/>\n<meta property=\"og:locale\" content=\"fr_FR\" \/>\n<meta property=\"og:type\" content=\"article\" \/>\n<meta property=\"og:title\" content=\"Qu&#039;est-ce qu&#039;un contrat de pr\u00e9voyance pro \/ entreprise ?\" \/>\n<meta property=\"og:description\" content=\"Guide complet de la Pr\u00e9voyance d&#039;entreprise : comparatif, avis et conseils pour prot\u00e9ger au mieux votre activit\u00e9 en cas d&#039;impr\u00e9vus !\" \/>\n<meta property=\"og:url\" content=\"https:\/\/guide.reassurez-moi.fr\/guide\/pro\/prevoyance\" \/>\n<meta property=\"og:site_name\" content=\"R\u00e9assurez-moi\" \/>\n<meta property=\"article:publisher\" content=\"https:\/\/www.facebook.com\/R%c3%a9assurez-moi-209456495889479\/\" \/>\n<meta property=\"article:modified_time\" content=\"2026-02-02T15:07:01+00:00\" \/>\n<meta property=\"og:image\" content=\"https:\/\/guide.reassurez-moi.fr\/guide\/wp-content\/uploads\/2019\/07\/cta-prevoyance-pro-300x237.jpg\" \/>\n<meta name=\"twitter:card\" content=\"summary_large_image\" \/>\n<meta name=\"twitter:site\" content=\"@reassurezmoi\" \/>\n<meta name=\"twitter:label1\" content=\"Est. reading time\" \/>\n\t<meta name=\"twitter:data1\" content=\"3 minutes\" \/>\n<script type=\"application\/ld+json\" class=\"yoast-schema-graph\">{\"@context\":\"https:\/\/schema.org\",\"@graph\":[{\"@type\":\"WebPage\",\"@id\":\"https:\/\/guide.reassurez-moi.fr\/guide\/pro\/prevoyance\",\"url\":\"https:\/\/guide.reassurez-moi.fr\/guide\/pro\/prevoyance\",\"name\":\"Qu'est-ce qu'un contrat de pr\u00e9voyance pro \/ entreprise ?\",\"isPartOf\":{\"@id\":\"https:\/\/guide.reassurez-moi.fr\/guide\/#website\"},\"primaryImageOfPage\":{\"@id\":\"https:\/\/guide.reassurez-moi.fr\/guide\/pro\/prevoyance#primaryimage\"},\"image\":{\"@id\":\"https:\/\/guide.reassurez-moi.fr\/guide\/pro\/prevoyance#primaryimage\"},\"thumbnailUrl\":\"https:\/\/guide.reassurez-moi.fr\/guide\/wp-content\/uploads\/2019\/07\/cta-prevoyance-pro-300x237.jpg\",\"datePublished\":\"2019-07-19T08:22:17+00:00\",\"dateModified\":\"2026-02-02T15:07:01+00:00\",\"description\":\"Guide complet de la Pr\u00e9voyance d'entreprise : comparatif, avis et conseils pour prot\u00e9ger au mieux votre activit\u00e9 en cas d'impr\u00e9vus !\",\"breadcrumb\":{\"@id\":\"https:\/\/guide.reassurez-moi.fr\/guide\/pro\/prevoyance#breadcrumb\"},\"inLanguage\":\"fr-FR\",\"potentialAction\":[{\"@type\":\"ReadAction\",\"target\":[\"https:\/\/guide.reassurez-moi.fr\/guide\/pro\/prevoyance\"]}]},{\"@type\":\"ImageObject\",\"inLanguage\":\"fr-FR\",\"@id\":\"https:\/\/guide.reassurez-moi.fr\/guide\/pro\/prevoyance#primaryimage\",\"url\":\"https:\/\/guide.reassurez-moi.fr\/guide\/wp-content\/uploads\/2019\/07\/cta-prevoyance-pro-300x237.jpg\",\"contentUrl\":\"https:\/\/guide.reassurez-moi.fr\/guide\/wp-content\/uploads\/2019\/07\/cta-prevoyance-pro-300x237.jpg\"},{\"@type\":\"BreadcrumbList\",\"@id\":\"https:\/\/guide.reassurez-moi.fr\/guide\/pro\/prevoyance#breadcrumb\",\"itemListElement\":[{\"@type\":\"ListItem\",\"position\":1,\"name\":\"Assurances\",\"item\":\"https:\/\/guide.reassurez-moi.fr\/guide\/\"},{\"@type\":\"ListItem\",\"position\":2,\"name\":\"Assurance professionnelle\",\"item\":\"https:\/\/guide.reassurez-moi.fr\/guide\/pro\"},{\"@type\":\"ListItem\",\"position\":3,\"name\":\"Pr\u00e9voyance entreprise\"}]},{\"@type\":\"WebSite\",\"@id\":\"https:\/\/guide.reassurez-moi.fr\/guide\/#website\",\"url\":\"https:\/\/guide.reassurez-moi.fr\/guide\/\",\"name\":\"R\u00e9assurez-moi\",\"description\":\"Comparateur d&#039;assurances\",\"potentialAction\":[{\"@type\":\"SearchAction\",\"target\":{\"@type\":\"EntryPoint\",\"urlTemplate\":\"https:\/\/guide.reassurez-moi.fr\/guide\/?s={search_term_string}\"},\"query-input\":{\"@type\":\"PropertyValueSpecification\",\"valueRequired\":true,\"valueName\":\"search_term_string\"}}],\"inLanguage\":\"fr-FR\"}]}<\/script>\n<!-- \/ Yoast SEO plugin. -->","yoast_head_json":{"title":"Qu'est-ce qu'un contrat de pr\u00e9voyance pro \/ entreprise ?","description":"Guide complet de la Pr\u00e9voyance d'entreprise : comparatif, avis et conseils pour prot\u00e9ger au mieux votre activit\u00e9 en cas d'impr\u00e9vus !","robots":{"index":"index","follow":"follow","max-snippet":"max-snippet:-1","max-image-preview":"max-image-preview:large","max-video-preview":"max-video-preview:-1"},"canonical":"https:\/\/guide.reassurez-moi.fr\/guide\/pro\/prevoyance","og_locale":"fr_FR","og_type":"article","og_title":"Qu'est-ce qu'un contrat de pr\u00e9voyance pro \/ entreprise ?","og_description":"Guide complet de la Pr\u00e9voyance d'entreprise : comparatif, avis et conseils pour prot\u00e9ger au mieux votre activit\u00e9 en cas d'impr\u00e9vus !","og_url":"https:\/\/guide.reassurez-moi.fr\/guide\/pro\/prevoyance","og_site_name":"R\u00e9assurez-moi","article_publisher":"https:\/\/www.facebook.com\/R%c3%a9assurez-moi-209456495889479\/","article_modified_time":"2026-02-02T15:07:01+00:00","og_image":[{"url":"https:\/\/guide.reassurez-moi.fr\/guide\/wp-content\/uploads\/2019\/07\/cta-prevoyance-pro-300x237.jpg","type":"","width":"","height":""}],"twitter_card":"summary_large_image","twitter_site":"@reassurezmoi","twitter_misc":{"Est. reading time":"3 minutes"},"schema":{"@context":"https:\/\/schema.org","@graph":[{"@type":"WebPage","@id":"https:\/\/guide.reassurez-moi.fr\/guide\/pro\/prevoyance","url":"https:\/\/guide.reassurez-moi.fr\/guide\/pro\/prevoyance","name":"Qu'est-ce qu'un contrat de pr\u00e9voyance pro \/ entreprise ?","isPartOf":{"@id":"https:\/\/guide.reassurez-moi.fr\/guide\/#website"},"primaryImageOfPage":{"@id":"https:\/\/guide.reassurez-moi.fr\/guide\/pro\/prevoyance#primaryimage"},"image":{"@id":"https:\/\/guide.reassurez-moi.fr\/guide\/pro\/prevoyance#primaryimage"},"thumbnailUrl":"https:\/\/guide.reassurez-moi.fr\/guide\/wp-content\/uploads\/2019\/07\/cta-prevoyance-pro-300x237.jpg","datePublished":"2019-07-19T08:22:17+00:00","dateModified":"2026-02-02T15:07:01+00:00","description":"Guide complet de la Pr\u00e9voyance d'entreprise : comparatif, avis et conseils pour prot\u00e9ger au mieux votre activit\u00e9 en cas d'impr\u00e9vus !","breadcrumb":{"@id":"https:\/\/guide.reassurez-moi.fr\/guide\/pro\/prevoyance#breadcrumb"},"inLanguage":"fr-FR","potentialAction":[{"@type":"ReadAction","target":["https:\/\/guide.reassurez-moi.fr\/guide\/pro\/prevoyance"]}]},{"@type":"ImageObject","inLanguage":"fr-FR","@id":"https:\/\/guide.reassurez-moi.fr\/guide\/pro\/prevoyance#primaryimage","url":"https:\/\/guide.reassurez-moi.fr\/guide\/wp-content\/uploads\/2019\/07\/cta-prevoyance-pro-300x237.jpg","contentUrl":"https:\/\/guide.reassurez-moi.fr\/guide\/wp-content\/uploads\/2019\/07\/cta-prevoyance-pro-300x237.jpg"},{"@type":"BreadcrumbList","@id":"https:\/\/guide.reassurez-moi.fr\/guide\/pro\/prevoyance#breadcrumb","itemListElement":[{"@type":"ListItem","position":1,"name":"Assurances","item":"https:\/\/guide.reassurez-moi.fr\/guide\/"},{"@type":"ListItem","position":2,"name":"Assurance professionnelle","item":"https:\/\/guide.reassurez-moi.fr\/guide\/pro"},{"@type":"ListItem","position":3,"name":"Pr\u00e9voyance entreprise"}]},{"@type":"WebSite","@id":"https:\/\/guide.reassurez-moi.fr\/guide\/#website","url":"https:\/\/guide.reassurez-moi.fr\/guide\/","name":"R\u00e9assurez-moi","description":"Comparateur d&#039;assurances","potentialAction":[{"@type":"SearchAction","target":{"@type":"EntryPoint","urlTemplate":"https:\/\/guide.reassurez-moi.fr\/guide\/?s={search_term_string}"},"query-input":{"@type":"PropertyValueSpecification","valueRequired":true,"valueName":"search_term_string"}}],"inLanguage":"fr-FR"}]}},"acf":[],"_links":{"self":[{"href":"https:\/\/guide.reassurez-moi.fr\/guide\/wp-json\/wp\/v2\/pages\/68074","targetHints":{"allow":["GET"]}}],"collection":[{"href":"https:\/\/guide.reassurez-moi.fr\/guide\/wp-json\/wp\/v2\/pages"}],"about":[{"href":"https:\/\/guide.reassurez-moi.fr\/guide\/wp-json\/wp\/v2\/types\/page"}],"author":[{"embeddable":true,"href":"https:\/\/guide.reassurez-moi.fr\/guide\/wp-json\/wp\/v2\/users\/86"}],"replies":[{"embeddable":true,"href":"https:\/\/guide.reassurez-moi.fr\/guide\/wp-json\/wp\/v2\/comments?post=68074"}],"version-history":[{"count":2,"href":"https:\/\/guide.reassurez-moi.fr\/guide\/wp-json\/wp\/v2\/pages\/68074\/revisions"}],"predecessor-version":[{"id":208264,"href":"https:\/\/guide.reassurez-moi.fr\/guide\/wp-json\/wp\/v2\/pages\/68074\/revisions\/208264"}],"up":[{"embeddable":true,"href":"https:\/\/guide.reassurez-moi.fr\/guide\/wp-json\/wp\/v2\/pages\/56303"}],"wp:attachment":[{"href":"https:\/\/guide.reassurez-moi.fr\/guide\/wp-json\/wp\/v2\/media?parent=68074"}],"wp:term":[{"taxonomy":"category","embeddable":true,"href":"https:\/\/guide.reassurez-moi.fr\/guide\/wp-json\/wp\/v2\/categories?post=68074"},{"taxonomy":"page_topic","embeddable":true,"href":"https:\/\/guide.reassurez-moi.fr\/guide\/wp-json\/wp\/v2\/page_topic?post=68074"}],"curies":[{"name":"wp","href":"https:\/\/api.w.org\/{rel}","templated":true}]}}