{"id":77610,"date":"2019-10-01T15:38:42","date_gmt":"2019-10-01T13:38:42","guid":{"rendered":"https:\/\/reassurez-moi.fr\/guide\/?page_id=77610"},"modified":"2026-02-02T15:45:25","modified_gmt":"2026-02-02T14:45:25","slug":"instrument-musique","status":"publish","type":"page","link":"https:\/\/guide.reassurez-moi.fr\/guide\/assurance-loisirs\/instrument-musique","title":{"rendered":"Assurance loisirs &#8211; Instrument musique"},"content":{"rendered":"\n<h1 class=\"wp-block-heading\" id=\"quelles-sont-les-meilleures-assurances-instrument-de-musique\">Quelles sont les meilleures assurances instrument de musique ? <\/h1>\n\n\n\n\n\n<div style=\"height:25px\" aria-hidden=\"true\" class=\"wp-block-spacer\"><\/div>\n\n\n\n<p><strong>Que vous soyez un professionnel ou un amateur de musique, l&rsquo;investissement dans un instrument de musique peut \u00eatre cons\u00e9quent et justifier le recours \u00e0 une assurance. En effet, en cas de perte, vol ou dommage caus\u00e9 sur votre instrument, elle vous sera d&rsquo;une grande aide ! Nous vous indiquons la marche \u00e0 suivre pour choisir la meilleure assurance pour votre instrument de musique en cas de sinistre.  <\/strong><\/p>\n\n\n\n<h2 class=\"wp-block-heading\" id=\"pourquoi-souscrire-une-assurance-pour-votre-instrument-de-musique\">Pourquoi souscrire une assurance pour votre instrument de musique&nbsp;?<\/h2>\n\n\n\n<p><strong>L\u2019assurance d&rsquo;un instrument de musique va permettre de s\u00e9curiser son utilisation et son indemnisation<\/strong>, dont le prix est souvent tr\u00e8s on\u00e9reux. Ainsi, en cas de sinistre, vol, casse et choc, vandalisme ou endommagement, votre instrument ne sera pas perdu&nbsp;! Selon le contrat souscrit, une assurance pour instrument de musique pourra \u00e9ventuellement vous offrir un remboursement \u00e0 la valeur de remplacement \u00e0 neuf.<br><br><strong>Les instruments de musique sont des objets souvent on\u00e9reux et dont les r\u00e9parations peuvent rapidement co\u00fbter cher<\/strong>. En effet, il s&rsquo;agit souvent de pi\u00e8ces sp\u00e9cifiques qui demandent une livraison &#8211; et m\u00eame parfois une fabrication &#8211; sp\u00e9ciale. L&rsquo;assurance permet de prendre en charge ces frais mais aussi parfois de vous pr\u00eater un appareil pendant la p\u00e9riode de r\u00e9paration !<\/p>\n\n\n\n<h2 class=\"wp-block-heading\" id=\"quelle-assurance-choisir-pour-votre-instrument-de-musique\">Quelle assurance choisir pour votre instrument de musique&nbsp;?<\/h2>\n\n\n\n<p><strong>Il n&rsquo;est pas toujours n\u00e9cessaire de souscrire une assurance sp\u00e9cifique instruments de musique, celle-ci \u00e9tant parfois prise en charge par votre assurance habitation.<\/strong> En effet, selon l&rsquo;assureur et les garanties de votre contrat d&rsquo;assurance multirisque d&rsquo;habitation, votre violon, piano ou trompette, peuvent \u00eatre consid\u00e9r\u00e9s comme \u00e9quipements de loisir ou objets de valeur. Il convient donc de vous r\u00e9f\u00e9rer \u00e0 votre contrat d&rsquo;habitation afin de v\u00e9rifier si cette cat\u00e9gorie de bien est garantie ou exclue.<br><br><strong>Le cas \u00e9ch\u00e9ant, pour assurer votre instrument de musique dans votre contrat multirisque d&rsquo;habitation,<\/strong> il conviendra de l&rsquo;inscrire dans votre capital immobilier aupr\u00e8s de votre assureur.<\/p>\n\n\n\n<div class=\"wp-block-mars-information icon-info\"><i class=\"icon\"><\/i><p>G\u00e9n\u00e9ralement l&rsquo;assurance MRH exclut les sinistres et dommages survenant \u00e0 l&rsquo;ext\u00e9rieur du domicile. Pensez \u00e0 v\u00e9rifier aupr\u00e8s de votre assureur : il serait dommage qu&rsquo;un incident survienne sur le trajet entre votre domicile et le conservatoire !<\/p><\/div>\n\n\n\n<p><strong>Musicien amateur et musicien professionnel : quelle diff\u00e9rence pour l\u2019assurance de votre instrument de musique ?<\/strong> Si vous \u00eates musicien amateur, l&rsquo;enregistrement de votre instrument de musique avec vos autres biens mobiliers dans votre contrat multirisque habitation devrait \u00eatre suffisant. Afin de s\u00e9curiser vos d\u00e9placements \u00e0 l&rsquo;ext\u00e9rieur du domicile, vous pouvez \u00e9galement souscrire aupr\u00e8s de votre assureur une extension de garantie contre le vol et la casse. <br><br><strong>Quid de l&rsquo;assurance pour le musicien professionnel&nbsp;?<\/strong> Une assurance sp\u00e9cifique pour votre instrument peut \u00eatre n\u00e9cessaire au regard de vos besoins. Dans ce cas il conviendrait d&rsquo;assurer votre instrument de musique en cas de vol et de bris, mais aussi de souscrire \u00e0 une Responsabilit\u00e9 Civile professionnelle. La Responsabilit\u00e9 Civile professionnelle pourra vous prot\u00e9ger en cas de casse, d&rsquo;une perte de r\u00e9mun\u00e9ration cons\u00e9cutive \u00e0 un dommage subi par votre instrument, de d\u00e9placement professionnel (garantie bagages) ou de dommage caus\u00e9 \u00e0 un tiers.<\/p>\n\n\n\n<h2 class=\"wp-block-heading\" id=\"comment-assurer-un-instrument-de-musique-en-location\">Comment assurer un instrument de musique en location ?<\/h2>\n\n\n\n<p><strong>Assurer un instrument de musique en location est parfois un pr\u00e9requis des conservatoires ou de certains magasins de musique<\/strong>. Ceux-ci peuvent demander une attestation d&rsquo;assurance pour accepter de vous louer&nbsp;un instrument de musique. Au regard du prix cons\u00e9quent que peut repr\u00e9senter l&rsquo;achat d&rsquo;un instrument de musique, la location est int\u00e9ressante \u00e0 condition de recourir \u00e0 une assurance.<br><br><strong>L&rsquo;assurance de votre instrument de musique en location peut \u00eatre prise en charge par votre contrat multirisque habitation<\/strong>. Si cela est le cas, il convient de contacter votre assureur afin d&rsquo;inscrire dans votre capital mobilier l&rsquo;instrument de musique en location. Votre assureur vous fera ensuite parvenir une attestation d&rsquo;assurance \u00e0 remettre \u00e0 votre conservatoire ou le magasin de musique. <br><br><strong>Votre enfant joue de la musique avec un violon de location&nbsp;? Pensez \u00e0 l&rsquo;assurance scolaire&nbsp;!<\/strong> La pratique d&rsquo;un instrument de musique \u00e0 l&rsquo;\u00e9cole ou au conservatoire peut justifier la souscription d&rsquo;une assurance scolaire. Votre enfant sera donc assur\u00e9 lors de ses activit\u00e9s scolaires comme extra-scolaires, telles que la pratique d&rsquo;un instrument de musique. Lors de la souscription d&rsquo;une assurance scolaire, pensez \u00e0 v\u00e9rifier si le vol et la casse d&rsquo;instruments de musique sont couverts ainsi que le plafond d\u2019indemnisation.<\/p>\n\n\n\n<h2 class=\"wp-block-heading\" id=\"faut-il-souscrire-une-assurance-specifique-pour-votre-instrument-de-musique\">Faut-il souscrire une assurance sp\u00e9cifique pour votre instrument de musique&nbsp;?<\/h2>\n\n\n\n<p><strong>Que votre instrument de musique soit couvert ou non par votre contrat multirisque habitation, quels sont les avantages d&rsquo;une assurance sp\u00e9cifique d\u2019instrument de musique ?<\/strong> Il convient de v\u00e9rifier si vous pouvez obtenir un meilleur montant de remboursement, une couverture extensive des accessoires de votre instrument de musique ou encore des garanties compl\u00e9mentaires.<br><br><strong>La garantie \u00ab effets personnels \u00bb auto, une s\u00e9curit\u00e9 compl\u00e9mentaire contre les vols avec effraction sur votre v\u00e9hicule.<\/strong> Vous avez laiss\u00e9 votre violoncelle dans la voiture le temps d&rsquo;aller \u00e0 la boulangerie et \u00e0 votre retour votre v\u00e9hicule a \u00e9t\u00e9 fractur\u00e9 et vid\u00e9 de son contenu&nbsp;? Ne prenez pas le risque de ne pas assurer votre instrument de musique contre le vol ! V\u00e9rifiez que votre contrat auto couvre bien les objets que vous y laisseriez \u00e0 l&rsquo;int\u00e9rieur.<br><br><strong>L&rsquo;assurance sp\u00e9cifique instrument de musique peut s&rsquo;av\u00e9rer tr\u00e8s utile pour les instruments de musique de valeur ou les musiciens professionnels<\/strong>. L&rsquo;assurance permettra au musicien de couvrir son instrument au cours de ses d\u00e9placements et concerts contre le vol, les bris accidentels, les incendies ou d\u00e9g\u00e2ts des eaux ou encore la perte et le vandalisme. Dans le cas de la survenance d&rsquo;un sinistre, une assurance sp\u00e9cifique instrument de musique pourra prendre en charge son remplacement, sa r\u00e9paration ou son indemnisation. Parmi les diff\u00e9rents acteurs du secteur, on peut citer <a href=\"https:\/\/reassurez-moi.fr\/guide\/assurance-loisirs\/instrument-musique\/adagio\">Adagio<\/a>, <a href=\"https:\/\/reassurez-moi.fr\/guide\/assurance-loisirs\/instrument-musique\/gmf\">GMF<\/a>, <a href=\"https:\/\/reassurez-moi.fr\/guide\/assurance-loisirs\/instrument-musique\/macif\">la Macif<\/a>, <a href=\"https:\/\/reassurez-moi.fr\/guide\/assurance-loisirs\/instrument-musique\/malj\">Malj<\/a> et <a href=\"https:\/\/reassurez-moi.fr\/guide\/assurance-loisirs\/instrument-musique\/verspieren\">Verspieren<\/a>.<br><br><strong>L&rsquo;autre avantage d&rsquo;une assurance sp\u00e9cifique pour instrument de musique vise les modalit\u00e9s de remboursement, <\/strong>puisque celles-ci sont g\u00e9n\u00e9ralement bas\u00e9es sur la valeur agr\u00e9\u00e9e du bien et sans franchise. La valeur de l&rsquo;instrument est ainsi fix\u00e9e lors de la signature du contrat d&rsquo;assurance, sur la base d&rsquo;une facture ou d&rsquo;une estimation d&rsquo;expert. En cas de casse ou de vol, le remboursement de l&rsquo;instrument sera effectu\u00e9 au regard de sa d\u00e9pr\u00e9ciation ou son augmentation au jour du sinistre.<\/p>\n\n\n\n<div class=\"wp-block-mars-information icon-arrow\"><i class=\"icon\"><\/i><p>L&rsquo;assurance sp\u00e9cifique de l&rsquo;instrument de musique peut imposer une dur\u00e9e d&rsquo;anciennet\u00e9 maximale de l&rsquo;instrument pour prendre en compte sa valeur agr\u00e9\u00e9e (exemple : 3 ans).<\/p><\/div>\n\n\n\n<h2 class=\"wp-block-heading\" id=\"que-faire-en-cas-de-sinistre-de-votre-instrument-de-musique\">Que faire en cas de sinistre de votre instrument de musique ?<\/h2>\n\n\n\n<p><strong>En cas de sinistre, les d\u00e9lais de d\u00e9claration du sinistre couverts par une assurance habitation ou une assurance sp\u00e9cifique instrument de musique sont les m\u00eames&nbsp;:<\/strong> vous avez 5 jours ouvr\u00e9s pour contacter  votre assureur et d\u00e9clarer le sinistre pour dommages quelconques. En cas de vol de votre instrument de musique, le d\u00e9lai est alors de 2 jours ouvr\u00e9s et vous devez porter plainte aupr\u00e8s de la police ou de la gendarmerie. En effet, vous devrez joindre votre d\u00e9p\u00f4t de plainte au dossier sinistre de votre assurance.<br><br><strong>En cas de sinistre de votre instrument de musique, <\/strong>il est recommand\u00e9 de joindre le plus vite possible votre assureur par t\u00e9l\u00e9phone, puis d&rsquo;envoyer un courrier en recommand\u00e9 avec accus\u00e9 de r\u00e9ception pour d\u00e9tailler la nature du dommages et l&rsquo;instrument de musique concern\u00e9.<\/p>\n\n\n\n<h2 class=\"wp-block-heading\">FAQ<\/h2>\n\n\n\n<div class=\"schema-faq wp-block-yoast-faq-block\"><div class=\"schema-faq-section\" id=\"faq-question-1649184054487\"><h3 class=\"schema-faq-question my-0 font-semibold\">Quel est le prix d&rsquo;une assurance instrument de musique ?<\/h3> <p class=\"schema-faq-answer\"><strong>Un des premiers prix du march\u00e9 est propos\u00e9 par Parachut avec une <a href=\"https:\/\/reassurez-moi.fr\/guide\/assurance-loisirs\/instrument-musique\">assurance instrument \u00e0 moins de 10 \u20ac\/mois<\/a>, <\/strong>quel que soit l&rsquo;instrument que vous souhaitez assurer. En moyenne, les autres acteurs de l&rsquo;assurance instrument de musique pratiquent des prix avoisinant les 15\/20 \u20ac mensuels. <\/p> <\/div> <div class=\"schema-faq-section\" id=\"faq-question-1649190556228\"><h3 class=\"schema-faq-question my-0 font-semibold\">Que couvre l&rsquo;assurance instrument de musique ?<\/h3> <p class=\"schema-faq-answer\"><strong>L&rsquo;assurance instrument de musique peut vous couvrir du vol, de la casse, des chocs mais aussi du vandalisme ou de l&rsquo;endommagement. <\/strong>Selon le contrat souscrit, l&rsquo;assurance pour instrument de musique pourra vous offrir un remboursement \u00e0 la valeur de remplacement \u00e0 neuf.<\/p> <\/div> <\/div>\n","protected":false},"excerpt":{"rendered":"<p>Quelles sont les meilleures assurances instrument de musique ? Que vous soyez un professionnel ou un amateur de musique, l&rsquo;investissement dans un instrument de musique peut \u00eatre cons\u00e9quent et justifier le recours \u00e0 une assurance. En effet, en cas de perte, vol ou dommage caus\u00e9 sur votre instrument, elle vous sera d&rsquo;une grande aide !\u2026<\/p>\n","protected":false},"author":86,"featured_media":0,"parent":80395,"menu_order":0,"comment_status":"open","ping_status":"closed","template":"pages\/page-comparator.php","meta":{"_acf_changed":false,"footnotes":""},"categories":[],"page_topic":[591],"class_list":["post-77610","page","type-page","status-publish","hentry"],"yoast_head":"<!-- This site is optimized with the Yoast SEO plugin v24.7 - https:\/\/yoast.com\/wordpress\/plugins\/seo\/ -->\n<title>Quelle assurance pour mon instrument de musique ? Comparatif<\/title>\n<meta name=\"description\" content=\"Comparatif des meilleures assurances pour instruments de musique. D\u00e9tails des garanties et meilleurs tarifs. Devis en ligne\" \/>\n<meta name=\"robots\" content=\"index, follow, max-snippet:-1, max-image-preview:large, max-video-preview:-1\" \/>\n<link rel=\"canonical\" href=\"https:\/\/guide.reassurez-moi.fr\/guide\/assurance-loisirs\/instrument-musique\" \/>\n<meta property=\"og:locale\" content=\"fr_FR\" \/>\n<meta property=\"og:type\" content=\"article\" \/>\n<meta property=\"og:title\" content=\"Quelle assurance pour mon instrument de musique ? Comparatif\" \/>\n<meta property=\"og:description\" content=\"Comparatif des meilleures assurances pour instruments de musique. D\u00e9tails des garanties et meilleurs tarifs. Devis en ligne\" \/>\n<meta property=\"og:url\" content=\"https:\/\/guide.reassurez-moi.fr\/guide\/assurance-loisirs\/instrument-musique\" \/>\n<meta property=\"og:site_name\" content=\"R\u00e9assurez-moi\" \/>\n<meta property=\"article:publisher\" content=\"https:\/\/www.facebook.com\/R%c3%a9assurez-moi-209456495889479\/\" \/>\n<meta property=\"article:modified_time\" content=\"2026-02-02T14:45:25+00:00\" \/>\n<meta property=\"og:image\" content=\"https:\/\/guide.reassurez-moi.fr\/guide\/wp-content\/uploads\/2018\/04\/image-de-partage.png\" \/>\n\t<meta property=\"og:image:width\" content=\"500\" \/>\n\t<meta property=\"og:image:height\" content=\"160\" \/>\n\t<meta property=\"og:image:type\" content=\"image\/png\" \/>\n<meta name=\"twitter:card\" content=\"summary_large_image\" \/>\n<meta name=\"twitter:site\" content=\"@reassurezmoi\" \/>\n<meta name=\"twitter:label1\" content=\"Dur\u00e9e de lecture estim\u00e9e\" \/>\n\t<meta name=\"twitter:data1\" content=\"7 minutes\" \/>\n<script type=\"application\/ld+json\" class=\"yoast-schema-graph\">{\"@context\":\"https:\/\/schema.org\",\"@graph\":[{\"@type\":[\"WebPage\",\"FAQPage\"],\"@id\":\"https:\/\/guide.reassurez-moi.fr\/guide\/assurance-loisirs\/instrument-musique\",\"url\":\"https:\/\/guide.reassurez-moi.fr\/guide\/assurance-loisirs\/instrument-musique\",\"name\":\"Quelle assurance pour mon instrument de musique ? Comparatif\",\"isPartOf\":{\"@id\":\"https:\/\/guide.reassurez-moi.fr\/guide\/#website\"},\"datePublished\":\"2019-10-01T13:38:42+00:00\",\"dateModified\":\"2026-02-02T14:45:25+00:00\",\"description\":\"Comparatif des meilleures assurances pour instruments de musique. D\u00e9tails des garanties et meilleurs tarifs. Devis en ligne\",\"breadcrumb\":{\"@id\":\"https:\/\/guide.reassurez-moi.fr\/guide\/assurance-loisirs\/instrument-musique#breadcrumb\"},\"mainEntity\":[{\"@id\":\"https:\/\/guide.reassurez-moi.fr\/guide\/assurance-loisirs\/instrument-musique#faq-question-1649184054487\"},{\"@id\":\"https:\/\/guide.reassurez-moi.fr\/guide\/assurance-loisirs\/instrument-musique#faq-question-1649190556228\"}],\"inLanguage\":\"fr-FR\",\"potentialAction\":[{\"@type\":\"ReadAction\",\"target\":[\"https:\/\/guide.reassurez-moi.fr\/guide\/assurance-loisirs\/instrument-musique\"]}]},{\"@type\":\"BreadcrumbList\",\"@id\":\"https:\/\/guide.reassurez-moi.fr\/guide\/assurance-loisirs\/instrument-musique#breadcrumb\",\"itemListElement\":[{\"@type\":\"ListItem\",\"position\":1,\"name\":\"Assurances\",\"item\":\"https:\/\/guide.reassurez-moi.fr\/guide\/\"},{\"@type\":\"ListItem\",\"position\":2,\"name\":\"Assurance loisirs\",\"item\":\"https:\/\/guide.reassurez-moi.fr\/guide\/assurance-loisirs\"},{\"@type\":\"ListItem\",\"position\":3,\"name\":\"Instruments de musique\"}]},{\"@type\":\"WebSite\",\"@id\":\"https:\/\/guide.reassurez-moi.fr\/guide\/#website\",\"url\":\"https:\/\/guide.reassurez-moi.fr\/guide\/\",\"name\":\"R\u00e9assurez-moi\",\"description\":\"Comparateur d&#039;assurances\",\"potentialAction\":[{\"@type\":\"SearchAction\",\"target\":{\"@type\":\"EntryPoint\",\"urlTemplate\":\"https:\/\/guide.reassurez-moi.fr\/guide\/?s={search_term_string}\"},\"query-input\":{\"@type\":\"PropertyValueSpecification\",\"valueRequired\":true,\"valueName\":\"search_term_string\"}}],\"inLanguage\":\"fr-FR\"},{\"@type\":\"Question\",\"@id\":\"https:\/\/guide.reassurez-moi.fr\/guide\/assurance-loisirs\/instrument-musique#faq-question-1649184054487\",\"position\":1,\"url\":\"https:\/\/guide.reassurez-moi.fr\/guide\/assurance-loisirs\/instrument-musique#faq-question-1649184054487\",\"name\":\"Quel est le prix d'une assurance instrument de musique ?\",\"answerCount\":1,\"acceptedAnswer\":{\"@type\":\"Answer\",\"text\":\"<strong>Un des premiers prix du march\u00e9 est propos\u00e9 par Parachut avec une <a href=\\\"https:\/\/reassurez-moi.fr\/guide\/assurance-loisirs\/instrument-musique\\\">assurance instrument \u00e0 moins de 10 \u20ac\/mois<\/a>, <\/strong>quel que soit l'instrument que vous souhaitez assurer. En moyenne, les autres acteurs de l'assurance instrument de musique pratiquent des prix avoisinant les 15\/20 \u20ac mensuels. \",\"inLanguage\":\"fr-FR\"},\"inLanguage\":\"fr-FR\"},{\"@type\":\"Question\",\"@id\":\"https:\/\/guide.reassurez-moi.fr\/guide\/assurance-loisirs\/instrument-musique#faq-question-1649190556228\",\"position\":2,\"url\":\"https:\/\/guide.reassurez-moi.fr\/guide\/assurance-loisirs\/instrument-musique#faq-question-1649190556228\",\"name\":\"Que couvre l'assurance instrument de musique ?\",\"answerCount\":1,\"acceptedAnswer\":{\"@type\":\"Answer\",\"text\":\"<strong>L'assurance instrument de musique peut vous couvrir du vol, de la casse, des chocs mais aussi du vandalisme ou de l'endommagement. <\/strong>Selon le contrat souscrit, l'assurance pour instrument de musique pourra vous offrir un remboursement \u00e0 la valeur de remplacement \u00e0 neuf.\",\"inLanguage\":\"fr-FR\"},\"inLanguage\":\"fr-FR\"}]}<\/script>\n<!-- \/ Yoast SEO plugin. -->","yoast_head_json":{"title":"Quelle assurance pour mon instrument de musique ? Comparatif","description":"Comparatif des meilleures assurances pour instruments de musique. D\u00e9tails des garanties et meilleurs tarifs. Devis en ligne","robots":{"index":"index","follow":"follow","max-snippet":"max-snippet:-1","max-image-preview":"max-image-preview:large","max-video-preview":"max-video-preview:-1"},"canonical":"https:\/\/guide.reassurez-moi.fr\/guide\/assurance-loisirs\/instrument-musique","og_locale":"fr_FR","og_type":"article","og_title":"Quelle assurance pour mon instrument de musique ? Comparatif","og_description":"Comparatif des meilleures assurances pour instruments de musique. D\u00e9tails des garanties et meilleurs tarifs. Devis en ligne","og_url":"https:\/\/guide.reassurez-moi.fr\/guide\/assurance-loisirs\/instrument-musique","og_site_name":"R\u00e9assurez-moi","article_publisher":"https:\/\/www.facebook.com\/R%c3%a9assurez-moi-209456495889479\/","article_modified_time":"2026-02-02T14:45:25+00:00","og_image":[{"width":500,"height":160,"url":"https:\/\/guide.reassurez-moi.fr\/guide\/wp-content\/uploads\/2018\/04\/image-de-partage.png","type":"image\/png"}],"twitter_card":"summary_large_image","twitter_site":"@reassurezmoi","twitter_misc":{"Dur\u00e9e de lecture estim\u00e9e":"7 minutes"},"schema":{"@context":"https:\/\/schema.org","@graph":[{"@type":["WebPage","FAQPage"],"@id":"https:\/\/guide.reassurez-moi.fr\/guide\/assurance-loisirs\/instrument-musique","url":"https:\/\/guide.reassurez-moi.fr\/guide\/assurance-loisirs\/instrument-musique","name":"Quelle assurance pour mon instrument de musique ? Comparatif","isPartOf":{"@id":"https:\/\/guide.reassurez-moi.fr\/guide\/#website"},"datePublished":"2019-10-01T13:38:42+00:00","dateModified":"2026-02-02T14:45:25+00:00","description":"Comparatif des meilleures assurances pour instruments de musique. D\u00e9tails des garanties et meilleurs tarifs. Devis en ligne","breadcrumb":{"@id":"https:\/\/guide.reassurez-moi.fr\/guide\/assurance-loisirs\/instrument-musique#breadcrumb"},"mainEntity":[{"@id":"https:\/\/guide.reassurez-moi.fr\/guide\/assurance-loisirs\/instrument-musique#faq-question-1649184054487"},{"@id":"https:\/\/guide.reassurez-moi.fr\/guide\/assurance-loisirs\/instrument-musique#faq-question-1649190556228"}],"inLanguage":"fr-FR","potentialAction":[{"@type":"ReadAction","target":["https:\/\/guide.reassurez-moi.fr\/guide\/assurance-loisirs\/instrument-musique"]}]},{"@type":"BreadcrumbList","@id":"https:\/\/guide.reassurez-moi.fr\/guide\/assurance-loisirs\/instrument-musique#breadcrumb","itemListElement":[{"@type":"ListItem","position":1,"name":"Assurances","item":"https:\/\/guide.reassurez-moi.fr\/guide\/"},{"@type":"ListItem","position":2,"name":"Assurance loisirs","item":"https:\/\/guide.reassurez-moi.fr\/guide\/assurance-loisirs"},{"@type":"ListItem","position":3,"name":"Instruments de musique"}]},{"@type":"WebSite","@id":"https:\/\/guide.reassurez-moi.fr\/guide\/#website","url":"https:\/\/guide.reassurez-moi.fr\/guide\/","name":"R\u00e9assurez-moi","description":"Comparateur d&#039;assurances","potentialAction":[{"@type":"SearchAction","target":{"@type":"EntryPoint","urlTemplate":"https:\/\/guide.reassurez-moi.fr\/guide\/?s={search_term_string}"},"query-input":{"@type":"PropertyValueSpecification","valueRequired":true,"valueName":"search_term_string"}}],"inLanguage":"fr-FR"},{"@type":"Question","@id":"https:\/\/guide.reassurez-moi.fr\/guide\/assurance-loisirs\/instrument-musique#faq-question-1649184054487","position":1,"url":"https:\/\/guide.reassurez-moi.fr\/guide\/assurance-loisirs\/instrument-musique#faq-question-1649184054487","name":"Quel est le prix d'une assurance instrument de musique ?","answerCount":1,"acceptedAnswer":{"@type":"Answer","text":"<strong>Un des premiers prix du march\u00e9 est propos\u00e9 par Parachut avec une <a href=\"https:\/\/reassurez-moi.fr\/guide\/assurance-loisirs\/instrument-musique\">assurance instrument \u00e0 moins de 10 \u20ac\/mois<\/a>, <\/strong>quel que soit l'instrument que vous souhaitez assurer. En moyenne, les autres acteurs de l'assurance instrument de musique pratiquent des prix avoisinant les 15\/20 \u20ac mensuels. ","inLanguage":"fr-FR"},"inLanguage":"fr-FR"},{"@type":"Question","@id":"https:\/\/guide.reassurez-moi.fr\/guide\/assurance-loisirs\/instrument-musique#faq-question-1649190556228","position":2,"url":"https:\/\/guide.reassurez-moi.fr\/guide\/assurance-loisirs\/instrument-musique#faq-question-1649190556228","name":"Que couvre l'assurance instrument de musique ?","answerCount":1,"acceptedAnswer":{"@type":"Answer","text":"<strong>L'assurance instrument de musique peut vous couvrir du vol, de la casse, des chocs mais aussi du vandalisme ou de l'endommagement. <\/strong>Selon le contrat souscrit, l'assurance pour instrument de musique pourra vous offrir un remboursement \u00e0 la valeur de remplacement \u00e0 neuf.","inLanguage":"fr-FR"},"inLanguage":"fr-FR"}]}},"acf":[],"_links":{"self":[{"href":"https:\/\/guide.reassurez-moi.fr\/guide\/wp-json\/wp\/v2\/pages\/77610","targetHints":{"allow":["GET"]}}],"collection":[{"href":"https:\/\/guide.reassurez-moi.fr\/guide\/wp-json\/wp\/v2\/pages"}],"about":[{"href":"https:\/\/guide.reassurez-moi.fr\/guide\/wp-json\/wp\/v2\/types\/page"}],"author":[{"embeddable":true,"href":"https:\/\/guide.reassurez-moi.fr\/guide\/wp-json\/wp\/v2\/users\/86"}],"replies":[{"embeddable":true,"href":"https:\/\/guide.reassurez-moi.fr\/guide\/wp-json\/wp\/v2\/comments?post=77610"}],"version-history":[{"count":2,"href":"https:\/\/guide.reassurez-moi.fr\/guide\/wp-json\/wp\/v2\/pages\/77610\/revisions"}],"predecessor-version":[{"id":215795,"href":"https:\/\/guide.reassurez-moi.fr\/guide\/wp-json\/wp\/v2\/pages\/77610\/revisions\/215795"}],"up":[{"embeddable":true,"href":"https:\/\/guide.reassurez-moi.fr\/guide\/wp-json\/wp\/v2\/pages\/80395"}],"wp:attachment":[{"href":"https:\/\/guide.reassurez-moi.fr\/guide\/wp-json\/wp\/v2\/media?parent=77610"}],"wp:term":[{"taxonomy":"category","embeddable":true,"href":"https:\/\/guide.reassurez-moi.fr\/guide\/wp-json\/wp\/v2\/categories?post=77610"},{"taxonomy":"page_topic","embeddable":true,"href":"https:\/\/guide.reassurez-moi.fr\/guide\/wp-json\/wp\/v2\/page_topic?post=77610"}],"curies":[{"name":"wp","href":"https:\/\/api.w.org\/{rel}","templated":true}]}}