{"id":77625,"date":"2019-10-01T17:44:13","date_gmt":"2019-10-01T15:44:13","guid":{"rendered":"https:\/\/reassurez-moi.fr\/guide\/?page_id=77625"},"modified":"2026-02-02T15:45:26","modified_gmt":"2026-02-02T14:45:26","slug":"sport","status":"publish","type":"page","link":"https:\/\/guide.reassurez-moi.fr\/guide\/assurance-loisirs\/sport","title":{"rendered":"Assurance loisirs &#8211; Sport"},"content":{"rendered":"\n<h1 class=\"wp-block-heading\">Quelles sont les meilleures assurances sportives ?<\/h1>\n\n\n\n\n\n<p><strong>Que vous pratiquiez un sport seul ou en groupe, il est parfois utile ou obligatoire de souscrire une assurance sportive. Plusieurs possibilit\u00e9s s\u2019offrent \u00e0 vous pour s\u2019assurer contre les risques du sport : assurance classique ou sp\u00e9cialis\u00e9e, assurance du club ou de la f\u00e9d\u00e9ration, etc. Le point sur les diff\u00e9rentes situations \u00e0 prendre en compte pour choisir au mieux votre assurance sport et loisir et notre comparatif.  <\/strong><\/p>\n\n\n\n<h2 class=\"wp-block-heading\"> <strong>Assurance sport et loisirs : nos 3 conseils<\/strong><\/h2>\n\n\n\n<p>\nVous\nrecherchez une assurance sport et loisir pour s\u00e9curiser votre\npratique personnelle ? Quelques conseils :&nbsp;<\/p>\n\n\n\n<ul class=\"wp-block-list\"><li> <strong>Conseil n\u00b01 <\/strong>: <strong>souscrire \u00e0 une assurance Responsabilit\u00e9 Civile en cas de dommage corporel ou mat\u00e9riel<\/strong> caus\u00e9 \u00e0 une autre personne (jambe cass\u00e9e, coupure) ou une structure (vitre cass\u00e9e, mat\u00e9riel d\u00e9grad\u00e9). Exemple : si vous blessez votre partenaire de tennis, c&rsquo;est votre RC qui prendra en charge les blessures inflig\u00e9es. La couverture en Responsabilit\u00e9 Civile est g\u00e9n\u00e9ralement incluse dans le contrat multirisque habitation, pensez \u00e0 en v\u00e9rifier les modalit\u00e9s avec votre assureur&nbsp;!  <\/li><\/ul>\n\n\n\n<ul class=\"wp-block-list\"><li> <strong>Conseil n\u00b02<\/strong> : <strong>envisager un contrat de pr\u00e9voyance<\/strong>, telle une garantie des accidents de la vie (GAV) si vous vous blessez ou si l\u2019on vous blesse. Que vous pratiquiez ou non un sport \u00e0 risques, souscrire une assurance pour votre sport telle que la pr\u00e9voyance \u00ab&nbsp;accidents de la vie&nbsp;\u00bb vous prot\u00e9gera en cas de blessure. En cas d&rsquo;incident grave, la pr\u00e9voyance peut notamment venir compl\u00e9ter les remboursements de la S\u00e9curit\u00e9 Sociale et de votre mutuelle  ;&nbsp; <\/li><\/ul>\n\n\n\n<ul class=\"wp-block-list\"><li> <strong>Conseil n\u00b03<\/strong> : <strong>se renseigner aupr\u00e8s de votre assureur sur vos garanties, risques et sports concern\u00e9s<\/strong> pour s\u00e9curiser votre pratique sportive et loisirs.&nbsp;En effet, il peut arriver que certaines sports fassent l&rsquo;objet d&rsquo;une exclusion de garantie de la Responsabilit\u00e9 Civile. Dans ce cas, il est peut \u00eatre envisageable de solliciter un avenant \u00e0 votre assureur vous y inclure la couverture de votre activit\u00e9 sportive.   <\/li><\/ul>\n\n\n\n<div class=\"wp-block-mars-information icon-info\"><i class=\"icon\"><\/i><p>Si quelqu&rsquo;un vous blesse, vous serez dans un premier temps \u00eatre d\u00e9dommag\u00e9 par la RC de la personne responsable.<\/p><\/div>\n\n\n\n<h2 class=\"wp-block-heading\"><strong>Comment bien choisir son assurance sportive&nbsp;?<\/strong><\/h2>\n\n\n\n<p><strong>Vous pratiquez un sport au sein d\u2019une association, d\u2019un club ou votre enfant est inscrit en centre de loisir ?<\/strong> La question de souscrire \u00e0 une assurance sportive en association, en club ou en centre de loisir peut se poser, m\u00eame si vous \u00eates en principe couvert par votre structure. Voici ce qu\u2019il faut savoir&nbsp;:  <\/p>\n\n\n\n<figure class=\"wp-block-table is-style-header-double\"><table><thead><tr><th><\/th><th>D\u00e9tails de la couverture sport<\/th><\/tr><\/thead><tbody><tr><td> <br><strong>Sport en association <\/strong><\/td><td>L\u2019association sportive doit souscrire une RC pour son activit\u00e9, celle de ses salari\u00e9s, de ses b\u00e9n\u00e9voles et de ses adh\u00e9rents. En cas d\u2019accident, c&rsquo;est son assureur qui se substitue au responsable de l\u2019accident pour l&rsquo;indemnisation de la victime. <\/td><\/tr><tr><td><strong>Sport en club <\/strong><\/td><td>L&rsquo;adh\u00e9sion \u00e0 un club sportif vous permet d&rsquo;\u00eatre automatiquement <br>couvert par son assurance RC. Le club doit \u00e9galement vous proposer de souscrire, en option, une assurance compl\u00e9mentaire pour couvrir les blessures inflig\u00e9es \u00e0 vous-m\u00eame. <\/td><\/tr><tr><td><strong>Sport en centre de loisir  <\/strong><\/td><td> Le centre de loisir souscrit une couverture en RC dans le cadre de son assurance professionnelle obligatoire. Elle doit couvrir les enfants et le personnel encadrant pour les dommages corporels et mat\u00e9riels qui seraient caus\u00e9s \u00e0 un tiers lors de la pratique sportive.  <\/td><\/tr><\/tbody><\/table><\/figure>\n\n\n\n<div class=\"wp-block-mars-information icon-warning\"><i class=\"icon\"><\/i><p>Attention\u00a0: la prise en charge de la RC par la structure sportive ne s&rsquo;applique pas \u00e0 la p\u00eache sous-marine. Pour \u00eatre couvert, vous devrez \u00eatre titulaire d\u2019une licence de la f\u00e9d\u00e9ration ou souscrire une assurance personnelle.<\/p><\/div>\n\n\n\n<p><strong>La Responsabilit\u00e9 Civile de la structure sportive ne vous prot\u00e8ge pas des blessures inflig\u00e9es \u00e0 vous-m\u00eame<\/strong>. Vous pouvez donc souscrire une assurance sportive individuelle en compl\u00e9ment soit aupr\u00e8s de votre club, soit aupr\u00e8s de votre assureur, pensez \u00e0 comparer les garanties que l&rsquo;on vous propose (exemple&nbsp;: garantie des accidents de la vie, multirisques loisir).   <\/p>\n\n\n\n<h2 class=\"wp-block-heading\"><strong>Faut-il souscrire une assurance si je pratique un sport dangereux <\/strong>?<\/h2>\n\n\n\n<p><strong>La pratique de certains sports consid\u00e9r\u00e9s comme \u00ab&nbsp;extr\u00eames&nbsp;\u00bb ou dangereux n\u00e9cessite ou exige la souscription d&rsquo;une assurance sportive.<\/strong> Si un accident lors de la pratique d&rsquo;un sport survenait, l&rsquo;assurance vous prot\u00e9gera des \u00e9ventuels dommages caus\u00e9s aux autres et \u00e0 vous-m\u00eame. M\u00eame si l&rsquo;assurance pour sport \u00ab&nbsp;dangereux&nbsp;\u00bb n&rsquo;est pas obligatoire pour votre pratique, il est recommand\u00e9 de s&rsquo;assurer.  <br><strong>Certains sports consid\u00e9r\u00e9s comme \u00ab&nbsp;\u00e0 risques \u00bb ou \u00ab&nbsp;dangereux&nbsp;\u00bb<\/strong> ne peuvent \u00eatre pratiqu\u00e9s qu&rsquo;avec une assurance sportive adapt\u00e9e (parachutisme, rafting, ski acrobatique, alpinisme, plong\u00e9e, course automobile, escalade). Si cela est votre cas, voici les garanties que vous devriez souscrire avec votre assurance sportive&nbsp;: <\/p>\n\n\n\n<ul class=\"wp-block-list\"><li><strong>La Responsabilit\u00e9 Civile<\/strong> : couvre l&rsquo;assur\u00e9 en cas de dommages mat\u00e9riels et corporels caus\u00e9s \u00e0 tiers&nbsp;; <\/li><li><strong>La garantie invalidit\u00e9 : <\/strong>pr\u00e9voit le versement d&rsquo;un capital en cas de dommages corporels entra\u00eenant une invalidit\u00e9 partielle ou totale de l&rsquo;assur\u00e9&nbsp;; <\/li><li><strong>La garantie d\u00e9c\u00e8s<\/strong> : pr\u00e9voit le versement d&rsquo;un capital aux ayants droits en cas de d\u00e9c\u00e8s du sportif. <\/li><\/ul>\n\n\n\n<p><strong> Lors de la souscription de votre assurance sportive, soyez vigilant aux exclusions et garanties ! <\/strong>La pratique de certains sports dits \u00ab&nbsp;\u00e0 risques&nbsp;\u00bb peut \u00eatre exclue dans certains contrats d&rsquo;assurance ou particuli\u00e8rement encadr\u00e9e (exemple&nbsp;: pratique de l&rsquo;alpinisme avec un professionnel, plong\u00e9e \u00e0 moins de 20 m\u00e8tres, etc.). V\u00e9rifiez bien que votre assurance sport extr\u00eame est adapt\u00e9e \u00e0 votre pratique pour vous \u00e9clater l&rsquo;esprit serein&nbsp;!    <\/p>\n\n\n\n<div style=\"height:69px\" aria-hidden=\"true\" class=\"wp-block-spacer\"><\/div>\n\n\n\n<h2 class=\"wp-block-heading\"><strong>Assurance salle de sport : qui est responsable ?&nbsp;<\/strong><\/h2>\n\n\n\n<p><strong>La structure exploitant une salle de sport doit prot\u00e9ger via sa Responsabilit\u00e9 Civile en souscrivant \u00e0 un contrat d\u2019assurance.<\/strong> En effet, l&rsquo;assurance de la salle de sport doit couvrir l&rsquo;ensemble des enseignants et des personnes se rendant dans l\u2019\u00e9tablissement pour y exercer des activit\u00e9s sportives.<br><strong>En cas d&rsquo;accident \u00e0 la salle de sport, la responsabilit\u00e9 de la structure est engag\u00e9e d\u00e8s lors que vous apportez la preuve du sinistre. <\/strong>L&rsquo;assurance devra prendre en charge l&rsquo;indemnisation des dommages mat\u00e9riels et corporels de la victime. Pour la salle de sport cela implique une obligation de s\u00e9curit\u00e9, de prudence et de diligence envers tous les utilisateurs de ses installations.<\/p>\n\n\n\n<blockquote class=\"wp-block-quote is-layout-flow wp-block-quote-is-layout-flow\"><p>Si vous vous blessez apr\u00e8s avoir refus\u00e9 ou enfreint les consignes de s\u00e9curit\u00e9 indiqu\u00e9es par l&rsquo;enseignant ? La responsabilit\u00e9 de la salle de sport ne pourra pas \u00eatre engag\u00e9e int\u00e9gralement. Faire du sport en salle ne vous exon\u00e8re donc pas de souscrire \u00e0 une assurance pour votre activit\u00e9 sportive !<\/p><\/blockquote>\n\n\n\n<h2 class=\"wp-block-heading\">Comment fonctionne la garantie sports extr\u00eames \u00e0 l\u2019\u00e9tranger ?<\/h2>\n\n\n\n<p><strong>Lorsque vous \u00eates \u00e0 l\u2019\u00e9tranger, que ce soit en vacances ou pour une dur\u00e9e plus longue<\/strong> <strong>(\u00e9tudes, PVT, mission professionnelle\u2026), <\/strong>les occasions de plong\u00e9e sous-marine ou un de jet-ski peuvent \u00eatre nombreuses. Cependant, sachez que vous n\u2019\u00eates pas couvert en cas d\u2019accident subi ou de dommages caus\u00e9s \u00e0 autrui. En effet, vos contrats d\u2019assurance fran\u00e7ais (multirisques habitation, Garanties Accidents de la Vie\u2026) n\u2019\u00e9tendent pas leur couverture en dehors de nos fronti\u00e8res, et excluent la pratique de sports consid\u00e9r\u00e9s comme \u00abextr\u00eames\u00bb. Certains clubs ou associations sur place ont une assurance, mais la mise en \u0153uvre est extr\u00eamement compliqu\u00e9e et la couverture n\u2019est pas toujours optimale\u2026<\/p>\n\n\n\n<p><strong>Heureusement, une solution existe si vous souhaitez vous adonner \u00e0 votre passion ou d\u00e9couvrir une pratique sportive \u00e0 l\u2019\u00e9tranger&nbsp;<\/strong>: la \u00ab&nbsp;garantie sports extr\u00eames&nbsp;\u00bb, qui est une option offerte par certaines polices d\u2019assurance voyage ou par les assurances loisirs. <\/p>\n\n\n\n<p>Cette garantie sp\u00e9cifique couvre les sportifs (habitu\u00e9s ou occasionnels) qui pratiquent un sport extr\u00eame \u00e0 l\u2019\u00e9tranger via un club ou une association. Ainsi, si vous \u00eates amen\u00e9s \u00e0 avoir l&rsquo;occasion de pratiquer certains sports jug\u00e9s \u00ab\u00a0extr\u00eames\u00a0\u00bb lors d&rsquo;un voyage, n&rsquo;oubliez pas d&rsquo;adh\u00e9rer \u00e0 une police d&rsquo;assurance couvrant ce risque ! <\/p>\n\n\n\n<h2 class=\"wp-block-heading\">Quels sont les loisirs couverts par l&rsquo;assurance sport ?<\/h2>\n\n\n\n<p><strong>Les assureurs proposant l\u2019option sports extr\u00eames n\u2019ont pas tous la m\u00eame liste de pratiques \u00ab&nbsp;autoris\u00e9es&nbsp;\u00bb<\/strong>. Il faudra bien v\u00e9rifier, \u00e0 la lecture des conditions g\u00e9n\u00e9rales des formules, si le(s) sport(s) que vous comptez pratiquer sont bien pr\u00e9vus au contrat. Dans tous les cas, les compagnies d\u2019assurance exigent que la pratique soit amateure et r\u00e9alis\u00e9e dans un cadre, c\u2019est-\u00e0-dire au sein d\u2019un club ou d\u2019une association. La garantie exclut les pratiques sportives personnelles r\u00e9alis\u00e9es sans accompagnement et pour la plupart des contrats, la pratique professionnelle de sports.<\/p>\n\n\n\n<p>Les sports sont en g\u00e9n\u00e9ral classifi\u00e9s en trois cat\u00e9gories&nbsp;:<\/p>\n\n\n\n<ul class=\"wp-block-list\"><li><strong>Les sports en mer,<\/strong><\/li><li><strong>Les sports a\u00e9riens,<\/strong><\/li><li><strong>Les sports terrestres<\/strong>.<\/li><\/ul>\n\n\n\n<p>D\u2019autres classifications existent&nbsp;: sports de contact (boxe, hockey\u2026), sports d\u2019aventure (ski hors-piste, trails\u2026), sports extr\u00eames (plong\u00e9e sous-marine, sports m\u00e9caniques de vitesse\u2026)\u2026<\/p>\n\n\n\n<p><strong>L\u2019important est surtout de prendre connaissance des cat\u00e9gories de sports pr\u00e9vues par la police d&rsquo;assurance choisie.<\/strong> Il peut s\u2019agir de diff\u00e9rentes formules plus ou moins compl\u00e8tes. Par exemple, la police d\u2019entr\u00e9e de gamme peut vous offrir une couverture \u00ab&nbsp;multi-sports&nbsp;\u00bb s\u2019arr\u00eatant aux sports les plus communs, une autre (n\u00e9cessairement plus ch\u00e8re) \u00ab&nbsp;sports extr\u00eames&nbsp;\u00bb\u2026 Dans tous les cas, le(s) pratique(s) auxquelles vous vous adonnerez devront n\u00e9cessairement \u00eatre stipul\u00e9es dans votre&nbsp;contrat d\u2019assurance loisirs.<\/p>\n\n\n\n<div style=\"height:100px\" aria-hidden=\"true\" class=\"wp-block-spacer\"><\/div>\n","protected":false},"excerpt":{"rendered":"<p>Quelles sont les meilleures assurances sportives ? Que vous pratiquiez un sport seul ou en groupe, il est parfois utile ou obligatoire de souscrire une assurance sportive. Plusieurs possibilit\u00e9s s\u2019offrent \u00e0 vous pour s\u2019assurer contre les risques du sport : assurance classique ou sp\u00e9cialis\u00e9e, assurance du club ou de la f\u00e9d\u00e9ration, etc. Le point sur\u2026<\/p>\n","protected":false},"author":86,"featured_media":205741,"parent":80395,"menu_order":0,"comment_status":"open","ping_status":"closed","template":"pages\/page-comparator.php","meta":{"_acf_changed":false,"footnotes":""},"categories":[],"page_topic":[555],"class_list":["post-77625","page","type-page","status-publish","has-post-thumbnail","hentry"],"yoast_head":"<!-- This site is optimized with the Yoast SEO plugin v24.7 - https:\/\/yoast.com\/wordpress\/plugins\/seo\/ -->\n<title>Quelle assurance pour une pratique sportive ? Comparatif &amp; devis<\/title>\n<meta name=\"description\" content=\"Comparatif des meilleures assurances pour une pratique sportive. Garanties, indemnisation et prix. Pratiquez votre sport favori sereinement !\" \/>\n<meta name=\"robots\" content=\"index, follow, max-snippet:-1, max-image-preview:large, max-video-preview:-1\" \/>\n<link rel=\"canonical\" href=\"https:\/\/europe-west9-prod-reassurez-moi-guide-790248034801.europe-west9.run.app\/guide\/assurance-loisirs\/sport\" \/>\n<meta property=\"og:locale\" content=\"fr_FR\" \/>\n<meta property=\"og:type\" content=\"article\" \/>\n<meta property=\"og:title\" content=\"Quelle assurance pour une pratique sportive ? Comparatif &amp; devis\" \/>\n<meta property=\"og:description\" content=\"Comparatif des meilleures assurances pour une pratique sportive. Garanties, indemnisation et prix. Pratiquez votre sport favori sereinement !\" \/>\n<meta property=\"og:url\" content=\"https:\/\/europe-west9-prod-reassurez-moi-guide-790248034801.europe-west9.run.app\/guide\/assurance-loisirs\/sport\" \/>\n<meta property=\"og:site_name\" content=\"R\u00e9assurez-moi\" \/>\n<meta property=\"article:publisher\" content=\"https:\/\/www.facebook.com\/R%c3%a9assurez-moi-209456495889479\/\" \/>\n<meta property=\"article:modified_time\" content=\"2026-02-02T14:45:26+00:00\" \/>\n<meta property=\"og:image\" content=\"https:\/\/guide.reassurez-moi.fr\/guide\/wp-content\/uploads\/2025\/01\/assurance-sport.jpg\" \/>\n\t<meta property=\"og:image:width\" content=\"600\" \/>\n\t<meta property=\"og:image:height\" content=\"284\" \/>\n\t<meta property=\"og:image:type\" content=\"image\/jpeg\" \/>\n<meta name=\"twitter:card\" content=\"summary_large_image\" \/>\n<meta name=\"twitter:site\" content=\"@reassurezmoi\" \/>\n<meta name=\"twitter:label1\" content=\"Dur\u00e9e de lecture estim\u00e9e\" \/>\n\t<meta name=\"twitter:data1\" content=\"8 minutes\" \/>\n<script type=\"application\/ld+json\" class=\"yoast-schema-graph\">{\"@context\":\"https:\/\/schema.org\",\"@graph\":[{\"@type\":\"WebPage\",\"@id\":\"https:\/\/europe-west9-prod-reassurez-moi-guide-790248034801.europe-west9.run.app\/guide\/assurance-loisirs\/sport\",\"url\":\"https:\/\/europe-west9-prod-reassurez-moi-guide-790248034801.europe-west9.run.app\/guide\/assurance-loisirs\/sport\",\"name\":\"Quelle assurance pour une pratique sportive ? Comparatif & devis\",\"isPartOf\":{\"@id\":\"https:\/\/guide.reassurez-moi.fr\/guide\/#website\"},\"primaryImageOfPage\":{\"@id\":\"https:\/\/europe-west9-prod-reassurez-moi-guide-790248034801.europe-west9.run.app\/guide\/assurance-loisirs\/sport#primaryimage\"},\"image\":{\"@id\":\"https:\/\/europe-west9-prod-reassurez-moi-guide-790248034801.europe-west9.run.app\/guide\/assurance-loisirs\/sport#primaryimage\"},\"thumbnailUrl\":\"https:\/\/guide.reassurez-moi.fr\/guide\/wp-content\/uploads\/2025\/01\/assurance-sport.jpg\",\"datePublished\":\"2019-10-01T15:44:13+00:00\",\"dateModified\":\"2026-02-02T14:45:26+00:00\",\"description\":\"Comparatif des meilleures assurances pour une pratique sportive. Garanties, indemnisation et prix. Pratiquez votre sport favori sereinement !\",\"breadcrumb\":{\"@id\":\"https:\/\/europe-west9-prod-reassurez-moi-guide-790248034801.europe-west9.run.app\/guide\/assurance-loisirs\/sport#breadcrumb\"},\"inLanguage\":\"fr-FR\",\"potentialAction\":[{\"@type\":\"ReadAction\",\"target\":[\"https:\/\/europe-west9-prod-reassurez-moi-guide-790248034801.europe-west9.run.app\/guide\/assurance-loisirs\/sport\"]}]},{\"@type\":\"ImageObject\",\"inLanguage\":\"fr-FR\",\"@id\":\"https:\/\/europe-west9-prod-reassurez-moi-guide-790248034801.europe-west9.run.app\/guide\/assurance-loisirs\/sport#primaryimage\",\"url\":\"https:\/\/guide.reassurez-moi.fr\/guide\/wp-content\/uploads\/2025\/01\/assurance-sport.jpg\",\"contentUrl\":\"https:\/\/guide.reassurez-moi.fr\/guide\/wp-content\/uploads\/2025\/01\/assurance-sport.jpg\",\"width\":600,\"height\":284,\"caption\":\"assurance sport\"},{\"@type\":\"BreadcrumbList\",\"@id\":\"https:\/\/europe-west9-prod-reassurez-moi-guide-790248034801.europe-west9.run.app\/guide\/assurance-loisirs\/sport#breadcrumb\",\"itemListElement\":[{\"@type\":\"ListItem\",\"position\":1,\"name\":\"Assurances\",\"item\":\"https:\/\/guide.reassurez-moi.fr\/guide\/\"},{\"@type\":\"ListItem\",\"position\":2,\"name\":\"Assurance loisirs\",\"item\":\"https:\/\/guide.reassurez-moi.fr\/guide\/assurance-loisirs\"},{\"@type\":\"ListItem\",\"position\":3,\"name\":\"Comparateur assurance sport\"}]},{\"@type\":\"WebSite\",\"@id\":\"https:\/\/guide.reassurez-moi.fr\/guide\/#website\",\"url\":\"https:\/\/guide.reassurez-moi.fr\/guide\/\",\"name\":\"R\u00e9assurez-moi\",\"description\":\"Comparateur d&#039;assurances\",\"potentialAction\":[{\"@type\":\"SearchAction\",\"target\":{\"@type\":\"EntryPoint\",\"urlTemplate\":\"https:\/\/guide.reassurez-moi.fr\/guide\/?s={search_term_string}\"},\"query-input\":{\"@type\":\"PropertyValueSpecification\",\"valueRequired\":true,\"valueName\":\"search_term_string\"}}],\"inLanguage\":\"fr-FR\"}]}<\/script>\n<!-- \/ Yoast SEO plugin. -->","yoast_head_json":{"title":"Quelle assurance pour une pratique sportive ? Comparatif & devis","description":"Comparatif des meilleures assurances pour une pratique sportive. Garanties, indemnisation et prix. Pratiquez votre sport favori sereinement !","robots":{"index":"index","follow":"follow","max-snippet":"max-snippet:-1","max-image-preview":"max-image-preview:large","max-video-preview":"max-video-preview:-1"},"canonical":"https:\/\/europe-west9-prod-reassurez-moi-guide-790248034801.europe-west9.run.app\/guide\/assurance-loisirs\/sport","og_locale":"fr_FR","og_type":"article","og_title":"Quelle assurance pour une pratique sportive ? Comparatif & devis","og_description":"Comparatif des meilleures assurances pour une pratique sportive. Garanties, indemnisation et prix. Pratiquez votre sport favori sereinement !","og_url":"https:\/\/europe-west9-prod-reassurez-moi-guide-790248034801.europe-west9.run.app\/guide\/assurance-loisirs\/sport","og_site_name":"R\u00e9assurez-moi","article_publisher":"https:\/\/www.facebook.com\/R%c3%a9assurez-moi-209456495889479\/","article_modified_time":"2026-02-02T14:45:26+00:00","og_image":[{"width":600,"height":284,"url":"https:\/\/guide.reassurez-moi.fr\/guide\/wp-content\/uploads\/2025\/01\/assurance-sport.jpg","type":"image\/jpeg"}],"twitter_card":"summary_large_image","twitter_site":"@reassurezmoi","twitter_misc":{"Dur\u00e9e de lecture estim\u00e9e":"8 minutes"},"schema":{"@context":"https:\/\/schema.org","@graph":[{"@type":"WebPage","@id":"https:\/\/europe-west9-prod-reassurez-moi-guide-790248034801.europe-west9.run.app\/guide\/assurance-loisirs\/sport","url":"https:\/\/europe-west9-prod-reassurez-moi-guide-790248034801.europe-west9.run.app\/guide\/assurance-loisirs\/sport","name":"Quelle assurance pour une pratique sportive ? Comparatif & devis","isPartOf":{"@id":"https:\/\/guide.reassurez-moi.fr\/guide\/#website"},"primaryImageOfPage":{"@id":"https:\/\/europe-west9-prod-reassurez-moi-guide-790248034801.europe-west9.run.app\/guide\/assurance-loisirs\/sport#primaryimage"},"image":{"@id":"https:\/\/europe-west9-prod-reassurez-moi-guide-790248034801.europe-west9.run.app\/guide\/assurance-loisirs\/sport#primaryimage"},"thumbnailUrl":"https:\/\/guide.reassurez-moi.fr\/guide\/wp-content\/uploads\/2025\/01\/assurance-sport.jpg","datePublished":"2019-10-01T15:44:13+00:00","dateModified":"2026-02-02T14:45:26+00:00","description":"Comparatif des meilleures assurances pour une pratique sportive. Garanties, indemnisation et prix. Pratiquez votre sport favori sereinement !","breadcrumb":{"@id":"https:\/\/europe-west9-prod-reassurez-moi-guide-790248034801.europe-west9.run.app\/guide\/assurance-loisirs\/sport#breadcrumb"},"inLanguage":"fr-FR","potentialAction":[{"@type":"ReadAction","target":["https:\/\/europe-west9-prod-reassurez-moi-guide-790248034801.europe-west9.run.app\/guide\/assurance-loisirs\/sport"]}]},{"@type":"ImageObject","inLanguage":"fr-FR","@id":"https:\/\/europe-west9-prod-reassurez-moi-guide-790248034801.europe-west9.run.app\/guide\/assurance-loisirs\/sport#primaryimage","url":"https:\/\/guide.reassurez-moi.fr\/guide\/wp-content\/uploads\/2025\/01\/assurance-sport.jpg","contentUrl":"https:\/\/guide.reassurez-moi.fr\/guide\/wp-content\/uploads\/2025\/01\/assurance-sport.jpg","width":600,"height":284,"caption":"assurance sport"},{"@type":"BreadcrumbList","@id":"https:\/\/europe-west9-prod-reassurez-moi-guide-790248034801.europe-west9.run.app\/guide\/assurance-loisirs\/sport#breadcrumb","itemListElement":[{"@type":"ListItem","position":1,"name":"Assurances","item":"https:\/\/guide.reassurez-moi.fr\/guide\/"},{"@type":"ListItem","position":2,"name":"Assurance loisirs","item":"https:\/\/guide.reassurez-moi.fr\/guide\/assurance-loisirs"},{"@type":"ListItem","position":3,"name":"Comparateur assurance sport"}]},{"@type":"WebSite","@id":"https:\/\/guide.reassurez-moi.fr\/guide\/#website","url":"https:\/\/guide.reassurez-moi.fr\/guide\/","name":"R\u00e9assurez-moi","description":"Comparateur d&#039;assurances","potentialAction":[{"@type":"SearchAction","target":{"@type":"EntryPoint","urlTemplate":"https:\/\/guide.reassurez-moi.fr\/guide\/?s={search_term_string}"},"query-input":{"@type":"PropertyValueSpecification","valueRequired":true,"valueName":"search_term_string"}}],"inLanguage":"fr-FR"}]}},"acf":[],"_links":{"self":[{"href":"https:\/\/guide.reassurez-moi.fr\/guide\/wp-json\/wp\/v2\/pages\/77625","targetHints":{"allow":["GET"]}}],"collection":[{"href":"https:\/\/guide.reassurez-moi.fr\/guide\/wp-json\/wp\/v2\/pages"}],"about":[{"href":"https:\/\/guide.reassurez-moi.fr\/guide\/wp-json\/wp\/v2\/types\/page"}],"author":[{"embeddable":true,"href":"https:\/\/guide.reassurez-moi.fr\/guide\/wp-json\/wp\/v2\/users\/86"}],"replies":[{"embeddable":true,"href":"https:\/\/guide.reassurez-moi.fr\/guide\/wp-json\/wp\/v2\/comments?post=77625"}],"version-history":[{"count":1,"href":"https:\/\/guide.reassurez-moi.fr\/guide\/wp-json\/wp\/v2\/pages\/77625\/revisions"}],"predecessor-version":[{"id":205815,"href":"https:\/\/guide.reassurez-moi.fr\/guide\/wp-json\/wp\/v2\/pages\/77625\/revisions\/205815"}],"up":[{"embeddable":true,"href":"https:\/\/guide.reassurez-moi.fr\/guide\/wp-json\/wp\/v2\/pages\/80395"}],"wp:featuredmedia":[{"embeddable":true,"href":"https:\/\/guide.reassurez-moi.fr\/guide\/wp-json\/wp\/v2\/media\/205741"}],"wp:attachment":[{"href":"https:\/\/guide.reassurez-moi.fr\/guide\/wp-json\/wp\/v2\/media?parent=77625"}],"wp:term":[{"taxonomy":"category","embeddable":true,"href":"https:\/\/guide.reassurez-moi.fr\/guide\/wp-json\/wp\/v2\/categories?post=77625"},{"taxonomy":"page_topic","embeddable":true,"href":"https:\/\/guide.reassurez-moi.fr\/guide\/wp-json\/wp\/v2\/page_topic?post=77625"}],"curies":[{"name":"wp","href":"https:\/\/api.w.org\/{rel}","templated":true}]}}