{"id":99822,"date":"2020-01-03T18:58:34","date_gmt":"2020-01-03T17:58:34","guid":{"rendered":"https:\/\/reassurez-moi.fr\/guide\/?page_id=99822"},"modified":"2026-02-02T16:07:51","modified_gmt":"2026-02-02T15:07:51","slug":"plafond-lep","status":"publish","type":"page","link":"https:\/\/guide.reassurez-moi.fr\/guide\/epargne\/plafond-lep","title":{"rendered":"\u00c9pargne &#8211; Plafond LEP"},"content":{"rendered":"\n<h1 class=\"wp-block-heading\" id=\"quel-est-le-plafond-du-livret-epargne-populaire\">Quel est le plafond du Livret \u00c9pargne Populaire ?&nbsp;<\/h1>\n\n\n\n<p><strong>Le livret d\u2019\u00e9pargne populaire, ou LEP, est un livret r\u00e8glement\u00e9 destin\u00e9 aux m\u00e9nages aux revenus limit\u00e9s. Il n\u2019est donc possible d\u2019en ouvrir un que sous certaines conditions. Si votre situation actuelle vous \u00ab&nbsp;autorise&nbsp;\u00bb \u00e0 souscrire \u00e0 un tel contrat, il sera dans votre int\u00e9r\u00eat de conna\u00eetre le plafond de versement maximum ainsi que le taux de rendement qui vous sera servi. Faisons ensemble le point sur ces questions.&nbsp;<\/strong><\/p>\n\n\n\n<h2 class=\"wp-block-heading\" id=\"lep-quel-plafond-en-currentyear\">Quel est le plafond du LEP (Livret d&rsquo;\u00c9pargne Populaire) ?<\/h2>\n\n\n\n<p><strong>Le montant maximum<\/strong> que l\u2019on peut verser sur un LEP est de 10 000 euros. Le fait que le livret LEP soit soumis \u00e0 un plafond s\u2019explique par le fait que les int\u00e9r\u00eats qu\u2019il produit ne sont pas fiscalis\u00e9s. Le plafond r\u00e9glementaire du LEP est donc une sorte de contrepartie \/ limite \u00e0 cet avantage.&nbsp;<\/p>\n\n\n\n<p><strong>Ce plafond peut \u00eatre atteint<\/strong> en une ou plusieurs fois. Vous pouvez tout \u00e0 fait effectuer un versement unique de 10 000 euros ou vous constituer cette somme au fur et \u00e0 mesure de vos capacit\u00e9s d\u2019\u00e9pargne.&nbsp;<\/p>\n\n\n\n<p><strong>Ce qu\u2019il faut bien comprendre<\/strong>, c\u2019est que cette limite de 10 000 euros ne concerne que les versements. Il est possible qu\u2019avec le cumul des int\u00e9r\u00eats, le solde d\u00e9passe ce niveau. En effet, les int\u00e9r\u00eats sont \u00ab&nbsp;capitalis\u00e9s&nbsp;\u00bb chaque ann\u00e9e et rejoignent le capital.&nbsp;<\/p>\n\n\n\n<p><strong>Ce plafond global peut \u00eatre amen\u00e9 \u00e0 \u00e9voluer \u00e0 l\u2019avenir<\/strong>. <\/p>\n\n\n\n<blockquote class=\"wp-block-quote is-layout-flow wp-block-quote-is-layout-flow\">\n<p>Le Livret d\u2019\u00e9pargne populaire est une sorte de produit d\u2019\u00e9pargne \u00ab\u00a0refuge\u00a0\u00bb, du fait de sa souplesse et de son rendement garanti. Cependant, du fait de son aspect s\u00e9curitaire, les rendements ne sont pas des plus attractifs. Si vous cherchez un placement plus int\u00e9ressant, utilisez notre comparateur de livrets d&rsquo;\u00e9pargne. Nous avons s\u00e9lectionn\u00e9 les meilleures offres du march\u00e9, peut-\u00eatre trouverez vous un livret plus adapt\u00e9 \u00e0 vos besoins !<\/p>\n<\/blockquote>\n\n\n\n<div style=\"height:20px\" aria-hidden=\"true\" class=\"wp-block-spacer\"><\/div>\n\n\n\n<div class=\"flex  wp-block-rm-advertizing-block fix-in-sidebar\"><div class=\"image-container flex justify-center align-items-center py-3\"><img decoding=\"async\" src=\"https:\/\/guide.reassurez-moi.fr\/guide\/wp-content\/uploads\/2025\/06\/team_opti_short.png\" alt=\"reassurez-moi illustration\" class=\"wp-block-rm-advertizing-image\" loading=\"lazy\"\/><\/div><div class=\"\n                    rm-advertblock-container\n                    flex flex-column justify-center\n                    align-items-start\n                \"><p class=\"wp-block-rm-advertizing-text\n                              \n                            \">Livret d&rsquo;\u00e9pargne : les meilleurs placements 2026<\/p><a href=\"https:\/\/reassurez-moi.fr\/guide\/epargne\" class=\"wp-block-rm-advertizing-button\"><span class=\"wp-block-rm-advertizing-button-text\">Je fais fructifier mon argent<\/span><\/a><\/div><\/div>\n\n\n\n<h2 class=\"wp-block-heading\" id=\"quel-montant-minimum-sur-un-lep\">Quel montant minimum sur un LEP ?&nbsp;<\/h2>\n\n\n\n<p><strong>Y a-t-il un montant minimum \u00e0 placer<\/strong> sur un livret d\u2019\u00e9pargne populaire ? Si oui, quel est le seuil de d\u00e9p\u00f4t sur un LEP ?&nbsp;<\/p>\n\n\n\n<p><strong>\u00c0 ce niveau, les choses sont tr\u00e8s simples<\/strong> : la seule \u00ab&nbsp;contrainte&nbsp;\u00bb est, \u00e0 l\u2019ouverture, de faire un virement minimum de 30 euros.&nbsp;<\/p>\n\n\n\n<p><strong>Il s\u2019agit l\u00e0 du seul \u00ab&nbsp;seuil&nbsp;\u00bb<\/strong>. Au del\u00e0 de cela, l\u2019unique obligation pour le d\u00e9tenteur du livret sera de maintenir un solde positif en tout temps. L\u2019\u00c9tat n\u2019a donc pas fix\u00e9 de plancher particulier.<\/p>\n\n\n\n<div class=\"wp-block-mars-information icon-info undefined\"><i class=\"icon\"><\/i><p>\u00c0 l\u2019inverse, d\u2019autres produits d\u2019\u00e9pargne r\u00e9glement\u00e9s comme le <a href=\"https:\/\/reassurez-moi.fr\/guide\/epargne\/cel\">Compte \u00e9pargne logement <\/a>(CEL) sont soumis \u00e0 un plancher en de\u00e7\u00e0 duquel le solde ne devra pas descendre.<\/p><\/div>\n\n\n\n<p><strong>Dans le cas du livret d\u2019\u00e9pargne populaire<\/strong>, un solde n\u00e9gatif entra\u00eenera sa cl\u00f4ture par la banque. Si le livret ne passe jamais en dessous de 0, il n\u2019y aura en revanche pas de dur\u00e9e de d\u00e9tention particuli\u00e8re : le produit ne sera pas limit\u00e9 dans le temps.&nbsp;<\/p>\n\n\n\n<p><strong>Attention toutefois<\/strong>, une autre condition sera n\u00e9cessaire pour que le livret d\u2019\u00e9pargne populaire puisse \u00eatre conserv\u00e9 : que le revenu fiscal de r\u00e9f\u00e9rence pris en compte pour le LEP ne d\u00e9passe pas les plafonds r\u00e9glementaires.&nbsp;<\/p>\n\n\n\n<h2 class=\"wp-block-heading\" id=\"quels-versements-sur-un-livret-d-epargne-populaire\">Quels versements sur un Livret d\u2019\u00e9pargne populaire ?&nbsp;<\/h2>\n\n\n\n<p><strong>Hormis le versement initial de 30 euros<\/strong> \u00e0 l\u2019ouverture d\u2019un LEP, les versements et retraits sont libres. Le d\u00e9tenteur pourra donc alimenter le compte ou faire un pr\u00e9l\u00e8vement comme bon lui semble, du montant de son choix.&nbsp;<\/p>\n\n\n\n<blockquote class=\"wp-block-quote is-layout-flow wp-block-quote-is-layout-flow\">\n<p>Le contribuable titulaire d\u2019un livret d\u2019\u00e9pargne populaire pourra donc, par exemple, effectuer un versement important en cas de rentr\u00e9e ponctuelle d\u2019argent, ou alimenter le livret plus progressivement lorsque sa capacit\u00e9 d\u2019\u00e9pargne le lui permet.\u00a0<\/p>\n<\/blockquote>\n\n\n\n<p><strong>Les versements peuvent \u00eatre<\/strong> :&nbsp;<\/p>\n\n\n\n<ul class=\"wp-block-list\">\n<li>Libres, c\u2019est-\u00e0-dire ponctuels et sans calendrier particulier,\u00a0<\/li>\n\n\n\n<li>Programm\u00e9s : le d\u00e9tenteur peut par exemple d\u00e9cider qu\u2019une somme fixe sera vir\u00e9e sur son LEP \u00e0 la fin de chaque mois depuis son compte courant.\u00a0<\/li>\n<\/ul>\n\n\n\n<div class=\"wp-block-mars-information icon-check without-background undefined\"><i class=\"icon\"><\/i><p>Le plus important \u00e0 retenir est surtout le fait que le solde du livret doit rester sup\u00e9rieur \u00e0 0.<\/p><\/div>\n\n\n\n<p><strong>M\u00eame s\u2019il pr\u00e9sente des avantages<\/strong> (son taux de rendement par rapport aux autres livrets d\u2019\u00e9pargne notamment), il n\u2019est pas forc\u00e9ment judicieux de \u00ab&nbsp;saturer&nbsp;\u00bb son livret d\u2019\u00e9pargne populaire. Mieux vaut, si vous disposez d\u2019\u00e9pargne, penser \u00e0 en placer une partie, par exemple, en assurance vie, afin de chercher un peu de rentabilit\u00e9 sans risque en capital (en investissant sur le fonds en euros).&nbsp;<\/p>\n\n\n\n<h2 class=\"wp-block-heading\" id=\"quel-est-le-taux-d-interet-du-lep\">Quel est le taux d\u2019int\u00e9r\u00eat du LEP ?&nbsp;<\/h2>\n\n\n\n<p><strong>Comment est calcul\u00e9 le rendement du livret d\u2019\u00e9pargne populaire ?<\/strong> En une ann\u00e9e, combien rapporte un LEP ?&nbsp;<\/p>\n\n\n\n<p><strong>Le taux d\u2019int\u00e9r\u00eat du LEP<\/strong> est, depuis le 1er ao\u00fbt 2025 de 2,7 % net. Celui-ci est sup\u00e9rieur \u00e0 ceux du livret A ou du livret de d\u00e9veloppement durable, ce qui fait du livret d\u2019\u00e9pargne populaire un placement int\u00e9ressant \u00e0 ce niveau.<\/p>\n\n\n\n<p><strong>En r\u00e9alit\u00e9, le LEP a un taux index\u00e9<\/strong> sur celui du <a href=\"https:\/\/reassurez-moi.fr\/guide\/epargne\/livret-a\">livret A<\/a>. Il correspond \u00e0 celui du livret A + un demi point.&nbsp;<\/p>\n\n\n\n<p><strong>Ce niveau de rendement est d\u00e9termin\u00e9 et garanti par l\u2019\u00c9tat<\/strong>. Il n\u2019est donc pas fix\u00e9 par les banques. Inutile de rechercher un \u00e9tablissement bancaire servant une autre r\u00e9mun\u00e9ration : elle sera la m\u00eame partout.&nbsp;<\/p>\n\n\n\n<p><strong>La fiscalit\u00e9 du livret d\u2019\u00e9pargne populaire<\/strong> est aussi particuli\u00e8re : les int\u00e9r\u00eats d\u2019un LEP ne sont pas \u00e0 reporter sur votre avis d\u2019imposition. Ils sont exon\u00e9r\u00e9s d\u2019imp\u00f4t sur le revenu et de pr\u00e9l\u00e8vements sociaux, ce qui est un avantage certain.&nbsp;<\/p>\n\n\n\n<h2 class=\"wp-block-heading\" id=\"comment-se-calcule-la-remuneration-du-lep\">Comment se calcule la r\u00e9mun\u00e9ration du LEP ?&nbsp;<\/h2>\n\n\n\n<p><strong>Ce n\u2019est pas tout de conna\u00eetre le taux de rendement du livret<\/strong>, encore faut-il savoir comment se calculent les int\u00e9r\u00eats du LEP.&nbsp;<\/p>\n\n\n\n<p><strong>Nous l\u2019avons dit<\/strong>, la r\u00e9mun\u00e9ration servie est de 4 %. Ce taux d\u2019int\u00e9r\u00eat sera calcul\u00e9 en fonction des sommes d\u00e9pos\u00e9es sur le livret. Les int\u00e9r\u00eats eux-m\u00eames seront, concr\u00e8tement, d\u00e9termin\u00e9s les 1er et 16 de chaque mois.&nbsp;<\/p>\n\n\n\n<p><strong>Sera prise en compte, pour chaque op\u00e9ration<\/strong> (versement ou retrait) une \u00ab&nbsp;date de valeur&nbsp;\u00bb. C\u2019est sur cette base que seront calcul\u00e9s les int\u00e9r\u00eats.&nbsp;<\/p>\n\n\n\n<figure class=\"wp-block-table is-style-header-double\"><table><thead><tr><th><\/th><th class=\"has-text-align-center\" data-align=\"center\">Jusqu&rsquo;au 15 du mois<\/th><th class=\"has-text-align-center\" data-align=\"center\">D\u00e8s le 16 du mois<\/th><\/tr><\/thead><tbody><tr><td>D\u00e9p\u00f4t<\/td><td class=\"has-text-align-center\" data-align=\"center\">Le 16<\/td><td class=\"has-text-align-center\" data-align=\"center\">1er jour du mois suivant<\/td><\/tr><tr><td>Retrait<\/td><td class=\"has-text-align-center\" data-align=\"center\">Dernier jour du mois pr\u00e9c\u00e9dent<\/td><td class=\"has-text-align-center\" data-align=\"center\">Le 15<\/td><\/tr><\/tbody><\/table><\/figure>\n\n\n\n<p><strong>On retient des \u00ab&nbsp;quinzaines compl\u00e8tes&nbsp;\u00bb<\/strong>. Vous ne toucherez donc pas d\u2019int\u00e9r\u00eats si vous effectuez un d\u00e9p\u00f4t d\u2019une somme que vous retirez 3 jours plus tard. &nbsp;<\/p>\n\n\n\n<p><strong>\u00c0 la fin de chaque ann\u00e9e<\/strong> (au 31 d\u00e9cembre), les int\u00e9r\u00eats du livret d\u2019\u00e9pargne populaire seront \u00ab&nbsp;capitalis\u00e9s&nbsp;\u00bb, c\u2019est-\u00e0-dire qu\u2019ils seront transform\u00e9s en capital. L\u2019ann\u00e9e suivante, ils produiront donc, \u00e0 leur tour, des int\u00e9r\u00eats.&nbsp;<\/p>\n\n\n\n<h2 class=\"wp-block-heading\" id=\"dans-quels-cas-le-plafond-du-lep-peut-il-etre-depasse\">Dans quels cas le plafond du LEP peut-il \u00eatre d\u00e9pass\u00e9 ?&nbsp;<\/h2>\n\n\n\n<p><strong>Le montant limite qu\u2019il est possible de d\u00e9tenir<\/strong> sur un LEP est de 10 000 euros, comme nous l\u2019avons vu plus haut.&nbsp;<\/p>\n\n\n\n<p><strong>Ce plafond ne concerne toutefois que les versements<\/strong>. Concr\u00e8tement, du fait de la r\u00e9mun\u00e9ration du livret, les int\u00e9r\u00eats capitalis\u00e9s et le capital cumul\u00e9s pourront d\u00e9passer 10 000 euros.&nbsp;<\/p>\n\n\n\n<p><strong>Cela est \u00e9galement vrai<\/strong> pour d\u2019autres livrets d\u2019\u00e9pargne, ou encore pour le compte \u00e9pargne logement. Si, par exemple, le d\u00e9tenteur a fait un versement \u00e9gal au plafond pos\u00e9 par l\u2019\u00c9tat mais qu\u2019avec les int\u00e9r\u00eats, le solde d\u00e9passe celui-ci, le livret ne sera pas cl\u00f4tur\u00e9 pour autant. Les versements futurs seront toutefois impossibles.&nbsp;<\/p>\n","protected":false},"excerpt":{"rendered":"<p>Quel est le plafond du Livret \u00c9pargne Populaire ?&nbsp; Le livret d\u2019\u00e9pargne populaire, ou LEP, est un livret r\u00e8glement\u00e9 destin\u00e9 aux m\u00e9nages aux revenus limit\u00e9s. Il n\u2019est donc possible d\u2019en ouvrir un que sous certaines conditions. Si votre situation actuelle vous \u00ab&nbsp;autorise&nbsp;\u00bb \u00e0 souscrire \u00e0 un tel contrat, il sera dans votre int\u00e9r\u00eat de conna\u00eetre\u2026<\/p>\n","protected":false},"author":86,"featured_media":0,"parent":109119,"menu_order":0,"comment_status":"open","ping_status":"closed","template":"","meta":{"_acf_changed":false,"footnotes":""},"categories":[],"page_topic":[612],"class_list":["post-99822","page","type-page","status-publish","hentry"],"yoast_head":"<!-- This site is optimized with the Yoast SEO plugin v24.7 - https:\/\/yoast.com\/wordpress\/plugins\/seo\/ -->\n<title>Quel est le taux et le plafond du Livret d&#039;\u00c9pargne Populaire ?<\/title>\n<meta name=\"description\" content=\"Quelle est la r\u00e9mun\u00e9ration du LEP ? D\u00e9tails et plafond de ce produit. Trouvez la meilleure solution d&#039;\u00e9pargne gr\u00e2ce \u00e0 nos experts !\" \/>\n<meta name=\"robots\" content=\"index, follow, max-snippet:-1, max-image-preview:large, max-video-preview:-1\" \/>\n<link rel=\"canonical\" href=\"https:\/\/guide.reassurez-moi.fr\/guide\/epargne\/plafond-lep\" \/>\n<meta property=\"og:locale\" content=\"fr_FR\" \/>\n<meta property=\"og:type\" content=\"article\" \/>\n<meta property=\"og:title\" content=\"Quel est le taux et le plafond du Livret d&#039;\u00c9pargne Populaire ?\" \/>\n<meta property=\"og:description\" content=\"Quelle est la r\u00e9mun\u00e9ration du LEP ? D\u00e9tails et plafond de ce produit. Trouvez la meilleure solution d&#039;\u00e9pargne gr\u00e2ce \u00e0 nos experts !\" \/>\n<meta property=\"og:url\" content=\"https:\/\/guide.reassurez-moi.fr\/guide\/epargne\/plafond-lep\" \/>\n<meta property=\"og:site_name\" content=\"R\u00e9assurez-moi\" \/>\n<meta property=\"article:publisher\" content=\"https:\/\/www.facebook.com\/R%c3%a9assurez-moi-209456495889479\/\" \/>\n<meta property=\"article:modified_time\" content=\"2026-02-02T15:07:51+00:00\" \/>\n<meta property=\"og:image\" content=\"https:\/\/guide.reassurez-moi.fr\/guide\/wp-content\/uploads\/2018\/04\/image-de-partage.png\" \/>\n\t<meta property=\"og:image:width\" content=\"500\" \/>\n\t<meta property=\"og:image:height\" content=\"160\" \/>\n\t<meta property=\"og:image:type\" content=\"image\/png\" \/>\n<meta name=\"twitter:card\" content=\"summary_large_image\" \/>\n<meta name=\"twitter:site\" content=\"@reassurezmoi\" \/>\n<meta name=\"twitter:label1\" content=\"Dur\u00e9e de lecture estim\u00e9e\" \/>\n\t<meta name=\"twitter:data1\" content=\"6 minutes\" \/>\n<script type=\"application\/ld+json\" class=\"yoast-schema-graph\">{\"@context\":\"https:\/\/schema.org\",\"@graph\":[{\"@type\":\"WebPage\",\"@id\":\"https:\/\/guide.reassurez-moi.fr\/guide\/epargne\/plafond-lep\",\"url\":\"https:\/\/guide.reassurez-moi.fr\/guide\/epargne\/plafond-lep\",\"name\":\"Quel est le taux et le plafond du Livret d'\u00c9pargne Populaire ?\",\"isPartOf\":{\"@id\":\"https:\/\/guide.reassurez-moi.fr\/guide\/#website\"},\"datePublished\":\"2020-01-03T17:58:34+00:00\",\"dateModified\":\"2026-02-02T15:07:51+00:00\",\"description\":\"Quelle est la r\u00e9mun\u00e9ration du LEP ? D\u00e9tails et plafond de ce produit. Trouvez la meilleure solution d'\u00e9pargne gr\u00e2ce \u00e0 nos experts !\",\"breadcrumb\":{\"@id\":\"https:\/\/guide.reassurez-moi.fr\/guide\/epargne\/plafond-lep#breadcrumb\"},\"inLanguage\":\"fr-FR\",\"potentialAction\":[{\"@type\":\"ReadAction\",\"target\":[\"https:\/\/guide.reassurez-moi.fr\/guide\/epargne\/plafond-lep\"]}]},{\"@type\":\"BreadcrumbList\",\"@id\":\"https:\/\/guide.reassurez-moi.fr\/guide\/epargne\/plafond-lep#breadcrumb\",\"itemListElement\":[{\"@type\":\"ListItem\",\"position\":1,\"name\":\"Assurances\",\"item\":\"https:\/\/guide.reassurez-moi.fr\/guide\/\"},{\"@type\":\"ListItem\",\"position\":2,\"name\":\"Guide de l'\u00e9pargne\",\"item\":\"https:\/\/guide.reassurez-moi.fr\/guide\/epargne\"},{\"@type\":\"ListItem\",\"position\":3,\"name\":\"Plafond du LEP\"}]},{\"@type\":\"WebSite\",\"@id\":\"https:\/\/guide.reassurez-moi.fr\/guide\/#website\",\"url\":\"https:\/\/guide.reassurez-moi.fr\/guide\/\",\"name\":\"R\u00e9assurez-moi\",\"description\":\"Comparateur d&#039;assurances\",\"potentialAction\":[{\"@type\":\"SearchAction\",\"target\":{\"@type\":\"EntryPoint\",\"urlTemplate\":\"https:\/\/guide.reassurez-moi.fr\/guide\/?s={search_term_string}\"},\"query-input\":{\"@type\":\"PropertyValueSpecification\",\"valueRequired\":true,\"valueName\":\"search_term_string\"}}],\"inLanguage\":\"fr-FR\"}]}<\/script>\n<!-- \/ Yoast SEO plugin. -->","yoast_head_json":{"title":"Quel est le taux et le plafond du Livret d'\u00c9pargne Populaire ?","description":"Quelle est la r\u00e9mun\u00e9ration du LEP ? D\u00e9tails et plafond de ce produit. Trouvez la meilleure solution d'\u00e9pargne gr\u00e2ce \u00e0 nos experts !","robots":{"index":"index","follow":"follow","max-snippet":"max-snippet:-1","max-image-preview":"max-image-preview:large","max-video-preview":"max-video-preview:-1"},"canonical":"https:\/\/guide.reassurez-moi.fr\/guide\/epargne\/plafond-lep","og_locale":"fr_FR","og_type":"article","og_title":"Quel est le taux et le plafond du Livret d'\u00c9pargne Populaire ?","og_description":"Quelle est la r\u00e9mun\u00e9ration du LEP ? D\u00e9tails et plafond de ce produit. Trouvez la meilleure solution d'\u00e9pargne gr\u00e2ce \u00e0 nos experts !","og_url":"https:\/\/guide.reassurez-moi.fr\/guide\/epargne\/plafond-lep","og_site_name":"R\u00e9assurez-moi","article_publisher":"https:\/\/www.facebook.com\/R%c3%a9assurez-moi-209456495889479\/","article_modified_time":"2026-02-02T15:07:51+00:00","og_image":[{"width":500,"height":160,"url":"https:\/\/guide.reassurez-moi.fr\/guide\/wp-content\/uploads\/2018\/04\/image-de-partage.png","type":"image\/png"}],"twitter_card":"summary_large_image","twitter_site":"@reassurezmoi","twitter_misc":{"Dur\u00e9e de lecture estim\u00e9e":"6 minutes"},"schema":{"@context":"https:\/\/schema.org","@graph":[{"@type":"WebPage","@id":"https:\/\/guide.reassurez-moi.fr\/guide\/epargne\/plafond-lep","url":"https:\/\/guide.reassurez-moi.fr\/guide\/epargne\/plafond-lep","name":"Quel est le taux et le plafond du Livret d'\u00c9pargne Populaire ?","isPartOf":{"@id":"https:\/\/guide.reassurez-moi.fr\/guide\/#website"},"datePublished":"2020-01-03T17:58:34+00:00","dateModified":"2026-02-02T15:07:51+00:00","description":"Quelle est la r\u00e9mun\u00e9ration du LEP ? D\u00e9tails et plafond de ce produit. Trouvez la meilleure solution d'\u00e9pargne gr\u00e2ce \u00e0 nos experts !","breadcrumb":{"@id":"https:\/\/guide.reassurez-moi.fr\/guide\/epargne\/plafond-lep#breadcrumb"},"inLanguage":"fr-FR","potentialAction":[{"@type":"ReadAction","target":["https:\/\/guide.reassurez-moi.fr\/guide\/epargne\/plafond-lep"]}]},{"@type":"BreadcrumbList","@id":"https:\/\/guide.reassurez-moi.fr\/guide\/epargne\/plafond-lep#breadcrumb","itemListElement":[{"@type":"ListItem","position":1,"name":"Assurances","item":"https:\/\/guide.reassurez-moi.fr\/guide\/"},{"@type":"ListItem","position":2,"name":"Guide de l'\u00e9pargne","item":"https:\/\/guide.reassurez-moi.fr\/guide\/epargne"},{"@type":"ListItem","position":3,"name":"Plafond du LEP"}]},{"@type":"WebSite","@id":"https:\/\/guide.reassurez-moi.fr\/guide\/#website","url":"https:\/\/guide.reassurez-moi.fr\/guide\/","name":"R\u00e9assurez-moi","description":"Comparateur d&#039;assurances","potentialAction":[{"@type":"SearchAction","target":{"@type":"EntryPoint","urlTemplate":"https:\/\/guide.reassurez-moi.fr\/guide\/?s={search_term_string}"},"query-input":{"@type":"PropertyValueSpecification","valueRequired":true,"valueName":"search_term_string"}}],"inLanguage":"fr-FR"}]}},"acf":[],"_links":{"self":[{"href":"https:\/\/guide.reassurez-moi.fr\/guide\/wp-json\/wp\/v2\/pages\/99822","targetHints":{"allow":["GET"]}}],"collection":[{"href":"https:\/\/guide.reassurez-moi.fr\/guide\/wp-json\/wp\/v2\/pages"}],"about":[{"href":"https:\/\/guide.reassurez-moi.fr\/guide\/wp-json\/wp\/v2\/types\/page"}],"author":[{"embeddable":true,"href":"https:\/\/guide.reassurez-moi.fr\/guide\/wp-json\/wp\/v2\/users\/86"}],"replies":[{"embeddable":true,"href":"https:\/\/guide.reassurez-moi.fr\/guide\/wp-json\/wp\/v2\/comments?post=99822"}],"version-history":[{"count":3,"href":"https:\/\/guide.reassurez-moi.fr\/guide\/wp-json\/wp\/v2\/pages\/99822\/revisions"}],"predecessor-version":[{"id":210958,"href":"https:\/\/guide.reassurez-moi.fr\/guide\/wp-json\/wp\/v2\/pages\/99822\/revisions\/210958"}],"up":[{"embeddable":true,"href":"https:\/\/guide.reassurez-moi.fr\/guide\/wp-json\/wp\/v2\/pages\/109119"}],"wp:attachment":[{"href":"https:\/\/guide.reassurez-moi.fr\/guide\/wp-json\/wp\/v2\/media?parent=99822"}],"wp:term":[{"taxonomy":"category","embeddable":true,"href":"https:\/\/guide.reassurez-moi.fr\/guide\/wp-json\/wp\/v2\/categories?post=99822"},{"taxonomy":"page_topic","embeddable":true,"href":"https:\/\/guide.reassurez-moi.fr\/guide\/wp-json\/wp\/v2\/page_topic?post=99822"}],"curies":[{"name":"wp","href":"https:\/\/api.w.org\/{rel}","templated":true}]}}